{"id":118127,"date":"2024-08-07T13:21:10","date_gmt":"2024-08-07T11:21:10","guid":{"rendered":"https:\/\/woo.audacieuse-galerie.ch\/modedesigner-kunsthandwerker\/"},"modified":"2026-04-16T12:43:10","modified_gmt":"2026-04-16T10:43:10","slug":"modedesigner-kunsthandwerker","status":"publish","type":"page","link":"https:\/\/www.audacieuse-galerie.ch\/de\/modedesigner-kunsthandwerker\/","title":{"rendered":"Modedesigner \u2013 Kunsthandwerker"},"content":{"rendered":"\t\t<div data-elementor-type=\"wp-page\" data-elementor-id=\"118127\" class=\"elementor elementor-118127 elementor-118116\">\n\t\t\t\t<div class=\"elementor-element elementor-element-f73445f e-con-full thegem-e-con-layout-thegem e-flex e-con e-parent\" data-id=\"f73445f\" data-element_type=\"container\" data-e-type=\"container\" data-settings=\"{&quot;animation&quot;:&quot;none&quot;,&quot;thegem_container_layout&quot;:&quot;thegem&quot;}\">\r\n\t\t\t\t<div class=\"elementor-element elementor-element-f6e0be9 flex-horizontal-align-default flex-horizontal-align-tablet-default flex-horizontal-align-mobile-default flex-vertical-align-default flex-vertical-align-tablet-default flex-vertical-align-mobile-default elementor-widget elementor-widget-heading\" data-id=\"f6e0be9\" data-element_type=\"widget\" data-e-type=\"widget\" data-widget_type=\"heading.default\">\n\t\t\t\t\t<h1 class=\"light elementor-heading-title elementor-size-default\">Modedesigner<\/h1>\t\t\t\t<\/div>\n\t\t\t\t<div class=\"elementor-element elementor-element-07fad90 flex-horizontal-align-default flex-horizontal-align-tablet-default flex-horizontal-align-mobile-default flex-vertical-align-default flex-vertical-align-tablet-default flex-vertical-align-mobile-default elementor-widget elementor-widget-thegem-products-categories\" data-id=\"07fad90\" data-element_type=\"widget\" data-e-type=\"widget\" data-settings=\"{&quot;content_products_cat&quot;:[&quot;audacieuse-galerie-marque-suisse-de-vetement-et-accessoires&quot;,&quot;creation-artisanale-filigrane-argent-collection-bijoux&quot;,&quot;accessoires-doux-et-chauds-pour-lhiver-gants-et-etole-du-label-lhirondelle-bleue&quot;,&quot;tochu-de&quot;,&quot;vano-createur-de-bijoux-horlogerie-mouvement-suisse&quot;,&quot;sac-et-accessoires-en-cuir-du-label-zatchels&quot;],&quot;thegem_elementor_preset&quot;:&quot;below-default&quot;,&quot;orderby&quot;:&quot;term_id&quot;,&quot;image_size&quot;:&quot;default&quot;,&quot;content_tax&quot;:&quot;product_cat&quot;,&quot;order&quot;:&quot;asc&quot;}\" data-widget_type=\"thegem-products-categories.default\">\n\t\t\t\t<div class=\"elementor-widget-container\">\n\t\t\t\t\t\n\t\t\t<div class=\"portfolio-preloader-wrapper\">\n\n\t\t\t\t\n\t\t\t\t<div class=\"products-categories-widget layout-type-grid portfolio-preset-below-default caption-position-below counts-visible-hover aspect-ratio-custom caption-container-preset-transparent    loading-animation item-animation-move-up    columns-desktop-4  columns-tablet-2 columns-mobile-1      caption-container-alignment-center \" data-portfolio-uid=\"07fad90\" data-columns-mobile=\"1\" data-columns-tablet=\"2\" data-columns-desktop=\"4\" data-margin-mobile=\"42\" data-margin-tablet=\"42\" data-margin-desktop=\"42\" data-dots=\"0\" data-arrows=\"0\" data-loop=\"0\" data-sliding-animation=\"\" data-autoscroll-speed=\"0\">\n\t\t\t\t\t<div class=\"categories-row-outer \">\n\t\t\t\t\t\t<div class=\"categories-row clearfix\">\n\t\t\t\t\t\t\t<div class=\"categories-set\">\n\t\t\t\t\t\t\t\t\t\t\t\t\t\t\t<\/div><!-- .portflio-set -->\n\t\t\t\t\t\t<\/div><!-- .row-->\n\t\t\t\t\t\t\t\t\t\t\t<\/div><!-- .full-width -->\n\t\t\t\t<\/div><!-- .portfolio-->\n\t\t\t<\/div><!-- .portfolio-preloader-wrapper-->\n\t\t\t\t\t\t<\/div>\n\t\t\t\t<\/div>\n\t\t\t\t<div class=\"elementor-element elementor-element-38e444d flex-horizontal-align-default flex-horizontal-align-tablet-default flex-horizontal-align-mobile-default flex-vertical-align-default flex-vertical-align-tablet-default flex-vertical-align-mobile-default elementor-widget elementor-widget-heading\" data-id=\"38e444d\" data-element_type=\"widget\" data-e-type=\"widget\" data-widget_type=\"heading.default\">\n\t\t\t\t\t<h2 class=\"light elementor-heading-title elementor-size-default\">Die Auswahl kreativer Handwerker<\/h2>\t\t\t\t<\/div>\n\t\t\t\t<\/div>\n\t\t<div class=\"elementor-element elementor-element-30de06c thegem-e-con-layout-thegem e-flex e-con-boxed e-con e-parent\" data-id=\"30de06c\" data-element_type=\"container\" data-e-type=\"container\" data-settings=\"{&quot;thegem_container_layout&quot;:&quot;thegem&quot;}\">\r\n\t\t\t\t\t<div class=\"e-con-inner\">\r\n\t\t<div class=\"elementor-element elementor-element-5814a79 e-con-full thegem-e-con-layout-thegem e-flex e-con e-child\" data-id=\"5814a79\" data-element_type=\"container\" data-e-type=\"container\" data-settings=\"{&quot;thegem_container_layout&quot;:&quot;thegem&quot;}\">\r\n\t\t\t\t<div class=\"elementor-element elementor-element-b77ab0f flex-horizontal-align-default flex-horizontal-align-tablet-default flex-horizontal-align-mobile-default flex-vertical-align-default flex-vertical-align-tablet-default flex-vertical-align-mobile-default elementor-widget elementor-widget-text-editor\" data-id=\"b77ab0f\" data-element_type=\"widget\" data-e-type=\"widget\" data-widget_type=\"text-editor.default\">\n\t\t\t\t\t\t\t\t\t\t\t\t<div class=\"elementor-text-editor elementor-clearfix\">\r\n\t\t\t\t\t\t<p>Tauchen Sie ein in eine Welt, in der Kreativit\u00e4t und Know-how aufeinandertreffen, um au\u00dfergew\u00f6hnliche Kleidung und Accessoires zum Leben zu erwecken. Unsere Designer, die ihr Handwerk mit Leidenschaft aus\u00fcben, bieten Ihnen authentische und innovative Kollektionen, die aus hochwertigen Materialien und einer unvergleichlichen Liebe zum Detail hergestellt werden. Jedes St\u00fcck erz\u00e4hlt eine einzigartige Geschichte.  <\/p><p>Egal, ob Sie auf der Suche nach zeitloser Eleganz oder dem neuesten Avantgarde-Trend sind, unsere vielf\u00e4ltige Auswahl wird Ihre Erwartungen erf\u00fcllen. Unterst\u00fctzen Sie die lokale Handwerkskunst und w\u00e4hlen Sie einen Stil, der zu Ihnen passt, w\u00e4hrend Sie gleichzeitig eine ethische und nachhaltige Wahl treffen. <\/p><p>Erkunden Sie unsere Galerie und lassen Sie sich vom Talent unserer Modedesigner inspirieren. Jeder Kauf ist eine Begegnung mit einem Handwerker, die Teilnahme an einer Geschichte und ein Schritt in eine raffiniertere und verantwortungsvollere Zukunft. <\/p>\t\t\t\t\t\t\t<\/div>\r\n\t\t\t\t\t\t\t\t\t\t<\/div>\n\t\t\t\t<\/div>\n\t\t\t\t\t<\/div>\n\t\t\t\t<\/div>\n\t\t\t\t<\/div>\n\t\t","protected":false},"excerpt":{"rendered":"<p>Modedesigner Audacieuse Galerie Mode 4 Schaffungen Vano Bijoux d&#8217;horlogerie r\u00e9invent\u00e9e 4 Schaffungen Tochu-De Cr\u00e9ateurs de bijoux 3D 11 Schaffungen Filgran&#8230;<\/p>\n","protected":false},"author":1,"featured_media":0,"parent":0,"menu_order":0,"comment_status":"closed","ping_status":"closed","template":"page-fullwidth.php","meta":{"_glsr_average":0,"_glsr_ranking":0,"_glsr_reviews":0,"footnotes":""},"class_list":["post-118127","page","type-page","status-publish"],"yoast_head":"<!-- This site is optimized with the Yoast SEO plugin v27.4 - https:\/\/yoast.com\/product\/yoast-seo-wordpress\/ -->\n<title>Modedesigner - Kunsthandwerker -<\/title>\n<meta name=\"description\" content=\"Willkommen auf unserer Seite f\u00fcr Modedesigner, auf der jedes St\u00fcck eine einzigartige Geschichte erz\u00e4hlt. Tauchen Sie ein in eine Welt, in der Kreativit\u00e4t und Know-how aufeinandertreffen, um au\u00dfergew\u00f6hnliche Kleidung und Accessoires zum Leben zu erwecken. Unsere Designer, die ihr Handwerk mit Leidenschaft aus\u00fcben, bieten Ihnen authentische und innovative Kollektionen, die aus hochwertigen Materialien und einer unvergleichlichen Liebe zum Detail hergestellt werden.\" \/>\n<meta name=\"robots\" content=\"index, follow, max-snippet:-1, max-image-preview:large, max-video-preview:-1\" \/>\n<link rel=\"canonical\" href=\"https:\/\/www.audacieuse-galerie.ch\/de\/modedesigner-kunsthandwerker\/\" \/>\n<meta property=\"og:locale\" content=\"de_DE\" \/>\n<meta property=\"og:type\" content=\"article\" \/>\n<meta property=\"og:title\" content=\"Modedesigner - Kunsthandwerker -\" \/>\n<meta property=\"og:description\" content=\"Willkommen auf unserer Seite f\u00fcr Modedesigner, auf der jedes St\u00fcck eine einzigartige Geschichte erz\u00e4hlt. Tauchen Sie ein in eine Welt, in der Kreativit\u00e4t und Know-how aufeinandertreffen, um au\u00dfergew\u00f6hnliche Kleidung und Accessoires zum Leben zu erwecken. Unsere Designer, die ihr Handwerk mit Leidenschaft aus\u00fcben, bieten Ihnen authentische und innovative Kollektionen, die aus hochwertigen Materialien und einer unvergleichlichen Liebe zum Detail hergestellt werden.\" \/>\n<meta property=\"og:url\" content=\"https:\/\/www.audacieuse-galerie.ch\/de\/modedesigner-kunsthandwerker\/\" \/>\n<meta property=\"og:site_name\" content=\"Audacieuse-Galerie\" \/>\n<meta property=\"article:publisher\" content=\"https:\/\/www.facebook.com\/audacieuse.galerie\" \/>\n<meta property=\"article:modified_time\" content=\"2026-04-16T10:43:10+00:00\" \/>\n<meta property=\"og:image\" content=\"https:\/\/www.audacieuse-galerie.ch\/wp-content\/uploads\/2021\/03\/820-Veste-courte-doublee-blouson-Monstera-thegem-product-justified-landscape-s.jpg\" \/>\n<meta name=\"twitter:card\" content=\"summary_large_image\" \/>\n<meta name=\"twitter:label1\" content=\"Gesch\u00e4tzte Lesezeit\" \/>\n\t<meta name=\"twitter:data1\" content=\"1 Minute\" \/>\n<script type=\"application\/ld+json\" class=\"yoast-schema-graph\">{\"@context\":\"https:\\\/\\\/schema.org\",\"@graph\":[{\"@type\":\"ImageObject\",\"inLanguage\":\"de\",\"@id\":\"https:\\\/\\\/www.audacieuse-galerie.ch\\\/de\\\/modedesigner-kunsthandwerker\\\/#primaryimage\",\"url\":\"https:\\\/\\\/www.audacieuse-galerie.ch\\\/wp-content\\\/uploads\\\/2021\\\/03\\\/820-Veste-courte-doublee-blouson-Monstera-thegem-product-justified-landscape-s.jpg\",\"contentUrl\":\"https:\\\/\\\/www.audacieuse-galerie.ch\\\/wp-content\\\/uploads\\\/2021\\\/03\\\/820-Veste-courte-doublee-blouson-Monstera-thegem-product-justified-landscape-s.jpg\"}]}<\/script>\n<!-- \/ Yoast SEO plugin. -->","yoast_head_json":{"title":"Modedesigner - Kunsthandwerker -","description":"Willkommen auf unserer Seite f\u00fcr Modedesigner, auf der jedes St\u00fcck eine einzigartige Geschichte erz\u00e4hlt. Tauchen Sie ein in eine Welt, in der Kreativit\u00e4t und Know-how aufeinandertreffen, um au\u00dfergew\u00f6hnliche Kleidung und Accessoires zum Leben zu erwecken. Unsere Designer, die ihr Handwerk mit Leidenschaft aus\u00fcben, bieten Ihnen authentische und innovative Kollektionen, die aus hochwertigen Materialien und einer unvergleichlichen Liebe zum Detail hergestellt werden.","robots":{"index":"index","follow":"follow","max-snippet":"max-snippet:-1","max-image-preview":"max-image-preview:large","max-video-preview":"max-video-preview:-1"},"canonical":"https:\/\/www.audacieuse-galerie.ch\/de\/modedesigner-kunsthandwerker\/","og_locale":"de_DE","og_type":"article","og_title":"Modedesigner - Kunsthandwerker -","og_description":"Willkommen auf unserer Seite f\u00fcr Modedesigner, auf der jedes St\u00fcck eine einzigartige Geschichte erz\u00e4hlt. Tauchen Sie ein in eine Welt, in der Kreativit\u00e4t und Know-how aufeinandertreffen, um au\u00dfergew\u00f6hnliche Kleidung und Accessoires zum Leben zu erwecken. Unsere Designer, die ihr Handwerk mit Leidenschaft aus\u00fcben, bieten Ihnen authentische und innovative Kollektionen, die aus hochwertigen Materialien und einer unvergleichlichen Liebe zum Detail hergestellt werden.","og_url":"https:\/\/www.audacieuse-galerie.ch\/de\/modedesigner-kunsthandwerker\/","og_site_name":"Audacieuse-Galerie","article_publisher":"https:\/\/www.facebook.com\/audacieuse.galerie","article_modified_time":"2026-04-16T10:43:10+00:00","og_image":[{"url":"https:\/\/www.audacieuse-galerie.ch\/wp-content\/uploads\/2021\/03\/820-Veste-courte-doublee-blouson-Monstera-thegem-product-justified-landscape-s.jpg","type":"","width":"","height":""}],"twitter_card":"summary_large_image","twitter_misc":{"Gesch\u00e4tzte Lesezeit":"1 Minute"},"schema":{"@context":"https:\/\/schema.org","@graph":[{"@type":"ImageObject","inLanguage":"de","@id":"https:\/\/www.audacieuse-galerie.ch\/de\/modedesigner-kunsthandwerker\/#primaryimage","url":"https:\/\/www.audacieuse-galerie.ch\/wp-content\/uploads\/2021\/03\/820-Veste-courte-doublee-blouson-Monstera-thegem-product-justified-landscape-s.jpg","contentUrl":"https:\/\/www.audacieuse-galerie.ch\/wp-content\/uploads\/2021\/03\/820-Veste-courte-doublee-blouson-Monstera-thegem-product-justified-landscape-s.jpg"}]}},"_links":{"self":[{"href":"https:\/\/www.audacieuse-galerie.ch\/de\/wp-json\/wp\/v2\/pages\/118127","targetHints":{"allow":["GET"]}}],"collection":[{"href":"https:\/\/www.audacieuse-galerie.ch\/de\/wp-json\/wp\/v2\/pages"}],"about":[{"href":"https:\/\/www.audacieuse-galerie.ch\/de\/wp-json\/wp\/v2\/types\/page"}],"author":[{"embeddable":true,"href":"https:\/\/www.audacieuse-galerie.ch\/de\/wp-json\/wp\/v2\/users\/1"}],"replies":[{"embeddable":true,"href":"https:\/\/www.audacieuse-galerie.ch\/de\/wp-json\/wp\/v2\/comments?post=118127"}],"version-history":[{"count":1,"href":"https:\/\/www.audacieuse-galerie.ch\/de\/wp-json\/wp\/v2\/pages\/118127\/revisions"}],"predecessor-version":[{"id":154484,"href":"https:\/\/www.audacieuse-galerie.ch\/de\/wp-json\/wp\/v2\/pages\/118127\/revisions\/154484"}],"wp:attachment":[{"href":"https:\/\/www.audacieuse-galerie.ch\/de\/wp-json\/wp\/v2\/media?parent=118127"}],"curies":[{"name":"wp","href":"https:\/\/api.w.org\/{rel}","templated":true}]}}