{"id":118624,"date":"2025-01-05T10:56:45","date_gmt":"2025-01-05T09:56:45","guid":{"rendered":"https:\/\/woo.audacieuse-galerie.ch\/cookie-richtlinie\/"},"modified":"2025-01-05T12:13:48","modified_gmt":"2025-01-05T11:13:48","slug":"cookie-richtlinie","status":"publish","type":"page","link":"https:\/\/www.audacieuse-galerie.ch\/de\/cookie-richtlinie\/","title":{"rendered":"Cookie-Richtlinie"},"content":{"rendered":"\t\t<div data-elementor-type=\"wp-page\" data-elementor-id=\"118624\" class=\"elementor elementor-118624 elementor-118621\">\n\t\t\t\t<div class=\"elementor-element elementor-element-ebb21ba thegem-e-con-layout-elementor e-flex e-con-boxed e-con e-parent\" data-id=\"ebb21ba\" data-element_type=\"container\" data-e-type=\"container\" data-settings=\"{&quot;thegem_container_layout&quot;:&quot;elementor&quot;}\">\r\n\t\t\t\t\t<div class=\"e-con-inner\">\r\n\t\t\t\t<div class=\"elementor-element elementor-element-306079b flex-horizontal-align-default flex-horizontal-align-tablet-default flex-horizontal-align-mobile-default flex-vertical-align-default flex-vertical-align-tablet-default flex-vertical-align-mobile-default elementor-widget elementor-widget-text-editor\" data-id=\"306079b\" data-element_type=\"widget\" data-e-type=\"widget\" data-widget_type=\"text-editor.default\">\n\t\t\t\t\t\t\t\t\t\t\t\t<div class=\"elementor-text-editor elementor-clearfix\">\r\n\t\t\t\t\t\t<p data-pm-slice=\"1 1 []\">In dieser Cookie-Richtlinie wird erl\u00e4utert, wie wir Cookies und \u00e4hnliche Technologien auf unserer Website verwenden.<\/p>\n<h3>Was ist ein Cookie?<\/h3>\n<p>Ein Cookie ist eine kleine Textdatei, die auf Ihrem Ger\u00e4t (Computer, Smartphone, Tablet) abgelegt wird, wenn Sie unsere Website besuchen. Cookies erm\u00f6glichen das ordnungsgem\u00e4\u00dfe Funktionieren der Website, verbessern Ihre Benutzererfahrung und sammeln Informationen \u00fcber die Nutzung unserer Dienste. <\/p>\n<h3>Arten von Cookies, die wir verwenden<\/h3>\n<p>Wir verwenden die folgenden Arten von Cookies:<\/p>\n<ul data-spread=\"false\">\n<li><strong>Essenzielle Cookies<\/strong> : Notwendig f\u00fcr den Betrieb unserer Website (z.B. f\u00fcr Warenk\u00f6rbe oder Authentifizierung).<\/li>\n<li><strong>Leistungs-Cookies<\/strong> : Werden verwendet, um zu analysieren, wie Benutzer mit unserer Website interagieren, um deren Leistung zu verbessern.<\/li>\n<li><strong>Funktionale Cookies<\/strong> : Speichert Ihre Pr\u00e4ferenzen (z. B. Sprache oder Region).<\/li>\n<li><strong>Werbe-Cookies<\/strong> : Werden verwendet, um Ihnen relevante Werbung basierend auf Ihren Interessen bereitzustellen.<\/li>\n<li><strong>Cookies von Drittanbietern<\/strong> : Werden von externen Diensten (wie Google Analytics oder Social-Media-Plattformen) platziert.<\/li>\n<\/ul>\n<h3>Cookie-Verwaltung<\/h3>\n<p>Bei Ihrem ersten Besuch haben Sie die M\u00f6glichkeit, bestimmte Cookies \u00fcber ein Einwilligungsbanner zu akzeptieren oder abzulehnen. Sie k\u00f6nnen Ihre Pr\u00e4ferenzen auch verwalten, indem Sie Ihre Browsereinstellungen \u00e4ndern oder auf unser Cookie-Verwaltungstool zugreifen. <\/p>\n<h3>Dauer der Speicherung von Cookies<\/h3>\n<p>Cookies werden so lange aufbewahrt, wie es f\u00fcr ihren Zweck erforderlich ist:<\/p>\n<ul data-spread=\"false\">\n<li>Session-Cookies: werden gel\u00f6scht, wenn Sie Ihren Browser schlie\u00dfen.<\/li>\n<li>Dauerhafte Cookies: werden aufbewahrt, bis sie ablaufen oder manuell gel\u00f6scht werden.<\/li>\n<\/ul>\n<h3>Kontakt<\/h3>\n<p>Wenn Sie Fragen zu unserer Verwendung von Cookies haben, kontaktieren Sie uns bitte.<\/p>\n\t\t\t\t\t\t\t<\/div>\r\n\t\t\t\t\t\t\t\t\t\t<\/div>\n\t\t\t\t\t<\/div>\n\t\t\t\t<\/div>\n\t\t\t\t<\/div>\n\t\t","protected":false},"excerpt":{"rendered":"<p>In dieser Cookie-Richtlinie wird erl\u00e4utert, wie wir Cookies und \u00e4hnliche Technologien auf unserer Website verwenden. Was ist ein Cookie? Ein&#8230;<\/p>\n","protected":false},"author":1,"featured_media":0,"parent":0,"menu_order":0,"comment_status":"closed","ping_status":"closed","template":"page-fullwidth.php","meta":{"footnotes":""},"class_list":["post-118624","page","type-page","status-publish"],"yoast_head":"<!-- This site is optimized with the Yoast SEO plugin v27.3 - https:\/\/yoast.com\/product\/yoast-seo-wordpress\/ -->\n<title>Cookie-Richtlinie -<\/title>\n<meta name=\"description\" content=\"Cookie-Richtlinie - Audacieuse-Galerie\" \/>\n<meta name=\"robots\" content=\"index, follow, max-snippet:-1, max-image-preview:large, max-video-preview:-1\" \/>\n<link rel=\"canonical\" href=\"https:\/\/www.audacieuse-galerie.ch\/de\/cookie-richtlinie\/\" \/>\n<meta property=\"og:locale\" content=\"de_DE\" \/>\n<meta property=\"og:type\" content=\"article\" \/>\n<meta property=\"og:title\" content=\"Cookie-Richtlinie -\" \/>\n<meta property=\"og:description\" content=\"Cookie-Richtlinie - Audacieuse-Galerie\" \/>\n<meta property=\"og:url\" content=\"https:\/\/www.audacieuse-galerie.ch\/de\/cookie-richtlinie\/\" \/>\n<meta property=\"og:site_name\" content=\"Audacieuse-Galerie\" \/>\n<meta property=\"article:publisher\" content=\"https:\/\/www.facebook.com\/audacieuse.galerie\" \/>\n<meta property=\"article:modified_time\" content=\"2025-01-05T11:13:48+00:00\" \/>\n<meta name=\"twitter:card\" content=\"summary_large_image\" \/>\n<meta name=\"twitter:label1\" content=\"Gesch\u00e4tzte Lesezeit\" \/>\n\t<meta name=\"twitter:data1\" content=\"1 Minute\" \/>\n<script type=\"application\/ld+json\" class=\"yoast-schema-graph\">{\"@context\":\"https:\\\/\\\/schema.org\",\"@graph\":[{\"@type\":\"WebPage\",\"@id\":\"https:\\\/\\\/www.audacieuse-galerie.ch\\\/de\\\/cookie-richtlinie\\\/\",\"url\":\"https:\\\/\\\/www.audacieuse-galerie.ch\\\/de\\\/cookie-richtlinie\\\/\",\"name\":\"Cookie-Richtlinie -\",\"isPartOf\":{\"@id\":\"https:\\\/\\\/www.audacieuse-galerie.ch\\\/de\\\/#website\"},\"datePublished\":\"2025-01-05T09:56:45+00:00\",\"dateModified\":\"2025-01-05T11:13:48+00:00\",\"description\":\"Cookie-Richtlinie - Audacieuse-Galerie\",\"breadcrumb\":{\"@id\":\"https:\\\/\\\/www.audacieuse-galerie.ch\\\/de\\\/cookie-richtlinie\\\/#breadcrumb\"},\"inLanguage\":\"de\",\"potentialAction\":[{\"@type\":\"ReadAction\",\"target\":[\"https:\\\/\\\/www.audacieuse-galerie.ch\\\/de\\\/cookie-richtlinie\\\/\"]}]},{\"@type\":\"BreadcrumbList\",\"@id\":\"https:\\\/\\\/www.audacieuse-galerie.ch\\\/de\\\/cookie-richtlinie\\\/#breadcrumb\",\"itemListElement\":[{\"@type\":\"ListItem\",\"position\":1,\"name\":\"Heim\",\"item\":\"https:\\\/\\\/www.audacieuse-galerie.ch\\\/de\\\/\"},{\"@type\":\"ListItem\",\"position\":2,\"name\":\"Cookie-Richtlinie\"}]},{\"@type\":\"WebSite\",\"@id\":\"https:\\\/\\\/www.audacieuse-galerie.ch\\\/de\\\/#website\",\"url\":\"https:\\\/\\\/www.audacieuse-galerie.ch\\\/de\\\/\",\"name\":\"Audacieuse-Galerie\",\"description\":\"Mode et Images\",\"potentialAction\":[{\"@type\":\"SearchAction\",\"target\":{\"@type\":\"EntryPoint\",\"urlTemplate\":\"https:\\\/\\\/www.audacieuse-galerie.ch\\\/de\\\/?s={search_term_string}\"},\"query-input\":{\"@type\":\"PropertyValueSpecification\",\"valueRequired\":true,\"valueName\":\"search_term_string\"}}],\"inLanguage\":\"de\"}]}<\/script>\n<!-- \/ Yoast SEO plugin. -->","yoast_head_json":{"title":"Cookie-Richtlinie -","description":"Cookie-Richtlinie - Audacieuse-Galerie","robots":{"index":"index","follow":"follow","max-snippet":"max-snippet:-1","max-image-preview":"max-image-preview:large","max-video-preview":"max-video-preview:-1"},"canonical":"https:\/\/www.audacieuse-galerie.ch\/de\/cookie-richtlinie\/","og_locale":"de_DE","og_type":"article","og_title":"Cookie-Richtlinie -","og_description":"Cookie-Richtlinie - Audacieuse-Galerie","og_url":"https:\/\/www.audacieuse-galerie.ch\/de\/cookie-richtlinie\/","og_site_name":"Audacieuse-Galerie","article_publisher":"https:\/\/www.facebook.com\/audacieuse.galerie","article_modified_time":"2025-01-05T11:13:48+00:00","twitter_card":"summary_large_image","twitter_misc":{"Gesch\u00e4tzte Lesezeit":"1 Minute"},"schema":{"@context":"https:\/\/schema.org","@graph":[{"@type":"WebPage","@id":"https:\/\/www.audacieuse-galerie.ch\/de\/cookie-richtlinie\/","url":"https:\/\/www.audacieuse-galerie.ch\/de\/cookie-richtlinie\/","name":"Cookie-Richtlinie -","isPartOf":{"@id":"https:\/\/www.audacieuse-galerie.ch\/de\/#website"},"datePublished":"2025-01-05T09:56:45+00:00","dateModified":"2025-01-05T11:13:48+00:00","description":"Cookie-Richtlinie - Audacieuse-Galerie","breadcrumb":{"@id":"https:\/\/www.audacieuse-galerie.ch\/de\/cookie-richtlinie\/#breadcrumb"},"inLanguage":"de","potentialAction":[{"@type":"ReadAction","target":["https:\/\/www.audacieuse-galerie.ch\/de\/cookie-richtlinie\/"]}]},{"@type":"BreadcrumbList","@id":"https:\/\/www.audacieuse-galerie.ch\/de\/cookie-richtlinie\/#breadcrumb","itemListElement":[{"@type":"ListItem","position":1,"name":"Heim","item":"https:\/\/www.audacieuse-galerie.ch\/de\/"},{"@type":"ListItem","position":2,"name":"Cookie-Richtlinie"}]},{"@type":"WebSite","@id":"https:\/\/www.audacieuse-galerie.ch\/de\/#website","url":"https:\/\/www.audacieuse-galerie.ch\/de\/","name":"Audacieuse-Galerie","description":"Mode et Images","potentialAction":[{"@type":"SearchAction","target":{"@type":"EntryPoint","urlTemplate":"https:\/\/www.audacieuse-galerie.ch\/de\/?s={search_term_string}"},"query-input":{"@type":"PropertyValueSpecification","valueRequired":true,"valueName":"search_term_string"}}],"inLanguage":"de"}]}},"_links":{"self":[{"href":"https:\/\/www.audacieuse-galerie.ch\/de\/wp-json\/wp\/v2\/pages\/118624","targetHints":{"allow":["GET"]}}],"collection":[{"href":"https:\/\/www.audacieuse-galerie.ch\/de\/wp-json\/wp\/v2\/pages"}],"about":[{"href":"https:\/\/www.audacieuse-galerie.ch\/de\/wp-json\/wp\/v2\/types\/page"}],"author":[{"embeddable":true,"href":"https:\/\/www.audacieuse-galerie.ch\/de\/wp-json\/wp\/v2\/users\/1"}],"replies":[{"embeddable":true,"href":"https:\/\/www.audacieuse-galerie.ch\/de\/wp-json\/wp\/v2\/comments?post=118624"}],"version-history":[{"count":0,"href":"https:\/\/www.audacieuse-galerie.ch\/de\/wp-json\/wp\/v2\/pages\/118624\/revisions"}],"wp:attachment":[{"href":"https:\/\/www.audacieuse-galerie.ch\/de\/wp-json\/wp\/v2\/media?parent=118624"}],"curies":[{"name":"wp","href":"https:\/\/api.w.org\/{rel}","templated":true}]}}