{"id":118646,"date":"2025-01-05T12:26:20","date_gmt":"2025-01-05T11:26:20","guid":{"rendered":"https:\/\/woo.audacieuse-galerie.ch\/datenschutzrichtlinie\/"},"modified":"2025-09-07T20:51:21","modified_gmt":"2025-09-07T18:51:21","slug":"datenschutzrichtlinie","status":"publish","type":"page","link":"https:\/\/www.audacieuse-galerie.ch\/de\/datenschutzrichtlinie\/","title":{"rendered":"Datenschutzrichtlinie"},"content":{"rendered":"\t\t<div data-elementor-type=\"wp-page\" data-elementor-id=\"118646\" class=\"elementor elementor-118646 elementor-118640\">\n\t\t\t\t<div class=\"elementor-element elementor-element-8fff84a thegem-e-con-layout-thegem e-flex e-con-boxed e-con e-parent\" data-id=\"8fff84a\" data-element_type=\"container\" data-e-type=\"container\" data-settings=\"{&quot;thegem_container_layout&quot;:&quot;thegem&quot;}\">\r\n\t\t\t\t\t<div class=\"e-con-inner\">\r\n\t\t\t\t<div class=\"elementor-element elementor-element-b955144 flex-horizontal-align-default flex-horizontal-align-tablet-default flex-horizontal-align-mobile-default flex-vertical-align-default flex-vertical-align-tablet-default flex-vertical-align-mobile-default elementor-widget elementor-widget-text-editor\" data-id=\"b955144\" data-element_type=\"widget\" data-e-type=\"widget\" data-widget_type=\"text-editor.default\">\n\t\t\t\t\t\t\t\t\t\t\t\t<div class=\"elementor-text-editor elementor-clearfix\">\r\n\t\t\t\t\t\t<h1 data-pm-slice=\"1 1 []\"><strong>Datenschutzrichtlinie<\/strong><\/h1><p>Ihre Privatsph\u00e4re ist uns wichtig. Diese Datenschutzrichtlinie beschreibt, wie wir Ihre personenbezogenen Daten erheben, verwenden und sch\u00fctzen, wenn Sie unsere Dienste in \u00dcbereinstimmung mit den geltenden Gesetzen, einschlie\u00dflich des Schweizer Datenschutzgesetzes (DSG) und der Datenschutz-Grundverordnung (DSGVO) f\u00fcr Kunden mit Sitz in der Europ\u00e4ischen Union, nutzen. <\/p><h3>Verantwortlicher f\u00fcr die Datenverarbeitung<\/h3><p>Der Verantwortliche f\u00fcr die Datenverarbeitung ist: Audacieuse-Galerie Sarl, Rue Ancienne 50, Carouge Ge Suisse, vertreten durch ihren Gesch\u00e4ftsf\u00fchrer S. Lamielle.<\/p><h3>Erhobene personenbezogene Daten<\/h3><p>Wir k\u00f6nnen die folgenden Daten sammeln, wenn Sie unsere Dienste nutzen:<\/p><ul data-spread=\"false\"><li><p><strong>Identifikationsdaten<\/strong> : Vor- und Nachname, E-Mail-Adresse, Telefonnummer, Rechnungs- und Lieferpostanschrift.<\/p><\/li><li><p><strong>Verbindungsdaten<\/strong> : IP-Adresse, Ger\u00e4tetyp, verwendeter Browser, Aktivit\u00e4tsprotokolle.<\/p><\/li><li><p><strong>Zahlungsinformationen<\/strong> : Kreditkartennummer und Rechnungsinformationen (werden \u00fcber sichere Bankanbieter verarbeitet).<\/p><\/li><li><p><strong>Pr\u00e4ferenzen<\/strong> : Sprachpr\u00e4ferenzen, Marketingpr\u00e4ferenzen.<\/p><\/li><\/ul><h3>Zwecke der Verarbeitung<\/h3><p>Wir verwenden Ihre Daten, um:<\/p><ul data-spread=\"false\"><li><p>Um unsere Dienstleistungen bereitzustellen und zu verwalten.<\/p><\/li><li><p>Kommunikation mit Ihnen (z. B. um auf Ihre Anfragen zu antworten oder Updates zu senden).<\/p><\/li><li><p>Um unseren gesetzlichen und beh\u00f6rdlichen Verpflichtungen nachzukommen.<\/p><\/li><li><p>Um unsere Dienstleistungen und Benutzererfahrungen durch anonymisierte Analysen zu verbessern.<\/p><\/li><li><p>Ihnen Marketingangebote zukommen zu lassen, wenn Sie dem zugestimmt haben.<\/p><\/li><\/ul><h3>Weitergabe Ihrer Daten<\/h3><p>Ihre personenbezogenen Daten k\u00f6nnen weitergegeben werden an:<\/p><ul data-spread=\"false\"><li><p>Unsere Partner und Subunternehmer im Zusammenhang mit der Erbringung unserer Dienstleistungen.<\/p><\/li><li><p>Aufsichtsbeh\u00f6rden, wenn dies gesetzlich vorgeschrieben ist.<\/p><\/li><li><p>Dritte im Zusammenhang mit einer Handelstransaktion (Fusion, \u00dcbernahme, Verkauf von Verm\u00f6genswerten).<\/p><\/li><\/ul><p>Wir stellen sicher, dass jede Daten\u00fcbertragung mit einem angemessenen Schutzniveau erfolgt, insbesondere \u00fcber Vertragsklauseln in \u00dcbereinstimmung mit internationalen Vorschriften.<\/p><h3>Aufbewahrungszeitraum<\/h3><p>Ihre Daten werden nur so lange aufbewahrt, wie es zur Erreichung der beabsichtigten Zwecke oder zur Erf\u00fcllung geltender gesetzlicher Verpflichtungen erforderlich ist.<\/p><h3>Ihre Rechte<\/h3><p>Gem\u00e4ss DSG und DSGVO haben Sie folgende Rechte:<\/p><ul data-spread=\"false\"><li><p>Greifen Sie auf Ihre personenbezogenen Daten zu.<\/p><\/li><li><p>Fordern Sie die Berichtigung Ihrer unrichtigen Daten an.<\/p><\/li><li><p>Fordern Sie die L\u00f6schung Ihrer Daten an (&#8222;Recht auf Vergessenwerden&#8220;).<\/p><\/li><li><p>Schr\u00e4nken Sie die Verarbeitung Ihrer Daten ein.<\/p><\/li><li><p>Widerspruch gegen die Verarbeitung f\u00fcr Direktmarketingzwecke.<\/p><\/li><li><p>Fordern Sie Datenportabilit\u00e4t an.<\/p><\/li><li><p>Sie k\u00f6nnen Ihre Einwilligung jederzeit widerrufen.<\/p><\/li><\/ul><p>Um diese Rechte auszu\u00fcben, kontaktieren Sie uns bitte. Wir werden Ihre Anfrage innerhalb einer angemessenen Frist in \u00dcbereinstimmung mit den geltenden Gesetzen bearbeiten. <\/p><h3>Sicherheit Ihrer Daten<\/h3><p>Wir wenden strenge technische und organisatorische Ma\u00dfnahmen an, um Ihre Daten vor unbefugtem Zugriff, Verlust oder Offenlegung zu sch\u00fctzen.<\/p><h3>\u00c4nderungen an dieser Richtlinie<\/h3><p>Wir behalten uns das Recht vor, diese Datenschutzerkl\u00e4rung jederzeit zu \u00e4ndern. Die neueste Version wird auf unserer Website verf\u00fcgbar sein und das Aktualisierungsdatum wird oben auf dieser Seite angegeben. <\/p><div class=\"notranslate\" style=\"all: initial;\"> <\/div>\t\t\t\t\t\t\t<\/div>\r\n\t\t\t\t\t\t\t\t\t\t<\/div>\n\t\t\t\t\t<\/div>\n\t\t\t\t<\/div>\n\t\t\t\t<\/div>\n\t\t","protected":false},"excerpt":{"rendered":"<p>Datenschutzrichtlinie Ihre Privatsph\u00e4re ist uns wichtig. Diese Datenschutzrichtlinie beschreibt, wie wir Ihre personenbezogenen Daten erheben, verwenden und sch\u00fctzen, wenn Sie&#8230;<\/p>\n","protected":false},"author":1,"featured_media":141725,"parent":0,"menu_order":0,"comment_status":"closed","ping_status":"closed","template":"page-fullwidth.php","meta":{"_glsr_average":0,"_glsr_ranking":0,"_glsr_reviews":0,"footnotes":""},"class_list":["post-118646","page","type-page","status-publish","has-post-thumbnail"],"yoast_head":"<!-- This site is optimized with the Yoast SEO plugin v27.4 - https:\/\/yoast.com\/product\/yoast-seo-wordpress\/ -->\n<title>Datenschutzrichtlinie -<\/title>\n<meta name=\"description\" content=\"Datenschutzrichtlinie - Audacieuse-Galerie\" \/>\n<meta name=\"robots\" content=\"index, follow, max-snippet:-1, max-image-preview:large, max-video-preview:-1\" \/>\n<link rel=\"canonical\" href=\"https:\/\/www.audacieuse-galerie.ch\/de\/datenschutzrichtlinie\/\" \/>\n<meta property=\"og:locale\" content=\"de_DE\" \/>\n<meta property=\"og:type\" content=\"article\" \/>\n<meta property=\"og:title\" content=\"Datenschutzrichtlinie -\" \/>\n<meta property=\"og:description\" content=\"Datenschutzrichtlinie - Audacieuse-Galerie\" \/>\n<meta property=\"og:url\" content=\"https:\/\/www.audacieuse-galerie.ch\/de\/datenschutzrichtlinie\/\" \/>\n<meta property=\"og:site_name\" content=\"Audacieuse-Galerie\" \/>\n<meta property=\"article:publisher\" content=\"https:\/\/www.facebook.com\/audacieuse.galerie\" \/>\n<meta property=\"article:modified_time\" content=\"2025-09-07T18:51:21+00:00\" \/>\n<meta property=\"og:image\" content=\"https:\/\/www.audacieuse-galerie.ch\/wp-content\/uploads\/2025\/09\/yopbl6zm7f8.jpg\" \/>\n\t<meta property=\"og:image:width\" content=\"1600\" \/>\n\t<meta property=\"og:image:height\" content=\"1067\" \/>\n\t<meta property=\"og:image:type\" content=\"image\/jpeg\" \/>\n<meta name=\"twitter:card\" content=\"summary_large_image\" \/>\n<meta name=\"twitter:label1\" content=\"Gesch\u00e4tzte Lesezeit\" \/>\n\t<meta name=\"twitter:data1\" content=\"2 Minuten\" \/>\n<script type=\"application\/ld+json\" class=\"yoast-schema-graph\">{\"@context\":\"https:\\\/\\\/schema.org\",\"@graph\":[{\"@type\":\"ImageObject\",\"inLanguage\":\"de\",\"@id\":\"https:\\\/\\\/www.audacieuse-galerie.ch\\\/de\\\/datenschutzrichtlinie\\\/#primaryimage\",\"url\":\"https:\\\/\\\/www.audacieuse-galerie.ch\\\/wp-content\\\/uploads\\\/2025\\\/09\\\/yopbl6zm7f8.jpg\",\"contentUrl\":\"https:\\\/\\\/www.audacieuse-galerie.ch\\\/wp-content\\\/uploads\\\/2025\\\/09\\\/yopbl6zm7f8.jpg\",\"width\":1600,\"height\":1067,\"caption\":\"Privat\"}]}<\/script>\n<!-- \/ Yoast SEO plugin. -->","yoast_head_json":{"title":"Datenschutzrichtlinie -","description":"Datenschutzrichtlinie - Audacieuse-Galerie","robots":{"index":"index","follow":"follow","max-snippet":"max-snippet:-1","max-image-preview":"max-image-preview:large","max-video-preview":"max-video-preview:-1"},"canonical":"https:\/\/www.audacieuse-galerie.ch\/de\/datenschutzrichtlinie\/","og_locale":"de_DE","og_type":"article","og_title":"Datenschutzrichtlinie -","og_description":"Datenschutzrichtlinie - Audacieuse-Galerie","og_url":"https:\/\/www.audacieuse-galerie.ch\/de\/datenschutzrichtlinie\/","og_site_name":"Audacieuse-Galerie","article_publisher":"https:\/\/www.facebook.com\/audacieuse.galerie","article_modified_time":"2025-09-07T18:51:21+00:00","og_image":[{"width":1600,"height":1067,"url":"https:\/\/www.audacieuse-galerie.ch\/wp-content\/uploads\/2025\/09\/yopbl6zm7f8.jpg","type":"image\/jpeg"}],"twitter_card":"summary_large_image","twitter_misc":{"Gesch\u00e4tzte Lesezeit":"2 Minuten"},"schema":{"@context":"https:\/\/schema.org","@graph":[{"@type":"ImageObject","inLanguage":"de","@id":"https:\/\/www.audacieuse-galerie.ch\/de\/datenschutzrichtlinie\/#primaryimage","url":"https:\/\/www.audacieuse-galerie.ch\/wp-content\/uploads\/2025\/09\/yopbl6zm7f8.jpg","contentUrl":"https:\/\/www.audacieuse-galerie.ch\/wp-content\/uploads\/2025\/09\/yopbl6zm7f8.jpg","width":1600,"height":1067,"caption":"Privat"}]}},"_links":{"self":[{"href":"https:\/\/www.audacieuse-galerie.ch\/de\/wp-json\/wp\/v2\/pages\/118646","targetHints":{"allow":["GET"]}}],"collection":[{"href":"https:\/\/www.audacieuse-galerie.ch\/de\/wp-json\/wp\/v2\/pages"}],"about":[{"href":"https:\/\/www.audacieuse-galerie.ch\/de\/wp-json\/wp\/v2\/types\/page"}],"author":[{"embeddable":true,"href":"https:\/\/www.audacieuse-galerie.ch\/de\/wp-json\/wp\/v2\/users\/1"}],"replies":[{"embeddable":true,"href":"https:\/\/www.audacieuse-galerie.ch\/de\/wp-json\/wp\/v2\/comments?post=118646"}],"version-history":[{"count":0,"href":"https:\/\/www.audacieuse-galerie.ch\/de\/wp-json\/wp\/v2\/pages\/118646\/revisions"}],"wp:featuredmedia":[{"embeddable":true,"href":"https:\/\/www.audacieuse-galerie.ch\/de\/wp-json\/wp\/v2\/media\/141725"}],"wp:attachment":[{"href":"https:\/\/www.audacieuse-galerie.ch\/de\/wp-json\/wp\/v2\/media?parent=118646"}],"curies":[{"name":"wp","href":"https:\/\/api.w.org\/{rel}","templated":true}]}}