{"id":119073,"date":"2025-01-13T14:09:14","date_gmt":"2025-01-13T13:09:14","guid":{"rendered":"https:\/\/woo.audacieuse-galerie.ch\/elementor-119053\/"},"modified":"2025-03-09T09:58:58","modified_gmt":"2025-03-09T08:58:58","slug":"elementor-119053","status":"publish","type":"page","link":"https:\/\/www.audacieuse-galerie.ch\/de\/elementor-119053\/","title":{"rendered":"Ein Ort der Inspiration"},"content":{"rendered":"\t\t<div data-elementor-type=\"wp-post\" data-elementor-id=\"119073\" class=\"elementor elementor-119073 elementor-119053\">\n\t\t\t\t<div class=\"elementor-element elementor-element-1080877 thegem-e-con-layout-thegem e-flex e-con-boxed e-con e-parent\" data-id=\"1080877\" data-element_type=\"container\" data-e-type=\"container\" data-settings=\"{&quot;thegem_container_layout&quot;:&quot;thegem&quot;}\">\r\n\t\t\t\t\t<div class=\"e-con-inner\">\r\n\t\t<div class=\"elementor-element elementor-element-69dec22 e-con-full thegem-e-con-layout-thegem e-flex e-con e-child\" data-id=\"69dec22\" data-element_type=\"container\" data-e-type=\"container\" data-settings=\"{&quot;thegem_container_layout&quot;:&quot;thegem&quot;}\">\r\n\t\t\t\t<div class=\"elementor-element elementor-element-33964c0 flex-horizontal-align-default flex-horizontal-align-tablet-default flex-horizontal-align-mobile-default flex-vertical-align-default flex-vertical-align-tablet-default flex-vertical-align-mobile-default elementor-widget elementor-widget-text-editor\" data-id=\"33964c0\" data-element_type=\"widget\" data-e-type=\"widget\" data-widget_type=\"text-editor.default\">\n\t\t\t\t\t\t\t\t\t\t\t\t<div class=\"elementor-text-editor elementor-clearfix\">\r\n\t\t\t\t\t\t<h2>Die Inspiration einer N\u00e4hwerkstatt in der Altstadt von Carouge: eine kreative Reise ins Herz des Handwerks<\/h2>\n<p>Unsere N\u00e4hwerkstatt befindet sich in der bezaubernden Altstadt von Carouge und verwandelt sich in ein wahres kreatives Heiligtum, in dem sich der Charme des Ortes und der Geist der benachbarten Handwerker zu einem einzigartigen Erlebnis verbinden. Dieser Workshop ist viel mehr als nur ein kreativer Raum; Es ist ein Ort, an dem jedes Detail, jedes Gespr\u00e4ch und jeder Winkel der Stadt die Fantasie befl\u00fcgelt. Im Herzen dieses historischen Viertels kann sich der Kunde von der Atmosph\u00e4re, dem Reichtum des lokalen Kunsthandwerks, aber auch von der kulturellen Vielfalt, die es umgibt, inspirieren lassen.  <\/p>\n<h4>Unvergleichlicher Charme: Tauchen Sie ein in das Herz eines historischen Viertels<\/h4>\n<p>Die Altstadt von Carouge mit ihren gepflasterten Gassen, bunten H\u00e4usern und der unkonventionellen Atmosph\u00e4re ist eine traumhafte Kulisse f\u00fcr alle, die dem Alltag entfliehen und ihrer Kreativit\u00e4t freien Lauf lassen m\u00f6chten. Dieses geschichtstr\u00e4chtige Viertel ist voller architektonischer Details und eines lebendigen Erbes. Unsere N\u00e4hwerkstatt, die sich in dieser bezaubernden Umgebung befindet, wird zu einem echten Ort der Inspiration, an dem jede Stra\u00dfenecke, jedes Caf\u00e9, jeder Ort Inspiration ausl\u00f6sen kann.  <\/p>\n<p>Carouge ist aber auch ein lebendiger Ort, an dem die Stra\u00dfen im Rhythmus der Sch\u00f6pfer und Handwerker vibrieren, die die benachbarten Werkst\u00e4tten besetzen. Die kreative Atmosph\u00e4re, die von diesen Orten ausgeht, inspiriert die Kunden unserer N\u00e4hwerkstatt, die die lokale Kultur und die umgebende k\u00fcnstlerische Energie aufsaugen k\u00f6nnen. Die Stadt selbst wird zur Muse.  <\/p>\n\t\t\t\t\t\t\t<\/div>\r\n\t\t\t\t\t\t\t\t\t\t<\/div>\n\t\t\t\t<\/div>\n\t\t<div class=\"elementor-element elementor-element-96994fa e-con-full thegem-e-con-layout-thegem e-flex e-con e-child\" data-id=\"96994fa\" data-element_type=\"container\" data-e-type=\"container\" data-settings=\"{&quot;thegem_container_layout&quot;:&quot;thegem&quot;}\">\r\n\t\t\t\t<div class=\"elementor-element elementor-element-f92767d flex-horizontal-align-default flex-horizontal-align-tablet-default flex-horizontal-align-mobile-default flex-vertical-align-default flex-vertical-align-tablet-default flex-vertical-align-mobile-default elementor-widget elementor-widget-thegem-styledimage\" data-id=\"f92767d\" data-element_type=\"widget\" data-e-type=\"widget\" data-settings=\"{&quot;thegem_elementor_preset&quot;:&quot;default&quot;,&quot;image&quot;:{&quot;url&quot;:&quot;https:\\\/\\\/www.audacieuse-galerie.ch\\\/wp-content\\\/plugins\\\/elementor\\\/assets\\\/images\\\/placeholder.png&quot;,&quot;id&quot;:&quot;&quot;,&quot;size&quot;:&quot;&quot;},&quot;image_position&quot;:&quot;left&quot;,&quot;icon_show&quot;:&quot;yes&quot;}\" data-widget_type=\"thegem-styledimage.default\">\n\t\t\t\t<div class=\"elementor-widget-container\">\n\t\t\t\t\t\n<div class=\"styled-image-wrapper\">\n\t\t\t<div class=\"gem-image gem-wrapbox gem-wrapbox-default gem-wrapbox-position-left lazy-loading \">\n\t\t\t<div class=\"gem-wrapbox-inner  lazy-loading-item\"  data-ll-effect=\"move-up\">\n\t\t\t\t\t\t\t\t<a href=\"https:\/\/www.audacieuse-galerie.ch\/wp-content\/plugins\/elementor\/assets\/images\/placeholder.png\" class=\"fancybox\">\n\t\t\t\t\t\t\t\t\t\t<img class=\"gem-wrapbox-element img-responsive \"\n\t\t\t\t\t\t src=\"https:\/\/www.audacieuse-galerie.ch\/wp-content\/plugins\/elementor\/assets\/images\/placeholder.png\"\n\t\t\t\t\t\t alt=\"\">\n\t\t\t\t\t\t\t\t\t\t<svg aria-hidden=\"true\" class=\"e-font-icon-svg e-fas-camera\" viewBox=\"0 0 512 512\" xmlns=\"http:\/\/www.w3.org\/2000\/svg\"><path d=\"M512 144v288c0 26.5-21.5 48-48 48H48c-26.5 0-48-21.5-48-48V144c0-26.5 21.5-48 48-48h88l12.3-32.9c7-18.7 24.9-31.1 44.9-31.1h125.5c20 0 37.9 12.4 44.9 31.1L376 96h88c26.5 0 48 21.5 48 48zM376 288c0-66.2-53.8-120-120-120s-120 53.8-120 120 53.8 120 120 120 120-53.8 120-120zm-32 0c0 48.5-39.5 88-88 88s-88-39.5-88-88 39.5-88 88-88 88 39.5 88 88z\"><\/path><\/svg>\t\t\t\t<\/a>\n\t\t\t\t\t\t<\/div>\n\t\t<\/div>\n\t\t<\/div>\n\n\n\t\n\t\t\t\t\t\t<\/div>\n\t\t\t\t<\/div>\n\t\t\t\t<\/div>\n\t\t<div class=\"elementor-element elementor-element-493d0dc e-con-full thegem-e-con-layout-thegem e-flex e-con e-child\" data-id=\"493d0dc\" data-element_type=\"container\" data-e-type=\"container\" data-settings=\"{&quot;thegem_container_layout&quot;:&quot;thegem&quot;}\">\r\n\t\t\t\t<div class=\"elementor-element elementor-element-12f20a4 flex-horizontal-align-default flex-horizontal-align-tablet-default flex-horizontal-align-mobile-default flex-vertical-align-default flex-vertical-align-tablet-default flex-vertical-align-mobile-default elementor-widget elementor-widget-thegem-styledimage\" data-id=\"12f20a4\" data-element_type=\"widget\" data-e-type=\"widget\" data-settings=\"{&quot;thegem_elementor_preset&quot;:&quot;default&quot;,&quot;image&quot;:{&quot;url&quot;:&quot;https:\\\/\\\/www.audacieuse-galerie.ch\\\/wp-content\\\/plugins\\\/elementor\\\/assets\\\/images\\\/placeholder.png&quot;,&quot;id&quot;:&quot;&quot;,&quot;size&quot;:&quot;&quot;},&quot;image_position&quot;:&quot;left&quot;,&quot;icon_show&quot;:&quot;yes&quot;}\" data-widget_type=\"thegem-styledimage.default\">\n\t\t\t\t<div class=\"elementor-widget-container\">\n\t\t\t\t\t\n<div class=\"styled-image-wrapper\">\n\t\t\t<div class=\"gem-image gem-wrapbox gem-wrapbox-default gem-wrapbox-position-left lazy-loading \">\n\t\t\t<div class=\"gem-wrapbox-inner  lazy-loading-item\"  data-ll-effect=\"move-up\">\n\t\t\t\t\t\t\t\t<a href=\"https:\/\/www.audacieuse-galerie.ch\/wp-content\/plugins\/elementor\/assets\/images\/placeholder.png\" class=\"fancybox\">\n\t\t\t\t\t\t\t\t\t\t<img class=\"gem-wrapbox-element img-responsive \"\n\t\t\t\t\t\t src=\"https:\/\/www.audacieuse-galerie.ch\/wp-content\/plugins\/elementor\/assets\/images\/placeholder.png\"\n\t\t\t\t\t\t alt=\"\">\n\t\t\t\t\t\t\t\t\t\t<svg aria-hidden=\"true\" class=\"e-font-icon-svg e-fas-camera\" viewBox=\"0 0 512 512\" xmlns=\"http:\/\/www.w3.org\/2000\/svg\"><path d=\"M512 144v288c0 26.5-21.5 48-48 48H48c-26.5 0-48-21.5-48-48V144c0-26.5 21.5-48 48-48h88l12.3-32.9c7-18.7 24.9-31.1 44.9-31.1h125.5c20 0 37.9 12.4 44.9 31.1L376 96h88c26.5 0 48 21.5 48 48zM376 288c0-66.2-53.8-120-120-120s-120 53.8-120 120 53.8 120 120 120 120-53.8 120-120zm-32 0c0 48.5-39.5 88-88 88s-88-39.5-88-88 39.5-88 88-88 88 39.5 88 88z\"><\/path><\/svg>\t\t\t\t<\/a>\n\t\t\t\t\t\t<\/div>\n\t\t<\/div>\n\t\t<\/div>\n\n\n\t\n\t\t\t\t\t\t<\/div>\n\t\t\t\t<\/div>\n\t\t\t\t<\/div>\n\t\t<div class=\"elementor-element elementor-element-4caae25 e-con-full thegem-e-con-layout-thegem e-flex e-con e-child\" data-id=\"4caae25\" data-element_type=\"container\" data-e-type=\"container\" data-settings=\"{&quot;thegem_container_layout&quot;:&quot;thegem&quot;}\">\r\n\t\t\t\t<div class=\"elementor-element elementor-element-d6ed594 flex-horizontal-align-default flex-horizontal-align-tablet-default flex-horizontal-align-mobile-default flex-vertical-align-default flex-vertical-align-tablet-default flex-vertical-align-mobile-default elementor-widget elementor-widget-text-editor\" data-id=\"d6ed594\" data-element_type=\"widget\" data-e-type=\"widget\" data-widget_type=\"text-editor.default\">\n\t\t\t\t\t\t\t\t\t\t\t\t<div class=\"elementor-text-editor elementor-clearfix\">\r\n\t\t\t\t\t\t<h4>Kulturelle Brutst\u00e4tte: Theater, Kunst- und Handwerksgalerien<\/h4>\n<p>Einer der gr\u00f6\u00dften Vorz\u00fcge unserer N\u00e4hwerkstatt in der Altstadt von Carouge liegt in dem kulturellen Reichtum in der N\u00e4he. Carouge ist ein wahrer k\u00fcnstlerischer N\u00e4hrboden, auf dem sich Theater, Kunstgalerien und Orte unterschiedlicher Sch\u00f6pfungen treffen. Nur wenige Schritte von der Werkstatt entfernt bieten Veranstaltungsorte wie das Th\u00e9\u00e2tre de Carouge, das Th\u00e9\u00e2tre des Amis oder andere ikonische Orte der lokalen Szene ein abwechslungsreiches Programm, das die Sch\u00f6pfer durch Theaterst\u00fccke, visuelle Darbietungen und kulturelle Veranstaltungen inspiriert.  <\/p>\n<p>Kunstgalerien mit ihren regelm\u00e4\u00dfigen Ausstellungen von Gem\u00e4lden, Skulpturen, Fotografien und Installationen bereichern das kreative Erlebnis zus\u00e4tzlich. Die lebendige Atmosph\u00e4re dieser R\u00e4ume regt zum Beobachten und Nachdenken an und er\u00f6ffnet unseren Kunden eine neue Perspektive auf Textilkunst und N\u00e4hen. <\/p>\n<p>F\u00fcr die Kunden unserer Couture-Werkstatt werden diese nahe gelegenen Orte zu einer echten Inspirationsquelle. Ob beim Bummel durch die Galerien oder beim Besuch eines Theaterst\u00fccks, unsere Kunden lassen sich von anderen K\u00fcnstlern inspirieren, die mit Materie, Raum und Emotionen spielen. Diese F\u00fclle an Ideen spiegelt sich direkt in ihren N\u00e4hw\u00fcnschen wider, wobei jedes Projekt zu einem Spiegelbild der kulturellen Vielfalt wird, die es umgibt.  <\/p>\n<h4>Von Handwerkern umgeben sein: ein Reservoir an Know-how und Kreation<\/h4>\n<p>Carouge ist ein lebendiges Zentrum des Kunsthandwerks, in dem jedes Gesch\u00e4ft ein wahrer Brutkasten f\u00fcr Ideen ist. Unsere N\u00e4hwerkstatt, verankert in diesem kreativen Netzwerk, profitiert von diesem handwerklichen Reichtum. Die Sch\u00f6pfer des Viertels, ob Juweliere, Lederwarenhersteller oder Keramiker, teilen eine gemeinsame Leidenschaft f\u00fcr Qualit\u00e4t und Handwerkskunst und schaffen eine Atmosph\u00e4re, die dem Austausch von Ideen und Know-how f\u00f6rderlich ist.  <\/p>\n<p>F\u00fcr unsere Kunden ist dieses Umfeld ein echtes kreatives Sprungbrett. Der Austausch mit anderen Kunsthandwerkern, das regelm\u00e4\u00dfige Entdecken neuer Techniken oder Materialien in nahegelegenen Gesch\u00e4ften und spontane Gespr\u00e4che mit anderen Designern bereichern die eigene Herangehensweise an Couture. Jede Sitzung in unserer N\u00e4hwerkstatt wird zu einer Gelegenheit, Tradition und Innovation zu vereinen, auf lokale Handwerkskunst zur\u00fcckzugreifen, um einzigartige St\u00fccke voller Bedeutung und Authentizit\u00e4t zu schaffen.  <\/p>\n\t\t\t\t\t\t\t<\/div>\r\n\t\t\t\t\t\t\t\t\t\t<\/div>\n\t\t\t\t<\/div>\n\t\t\t\t\t<\/div>\n\t\t\t\t<\/div>\n\t\t<div class=\"elementor-element elementor-element-8e5dc20 thegem-e-con-layout-thegem e-flex e-con-boxed e-con e-parent\" data-id=\"8e5dc20\" data-element_type=\"container\" data-e-type=\"container\" data-settings=\"{&quot;thegem_container_layout&quot;:&quot;thegem&quot;}\">\r\n\t\t\t\t\t<div class=\"e-con-inner\">\r\n\t\t<div class=\"elementor-element elementor-element-bd9cae0 e-con-full thegem-e-con-layout-thegem e-flex e-con e-child\" data-id=\"bd9cae0\" data-element_type=\"container\" data-e-type=\"container\" data-settings=\"{&quot;thegem_container_layout&quot;:&quot;thegem&quot;}\">\r\n\t\t\t\t<div class=\"elementor-element elementor-element-c66606e flex-horizontal-align-default flex-horizontal-align-tablet-default flex-horizontal-align-mobile-default flex-vertical-align-default flex-vertical-align-tablet-default flex-vertical-align-mobile-default elementor-widget elementor-widget-text-editor\" data-id=\"c66606e\" data-element_type=\"widget\" data-e-type=\"widget\" data-widget_type=\"text-editor.default\">\n\t\t\t\t\t\t\t\t\t\t\t\t<div class=\"elementor-text-editor elementor-clearfix\">\r\n\t\t\t\t\t\t<h4>Zuh\u00f6ren und pers\u00f6nliche Unterst\u00fctzung: ein Workshop im Dienste jedes Kunden<\/h4>\n<p>Eine der St\u00e4rken unserer N\u00e4hwerkstatt ist die besondere Aufmerksamkeit, die jedem Kunden geschenkt wird. In einem solch inspirierenden Umfeld wird jeder Mensch angeh\u00f6rt und in seinem kreativen Prozess unterst\u00fctzt. Ziel ist es, die Fantasie zu befl\u00fcgeln und pers\u00f6nlichen Ideen Gestalt zu geben.  <\/p>\n<p>Die Macher des Workshops nehmen sich die Zeit, die Erwartungen, Geschm\u00e4cker und W\u00fcnsche jedes Teilnehmers zu verstehen und bieten so eine ma\u00dfgeschneiderte Unterst\u00fctzung an. Aufmerksames Zuh\u00f6ren und die N\u00e4he zu den Kunden erm\u00f6glichen es uns, sie bei ihrer Kreation zu begleiten, sei es bei der Herstellung ma\u00dfgeschneiderter Kleidungsst\u00fccke, bei der Erkundung fortschrittlicher N\u00e4htechniken oder bei experimentelleren Projekten. Jede Idee wird gesch\u00e4tzt, jedes Projekt erh\u00e4lt die Zeit und Aufmerksamkeit, die notwendig sind, um ein Werk zu schaffen, das die Pers\u00f6nlichkeit des Sch\u00f6pfers voll und ganz widerspiegelt.  <\/p>\n\t\t\t\t\t\t\t<\/div>\r\n\t\t\t\t\t\t\t\t\t\t<\/div>\n\t\t\t\t<\/div>\n\t\t<div class=\"elementor-element elementor-element-2a5a127 e-con-full thegem-e-con-layout-thegem e-flex e-con e-child\" data-id=\"2a5a127\" data-element_type=\"container\" data-e-type=\"container\" data-settings=\"{&quot;thegem_container_layout&quot;:&quot;thegem&quot;}\">\r\n\t\t\t\t<div class=\"elementor-element elementor-element-428ab7f flex-horizontal-align-default flex-horizontal-align-tablet-default flex-horizontal-align-mobile-default flex-vertical-align-default flex-vertical-align-tablet-default flex-vertical-align-mobile-default elementor-widget elementor-widget-thegem-styledimage\" data-id=\"428ab7f\" data-element_type=\"widget\" data-e-type=\"widget\" data-settings=\"{&quot;thegem_elementor_preset&quot;:&quot;default&quot;,&quot;image&quot;:{&quot;url&quot;:&quot;https:\\\/\\\/www.audacieuse-galerie.ch\\\/wp-content\\\/plugins\\\/elementor\\\/assets\\\/images\\\/placeholder.png&quot;,&quot;id&quot;:&quot;&quot;,&quot;size&quot;:&quot;&quot;},&quot;image_position&quot;:&quot;left&quot;,&quot;icon_show&quot;:&quot;yes&quot;}\" data-widget_type=\"thegem-styledimage.default\">\n\t\t\t\t<div class=\"elementor-widget-container\">\n\t\t\t\t\t\n<div class=\"styled-image-wrapper\">\n\t\t\t<div class=\"gem-image gem-wrapbox gem-wrapbox-default gem-wrapbox-position-left lazy-loading \">\n\t\t\t<div class=\"gem-wrapbox-inner  lazy-loading-item\"  data-ll-effect=\"move-up\">\n\t\t\t\t\t\t\t\t<a href=\"https:\/\/www.audacieuse-galerie.ch\/wp-content\/plugins\/elementor\/assets\/images\/placeholder.png\" class=\"fancybox\">\n\t\t\t\t\t\t\t\t\t\t<img class=\"gem-wrapbox-element img-responsive \"\n\t\t\t\t\t\t src=\"https:\/\/www.audacieuse-galerie.ch\/wp-content\/plugins\/elementor\/assets\/images\/placeholder.png\"\n\t\t\t\t\t\t alt=\"\">\n\t\t\t\t\t\t\t\t\t\t<svg aria-hidden=\"true\" class=\"e-font-icon-svg e-fas-camera\" viewBox=\"0 0 512 512\" xmlns=\"http:\/\/www.w3.org\/2000\/svg\"><path d=\"M512 144v288c0 26.5-21.5 48-48 48H48c-26.5 0-48-21.5-48-48V144c0-26.5 21.5-48 48-48h88l12.3-32.9c7-18.7 24.9-31.1 44.9-31.1h125.5c20 0 37.9 12.4 44.9 31.1L376 96h88c26.5 0 48 21.5 48 48zM376 288c0-66.2-53.8-120-120-120s-120 53.8-120 120 53.8 120 120 120 120-53.8 120-120zm-32 0c0 48.5-39.5 88-88 88s-88-39.5-88-88 39.5-88 88-88 88 39.5 88 88z\"><\/path><\/svg>\t\t\t\t<\/a>\n\t\t\t\t\t\t<\/div>\n\t\t<\/div>\n\t\t<\/div>\n\n\n\t\n\t\t\t\t\t\t<\/div>\n\t\t\t\t<\/div>\n\t\t\t\t<\/div>\n\t\t\t\t\t<\/div>\n\t\t\t\t<\/div>\n\t\t\t\t<\/div>\n\t\t","protected":false},"excerpt":{"rendered":"<p>Die Inspiration einer N\u00e4hwerkstatt in der Altstadt von Carouge: eine kreative Reise ins Herz des Handwerks Unsere N\u00e4hwerkstatt befindet sich&#8230;<\/p>\n","protected":false},"author":1,"featured_media":0,"parent":0,"menu_order":0,"comment_status":"closed","ping_status":"closed","template":"page-fullwidth.php","meta":{"_glsr_average":0,"_glsr_ranking":0,"_glsr_reviews":0,"footnotes":""},"class_list":["post-119073","page","type-page","status-publish"],"yoast_head":"<!-- This site is optimized with the Yoast SEO plugin v27.4 - https:\/\/yoast.com\/product\/yoast-seo-wordpress\/ -->\n<title>Ein Ort der Inspiration -<\/title>\n<meta name=\"description\" content=\"Ein Ort der Inspiration - Audacieuse-Galerie\" \/>\n<meta name=\"robots\" content=\"index, follow, max-snippet:-1, max-image-preview:large, max-video-preview:-1\" \/>\n<link rel=\"canonical\" href=\"https:\/\/www.audacieuse-galerie.ch\/de\/elementor-119053\/\" \/>\n<meta property=\"og:locale\" content=\"de_DE\" \/>\n<meta property=\"og:type\" content=\"article\" \/>\n<meta property=\"og:title\" content=\"Ein Ort der Inspiration -\" \/>\n<meta property=\"og:description\" content=\"Ein Ort der Inspiration - Audacieuse-Galerie\" \/>\n<meta property=\"og:url\" content=\"https:\/\/www.audacieuse-galerie.ch\/de\/elementor-119053\/\" \/>\n<meta property=\"og:site_name\" content=\"Audacieuse-Galerie\" \/>\n<meta property=\"article:publisher\" content=\"https:\/\/www.facebook.com\/audacieuse.galerie\" \/>\n<meta property=\"article:modified_time\" content=\"2025-03-09T08:58:58+00:00\" \/>\n<meta name=\"twitter:card\" content=\"summary_large_image\" \/>\n<meta name=\"twitter:label1\" content=\"Gesch\u00e4tzte Lesezeit\" \/>\n\t<meta name=\"twitter:data1\" content=\"4 Minuten\" \/>\n<script type=\"application\/ld+json\" class=\"yoast-schema-graph\">{\"@context\":\"https:\\\/\\\/schema.org\",\"@graph\":[]}<\/script>\n<!-- \/ Yoast SEO plugin. -->","yoast_head_json":{"title":"Ein Ort der Inspiration -","description":"Ein Ort der Inspiration - Audacieuse-Galerie","robots":{"index":"index","follow":"follow","max-snippet":"max-snippet:-1","max-image-preview":"max-image-preview:large","max-video-preview":"max-video-preview:-1"},"canonical":"https:\/\/www.audacieuse-galerie.ch\/de\/elementor-119053\/","og_locale":"de_DE","og_type":"article","og_title":"Ein Ort der Inspiration -","og_description":"Ein Ort der Inspiration - Audacieuse-Galerie","og_url":"https:\/\/www.audacieuse-galerie.ch\/de\/elementor-119053\/","og_site_name":"Audacieuse-Galerie","article_publisher":"https:\/\/www.facebook.com\/audacieuse.galerie","article_modified_time":"2025-03-09T08:58:58+00:00","twitter_card":"summary_large_image","twitter_misc":{"Gesch\u00e4tzte Lesezeit":"4 Minuten"},"schema":{"@context":"https:\/\/schema.org","@graph":[]}},"_links":{"self":[{"href":"https:\/\/www.audacieuse-galerie.ch\/de\/wp-json\/wp\/v2\/pages\/119073","targetHints":{"allow":["GET"]}}],"collection":[{"href":"https:\/\/www.audacieuse-galerie.ch\/de\/wp-json\/wp\/v2\/pages"}],"about":[{"href":"https:\/\/www.audacieuse-galerie.ch\/de\/wp-json\/wp\/v2\/types\/page"}],"author":[{"embeddable":true,"href":"https:\/\/www.audacieuse-galerie.ch\/de\/wp-json\/wp\/v2\/users\/1"}],"replies":[{"embeddable":true,"href":"https:\/\/www.audacieuse-galerie.ch\/de\/wp-json\/wp\/v2\/comments?post=119073"}],"version-history":[{"count":0,"href":"https:\/\/www.audacieuse-galerie.ch\/de\/wp-json\/wp\/v2\/pages\/119073\/revisions"}],"wp:attachment":[{"href":"https:\/\/www.audacieuse-galerie.ch\/de\/wp-json\/wp\/v2\/media?parent=119073"}],"curies":[{"name":"wp","href":"https:\/\/api.w.org\/{rel}","templated":true}]}}