{"id":119120,"date":"2025-01-14T15:18:46","date_gmt":"2025-01-14T14:18:46","guid":{"rendered":"https:\/\/woo.audacieuse-galerie.ch\/pressemitteilung-studio-photo-video\/"},"modified":"2025-11-09T14:22:11","modified_gmt":"2025-11-09T13:22:11","slug":"pressemitteilung-studio-photo-video","status":"publish","type":"page","link":"https:\/\/www.audacieuse-galerie.ch\/de\/pressemitteilung-studio-photo-video\/","title":{"rendered":"Pressemitteilung Studio Photo Video"},"content":{"rendered":"\t\t<div data-elementor-type=\"wp-page\" data-elementor-id=\"119120\" class=\"elementor elementor-119120 elementor-119114\">\n\t\t\t\t<div class=\"elementor-element elementor-element-fc3dbd2 thegem-e-con-layout-thegem e-flex e-con-boxed e-con e-parent\" data-id=\"fc3dbd2\" data-element_type=\"container\" data-e-type=\"container\" data-settings=\"{&quot;thegem_container_layout&quot;:&quot;thegem&quot;}\">\r\n\t\t\t\t\t<div class=\"e-con-inner\">\r\n\t\t\t\t<div class=\"elementor-element elementor-element-7626cac flex-horizontal-align-default flex-horizontal-align-tablet-default flex-horizontal-align-mobile-default flex-vertical-align-default flex-vertical-align-tablet-default flex-vertical-align-mobile-default elementor-widget elementor-widget-text-editor\" data-id=\"7626cac\" data-element_type=\"widget\" data-e-type=\"widget\" data-widget_type=\"text-editor.default\">\n\t\t\t\t\t\t\t\t\t\t\t\t<div class=\"elementor-text-editor elementor-clearfix\">\r\n\t\t\t\t\t\t<h1>Audacieuse-Galerie \u2013 Atelier und Galerie: Den Moment einfangen und die Kreation sublimieren<\/h1><p>Das <strong>Foto- und Videostudio Audacieuse-Galerie<\/strong> mit Sitz in Carouge Genf zeichnet sich durch seine umfassende Herangehensweise an das Bild aus, die von professioneller Fotografie bis hin zur architektonischen Aufwertung reicht, einschlie\u00dflich Event-Capture und Produktfotografie.<\/p><p>Das Studio ist auch eine <strong>Galerie f\u00fcr Kunstfotografie,<\/strong> in der zeitgen\u00f6ssische Werke angeboten werden, die eine kreative und sensible Vision der Fotografie widerspiegeln. Diese Ausstellungen erm\u00f6glichen es Besuchern und Sammlern, Originalbilder zu entdecken und gleichzeitig das technische und k\u00fcnstlerische Know-how des Ateliers hervorzuheben. <\/p><p>Die Audacieuse-Galerie unterst\u00fctzt ein breites Spektrum von Kunden: Unternehmen, Privatpersonen, Architekten und Brautpaare. Jedes Projekt profitiert von besonderer Aufmerksamkeit f\u00fcr <strong>Beleuchtung, Winkel und Kompositionen<\/strong>, um \u00e4sthetisch ansprechende und pr\u00e4zise Bilder zu erzeugen, die an die Bed\u00fcrfnisse jedes Einzelnen angepasst sind. <\/p><p>W\u00e4hrend das Studio in erster Linie bildorientiert ist, arbeitet es gelegentlich mit der <strong>Modeindustrie<\/strong> zusammen, einschlie\u00dflich der Fotografie von Kreationen vor Ort in seinem integrierten Atelier. Diese diskrete Synergie unterstreicht die Vielseitigkeit des Ortes, ohne in seine prim\u00e4re Berufung einzugreifen: die Kunst des Bildes. <\/p><p><strong>Kontakt:<\/strong><br>Telefon: +41 22 556 52 53<br>Webseite: <a href=\"https:\/\/www.audacieuse-galerie.ch\/de\/\">www.audacieuse-galerie.ch<\/a><\/p>\t\t\t\t\t\t\t<\/div>\r\n\t\t\t\t\t\t\t\t\t\t<\/div>\n\t\t\t\t\t<\/div>\n\t\t\t\t<\/div>\n\t\t\t\t<\/div>\n\t\t","protected":false},"excerpt":{"rendered":"<p>Audacieuse-Galerie \u2013 Atelier und Galerie: Den Moment einfangen und die Kreation sublimieren Das Foto- und Videostudio Audacieuse-Galerie mit Sitz in&#8230;<\/p>\n","protected":false},"author":1,"featured_media":0,"parent":0,"menu_order":0,"comment_status":"closed","ping_status":"closed","template":"page-fullwidth.php","meta":{"_glsr_average":0,"_glsr_ranking":0,"_glsr_reviews":0,"footnotes":""},"class_list":["post-119120","page","type-page","status-publish"],"yoast_head":"<!-- This site is optimized with the Yoast SEO plugin v27.4 - https:\/\/yoast.com\/product\/yoast-seo-wordpress\/ -->\n<title>Pressemitteilung Audacieuse-Galerie: Foto- und Videostudio<\/title>\n<meta name=\"description\" content=\"Audacieuse-Galerie in Carouge Genf: fachkundiges Foto- und Videostudio, Portr\u00e4ts, Mode, Hochzeiten, Unternehmen und einzigartige Kreationen.\" \/>\n<meta name=\"robots\" content=\"index, follow, max-snippet:-1, max-image-preview:large, max-video-preview:-1\" \/>\n<link rel=\"canonical\" href=\"https:\/\/www.audacieuse-galerie.ch\/de\/pressemitteilung-studio-photo-video\/\" \/>\n<meta property=\"og:locale\" content=\"de_DE\" \/>\n<meta property=\"og:type\" content=\"article\" \/>\n<meta property=\"og:title\" content=\"Pressemitteilung Audacieuse-Galerie: Foto- und Videostudio\" \/>\n<meta property=\"og:description\" content=\"Audacieuse-Galerie in Carouge Genf: fachkundiges Foto- und Videostudio, Portr\u00e4ts, Mode, Hochzeiten, Unternehmen und einzigartige Kreationen.\" \/>\n<meta property=\"og:url\" content=\"https:\/\/www.audacieuse-galerie.ch\/de\/pressemitteilung-studio-photo-video\/\" \/>\n<meta property=\"og:site_name\" content=\"Audacieuse-Galerie\" \/>\n<meta property=\"article:publisher\" content=\"https:\/\/www.facebook.com\/audacieuse.galerie\" \/>\n<meta property=\"article:modified_time\" content=\"2025-11-09T13:22:11+00:00\" \/>\n<meta name=\"twitter:card\" content=\"summary_large_image\" \/>\n<meta name=\"twitter:label1\" content=\"Gesch\u00e4tzte Lesezeit\" \/>\n\t<meta name=\"twitter:data1\" content=\"1 Minute\" \/>\n<script type=\"application\/ld+json\" class=\"yoast-schema-graph\">{\"@context\":\"https:\\\/\\\/schema.org\",\"@graph\":[]}<\/script>\n<!-- \/ Yoast SEO plugin. -->","yoast_head_json":{"title":"Pressemitteilung Audacieuse-Galerie: Foto- und Videostudio","description":"Audacieuse-Galerie in Carouge Genf: fachkundiges Foto- und Videostudio, Portr\u00e4ts, Mode, Hochzeiten, Unternehmen und einzigartige Kreationen.","robots":{"index":"index","follow":"follow","max-snippet":"max-snippet:-1","max-image-preview":"max-image-preview:large","max-video-preview":"max-video-preview:-1"},"canonical":"https:\/\/www.audacieuse-galerie.ch\/de\/pressemitteilung-studio-photo-video\/","og_locale":"de_DE","og_type":"article","og_title":"Pressemitteilung Audacieuse-Galerie: Foto- und Videostudio","og_description":"Audacieuse-Galerie in Carouge Genf: fachkundiges Foto- und Videostudio, Portr\u00e4ts, Mode, Hochzeiten, Unternehmen und einzigartige Kreationen.","og_url":"https:\/\/www.audacieuse-galerie.ch\/de\/pressemitteilung-studio-photo-video\/","og_site_name":"Audacieuse-Galerie","article_publisher":"https:\/\/www.facebook.com\/audacieuse.galerie","article_modified_time":"2025-11-09T13:22:11+00:00","twitter_card":"summary_large_image","twitter_misc":{"Gesch\u00e4tzte Lesezeit":"1 Minute"},"schema":{"@context":"https:\/\/schema.org","@graph":[]}},"_links":{"self":[{"href":"https:\/\/www.audacieuse-galerie.ch\/de\/wp-json\/wp\/v2\/pages\/119120","targetHints":{"allow":["GET"]}}],"collection":[{"href":"https:\/\/www.audacieuse-galerie.ch\/de\/wp-json\/wp\/v2\/pages"}],"about":[{"href":"https:\/\/www.audacieuse-galerie.ch\/de\/wp-json\/wp\/v2\/types\/page"}],"author":[{"embeddable":true,"href":"https:\/\/www.audacieuse-galerie.ch\/de\/wp-json\/wp\/v2\/users\/1"}],"replies":[{"embeddable":true,"href":"https:\/\/www.audacieuse-galerie.ch\/de\/wp-json\/wp\/v2\/comments?post=119120"}],"version-history":[{"count":0,"href":"https:\/\/www.audacieuse-galerie.ch\/de\/wp-json\/wp\/v2\/pages\/119120\/revisions"}],"wp:attachment":[{"href":"https:\/\/www.audacieuse-galerie.ch\/de\/wp-json\/wp\/v2\/media?parent=119120"}],"curies":[{"name":"wp","href":"https:\/\/api.w.org\/{rel}","templated":true}]}}