{"id":120084,"date":"2025-01-22T21:24:34","date_gmt":"2025-01-22T20:24:34","guid":{"rendered":"https:\/\/woo.audacieuse-galerie.ch\/bekleidungsschnitt-und-prototyping\/"},"modified":"2026-04-07T11:15:59","modified_gmt":"2026-04-07T09:15:59","slug":"bekleidungsschnitt-und-prototyping","status":"publish","type":"page","link":"https:\/\/www.audacieuse-galerie.ch\/de\/bekleidungsschnitt-und-prototyping\/","title":{"rendered":"Bekleidungsschnitt und Prototyping"},"content":{"rendered":"\t\t<div data-elementor-type=\"wp-page\" data-elementor-id=\"120084\" class=\"elementor elementor-120084 elementor-120080\">\n\t\t\t\t\t\t<section class=\"elementor-section elementor-top-section elementor-element elementor-element-64a97707 elementor-section-full_width elementor-section-height-default elementor-section-height-default\" data-id=\"64a97707\" data-element_type=\"section\" data-e-type=\"section\">\r\n\t\t\t\t\t\t<div class=\"elementor-container elementor-column-gap-no\"><div class=\"elementor-row\">\r\n\t\t\t\t\t<div class=\"elementor-column elementor-col-100 elementor-top-column elementor-element elementor-element-202d8cc\" data-id=\"202d8cc\" data-element_type=\"column\" data-e-type=\"column\">\n\t\t\t<div class=\"elementor-widget-wrap\">\n\t\t\t\t\t\t\t<\/div>\n\t\t<\/div>\n\t\t\t\t\t<\/div><\/div>\r\n\t\t<\/section>\r\n\t\t<div class=\"elementor-element elementor-element-1658029 thegem-e-con-layout-thegem e-flex e-con-boxed e-con e-parent\" data-id=\"1658029\" data-element_type=\"container\" data-e-type=\"container\" data-settings=\"{&quot;thegem_container_layout&quot;:&quot;thegem&quot;}\">\r\n\t\t\t\t\t<div class=\"e-con-inner\">\r\n\t\t<div class=\"elementor-element elementor-element-654e31d e-con-full thegem-e-con-layout-thegem e-flex e-con e-child\" data-id=\"654e31d\" data-element_type=\"container\" data-e-type=\"container\" data-settings=\"{&quot;thegem_container_layout&quot;:&quot;thegem&quot;}\">\r\n\t\t\t\t<div class=\"elementor-element elementor-element-5ae76cb flex-horizontal-align-default flex-horizontal-align-tablet-default flex-horizontal-align-mobile-default flex-vertical-align-default flex-vertical-align-tablet-default flex-vertical-align-mobile-default elementor-widget elementor-widget-text-editor\" data-id=\"5ae76cb\" data-element_type=\"widget\" data-e-type=\"widget\" data-widget_type=\"text-editor.default\">\n\t\t\t\t\t\t\t\t\t\t\t\t<div class=\"elementor-text-editor elementor-clearfix\">\r\n\t\t\t\t\t\t<h1>Modellbau und Prototyping: Die Exzellenz der Haute-Couture-Handwerkskunst<\/h1><p>In der Audacieuse-Galerie erwecken wir Ihre Ideen dank au\u00dfergew\u00f6hnlichem Know-how in der Modellherstellung und im Prototyping zum Leben. Mit unserer Expertise in Haute Couture und luxuri\u00f6ser Pr\u00eat-\u00e0-porter kreieren wir einzigartige St\u00fccke, die Ihre Vision mit Finesse und Eleganz umsetzen. <\/p>\t\t\t\t\t\t\t<\/div>\r\n\t\t\t\t\t\t\t\t\t\t<\/div>\n\t\t\t\t<\/div>\n\t\t<div class=\"elementor-element elementor-element-b90a112 e-con-full thegem-e-con-layout-thegem e-flex e-con e-child\" data-id=\"b90a112\" data-element_type=\"container\" data-e-type=\"container\" data-settings=\"{&quot;thegem_container_layout&quot;:&quot;thegem&quot;}\">\r\n\t\t\t\t<div class=\"elementor-element elementor-element-29d9c9c flex-horizontal-align-default flex-horizontal-align-tablet-default flex-horizontal-align-mobile-default flex-vertical-align-default flex-vertical-align-tablet-default flex-vertical-align-mobile-default elementor-widget elementor-widget-thegem-styledimage\" data-id=\"29d9c9c\" data-element_type=\"widget\" data-e-type=\"widget\" data-settings=\"{&quot;image&quot;:{&quot;url&quot;:&quot;https:\\\/\\\/www.audacieuse-galerie.ch\\\/wp-content\\\/uploads\\\/2022\\\/08\\\/1340-Cours-individuel-de-couture-a-Carouge-Geneve.jpg&quot;,&quot;id&quot;:65525,&quot;size&quot;:&quot;&quot;,&quot;alt&quot;:&quot;Cours individuel de couture \\u00e0 Carouge Gen\\u00e8ve&quot;,&quot;source&quot;:&quot;library&quot;},&quot;thegem_elementor_preset&quot;:&quot;default&quot;,&quot;image_position&quot;:&quot;left&quot;,&quot;icon_show&quot;:&quot;yes&quot;}\" data-widget_type=\"thegem-styledimage.default\">\n\t\t\t\t<div class=\"elementor-widget-container\">\n\t\t\t\t\t\n<div class=\"styled-image-wrapper\">\n\t\t\t<div class=\"gem-image gem-wrapbox gem-wrapbox-default gem-wrapbox-position-left lazy-loading \">\n\t\t\t<div class=\"gem-wrapbox-inner  lazy-loading-item\"  data-ll-effect=\"move-up\">\n\t\t\t\t\t\t\t\t<a href=\"https:\/\/www.audacieuse-galerie.ch\/wp-content\/uploads\/2022\/08\/1340-Cours-individuel-de-couture-a-Carouge-Geneve.jpg\" class=\"fancybox\">\n\t\t\t\t\t\t\t\t\t\t<img class=\"gem-wrapbox-element img-responsive \"\n\t\t\t\t\t\t src=\"https:\/\/www.audacieuse-galerie.ch\/wp-content\/uploads\/2022\/08\/1340-Cours-individuel-de-couture-a-Carouge-Geneve.jpg\"\n\t\t\t\t\t\t alt=\"Cours individuel de couture \u00e0 Carouge Gen\u00e8ve\">\n\t\t\t\t\t\t\t\t\t\t<svg aria-hidden=\"true\" class=\"e-font-icon-svg e-fas-camera\" viewBox=\"0 0 512 512\" xmlns=\"http:\/\/www.w3.org\/2000\/svg\"><path d=\"M512 144v288c0 26.5-21.5 48-48 48H48c-26.5 0-48-21.5-48-48V144c0-26.5 21.5-48 48-48h88l12.3-32.9c7-18.7 24.9-31.1 44.9-31.1h125.5c20 0 37.9 12.4 44.9 31.1L376 96h88c26.5 0 48 21.5 48 48zM376 288c0-66.2-53.8-120-120-120s-120 53.8-120 120 53.8 120 120 120 120-53.8 120-120zm-32 0c0 48.5-39.5 88-88 88s-88-39.5-88-88 39.5-88 88-88 88 39.5 88 88z\"><\/path><\/svg>\t\t\t\t<\/a>\n\t\t\t\t\t\t<\/div>\n\t\t<\/div>\n\t\t<\/div>\n\n\n\t\n\t\t\t\t\t\t<\/div>\n\t\t\t\t<\/div>\n\t\t\t\t<\/div>\n\t\t<div class=\"elementor-element elementor-element-480dc5b e-con-full thegem-e-con-layout-thegem e-flex e-con e-child\" data-id=\"480dc5b\" data-element_type=\"container\" data-e-type=\"container\" data-settings=\"{&quot;thegem_container_layout&quot;:&quot;thegem&quot;}\">\r\n\t\t\t\t<div class=\"elementor-element elementor-element-fabdca3 flex-horizontal-align-default flex-horizontal-align-tablet-default flex-horizontal-align-mobile-default flex-vertical-align-default flex-vertical-align-tablet-default flex-vertical-align-mobile-default elementor-widget elementor-widget-thegem-styledimage\" data-id=\"fabdca3\" data-element_type=\"widget\" data-e-type=\"widget\" data-settings=\"{&quot;image&quot;:{&quot;url&quot;:&quot;https:\\\/\\\/www.audacieuse-galerie.ch\\\/wp-content\\\/uploads\\\/2022\\\/08\\\/1341-Cours-individuel-de-couture-a-Carouge-Geneve.jpg&quot;,&quot;id&quot;:65522,&quot;size&quot;:&quot;&quot;,&quot;alt&quot;:&quot;Cours individuel de couture \\u00e0 Carouge Gen\\u00e8ve&quot;,&quot;source&quot;:&quot;library&quot;},&quot;thegem_elementor_preset&quot;:&quot;default&quot;,&quot;image_position&quot;:&quot;left&quot;,&quot;icon_show&quot;:&quot;yes&quot;}\" data-widget_type=\"thegem-styledimage.default\">\n\t\t\t\t<div class=\"elementor-widget-container\">\n\t\t\t\t\t\n<div class=\"styled-image-wrapper\">\n\t\t\t<div class=\"gem-image gem-wrapbox gem-wrapbox-default gem-wrapbox-position-left lazy-loading \">\n\t\t\t<div class=\"gem-wrapbox-inner  lazy-loading-item\"  data-ll-effect=\"move-up\">\n\t\t\t\t\t\t\t\t<a href=\"https:\/\/www.audacieuse-galerie.ch\/wp-content\/uploads\/2022\/08\/1341-Cours-individuel-de-couture-a-Carouge-Geneve.jpg\" class=\"fancybox\">\n\t\t\t\t\t\t\t\t\t\t<img class=\"gem-wrapbox-element img-responsive \"\n\t\t\t\t\t\t src=\"https:\/\/www.audacieuse-galerie.ch\/wp-content\/uploads\/2022\/08\/1341-Cours-individuel-de-couture-a-Carouge-Geneve.jpg\"\n\t\t\t\t\t\t alt=\"Cours individuel de couture \u00e0 Carouge Gen\u00e8ve\">\n\t\t\t\t\t\t\t\t\t\t<svg aria-hidden=\"true\" class=\"e-font-icon-svg e-fas-camera\" viewBox=\"0 0 512 512\" xmlns=\"http:\/\/www.w3.org\/2000\/svg\"><path d=\"M512 144v288c0 26.5-21.5 48-48 48H48c-26.5 0-48-21.5-48-48V144c0-26.5 21.5-48 48-48h88l12.3-32.9c7-18.7 24.9-31.1 44.9-31.1h125.5c20 0 37.9 12.4 44.9 31.1L376 96h88c26.5 0 48 21.5 48 48zM376 288c0-66.2-53.8-120-120-120s-120 53.8-120 120 53.8 120 120 120 120-53.8 120-120zm-32 0c0 48.5-39.5 88-88 88s-88-39.5-88-88 39.5-88 88-88 88 39.5 88 88z\"><\/path><\/svg>\t\t\t\t<\/a>\n\t\t\t\t\t\t<\/div>\n\t\t<\/div>\n\t\t<\/div>\n\n\n\t\n\t\t\t\t\t\t<\/div>\n\t\t\t\t<\/div>\n\t\t\t\t<\/div>\n\t\t<div class=\"elementor-element elementor-element-0a7c932 e-con-full thegem-e-con-layout-thegem e-flex e-con e-child\" data-id=\"0a7c932\" data-element_type=\"container\" data-e-type=\"container\" data-settings=\"{&quot;thegem_container_layout&quot;:&quot;thegem&quot;}\">\r\n\t\t\t\t<div class=\"elementor-element elementor-element-cf4c17d flex-horizontal-align-default flex-horizontal-align-tablet-default flex-horizontal-align-mobile-default flex-vertical-align-default flex-vertical-align-tablet-default flex-vertical-align-mobile-default elementor-widget elementor-widget-text-editor\" data-id=\"cf4c17d\" data-element_type=\"widget\" data-e-type=\"widget\" data-widget_type=\"text-editor.default\">\n\t\t\t\t\t\t\t\t\t\t\t\t<div class=\"elementor-text-editor elementor-clearfix\">\r\n\t\t\t\t\t\t<h3>Unsere Leistungen<\/h3><ul><li><strong>Authentisches Know-how<\/strong> : Jedes Muster und jeder Prototyp, den wir herstellen, ist das Ergebnis sorgf\u00e4ltiger Arbeit, inspiriert von den traditionellen Techniken der High-End-Schneiderkunst.<\/li><li><strong>Ma\u00dfgeschneidert und kollaborativ:<\/strong> Wir stellen Ihre Erwartungen in den Mittelpunkt unseres kreativen Prozesses und entwickeln L\u00f6sungen, die perfekt an Ihre Bed\u00fcrfnisse und Ihre Identit\u00e4t angepasst sind.<\/li><li><strong>Exzellenz im Detail<\/strong> : Unsere Leidenschaft f\u00fcr Details und Qualit\u00e4t erm\u00f6glicht es uns, Ihnen einen Service zu bieten, der Ihre kreativen Kollektionen auf ein h\u00f6heres Niveau hebt und auf das h\u00f6chste Niveau hebt.<\/li><\/ul>\t\t\t\t\t\t\t<\/div>\r\n\t\t\t\t\t\t\t\t\t\t<\/div>\n\t\t\t\t<\/div>\n\t\t\t\t\t<\/div>\n\t\t\t\t<\/div>\n\t\t<div class=\"elementor-element elementor-element-edd5ad7 thegem-e-con-layout-thegem e-flex e-con-boxed e-con e-parent\" data-id=\"edd5ad7\" data-element_type=\"container\" data-e-type=\"container\" data-settings=\"{&quot;thegem_container_layout&quot;:&quot;thegem&quot;}\">\r\n\t\t\t\t\t<div class=\"e-con-inner\">\r\n\t\t<div class=\"elementor-element elementor-element-08e1889 e-con-full thegem-e-con-layout-thegem e-flex e-con e-child\" data-id=\"08e1889\" data-element_type=\"container\" data-e-type=\"container\" data-settings=\"{&quot;thegem_container_layout&quot;:&quot;thegem&quot;}\">\r\n\t\t<div class=\"elementor-element elementor-element-f0302c4 e-con-full thegem-e-con-layout-thegem e-flex e-con e-child\" data-id=\"f0302c4\" data-element_type=\"container\" data-e-type=\"container\" data-settings=\"{&quot;background_background&quot;:&quot;classic&quot;,&quot;shape_divider_bottom&quot;:&quot;split&quot;,&quot;shape_divider_bottom_negative&quot;:&quot;yes&quot;,&quot;thegem_container_layout&quot;:&quot;thegem&quot;}\">\r\n\t\t\t\t<div class=\"elementor-shape elementor-shape-bottom\" aria-hidden=\"true\" data-negative=\"true\">\n\t\t\t<svg xmlns=\"http:\/\/www.w3.org\/2000\/svg\" viewBox=\"0 0 1000 20\" preserveAspectRatio=\"none\">\n\t<path class=\"elementor-shape-fill\" d=\"M519.8,0.2c-11,0-19.8,8.5-19.8,19c0-10.4-8.8-19-19.8-19L0,0v20h1000V0.2H519.8z\"\/>\n<\/svg>\t\t<\/div>\n\t\t\t\t<div class=\"elementor-element elementor-element-7657291 flex-horizontal-align-default flex-horizontal-align-tablet-default flex-horizontal-align-mobile-default flex-vertical-align-default flex-vertical-align-tablet-default flex-vertical-align-mobile-default elementor-widget elementor-widget-text-editor\" data-id=\"7657291\" data-element_type=\"widget\" data-e-type=\"widget\" data-widget_type=\"text-editor.default\">\n\t\t\t\t\t\t\t\t\t\t\t\t<div class=\"elementor-text-editor elementor-clearfix\">\r\n\t\t\t\t\t\t<h3 style=\"text-align: center;\">Sind Sie bereit, Ihre Ideen in die Realit\u00e4t umzusetzen?<\/h3><p style=\"text-align: center;\">Vertrauen Sie uns Ihre Projekte an und lassen Sie sie von uns in einzigartige und unvergessliche Kreationen verwandeln. Lassen Sie uns gemeinsam die Kombination aus Kreativit\u00e4t und Handwerkskunst feiern. <strong>Kontaktieren Sie uns noch heute<\/strong> , um mehr zu erfahren oder ein ma\u00dfgeschneidertes Treffen zu vereinbaren. <\/p>\t\t\t\t\t\t\t<\/div>\r\n\t\t\t\t\t\t\t\t\t\t<\/div>\n\t\t\t\t<\/div>\n\t\t\t\t<div class=\"elementor-element elementor-element-65ad252 flex-horizontal-align-default flex-horizontal-align-tablet-default flex-horizontal-align-mobile-default flex-vertical-align-default flex-vertical-align-tablet-default flex-vertical-align-mobile-default elementor-widget elementor-widget-shortcode\" data-id=\"65ad252\" data-element_type=\"widget\" data-e-type=\"widget\" data-widget_type=\"shortcode.default\">\n\t\t\t\t\t\t\t<div class=\"elementor-shortcode\">\n<div class=\"wpcf7 no-js\" id=\"wpcf7-f73529-o1\" lang=\"de-DE\" dir=\"ltr\" data-wpcf7-id=\"73529\">\n<div class=\"screen-reader-response\"><p role=\"status\" aria-live=\"polite\" aria-atomic=\"true\"><\/p> <ul><\/ul><\/div>\n<form action=\"\/de\/wp-json\/wp\/v2\/pages\/120084#wpcf7-f73529-o1\" method=\"post\" class=\"wpcf7-form init wpb_gqb_form_product_info_hide\" aria-label=\"Kontaktformular\" novalidate=\"novalidate\" data-status=\"init\">\n<fieldset class=\"hidden-fields-container\"><legend class=\"screen-reader-text\">Hidden fields<\/legend><input type=\"hidden\" name=\"_wpcf7\" value=\"73529\" \/><input type=\"hidden\" name=\"_wpcf7_version\" value=\"6.1.5\" \/><input type=\"hidden\" name=\"_wpcf7_locale\" value=\"de_DE\" \/><input type=\"hidden\" name=\"_wpcf7_unit_tag\" value=\"wpcf7-f73529-o1\" \/><input type=\"hidden\" name=\"_wpcf7_container_post\" value=\"0\" \/><input type=\"hidden\" name=\"_wpcf7_posted_data_hash\" value=\"\" \/>\n<\/fieldset>\n<div class=\"contact-form row\">\n\n\t<div class=\"form-line col-lg-12 col-md-12 col-xs-12\">\n<div class=\"gem-form-icon-name\">[text* Platzhalter f\u00fcr Ihren Namen akismet:author \"Ihr Name\"]\n<\/div><\/div>\n\n\t<div class=\"form-line col-lg-12 col-md-12 col-xs-12\">\n<div class=\"gem-form-icon-email\">\n  <span class=\"wpcf7-form-control-wrap\" data-name=\"your-email\"><input size=\"40\" maxlength=\"400\" class=\"wpcf7-form-control wpcf7-email wpcf7-validates-as-required wpcf7-text wpcf7-validates-as-email\" autocomplete=\"email\" aria-required=\"true\" aria-invalid=\"false\" placeholder=\"Ihre E-Mail-Adresse\" value=\"\" type=\"email\" name=\"your-email\" \/><\/span><\/div>\n\t<\/div>\n\n\n\t<div class=\"form-line col-lg-12 col-md-12 col-xs-12\"><div class=\"gem-form-icon-phone\"><span class=\"wpcf7-form-control-wrap\" data-name=\"tel-245\"><input size=\"40\" maxlength=\"400\" class=\"wpcf7-form-control wpcf7-tel wpcf7-text wpcf7-validates-as-tel\" aria-invalid=\"false\" value=\"+41\" type=\"tel\" name=\"tel-245\" \/><\/span><\/div><\/div>\n<div class=\"col-lg-12 col-md-12 col-xs-12\" style=\"margin-bottom:20px;margin-top:20px;\">\n\n<div class=\"form-line\"><span class=\"wpcf7-form-control-wrap\" data-name=\"your-message\"><textarea cols=\"30\" rows=\"4\" maxlength=\"2000\" class=\"wpcf7-form-control wpcf7-textarea wpcf7-validates-as-required\" aria-required=\"true\" aria-invalid=\"false\" name=\"your-message\">Nachricht<\/textarea><\/span><\/div>\n\n\t<div class=\"col-lg-12 col-md-12 col-xs-12\"><input class=\"wpcf7-form-control wpcf7-submit has-spinner\" type=\"submit\" value=\"Werden Sie kontaktiert\" \/><\/div>\n\n<\/div><div class=\"wpcf7-response-output\" aria-hidden=\"true\"><\/div>\n<\/form>\n<\/div>\n<\/div>\n\t\t\t\t\t\t<\/div>\n\t\t\t\t<\/div>\n\t\t\t\t\t<\/div>\n\t\t\t\t<\/div>\n\t\t\t\t<\/div>\n\t\t","protected":false},"excerpt":{"rendered":"<p>Modellbau und Prototyping: Die Exzellenz der Haute-Couture-Handwerkskunst In der Audacieuse-Galerie erwecken wir Ihre Ideen dank au\u00dfergew\u00f6hnlichem Know-how in der Modellherstellung&#8230;<\/p>\n","protected":false},"author":1,"featured_media":0,"parent":0,"menu_order":0,"comment_status":"closed","ping_status":"closed","template":"page-fullwidth.php","meta":{"_glsr_average":0,"_glsr_ranking":0,"_glsr_reviews":0,"footnotes":""},"class_list":["post-120084","page","type-page","status-publish"],"yoast_head":"<!-- This site is optimized with the Yoast SEO plugin v27.4 - https:\/\/yoast.com\/product\/yoast-seo-wordpress\/ -->\n<title>Bekleidungsschnitt und Prototyping -<\/title>\n<meta name=\"description\" content=\"Bekleidungsschnitt und Prototyping - Audacieuse-Galerie\" \/>\n<meta name=\"robots\" content=\"index, follow, max-snippet:-1, max-image-preview:large, max-video-preview:-1\" \/>\n<link rel=\"canonical\" href=\"https:\/\/www.audacieuse-galerie.ch\/de\/bekleidungsschnitt-und-prototyping\/\" \/>\n<meta property=\"og:locale\" content=\"de_DE\" \/>\n<meta property=\"og:type\" content=\"article\" \/>\n<meta property=\"og:title\" content=\"Bekleidungsschnitt und Prototyping -\" \/>\n<meta property=\"og:description\" content=\"Bekleidungsschnitt und Prototyping - Audacieuse-Galerie\" \/>\n<meta property=\"og:url\" content=\"https:\/\/www.audacieuse-galerie.ch\/de\/bekleidungsschnitt-und-prototyping\/\" \/>\n<meta property=\"og:site_name\" content=\"Audacieuse-Galerie\" \/>\n<meta property=\"article:publisher\" content=\"https:\/\/www.facebook.com\/audacieuse.galerie\" \/>\n<meta property=\"article:modified_time\" content=\"2026-04-07T09:15:59+00:00\" \/>\n<meta name=\"twitter:card\" content=\"summary_large_image\" \/>\n<meta name=\"twitter:label1\" content=\"Gesch\u00e4tzte Lesezeit\" \/>\n\t<meta name=\"twitter:data1\" content=\"1 Minute\" \/>\n<script type=\"application\/ld+json\" class=\"yoast-schema-graph\">{\"@context\":\"https:\\\/\\\/schema.org\",\"@graph\":[]}<\/script>\n<!-- \/ Yoast SEO plugin. -->","yoast_head_json":{"title":"Bekleidungsschnitt und Prototyping -","description":"Bekleidungsschnitt und Prototyping - Audacieuse-Galerie","robots":{"index":"index","follow":"follow","max-snippet":"max-snippet:-1","max-image-preview":"max-image-preview:large","max-video-preview":"max-video-preview:-1"},"canonical":"https:\/\/www.audacieuse-galerie.ch\/de\/bekleidungsschnitt-und-prototyping\/","og_locale":"de_DE","og_type":"article","og_title":"Bekleidungsschnitt und Prototyping -","og_description":"Bekleidungsschnitt und Prototyping - Audacieuse-Galerie","og_url":"https:\/\/www.audacieuse-galerie.ch\/de\/bekleidungsschnitt-und-prototyping\/","og_site_name":"Audacieuse-Galerie","article_publisher":"https:\/\/www.facebook.com\/audacieuse.galerie","article_modified_time":"2026-04-07T09:15:59+00:00","twitter_card":"summary_large_image","twitter_misc":{"Gesch\u00e4tzte Lesezeit":"1 Minute"},"schema":{"@context":"https:\/\/schema.org","@graph":[]}},"_links":{"self":[{"href":"https:\/\/www.audacieuse-galerie.ch\/de\/wp-json\/wp\/v2\/pages\/120084","targetHints":{"allow":["GET"]}}],"collection":[{"href":"https:\/\/www.audacieuse-galerie.ch\/de\/wp-json\/wp\/v2\/pages"}],"about":[{"href":"https:\/\/www.audacieuse-galerie.ch\/de\/wp-json\/wp\/v2\/types\/page"}],"author":[{"embeddable":true,"href":"https:\/\/www.audacieuse-galerie.ch\/de\/wp-json\/wp\/v2\/users\/1"}],"replies":[{"embeddable":true,"href":"https:\/\/www.audacieuse-galerie.ch\/de\/wp-json\/wp\/v2\/comments?post=120084"}],"version-history":[{"count":0,"href":"https:\/\/www.audacieuse-galerie.ch\/de\/wp-json\/wp\/v2\/pages\/120084\/revisions"}],"wp:attachment":[{"href":"https:\/\/www.audacieuse-galerie.ch\/de\/wp-json\/wp\/v2\/media?parent=120084"}],"curies":[{"name":"wp","href":"https:\/\/api.w.org\/{rel}","templated":true}]}}