{"id":120171,"date":"2025-01-27T22:04:28","date_gmt":"2025-01-27T21:04:28","guid":{"rendered":"https:\/\/woo.audacieuse-galerie.ch\/die-inspiration-einer-schneiderin\/"},"modified":"2025-07-26T17:16:41","modified_gmt":"2025-07-26T15:16:41","slug":"die-inspiration-einer-schneiderin","status":"publish","type":"page","link":"https:\/\/www.audacieuse-galerie.ch\/de\/kostbare-massgeschneiderte-haute-couture-carouge-genf-schweiz\/die-inspiration-einer-schneiderin\/","title":{"rendered":"Die Inspiration einer Schneiderin"},"content":{"rendered":"\t\t<div data-elementor-type=\"wp-page\" data-elementor-id=\"120171\" class=\"elementor elementor-120171 elementor-120147\">\n\t\t\t\t<div class=\"elementor-element elementor-element-02798e5 thegem-e-con-layout-thegem e-flex e-con-boxed e-con e-parent\" data-id=\"02798e5\" data-element_type=\"container\" data-e-type=\"container\" data-settings=\"{&quot;thegem_container_layout&quot;:&quot;thegem&quot;}\">\r\n\t\t\t\t\t<div class=\"e-con-inner\">\r\n\t\t<div class=\"elementor-element elementor-element-814fcdd e-con-full thegem-e-con-layout-thegem e-flex e-con e-child\" data-id=\"814fcdd\" data-element_type=\"container\" data-e-type=\"container\" data-settings=\"{&quot;thegem_container_layout&quot;:&quot;thegem&quot;}\">\r\n\t\t\t\t<div class=\"elementor-element elementor-element-a4e7344 flex-horizontal-align-default flex-horizontal-align-tablet-default flex-horizontal-align-mobile-default flex-vertical-align-default flex-vertical-align-tablet-default flex-vertical-align-mobile-default elementor-widget elementor-widget-text-editor\" data-id=\"a4e7344\" data-element_type=\"widget\" data-e-type=\"widget\" data-widget_type=\"text-editor.default\">\n\t\t\t\t\t\t\t\t\t\t\t\t<div class=\"elementor-text-editor elementor-clearfix\">\r\n\t\t\t\t\t\t<h3 data-pm-slice=\"1 1 []\">Die Seele einer Schneiderin: Ein Leben voller Inspiration und Kreativit\u00e4t<\/h3><p>Es gibt H\u00e4nde, die erz\u00e4hlen Geschichten besser als Worte. Seit drei\u00dfig Jahren tanzen diese H\u00e4nde, geschickt und pr\u00e4zise, im Rhythmus von Stoffen, Goldf\u00e4den und feinster Seide. Sie geh\u00f6ren einer aussergew\u00f6hnlichen Schneiderin, einer K\u00fcnstlerin, deren Talent in den renommierten Werkst\u00e4tten der Schweizer Haute Couture geschmiedet wurde.  <\/p><h4>Eine Kindheit, die vom Zeichnen und N\u00e4hen gepr\u00e4gt war<\/h4><p>Nathalies Geschichte, die in eine kreative weibliche Familie hineingeboren wurde, ist Teil einer Tradition, in der die Kunst des Schaffens den H\u00e4nden und der Seele entspringt. Seine Urgro\u00dfmutter, die bereits einen Abschluss in N\u00e4hen hatte, hatte die Grundsteine dieses Erbes gelegt und allen ihren Nachkommen die Leidenschaft f\u00fcr Textilien und sorgf\u00e4ltige Arbeit eingefl\u00f6\u00dft. <\/p><p>Schon in jungen Jahren begann Nathalie, bewaffnet mit Bleistiften und Pinseln, zu zeichnen und zu malen. Inspiriert von den Kleidungsst\u00fccken, die um sie herum zum Leben erweckt wurden, setzte sie ihre Emotionen und Tr\u00e4ume in Modedesigns um. Sie sp\u00fcrte bereits, dass hinter jeder Naht eine subtile Emotion verborgen war, dass jedes Motiv, ob imagin\u00e4r oder gestickt, eine zart gewebte Absicht in sich trug.  <\/p>\t\t\t\t\t\t\t<\/div>\r\n\t\t\t\t\t\t\t\t\t\t<\/div>\n\t\t\t\t<\/div>\n\t\t<div class=\"elementor-element elementor-element-4bdf669 e-con-full thegem-e-con-layout-thegem e-flex e-con e-child\" data-id=\"4bdf669\" data-element_type=\"container\" data-e-type=\"container\" data-settings=\"{&quot;thegem_container_layout&quot;:&quot;thegem&quot;}\">\r\n\t\t\t\t<div class=\"elementor-element elementor-element-809d5ff flex-horizontal-align-default flex-horizontal-align-tablet-default flex-horizontal-align-mobile-default flex-vertical-align-default flex-vertical-align-tablet-default flex-vertical-align-mobile-default elementor-widget elementor-widget-thegem-styledimage\" data-id=\"809d5ff\" data-element_type=\"widget\" data-e-type=\"widget\" data-settings=\"{&quot;thegem_elementor_preset&quot;:&quot;style-6&quot;,&quot;image&quot;:{&quot;url&quot;:&quot;https:\\\/\\\/www.audacieuse-galerie.ch\\\/wp-content\\\/plugins\\\/elementor\\\/assets\\\/images\\\/placeholder.png&quot;,&quot;id&quot;:&quot;&quot;,&quot;size&quot;:&quot;&quot;},&quot;image_position&quot;:&quot;left&quot;,&quot;icon_show&quot;:&quot;yes&quot;}\" data-widget_type=\"thegem-styledimage.default\">\n\t\t\t\t<div class=\"elementor-widget-container\">\n\t\t\t\t\t\n<div class=\"styled-image-wrapper\">\n\t\t\t<div class=\"gem-image gem-wrapbox gem-wrapbox-style-6 gem-wrapbox-position-left lazy-loading \">\n\t\t\t<div class=\"gem-wrapbox-inner  lazy-loading-item\"  data-ll-effect=\"move-up\">\n\t\t\t\t\t\t\t\t<a href=\"https:\/\/www.audacieuse-galerie.ch\/wp-content\/plugins\/elementor\/assets\/images\/placeholder.png\" class=\"fancybox\">\n\t\t\t\t\t\t\t\t\t\t<img class=\"gem-wrapbox-element img-responsive \"\n\t\t\t\t\t\t src=\"https:\/\/www.audacieuse-galerie.ch\/wp-content\/plugins\/elementor\/assets\/images\/placeholder.png\"\n\t\t\t\t\t\t alt=\"\">\n\t\t\t\t\t\t\t\t\t\t<svg aria-hidden=\"true\" class=\"e-font-icon-svg e-fas-camera\" viewBox=\"0 0 512 512\" xmlns=\"http:\/\/www.w3.org\/2000\/svg\"><path d=\"M512 144v288c0 26.5-21.5 48-48 48H48c-26.5 0-48-21.5-48-48V144c0-26.5 21.5-48 48-48h88l12.3-32.9c7-18.7 24.9-31.1 44.9-31.1h125.5c20 0 37.9 12.4 44.9 31.1L376 96h88c26.5 0 48 21.5 48 48zM376 288c0-66.2-53.8-120-120-120s-120 53.8-120 120 53.8 120 120 120 120-53.8 120-120zm-32 0c0 48.5-39.5 88-88 88s-88-39.5-88-88 39.5-88 88-88 88 39.5 88 88z\"><\/path><\/svg>\t\t\t\t<\/a>\n\t\t\t\t\t\t<\/div>\n\t\t<\/div>\n\t\t<\/div>\n\n\n\t\n\t\t\t\t\t\t<\/div>\n\t\t\t\t<\/div>\n\t\t\t\t<\/div>\n\t\t<div class=\"elementor-element elementor-element-bb2553b e-con-full thegem-e-con-layout-thegem e-flex e-con e-child\" data-id=\"bb2553b\" data-element_type=\"container\" data-e-type=\"container\" data-settings=\"{&quot;thegem_container_layout&quot;:&quot;thegem&quot;}\">\r\n\t\t\t\t<div class=\"elementor-element elementor-element-b6d35f3 flex-horizontal-align-default flex-horizontal-align-tablet-default flex-horizontal-align-mobile-default flex-vertical-align-default flex-vertical-align-tablet-default flex-vertical-align-mobile-default elementor-widget elementor-widget-thegem-styledimage\" data-id=\"b6d35f3\" data-element_type=\"widget\" data-e-type=\"widget\" data-settings=\"{&quot;thegem_elementor_preset&quot;:&quot;default&quot;,&quot;image&quot;:{&quot;url&quot;:&quot;https:\\\/\\\/www.audacieuse-galerie.ch\\\/wp-content\\\/plugins\\\/elementor\\\/assets\\\/images\\\/placeholder.png&quot;,&quot;id&quot;:&quot;&quot;,&quot;size&quot;:&quot;&quot;},&quot;image_position&quot;:&quot;left&quot;,&quot;icon_show&quot;:&quot;yes&quot;}\" data-widget_type=\"thegem-styledimage.default\">\n\t\t\t\t<div class=\"elementor-widget-container\">\n\t\t\t\t\t\n<div class=\"styled-image-wrapper\">\n\t\t\t<div class=\"gem-image gem-wrapbox gem-wrapbox-default gem-wrapbox-position-left lazy-loading \">\n\t\t\t<div class=\"gem-wrapbox-inner  lazy-loading-item\"  data-ll-effect=\"move-up\">\n\t\t\t\t\t\t\t\t<a href=\"https:\/\/www.audacieuse-galerie.ch\/wp-content\/plugins\/elementor\/assets\/images\/placeholder.png\" class=\"fancybox\">\n\t\t\t\t\t\t\t\t\t\t<img class=\"gem-wrapbox-element img-responsive \"\n\t\t\t\t\t\t src=\"https:\/\/www.audacieuse-galerie.ch\/wp-content\/plugins\/elementor\/assets\/images\/placeholder.png\"\n\t\t\t\t\t\t alt=\"\">\n\t\t\t\t\t\t\t\t\t\t<svg aria-hidden=\"true\" class=\"e-font-icon-svg e-fas-camera\" viewBox=\"0 0 512 512\" xmlns=\"http:\/\/www.w3.org\/2000\/svg\"><path d=\"M512 144v288c0 26.5-21.5 48-48 48H48c-26.5 0-48-21.5-48-48V144c0-26.5 21.5-48 48-48h88l12.3-32.9c7-18.7 24.9-31.1 44.9-31.1h125.5c20 0 37.9 12.4 44.9 31.1L376 96h88c26.5 0 48 21.5 48 48zM376 288c0-66.2-53.8-120-120-120s-120 53.8-120 120 53.8 120 120 120 120-53.8 120-120zm-32 0c0 48.5-39.5 88-88 88s-88-39.5-88-88 39.5-88 88-88 88 39.5 88 88z\"><\/path><\/svg>\t\t\t\t<\/a>\n\t\t\t\t\t\t<\/div>\n\t\t<\/div>\n\t\t<\/div>\n\n\n\t\n\t\t\t\t\t\t<\/div>\n\t\t\t\t<\/div>\n\t\t\t\t<div class=\"elementor-element elementor-element-f8fc97f flex-horizontal-align-default flex-horizontal-align-tablet-default flex-horizontal-align-mobile-default flex-vertical-align-default flex-vertical-align-tablet-default flex-vertical-align-mobile-default elementor-widget elementor-widget-thegem-clients\" data-id=\"f8fc97f\" data-element_type=\"widget\" data-e-type=\"widget\" data-settings=\"{&quot;thegem_elementor_preset&quot;:&quot;clients-grid&quot;,&quot;navigation_dots&quot;:&quot;yes&quot;,&quot;navigation_arrows_grid&quot;:&quot;no&quot;}\" data-widget_type=\"thegem-clients.default\">\n\t\t\t\t<div class=\"elementor-widget-container\">\n\t\t\t\t\t\n\t\t<div class=\"gem-clients-container clients-grid\">\n\n\t\t\t<div class=\"preloader\"><div class=\"preloader-spin\"><\/div><\/div>\n\n\t\t\t\n<div class=\"gem-clients gem-clients-type-carousel-grid  \" data-ll-item-delay=\"0\" data-autoscroll=\"0\">\n\t<div class=\"gem-clients-grid-carousel-wrap\">\n\t\t<div class=\"gem-clients-grid-carousel\">\n\t\t\t<div class=\"gem-clients-slide\"><div class=\"gem-clients-slide-inner clearfix\"><div class=\"gem-client-item col-md-4 col-sm-6 col-xs-12 \" data-ll-effect=\"drop-bottom\">\n\t\t\t\t\t\t\t\t\t<span >\n\t\t\t\t\t\t\t\t\t<img class=\" \" src=\"https:\/\/www.audacieuse-galerie.ch\/wp-content\/plugins\/elementor\/assets\/images\/placeholder.png\" alt=\"Markenname\">\n\t\t\t\t\t\t\t\t\t\n\t\t\t\t\t\t\t\t\t<\/span>\n\t\t\t\t\t\t\t\t<\/div><div class=\"gem-client-item col-md-4 col-sm-6 col-xs-12 \" data-ll-effect=\"drop-bottom\">\n\t\t\t\t\t\t\t\t\t<span >\n\t\t\t\t\t\t\t\t\t<img class=\" \" src=\"https:\/\/www.audacieuse-galerie.ch\/wp-content\/plugins\/elementor\/assets\/images\/placeholder.png\" alt=\"Markenname\">\n\t\t\t\t\t\t\t\t\t\n\t\t\t\t\t\t\t\t\t<\/span>\n\t\t\t\t\t\t\t\t<\/div><div class=\"gem-client-item col-md-4 col-sm-6 col-xs-12 \" data-ll-effect=\"drop-bottom\">\n\t\t\t\t\t\t\t\t\t<span >\n\t\t\t\t\t\t\t\t\t<img class=\" \" src=\"https:\/\/www.audacieuse-galerie.ch\/wp-content\/plugins\/elementor\/assets\/images\/placeholder.png\" alt=\"Markenname\">\n\t\t\t\t\t\t\t\t\t\n\t\t\t\t\t\t\t\t\t<\/span>\n\t\t\t\t\t\t\t\t<\/div><\/div><\/div>\t\t<\/div>\n\t\t\t\t\t<div class=\"gem-clients-grid-pagination gem-mini-pagination\"><\/div>\n\t\t\t\t\t<\/div>\n<\/div>\t\t<\/div>\n\n\t\t\t\t\t\t<\/div>\n\t\t\t\t<\/div>\n\t\t\t\t<\/div>\n\t\t<div class=\"elementor-element elementor-element-a9952b5 e-con-full thegem-e-con-layout-thegem e-flex e-con e-child\" data-id=\"a9952b5\" data-element_type=\"container\" data-e-type=\"container\" data-settings=\"{&quot;thegem_container_layout&quot;:&quot;thegem&quot;}\">\r\n\t\t\t\t<div class=\"elementor-element elementor-element-f3e5f83 flex-horizontal-align-default flex-horizontal-align-tablet-default flex-horizontal-align-mobile-default flex-vertical-align-default flex-vertical-align-tablet-default flex-vertical-align-mobile-default elementor-widget elementor-widget-text-editor\" data-id=\"f3e5f83\" data-element_type=\"widget\" data-e-type=\"widget\" data-widget_type=\"text-editor.default\">\n\t\t\t\t\t\t\t\t\t\t\t\t<div class=\"elementor-text-editor elementor-clearfix\">\r\n\t\t\t\t\t\t<h4>Jahrelange Ausbildung im Dienste der Eleganz<\/h4><p>Mit unerm\u00fcdlicher Entschlossenheit und Kreativit\u00e4t trainierte sie mit den Gr\u00f6\u00dften. Als Absolventin der besten N\u00e4h- und Modeschulen wurde sie eingeladen, in den renommiertesten Haute-Couture-Werkst\u00e4tten der Schweiz zu arbeiten. Dort perfektionierte sie die Kunst der pr\u00e4zisen Schnitte, der schillernden Stickereien und der Veredelungen, die mit der Perfektion flirten. Jedes Kleid, jede Kreation trug den Abdruck ihrer sch\u00f6pferischen Energie, ihres vision\u00e4ren Blicks.   <\/p><h4>Inspiriert von der Sch\u00f6nheit der Welt<\/h4><p>Inspiration, dieser magische Funke, den sch\u00f6pft sie von \u00fcberall. In der Weichheit eines Sonnenaufgangs \u00fcber den Schweizer Alpen, in den Mustern einer alten Keramik oder in der Fluidit\u00e4t einer Tanzbewegung. Seine Skizzenb\u00fccher, gef\u00fcllt mit Federzeichnungen und Farbakzenten, sind Sch\u00e4tze, die von seinem scharfen Blick und seiner einzigartigen Sensibilit\u00e4t zeugen.  <\/p><p>Jeder Stoff, den sie ausw\u00e4hlt, erz\u00e4hlt eine Geschichte: Eine schimmernde Seide erinnert an einen Sommerabend, ein Jacquard mit silbernen Reflexen f\u00e4ngt die Poesie einer verschneiten Nacht ein. Seine Kreationen sind nicht nur Kleider, sondern lebendige Kunstwerke, die von Emotionen und Tr\u00e4umen durchwoben sind. <\/p><div class=\"notranslate\" style=\"all: initial;\"> <\/div>\t\t\t\t\t\t\t<\/div>\r\n\t\t\t\t\t\t\t\t\t\t<\/div>\n\t\t\t\t<\/div>\n\t\t\t\t\t<\/div>\n\t\t\t\t<\/div>\n\t\t<div class=\"elementor-element elementor-element-144a4ca thegem-e-con-layout-thegem e-flex e-con-boxed e-con e-parent\" data-id=\"144a4ca\" data-element_type=\"container\" data-e-type=\"container\" data-settings=\"{&quot;thegem_container_layout&quot;:&quot;thegem&quot;}\">\r\n\t\t\t\t\t<div class=\"e-con-inner\">\r\n\t\t<div class=\"elementor-element elementor-element-25d0aea e-con-full thegem-e-con-layout-thegem e-flex e-con e-child\" data-id=\"25d0aea\" data-element_type=\"container\" data-e-type=\"container\" data-settings=\"{&quot;thegem_container_layout&quot;:&quot;thegem&quot;}\">\r\n\t\t\t\t<div class=\"elementor-element elementor-element-4efd96f flex-horizontal-align-default flex-horizontal-align-tablet-default flex-horizontal-align-mobile-default flex-vertical-align-default flex-vertical-align-tablet-default flex-vertical-align-mobile-default elementor-widget elementor-widget-text-editor\" data-id=\"4efd96f\" data-element_type=\"widget\" data-e-type=\"widget\" data-widget_type=\"text-editor.default\">\n\t\t\t\t\t\t\t\t\t\t\t\t<div class=\"elementor-text-editor elementor-clearfix\">\r\n\t\t\t\t\t\t<h4>Kunst im Dienste der Frauen<\/h4><p>Aber \u00fcber die Stoffe hinaus kreiert sie f\u00fcr Frauen. Jedes ihrer Kleider ist ein intimer Dialog mit der Frau, die es tragen wird. Es sublimiert den K\u00f6rper und respektiert dabei seine Einzigartigkeit. Ihre Kunden sprechen von ihr als Magierin, die in der Lage ist, das Wesen einer Pers\u00f6nlichkeit einzufangen und in Kleidung zu verwandeln.   <\/p><h4>Eine Ode an die Sch\u00f6pfung<\/h4><p>Jeder Stich, den sie macht, jeder Faden, den sie kn\u00fcpft, tr\u00e4gt ihre ganze Geschichte in sich, von Leidenschaft und Liebe zur Modekunst. Diese Schneiderin mit ihrem einzigartigen Hintergrund webt weiterhin Tr\u00e4ume, ein Kleid nach dem anderen, in einem Universum, in dem Eleganz und Inspiration aufeinandertreffen, um die Magie der Ma\u00dfschneiderei zu schaffen. <\/p>\t\t\t\t\t\t\t<\/div>\r\n\t\t\t\t\t\t\t\t\t\t<\/div>\n\t\t\t\t<\/div>\n\t\t<div class=\"elementor-element elementor-element-4471b63 e-con-full thegem-e-con-layout-thegem e-flex e-con e-child\" data-id=\"4471b63\" data-element_type=\"container\" data-e-type=\"container\" data-settings=\"{&quot;thegem_container_layout&quot;:&quot;thegem&quot;}\">\r\n\t\t\t\t<\/div>\n\t\t<div class=\"elementor-element elementor-element-545382e e-con-full thegem-e-con-layout-thegem e-flex e-con e-child\" data-id=\"545382e\" data-element_type=\"container\" data-e-type=\"container\" data-settings=\"{&quot;thegem_container_layout&quot;:&quot;thegem&quot;}\">\r\n\t\t\t\t<\/div>\n\t\t<div class=\"elementor-element elementor-element-17922a3 e-con-full thegem-e-con-layout-thegem e-flex e-con e-child\" data-id=\"17922a3\" data-element_type=\"container\" data-e-type=\"container\" data-settings=\"{&quot;thegem_container_layout&quot;:&quot;thegem&quot;}\">\r\n\t\t\t\t<\/div>\n\t\t\t\t\t<\/div>\n\t\t\t\t<\/div>\n\t\t<div class=\"elementor-element elementor-element-18aafa9 thegem-e-con-layout-thegem e-flex e-con-boxed e-con e-parent\" data-id=\"18aafa9\" data-element_type=\"container\" data-e-type=\"container\" data-settings=\"{&quot;thegem_container_layout&quot;:&quot;thegem&quot;}\">\r\n\t\t\t\t\t<div class=\"e-con-inner\">\r\n\t\t\t\t<div class=\"elementor-element elementor-element-d018a2f flex-horizontal-align-default flex-horizontal-align-tablet-default flex-horizontal-align-mobile-default flex-vertical-align-default flex-vertical-align-tablet-default flex-vertical-align-mobile-default elementor-widget elementor-widget-image\" data-id=\"d018a2f\" data-element_type=\"widget\" data-e-type=\"widget\" data-widget_type=\"image.default\">\n\t\t\t\t\t\t\t\t\t\t\t\t\t\t\t<img src=\"https:\/\/www.audacieuse-galerie.ch\/wp-content\/plugins\/elementor\/assets\/images\/placeholder.png\" title=\"\" alt=\"\" loading=\"lazy\" \/>\t\t\t\t\t\t\t\t\t\t\t\t\t\t\t<\/div>\n\t\t\t\t\t<\/div>\n\t\t\t\t<\/div>\n\t\t\t\t<\/div>\n\t\t","protected":false},"excerpt":{"rendered":"<p>Die Seele einer Schneiderin: Ein Leben voller Inspiration und Kreativit\u00e4t Es gibt H\u00e4nde, die erz\u00e4hlen Geschichten besser als Worte. Seit&#8230;<\/p>\n","protected":false},"author":1,"featured_media":0,"parent":77069,"menu_order":0,"comment_status":"closed","ping_status":"closed","template":"page-fullwidth.php","meta":{"_glsr_average":0,"_glsr_ranking":0,"_glsr_reviews":0,"footnotes":""},"class_list":["post-120171","page","type-page","status-publish"],"yoast_head":"<!-- This site is optimized with the Yoast SEO plugin v27.4 - https:\/\/yoast.com\/product\/yoast-seo-wordpress\/ -->\n<title>Die Inspiration einer Schneiderin -<\/title>\n<meta name=\"description\" content=\"Die Inspiration einer Schneiderin - Audacieuse-Galerie\" \/>\n<meta name=\"robots\" content=\"index, follow, max-snippet:-1, max-image-preview:large, max-video-preview:-1\" \/>\n<link rel=\"canonical\" href=\"https:\/\/www.audacieuse-galerie.ch\/de\/kostbare-massgeschneiderte-haute-couture-carouge-genf-schweiz\/die-inspiration-einer-schneiderin\/\" \/>\n<meta property=\"og:locale\" content=\"de_DE\" \/>\n<meta property=\"og:type\" content=\"article\" \/>\n<meta property=\"og:title\" content=\"Die Inspiration einer Schneiderin -\" \/>\n<meta property=\"og:description\" content=\"Die Inspiration einer Schneiderin - Audacieuse-Galerie\" \/>\n<meta property=\"og:url\" content=\"https:\/\/www.audacieuse-galerie.ch\/de\/kostbare-massgeschneiderte-haute-couture-carouge-genf-schweiz\/die-inspiration-einer-schneiderin\/\" \/>\n<meta property=\"og:site_name\" content=\"Audacieuse-Galerie\" \/>\n<meta property=\"article:publisher\" content=\"https:\/\/www.facebook.com\/audacieuse.galerie\" \/>\n<meta property=\"article:modified_time\" content=\"2025-07-26T15:16:41+00:00\" \/>\n<meta property=\"og:image\" content=\"https:\/\/woo.audacieuse-galerie.ch\/wp-content\/plugins\/elementor\/assets\/images\/placeholder.png\" \/>\n<meta name=\"twitter:card\" content=\"summary_large_image\" \/>\n<meta name=\"twitter:label1\" content=\"Gesch\u00e4tzte Lesezeit\" \/>\n\t<meta name=\"twitter:data1\" content=\"3 Minuten\" \/>\n<script type=\"application\/ld+json\" class=\"yoast-schema-graph\">{\"@context\":\"https:\\\/\\\/schema.org\",\"@graph\":[{\"@type\":\"ImageObject\",\"inLanguage\":\"de\",\"@id\":\"https:\\\/\\\/www.audacieuse-galerie.ch\\\/de\\\/kostbare-massgeschneiderte-haute-couture-carouge-genf-schweiz\\\/die-inspiration-einer-schneiderin\\\/#primaryimage\",\"url\":\"https:\\\/\\\/woo.audacieuse-galerie.ch\\\/wp-content\\\/plugins\\\/elementor\\\/assets\\\/images\\\/placeholder.png\",\"contentUrl\":\"https:\\\/\\\/woo.audacieuse-galerie.ch\\\/wp-content\\\/plugins\\\/elementor\\\/assets\\\/images\\\/placeholder.png\"}]}<\/script>\n<!-- \/ Yoast SEO plugin. -->","yoast_head_json":{"title":"Die Inspiration einer Schneiderin -","description":"Die Inspiration einer Schneiderin - Audacieuse-Galerie","robots":{"index":"index","follow":"follow","max-snippet":"max-snippet:-1","max-image-preview":"max-image-preview:large","max-video-preview":"max-video-preview:-1"},"canonical":"https:\/\/www.audacieuse-galerie.ch\/de\/kostbare-massgeschneiderte-haute-couture-carouge-genf-schweiz\/die-inspiration-einer-schneiderin\/","og_locale":"de_DE","og_type":"article","og_title":"Die Inspiration einer Schneiderin -","og_description":"Die Inspiration einer Schneiderin - Audacieuse-Galerie","og_url":"https:\/\/www.audacieuse-galerie.ch\/de\/kostbare-massgeschneiderte-haute-couture-carouge-genf-schweiz\/die-inspiration-einer-schneiderin\/","og_site_name":"Audacieuse-Galerie","article_publisher":"https:\/\/www.facebook.com\/audacieuse.galerie","article_modified_time":"2025-07-26T15:16:41+00:00","og_image":[{"url":"https:\/\/woo.audacieuse-galerie.ch\/wp-content\/plugins\/elementor\/assets\/images\/placeholder.png","type":"","width":"","height":""}],"twitter_card":"summary_large_image","twitter_misc":{"Gesch\u00e4tzte Lesezeit":"3 Minuten"},"schema":{"@context":"https:\/\/schema.org","@graph":[{"@type":"ImageObject","inLanguage":"de","@id":"https:\/\/www.audacieuse-galerie.ch\/de\/kostbare-massgeschneiderte-haute-couture-carouge-genf-schweiz\/die-inspiration-einer-schneiderin\/#primaryimage","url":"https:\/\/woo.audacieuse-galerie.ch\/wp-content\/plugins\/elementor\/assets\/images\/placeholder.png","contentUrl":"https:\/\/woo.audacieuse-galerie.ch\/wp-content\/plugins\/elementor\/assets\/images\/placeholder.png"}]}},"_links":{"self":[{"href":"https:\/\/www.audacieuse-galerie.ch\/de\/wp-json\/wp\/v2\/pages\/120171","targetHints":{"allow":["GET"]}}],"collection":[{"href":"https:\/\/www.audacieuse-galerie.ch\/de\/wp-json\/wp\/v2\/pages"}],"about":[{"href":"https:\/\/www.audacieuse-galerie.ch\/de\/wp-json\/wp\/v2\/types\/page"}],"author":[{"embeddable":true,"href":"https:\/\/www.audacieuse-galerie.ch\/de\/wp-json\/wp\/v2\/users\/1"}],"replies":[{"embeddable":true,"href":"https:\/\/www.audacieuse-galerie.ch\/de\/wp-json\/wp\/v2\/comments?post=120171"}],"version-history":[{"count":0,"href":"https:\/\/www.audacieuse-galerie.ch\/de\/wp-json\/wp\/v2\/pages\/120171\/revisions"}],"up":[{"embeddable":true,"href":"https:\/\/www.audacieuse-galerie.ch\/de\/wp-json\/wp\/v2\/pages\/77069"}],"wp:attachment":[{"href":"https:\/\/www.audacieuse-galerie.ch\/de\/wp-json\/wp\/v2\/media?parent=120171"}],"curies":[{"name":"wp","href":"https:\/\/api.w.org\/{rel}","templated":true}]}}