{"id":120397,"date":"2025-02-19T22:54:03","date_gmt":"2025-02-19T21:54:03","guid":{"rendered":"https:\/\/woo.audacieuse-galerie.ch\/fotograf-industrie-uhrmacherei\/"},"modified":"2026-03-25T21:20:38","modified_gmt":"2026-03-25T20:20:38","slug":"fotograf-industrie-uhrmacherei","status":"publish","type":"page","link":"https:\/\/www.audacieuse-galerie.ch\/de\/fotograf-industrie-uhrmacherei\/","title":{"rendered":"Fotograf, Industrie, Uhrmacherei."},"content":{"rendered":"\t\t<div data-elementor-type=\"wp-page\" data-elementor-id=\"120397\" class=\"elementor elementor-120397 elementor-120395\">\n\t\t\t\t<div class=\"elementor-element elementor-element-5ef31aa thegem-e-con-layout-thegem e-flex e-con-boxed e-con e-parent\" data-id=\"5ef31aa\" data-element_type=\"container\" data-e-type=\"container\" data-settings=\"{&quot;thegem_container_layout&quot;:&quot;thegem&quot;}\">\r\n\t\t\t\t\t<div class=\"e-con-inner\">\r\n\t\t<div class=\"elementor-element elementor-element-58e1b3f e-con-full thegem-e-con-layout-thegem e-flex e-con e-child\" data-id=\"58e1b3f\" data-element_type=\"container\" data-e-type=\"container\" data-settings=\"{&quot;thegem_container_layout&quot;:&quot;thegem&quot;}\">\r\n\t\t\t\t<\/div>\n\t\t<div class=\"elementor-element elementor-element-530e31f e-con-full thegem-e-con-layout-thegem e-flex e-con e-child\" data-id=\"530e31f\" data-element_type=\"container\" data-e-type=\"container\" data-settings=\"{&quot;thegem_container_layout&quot;:&quot;thegem&quot;}\">\r\n\t\t\t\t<\/div>\n\t\t<div class=\"elementor-element elementor-element-fa35ed0 e-con-full thegem-e-con-layout-thegem e-flex e-con e-child\" data-id=\"fa35ed0\" data-element_type=\"container\" data-e-type=\"container\" data-settings=\"{&quot;thegem_container_layout&quot;:&quot;thegem&quot;}\">\r\n\t\t\t\t<div class=\"elementor-element elementor-element-543bd76 flex-horizontal-align-default flex-horizontal-align-tablet-default flex-horizontal-align-mobile-default flex-vertical-align-default flex-vertical-align-tablet-default flex-vertical-align-mobile-default elementor-widget elementor-widget-text-editor\" data-id=\"543bd76\" data-element_type=\"widget\" data-e-type=\"widget\" data-widget_type=\"text-editor.default\">\n\t\t\t\t\t\t\t\t\t\t\t\t<div class=\"elementor-text-editor elementor-clearfix\">\r\n\t\t\t\t\t\t<h3 data-start=\"480\" data-end=\"530\">Ma\u00dfgeschneiderte Bilder f\u00fcr Ihre Kommunikation<\/h3><p data-start=\"532\" data-end=\"1019\">Jedes Unternehmen ist einzigartig, weshalb wir personalisierte Fotoshootings anbieten, sei es im Studio oder im Freien. Unser erfahrener Fotograf beherrscht die Kunst der Beleuchtung, des Compositings und Retusches, um Ihnen hochaufl\u00f6sende Aufnahmen zu liefern. Ob es sich um Industriefotografien handelt, um Ihre Ger\u00e4te hervorzuheben, oder um Uhrenfotos zur Steigerung der Finesse Ihrer Uhren \u2013 wir passen unsere Methoden an Ihre individuellen Bed\u00fcrfnisse an.  <\/p>\t\t\t\t\t\t\t<\/div>\r\n\t\t\t\t\t\t\t\t\t\t<\/div>\n\t\t\t\t<\/div>\n\t\t<div class=\"elementor-element elementor-element-c51f833 e-con-full thegem-e-con-layout-thegem e-flex e-con e-child\" data-id=\"c51f833\" data-element_type=\"container\" data-e-type=\"container\" data-settings=\"{&quot;thegem_container_layout&quot;:&quot;thegem&quot;}\">\r\n\t\t\t\t<div class=\"elementor-element elementor-element-1c3c7ad flex-horizontal-align-default flex-horizontal-align-tablet-default flex-horizontal-align-mobile-default flex-vertical-align-default flex-vertical-align-tablet-default flex-vertical-align-mobile-default elementor-widget elementor-widget-thegem-styledimage\" data-id=\"1c3c7ad\" data-element_type=\"widget\" data-e-type=\"widget\" data-settings=\"{&quot;image&quot;:{&quot;url&quot;:&quot;https:\\\/\\\/www.audacieuse-galerie.ch\\\/wp-content\\\/uploads\\\/2026\\\/03\\\/photographe-industrie-geneve-scaled.webp&quot;,&quot;id&quot;:150624,&quot;size&quot;:&quot;&quot;,&quot;alt&quot;:&quot;Photographe industrie Carouge Gen\\u00e8ve&quot;,&quot;source&quot;:&quot;library&quot;},&quot;thegem_elementor_preset&quot;:&quot;default&quot;,&quot;image_position&quot;:&quot;left&quot;,&quot;icon_show&quot;:&quot;yes&quot;}\" data-widget_type=\"thegem-styledimage.default\">\n\t\t\t\t<div class=\"elementor-widget-container\">\n\t\t\t\t\t\n<div class=\"styled-image-wrapper\">\n\t\t\t<div class=\"gem-image gem-wrapbox gem-wrapbox-default gem-wrapbox-position-left lazy-loading \">\n\t\t\t<div class=\"gem-wrapbox-inner  lazy-loading-item\"  data-ll-effect=\"move-up\">\n\t\t\t\t\t\t\t\t<a href=\"https:\/\/www.audacieuse-galerie.ch\/wp-content\/uploads\/2026\/03\/photographe-industrie-geneve-scaled.webp\" class=\"fancybox\">\n\t\t\t\t\t\t\t\t\t\t<img class=\"gem-wrapbox-element img-responsive \"\n\t\t\t\t\t\t src=\"https:\/\/www.audacieuse-galerie.ch\/wp-content\/uploads\/2026\/03\/photographe-industrie-geneve-768x768.webp\"\n\t\t\t\t\t\t alt=\"Photographe industrie Carouge Gen\u00e8ve\">\n\t\t\t\t\t\t\t\t\t\t<svg aria-hidden=\"true\" class=\"e-font-icon-svg e-fas-camera\" viewBox=\"0 0 512 512\" xmlns=\"http:\/\/www.w3.org\/2000\/svg\"><path d=\"M512 144v288c0 26.5-21.5 48-48 48H48c-26.5 0-48-21.5-48-48V144c0-26.5 21.5-48 48-48h88l12.3-32.9c7-18.7 24.9-31.1 44.9-31.1h125.5c20 0 37.9 12.4 44.9 31.1L376 96h88c26.5 0 48 21.5 48 48zM376 288c0-66.2-53.8-120-120-120s-120 53.8-120 120 53.8 120 120 120 120-53.8 120-120zm-32 0c0 48.5-39.5 88-88 88s-88-39.5-88-88 39.5-88 88-88 88 39.5 88 88z\"><\/path><\/svg>\t\t\t\t<\/a>\n\t\t\t\t\t\t<\/div>\n\t\t<\/div>\n\t\t<\/div>\n\n\n\t\n\t\t\t\t\t\t<\/div>\n\t\t\t\t<\/div>\n\t\t\t\t<\/div>\n\t\t\t\t\t<\/div>\n\t\t\t\t<\/div>\n\t\t<div class=\"elementor-element elementor-element-43d5ccb thegem-e-con-layout-thegem e-flex e-con-boxed e-con e-parent\" data-id=\"43d5ccb\" data-element_type=\"container\" data-e-type=\"container\" data-settings=\"{&quot;thegem_container_layout&quot;:&quot;thegem&quot;}\">\r\n\t\t\t\t\t<div class=\"e-con-inner\">\r\n\t\t<div class=\"elementor-element elementor-element-c3e54d7 e-con-full thegem-e-con-layout-thegem e-flex e-con e-child\" data-id=\"c3e54d7\" data-element_type=\"container\" data-e-type=\"container\" data-settings=\"{&quot;thegem_container_layout&quot;:&quot;thegem&quot;}\">\r\n\t\t\t\t<div class=\"elementor-element elementor-element-225a935 flex-horizontal-align-default flex-horizontal-align-tablet-default flex-horizontal-align-mobile-default flex-vertical-align-default flex-vertical-align-tablet-default flex-vertical-align-mobile-default elementor-widget elementor-widget-thegem-styledimage\" data-id=\"225a935\" data-element_type=\"widget\" data-e-type=\"widget\" data-settings=\"{&quot;image&quot;:{&quot;url&quot;:&quot;https:\\\/\\\/www.audacieuse-galerie.ch\\\/wp-content\\\/uploads\\\/2025\\\/02\\\/photographe-industrie.webp&quot;,&quot;id&quot;:142158,&quot;size&quot;:&quot;&quot;,&quot;alt&quot;:&quot;photographe-industrie&quot;,&quot;source&quot;:&quot;library&quot;},&quot;thegem_elementor_preset&quot;:&quot;default&quot;,&quot;image_position&quot;:&quot;left&quot;,&quot;icon_show&quot;:&quot;yes&quot;}\" data-widget_type=\"thegem-styledimage.default\">\n\t\t\t\t<div class=\"elementor-widget-container\">\n\t\t\t\t\t\n<div class=\"styled-image-wrapper\">\n\t\t\t<div class=\"gem-image gem-wrapbox gem-wrapbox-default gem-wrapbox-position-left lazy-loading \">\n\t\t\t<div class=\"gem-wrapbox-inner  lazy-loading-item\"  data-ll-effect=\"move-up\">\n\t\t\t\t\t\t\t\t<a href=\"https:\/\/www.audacieuse-galerie.ch\/wp-content\/uploads\/2025\/02\/photographe-industrie.webp\" class=\"fancybox\">\n\t\t\t\t\t\t\t\t\t\t<img class=\"gem-wrapbox-element img-responsive \"\n\t\t\t\t\t\t src=\"https:\/\/www.audacieuse-galerie.ch\/wp-content\/uploads\/2025\/02\/photographe-industrie-768x768.webp\"\n\t\t\t\t\t\t alt=\"photographe-industrie\">\n\t\t\t\t\t\t\t\t\t\t<svg aria-hidden=\"true\" class=\"e-font-icon-svg e-fas-camera\" viewBox=\"0 0 512 512\" xmlns=\"http:\/\/www.w3.org\/2000\/svg\"><path d=\"M512 144v288c0 26.5-21.5 48-48 48H48c-26.5 0-48-21.5-48-48V144c0-26.5 21.5-48 48-48h88l12.3-32.9c7-18.7 24.9-31.1 44.9-31.1h125.5c20 0 37.9 12.4 44.9 31.1L376 96h88c26.5 0 48 21.5 48 48zM376 288c0-66.2-53.8-120-120-120s-120 53.8-120 120 53.8 120 120 120 120-53.8 120-120zm-32 0c0 48.5-39.5 88-88 88s-88-39.5-88-88 39.5-88 88-88 88 39.5 88 88z\"><\/path><\/svg>\t\t\t\t<\/a>\n\t\t\t\t\t\t<\/div>\n\t\t<\/div>\n\t\t<\/div>\n\n\n\t\n\t\t\t\t\t\t<\/div>\n\t\t\t\t<\/div>\n\t\t\t\t<\/div>\n\t\t<div class=\"elementor-element elementor-element-20370f9 e-con-full thegem-e-con-layout-thegem e-flex e-con e-child\" data-id=\"20370f9\" data-element_type=\"container\" data-e-type=\"container\" data-settings=\"{&quot;thegem_container_layout&quot;:&quot;thegem&quot;}\">\r\n\t\t\t\t<div class=\"elementor-element elementor-element-614f57a flex-horizontal-align-default flex-horizontal-align-tablet-default flex-horizontal-align-mobile-default flex-vertical-align-default flex-vertical-align-tablet-default flex-vertical-align-mobile-default elementor-widget elementor-widget-text-editor\" data-id=\"614f57a\" data-element_type=\"widget\" data-e-type=\"widget\" data-widget_type=\"text-editor.default\">\n\t\t\t\t\t\t\t\t\t\t\t\t<div class=\"elementor-text-editor elementor-clearfix\">\r\n\t\t\t\t\t\t<h3 data-start=\"926\" data-end=\"955\">Industriefotografie<\/h3><p data-start=\"957\" data-end=\"1407\">Im Rahmen der Industriefotografie heben wir die Robustheit und Pr\u00e4zision Ihrer Ger\u00e4te und Anlagen hervor. Jede Aufnahme ist so konzipiert, dass sie die Innovation, Leistung und Sicherheit Ihrer industriellen L\u00f6sungen widerspiegelt. Wir verwenden fortschrittliche Beleuchtungs- und Kompositionstechniken, um die technischen Details Ihrer Maschinen zu verbessern und die visuelle Konsistenz all Ihrer Marketingmaterialien zu gew\u00e4hrleisten.  <\/p><p data-start=\"1437\" data-end=\"1846\"> <\/p>\t\t\t\t\t\t\t<\/div>\r\n\t\t\t\t\t\t\t\t\t\t<\/div>\n\t\t\t\t<\/div>\n\t\t<div class=\"elementor-element elementor-element-9f97b01 e-con-full thegem-e-con-layout-thegem e-flex e-con e-child\" data-id=\"9f97b01\" data-element_type=\"container\" data-e-type=\"container\" data-settings=\"{&quot;thegem_container_layout&quot;:&quot;thegem&quot;}\">\r\n\t\t\t\t<div class=\"elementor-element elementor-element-2d24441 flex-horizontal-align-default flex-horizontal-align-tablet-default flex-horizontal-align-mobile-default flex-vertical-align-default flex-vertical-align-tablet-default flex-vertical-align-mobile-default elementor-widget elementor-widget-text-editor\" data-id=\"2d24441\" data-element_type=\"widget\" data-e-type=\"widget\" data-widget_type=\"text-editor.default\">\n\t\t\t\t\t\t\t\t\t\t\t\t<div class=\"elementor-text-editor elementor-clearfix\">\r\n\t\t\t\t\t\t<h3 data-start=\"1409\" data-end=\"1435\">Fotografie ansehen<\/h3><p data-start=\"1437\" data-end=\"1846\">Bei der Uhrenfotografie setzen wir auf die Eleganz und Akribie Ihrer Luxusuhren. Unser Fotograf h\u00e4lt jede Bewegung, jedes Finish und jede Komplikation fest, die von der au\u00dfergew\u00f6hnlichen Qualit\u00e4t Ihrer Handwerkskunst zeugt. Dank eines k\u00fcnstlerischen und technischen Ansatzes schaffen wir Bilder, die Vertrauen erwecken und Ihr Markenimage bei einer anspruchsvollen Kundschaft st\u00e4rken.  <\/p>\t\t\t\t\t\t\t<\/div>\r\n\t\t\t\t\t\t\t\t\t\t<\/div>\n\t\t\t\t<\/div>\n\t\t<div class=\"elementor-element elementor-element-b691aae e-con-full thegem-e-con-layout-thegem e-flex e-con e-child\" data-id=\"b691aae\" data-element_type=\"container\" data-e-type=\"container\" data-settings=\"{&quot;thegem_container_layout&quot;:&quot;thegem&quot;}\">\r\n\t\t\t\t<div class=\"elementor-element elementor-element-8832278 flex-horizontal-align-default flex-horizontal-align-tablet-default flex-horizontal-align-mobile-default flex-vertical-align-default flex-vertical-align-tablet-default flex-vertical-align-mobile-default elementor-widget elementor-widget-thegem-styledimage\" data-id=\"8832278\" data-element_type=\"widget\" data-e-type=\"widget\" data-settings=\"{&quot;image&quot;:{&quot;url&quot;:&quot;https:\\\/\\\/www.audacieuse-galerie.ch\\\/wp-content\\\/uploads\\\/2026\\\/01\\\/photographe-horlogerie.webp&quot;,&quot;id&quot;:148555,&quot;size&quot;:&quot;&quot;,&quot;alt&quot;:&quot;photographe-horlogerie&quot;,&quot;source&quot;:&quot;library&quot;},&quot;thegem_elementor_preset&quot;:&quot;default&quot;,&quot;image_position&quot;:&quot;left&quot;,&quot;icon_show&quot;:&quot;yes&quot;}\" data-widget_type=\"thegem-styledimage.default\">\n\t\t\t\t<div class=\"elementor-widget-container\">\n\t\t\t\t\t\n<div class=\"styled-image-wrapper\">\n\t\t\t<div class=\"gem-image gem-wrapbox gem-wrapbox-default gem-wrapbox-position-left lazy-loading \">\n\t\t\t<div class=\"gem-wrapbox-inner  lazy-loading-item\"  data-ll-effect=\"move-up\">\n\t\t\t\t\t\t\t\t<a href=\"https:\/\/www.audacieuse-galerie.ch\/wp-content\/uploads\/2026\/01\/photographe-horlogerie.webp\" class=\"fancybox\">\n\t\t\t\t\t\t\t\t\t\t<img class=\"gem-wrapbox-element img-responsive \"\n\t\t\t\t\t\t src=\"https:\/\/www.audacieuse-galerie.ch\/wp-content\/uploads\/2026\/01\/photographe-horlogerie-768x512.webp\"\n\t\t\t\t\t\t alt=\"photographe-horlogerie\">\n\t\t\t\t\t\t\t\t\t\t<svg aria-hidden=\"true\" class=\"e-font-icon-svg e-fas-camera\" viewBox=\"0 0 512 512\" xmlns=\"http:\/\/www.w3.org\/2000\/svg\"><path d=\"M512 144v288c0 26.5-21.5 48-48 48H48c-26.5 0-48-21.5-48-48V144c0-26.5 21.5-48 48-48h88l12.3-32.9c7-18.7 24.9-31.1 44.9-31.1h125.5c20 0 37.9 12.4 44.9 31.1L376 96h88c26.5 0 48 21.5 48 48zM376 288c0-66.2-53.8-120-120-120s-120 53.8-120 120 53.8 120 120 120 120-53.8 120-120zm-32 0c0 48.5-39.5 88-88 88s-88-39.5-88-88 39.5-88 88-88 88 39.5 88 88z\"><\/path><\/svg>\t\t\t\t<\/a>\n\t\t\t\t\t\t<\/div>\n\t\t<\/div>\n\t\t<\/div>\n\n\n\t\n\t\t\t\t\t\t<\/div>\n\t\t\t\t<\/div>\n\t\t\t\t<\/div>\n\t\t\t\t\t<\/div>\n\t\t\t\t<\/div>\n\t\t<div class=\"elementor-element elementor-element-e04e264 thegem-e-con-layout-thegem e-flex e-con-boxed e-con e-parent\" data-id=\"e04e264\" data-element_type=\"container\" data-e-type=\"container\" data-settings=\"{&quot;thegem_container_layout&quot;:&quot;thegem&quot;}\">\r\n\t\t\t\t\t<div class=\"e-con-inner\">\r\n\t\t<div class=\"elementor-element elementor-element-d6e7582 e-con-full thegem-e-con-layout-thegem e-flex e-con e-child\" data-id=\"d6e7582\" data-element_type=\"container\" data-e-type=\"container\" data-settings=\"{&quot;background_background&quot;:&quot;classic&quot;,&quot;shape_divider_bottom&quot;:&quot;split&quot;,&quot;shape_divider_bottom_negative&quot;:&quot;yes&quot;,&quot;thegem_container_layout&quot;:&quot;thegem&quot;}\">\r\n\t\t\t\t<div class=\"elementor-shape elementor-shape-bottom\" aria-hidden=\"true\" data-negative=\"true\">\n\t\t\t<svg xmlns=\"http:\/\/www.w3.org\/2000\/svg\" viewBox=\"0 0 1000 20\" preserveAspectRatio=\"none\">\n\t<path class=\"elementor-shape-fill\" d=\"M519.8,0.2c-11,0-19.8,8.5-19.8,19c0-10.4-8.8-19-19.8-19L0,0v20h1000V0.2H519.8z\"\/>\n<\/svg>\t\t<\/div>\n\t\t\t\t<div class=\"elementor-element elementor-element-57ec549 flex-horizontal-align-default flex-horizontal-align-tablet-default flex-horizontal-align-mobile-default flex-vertical-align-default flex-vertical-align-tablet-default flex-vertical-align-mobile-default elementor-widget elementor-widget-text-editor\" data-id=\"57ec549\" data-element_type=\"widget\" data-e-type=\"widget\" data-widget_type=\"text-editor.default\">\n\t\t\t\t\t\t\t\t\t\t\t\t<div class=\"elementor-text-editor elementor-clearfix\">\r\n\t\t\t\t\t\t<h3 data-start=\"1531\" data-end=\"1576\">Kontaktieren Sie uns f\u00fcr ein individuelles Angebot<\/h3><p data-start=\"1578\" data-end=\"1958\" data-is-last-node=\"\">Ihr Markenimage verdient es, hervorgehoben zu werden. Vertrauen Sie unserem Team von Fachleuten, um Ihre Ideen in au\u00dfergew\u00f6hnliche Bilder zu verwandeln. <strong data-start=\"1732\" data-end=\"1766\">Kontaktieren Sie uns noch heute <\/strong> , um ein pers\u00f6nliches Angebot zu erhalten und herauszufinden, wie unsere Dienstleistungen in der Industrie- und Uhrenfotografie Ihre Kommunikation verbessern und Ihre Position auf dem Markt st\u00e4rken k\u00f6nnen. <\/p>\t\t\t\t\t\t\t<\/div>\r\n\t\t\t\t\t\t\t\t\t\t<\/div>\n\t\t\t\t<\/div>\n\t\t<div class=\"elementor-element elementor-element-c50cf31 e-con-full thegem-e-con-layout-thegem e-flex e-con e-child\" data-id=\"c50cf31\" data-element_type=\"container\" data-e-type=\"container\" data-settings=\"{&quot;thegem_container_layout&quot;:&quot;thegem&quot;}\">\r\n\t\t\t\t<div class=\"elementor-element elementor-element-ecdcab3 flex-horizontal-align-default flex-horizontal-align-tablet-default flex-horizontal-align-mobile-default flex-vertical-align-default flex-vertical-align-tablet-default flex-vertical-align-mobile-default elementor-widget elementor-widget-shortcode\" data-id=\"ecdcab3\" data-element_type=\"widget\" data-e-type=\"widget\" data-widget_type=\"shortcode.default\">\n\t\t\t\t\t\t\t<div class=\"elementor-shortcode\">\n<div class=\"wpcf7 no-js\" id=\"wpcf7-f147215-o1\" lang=\"de-DE\" dir=\"ltr\" data-wpcf7-id=\"147215\">\n<div class=\"screen-reader-response\"><p role=\"status\" aria-live=\"polite\" aria-atomic=\"true\"><\/p> <ul><\/ul><\/div>\n<form action=\"\/de\/wp-json\/wp\/v2\/pages\/120397#wpcf7-f147215-o1\" method=\"post\" class=\"wpcf7-form init wpb_gqb_form_product_info_hide\" aria-label=\"Kontaktformular\" novalidate=\"novalidate\" data-status=\"init\">\n<fieldset class=\"hidden-fields-container\"><legend class=\"screen-reader-text\">Hidden fields<\/legend><input type=\"hidden\" name=\"_wpcf7\" value=\"147215\" \/><input type=\"hidden\" name=\"_wpcf7_version\" value=\"6.1.5\" \/><input type=\"hidden\" name=\"_wpcf7_locale\" value=\"de_DE\" \/><input type=\"hidden\" name=\"_wpcf7_unit_tag\" value=\"wpcf7-f147215-o1\" \/><input type=\"hidden\" name=\"_wpcf7_container_post\" value=\"0\" \/><input type=\"hidden\" name=\"_wpcf7_posted_data_hash\" value=\"\" \/>\n<\/fieldset>\n<div class=\"contact-form row\">\n\n\t<div class=\"form-line col-lg-12 col-md-12 col-xs-12\">\n<div class=\"gem-form-icon-name\"><span class=\"wpcf7-form-control-wrap\" data-name=\"your-name\"><input size=\"40\" maxlength=\"400\" class=\"wpcf7-form-control wpcf7-text wpcf7-validates-as-required\" aria-required=\"true\" aria-invalid=\"false\" placeholder=\"Ihre Name\" value=\"\" type=\"text\" name=\"your-name\" \/><\/span>\n<\/div><\/div>\n\n\t<div class=\"form-line col-lg-12 col-md-12 col-xs-12\">\n<div class=\"gem-form-icon-email\">\n  <span class=\"wpcf7-form-control-wrap\" data-name=\"your-email\"><input size=\"40\" maxlength=\"400\" class=\"wpcf7-form-control wpcf7-email wpcf7-validates-as-required wpcf7-text wpcf7-validates-as-email\" autocomplete=\"email\" aria-required=\"true\" aria-invalid=\"false\" placeholder=\"Ihre E-Mail-Adresse\" value=\"\" type=\"email\" name=\"your-email\" \/><\/span><\/div>\n\t<\/div>\n\n\n\t<div class=\"form-line col-lg-12 col-md-12 col-xs-12\"><div class=\"gem-form-icon-phone\"><span class=\"wpcf7-form-control-wrap\" data-name=\"tel-245\"><input size=\"40\" maxlength=\"400\" class=\"wpcf7-form-control wpcf7-tel wpcf7-text wpcf7-validates-as-tel\" aria-invalid=\"false\" value=\"+41\" type=\"tel\" name=\"tel-245\" \/><\/span><\/div><\/div>\n<div class=\"col-lg-12 col-md-12 col-xs-12\" style=\"margin-bottom:20px;margin-top:20px;\">\n\n<div class=\"form-line\"><span class=\"wpcf7-form-control-wrap\" data-name=\"your-message\"><textarea cols=\"30\" rows=\"4\" maxlength=\"2000\" class=\"wpcf7-form-control wpcf7-textarea wpcf7-validates-as-required\" aria-required=\"true\" aria-invalid=\"false\" name=\"your-message\">Nachricht<\/textarea><\/span><\/div>\n\n\t<div class=\"col-lg-12 col-md-12 col-xs-12\"><input class=\"wpcf7-form-control wpcf7-submit has-spinner\" type=\"submit\" value=\"Werden Sie kontaktiert\" \/><\/div>\n\n<\/div><div class=\"wpcf7-response-output\" aria-hidden=\"true\"><\/div>\n<\/form>\n<\/div>\n<\/div>\n\t\t\t\t\t\t<\/div>\n\t\t\t\t<\/div>\n\t\t\t\t\t<\/div>\n\t\t\t\t<\/div>\n\t\t\t\t<\/div>\n\t\t","protected":false},"excerpt":{"rendered":"<p>Ma\u00dfgeschneiderte Bilder f\u00fcr Ihre Kommunikation Jedes Unternehmen ist einzigartig, weshalb wir personalisierte Fotoshootings anbieten, sei es im Studio oder im&#8230;<\/p>\n","protected":false},"author":1,"featured_media":0,"parent":0,"menu_order":0,"comment_status":"closed","ping_status":"closed","template":"page-fullwidth.php","meta":{"_glsr_average":0,"_glsr_ranking":0,"_glsr_reviews":0,"footnotes":""},"class_list":["post-120397","page","type-page","status-publish"],"yoast_head":"<!-- This site is optimized with the Yoast SEO plugin v27.4 - https:\/\/yoast.com\/product\/yoast-seo-wordpress\/ -->\n<title>Fotograf, Industrie, Uhrmacherei. -<\/title>\n<meta name=\"description\" content=\"Fotograf, Industrie, Uhrmacherei. - Audacieuse-Galerie\" \/>\n<meta name=\"robots\" content=\"index, follow, max-snippet:-1, max-image-preview:large, max-video-preview:-1\" \/>\n<link rel=\"canonical\" href=\"https:\/\/www.audacieuse-galerie.ch\/de\/fotograf-industrie-uhrmacherei\/\" \/>\n<meta property=\"og:locale\" content=\"de_DE\" \/>\n<meta property=\"og:type\" content=\"article\" \/>\n<meta property=\"og:title\" content=\"Fotograf, Industrie, Uhrmacherei. -\" \/>\n<meta property=\"og:description\" content=\"Fotograf, Industrie, Uhrmacherei. - Audacieuse-Galerie\" \/>\n<meta property=\"og:url\" content=\"https:\/\/www.audacieuse-galerie.ch\/de\/fotograf-industrie-uhrmacherei\/\" \/>\n<meta property=\"og:site_name\" content=\"Audacieuse-Galerie\" \/>\n<meta property=\"article:publisher\" content=\"https:\/\/www.facebook.com\/audacieuse.galerie\" \/>\n<meta property=\"article:modified_time\" content=\"2026-03-25T20:20:38+00:00\" \/>\n<meta name=\"twitter:card\" content=\"summary_large_image\" \/>\n<meta name=\"twitter:label1\" content=\"Gesch\u00e4tzte Lesezeit\" \/>\n\t<meta name=\"twitter:data1\" content=\"1 Minute\" \/>\n<script type=\"application\/ld+json\" class=\"yoast-schema-graph\">{\"@context\":\"https:\\\/\\\/schema.org\",\"@graph\":[]}<\/script>\n<!-- \/ Yoast SEO plugin. -->","yoast_head_json":{"title":"Fotograf, Industrie, Uhrmacherei. -","description":"Fotograf, Industrie, Uhrmacherei. - Audacieuse-Galerie","robots":{"index":"index","follow":"follow","max-snippet":"max-snippet:-1","max-image-preview":"max-image-preview:large","max-video-preview":"max-video-preview:-1"},"canonical":"https:\/\/www.audacieuse-galerie.ch\/de\/fotograf-industrie-uhrmacherei\/","og_locale":"de_DE","og_type":"article","og_title":"Fotograf, Industrie, Uhrmacherei. -","og_description":"Fotograf, Industrie, Uhrmacherei. - Audacieuse-Galerie","og_url":"https:\/\/www.audacieuse-galerie.ch\/de\/fotograf-industrie-uhrmacherei\/","og_site_name":"Audacieuse-Galerie","article_publisher":"https:\/\/www.facebook.com\/audacieuse.galerie","article_modified_time":"2026-03-25T20:20:38+00:00","twitter_card":"summary_large_image","twitter_misc":{"Gesch\u00e4tzte Lesezeit":"1 Minute"},"schema":{"@context":"https:\/\/schema.org","@graph":[]}},"_links":{"self":[{"href":"https:\/\/www.audacieuse-galerie.ch\/de\/wp-json\/wp\/v2\/pages\/120397","targetHints":{"allow":["GET"]}}],"collection":[{"href":"https:\/\/www.audacieuse-galerie.ch\/de\/wp-json\/wp\/v2\/pages"}],"about":[{"href":"https:\/\/www.audacieuse-galerie.ch\/de\/wp-json\/wp\/v2\/types\/page"}],"author":[{"embeddable":true,"href":"https:\/\/www.audacieuse-galerie.ch\/de\/wp-json\/wp\/v2\/users\/1"}],"replies":[{"embeddable":true,"href":"https:\/\/www.audacieuse-galerie.ch\/de\/wp-json\/wp\/v2\/comments?post=120397"}],"version-history":[{"count":0,"href":"https:\/\/www.audacieuse-galerie.ch\/de\/wp-json\/wp\/v2\/pages\/120397\/revisions"}],"wp:attachment":[{"href":"https:\/\/www.audacieuse-galerie.ch\/de\/wp-json\/wp\/v2\/media?parent=120397"}],"curies":[{"name":"wp","href":"https:\/\/api.w.org\/{rel}","templated":true}]}}