{"id":144967,"date":"2025-11-09T15:00:50","date_gmt":"2025-11-09T14:00:50","guid":{"rendered":"https:\/\/www.audacieuse-galerie.ch\/?page_id=144967"},"modified":"2026-01-24T20:26:20","modified_gmt":"2026-01-24T19:26:20","slug":"pressemitteilung-studio-photo-video-2","status":"publish","type":"page","link":"https:\/\/www.audacieuse-galerie.ch\/de\/pressemitteilung-studio-photo-video-2\/","title":{"rendered":"Pressemitteilung N\u00e4hworkshop"},"content":{"rendered":"\t\t<div data-elementor-type=\"wp-page\" data-elementor-id=\"144967\" class=\"elementor elementor-144967 elementor-144965\">\n\t\t\t\t<div class=\"elementor-element elementor-element-fc3dbd2 thegem-e-con-layout-elementor e-flex e-con-boxed e-con e-parent\" data-id=\"fc3dbd2\" data-element_type=\"container\" data-e-type=\"container\" data-settings=\"{&quot;thegem_container_layout&quot;:&quot;elementor&quot;}\">\r\n\t\t\t\t\t<div class=\"e-con-inner\">\r\n\t\t\t\t<div class=\"elementor-element elementor-element-7626cac flex-horizontal-align-default flex-horizontal-align-tablet-default flex-horizontal-align-mobile-default flex-vertical-align-default flex-vertical-align-tablet-default flex-vertical-align-mobile-default elementor-widget elementor-widget-text-editor\" data-id=\"7626cac\" data-element_type=\"widget\" data-e-type=\"widget\" data-widget_type=\"text-editor.default\">\n\t\t\t\t\t\t\t\t\t\t\t\t<div class=\"elementor-text-editor elementor-clearfix\">\r\n\t\t\t\t\t\t<h1>Audacieuse-Galerie, die Genfer Werkstatt, in der die Sch\u00f6pfung zu einem au\u00dfergew\u00f6hnlichen Werk wird<\/h1> <p><strong>Audacieuse-Galerie<\/strong> in Carouge, im Herzen des Kantons Genf, ist eine <strong>ma\u00dfgeschneiderte N\u00e4hwerkstatt f\u00fcr Frauen<\/strong> , die sich der Herstellung einzigartiger St\u00fccke widmet. Geleitet von einer erfahrenen N\u00e4herin, vereint die Werkstatt Handwerkskunst, technische Meisterschaft und ein feines Auge f\u00fcrs Detail, um Kleidungsst\u00fccke hervorzubringen, die langlebig sind und jede Silhouette sublimieren. <\/p> <p>Neben ma\u00dfgefertigten Kollektionen entwickelt Audacieuse-Galerie auch <strong>hochwertige Pr\u00eat-\u00e0-porter-Kollektionen<\/strong>. Jedes St\u00fcck wird mit denselben hohen Ma\u00dfanspr\u00fcchen entworfen und bietet eine raffinierte und zeitgen\u00f6ssische Alternative, ohne dabei die Qualit\u00e4t der Materialien, Schnitte und Oberfl\u00e4chen zu beeintr\u00e4chtigen. Dieser Ansatz erm\u00f6glicht es, sowohl Privatkunden als auch Modeprofis vom Prototyp bis zur endg\u00fcltigen Umsetzung zu unterst\u00fctzen.  <\/p> <p>Die Werkstatt zeichnet sich durch eine <strong>seltene Synergie zwischen Textilproduktion und professioneller Fotografie<\/strong> aus, die am selben Ort aufgenommen wurde. Diese Kontinuit\u00e4t erm\u00f6glicht es, jede Kreation mit einem Bild zu bereichern, das ihrem Geist treu ist und Designern und Marken eine koh\u00e4renter, elegante und perfekt gemeisterte visuelle Darstellung bietet. <\/p> <p>Die Audacieuse-Galerie ist haupts\u00e4chlich in der <strong>franz\u00f6sischsprachigen Schweiz<\/strong> t\u00e4tig und begleitet jedes Projekt mit einem personalisierten Ansatz, der auf Zuh\u00f6ren, handwerklichem Know-how und starker k\u00fcnstlerischer Sensibilit\u00e4t basiert. Jede Kreation spiegelt eine zeitgen\u00f6ssische Vision von Luxus wider: diskret, nachhaltig und zutiefst menschlich. <\/p> <h4>Kontakt<\/h4> <p>  Audacieuse-Galerie<br> 50 rue Ancienne, Carouge (Genf)<br> Telefon: +41 22 556 52 53<br> Website: <a href=\"https:\/\/www.audacieuse-galerie.ch\/de\/\" target=\"_blank\" rel=\"noopener\">www.audacieuse-galerie.ch<\/a> <\/p>\t\t\t\t\t\t\t<\/div>\r\n\t\t\t\t\t\t\t\t\t\t<\/div>\n\t\t\t\t\t<\/div>\n\t\t\t\t<\/div>\n\t\t\t\t<\/div>\n\t\t","protected":false},"excerpt":{"rendered":"<p>Audacieuse-Galerie, die Genfer Werkstatt, in der die Sch\u00f6pfung zu einem au\u00dfergew\u00f6hnlichen Werk wird Audacieuse-Galerie in Carouge, im Herzen des Kantons&#8230;<\/p>\n","protected":false},"author":2,"featured_media":0,"parent":0,"menu_order":0,"comment_status":"closed","ping_status":"closed","template":"page-fullwidth.php","meta":{"footnotes":""},"class_list":["post-144967","page","type-page","status-publish"],"yoast_head":"<!-- This site is optimized with the Yoast SEO plugin v27.3 - https:\/\/yoast.com\/product\/yoast-seo-wordpress\/ -->\n<title>Pressemitteilung Audacieuse-Galerie: Foto- und Videostudio<\/title>\n<meta name=\"description\" content=\"Audacieuse-Galerie in Carouge Genf: fachkundiges Foto- und Videostudio, Portr\u00e4ts, Mode, Hochzeiten, Unternehmen und einzigartige Kreationen.\" \/>\n<meta name=\"robots\" content=\"index, follow, max-snippet:-1, max-image-preview:large, max-video-preview:-1\" \/>\n<link rel=\"canonical\" href=\"https:\/\/www.audacieuse-galerie.ch\/de\/pressemitteilung-studio-photo-video-2\/\" \/>\n<meta property=\"og:locale\" content=\"de_DE\" \/>\n<meta property=\"og:type\" content=\"article\" \/>\n<meta property=\"og:title\" content=\"Pressemitteilung Audacieuse-Galerie: Foto- und Videostudio\" \/>\n<meta property=\"og:description\" content=\"Audacieuse-Galerie in Carouge Genf: fachkundiges Foto- und Videostudio, Portr\u00e4ts, Mode, Hochzeiten, Unternehmen und einzigartige Kreationen.\" \/>\n<meta property=\"og:url\" content=\"https:\/\/www.audacieuse-galerie.ch\/de\/pressemitteilung-studio-photo-video-2\/\" \/>\n<meta property=\"og:site_name\" content=\"Audacieuse-Galerie\" \/>\n<meta property=\"article:publisher\" content=\"https:\/\/www.facebook.com\/audacieuse.galerie\" \/>\n<meta property=\"article:modified_time\" content=\"2026-01-24T19:26:20+00:00\" \/>\n<meta name=\"twitter:card\" content=\"summary_large_image\" \/>\n<meta name=\"twitter:label1\" content=\"Gesch\u00e4tzte Lesezeit\" \/>\n\t<meta name=\"twitter:data1\" content=\"1 Minute\" \/>\n<script type=\"application\/ld+json\" class=\"yoast-schema-graph\">{\"@context\":\"https:\\\/\\\/schema.org\",\"@graph\":[{\"@type\":\"WebPage\",\"@id\":\"https:\\\/\\\/www.audacieuse-galerie.ch\\\/de\\\/pressemitteilung-studio-photo-video-2\\\/\",\"url\":\"https:\\\/\\\/www.audacieuse-galerie.ch\\\/de\\\/pressemitteilung-studio-photo-video-2\\\/\",\"name\":\"Pressemitteilung Audacieuse-Galerie: Foto- und Videostudio\",\"isPartOf\":{\"@id\":\"https:\\\/\\\/www.audacieuse-galerie.ch\\\/de\\\/#website\"},\"datePublished\":\"2025-11-09T14:00:50+00:00\",\"dateModified\":\"2026-01-24T19:26:20+00:00\",\"description\":\"Audacieuse-Galerie in Carouge Genf: fachkundiges Foto- und Videostudio, Portr\u00e4ts, Mode, Hochzeiten, Unternehmen und einzigartige Kreationen.\",\"breadcrumb\":{\"@id\":\"https:\\\/\\\/www.audacieuse-galerie.ch\\\/de\\\/pressemitteilung-studio-photo-video-2\\\/#breadcrumb\"},\"inLanguage\":\"de\",\"potentialAction\":[{\"@type\":\"ReadAction\",\"target\":[\"https:\\\/\\\/www.audacieuse-galerie.ch\\\/de\\\/pressemitteilung-studio-photo-video-2\\\/\"]}]},{\"@type\":\"BreadcrumbList\",\"@id\":\"https:\\\/\\\/www.audacieuse-galerie.ch\\\/de\\\/pressemitteilung-studio-photo-video-2\\\/#breadcrumb\",\"itemListElement\":[{\"@type\":\"ListItem\",\"position\":1,\"name\":\"Heim\",\"item\":\"https:\\\/\\\/www.audacieuse-galerie.ch\\\/de\\\/\"},{\"@type\":\"ListItem\",\"position\":2,\"name\":\"Pressemitteilung N\u00e4hworkshop\"}]},{\"@type\":\"WebSite\",\"@id\":\"https:\\\/\\\/www.audacieuse-galerie.ch\\\/de\\\/#website\",\"url\":\"https:\\\/\\\/www.audacieuse-galerie.ch\\\/de\\\/\",\"name\":\"Audacieuse-Galerie\",\"description\":\"Mode et Images\",\"potentialAction\":[{\"@type\":\"SearchAction\",\"target\":{\"@type\":\"EntryPoint\",\"urlTemplate\":\"https:\\\/\\\/www.audacieuse-galerie.ch\\\/de\\\/?s={search_term_string}\"},\"query-input\":{\"@type\":\"PropertyValueSpecification\",\"valueRequired\":true,\"valueName\":\"search_term_string\"}}],\"inLanguage\":\"de\"}]}<\/script>\n<!-- \/ Yoast SEO plugin. -->","yoast_head_json":{"title":"Pressemitteilung Audacieuse-Galerie: Foto- und Videostudio","description":"Audacieuse-Galerie in Carouge Genf: fachkundiges Foto- und Videostudio, Portr\u00e4ts, Mode, Hochzeiten, Unternehmen und einzigartige Kreationen.","robots":{"index":"index","follow":"follow","max-snippet":"max-snippet:-1","max-image-preview":"max-image-preview:large","max-video-preview":"max-video-preview:-1"},"canonical":"https:\/\/www.audacieuse-galerie.ch\/de\/pressemitteilung-studio-photo-video-2\/","og_locale":"de_DE","og_type":"article","og_title":"Pressemitteilung Audacieuse-Galerie: Foto- und Videostudio","og_description":"Audacieuse-Galerie in Carouge Genf: fachkundiges Foto- und Videostudio, Portr\u00e4ts, Mode, Hochzeiten, Unternehmen und einzigartige Kreationen.","og_url":"https:\/\/www.audacieuse-galerie.ch\/de\/pressemitteilung-studio-photo-video-2\/","og_site_name":"Audacieuse-Galerie","article_publisher":"https:\/\/www.facebook.com\/audacieuse.galerie","article_modified_time":"2026-01-24T19:26:20+00:00","twitter_card":"summary_large_image","twitter_misc":{"Gesch\u00e4tzte Lesezeit":"1 Minute"},"schema":{"@context":"https:\/\/schema.org","@graph":[{"@type":"WebPage","@id":"https:\/\/www.audacieuse-galerie.ch\/de\/pressemitteilung-studio-photo-video-2\/","url":"https:\/\/www.audacieuse-galerie.ch\/de\/pressemitteilung-studio-photo-video-2\/","name":"Pressemitteilung Audacieuse-Galerie: Foto- und Videostudio","isPartOf":{"@id":"https:\/\/www.audacieuse-galerie.ch\/de\/#website"},"datePublished":"2025-11-09T14:00:50+00:00","dateModified":"2026-01-24T19:26:20+00:00","description":"Audacieuse-Galerie in Carouge Genf: fachkundiges Foto- und Videostudio, Portr\u00e4ts, Mode, Hochzeiten, Unternehmen und einzigartige Kreationen.","breadcrumb":{"@id":"https:\/\/www.audacieuse-galerie.ch\/de\/pressemitteilung-studio-photo-video-2\/#breadcrumb"},"inLanguage":"de","potentialAction":[{"@type":"ReadAction","target":["https:\/\/www.audacieuse-galerie.ch\/de\/pressemitteilung-studio-photo-video-2\/"]}]},{"@type":"BreadcrumbList","@id":"https:\/\/www.audacieuse-galerie.ch\/de\/pressemitteilung-studio-photo-video-2\/#breadcrumb","itemListElement":[{"@type":"ListItem","position":1,"name":"Heim","item":"https:\/\/www.audacieuse-galerie.ch\/de\/"},{"@type":"ListItem","position":2,"name":"Pressemitteilung N\u00e4hworkshop"}]},{"@type":"WebSite","@id":"https:\/\/www.audacieuse-galerie.ch\/de\/#website","url":"https:\/\/www.audacieuse-galerie.ch\/de\/","name":"Audacieuse-Galerie","description":"Mode et Images","potentialAction":[{"@type":"SearchAction","target":{"@type":"EntryPoint","urlTemplate":"https:\/\/www.audacieuse-galerie.ch\/de\/?s={search_term_string}"},"query-input":{"@type":"PropertyValueSpecification","valueRequired":true,"valueName":"search_term_string"}}],"inLanguage":"de"}]}},"_links":{"self":[{"href":"https:\/\/www.audacieuse-galerie.ch\/de\/wp-json\/wp\/v2\/pages\/144967","targetHints":{"allow":["GET"]}}],"collection":[{"href":"https:\/\/www.audacieuse-galerie.ch\/de\/wp-json\/wp\/v2\/pages"}],"about":[{"href":"https:\/\/www.audacieuse-galerie.ch\/de\/wp-json\/wp\/v2\/types\/page"}],"author":[{"embeddable":true,"href":"https:\/\/www.audacieuse-galerie.ch\/de\/wp-json\/wp\/v2\/users\/2"}],"replies":[{"embeddable":true,"href":"https:\/\/www.audacieuse-galerie.ch\/de\/wp-json\/wp\/v2\/comments?post=144967"}],"version-history":[{"count":0,"href":"https:\/\/www.audacieuse-galerie.ch\/de\/wp-json\/wp\/v2\/pages\/144967\/revisions"}],"wp:attachment":[{"href":"https:\/\/www.audacieuse-galerie.ch\/de\/wp-json\/wp\/v2\/media?parent=144967"}],"curies":[{"name":"wp","href":"https:\/\/api.w.org\/{rel}","templated":true}]}}