{"id":74009,"date":"2024-04-08T00:17:38","date_gmt":"2024-04-07T22:17:38","guid":{"rendered":"https:\/\/woo.audacieuse-galerie.ch\/korb\/"},"modified":"2024-04-22T10:34:30","modified_gmt":"2024-04-22T08:34:30","slug":"korb","status":"publish","type":"page","link":"https:\/\/www.audacieuse-galerie.ch\/de\/korb\/","title":{"rendered":"Korb"},"content":{"rendered":"\n<div data-block-name=\"woocommerce\/cart\" class=\"wp-block-woocommerce-cart alignwide is-loading\">\n<div data-block-name=\"woocommerce\/filled-cart-block\" class=\"wp-block-woocommerce-filled-cart-block\">\n<div data-block-name=\"woocommerce\/cart-items-block\" class=\"wp-block-woocommerce-cart-items-block\">\n<div data-block-name=\"woocommerce\/cart-line-items-block\" class=\"wp-block-woocommerce-cart-line-items-block\"><\/div>\n\n\n\n<div data-block-name=\"woocommerce\/cart-cross-sells-block\" class=\"wp-block-woocommerce-cart-cross-sells-block\">\n<h2 class=\"wp-block-heading has-large-font-size\">Das k\u00f6nnte Sie auch interessieren&#8230;<\/h2>\n\n\n\n<div data-block-name=\"woocommerce\/cart-cross-sells-products-block\" class=\"wp-block-woocommerce-cart-cross-sells-products-block\"><\/div>\n<\/div>\n<\/div>\n\n\n\n<div data-block-name=\"woocommerce\/cart-totals-block\" class=\"wp-block-woocommerce-cart-totals-block\">\n<div data-block-name=\"woocommerce\/cart-order-summary-block\" class=\"wp-block-woocommerce-cart-order-summary-block\">\n<div data-block-name=\"woocommerce\/cart-order-summary-heading-block\" class=\"wp-block-woocommerce-cart-order-summary-heading-block\"><\/div><div data-block-name=\"woocommerce\/cart-order-summary-coupon-form-block\" class=\"wp-block-woocommerce-cart-order-summary-coupon-form-block\"><\/div><div data-block-name=\"woocommerce\/cart-order-summary-totals-block\" class=\"wp-block-woocommerce-cart-order-summary-totals-block\">\n<div data-block-name=\"woocommerce\/cart-order-summary-subtotal-block\" class=\"wp-block-woocommerce-cart-order-summary-subtotal-block\"><\/div>\n<div data-block-name=\"woocommerce\/cart-order-summary-discount-block\" class=\"wp-block-woocommerce-cart-order-summary-discount-block\"><\/div>\n<div data-block-name=\"woocommerce\/cart-order-summary-fee-block\" class=\"wp-block-woocommerce-cart-order-summary-fee-block\"><\/div>\n<div data-block-name=\"woocommerce\/cart-order-summary-shipping-block\" class=\"wp-block-woocommerce-cart-order-summary-shipping-block\"><\/div>\n<div data-block-name=\"woocommerce\/cart-order-summary-taxes-block\" class=\"wp-block-woocommerce-cart-order-summary-taxes-block\"><\/div><\/div>\n<\/div>\n\n\n\n<div data-block-name=\"woocommerce\/cart-express-payment-block\" class=\"wp-block-woocommerce-cart-express-payment-block\"><\/div>\n\n\n\n<div data-block-name=\"woocommerce\/proceed-to-checkout-block\" class=\"wp-block-woocommerce-proceed-to-checkout-block\"><\/div>\n\n\n\n<div data-block-name=\"woocommerce\/cart-accepted-payment-methods-block\" class=\"wp-block-woocommerce-cart-accepted-payment-methods-block\"><\/div>\n<\/div>\n<\/div>\n\n\n\n<div data-block-name=\"woocommerce\/empty-cart-block\" class=\"wp-block-woocommerce-empty-cart-block\">\n<h2 class=\"wp-block-heading has-text-align-center with-empty-cart-icon wc-block-cart__empty-cart__title\">Ihr Warenkorb ist derzeit leer!<\/h2>\n\n\n\n<hr class=\"wp-block-separator has-alpha-channel-opacity is-style-dots\"\/>\n\n\n\n<h2 class=\"wp-block-heading has-text-align-center\">Neu im Shop<\/h2>\n\n\n<div data-block-name=\"woocommerce\/product-new\" data-columns=\"4\" data-rows=\"1\" class=\"wc-block-grid wp-block-product-new wp-block-woocommerce-product-new wc-block-product-new has-4-columns\"><ul class=\"wc-block-grid__products\"><li class=\"wc-block-grid__product\">\n\t\t\t\t<a href=\"https:\/\/www.audacieuse-galerie.ch\/de\/produit\/sommerbeige-karierte-baumwollshorts\/\" class=\"wc-block-grid__product-link\">\n\t\t\t\t\t\n\t\t\t\t\t<div class=\"wc-block-grid__product-image\"><img fetchpriority=\"high\" width=\"600\" height=\"600\" src=\"https:\/\/www.audacieuse-galerie.ch\/wp-content\/uploads\/2026\/03\/237-BEIGE-2-600x600.jpg\" class=\"attachment-woocommerce_thumbnail size-woocommerce_thumbnail\" alt=\"Sommerbeige karierte Baumwollshorts\" srcset=\"https:\/\/www.audacieuse-galerie.ch\/wp-content\/uploads\/2026\/03\/237-BEIGE-2-600x600.jpg 600w, https:\/\/www.audacieuse-galerie.ch\/wp-content\/uploads\/2026\/03\/237-BEIGE-2-150x150.jpg 150w, https:\/\/www.audacieuse-galerie.ch\/wp-content\/uploads\/2026\/03\/237-BEIGE-2-256x256.jpg 256w, https:\/\/www.audacieuse-galerie.ch\/wp-content\/uploads\/2026\/03\/237-BEIGE-2-180x180.jpg 180w\" sizes=\"(max-width: 600px) 100vw, 600px\" \/><\/div>\n\t\t\t\t\t<div class=\"wc-block-grid__product-title\">Sommerbeige karierte Baumwollshorts<\/div>\n\t\t\t\t<\/a>\n\t\t\t\t<div class=\"wc-block-grid__product-price price\"><span class=\"woocommerce-Price-amount amount\"><bdi><span class=\"woocommerce-Price-currencySymbol\">&euro;<\/span>39.90<\/bdi><\/span><\/div>\n\t\t\t\t\n\t\t\t\t<div class=\"wp-block-button wc-block-grid__product-add-to-cart\"><a href=\"https:\/\/www.audacieuse-galerie.ch\/de\/produit\/sommerbeige-karierte-baumwollshorts\/\" aria-label=\"Ausf\u00fchrung w\u00e4hlen f\u00fcr \u201cSommerbeige karierte Baumwollshorts\u201d\" data-quantity=\"1\" data-product_id=\"151619\" data-product_sku=\"\" data-price=\"39.9\" rel=\"nofollow\" class=\"wp-block-button__link  add_to_cart_button\">Ausf\u00fchrung w\u00e4hlen<\/a><\/div>\n\t\t\t<\/li><li class=\"wc-block-grid__product\">\n\t\t\t\t<a href=\"https:\/\/www.audacieuse-galerie.ch\/de\/produit\/gruenes-seiden-quadrat-schal-herz-mit-blumenmuster-im-kleeherz\/\" class=\"wc-block-grid__product-link\">\n\t\t\t\t\t\n\t\t\t\t\t<div class=\"wc-block-grid__product-image\"><img width=\"600\" height=\"600\" src=\"https:\/\/www.audacieuse-galerie.ch\/wp-content\/uploads\/2026\/03\/PCS-48-VERT-P-600x600.jpg\" class=\"attachment-woocommerce_thumbnail size-woocommerce_thumbnail\" alt=\"Gr\u00fcnes Seiden-Quadrat-Schal-Herz mit Blumenmuster im Kleeherz\" srcset=\"https:\/\/www.audacieuse-galerie.ch\/wp-content\/uploads\/2026\/03\/PCS-48-VERT-P-600x600.jpg 600w, https:\/\/www.audacieuse-galerie.ch\/wp-content\/uploads\/2026\/03\/PCS-48-VERT-P-150x150.jpg 150w, https:\/\/www.audacieuse-galerie.ch\/wp-content\/uploads\/2026\/03\/PCS-48-VERT-P-256x256.jpg 256w, https:\/\/www.audacieuse-galerie.ch\/wp-content\/uploads\/2026\/03\/PCS-48-VERT-P-180x180.jpg 180w\" sizes=\"(max-width: 600px) 100vw, 600px\" \/><\/div>\n\t\t\t\t\t<div class=\"wc-block-grid__product-title\">Gr\u00fcnes Seiden-Quadrat-Schal-Herz mit Blumenmuster im Kleeherz<\/div>\n\t\t\t\t<\/a>\n\t\t\t\t<div class=\"wc-block-grid__product-price price\"><span class=\"woocommerce-Price-amount amount\"><bdi><span class=\"woocommerce-Price-currencySymbol\">&euro;<\/span>39.90<\/bdi><\/span><\/div>\n\t\t\t\t\n\t\t\t\t<div class=\"wp-block-button wc-block-grid__product-add-to-cart\"><a href=\"\/de\/wp-json\/wp\/v2\/pages\/74009?add-to-cart=151612\" aria-label=\"In den Warenkorb legen: \u201eGr\u00fcnes Seiden-Quadrat-Schal-Herz mit Blumenmuster im Kleeherz\u201c\" data-quantity=\"1\" data-product_id=\"151612\" data-product_sku=\"\" data-price=\"39.9\" rel=\"nofollow\" class=\"wp-block-button__link  add_to_cart_button ajax_add_to_cart\">In den Warenkorb<\/a><\/div>\n\t\t\t<\/li><li class=\"wc-block-grid__product\">\n\t\t\t\t<a href=\"https:\/\/www.audacieuse-galerie.ch\/de\/produit\/damenhandtasche-echtes-leder-mit-elegantem-design\/\" class=\"wc-block-grid__product-link\">\n\t\t\t\t\t\n\t\t\t\t\t<div class=\"wc-block-grid__product-image\"><img width=\"416\" height=\"416\" src=\"https:\/\/www.audacieuse-galerie.ch\/wp-content\/uploads\/2026\/03\/sac-cuir-veritable-noir-bandouliere-design-rectangle.webp\" class=\"attachment-woocommerce_thumbnail size-woocommerce_thumbnail\" alt=\"Damenhandtasche Echtes Leder mit elegantem Design\" srcset=\"https:\/\/www.audacieuse-galerie.ch\/wp-content\/uploads\/2026\/03\/sac-cuir-veritable-noir-bandouliere-design-rectangle.webp 416w, https:\/\/www.audacieuse-galerie.ch\/wp-content\/uploads\/2026\/03\/sac-cuir-veritable-noir-bandouliere-design-rectangle-300x300.webp 300w, https:\/\/www.audacieuse-galerie.ch\/wp-content\/uploads\/2026\/03\/sac-cuir-veritable-noir-bandouliere-design-rectangle-150x150.webp 150w, https:\/\/www.audacieuse-galerie.ch\/wp-content\/uploads\/2026\/03\/sac-cuir-veritable-noir-bandouliere-design-rectangle-256x256.webp 256w, https:\/\/www.audacieuse-galerie.ch\/wp-content\/uploads\/2026\/03\/sac-cuir-veritable-noir-bandouliere-design-rectangle-180x180.webp 180w\" sizes=\"(max-width: 416px) 100vw, 416px\" \/><\/div>\n\t\t\t\t\t<div class=\"wc-block-grid__product-title\">Damenhandtasche Echtes Leder mit elegantem Design<\/div>\n\t\t\t\t<\/a>\n\t\t\t\t<div class=\"wc-block-grid__product-price price\"><span class=\"woocommerce-Price-amount amount\"><bdi><span class=\"woocommerce-Price-currencySymbol\">&euro;<\/span>149.90<\/bdi><\/span><\/div>\n\t\t\t\t\n\t\t\t\t<div class=\"wp-block-button wc-block-grid__product-add-to-cart\"><a href=\"https:\/\/www.audacieuse-galerie.ch\/de\/produit\/damenhandtasche-echtes-leder-mit-elegantem-design\/\" aria-label=\"Ausf\u00fchrung w\u00e4hlen f\u00fcr \u201cDamenhandtasche Echtes Leder mit elegantem Design\u201d\" data-quantity=\"1\" data-product_id=\"151587\" data-product_sku=\"\" data-price=\"149.9\" rel=\"nofollow\" class=\"wp-block-button__link  add_to_cart_button\">Ausf\u00fchrung w\u00e4hlen<\/a><\/div>\n\t\t\t<\/li><li class=\"wc-block-grid__product\">\n\t\t\t\t<a href=\"https:\/\/www.audacieuse-galerie.ch\/de\/produit\/damen-sommerhut-in-glaenzendem-lurex-grau-mit-perlen\/\" class=\"wc-block-grid__product-link\">\n\t\t\t\t\t\n\t\t\t\t\t<div class=\"wc-block-grid__product-image\"><img loading=\"lazy\" width=\"600\" height=\"600\" src=\"https:\/\/www.audacieuse-galerie.ch\/wp-content\/uploads\/2026\/03\/CX2215-2-ARGENT-600x600.jpg\" class=\"attachment-woocommerce_thumbnail size-woocommerce_thumbnail\" alt=\"Damen-Sommerhut in gl\u00e4nzendem Lurex-Grau mit Perlen\" srcset=\"https:\/\/www.audacieuse-galerie.ch\/wp-content\/uploads\/2026\/03\/CX2215-2-ARGENT-600x600.jpg 600w, https:\/\/www.audacieuse-galerie.ch\/wp-content\/uploads\/2026\/03\/CX2215-2-ARGENT-150x150.jpg 150w, https:\/\/www.audacieuse-galerie.ch\/wp-content\/uploads\/2026\/03\/CX2215-2-ARGENT-256x256.jpg 256w, https:\/\/www.audacieuse-galerie.ch\/wp-content\/uploads\/2026\/03\/CX2215-2-ARGENT-180x180.jpg 180w\" sizes=\"(max-width: 600px) 100vw, 600px\" \/><\/div>\n\t\t\t\t\t<div class=\"wc-block-grid__product-title\">Damen-Sommerhut in gl\u00e4nzendem Lurex-Grau mit Perlen<\/div>\n\t\t\t\t<\/a>\n\t\t\t\t<div class=\"wc-block-grid__product-price price\"><span class=\"woocommerce-Price-amount amount\"><bdi><span class=\"woocommerce-Price-currencySymbol\">&euro;<\/span>37.00<\/bdi><\/span><\/div>\n\t\t\t\t\n\t\t\t\t<div class=\"wp-block-button wc-block-grid__product-add-to-cart\"><a href=\"\/de\/wp-json\/wp\/v2\/pages\/74009?add-to-cart=151572\" aria-label=\"In den Warenkorb legen: \u201eDamen-Sommerhut in gl\u00e4nzendem Lurex-Grau mit Perlen\u201c\" data-quantity=\"1\" data-product_id=\"151572\" data-product_sku=\"\" data-price=\"37\" rel=\"nofollow\" class=\"wp-block-button__link  add_to_cart_button ajax_add_to_cart\">In den Warenkorb<\/a><\/div>\n\t\t\t<\/li><\/ul><\/div><\/div>\n<\/div>\n","protected":false},"excerpt":{"rendered":"","protected":false},"author":1,"featured_media":0,"parent":0,"menu_order":0,"comment_status":"closed","ping_status":"closed","template":"page-fullwidth.php","meta":{"_glsr_average":0,"_glsr_ranking":0,"_glsr_reviews":0,"footnotes":""},"class_list":["post-74009","page","type-page","status-publish"],"yoast_head":"<!-- This site is optimized with the Yoast SEO plugin v27.4 - https:\/\/yoast.com\/product\/yoast-seo-wordpress\/ -->\n<title>Korb -<\/title>\n<meta name=\"description\" content=\"Korb - Audacieuse-Galerie\" \/>\n<meta name=\"robots\" content=\"index, follow, max-snippet:-1, max-image-preview:large, max-video-preview:-1\" \/>\n<link rel=\"canonical\" href=\"https:\/\/www.audacieuse-galerie.ch\/de\/korb\/\" \/>\n<meta property=\"og:locale\" content=\"de_DE\" \/>\n<meta property=\"og:type\" content=\"article\" \/>\n<meta property=\"og:title\" content=\"Korb -\" \/>\n<meta property=\"og:description\" content=\"Korb - Audacieuse-Galerie\" \/>\n<meta property=\"og:url\" content=\"https:\/\/www.audacieuse-galerie.ch\/de\/korb\/\" \/>\n<meta property=\"og:site_name\" content=\"Audacieuse-Galerie\" \/>\n<meta property=\"article:publisher\" content=\"https:\/\/www.facebook.com\/audacieuse.galerie\" \/>\n<meta property=\"article:modified_time\" content=\"2024-04-22T08:34:30+00:00\" \/>\n<meta name=\"twitter:card\" content=\"summary_large_image\" \/>\n<script type=\"application\/ld+json\" class=\"yoast-schema-graph\">{\"@context\":\"https:\\\/\\\/schema.org\",\"@graph\":[]}<\/script>\n<!-- \/ Yoast SEO plugin. -->","yoast_head_json":{"title":"Korb -","description":"Korb - Audacieuse-Galerie","robots":{"index":"index","follow":"follow","max-snippet":"max-snippet:-1","max-image-preview":"max-image-preview:large","max-video-preview":"max-video-preview:-1"},"canonical":"https:\/\/www.audacieuse-galerie.ch\/de\/korb\/","og_locale":"de_DE","og_type":"article","og_title":"Korb -","og_description":"Korb - Audacieuse-Galerie","og_url":"https:\/\/www.audacieuse-galerie.ch\/de\/korb\/","og_site_name":"Audacieuse-Galerie","article_publisher":"https:\/\/www.facebook.com\/audacieuse.galerie","article_modified_time":"2024-04-22T08:34:30+00:00","twitter_card":"summary_large_image","schema":{"@context":"https:\/\/schema.org","@graph":[]}},"_links":{"self":[{"href":"https:\/\/www.audacieuse-galerie.ch\/de\/wp-json\/wp\/v2\/pages\/74009","targetHints":{"allow":["GET"]}}],"collection":[{"href":"https:\/\/www.audacieuse-galerie.ch\/de\/wp-json\/wp\/v2\/pages"}],"about":[{"href":"https:\/\/www.audacieuse-galerie.ch\/de\/wp-json\/wp\/v2\/types\/page"}],"author":[{"embeddable":true,"href":"https:\/\/www.audacieuse-galerie.ch\/de\/wp-json\/wp\/v2\/users\/1"}],"replies":[{"embeddable":true,"href":"https:\/\/www.audacieuse-galerie.ch\/de\/wp-json\/wp\/v2\/comments?post=74009"}],"version-history":[{"count":0,"href":"https:\/\/www.audacieuse-galerie.ch\/de\/wp-json\/wp\/v2\/pages\/74009\/revisions"}],"wp:attachment":[{"href":"https:\/\/www.audacieuse-galerie.ch\/de\/wp-json\/wp\/v2\/media?parent=74009"}],"curies":[{"name":"wp","href":"https:\/\/api.w.org\/{rel}","templated":true}]}}