{"id":83186,"date":"2024-06-25T19:51:23","date_gmt":"2024-06-25T17:51:23","guid":{"rendered":"https:\/\/woo.audacieuse-galerie.ch\/kuenstler-fotografen\/"},"modified":"2026-04-23T11:52:30","modified_gmt":"2026-04-23T09:52:30","slug":"kuenstler-fotografen","status":"publish","type":"page","link":"https:\/\/www.audacieuse-galerie.ch\/de\/kuenstler-fotografen\/","title":{"rendered":"K\u00fcnstler-Fotografen"},"content":{"rendered":"\t\t<div data-elementor-type=\"wp-page\" data-elementor-id=\"83186\" class=\"elementor elementor-83186 elementor-83184\">\n\t\t\t\t<div class=\"elementor-element elementor-element-f73445f e-con-full thegem-e-con-layout-thegem e-flex e-con e-parent\" data-id=\"f73445f\" data-element_type=\"container\" data-e-type=\"container\" data-settings=\"{&quot;animation&quot;:&quot;none&quot;,&quot;thegem_container_layout&quot;:&quot;thegem&quot;}\">\r\n\t\t\t\t<div class=\"elementor-element elementor-element-f6e0be9 flex-horizontal-align-default flex-horizontal-align-tablet-default flex-horizontal-align-mobile-default flex-vertical-align-default flex-vertical-align-tablet-default flex-vertical-align-mobile-default elementor-widget elementor-widget-heading\" data-id=\"f6e0be9\" data-element_type=\"widget\" data-e-type=\"widget\" data-widget_type=\"heading.default\">\n\t\t\t\t\t<h1 class=\"light elementor-heading-title elementor-size-default\">Fotok\u00fcnstler<\/h1>\t\t\t\t<\/div>\n\t\t\t\t<\/div>\n\t\t<div class=\"elementor-element elementor-element-f18ebaf e-con-full thegem-e-con-layout-thegem e-flex e-con e-parent\" data-id=\"f18ebaf\" data-element_type=\"container\" data-e-type=\"container\" data-settings=\"{&quot;thegem_container_layout&quot;:&quot;thegem&quot;}\">\r\n\t\t<div class=\"elementor-element elementor-element-ec2b111 e-con-full thegem-e-con-layout-thegem e-flex e-con e-child\" data-id=\"ec2b111\" data-element_type=\"container\" data-e-type=\"container\" data-settings=\"{&quot;thegem_container_layout&quot;:&quot;thegem&quot;}\">\r\n\t\t\t\t<div class=\"elementor-element elementor-element-47c440a flex-horizontal-align-default flex-horizontal-align-tablet-default flex-horizontal-align-mobile-default flex-vertical-align-default flex-vertical-align-tablet-default flex-vertical-align-mobile-default elementor-widget elementor-widget-heading\" data-id=\"47c440a\" data-element_type=\"widget\" data-e-type=\"widget\" data-widget_type=\"heading.default\">\n\t\t\t\t\t<h6 class=\"elementor-heading-title elementor-size-default\"><a href=\"https:\/\/www.audacieuse-galerie.ch\/de\/categorie-produit\/kunst-und-fotogalerie-in-carouge-gleich-neben-genf-schweiz\/kunstler-fotografen\/fotograf-alexandre-pierre-albert\/\" title=\"D\u00e9couvrir ses photographies\">Alexandre Pierre Albert<\/a><\/h6>\t\t\t\t<\/div>\n\t\t\t\t<\/div>\n\t\t<div class=\"elementor-element elementor-element-40f91e3 e-con-full thegem-e-con-layout-thegem e-flex e-con e-child\" data-id=\"40f91e3\" data-element_type=\"container\" data-e-type=\"container\" data-settings=\"{&quot;thegem_container_layout&quot;:&quot;thegem&quot;}\">\r\n\t\t\t\t<div class=\"elementor-element elementor-element-52d68ff flex-horizontal-align-default flex-horizontal-align-tablet-default flex-horizontal-align-mobile-default flex-vertical-align-default flex-vertical-align-tablet-default flex-vertical-align-mobile-default elementor-widget elementor-widget-heading\" data-id=\"52d68ff\" data-element_type=\"widget\" data-e-type=\"widget\" data-widget_type=\"heading.default\">\n\t\t\t\t\t<h6 class=\"elementor-heading-title elementor-size-default\"><a href=\"https:\/\/www.audacieuse-galerie.ch\/de\/categorie-produit\/kunst-und-fotogalerie-in-carouge-gleich-neben-genf-schweiz\/kunstler-fotografen\/fotograf-brice-krummernacker\/\" title=\"D\u00e9couvrir ses photographies\">Brice Krummernaker<\/a><\/h6>\t\t\t\t<\/div>\n\t\t\t\t<\/div>\n\t\t<div class=\"elementor-element elementor-element-c03af6e e-con-full thegem-e-con-layout-thegem e-flex e-con e-child\" data-id=\"c03af6e\" data-element_type=\"container\" data-e-type=\"container\" data-settings=\"{&quot;thegem_container_layout&quot;:&quot;thegem&quot;}\">\r\n\t\t\t\t<div class=\"elementor-element elementor-element-0404b9f flex-horizontal-align-default flex-horizontal-align-tablet-default flex-horizontal-align-mobile-default flex-vertical-align-default flex-vertical-align-tablet-default flex-vertical-align-mobile-default elementor-widget elementor-widget-heading\" data-id=\"0404b9f\" data-element_type=\"widget\" data-e-type=\"widget\" data-widget_type=\"heading.default\">\n\t\t\t\t\t<h6 class=\"elementor-heading-title elementor-size-default\"><a href=\"https:\/\/www.audacieuse-galerie.ch\/de\/categorie-produit\/kunst-und-fotogalerie-in-carouge-gleich-neben-genf-schweiz\/kunstler-fotografen\/fotograf-cedric-brion\/\" title=\"D\u00e9couvrir ses photographies\">C\u00e9dric brion<\/a><\/h6>\t\t\t\t<\/div>\n\t\t\t\t<\/div>\n\t\t<div class=\"elementor-element elementor-element-c30e3bd e-con-full thegem-e-con-layout-thegem e-flex e-con e-child\" data-id=\"c30e3bd\" data-element_type=\"container\" data-e-type=\"container\" data-settings=\"{&quot;thegem_container_layout&quot;:&quot;thegem&quot;}\">\r\n\t\t\t\t<div class=\"elementor-element elementor-element-7fbda41 flex-horizontal-align-default flex-horizontal-align-tablet-default flex-horizontal-align-mobile-default flex-vertical-align-default flex-vertical-align-tablet-default flex-vertical-align-mobile-default elementor-widget elementor-widget-heading\" data-id=\"7fbda41\" data-element_type=\"widget\" data-e-type=\"widget\" data-widget_type=\"heading.default\">\n\t\t\t\t\t<h6 class=\"elementor-heading-title elementor-size-default\"><a href=\"https:\/\/www.audacieuse-galerie.ch\/de\/categorie-produit\/kunst-und-fotogalerie-in-carouge-gleich-neben-genf-schweiz\/kunstler-fotografen\/fotograf-charlotte-bresson\/\" title=\"D\u00e9couvrir ses photographies\">Charlotte Bresson<\/a><\/h6>\t\t\t\t<\/div>\n\t\t\t\t<\/div>\n\t\t\t\t<\/div>\n\t\t<div class=\"elementor-element elementor-element-5b7e601 e-con-full thegem-e-con-layout-thegem e-flex e-con e-parent\" data-id=\"5b7e601\" data-element_type=\"container\" data-e-type=\"container\" data-settings=\"{&quot;thegem_container_layout&quot;:&quot;thegem&quot;}\">\r\n\t\t<div class=\"elementor-element elementor-element-de9a1e1 e-con-full thegem-e-con-layout-thegem e-flex e-con e-child\" data-id=\"de9a1e1\" data-element_type=\"container\" data-e-type=\"container\" data-settings=\"{&quot;thegem_container_layout&quot;:&quot;thegem&quot;}\">\r\n\t\t\t\t<div class=\"elementor-element elementor-element-71ac60a flex-horizontal-align-default flex-horizontal-align-tablet-default flex-horizontal-align-mobile-default flex-vertical-align-default flex-vertical-align-tablet-default flex-vertical-align-mobile-default elementor-widget elementor-widget-heading\" data-id=\"71ac60a\" data-element_type=\"widget\" data-e-type=\"widget\" data-widget_type=\"heading.default\">\n\t\t\t\t\t<h6 class=\"elementor-heading-title elementor-size-default\"><a href=\"https:\/\/www.audacieuse-galerie.ch\/de\/categorie-produit\/kunst-und-fotogalerie-in-carouge-gleich-neben-genf-schweiz\/kunstler-fotografen\/fotograf-daniele-verjus\/\" title=\"D\u00e9couvrir ses photographies\">Dani\u00e8le Verjus<\/a><\/h6>\t\t\t\t<\/div>\n\t\t\t\t<\/div>\n\t\t<div class=\"elementor-element elementor-element-94e4d4d e-con-full thegem-e-con-layout-thegem e-flex e-con e-child\" data-id=\"94e4d4d\" data-element_type=\"container\" data-e-type=\"container\" data-settings=\"{&quot;thegem_container_layout&quot;:&quot;thegem&quot;}\">\r\n\t\t\t\t<div class=\"elementor-element elementor-element-fc8751b flex-horizontal-align-default flex-horizontal-align-tablet-default flex-horizontal-align-mobile-default flex-vertical-align-default flex-vertical-align-tablet-default flex-vertical-align-mobile-default elementor-widget elementor-widget-heading\" data-id=\"fc8751b\" data-element_type=\"widget\" data-e-type=\"widget\" data-widget_type=\"heading.default\">\n\t\t\t\t\t<h6 class=\"elementor-heading-title elementor-size-default\"><a href=\"https:\/\/www.audacieuse-galerie.ch\/de\/categorie-produit\/kunst-und-fotogalerie-in-carouge-gleich-neben-genf-schweiz\/kunstler-fotografen\/fotograf-georgii-winogradow\/\" title=\"D\u00e9couvrir ses photographies\">Georgii Winogradow<\/a><\/h6>\t\t\t\t<\/div>\n\t\t\t\t<\/div>\n\t\t<div class=\"elementor-element elementor-element-f6c230b e-con-full thegem-e-con-layout-thegem e-flex e-con e-child\" data-id=\"f6c230b\" data-element_type=\"container\" data-e-type=\"container\" data-settings=\"{&quot;thegem_container_layout&quot;:&quot;thegem&quot;}\">\r\n\t\t\t\t<div class=\"elementor-element elementor-element-f69d156 flex-horizontal-align-default flex-horizontal-align-tablet-default flex-horizontal-align-mobile-default flex-vertical-align-default flex-vertical-align-tablet-default flex-vertical-align-mobile-default elementor-widget elementor-widget-heading\" data-id=\"f69d156\" data-element_type=\"widget\" data-e-type=\"widget\" data-widget_type=\"heading.default\">\n\t\t\t\t\t<h6 class=\"elementor-heading-title elementor-size-default\"><a href=\"https:\/\/www.audacieuse-galerie.ch\/de\/categorie-produit\/kunst-und-fotogalerie-in-carouge-gleich-neben-genf-schweiz\/kunstler-fotografen\/fotograf-hiro-tanaka\/\" title=\"D\u00e9couvrir ses photographies\">Hiro Tanaka<\/a><\/h6>\t\t\t\t<\/div>\n\t\t\t\t<\/div>\n\t\t<div class=\"elementor-element elementor-element-f2b6507 e-con-full thegem-e-con-layout-thegem e-flex e-con e-child\" data-id=\"f2b6507\" data-element_type=\"container\" data-e-type=\"container\" data-settings=\"{&quot;thegem_container_layout&quot;:&quot;thegem&quot;}\">\r\n\t\t\t\t<div class=\"elementor-element elementor-element-3ca2bf2 flex-horizontal-align-default flex-horizontal-align-tablet-default flex-horizontal-align-mobile-default flex-vertical-align-default flex-vertical-align-tablet-default flex-vertical-align-mobile-default elementor-widget elementor-widget-heading\" data-id=\"3ca2bf2\" data-element_type=\"widget\" data-e-type=\"widget\" data-widget_type=\"heading.default\">\n\t\t\t\t\t<h6 class=\"elementor-heading-title elementor-size-default\"><a href=\"https:\/\/www.audacieuse-galerie.ch\/de\/categorie-produit\/kunst-und-fotogalerie-in-carouge-gleich-neben-genf-schweiz\/kunstler-fotografen\/fotograf-hubert-barre\/\" title=\"D\u00e9couvrir ses photographies\">Hubert Barre<\/a><\/h6>\t\t\t\t<\/div>\n\t\t\t\t<\/div>\n\t\t\t\t<\/div>\n\t\t<div class=\"elementor-element elementor-element-b79e33e e-con-full thegem-e-con-layout-thegem e-flex e-con e-parent\" data-id=\"b79e33e\" data-element_type=\"container\" data-e-type=\"container\" data-settings=\"{&quot;thegem_container_layout&quot;:&quot;thegem&quot;}\">\r\n\t\t<div class=\"elementor-element elementor-element-10cd320 e-con-full thegem-e-con-layout-thegem e-flex e-con e-child\" data-id=\"10cd320\" data-element_type=\"container\" data-e-type=\"container\" data-settings=\"{&quot;thegem_container_layout&quot;:&quot;thegem&quot;}\">\r\n\t\t\t\t<div class=\"elementor-element elementor-element-49663d6 flex-horizontal-align-default flex-horizontal-align-tablet-default flex-horizontal-align-mobile-default flex-vertical-align-default flex-vertical-align-tablet-default flex-vertical-align-mobile-default elementor-widget elementor-widget-heading\" data-id=\"49663d6\" data-element_type=\"widget\" data-e-type=\"widget\" data-widget_type=\"heading.default\">\n\t\t\t\t\t<h6 class=\"elementor-heading-title elementor-size-default\"><a href=\"https:\/\/www.audacieuse-galerie.ch\/de\/categorie-produit\/kunst-und-fotogalerie-in-carouge-gleich-neben-genf-schweiz\/kunstler-fotografen\/fotograf-jason-gardner\/\" title=\"D\u00e9couvrir ses photographies\">Jason Gardner<\/a><\/h6>\t\t\t\t<\/div>\n\t\t\t\t<\/div>\n\t\t<div class=\"elementor-element elementor-element-a020c83 e-con-full thegem-e-con-layout-thegem e-flex e-con e-child\" data-id=\"a020c83\" data-element_type=\"container\" data-e-type=\"container\" data-settings=\"{&quot;thegem_container_layout&quot;:&quot;thegem&quot;}\">\r\n\t\t\t\t<div class=\"elementor-element elementor-element-7edeadf flex-horizontal-align-default flex-horizontal-align-tablet-default flex-horizontal-align-mobile-default flex-vertical-align-default flex-vertical-align-tablet-default flex-vertical-align-mobile-default elementor-widget elementor-widget-heading\" data-id=\"7edeadf\" data-element_type=\"widget\" data-e-type=\"widget\" data-widget_type=\"heading.default\">\n\t\t\t\t\t<h6 class=\"elementor-heading-title elementor-size-default\"><a href=\"https:\/\/www.audacieuse-galerie.ch\/de\/categorie-produit\/kunst-und-fotogalerie-in-carouge-gleich-neben-genf-schweiz\/kunstler-fotografen\/fotografin-manon-boyer\/\" title=\"D\u00e9couvrir ses photographies\">Manon Boyer<\/a><\/h6>\t\t\t\t<\/div>\n\t\t\t\t<\/div>\n\t\t<div class=\"elementor-element elementor-element-44d3e56 e-con-full thegem-e-con-layout-thegem e-flex e-con e-child\" data-id=\"44d3e56\" data-element_type=\"container\" data-e-type=\"container\" data-settings=\"{&quot;thegem_container_layout&quot;:&quot;thegem&quot;}\">\r\n\t\t\t\t<div class=\"elementor-element elementor-element-52fd2ec flex-horizontal-align-default flex-horizontal-align-tablet-default flex-horizontal-align-mobile-default flex-vertical-align-default flex-vertical-align-tablet-default flex-vertical-align-mobile-default elementor-widget elementor-widget-heading\" data-id=\"52fd2ec\" data-element_type=\"widget\" data-e-type=\"widget\" data-widget_type=\"heading.default\">\n\t\t\t\t\t<h6 class=\"elementor-heading-title elementor-size-default\"><a href=\"https:\/\/www.audacieuse-galerie.ch\/de\/categorie-produit\/kunst-und-fotogalerie-in-carouge-gleich-neben-genf-schweiz\/kunstler-fotografen\/fotograf-maximilien-minsk\/\" title=\"D\u00e9couvrir ses photographies\">Maximilian Minsk<\/a><\/h6>\t\t\t\t<\/div>\n\t\t\t\t<\/div>\n\t\t<div class=\"elementor-element elementor-element-3b47975 e-con-full thegem-e-con-layout-thegem e-flex e-con e-child\" data-id=\"3b47975\" data-element_type=\"container\" data-e-type=\"container\" data-settings=\"{&quot;thegem_container_layout&quot;:&quot;thegem&quot;}\">\r\n\t\t\t\t<div class=\"elementor-element elementor-element-950c579 flex-horizontal-align-default flex-horizontal-align-tablet-default flex-horizontal-align-mobile-default flex-vertical-align-default flex-vertical-align-tablet-default flex-vertical-align-mobile-default elementor-widget elementor-widget-heading\" data-id=\"950c579\" data-element_type=\"widget\" data-e-type=\"widget\" data-widget_type=\"heading.default\">\n\t\t\t\t\t<h6 class=\"elementor-heading-title elementor-size-default\"><a href=\"https:\/\/www.audacieuse-galerie.ch\/de\/categorie-produit\/kunst-und-fotogalerie-in-carouge-gleich-neben-genf-schweiz\/kunstler-fotografen\/fotograf-reiko-nonaka\/\" title=\"D\u00e9couvrir ses photographies\">Reiko Nonaka<\/a><\/h6>\t\t\t\t<\/div>\n\t\t\t\t<\/div>\n\t\t\t\t<\/div>\n\t\t<div class=\"elementor-element elementor-element-9cfa49a e-con-full thegem-e-con-layout-thegem e-flex e-con e-parent\" data-id=\"9cfa49a\" data-element_type=\"container\" data-e-type=\"container\" data-settings=\"{&quot;thegem_container_layout&quot;:&quot;thegem&quot;}\">\r\n\t\t<div class=\"elementor-element elementor-element-6a3beb9 e-con-full thegem-e-con-layout-thegem e-flex e-con e-child\" data-id=\"6a3beb9\" data-element_type=\"container\" data-e-type=\"container\" data-settings=\"{&quot;thegem_container_layout&quot;:&quot;thegem&quot;}\">\r\n\t\t\t\t<div class=\"elementor-element elementor-element-98b910c flex-horizontal-align-default flex-horizontal-align-tablet-default flex-horizontal-align-mobile-default flex-vertical-align-default flex-vertical-align-tablet-default flex-vertical-align-mobile-default elementor-widget elementor-widget-heading\" data-id=\"98b910c\" data-element_type=\"widget\" data-e-type=\"widget\" data-widget_type=\"heading.default\">\n\t\t\t\t\t<h6 class=\"elementor-heading-title elementor-size-default\"><a href=\"https:\/\/www.audacieuse-galerie.ch\/de\/categorie-produit\/kunst-und-fotogalerie-in-carouge-gleich-neben-genf-schweiz\/kunstler-fotografen\/fotograf-simon-gruber\/\" title=\"D\u00e9couvrir ses photographies\">Simon Gruber<\/a><\/h6>\t\t\t\t<\/div>\n\t\t\t\t<\/div>\n\t\t<div class=\"elementor-element elementor-element-e73762f e-con-full thegem-e-con-layout-thegem e-flex e-con e-child\" data-id=\"e73762f\" data-element_type=\"container\" data-e-type=\"container\" data-settings=\"{&quot;thegem_container_layout&quot;:&quot;thegem&quot;}\">\r\n\t\t\t\t<div class=\"elementor-element elementor-element-8730a92 flex-horizontal-align-default flex-horizontal-align-tablet-default flex-horizontal-align-mobile-default flex-vertical-align-default flex-vertical-align-tablet-default flex-vertical-align-mobile-default elementor-widget elementor-widget-heading\" data-id=\"8730a92\" data-element_type=\"widget\" data-e-type=\"widget\" data-widget_type=\"heading.default\">\n\t\t\t\t\t<h6 class=\"elementor-heading-title elementor-size-default\"><a href=\"https:\/\/www.audacieuse-galerie.ch\/de\/categorie-produit\/kunst-und-fotogalerie-in-carouge-gleich-neben-genf-schweiz\/kunstler-fotografen\/fotograf-stephane-stribick\/\" title=\"D\u00e9couvrir ses photographies\">St\u00e9phane Stribick<\/a><\/h6>\t\t\t\t<\/div>\n\t\t\t\t<\/div>\n\t\t<div class=\"elementor-element elementor-element-0b1b9e0 e-con-full thegem-e-con-layout-thegem e-flex e-con e-child\" data-id=\"0b1b9e0\" data-element_type=\"container\" data-e-type=\"container\" data-settings=\"{&quot;thegem_container_layout&quot;:&quot;thegem&quot;}\">\r\n\t\t\t\t<div class=\"elementor-element elementor-element-9119e57 flex-horizontal-align-default flex-horizontal-align-tablet-default flex-horizontal-align-mobile-default flex-vertical-align-default flex-vertical-align-tablet-default flex-vertical-align-mobile-default elementor-widget elementor-widget-heading\" data-id=\"9119e57\" data-element_type=\"widget\" data-e-type=\"widget\" data-widget_type=\"heading.default\">\n\t\t\t\t\t<h6 class=\"elementor-heading-title elementor-size-default\"><a href=\"https:\/\/woo.audacieuse-galerie.ch\/categorie-produit\/galerie-d-art-et-de-photographies-artistiques-a-carouge-geneve-suisse\/artistes-photographes\/photographe-thierry-vezon\/\" title=\"D\u00e9couvrir ses photographies\">Thierry Vezon<\/a><\/h6>\t\t\t\t<\/div>\n\t\t\t\t<\/div>\n\t\t<div class=\"elementor-element elementor-element-331928d e-con-full thegem-e-con-layout-thegem e-flex e-con e-child\" data-id=\"331928d\" data-element_type=\"container\" data-e-type=\"container\" data-settings=\"{&quot;thegem_container_layout&quot;:&quot;thegem&quot;}\">\r\n\t\t\t\t<div class=\"elementor-element elementor-element-24624d1 flex-horizontal-align-default flex-horizontal-align-tablet-default flex-horizontal-align-mobile-default flex-vertical-align-default flex-vertical-align-tablet-default flex-vertical-align-mobile-default elementor-widget elementor-widget-heading\" data-id=\"24624d1\" data-element_type=\"widget\" data-e-type=\"widget\" data-widget_type=\"heading.default\">\n\t\t\t\t\t<h6 class=\"elementor-heading-title elementor-size-default\">Ysel Fournet<\/h6>\t\t\t\t<\/div>\n\t\t\t\t<\/div>\n\t\t\t\t<\/div>\n\t\t<div class=\"elementor-element elementor-element-30de06c thegem-e-con-layout-thegem e-flex e-con-boxed e-con e-parent\" data-id=\"30de06c\" data-element_type=\"container\" data-e-type=\"container\" data-settings=\"{&quot;thegem_container_layout&quot;:&quot;thegem&quot;}\">\r\n\t\t\t\t\t<div class=\"e-con-inner\">\r\n\t\t<div class=\"elementor-element elementor-element-5814a79 e-con-full thegem-e-con-layout-thegem e-flex e-con e-child\" data-id=\"5814a79\" data-element_type=\"container\" data-e-type=\"container\" data-settings=\"{&quot;thegem_container_layout&quot;:&quot;thegem&quot;}\">\r\n\t\t\t\t<div class=\"elementor-element elementor-element-38e444d flex-horizontal-align-default flex-horizontal-align-tablet-default flex-horizontal-align-mobile-default flex-vertical-align-default flex-vertical-align-tablet-default flex-vertical-align-mobile-default elementor-widget elementor-widget-heading\" data-id=\"38e444d\" data-element_type=\"widget\" data-e-type=\"widget\" data-widget_type=\"heading.default\">\n\t\t\t\t\t<h2 class=\"light elementor-heading-title elementor-size-default\">Die Auswahl der Fotografen und K\u00fcnstler<\/h2>\t\t\t\t<\/div>\n\t\t\t\t<div class=\"elementor-element elementor-element-b77ab0f flex-horizontal-align-default flex-horizontal-align-tablet-default flex-horizontal-align-mobile-default flex-vertical-align-default flex-vertical-align-tablet-default flex-vertical-align-mobile-default elementor-widget elementor-widget-text-editor\" data-id=\"b77ab0f\" data-element_type=\"widget\" data-e-type=\"widget\" data-widget_type=\"text-editor.default\">\n\t\t\t\t\t\t\t\t\t\t\t\t<div class=\"elementor-text-editor elementor-clearfix\">\r\n\t\t\t\t\t\t<p>In der Audacieuse-Galerie wird jeder Fotograf von unseren fachkundigen Kuratoren sorgf\u00e4ltig ausgew\u00e4hlt, um Ausstellungen von au\u00dfergew\u00f6hnlicher Qualit\u00e4t zu garantieren. Jeder K\u00fcnstler wird nach Originalit\u00e4t, technischer Meisterschaft und Emotion bewertet, die durch seine Werke vermittelt wird. Unser rigoroser Prozess umfasst eine eingehende Portfolioanalyse und personalisierte Interviews. Diese Liebe zum Detail erm\u00f6glicht es uns, einzigartige und zukunftsorientierte Talente zu pr\u00e4sentieren. Kommen Sie und entdecken Sie faszinierende k\u00fcnstlerische Visionen, die sorgf\u00e4ltig ausgew\u00e4hlt wurden, um Sie zu verbl\u00fcffen. Erkunden Sie ihre Portfolios, saugen Sie ihre k\u00fcnstlerische Vision auf und lassen Sie sich von Bildern inspirieren, die tiefgr\u00fcndige und bewegende Geschichten erz\u00e4hlen. Feiern Sie mit uns die Magie der Fotografie und unterst\u00fctzen Sie diese leidenschaftlichen Kreativen. In der Audacieuse-Galerie wird fotografische Exzellenz erlebbar.       <\/p>\t\t\t\t\t\t\t<\/div>\r\n\t\t\t\t\t\t\t\t\t\t<\/div>\n\t\t\t\t<\/div>\n\t\t\t\t\t<\/div>\n\t\t\t\t<\/div>\n\t\t\t\t<\/div>\n\t\t","protected":false},"excerpt":{"rendered":"<p>Fotok\u00fcnstler Alexandre Pierre Albert Brice Krummernaker C\u00e9dric brion Charlotte Bresson Dani\u00e8le Verjus Georgii Winogradow Hiro Tanaka Hubert Barre Jason Gardner&#8230;<\/p>\n","protected":false},"author":1,"featured_media":0,"parent":0,"menu_order":0,"comment_status":"closed","ping_status":"closed","template":"page-fullwidth.php","meta":{"_glsr_average":0,"_glsr_ranking":0,"_glsr_reviews":0,"footnotes":""},"class_list":["post-83186","page","type-page","status-publish"],"yoast_head":"<!-- This site is optimized with the Yoast SEO plugin v27.4 - https:\/\/yoast.com\/product\/yoast-seo-wordpress\/ -->\n<title>Die Fotok\u00fcnstler von heute: Entdecken Sie ihre Kreationen.<\/title>\n<meta name=\"description\" content=\"Entdecken Sie eine Auswahl aufstrebender Fotok\u00fcnstler und ihrer Originalwerke, die in unserer Galerie f\u00fcr zeitgen\u00f6ssische Kunst pr\u00e4sentiert werden.\" \/>\n<meta name=\"robots\" content=\"index, follow, max-snippet:-1, max-image-preview:large, max-video-preview:-1\" \/>\n<link rel=\"canonical\" href=\"https:\/\/www.audacieuse-galerie.ch\/de\/kuenstler-fotografen\/\" \/>\n<meta property=\"og:locale\" content=\"de_DE\" \/>\n<meta property=\"og:type\" content=\"article\" \/>\n<meta property=\"og:title\" content=\"Die Fotok\u00fcnstler von heute: Entdecken Sie ihre Kreationen.\" \/>\n<meta property=\"og:description\" content=\"Entdecken Sie eine Auswahl aufstrebender Fotok\u00fcnstler und ihrer Originalwerke, die in unserer Galerie f\u00fcr zeitgen\u00f6ssische Kunst pr\u00e4sentiert werden.\" \/>\n<meta property=\"og:url\" content=\"https:\/\/www.audacieuse-galerie.ch\/de\/kuenstler-fotografen\/\" \/>\n<meta property=\"og:site_name\" content=\"Audacieuse-Galerie\" \/>\n<meta property=\"article:publisher\" content=\"https:\/\/www.facebook.com\/audacieuse.galerie\" \/>\n<meta property=\"article:modified_time\" content=\"2026-04-23T09:52:30+00:00\" \/>\n<meta name=\"twitter:card\" content=\"summary_large_image\" \/>\n<meta name=\"twitter:label1\" content=\"Gesch\u00e4tzte Lesezeit\" \/>\n\t<meta name=\"twitter:data1\" content=\"1 Minute\" \/>\n<script type=\"application\/ld+json\" class=\"yoast-schema-graph\">{\"@context\":\"https:\\\/\\\/schema.org\",\"@graph\":[]}<\/script>\n<!-- \/ Yoast SEO plugin. -->","yoast_head_json":{"title":"Die Fotok\u00fcnstler von heute: Entdecken Sie ihre Kreationen.","description":"Entdecken Sie eine Auswahl aufstrebender Fotok\u00fcnstler und ihrer Originalwerke, die in unserer Galerie f\u00fcr zeitgen\u00f6ssische Kunst pr\u00e4sentiert werden.","robots":{"index":"index","follow":"follow","max-snippet":"max-snippet:-1","max-image-preview":"max-image-preview:large","max-video-preview":"max-video-preview:-1"},"canonical":"https:\/\/www.audacieuse-galerie.ch\/de\/kuenstler-fotografen\/","og_locale":"de_DE","og_type":"article","og_title":"Die Fotok\u00fcnstler von heute: Entdecken Sie ihre Kreationen.","og_description":"Entdecken Sie eine Auswahl aufstrebender Fotok\u00fcnstler und ihrer Originalwerke, die in unserer Galerie f\u00fcr zeitgen\u00f6ssische Kunst pr\u00e4sentiert werden.","og_url":"https:\/\/www.audacieuse-galerie.ch\/de\/kuenstler-fotografen\/","og_site_name":"Audacieuse-Galerie","article_publisher":"https:\/\/www.facebook.com\/audacieuse.galerie","article_modified_time":"2026-04-23T09:52:30+00:00","twitter_card":"summary_large_image","twitter_misc":{"Gesch\u00e4tzte Lesezeit":"1 Minute"},"schema":{"@context":"https:\/\/schema.org","@graph":[]}},"_links":{"self":[{"href":"https:\/\/www.audacieuse-galerie.ch\/de\/wp-json\/wp\/v2\/pages\/83186","targetHints":{"allow":["GET"]}}],"collection":[{"href":"https:\/\/www.audacieuse-galerie.ch\/de\/wp-json\/wp\/v2\/pages"}],"about":[{"href":"https:\/\/www.audacieuse-galerie.ch\/de\/wp-json\/wp\/v2\/types\/page"}],"author":[{"embeddable":true,"href":"https:\/\/www.audacieuse-galerie.ch\/de\/wp-json\/wp\/v2\/users\/1"}],"replies":[{"embeddable":true,"href":"https:\/\/www.audacieuse-galerie.ch\/de\/wp-json\/wp\/v2\/comments?post=83186"}],"version-history":[{"count":2,"href":"https:\/\/www.audacieuse-galerie.ch\/de\/wp-json\/wp\/v2\/pages\/83186\/revisions"}],"predecessor-version":[{"id":154907,"href":"https:\/\/www.audacieuse-galerie.ch\/de\/wp-json\/wp\/v2\/pages\/83186\/revisions\/154907"}],"wp:attachment":[{"href":"https:\/\/www.audacieuse-galerie.ch\/de\/wp-json\/wp\/v2\/media?parent=83186"}],"curies":[{"name":"wp","href":"https:\/\/api.w.org\/{rel}","templated":true}]}}