{"id":11011,"date":"2017-06-18T13:32:47","date_gmt":"2017-06-18T11:32:47","guid":{"rendered":"https:\/\/woo.audacieuse-galerie.ch\/produit\/dew-line-2\/"},"modified":"2025-06-04T21:43:24","modified_gmt":"2025-06-04T19:43:24","slug":"dew-line-2","status":"publish","type":"product","link":"https:\/\/www.audacieuse-galerie.ch\/de\/produit\/dew-line-2\/","title":{"rendered":"DEW-Leitung"},"content":{"rendered":"<p>Radarlinie, die w\u00e4hrend des Kalten Krieges entlang der kanadischen Arktisk\u00fcste gebaut wurde, um sowjetische Milit\u00e4rbewegungen zu \u00fcberwachen, Tuktoyaktuk, Kanada, 2015.<\/p>\n","protected":false},"excerpt":{"rendered":"<p>Radarlinie, die w\u00e4hrend des Kalten Krieges entlang der kanadischen Arktisk\u00fcste gebaut wurde, um sowjetische Milit\u00e4rbewegungen zu \u00fcberwachen, Tuktoyaktuk, Kanada, 2015.<\/p>\n","protected":false},"featured_media":10946,"comment_status":"open","ping_status":"closed","template":"","meta":{"_glsr_average":0,"_glsr_ranking":0,"_glsr_reviews":0,"jetpack_publicize_message":"","jetpack_publicize_feature_enabled":true,"jetpack_social_post_already_shared":true,"jetpack_social_options":{"image_generator_settings":{"template":"highway","default_image_id":0,"font":"","enabled":false},"version":2}},"product_brand":[],"product_cat":[189,231,63,111,33,240,135,156],"product_tag":[],"class_list":{"0":"post-11011","1":"product","2":"type-product","3":"status-publish","4":"has-post-thumbnail","6":"product_cat-amerika","7":"product_cat-architektur","8":"product_cat-auswahlkurator","9":"product_cat-farben","10":"product_cat-kunst-und-fotogalerie-in-carouge-gleich-neben-genf-schweiz","11":"product_cat-landschaftsbilder","12":"product_cat-schwarz-weiss-fotografie","13":"product_cat-silber","14":"pa_dimensions-32x40cm-de","15":"pa_dimensions-50x625cm-de","16":"pa_dimensions-70x875cm-de","17":"pa_encadrements-dunklesholz-de","18":"pa_encadrements-farben-de","19":"pa_encadrements-grau-de","20":"pa_encadrements-hellesholz-de","21":"pa_encadrements-keinen-de","22":"pa_encadrements-schwarz-de","23":"pa_encadrements-weiss-de","24":"pa_oeuvresnumerotees_limitees-21exemplaren-de","25":"pa_protectionfinitionsupport-druckunterglasacrylglass-de","26":"pa_protectionfinitionsupport-20-kunstpapieraufdibondr_alu-de","27":"pa_protectionfinitionsupport-e4-kunstpapieraufholzplatteu-de","28":"pa_techniquesphotographiques-argentique-de","29":"pa_techniquesphotographiques-farbe-de","30":"pa_themesphotographiques-amerika-de","31":"pa_themesphotographiques-landschaft-de","33":"first","34":"instock","35":"taxable","36":"shipping-taxable","37":"purchasable","38":"product-type-variable","39":"has-default-attributes"},"yoast_head":"<!-- This site is optimized with the Yoast SEO plugin v27.4 - https:\/\/yoast.com\/product\/yoast-seo-wordpress\/ -->\n<title>DEW-Leitung - Audacieuse-Galerie<\/title>\n<meta name=\"description\" content=\"DEW-Leitung - Audacieuse-Galerie\" \/>\n<meta name=\"robots\" content=\"index, follow, max-snippet:-1, max-image-preview:large, max-video-preview:-1\" \/>\n<link rel=\"canonical\" href=\"https:\/\/www.audacieuse-galerie.ch\/de\/produit\/dew-line-2\/\" \/>\n<meta property=\"og:locale\" content=\"de_DE\" \/>\n<meta property=\"og:type\" content=\"article\" \/>\n<meta property=\"og:title\" content=\"DEW-Leitung - Audacieuse-Galerie\" \/>\n<meta property=\"og:description\" content=\"DEW-Leitung - Audacieuse-Galerie\" \/>\n<meta property=\"og:url\" content=\"https:\/\/www.audacieuse-galerie.ch\/de\/produit\/dew-line-2\/\" \/>\n<meta property=\"og:site_name\" content=\"Audacieuse-Galerie\" \/>\n<meta property=\"article:publisher\" content=\"https:\/\/www.facebook.com\/audacieuse.galerie\" \/>\n<meta property=\"article:modified_time\" content=\"2025-06-04T19:43:24+00:00\" \/>\n<meta property=\"og:image\" content=\"https:\/\/www.audacieuse-galerie.ch\/wp-content\/uploads\/2017\/06\/259-DEW-line.jpg\" \/>\n\t<meta property=\"og:image:width\" content=\"1000\" \/>\n\t<meta property=\"og:image:height\" content=\"800\" \/>\n\t<meta property=\"og:image:type\" content=\"image\/jpeg\" \/>\n<meta name=\"twitter:card\" content=\"summary_large_image\" \/>\n<script type=\"application\/ld+json\" class=\"yoast-schema-graph\">{\"@context\":\"https:\\\/\\\/schema.org\",\"@graph\":[{\"@type\":\"ImageObject\",\"inLanguage\":\"de\",\"@id\":\"https:\\\/\\\/www.audacieuse-galerie.ch\\\/de\\\/produit\\\/dew-line-2\\\/#primaryimage\",\"url\":\"https:\\\/\\\/www.audacieuse-galerie.ch\\\/wp-content\\\/uploads\\\/2017\\\/06\\\/259-DEW-line.jpg\",\"contentUrl\":\"https:\\\/\\\/www.audacieuse-galerie.ch\\\/wp-content\\\/uploads\\\/2017\\\/06\\\/259-DEW-line.jpg\",\"width\":1000,\"height\":800,\"caption\":\"DEW-Leitung\"}]}<\/script>\n<!-- \/ Yoast SEO plugin. -->","yoast_head_json":{"title":"DEW-Leitung - Audacieuse-Galerie","description":"DEW-Leitung - Audacieuse-Galerie","robots":{"index":"index","follow":"follow","max-snippet":"max-snippet:-1","max-image-preview":"max-image-preview:large","max-video-preview":"max-video-preview:-1"},"canonical":"https:\/\/www.audacieuse-galerie.ch\/de\/produit\/dew-line-2\/","og_locale":"de_DE","og_type":"article","og_title":"DEW-Leitung - Audacieuse-Galerie","og_description":"DEW-Leitung - Audacieuse-Galerie","og_url":"https:\/\/www.audacieuse-galerie.ch\/de\/produit\/dew-line-2\/","og_site_name":"Audacieuse-Galerie","article_publisher":"https:\/\/www.facebook.com\/audacieuse.galerie","article_modified_time":"2025-06-04T19:43:24+00:00","og_image":[{"width":1000,"height":800,"url":"https:\/\/www.audacieuse-galerie.ch\/wp-content\/uploads\/2017\/06\/259-DEW-line.jpg","type":"image\/jpeg"}],"twitter_card":"summary_large_image","schema":{"@context":"https:\/\/schema.org","@graph":[{"@type":"ImageObject","inLanguage":"de","@id":"https:\/\/www.audacieuse-galerie.ch\/de\/produit\/dew-line-2\/#primaryimage","url":"https:\/\/www.audacieuse-galerie.ch\/wp-content\/uploads\/2017\/06\/259-DEW-line.jpg","contentUrl":"https:\/\/www.audacieuse-galerie.ch\/wp-content\/uploads\/2017\/06\/259-DEW-line.jpg","width":1000,"height":800,"caption":"DEW-Leitung"}]}},"jetpack_publicize_connections":[],"_links":{"self":[{"href":"https:\/\/www.audacieuse-galerie.ch\/de\/wp-json\/wp\/v2\/product\/11011","targetHints":{"allow":["GET"]}}],"collection":[{"href":"https:\/\/www.audacieuse-galerie.ch\/de\/wp-json\/wp\/v2\/product"}],"about":[{"href":"https:\/\/www.audacieuse-galerie.ch\/de\/wp-json\/wp\/v2\/types\/product"}],"replies":[{"embeddable":true,"href":"https:\/\/www.audacieuse-galerie.ch\/de\/wp-json\/wp\/v2\/comments?post=11011"}],"version-history":[{"count":0,"href":"https:\/\/www.audacieuse-galerie.ch\/de\/wp-json\/wp\/v2\/product\/11011\/revisions"}],"wp:featuredmedia":[{"embeddable":true,"href":"https:\/\/www.audacieuse-galerie.ch\/de\/wp-json\/wp\/v2\/media\/10946"}],"wp:attachment":[{"href":"https:\/\/www.audacieuse-galerie.ch\/de\/wp-json\/wp\/v2\/media?parent=11011"}],"wp:term":[{"taxonomy":"product_brand","embeddable":true,"href":"https:\/\/www.audacieuse-galerie.ch\/de\/wp-json\/wp\/v2\/product_brand?post=11011"},{"taxonomy":"product_cat","embeddable":true,"href":"https:\/\/www.audacieuse-galerie.ch\/de\/wp-json\/wp\/v2\/product_cat?post=11011"},{"taxonomy":"product_tag","embeddable":true,"href":"https:\/\/www.audacieuse-galerie.ch\/de\/wp-json\/wp\/v2\/product_tag?post=11011"}],"curies":[{"name":"wp","href":"https:\/\/api.w.org\/{rel}","templated":true}]}}