{"id":118938,"date":"2025-01-11T20:26:23","date_gmt":"2025-01-11T19:26:23","guid":{"rendered":"https:\/\/woo.audacieuse-galerie.ch\/?post_type=product&#038;p=118938"},"modified":"2026-03-19T17:31:34","modified_gmt":"2026-03-19T16:31:34","slug":"ihr-professionelle-portraitfotografie-studio-copie","status":"publish","type":"product","link":"https:\/\/www.audacieuse-galerie.ch\/de\/produit\/ihr-professionelle-portraitfotografie-studio-copie\/","title":{"rendered":"Professionelles Fotobuch-Shooting. Schaffen Sie Ihre unvergesslichen Erinnerungen"},"content":{"rendered":"<p>G\u00f6nnen Sie sich ein <strong>hochwertiges Fotoshooting<\/strong> von professionellen Fotografen. Ob <strong>Einzelportr\u00e4ts<\/strong>, <strong>Paarfotos<\/strong> oder <strong>Familienfotos<\/strong> \u2013 jede Session ist darauf ausgelegt, Ihre Pers\u00f6nlichkeit, Ihre Emotionen und Ihren Stil widerzuspiegeln. Die resultierenden Bilder werden so vorbereitet, dass sie eine optimale Qualit\u00e4t gew\u00e4hrleisten \u2013 perfekt f\u00fcr <strong>Fotoabz\u00fcge<\/strong>, Einrahmungen oder die Erstellung <strong>eines luxuri\u00f6sen Fotobuchs<\/strong>.  <\/p>\n<h2><strong>Ein Fotoshooting unter Anleitung von Experten<\/strong><\/h2>\n<p>Unsere Fotografen begleiten Sie auf jedem Schritt des Weges, damit Sie sich vor dem Objektiv nat\u00fcrlich und wohl f\u00fchlen. Von der Wahl der Dekoration bis hin zu den Posen wird jedes Detail so gestaltet, dass Ihre Authentizit\u00e4t eingefangen wird. Bilder profitieren von <strong>Farb- und Kontrastkorrektur<\/strong> und sorgen f\u00fcr eine harmonische Darstellung, die druckfertig oder f\u00fcr ein <strong>stilvolles Fotobuch<\/strong> bereit ist.  <\/p>\n<h2><strong>Warum w\u00e4hlen Sie unsere pers\u00f6nliche Fotosession?<\/strong><\/h2>\n<ul>\n<li><strong>Ma\u00dfgeschneidertes Erlebnis:<\/strong> Die Session wird an Ihre W\u00fcnsche und Ihren Stil angepasst: glamour\u00f6s, nat\u00fcrlich oder k\u00fcnstlerisch.<\/li>\n<li><strong>Bilder in professioneller Qualit\u00e4t:<\/strong> Jede Aufnahme wird sorgf\u00e4ltig vorbereitet, um Sch\u00e4rfe, perfektes Licht und ausgewogenen Kontrast zu gew\u00e4hrleisten.<\/li>\n<li><strong>Wohlwollende Unterst\u00fctzung:<\/strong> Wir steuern Ihre Posen und Gesichtsausdr\u00fccke f\u00fcr einen nat\u00fcrlichen und selbstbewussten Look.<\/li>\n<li><strong>Bereit zum Drucken:<\/strong> Die Bilder sind f\u00fcr <strong>hochwertige Fotodrucke<\/strong>, Rahmen oder individuelle Fotob\u00fccher optimiert.<\/li>\n<li><strong>\u00dcppige Fotob\u00fccher:<\/strong> Erstellen Sie ein <strong>luxuri\u00f6ses Fotobuch<\/strong> aus Leinen oder Leder, gedruckt auf hochwertigem Papier, um Ihre Erinnerungen stilvoll zu bewahren.<\/li>\n<\/ul>\n<h2><strong>F\u00fcr wen ist dieses pers\u00f6nliche Fotoshooting?<\/strong><\/h2>\n<ul>\n<li><strong>Einzelpersonen:<\/strong> Pers\u00f6nliche und elegante Portr\u00e4ts, um deinen Stil und deine Gef\u00fchle zu verewigen.<\/li>\n<li><strong>Paare:<\/strong> Romantische Fotosession, um Ihre Komplizenschaft und kostbaren Momente festzuhalten.<\/li>\n<li><strong>Familien:<\/strong> Warme und nat\u00fcrliche Familienfotos, perfekt, um die Erinnerungen an einen wichtigen Lebensmeilenstein zu bewahren.<\/li>\n<li><strong>Besondere Anl\u00e4sse:<\/strong> Ob Geburtstage, Feiern oder personalisierte Geschenke \u2013 wir schaffen einzigartige Erinnerungen, die auf Ihre Bed\u00fcrfnisse zugeschnitten sind.<\/li>\n<\/ul>\n<h2><strong>Buchen Sie noch heute Ihr Fotoshooting<\/strong><\/h2>\n<p>Lass deine kostbaren Momente nicht vergehen. Buchen Sie Ihre <strong>pers\u00f6nliche Fotosession<\/strong> mit professionellen Fotografen und verlassen Sie die B\u00fchne mit hellen und harmonischen Bildern, die zum Druck oder Einrahmen bereit sind. Nutzen Sie auch unsere <strong>\u00fcppigen Fotob\u00fccher<\/strong> , um Ihre Erinnerungen auf elegante und zeitlose Weise zu bewahren.  <\/p>\n","protected":false},"excerpt":{"rendered":"<p>G\u00f6nn dir viel mehr als nur ein Fotoshooting. Genie\u00dfen Sie ein <strong>exklusives Erlebnis<\/strong> , das darauf ausgelegt ist, Ihre Pr\u00e4senz zu zeigen, Ihr Image zu betonen und <strong>professionelle Fotos<\/strong> mit hohem \u00e4sthetischen Wert zu erstellen. Ob Sie ein <strong>Firmenportr\u00e4t<\/strong>, ein <strong>Kunstbuch<\/strong> oder magazinw\u00fcrdige Bilder w\u00fcnschen \u2013 wir gestalten jedes Detail, um Ihre Pers\u00f6nlichkeit zu unterstreichen.  <\/p>\n","protected":false},"featured_media":154410,"comment_status":"open","ping_status":"closed","template":"","meta":{"_glsr_average":0,"_glsr_ranking":0,"_glsr_reviews":0,"jetpack_publicize_message":"","jetpack_publicize_feature_enabled":true,"jetpack_social_post_already_shared":true,"jetpack_social_options":{"image_generator_settings":{"template":"highway","default_image_id":0,"font":"","enabled":false},"version":2}},"product_brand":[],"product_cat":[51,93,159],"product_tag":[2252,2243,2255,2253,2254,2251],"class_list":{"0":"post-118938","1":"product","2":"type-product","3":"status-publish","4":"has-post-thumbnail","6":"product_cat-familienfotos","7":"product_cat-fotostudio-in-carouge-genf","8":"product_cat-ihr-fotograf-von-portraets","9":"product_tag-fotobuch-de","10":"product_tag-fotografien","11":"product_tag-im-atelier","12":"product_tag-portrat","13":"product_tag-schiesen","14":"product_tag-schwarz-weis","15":"pa_qualitedesphotos-42mopixelsvollbild-de","16":"pa_qualitedesphotos-qualitatsoptik-de","17":"bookacti-activity","19":"first","20":"instock","21":"sale","22":"virtual","23":"taxable","24":"purchasable","25":"product-type-simple"},"yoast_head":"<!-- This site is optimized with the Yoast SEO plugin v27.4 - https:\/\/yoast.com\/product\/yoast-seo-wordpress\/ -->\n<title>Pers\u00f6nliches Fotoshooting \u2013 halte deine Erinnerungen stilvoll fest<\/title>\n<meta name=\"description\" content=\"G\u00f6nnen Sie sich ein pers\u00f6nliches Fotoshooting mit professionellen Fotografen. Helle Bilder, vorbereitet f\u00fcr Drucke und \u00fcppige Fotob\u00fccher.\" \/>\n<meta name=\"robots\" content=\"index, follow, max-snippet:-1, max-image-preview:large, max-video-preview:-1\" \/>\n<link rel=\"canonical\" href=\"https:\/\/www.audacieuse-galerie.ch\/de\/produit\/ihr-professionelle-portraitfotografie-studio-copie\/\" \/>\n<meta property=\"og:locale\" content=\"de_DE\" \/>\n<meta property=\"og:type\" content=\"article\" \/>\n<meta property=\"og:title\" content=\"Pers\u00f6nliches Fotoshooting \u2013 halte deine Erinnerungen stilvoll fest\" \/>\n<meta property=\"og:description\" content=\"G\u00f6nnen Sie sich ein pers\u00f6nliches Fotoshooting mit professionellen Fotografen. Helle Bilder, vorbereitet f\u00fcr Drucke und \u00fcppige Fotob\u00fccher.\" \/>\n<meta property=\"og:url\" content=\"https:\/\/www.audacieuse-galerie.ch\/de\/produit\/ihr-professionelle-portraitfotografie-studio-copie\/\" \/>\n<meta property=\"og:site_name\" content=\"Audacieuse-Galerie\" \/>\n<meta property=\"article:publisher\" content=\"https:\/\/www.facebook.com\/audacieuse.galerie\" \/>\n<meta property=\"article:modified_time\" content=\"2026-03-19T16:31:34+00:00\" \/>\n<meta property=\"og:image\" content=\"https:\/\/www.audacieuse-galerie.ch\/wp-content\/uploads\/2017\/03\/1017-Votre-portrait-en-studio-de-photographie-professionnelle.jpg\" \/>\n\t<meta property=\"og:image:width\" content=\"1000\" \/>\n\t<meta property=\"og:image:height\" content=\"1000\" \/>\n\t<meta property=\"og:image:type\" content=\"image\/jpeg\" \/>\n<meta name=\"twitter:card\" content=\"summary_large_image\" \/>\n<meta name=\"twitter:label1\" content=\"Gesch\u00e4tzte Lesezeit\" \/>\n\t<meta name=\"twitter:data1\" content=\"2 Minuten\" \/>\n<script type=\"application\/ld+json\" class=\"yoast-schema-graph\">{\"@context\":\"https:\\\/\\\/schema.org\",\"@graph\":[{\"@type\":\"ImageObject\",\"inLanguage\":\"de\",\"@id\":\"https:\\\/\\\/www.audacieuse-galerie.ch\\\/de\\\/produit\\\/ihr-professionelle-portraitfotografie-studio-copie\\\/#primaryimage\",\"url\":\"https:\\\/\\\/www.audacieuse-galerie.ch\\\/wp-content\\\/uploads\\\/2025\\\/03\\\/livre-photo-boudoir-intime.webp\",\"contentUrl\":\"https:\\\/\\\/www.audacieuse-galerie.ch\\\/wp-content\\\/uploads\\\/2025\\\/03\\\/livre-photo-boudoir-intime.webp\",\"width\":1000,\"height\":1000}]}<\/script>\n<!-- \/ Yoast SEO plugin. -->","yoast_head_json":{"title":"Pers\u00f6nliches Fotoshooting \u2013 halte deine Erinnerungen stilvoll fest","description":"G\u00f6nnen Sie sich ein pers\u00f6nliches Fotoshooting mit professionellen Fotografen. Helle Bilder, vorbereitet f\u00fcr Drucke und \u00fcppige Fotob\u00fccher.","robots":{"index":"index","follow":"follow","max-snippet":"max-snippet:-1","max-image-preview":"max-image-preview:large","max-video-preview":"max-video-preview:-1"},"canonical":"https:\/\/www.audacieuse-galerie.ch\/de\/produit\/ihr-professionelle-portraitfotografie-studio-copie\/","og_locale":"de_DE","og_type":"article","og_title":"Pers\u00f6nliches Fotoshooting \u2013 halte deine Erinnerungen stilvoll fest","og_description":"G\u00f6nnen Sie sich ein pers\u00f6nliches Fotoshooting mit professionellen Fotografen. Helle Bilder, vorbereitet f\u00fcr Drucke und \u00fcppige Fotob\u00fccher.","og_url":"https:\/\/www.audacieuse-galerie.ch\/de\/produit\/ihr-professionelle-portraitfotografie-studio-copie\/","og_site_name":"Audacieuse-Galerie","article_publisher":"https:\/\/www.facebook.com\/audacieuse.galerie","article_modified_time":"2026-03-19T16:31:34+00:00","og_image":[{"width":1000,"height":1000,"url":"https:\/\/www.audacieuse-galerie.ch\/wp-content\/uploads\/2017\/03\/1017-Votre-portrait-en-studio-de-photographie-professionnelle.jpg","type":"image\/jpeg"}],"twitter_card":"summary_large_image","twitter_misc":{"Gesch\u00e4tzte Lesezeit":"2 Minuten"},"schema":{"@context":"https:\/\/schema.org","@graph":[{"@type":"ImageObject","inLanguage":"de","@id":"https:\/\/www.audacieuse-galerie.ch\/de\/produit\/ihr-professionelle-portraitfotografie-studio-copie\/#primaryimage","url":"https:\/\/www.audacieuse-galerie.ch\/wp-content\/uploads\/2025\/03\/livre-photo-boudoir-intime.webp","contentUrl":"https:\/\/www.audacieuse-galerie.ch\/wp-content\/uploads\/2025\/03\/livre-photo-boudoir-intime.webp","width":1000,"height":1000}]}},"jetpack_publicize_connections":[],"_links":{"self":[{"href":"https:\/\/www.audacieuse-galerie.ch\/de\/wp-json\/wp\/v2\/product\/118938","targetHints":{"allow":["GET"]}}],"collection":[{"href":"https:\/\/www.audacieuse-galerie.ch\/de\/wp-json\/wp\/v2\/product"}],"about":[{"href":"https:\/\/www.audacieuse-galerie.ch\/de\/wp-json\/wp\/v2\/types\/product"}],"replies":[{"embeddable":true,"href":"https:\/\/www.audacieuse-galerie.ch\/de\/wp-json\/wp\/v2\/comments?post=118938"}],"version-history":[{"count":0,"href":"https:\/\/www.audacieuse-galerie.ch\/de\/wp-json\/wp\/v2\/product\/118938\/revisions"}],"wp:featuredmedia":[{"embeddable":true,"href":"https:\/\/www.audacieuse-galerie.ch\/de\/wp-json\/wp\/v2\/media\/154410"}],"wp:attachment":[{"href":"https:\/\/www.audacieuse-galerie.ch\/de\/wp-json\/wp\/v2\/media?parent=118938"}],"wp:term":[{"taxonomy":"product_brand","embeddable":true,"href":"https:\/\/www.audacieuse-galerie.ch\/de\/wp-json\/wp\/v2\/product_brand?post=118938"},{"taxonomy":"product_cat","embeddable":true,"href":"https:\/\/www.audacieuse-galerie.ch\/de\/wp-json\/wp\/v2\/product_cat?post=118938"},{"taxonomy":"product_tag","embeddable":true,"href":"https:\/\/www.audacieuse-galerie.ch\/de\/wp-json\/wp\/v2\/product_tag?post=118938"}],"curies":[{"name":"wp","href":"https:\/\/api.w.org\/{rel}","templated":true}]}}