{"id":120965,"date":"2025-02-22T21:01:49","date_gmt":"2025-02-22T20:01:49","guid":{"rendered":"https:\/\/woo.audacieuse-galerie.ch\/produit\/modezeichen-kurse\/"},"modified":"2026-04-20T18:56:06","modified_gmt":"2026-04-20T16:56:06","slug":"modezeichen-kurse","status":"publish","type":"product","link":"https:\/\/www.audacieuse-galerie.ch\/de\/produit\/modezeichen-kurse\/","title":{"rendered":"Modezeichen-Kurse"},"content":{"rendered":"<h2>N\u00e4hzeichenkurs \u2013 Entfessle deine Kreativit\u00e4t und verwirkliche deine Ideen zum Leben<\/h2>\n<p>Tr\u00e4umen Sie davon, Ihre eigenen Kleidungsst\u00fccke oder Accessoires mit Eleganz und Pr\u00e4zision zu entwerfen?<br \/>\nUnser <strong>N\u00e4hzeichenkurs<\/strong> wurde entwickelt, um Ihnen zu helfen, Ihre Inspirationen in erfolgreiche, lesbare und professionelle Skizzen zu verwandeln.<br \/>\nEgal, ob Sie Anf\u00e4nger sind oder bereits leidenschaftlich f\u00fcr die Welt der Mode \u2013 dieser Kurs f\u00fchrt Sie Schritt f\u00fcr Schritt, um die wesentlichen Grundlagen des technischen und k\u00fcnstlerischen Zeichnens im N\u00e4hen zu meistern.<\/p>\n<p><strong>Was du lernen wirst:<\/strong><\/p>\n<ul>\n<li>Die Grundlagen des Modedesigns: genau die richtigen Proportionen, harmonische Silhouetten und ein Gef\u00fchl f\u00fcr Bewegung.<\/li>\n<li>Die realistische Darstellung von Texturen, Stoffen und Nahtdetails.<\/li>\n<li>Die Erstellung klarer technischer Skizzen, um Ihre N\u00e4hprojekte zu strukturieren und weiterzuentwickeln.<\/li>\n<li>Methoden und Tipps, um Ihren pers\u00f6nlichen Stil durchzusetzen und Ihre Kreativit\u00e4t zu f\u00f6rdern.<\/li>\n<\/ul>\n<p><strong>Warum diesen Kurs w\u00e4hlen?<\/strong><br \/>\nZug\u00e4nglich f\u00fcr alle Niveaus, vom neugierigen Anf\u00e4nger bis zum erfahrenen Sch\u00f6pfer, der seine Technik verfeinern m\u00f6chte.<br \/>\nFl\u00fcssige Erkl\u00e4rungen, veranschaulicht durch Schritt-f\u00fcr-Schritt-Demonstrationen, f\u00fcr sofortiges Verst\u00e4ndnis.<br \/>\nPraktische \u00dcbungen und konkrete Projekte, um schnell und selbstbewusst voranzukommen.<br \/>\nPersonalisierte und flexible Unterst\u00fctzung, angeboten in <strong>Carouge \/ Genf<\/strong>, um in einem inspirierenden und professionellen Umfeld zu lernen.<\/p>\n","protected":false},"excerpt":{"rendered":"<p>Entdecken Sie unseren N\u00e4hzeichenkurs in Carouge \/ Genf und verwandeln Sie Ihre Ideen in elegante und pr\u00e4zise Skizzen. F\u00fcr alle zug\u00e4nglich, f\u00fchrt es Sie Schritt f\u00fcr Schritt, um Proportionen, Texturen und technische Details zu meistern, w\u00e4hrend Sie Ihren Stil und Ihre Kreativit\u00e4t entwickeln. Praktisches, visuelles und personalisiertes Lernen, um Ihre N\u00e4hprojekte zum Leben zu erwecken.  <\/p>\n","protected":false},"featured_media":147362,"comment_status":"open","ping_status":"closed","template":"elementor_theme","meta":{"_glsr_average":0,"_glsr_ranking":0,"_glsr_reviews":0,"jetpack_publicize_message":"","jetpack_publicize_feature_enabled":true,"jetpack_social_post_already_shared":false,"jetpack_social_options":{"image_generator_settings":{"template":"highway","default_image_id":0,"font":"","enabled":false},"version":2}},"product_brand":[],"product_cat":[120,81],"product_tag":[],"class_list":{"0":"post-120965","1":"product","2":"type-product","3":"status-publish","4":"has-post-thumbnail","6":"product_cat-carouge-genf-schneiderkurs","7":"product_cat-naehwerkstatt-in-carouge-genf","8":"bookacti-activity","10":"first","11":"instock","12":"virtual","13":"taxable","14":"purchasable","15":"product-type-simple"},"yoast_head":"<!-- This site is optimized with the Yoast SEO plugin v27.5 - https:\/\/yoast.com\/product\/yoast-seo-wordpress\/ -->\n<title>N\u00e4hzeichenkurs: Erwecken Sie Ihre Modedesigns zum Leben<\/title>\n<meta name=\"description\" content=\"Lerne N\u00e4hdesign und entwickle deine eigenen Schnittmuster mit einem Kurs, der f\u00fcr alle Niveaus zug\u00e4nglich ist. Skizzen, Zeichnungen, Texturen, Silhouetten, Kreativit\u00e4t.\" \/>\n<meta name=\"robots\" content=\"index, follow, max-snippet:-1, max-image-preview:large, max-video-preview:-1\" \/>\n<link rel=\"canonical\" href=\"https:\/\/www.audacieuse-galerie.ch\/de\/produit\/modezeichen-kurse\/\" \/>\n<meta property=\"og:locale\" content=\"de_DE\" \/>\n<meta property=\"og:type\" content=\"article\" \/>\n<meta property=\"og:title\" content=\"N\u00e4hzeichenkurs: Erwecken Sie Ihre Modedesigns zum Leben\" \/>\n<meta property=\"og:description\" content=\"Lerne N\u00e4hdesign und entwickle deine eigenen Schnittmuster mit einem Kurs, der f\u00fcr alle Niveaus zug\u00e4nglich ist. Skizzen, Zeichnungen, Texturen, Silhouetten, Kreativit\u00e4t.\" \/>\n<meta property=\"og:url\" content=\"https:\/\/www.audacieuse-galerie.ch\/de\/produit\/modezeichen-kurse\/\" \/>\n<meta property=\"og:site_name\" content=\"Audacieuse-Galerie\" \/>\n<meta property=\"article:publisher\" content=\"https:\/\/www.facebook.com\/audacieuse.galerie\" \/>\n<meta property=\"article:modified_time\" content=\"2026-04-20T16:56:06+00:00\" \/>\n<meta property=\"og:image\" content=\"https:\/\/www.audacieuse-galerie.ch\/wp-content\/uploads\/2025\/10\/DSC05759-1024x683.webp\" \/>\n\t<meta property=\"og:image:width\" content=\"1024\" \/>\n\t<meta property=\"og:image:height\" content=\"683\" \/>\n\t<meta property=\"og:image:type\" content=\"image\/webp\" \/>\n<meta name=\"twitter:card\" content=\"summary_large_image\" \/>\n<meta name=\"twitter:label1\" content=\"Gesch\u00e4tzte Lesezeit\" \/>\n\t<meta name=\"twitter:data1\" content=\"2 Minuten\" \/>\n<script type=\"application\/ld+json\" class=\"yoast-schema-graph\">{\"@context\":\"https:\\\/\\\/schema.org\",\"@graph\":[{\"@type\":\"WebPage\",\"@id\":\"https:\\\/\\\/www.audacieuse-galerie.ch\\\/de\\\/produit\\\/modezeichen-kurse\\\/\",\"url\":\"https:\\\/\\\/www.audacieuse-galerie.ch\\\/de\\\/produit\\\/modezeichen-kurse\\\/\",\"name\":\"N\u00e4hzeichenkurs: Erwecken Sie Ihre Modedesigns zum Leben\",\"isPartOf\":{\"@id\":\"https:\\\/\\\/www.audacieuse-galerie.ch\\\/de\\\/#website\"},\"primaryImageOfPage\":{\"@id\":\"https:\\\/\\\/www.audacieuse-galerie.ch\\\/de\\\/produit\\\/modezeichen-kurse\\\/#primaryimage\"},\"image\":{\"@id\":\"https:\\\/\\\/www.audacieuse-galerie.ch\\\/de\\\/produit\\\/modezeichen-kurse\\\/#primaryimage\"},\"thumbnailUrl\":\"https:\\\/\\\/www.audacieuse-galerie.ch\\\/wp-content\\\/uploads\\\/2025\\\/10\\\/DSC05759.webp\",\"datePublished\":\"2025-02-22T20:01:49+00:00\",\"dateModified\":\"2026-04-20T16:56:06+00:00\",\"description\":\"Lerne N\u00e4hdesign und entwickle deine eigenen Schnittmuster mit einem Kurs, der f\u00fcr alle Niveaus zug\u00e4nglich ist. Skizzen, Zeichnungen, Texturen, Silhouetten, Kreativit\u00e4t.\",\"breadcrumb\":{\"@id\":\"https:\\\/\\\/www.audacieuse-galerie.ch\\\/de\\\/produit\\\/modezeichen-kurse\\\/#breadcrumb\"},\"inLanguage\":\"de\",\"potentialAction\":[{\"@type\":\"ReadAction\",\"target\":[\"https:\\\/\\\/www.audacieuse-galerie.ch\\\/de\\\/produit\\\/modezeichen-kurse\\\/\"]}]},{\"@type\":\"ImageObject\",\"inLanguage\":\"de\",\"@id\":\"https:\\\/\\\/www.audacieuse-galerie.ch\\\/de\\\/produit\\\/modezeichen-kurse\\\/#primaryimage\",\"url\":\"https:\\\/\\\/www.audacieuse-galerie.ch\\\/wp-content\\\/uploads\\\/2025\\\/10\\\/DSC05759.webp\",\"contentUrl\":\"https:\\\/\\\/www.audacieuse-galerie.ch\\\/wp-content\\\/uploads\\\/2025\\\/10\\\/DSC05759.webp\",\"width\":1920,\"height\":1281},{\"@type\":\"BreadcrumbList\",\"@id\":\"https:\\\/\\\/www.audacieuse-galerie.ch\\\/de\\\/produit\\\/modezeichen-kurse\\\/#breadcrumb\",\"itemListElement\":[{\"@type\":\"ListItem\",\"position\":1,\"name\":\"Heim\",\"item\":\"https:\\\/\\\/www.audacieuse-galerie.ch\\\/de\\\/\"},{\"@type\":\"ListItem\",\"position\":2,\"name\":\"Laden\",\"item\":\"https:\\\/\\\/www.audacieuse-galerie.ch\\\/de\\\/laden\\\/\"},{\"@type\":\"ListItem\",\"position\":3,\"name\":\"Modezeichen-Kurse\"}]},{\"@type\":\"WebSite\",\"@id\":\"https:\\\/\\\/www.audacieuse-galerie.ch\\\/de\\\/#website\",\"url\":\"https:\\\/\\\/www.audacieuse-galerie.ch\\\/de\\\/\",\"name\":\"Audacieuse-Galerie\",\"description\":\"Mode et Images\",\"potentialAction\":[{\"@type\":\"SearchAction\",\"target\":{\"@type\":\"EntryPoint\",\"urlTemplate\":\"https:\\\/\\\/www.audacieuse-galerie.ch\\\/de\\\/?s={search_term_string}\"},\"query-input\":{\"@type\":\"PropertyValueSpecification\",\"valueRequired\":true,\"valueName\":\"search_term_string\"}}],\"inLanguage\":\"de\"}]}<\/script>\n<!-- \/ Yoast SEO plugin. -->","yoast_head_json":{"title":"N\u00e4hzeichenkurs: Erwecken Sie Ihre Modedesigns zum Leben","description":"Lerne N\u00e4hdesign und entwickle deine eigenen Schnittmuster mit einem Kurs, der f\u00fcr alle Niveaus zug\u00e4nglich ist. Skizzen, Zeichnungen, Texturen, Silhouetten, Kreativit\u00e4t.","robots":{"index":"index","follow":"follow","max-snippet":"max-snippet:-1","max-image-preview":"max-image-preview:large","max-video-preview":"max-video-preview:-1"},"canonical":"https:\/\/www.audacieuse-galerie.ch\/de\/produit\/modezeichen-kurse\/","og_locale":"de_DE","og_type":"article","og_title":"N\u00e4hzeichenkurs: Erwecken Sie Ihre Modedesigns zum Leben","og_description":"Lerne N\u00e4hdesign und entwickle deine eigenen Schnittmuster mit einem Kurs, der f\u00fcr alle Niveaus zug\u00e4nglich ist. Skizzen, Zeichnungen, Texturen, Silhouetten, Kreativit\u00e4t.","og_url":"https:\/\/www.audacieuse-galerie.ch\/de\/produit\/modezeichen-kurse\/","og_site_name":"Audacieuse-Galerie","article_publisher":"https:\/\/www.facebook.com\/audacieuse.galerie","article_modified_time":"2026-04-20T16:56:06+00:00","og_image":[{"width":1024,"height":683,"url":"https:\/\/www.audacieuse-galerie.ch\/wp-content\/uploads\/2025\/10\/DSC05759-1024x683.webp","type":"image\/webp"}],"twitter_card":"summary_large_image","twitter_misc":{"Gesch\u00e4tzte Lesezeit":"2 Minuten"},"schema":{"@context":"https:\/\/schema.org","@graph":[{"@type":"WebPage","@id":"https:\/\/www.audacieuse-galerie.ch\/de\/produit\/modezeichen-kurse\/","url":"https:\/\/www.audacieuse-galerie.ch\/de\/produit\/modezeichen-kurse\/","name":"N\u00e4hzeichenkurs: Erwecken Sie Ihre Modedesigns zum Leben","isPartOf":{"@id":"https:\/\/www.audacieuse-galerie.ch\/de\/#website"},"primaryImageOfPage":{"@id":"https:\/\/www.audacieuse-galerie.ch\/de\/produit\/modezeichen-kurse\/#primaryimage"},"image":{"@id":"https:\/\/www.audacieuse-galerie.ch\/de\/produit\/modezeichen-kurse\/#primaryimage"},"thumbnailUrl":"https:\/\/www.audacieuse-galerie.ch\/wp-content\/uploads\/2025\/10\/DSC05759.webp","datePublished":"2025-02-22T20:01:49+00:00","dateModified":"2026-04-20T16:56:06+00:00","description":"Lerne N\u00e4hdesign und entwickle deine eigenen Schnittmuster mit einem Kurs, der f\u00fcr alle Niveaus zug\u00e4nglich ist. Skizzen, Zeichnungen, Texturen, Silhouetten, Kreativit\u00e4t.","breadcrumb":{"@id":"https:\/\/www.audacieuse-galerie.ch\/de\/produit\/modezeichen-kurse\/#breadcrumb"},"inLanguage":"de","potentialAction":[{"@type":"ReadAction","target":["https:\/\/www.audacieuse-galerie.ch\/de\/produit\/modezeichen-kurse\/"]}]},{"@type":"ImageObject","inLanguage":"de","@id":"https:\/\/www.audacieuse-galerie.ch\/de\/produit\/modezeichen-kurse\/#primaryimage","url":"https:\/\/www.audacieuse-galerie.ch\/wp-content\/uploads\/2025\/10\/DSC05759.webp","contentUrl":"https:\/\/www.audacieuse-galerie.ch\/wp-content\/uploads\/2025\/10\/DSC05759.webp","width":1920,"height":1281},{"@type":"BreadcrumbList","@id":"https:\/\/www.audacieuse-galerie.ch\/de\/produit\/modezeichen-kurse\/#breadcrumb","itemListElement":[{"@type":"ListItem","position":1,"name":"Heim","item":"https:\/\/www.audacieuse-galerie.ch\/de\/"},{"@type":"ListItem","position":2,"name":"Laden","item":"https:\/\/www.audacieuse-galerie.ch\/de\/laden\/"},{"@type":"ListItem","position":3,"name":"Modezeichen-Kurse"}]},{"@type":"WebSite","@id":"https:\/\/www.audacieuse-galerie.ch\/de\/#website","url":"https:\/\/www.audacieuse-galerie.ch\/de\/","name":"Audacieuse-Galerie","description":"Mode et Images","potentialAction":[{"@type":"SearchAction","target":{"@type":"EntryPoint","urlTemplate":"https:\/\/www.audacieuse-galerie.ch\/de\/?s={search_term_string}"},"query-input":{"@type":"PropertyValueSpecification","valueRequired":true,"valueName":"search_term_string"}}],"inLanguage":"de"}]}},"jetpack_publicize_connections":[],"_links":{"self":[{"href":"https:\/\/www.audacieuse-galerie.ch\/de\/wp-json\/wp\/v2\/product\/120965","targetHints":{"allow":["GET"]}}],"collection":[{"href":"https:\/\/www.audacieuse-galerie.ch\/de\/wp-json\/wp\/v2\/product"}],"about":[{"href":"https:\/\/www.audacieuse-galerie.ch\/de\/wp-json\/wp\/v2\/types\/product"}],"replies":[{"embeddable":true,"href":"https:\/\/www.audacieuse-galerie.ch\/de\/wp-json\/wp\/v2\/comments?post=120965"}],"version-history":[{"count":0,"href":"https:\/\/www.audacieuse-galerie.ch\/de\/wp-json\/wp\/v2\/product\/120965\/revisions"}],"wp:featuredmedia":[{"embeddable":true,"href":"https:\/\/www.audacieuse-galerie.ch\/de\/wp-json\/wp\/v2\/media\/147362"}],"wp:attachment":[{"href":"https:\/\/www.audacieuse-galerie.ch\/de\/wp-json\/wp\/v2\/media?parent=120965"}],"wp:term":[{"taxonomy":"product_brand","embeddable":true,"href":"https:\/\/www.audacieuse-galerie.ch\/de\/wp-json\/wp\/v2\/product_brand?post=120965"},{"taxonomy":"product_cat","embeddable":true,"href":"https:\/\/www.audacieuse-galerie.ch\/de\/wp-json\/wp\/v2\/product_cat?post=120965"},{"taxonomy":"product_tag","embeddable":true,"href":"https:\/\/www.audacieuse-galerie.ch\/de\/wp-json\/wp\/v2\/product_tag?post=120965"}],"curies":[{"name":"wp","href":"https:\/\/api.w.org\/{rel}","templated":true}]}}