{"id":122692,"date":"2019-01-31T18:02:39","date_gmt":"2019-01-31T17:02:39","guid":{"rendered":"https:\/\/woo.audacieuse-galerie.ch\/produit\/vorort-von-los-angeles-kalifornien\/"},"modified":"2025-06-07T09:48:19","modified_gmt":"2025-06-07T07:48:19","slug":"vorort-von-los-angeles-kalifornien","status":"publish","type":"product","link":"https:\/\/www.audacieuse-galerie.ch\/de\/produit\/vorort-von-los-angeles-kalifornien\/","title":{"rendered":"Vorort von Los Angeles, Kalifornien"},"content":{"rendered":"<p>Mein Zuhause in einem Vorort von Los Angeles. Gro\u00dfes Haus, Palmen, Swimmingpool, alle Klischees des amerikanischen Traums werden zusammengef\u00fchrt. Aber in Wirklichkeit sind die Stra\u00dfen menschenleer, die Nachbarn kreuzen sich nie, niemand kennt sich.  <\/p>\n","protected":false},"excerpt":{"rendered":"<p>Mein Zuhause in einem Vorort von Los Angeles. Gro\u00dfes Haus, Palmen, Swimmingpool, alle Klischees des amerikanischen Traums werden zusammengef\u00fchrt. Aber in Wirklichkeit sind die Stra\u00dfen menschenleer, die Nachbarn kreuzen sich nie, niemand kennt sich.  <\/p>\n","protected":false},"featured_media":42021,"comment_status":"open","ping_status":"closed","template":"","meta":{"_glsr_average":0,"_glsr_ranking":0,"_glsr_reviews":0,"jetpack_publicize_message":"","jetpack_publicize_feature_enabled":true,"jetpack_social_post_already_shared":true,"jetpack_social_options":{"image_generator_settings":{"template":"highway","default_image_id":0,"font":"","enabled":false},"version":2}},"product_brand":[],"product_cat":[189,111,2226,234],"product_tag":[],"class_list":{"0":"post-122692","1":"product","2":"type-product","3":"status-publish","4":"has-post-thumbnail","6":"product_cat-amerika","7":"product_cat-farben","8":"product_cat-fotograf-charlotte-bresson","9":"product_cat-staedtisch","10":"pa_dimensions-30x45cm-de","11":"pa_dimensions-50x75cm-de","12":"pa_encadrements-dunklesholz-de","13":"pa_encadrements-farben-de","14":"pa_encadrements-grau-de","15":"pa_encadrements-hellesholz-de","16":"pa_encadrements-keinen-de","17":"pa_encadrements-schwarz-de","18":"pa_encadrements-weiss-de","19":"pa_protectionfinitionsupport-druckunterglasacrylglass-de","20":"pa_protectionfinitionsupport-20-kunstpapieraufdibondr_alu-de","21":"pa_protectionfinitionsupport-e4-kunstpapieraufholzplatteu-de","23":"first","24":"instock","25":"taxable","26":"shipping-taxable","27":"purchasable","28":"product-type-variable"},"yoast_head":"<!-- This site is optimized with the Yoast SEO plugin v27.4 - https:\/\/yoast.com\/product\/yoast-seo-wordpress\/ -->\n<title>Vorort von Los Angeles, Kalifornien - Audacieuse-Galerie<\/title>\n<meta name=\"description\" content=\"Vorort von Los Angeles, Kalifornien - Audacieuse-Galerie\" \/>\n<meta name=\"robots\" content=\"index, follow, max-snippet:-1, max-image-preview:large, max-video-preview:-1\" \/>\n<link rel=\"canonical\" href=\"https:\/\/www.audacieuse-galerie.ch\/de\/produit\/vorort-von-los-angeles-kalifornien\/\" \/>\n<meta property=\"og:locale\" content=\"de_DE\" \/>\n<meta property=\"og:type\" content=\"article\" \/>\n<meta property=\"og:title\" content=\"Vorort von Los Angeles, Kalifornien - Audacieuse-Galerie\" \/>\n<meta property=\"og:description\" content=\"Vorort von Los Angeles, Kalifornien - Audacieuse-Galerie\" \/>\n<meta property=\"og:url\" content=\"https:\/\/www.audacieuse-galerie.ch\/de\/produit\/vorort-von-los-angeles-kalifornien\/\" \/>\n<meta property=\"og:site_name\" content=\"Audacieuse-Galerie\" \/>\n<meta property=\"article:publisher\" content=\"https:\/\/www.facebook.com\/audacieuse.galerie\" \/>\n<meta property=\"article:modified_time\" content=\"2025-06-07T07:48:19+00:00\" \/>\n<meta property=\"og:image\" content=\"https:\/\/www.audacieuse-galerie.ch\/wp-content\/uploads\/2019\/01\/602-Los-Angeles-suburb-California.jpg\" \/>\n\t<meta property=\"og:image:width\" content=\"667\" \/>\n\t<meta property=\"og:image:height\" content=\"1000\" \/>\n\t<meta property=\"og:image:type\" content=\"image\/jpeg\" \/>\n<meta name=\"twitter:card\" content=\"summary_large_image\" \/>\n<script type=\"application\/ld+json\" class=\"yoast-schema-graph\">{\"@context\":\"https:\\\/\\\/schema.org\",\"@graph\":[{\"@type\":\"ImageObject\",\"inLanguage\":\"de\",\"@id\":\"https:\\\/\\\/www.audacieuse-galerie.ch\\\/de\\\/produit\\\/vorort-von-los-angeles-kalifornien\\\/#primaryimage\",\"url\":\"https:\\\/\\\/www.audacieuse-galerie.ch\\\/wp-content\\\/uploads\\\/2019\\\/01\\\/602-Los-Angeles-suburb-California.jpg\",\"contentUrl\":\"https:\\\/\\\/www.audacieuse-galerie.ch\\\/wp-content\\\/uploads\\\/2019\\\/01\\\/602-Los-Angeles-suburb-California.jpg\",\"width\":667,\"height\":1000,\"caption\":\"Vorort von Los Angeles, Kalifornien\"}]}<\/script>\n<!-- \/ Yoast SEO plugin. -->","yoast_head_json":{"title":"Vorort von Los Angeles, Kalifornien - Audacieuse-Galerie","description":"Vorort von Los Angeles, Kalifornien - Audacieuse-Galerie","robots":{"index":"index","follow":"follow","max-snippet":"max-snippet:-1","max-image-preview":"max-image-preview:large","max-video-preview":"max-video-preview:-1"},"canonical":"https:\/\/www.audacieuse-galerie.ch\/de\/produit\/vorort-von-los-angeles-kalifornien\/","og_locale":"de_DE","og_type":"article","og_title":"Vorort von Los Angeles, Kalifornien - Audacieuse-Galerie","og_description":"Vorort von Los Angeles, Kalifornien - Audacieuse-Galerie","og_url":"https:\/\/www.audacieuse-galerie.ch\/de\/produit\/vorort-von-los-angeles-kalifornien\/","og_site_name":"Audacieuse-Galerie","article_publisher":"https:\/\/www.facebook.com\/audacieuse.galerie","article_modified_time":"2025-06-07T07:48:19+00:00","og_image":[{"width":667,"height":1000,"url":"https:\/\/www.audacieuse-galerie.ch\/wp-content\/uploads\/2019\/01\/602-Los-Angeles-suburb-California.jpg","type":"image\/jpeg"}],"twitter_card":"summary_large_image","schema":{"@context":"https:\/\/schema.org","@graph":[{"@type":"ImageObject","inLanguage":"de","@id":"https:\/\/www.audacieuse-galerie.ch\/de\/produit\/vorort-von-los-angeles-kalifornien\/#primaryimage","url":"https:\/\/www.audacieuse-galerie.ch\/wp-content\/uploads\/2019\/01\/602-Los-Angeles-suburb-California.jpg","contentUrl":"https:\/\/www.audacieuse-galerie.ch\/wp-content\/uploads\/2019\/01\/602-Los-Angeles-suburb-California.jpg","width":667,"height":1000,"caption":"Vorort von Los Angeles, Kalifornien"}]}},"jetpack_publicize_connections":[],"_links":{"self":[{"href":"https:\/\/www.audacieuse-galerie.ch\/de\/wp-json\/wp\/v2\/product\/122692","targetHints":{"allow":["GET"]}}],"collection":[{"href":"https:\/\/www.audacieuse-galerie.ch\/de\/wp-json\/wp\/v2\/product"}],"about":[{"href":"https:\/\/www.audacieuse-galerie.ch\/de\/wp-json\/wp\/v2\/types\/product"}],"replies":[{"embeddable":true,"href":"https:\/\/www.audacieuse-galerie.ch\/de\/wp-json\/wp\/v2\/comments?post=122692"}],"version-history":[{"count":0,"href":"https:\/\/www.audacieuse-galerie.ch\/de\/wp-json\/wp\/v2\/product\/122692\/revisions"}],"wp:featuredmedia":[{"embeddable":true,"href":"https:\/\/www.audacieuse-galerie.ch\/de\/wp-json\/wp\/v2\/media\/42021"}],"wp:attachment":[{"href":"https:\/\/www.audacieuse-galerie.ch\/de\/wp-json\/wp\/v2\/media?parent=122692"}],"wp:term":[{"taxonomy":"product_brand","embeddable":true,"href":"https:\/\/www.audacieuse-galerie.ch\/de\/wp-json\/wp\/v2\/product_brand?post=122692"},{"taxonomy":"product_cat","embeddable":true,"href":"https:\/\/www.audacieuse-galerie.ch\/de\/wp-json\/wp\/v2\/product_cat?post=122692"},{"taxonomy":"product_tag","embeddable":true,"href":"https:\/\/www.audacieuse-galerie.ch\/de\/wp-json\/wp\/v2\/product_tag?post=122692"}],"curies":[{"name":"wp","href":"https:\/\/api.w.org\/{rel}","templated":true}]}}