{"id":131947,"date":"2016-02-23T14:01:35","date_gmt":"2016-02-23T13:01:35","guid":{"rendered":"https:\/\/woo.audacieuse-galerie.ch\/produit\/eine-geschenkkarte-um-ihren-lieben-eine-freude-zu-machen\/"},"modified":"2025-10-22T14:04:53","modified_gmt":"2025-10-22T12:04:53","slug":"eine-geschenkkarte-um-ihren-lieben-eine-freude-zu-machen","status":"publish","type":"product","link":"https:\/\/www.audacieuse-galerie.ch\/de\/produit\/eine-geschenkkarte-um-ihren-lieben-eine-freude-zu-machen\/","title":{"rendered":"Eine Geschenkkarte, um Ihren Lieben eine Freude zu machen"},"content":{"rendered":"<p>Eine Geschenkkarte ist der ideale Weg, um das Herz zu ber\u00fchren und zu erfreuen. Alles Liebe, Freunde oder Kollegen. <\/p>\n<h2>Eine pr\u00e4chtige, personalisierbare Geschenkkarte<\/h2>\n<p>Diese Geschenkkarten sind in Gold gedruckt, elegant und modern, gesch\u00fctzt durch einen etuiartigen Umschlag. Unsere h\u00fcbschen goldenen und silbernen Organzab\u00e4nder sublimieren die Karte. Diese Karten sind aus einem sch\u00f6nen Papier mit einer edlen Note gedruckt. Sie k\u00f6nnen eine kleine Notiz darauf schreiben und die Karte nach Ihren W\u00fcnschen personalisieren. Unser in Silber gedrucktes Icon und unsere Marke Audacieuse-Galerie zeigen die Sch\u00f6nheit unseres Hauses, der Audacieuse-Galerie. Wenn Sie den Umschlag wie eine Schachtel \u00f6ffnen, offenbart die Karte ihre ganze Sch\u00f6nheit.     <\/p>\n<h2>Eine Geschenkkarte mit einer G\u00fcltigkeit von 5 Jahren, die mehrmals verwendet werden kann.<\/h2>\n<p>Diese Geschenkkarte kann mehrmals verwendet werden, solange der Restbetrag positiv ist. Es ist 5 Jahre nach dem Kauf in allen Boutiquen der Audacieuse-Galerie g\u00fcltig. Sie k\u00f6nnen es sofort verschenken: Wir schalten es frei, sobald wir Ihre Zahlung erhalten haben.  <\/p>\n<h2>Sofort aktiviert<\/h2>\n<p>Wenn Sie es eilig haben mit dem Angebot, k\u00f6nnen Sie Ihre Geschenkkarte sofort erstellen: Sobald Ihre Zahlung best\u00e4tigt ist, senden wir Ihnen eine E-Mail mit dem Rabattcode auf der Karte. Der Code ist sofort in unseren Boutiquen in der Audacieuse-Galerie nutzbar. <\/p>\n<p><\/p>\n","protected":false},"excerpt":{"rendered":"<p>Eine Geschenkkarte, um Ihren Lieben eine Freude zu machen, zum Geburtstag oder zu den Feiertagen. Kann in allen unseren Shops mehrfach verwendet werden. <\/p>\n","protected":false},"featured_media":757,"comment_status":"open","ping_status":"closed","template":"elementor_theme","meta":{"_glsr_average":0,"_glsr_ranking":0,"_glsr_reviews":0,"jetpack_publicize_message":"","jetpack_publicize_feature_enabled":true,"jetpack_social_post_already_shared":true,"jetpack_social_options":{"image_generator_settings":{"template":"highway","default_image_id":0,"font":"","enabled":false},"version":2}},"product_brand":[],"product_cat":[120,138,105,114,159,180,102,60,69,78,90],"product_tag":[],"class_list":{"0":"post-131947","1":"product","2":"type-product","3":"status-publish","4":"has-post-thumbnail","6":"product_cat-carouge-genf-schneiderkurs","7":"product_cat-familienfotografie","8":"product_cat-geschenkideen-aus-pret-a-porter-und-accessoires-fuer-sie-fuer-ihn","9":"product_cat-ihr-fotograf-fuer-ihre-verlobung-und-hochzeit","10":"product_cat-ihr-fotograf-von-portraets","11":"product_cat-ihr-fotokurs-in-carouge-ge","12":"product_cat-im-schaufenster-in-carouge-gesehen","13":"product_cat-unsere-geschenkkarten","14":"product_cat-unsere-geschenkkarten-de","15":"product_cat-unsere-geschenkkarten-de-ihr-fotograf-aus-carouge-neben-genf-fuer-private-und-firma","16":"product_cat-unsere-geschenkkarten-de-kunst-und-fotogalerie-in-carouge-gleich-neben-genf-schweiz","17":"pa_choixdumontantenchf-100chf-de","18":"pa_choixdumontantenchf-1000chf-de","19":"pa_choixdumontantenchf-150chf-de","20":"pa_choixdumontantenchf-20chf-de","21":"pa_choixdumontantenchf-200chf-de","22":"pa_choixdumontantenchf-250chf-de","23":"pa_choixdumontantenchf-30chf-de","24":"pa_choixdumontantenchf-300chf-de","25":"pa_choixdumontantenchf-400chf-de","26":"pa_choixdumontantenchf-50chf-de","27":"pa_choixdumontantenchf-500chf-de","28":"pa_choixdumontantenchf-60chf-de","29":"pa_choixdumontantenchf-600chf-de","30":"pa_choixdumontantenchf-700chf-de","31":"pa_choixdumontantenchf-75chf-de","32":"pa_choixdumontantenchf-800chf-de","33":"pa_choixdumontantenchf-900chf-de","35":"first","36":"instock","37":"taxable","38":"shipping-taxable","39":"purchasable","40":"product-type-variable","41":"has-default-attributes"},"yoast_head":"<!-- This site is optimized with the Yoast SEO plugin v27.4 - https:\/\/yoast.com\/product\/yoast-seo-wordpress\/ -->\n<title>Eine Geschenkkarte, um Ihren Lieben eine Freude zu machen - Audacieuse-Galerie<\/title>\n<meta name=\"description\" content=\"Eine Geschenkkarte, um Ihren Lieben eine Freude zu machen - Audacieuse-Galerie\" \/>\n<meta name=\"robots\" content=\"index, follow, max-snippet:-1, max-image-preview:large, max-video-preview:-1\" \/>\n<link rel=\"canonical\" href=\"https:\/\/www.audacieuse-galerie.ch\/de\/produit\/eine-geschenkkarte-um-ihren-lieben-eine-freude-zu-machen\/\" \/>\n<meta property=\"og:locale\" content=\"de_DE\" \/>\n<meta property=\"og:type\" content=\"article\" \/>\n<meta property=\"og:title\" content=\"Eine Geschenkkarte, um Ihren Lieben eine Freude zu machen - Audacieuse-Galerie\" \/>\n<meta property=\"og:description\" content=\"Eine Geschenkkarte, um Ihren Lieben eine Freude zu machen - Audacieuse-Galerie\" \/>\n<meta property=\"og:url\" content=\"https:\/\/www.audacieuse-galerie.ch\/de\/produit\/eine-geschenkkarte-um-ihren-lieben-eine-freude-zu-machen\/\" \/>\n<meta property=\"og:site_name\" content=\"Audacieuse-Galerie\" \/>\n<meta property=\"article:publisher\" content=\"https:\/\/www.facebook.com\/audacieuse.galerie\" \/>\n<meta property=\"article:modified_time\" content=\"2025-10-22T12:04:53+00:00\" \/>\n<meta property=\"og:image\" content=\"https:\/\/www.audacieuse-galerie.ch\/wp-content\/uploads\/2016\/02\/822-Une-magnifique-carte-cadeau-personnalisable.jpg\" \/>\n\t<meta property=\"og:image:width\" content=\"1000\" \/>\n\t<meta property=\"og:image:height\" content=\"1000\" \/>\n\t<meta property=\"og:image:type\" content=\"image\/jpeg\" \/>\n<meta name=\"twitter:card\" content=\"summary_large_image\" \/>\n<meta name=\"twitter:label1\" content=\"Gesch\u00e4tzte Lesezeit\" \/>\n\t<meta name=\"twitter:data1\" content=\"1 Minute\" \/>\n<script type=\"application\/ld+json\" class=\"yoast-schema-graph\">{\"@context\":\"https:\\\/\\\/schema.org\",\"@graph\":[{\"@type\":\"ImageObject\",\"inLanguage\":\"de\",\"@id\":\"https:\\\/\\\/www.audacieuse-galerie.ch\\\/de\\\/produit\\\/eine-geschenkkarte-um-ihren-lieben-eine-freude-zu-machen\\\/#primaryimage\",\"url\":\"https:\\\/\\\/www.audacieuse-galerie.ch\\\/wp-content\\\/uploads\\\/2016\\\/02\\\/822-Une-magnifique-carte-cadeau-personnalisable.jpg\",\"contentUrl\":\"https:\\\/\\\/www.audacieuse-galerie.ch\\\/wp-content\\\/uploads\\\/2016\\\/02\\\/822-Une-magnifique-carte-cadeau-personnalisable.jpg\",\"width\":1000,\"height\":1000,\"caption\":\"Eine sch\u00f6ne anpassbare Geschenkkarte\"}]}<\/script>\n<!-- \/ Yoast SEO plugin. -->","yoast_head_json":{"title":"Eine Geschenkkarte, um Ihren Lieben eine Freude zu machen - Audacieuse-Galerie","description":"Eine Geschenkkarte, um Ihren Lieben eine Freude zu machen - Audacieuse-Galerie","robots":{"index":"index","follow":"follow","max-snippet":"max-snippet:-1","max-image-preview":"max-image-preview:large","max-video-preview":"max-video-preview:-1"},"canonical":"https:\/\/www.audacieuse-galerie.ch\/de\/produit\/eine-geschenkkarte-um-ihren-lieben-eine-freude-zu-machen\/","og_locale":"de_DE","og_type":"article","og_title":"Eine Geschenkkarte, um Ihren Lieben eine Freude zu machen - Audacieuse-Galerie","og_description":"Eine Geschenkkarte, um Ihren Lieben eine Freude zu machen - Audacieuse-Galerie","og_url":"https:\/\/www.audacieuse-galerie.ch\/de\/produit\/eine-geschenkkarte-um-ihren-lieben-eine-freude-zu-machen\/","og_site_name":"Audacieuse-Galerie","article_publisher":"https:\/\/www.facebook.com\/audacieuse.galerie","article_modified_time":"2025-10-22T12:04:53+00:00","og_image":[{"width":1000,"height":1000,"url":"https:\/\/www.audacieuse-galerie.ch\/wp-content\/uploads\/2016\/02\/822-Une-magnifique-carte-cadeau-personnalisable.jpg","type":"image\/jpeg"}],"twitter_card":"summary_large_image","twitter_misc":{"Gesch\u00e4tzte Lesezeit":"1 Minute"},"schema":{"@context":"https:\/\/schema.org","@graph":[{"@type":"ImageObject","inLanguage":"de","@id":"https:\/\/www.audacieuse-galerie.ch\/de\/produit\/eine-geschenkkarte-um-ihren-lieben-eine-freude-zu-machen\/#primaryimage","url":"https:\/\/www.audacieuse-galerie.ch\/wp-content\/uploads\/2016\/02\/822-Une-magnifique-carte-cadeau-personnalisable.jpg","contentUrl":"https:\/\/www.audacieuse-galerie.ch\/wp-content\/uploads\/2016\/02\/822-Une-magnifique-carte-cadeau-personnalisable.jpg","width":1000,"height":1000,"caption":"Eine sch\u00f6ne anpassbare Geschenkkarte"}]}},"jetpack_publicize_connections":[],"_links":{"self":[{"href":"https:\/\/www.audacieuse-galerie.ch\/de\/wp-json\/wp\/v2\/product\/131947","targetHints":{"allow":["GET"]}}],"collection":[{"href":"https:\/\/www.audacieuse-galerie.ch\/de\/wp-json\/wp\/v2\/product"}],"about":[{"href":"https:\/\/www.audacieuse-galerie.ch\/de\/wp-json\/wp\/v2\/types\/product"}],"replies":[{"embeddable":true,"href":"https:\/\/www.audacieuse-galerie.ch\/de\/wp-json\/wp\/v2\/comments?post=131947"}],"version-history":[{"count":0,"href":"https:\/\/www.audacieuse-galerie.ch\/de\/wp-json\/wp\/v2\/product\/131947\/revisions"}],"wp:featuredmedia":[{"embeddable":true,"href":"https:\/\/www.audacieuse-galerie.ch\/de\/wp-json\/wp\/v2\/media\/757"}],"wp:attachment":[{"href":"https:\/\/www.audacieuse-galerie.ch\/de\/wp-json\/wp\/v2\/media?parent=131947"}],"wp:term":[{"taxonomy":"product_brand","embeddable":true,"href":"https:\/\/www.audacieuse-galerie.ch\/de\/wp-json\/wp\/v2\/product_brand?post=131947"},{"taxonomy":"product_cat","embeddable":true,"href":"https:\/\/www.audacieuse-galerie.ch\/de\/wp-json\/wp\/v2\/product_cat?post=131947"},{"taxonomy":"product_tag","embeddable":true,"href":"https:\/\/www.audacieuse-galerie.ch\/de\/wp-json\/wp\/v2\/product_tag?post=131947"}],"curies":[{"name":"wp","href":"https:\/\/api.w.org\/{rel}","templated":true}]}}