{"id":140570,"date":"2025-08-01T16:03:05","date_gmt":"2025-08-01T14:03:05","guid":{"rendered":"https:\/\/woo.audacieuse-galerie.ch\/produit\/origami-vogel-ohrringe\/"},"modified":"2025-10-18T17:25:23","modified_gmt":"2025-10-18T15:25:23","slug":"origami-vogel-ohrringe","status":"publish","type":"product","link":"https:\/\/www.audacieuse-galerie.ch\/de\/produit\/origami-vogel-ohrringe\/","title":{"rendered":"Origami Vogel Ohrringe"},"content":{"rendered":"<p>Inspiriert von der japanischen Kunst des Faltens, sind diese Origami-Vogelohrringe eine Ode an Anmut und Freiheit. Sie sind aus vergoldetem Metall gefertigt und vereinen Finesse und Glanz, um Ihre Outfits aufzuwerten, vom Alltag bis hin zu besonderen Anl\u00e4ssen. Ihr luftiges und zeitgem\u00e4\u00dfes Design macht sie zu einem einzigartigen Schmuckst\u00fcck, das sowohl minimalistisch als auch voller Poesie ist.  <\/p>\n<ul>\n<li>Designerschmuck in Kleinserien<\/li>\n<li>Leichtes und widerstandsf\u00e4higes Material, lasergedruckt in biobasiertem Pulver auf Basis von Rizinus\u00f6l<\/li>\n<li>Handgemachtes Brot<\/li>\n<li>Fein vergoldeter Stahlhaken, Ring aus vergoldetem Messing<\/li>\n<\/ul>\n","protected":false},"excerpt":{"rendered":"<p>Inspiriert von der japanischen Kunst des Faltens, sind diese Origami-Vogelohrringe eine Ode an Anmut und Freiheit. Sie sind aus vergoldetem&#8230;<\/p>\n","protected":false},"featured_media":0,"comment_status":"open","ping_status":"closed","template":"","meta":{"_glsr_average":0,"_glsr_ranking":0,"_glsr_reviews":0,"jetpack_publicize_message":"","jetpack_publicize_feature_enabled":true,"jetpack_social_post_already_shared":true,"jetpack_social_options":{"image_generator_settings":{"template":"highway","default_image_id":0,"font":"","enabled":false},"version":2}},"product_brand":[],"product_cat":[96,168,2558],"product_tag":[],"class_list":{"0":"post-140570","1":"product","2":"type-product","3":"status-publish","5":"product_cat-accessoires-von-schoepfern","6":"product_cat-modische-schmuckstuecke","7":"product_cat-tochu-de-de","8":"pa_color-bordeauxrot-de","9":"pa_color-denim-de","10":"pa_color-fuchsiefarb-de","11":"pa_color-gelb-de","12":"pa_color-grau","13":"pa_color-hellbeige-de","14":"pa_color-orange-de","15":"pa_color-turkis-de","16":"pa_color-ultramarineblau-de","17":"pa_color-weiss-de","19":"first","20":"instock","21":"taxable","22":"shipping-taxable","23":"product-type-variable"},"yoast_head":"<!-- This site is optimized with the Yoast SEO plugin v27.4 - https:\/\/yoast.com\/product\/yoast-seo-wordpress\/ -->\n<title>Origami Vogel Ohrringe - Audacieuse-Galerie<\/title>\n<meta name=\"description\" content=\"Origami Vogel Ohrringe - Audacieuse-Galerie\" \/>\n<meta name=\"robots\" content=\"index, follow, max-snippet:-1, max-image-preview:large, max-video-preview:-1\" \/>\n<link rel=\"canonical\" href=\"https:\/\/www.audacieuse-galerie.ch\/de\/produit\/origami-vogel-ohrringe\/\" \/>\n<meta property=\"og:locale\" content=\"de_DE\" \/>\n<meta property=\"og:type\" content=\"article\" \/>\n<meta property=\"og:title\" content=\"Origami Vogel Ohrringe - Audacieuse-Galerie\" \/>\n<meta property=\"og:description\" content=\"Origami Vogel Ohrringe - Audacieuse-Galerie\" \/>\n<meta property=\"og:url\" content=\"https:\/\/www.audacieuse-galerie.ch\/de\/produit\/origami-vogel-ohrringe\/\" \/>\n<meta property=\"og:site_name\" content=\"Audacieuse-Galerie\" \/>\n<meta property=\"article:publisher\" content=\"https:\/\/www.facebook.com\/audacieuse.galerie\" \/>\n<meta property=\"article:modified_time\" content=\"2025-10-18T15:25:23+00:00\" \/>\n<meta name=\"twitter:card\" content=\"summary_large_image\" \/>\n<script type=\"application\/ld+json\" class=\"yoast-schema-graph\">{\"@context\":\"https:\\\/\\\/schema.org\",\"@graph\":[]}<\/script>\n<!-- \/ Yoast SEO plugin. -->","yoast_head_json":{"title":"Origami Vogel Ohrringe - Audacieuse-Galerie","description":"Origami Vogel Ohrringe - Audacieuse-Galerie","robots":{"index":"index","follow":"follow","max-snippet":"max-snippet:-1","max-image-preview":"max-image-preview:large","max-video-preview":"max-video-preview:-1"},"canonical":"https:\/\/www.audacieuse-galerie.ch\/de\/produit\/origami-vogel-ohrringe\/","og_locale":"de_DE","og_type":"article","og_title":"Origami Vogel Ohrringe - Audacieuse-Galerie","og_description":"Origami Vogel Ohrringe - Audacieuse-Galerie","og_url":"https:\/\/www.audacieuse-galerie.ch\/de\/produit\/origami-vogel-ohrringe\/","og_site_name":"Audacieuse-Galerie","article_publisher":"https:\/\/www.facebook.com\/audacieuse.galerie","article_modified_time":"2025-10-18T15:25:23+00:00","twitter_card":"summary_large_image","schema":{"@context":"https:\/\/schema.org","@graph":[]}},"jetpack_publicize_connections":[],"_links":{"self":[{"href":"https:\/\/www.audacieuse-galerie.ch\/de\/wp-json\/wp\/v2\/product\/140570","targetHints":{"allow":["GET"]}}],"collection":[{"href":"https:\/\/www.audacieuse-galerie.ch\/de\/wp-json\/wp\/v2\/product"}],"about":[{"href":"https:\/\/www.audacieuse-galerie.ch\/de\/wp-json\/wp\/v2\/types\/product"}],"replies":[{"embeddable":true,"href":"https:\/\/www.audacieuse-galerie.ch\/de\/wp-json\/wp\/v2\/comments?post=140570"}],"version-history":[{"count":0,"href":"https:\/\/www.audacieuse-galerie.ch\/de\/wp-json\/wp\/v2\/product\/140570\/revisions"}],"wp:attachment":[{"href":"https:\/\/www.audacieuse-galerie.ch\/de\/wp-json\/wp\/v2\/media?parent=140570"}],"wp:term":[{"taxonomy":"product_brand","embeddable":true,"href":"https:\/\/www.audacieuse-galerie.ch\/de\/wp-json\/wp\/v2\/product_brand?post=140570"},{"taxonomy":"product_cat","embeddable":true,"href":"https:\/\/www.audacieuse-galerie.ch\/de\/wp-json\/wp\/v2\/product_cat?post=140570"},{"taxonomy":"product_tag","embeddable":true,"href":"https:\/\/www.audacieuse-galerie.ch\/de\/wp-json\/wp\/v2\/product_tag?post=140570"}],"curies":[{"name":"wp","href":"https:\/\/api.w.org\/{rel}","templated":true}]}}