{"id":143495,"date":"2025-04-08T20:01:36","date_gmt":"2025-04-08T18:01:36","guid":{"rendered":"https:\/\/www.audacieuse-galerie.ch\/produit\/silber-filigrane-gaensebluemchen-blumen-ohrringe\/"},"modified":"2025-04-08T20:01:36","modified_gmt":"2025-04-08T18:01:36","slug":"silber-filigrane-gaensebluemchen-blumen-ohrringe","status":"publish","type":"product","link":"https:\/\/www.audacieuse-galerie.ch\/de\/produit\/silber-filigrane-gaensebluemchen-blumen-ohrringe\/","title":{"rendered":"Silber filigrane G\u00e4nsebl\u00fcmchen Blumen Ohrringe"},"content":{"rendered":"<p>Ohrstecker, wundersch\u00f6n gearbeitet, mit feiner Silberfiligranverarbeitung.<\/p>\n<p>Sie sind zeitlos und k\u00f6nnen viele Outfits begleiten, um einen schicken oder Boh\u00e8me-Look abzurunden.<\/p>\n<p>Besetzt mit einem kleinen Strassstein in der Mitte jeder Bl\u00fcte.<\/p>\n<p>Hergestellt aus recyceltem Silbermetall, 950 und 999, nickelfrei.<\/p>\n<p>Sie sind Teil einer Sammlung deutschen Designs.<\/p>\n","protected":false},"excerpt":{"rendered":"<p>Ohrstecker, wundersch\u00f6n gearbeitet, mit feiner Silberfiligranverarbeitung. Sie sind zeitlos und k\u00f6nnen viele Outfits begleiten, um einen schicken oder Boh\u00e8me-Look abzurunden&#8230;.<\/p>\n","protected":false},"featured_media":143496,"comment_status":"open","ping_status":"closed","template":"","meta":{"_glsr_average":0,"_glsr_ranking":0,"_glsr_reviews":0,"jetpack_publicize_message":"","jetpack_publicize_feature_enabled":true,"jetpack_social_post_already_shared":true,"jetpack_social_options":{"image_generator_settings":{"template":"highway","default_image_id":0,"font":"","enabled":false},"version":2}},"product_brand":[],"product_cat":[96,2603,105,102,168],"product_tag":[],"class_list":{"0":"post-143495","1":"product","2":"type-product","3":"status-publish","4":"has-post-thumbnail","6":"product_cat-accessoires-von-schoepfern","7":"product_cat-filgran-schmuck","8":"product_cat-geschenkideen-aus-pret-a-porter-und-accessoires-fuer-sie-fuer-ihn","9":"product_cat-im-schaufenster-in-carouge-gesehen","10":"product_cat-modische-schmuckstuecke","12":"first","13":"instock","14":"taxable","15":"shipping-taxable","16":"purchasable","17":"product-type-simple"},"yoast_head":"<!-- This site is optimized with the Yoast SEO plugin v27.4 - https:\/\/yoast.com\/product\/yoast-seo-wordpress\/ -->\n<title>Silber filigrane G\u00e4nsebl\u00fcmchen Blumen Ohrringe - Audacieuse-Galerie<\/title>\n<meta name=\"description\" content=\"Silber filigrane G\u00e4nsebl\u00fcmchen Blumen Ohrringe - Audacieuse-Galerie\" \/>\n<meta name=\"robots\" content=\"index, follow, max-snippet:-1, max-image-preview:large, max-video-preview:-1\" \/>\n<link rel=\"canonical\" href=\"https:\/\/www.audacieuse-galerie.ch\/de\/produit\/silber-filigrane-gaensebluemchen-blumen-ohrringe\/\" \/>\n<meta property=\"og:locale\" content=\"de_DE\" \/>\n<meta property=\"og:type\" content=\"article\" \/>\n<meta property=\"og:title\" content=\"Silber filigrane G\u00e4nsebl\u00fcmchen Blumen Ohrringe - Audacieuse-Galerie\" \/>\n<meta property=\"og:description\" content=\"Silber filigrane G\u00e4nsebl\u00fcmchen Blumen Ohrringe - Audacieuse-Galerie\" \/>\n<meta property=\"og:url\" content=\"https:\/\/www.audacieuse-galerie.ch\/de\/produit\/silber-filigrane-gaensebluemchen-blumen-ohrringe\/\" \/>\n<meta property=\"og:site_name\" content=\"Audacieuse-Galerie\" \/>\n<meta property=\"article:publisher\" content=\"https:\/\/www.facebook.com\/audacieuse.galerie\" \/>\n<meta property=\"og:image\" content=\"https:\/\/www.audacieuse-galerie.ch\/wp-content\/uploads\/2025\/10\/boucle-oreille-clou-argent-upcycling-marguerite-fleur-filgrane.jpg\" \/>\n\t<meta property=\"og:image:width\" content=\"421\" \/>\n\t<meta property=\"og:image:height\" content=\"316\" \/>\n\t<meta property=\"og:image:type\" content=\"image\/jpeg\" \/>\n<meta name=\"twitter:card\" content=\"summary_large_image\" \/>\n<script type=\"application\/ld+json\" class=\"yoast-schema-graph\">{\"@context\":\"https:\\\/\\\/schema.org\",\"@graph\":[{\"@type\":\"ImageObject\",\"inLanguage\":\"de\",\"@id\":\"https:\\\/\\\/www.audacieuse-galerie.ch\\\/de\\\/produit\\\/silber-filigrane-gaensebluemchen-blumen-ohrringe\\\/#primaryimage\",\"url\":\"https:\\\/\\\/www.audacieuse-galerie.ch\\\/wp-content\\\/uploads\\\/2025\\\/10\\\/boucle-oreille-clou-argent-upcycling-marguerite-fleur-filgrane.jpg\",\"contentUrl\":\"https:\\\/\\\/www.audacieuse-galerie.ch\\\/wp-content\\\/uploads\\\/2025\\\/10\\\/boucle-oreille-clou-argent-upcycling-marguerite-fleur-filgrane.jpg\",\"width\":421,\"height\":316}]}<\/script>\n<!-- \/ Yoast SEO plugin. -->","yoast_head_json":{"title":"Silber filigrane G\u00e4nsebl\u00fcmchen Blumen Ohrringe - Audacieuse-Galerie","description":"Silber filigrane G\u00e4nsebl\u00fcmchen Blumen Ohrringe - Audacieuse-Galerie","robots":{"index":"index","follow":"follow","max-snippet":"max-snippet:-1","max-image-preview":"max-image-preview:large","max-video-preview":"max-video-preview:-1"},"canonical":"https:\/\/www.audacieuse-galerie.ch\/de\/produit\/silber-filigrane-gaensebluemchen-blumen-ohrringe\/","og_locale":"de_DE","og_type":"article","og_title":"Silber filigrane G\u00e4nsebl\u00fcmchen Blumen Ohrringe - Audacieuse-Galerie","og_description":"Silber filigrane G\u00e4nsebl\u00fcmchen Blumen Ohrringe - Audacieuse-Galerie","og_url":"https:\/\/www.audacieuse-galerie.ch\/de\/produit\/silber-filigrane-gaensebluemchen-blumen-ohrringe\/","og_site_name":"Audacieuse-Galerie","article_publisher":"https:\/\/www.facebook.com\/audacieuse.galerie","og_image":[{"width":421,"height":316,"url":"https:\/\/www.audacieuse-galerie.ch\/wp-content\/uploads\/2025\/10\/boucle-oreille-clou-argent-upcycling-marguerite-fleur-filgrane.jpg","type":"image\/jpeg"}],"twitter_card":"summary_large_image","schema":{"@context":"https:\/\/schema.org","@graph":[{"@type":"ImageObject","inLanguage":"de","@id":"https:\/\/www.audacieuse-galerie.ch\/de\/produit\/silber-filigrane-gaensebluemchen-blumen-ohrringe\/#primaryimage","url":"https:\/\/www.audacieuse-galerie.ch\/wp-content\/uploads\/2025\/10\/boucle-oreille-clou-argent-upcycling-marguerite-fleur-filgrane.jpg","contentUrl":"https:\/\/www.audacieuse-galerie.ch\/wp-content\/uploads\/2025\/10\/boucle-oreille-clou-argent-upcycling-marguerite-fleur-filgrane.jpg","width":421,"height":316}]}},"jetpack_publicize_connections":[],"_links":{"self":[{"href":"https:\/\/www.audacieuse-galerie.ch\/de\/wp-json\/wp\/v2\/product\/143495","targetHints":{"allow":["GET"]}}],"collection":[{"href":"https:\/\/www.audacieuse-galerie.ch\/de\/wp-json\/wp\/v2\/product"}],"about":[{"href":"https:\/\/www.audacieuse-galerie.ch\/de\/wp-json\/wp\/v2\/types\/product"}],"replies":[{"embeddable":true,"href":"https:\/\/www.audacieuse-galerie.ch\/de\/wp-json\/wp\/v2\/comments?post=143495"}],"version-history":[{"count":0,"href":"https:\/\/www.audacieuse-galerie.ch\/de\/wp-json\/wp\/v2\/product\/143495\/revisions"}],"wp:featuredmedia":[{"embeddable":true,"href":"https:\/\/www.audacieuse-galerie.ch\/de\/wp-json\/wp\/v2\/media\/143496"}],"wp:attachment":[{"href":"https:\/\/www.audacieuse-galerie.ch\/de\/wp-json\/wp\/v2\/media?parent=143495"}],"wp:term":[{"taxonomy":"product_brand","embeddable":true,"href":"https:\/\/www.audacieuse-galerie.ch\/de\/wp-json\/wp\/v2\/product_brand?post=143495"},{"taxonomy":"product_cat","embeddable":true,"href":"https:\/\/www.audacieuse-galerie.ch\/de\/wp-json\/wp\/v2\/product_cat?post=143495"},{"taxonomy":"product_tag","embeddable":true,"href":"https:\/\/www.audacieuse-galerie.ch\/de\/wp-json\/wp\/v2\/product_tag?post=143495"}],"curies":[{"name":"wp","href":"https:\/\/api.w.org\/{rel}","templated":true}]}}