{"id":143677,"date":"2025-10-22T13:01:59","date_gmt":"2025-10-22T11:01:59","guid":{"rendered":"https:\/\/www.audacieuse-galerie.ch\/produit\/3d-vogel-ohrring-mini-golden-anhaenger\/"},"modified":"2026-01-10T22:36:01","modified_gmt":"2026-01-10T21:36:01","slug":"3d-vogel-ohrring-mini-golden-anhaenger","status":"publish","type":"product","link":"https:\/\/www.audacieuse-galerie.ch\/de\/produit\/3d-vogel-ohrring-mini-golden-anhaenger\/","title":{"rendered":"3D Vogel Ohrring Mini Golden Anh\u00e4nger"},"content":{"rendered":"<p><strong>&#8222;Origami-Vogel&#8220; baumelnde Ohrringe \u2013 Entstehung in kleinen Serien<\/strong><br \/>\nDiese baumelnden Ohrringe sind im 3D-Druck gestaltet und h\u00e4ngen an einer silbernen Kette mit einem feinen vergoldeten Stahlhaken. Ein originales Schmuckst\u00fcck, handgefertigt in kleinen Serien, f\u00fcr einen Hauch von Leichtigkeit und Modernit\u00e4t in Ihrem Stil. <\/p>\n<p>Leicht und elegant sind diese Ohrringe inspiriert von der angestammten Kunst des Origami. Jeder Vogel wird pr\u00e4zise im modernen 3D-Druck gefertigt und anschlie\u00dfend von Hand bemalt. Das Aufh\u00e4ngen des Vogels an einer silbernen Kette, kombiniert mit einem vergoldeten Stahlhaken, verleiht dem Ganzen eine gewisse Raffinesse und Haltbarkeit.<\/p>\n<p>Diese Ohrringe, die in kleinen Serien von ein paar Schmuckdesignern gefertigt wurden, sind die perfekte Mischung aus Zartheit und Charakter. Ihr einzigartiges Design macht jedes Paar zu einem exklusiven Accessoire, ideal f\u00fcr alle, die ein Schmuckst\u00fcck suchen, das sowohl elegant als auch bedeutungsvoll ist.<\/p>\n","protected":false},"excerpt":{"rendered":"<p>Diese leichten Ohrringe sind inspiriert von der alten Kunst des Origami. Jeder Vogel wird pr\u00e4zise im 3D-Druck gefertigt und anschlie\u00dfend von Hand bemalt, wodurch die Sch\u00f6nheit des Faltpapiers in einem modernen, luftigen Design eingefangen wird. Das Aufh\u00e4ngen des Vogels an einer silbernen Kette, kombiniert mit einem vergoldeten Stahlhaken, verleiht dem Ganzen eine gewisse Raffinesse und Haltbarkeit.<\/p>\n","protected":false},"featured_media":143678,"comment_status":"open","ping_status":"closed","template":"","meta":{"jetpack_publicize_message":"","jetpack_publicize_feature_enabled":true,"jetpack_social_post_already_shared":true,"jetpack_social_options":{"image_generator_settings":{"template":"highway","default_image_id":0,"font":"","enabled":false},"version":2}},"product_brand":[],"product_cat":[96,105,102,168,2558],"product_tag":[],"class_list":{"0":"post-143677","1":"product","2":"type-product","3":"status-publish","4":"has-post-thumbnail","6":"product_cat-accessoires-von-schoepfern","7":"product_cat-geschenkideen-aus-pret-a-porter-und-accessoires-fuer-sie-fuer-ihn","8":"product_cat-im-schaufenster-in-carouge-gesehen","9":"product_cat-modische-schmuckstuecke","10":"product_cat-tochu-de-de","11":"pa_color-denim-de","12":"pa_color-fuchsiefarb-de","13":"pa_color-gelb-de","14":"pa_color-grau-de","15":"pa_color-grun-de","16":"pa_color-hellbeige-de","17":"pa_color-orange-de","18":"pa_color-rot-de","19":"pa_color-schwarz-de","20":"pa_color-turkis-de","21":"pa_color-ultramarineblau-de","22":"pa_color-weiss-de","24":"first","25":"instock","26":"taxable","27":"shipping-taxable","28":"purchasable","29":"product-type-variable","30":"has-default-attributes"},"yoast_head":"<!-- This site is optimized with the Yoast SEO plugin v27.3 - https:\/\/yoast.com\/product\/yoast-seo-wordpress\/ -->\n<title>3D Vogel Ohrring Mini Golden Anh\u00e4nger - Audacieuse-Galerie<\/title>\n<meta name=\"description\" content=\"3D Vogel Ohrring Mini Golden Anh\u00e4nger - Audacieuse-Galerie\" \/>\n<meta name=\"robots\" content=\"index, follow, max-snippet:-1, max-image-preview:large, max-video-preview:-1\" \/>\n<link rel=\"canonical\" href=\"https:\/\/www.audacieuse-galerie.ch\/de\/produit\/3d-vogel-ohrring-mini-golden-anhaenger\/\" \/>\n<meta property=\"og:locale\" content=\"de_DE\" \/>\n<meta property=\"og:type\" content=\"article\" \/>\n<meta property=\"og:title\" content=\"3D Vogel Ohrring Mini Golden Anh\u00e4nger - Audacieuse-Galerie\" \/>\n<meta property=\"og:description\" content=\"3D Vogel Ohrring Mini Golden Anh\u00e4nger - Audacieuse-Galerie\" \/>\n<meta property=\"og:url\" content=\"https:\/\/www.audacieuse-galerie.ch\/de\/produit\/3d-vogel-ohrring-mini-golden-anhaenger\/\" \/>\n<meta property=\"og:site_name\" content=\"Audacieuse-Galerie\" \/>\n<meta property=\"article:publisher\" content=\"https:\/\/www.facebook.com\/audacieuse.galerie\" \/>\n<meta property=\"article:modified_time\" content=\"2026-01-10T21:36:01+00:00\" \/>\n<meta property=\"og:image\" content=\"https:\/\/www.audacieuse-galerie.ch\/wp-content\/uploads\/2025\/10\/Capture-decran-de-2023-04-21-19-23-22-1.png\" \/>\n\t<meta property=\"og:image:width\" content=\"313\" \/>\n\t<meta property=\"og:image:height\" content=\"330\" \/>\n\t<meta property=\"og:image:type\" content=\"image\/png\" \/>\n<meta name=\"twitter:card\" content=\"summary_large_image\" \/>\n<meta name=\"twitter:label1\" content=\"Gesch\u00e4tzte Lesezeit\" \/>\n\t<meta name=\"twitter:data1\" content=\"1 Minute\" \/>\n<script type=\"application\/ld+json\" class=\"yoast-schema-graph\">{\"@context\":\"https:\\\/\\\/schema.org\",\"@graph\":[{\"@type\":\"WebPage\",\"@id\":\"https:\\\/\\\/www.audacieuse-galerie.ch\\\/de\\\/produit\\\/3d-vogel-ohrring-mini-golden-anhaenger\\\/\",\"url\":\"https:\\\/\\\/www.audacieuse-galerie.ch\\\/de\\\/produit\\\/3d-vogel-ohrring-mini-golden-anhaenger\\\/\",\"name\":\"3D Vogel Ohrring Mini Golden Anh\u00e4nger - Audacieuse-Galerie\",\"isPartOf\":{\"@id\":\"https:\\\/\\\/www.audacieuse-galerie.ch\\\/de\\\/#website\"},\"primaryImageOfPage\":{\"@id\":\"https:\\\/\\\/www.audacieuse-galerie.ch\\\/de\\\/produit\\\/3d-vogel-ohrring-mini-golden-anhaenger\\\/#primaryimage\"},\"image\":{\"@id\":\"https:\\\/\\\/www.audacieuse-galerie.ch\\\/de\\\/produit\\\/3d-vogel-ohrring-mini-golden-anhaenger\\\/#primaryimage\"},\"thumbnailUrl\":\"https:\\\/\\\/www.audacieuse-galerie.ch\\\/wp-content\\\/uploads\\\/2025\\\/10\\\/Capture-decran-de-2023-04-21-19-23-22-1.png\",\"datePublished\":\"2025-10-22T11:01:59+00:00\",\"dateModified\":\"2026-01-10T21:36:01+00:00\",\"description\":\"3D Vogel Ohrring Mini Golden Anh\u00e4nger - Audacieuse-Galerie\",\"breadcrumb\":{\"@id\":\"https:\\\/\\\/www.audacieuse-galerie.ch\\\/de\\\/produit\\\/3d-vogel-ohrring-mini-golden-anhaenger\\\/#breadcrumb\"},\"inLanguage\":\"de\",\"potentialAction\":[{\"@type\":\"ReadAction\",\"target\":[\"https:\\\/\\\/www.audacieuse-galerie.ch\\\/de\\\/produit\\\/3d-vogel-ohrring-mini-golden-anhaenger\\\/\"]}]},{\"@type\":\"ImageObject\",\"inLanguage\":\"de\",\"@id\":\"https:\\\/\\\/www.audacieuse-galerie.ch\\\/de\\\/produit\\\/3d-vogel-ohrring-mini-golden-anhaenger\\\/#primaryimage\",\"url\":\"https:\\\/\\\/www.audacieuse-galerie.ch\\\/wp-content\\\/uploads\\\/2025\\\/10\\\/Capture-decran-de-2023-04-21-19-23-22-1.png\",\"contentUrl\":\"https:\\\/\\\/www.audacieuse-galerie.ch\\\/wp-content\\\/uploads\\\/2025\\\/10\\\/Capture-decran-de-2023-04-21-19-23-22-1.png\",\"width\":313,\"height\":330},{\"@type\":\"BreadcrumbList\",\"@id\":\"https:\\\/\\\/www.audacieuse-galerie.ch\\\/de\\\/produit\\\/3d-vogel-ohrring-mini-golden-anhaenger\\\/#breadcrumb\",\"itemListElement\":[{\"@type\":\"ListItem\",\"position\":1,\"name\":\"Heim\",\"item\":\"https:\\\/\\\/www.audacieuse-galerie.ch\\\/de\\\/\"},{\"@type\":\"ListItem\",\"position\":2,\"name\":\"Alle unsere Produkte\",\"item\":\"https:\\\/\\\/www.audacieuse-galerie.ch\\\/tous-nos-produits\\\/\"},{\"@type\":\"ListItem\",\"position\":3,\"name\":\"3D Vogel Ohrring Mini Golden Anh\u00e4nger\"}]},{\"@type\":\"WebSite\",\"@id\":\"https:\\\/\\\/www.audacieuse-galerie.ch\\\/de\\\/#website\",\"url\":\"https:\\\/\\\/www.audacieuse-galerie.ch\\\/de\\\/\",\"name\":\"Audacieuse-Galerie\",\"description\":\"Mode et Images\",\"potentialAction\":[{\"@type\":\"SearchAction\",\"target\":{\"@type\":\"EntryPoint\",\"urlTemplate\":\"https:\\\/\\\/www.audacieuse-galerie.ch\\\/de\\\/?s={search_term_string}\"},\"query-input\":{\"@type\":\"PropertyValueSpecification\",\"valueRequired\":true,\"valueName\":\"search_term_string\"}}],\"inLanguage\":\"de\"}]}<\/script>\n<!-- \/ Yoast SEO plugin. -->","yoast_head_json":{"title":"3D Vogel Ohrring Mini Golden Anh\u00e4nger - Audacieuse-Galerie","description":"3D Vogel Ohrring Mini Golden Anh\u00e4nger - Audacieuse-Galerie","robots":{"index":"index","follow":"follow","max-snippet":"max-snippet:-1","max-image-preview":"max-image-preview:large","max-video-preview":"max-video-preview:-1"},"canonical":"https:\/\/www.audacieuse-galerie.ch\/de\/produit\/3d-vogel-ohrring-mini-golden-anhaenger\/","og_locale":"de_DE","og_type":"article","og_title":"3D Vogel Ohrring Mini Golden Anh\u00e4nger - Audacieuse-Galerie","og_description":"3D Vogel Ohrring Mini Golden Anh\u00e4nger - Audacieuse-Galerie","og_url":"https:\/\/www.audacieuse-galerie.ch\/de\/produit\/3d-vogel-ohrring-mini-golden-anhaenger\/","og_site_name":"Audacieuse-Galerie","article_publisher":"https:\/\/www.facebook.com\/audacieuse.galerie","article_modified_time":"2026-01-10T21:36:01+00:00","og_image":[{"width":313,"height":330,"url":"https:\/\/www.audacieuse-galerie.ch\/wp-content\/uploads\/2025\/10\/Capture-decran-de-2023-04-21-19-23-22-1.png","type":"image\/png"}],"twitter_card":"summary_large_image","twitter_misc":{"Gesch\u00e4tzte Lesezeit":"1 Minute"},"schema":{"@context":"https:\/\/schema.org","@graph":[{"@type":"WebPage","@id":"https:\/\/www.audacieuse-galerie.ch\/de\/produit\/3d-vogel-ohrring-mini-golden-anhaenger\/","url":"https:\/\/www.audacieuse-galerie.ch\/de\/produit\/3d-vogel-ohrring-mini-golden-anhaenger\/","name":"3D Vogel Ohrring Mini Golden Anh\u00e4nger - Audacieuse-Galerie","isPartOf":{"@id":"https:\/\/www.audacieuse-galerie.ch\/de\/#website"},"primaryImageOfPage":{"@id":"https:\/\/www.audacieuse-galerie.ch\/de\/produit\/3d-vogel-ohrring-mini-golden-anhaenger\/#primaryimage"},"image":{"@id":"https:\/\/www.audacieuse-galerie.ch\/de\/produit\/3d-vogel-ohrring-mini-golden-anhaenger\/#primaryimage"},"thumbnailUrl":"https:\/\/www.audacieuse-galerie.ch\/wp-content\/uploads\/2025\/10\/Capture-decran-de-2023-04-21-19-23-22-1.png","datePublished":"2025-10-22T11:01:59+00:00","dateModified":"2026-01-10T21:36:01+00:00","description":"3D Vogel Ohrring Mini Golden Anh\u00e4nger - Audacieuse-Galerie","breadcrumb":{"@id":"https:\/\/www.audacieuse-galerie.ch\/de\/produit\/3d-vogel-ohrring-mini-golden-anhaenger\/#breadcrumb"},"inLanguage":"de","potentialAction":[{"@type":"ReadAction","target":["https:\/\/www.audacieuse-galerie.ch\/de\/produit\/3d-vogel-ohrring-mini-golden-anhaenger\/"]}]},{"@type":"ImageObject","inLanguage":"de","@id":"https:\/\/www.audacieuse-galerie.ch\/de\/produit\/3d-vogel-ohrring-mini-golden-anhaenger\/#primaryimage","url":"https:\/\/www.audacieuse-galerie.ch\/wp-content\/uploads\/2025\/10\/Capture-decran-de-2023-04-21-19-23-22-1.png","contentUrl":"https:\/\/www.audacieuse-galerie.ch\/wp-content\/uploads\/2025\/10\/Capture-decran-de-2023-04-21-19-23-22-1.png","width":313,"height":330},{"@type":"BreadcrumbList","@id":"https:\/\/www.audacieuse-galerie.ch\/de\/produit\/3d-vogel-ohrring-mini-golden-anhaenger\/#breadcrumb","itemListElement":[{"@type":"ListItem","position":1,"name":"Heim","item":"https:\/\/www.audacieuse-galerie.ch\/de\/"},{"@type":"ListItem","position":2,"name":"Alle unsere Produkte","item":"https:\/\/www.audacieuse-galerie.ch\/tous-nos-produits\/"},{"@type":"ListItem","position":3,"name":"3D Vogel Ohrring Mini Golden Anh\u00e4nger"}]},{"@type":"WebSite","@id":"https:\/\/www.audacieuse-galerie.ch\/de\/#website","url":"https:\/\/www.audacieuse-galerie.ch\/de\/","name":"Audacieuse-Galerie","description":"Mode et Images","potentialAction":[{"@type":"SearchAction","target":{"@type":"EntryPoint","urlTemplate":"https:\/\/www.audacieuse-galerie.ch\/de\/?s={search_term_string}"},"query-input":{"@type":"PropertyValueSpecification","valueRequired":true,"valueName":"search_term_string"}}],"inLanguage":"de"}]}},"jetpack_publicize_connections":[],"_links":{"self":[{"href":"https:\/\/www.audacieuse-galerie.ch\/de\/wp-json\/wp\/v2\/product\/143677","targetHints":{"allow":["GET"]}}],"collection":[{"href":"https:\/\/www.audacieuse-galerie.ch\/de\/wp-json\/wp\/v2\/product"}],"about":[{"href":"https:\/\/www.audacieuse-galerie.ch\/de\/wp-json\/wp\/v2\/types\/product"}],"replies":[{"embeddable":true,"href":"https:\/\/www.audacieuse-galerie.ch\/de\/wp-json\/wp\/v2\/comments?post=143677"}],"version-history":[{"count":0,"href":"https:\/\/www.audacieuse-galerie.ch\/de\/wp-json\/wp\/v2\/product\/143677\/revisions"}],"wp:featuredmedia":[{"embeddable":true,"href":"https:\/\/www.audacieuse-galerie.ch\/de\/wp-json\/wp\/v2\/media\/143678"}],"wp:attachment":[{"href":"https:\/\/www.audacieuse-galerie.ch\/de\/wp-json\/wp\/v2\/media?parent=143677"}],"wp:term":[{"taxonomy":"product_brand","embeddable":true,"href":"https:\/\/www.audacieuse-galerie.ch\/de\/wp-json\/wp\/v2\/product_brand?post=143677"},{"taxonomy":"product_cat","embeddable":true,"href":"https:\/\/www.audacieuse-galerie.ch\/de\/wp-json\/wp\/v2\/product_cat?post=143677"},{"taxonomy":"product_tag","embeddable":true,"href":"https:\/\/www.audacieuse-galerie.ch\/de\/wp-json\/wp\/v2\/product_tag?post=143677"}],"curies":[{"name":"wp","href":"https:\/\/api.w.org\/{rel}","templated":true}]}}