{"id":144025,"date":"2025-10-26T20:00:06","date_gmt":"2025-10-26T19:00:06","guid":{"rendered":"https:\/\/www.audacieuse-galerie.ch\/?post_type=product&#038;p=144025"},"modified":"2026-02-16T13:01:17","modified_gmt":"2026-02-16T12:01:17","slug":"ginko-blatt-ohrringe-umrahmt-von-zwei-goldenen-creolen-copie","status":"publish","type":"product","link":"https:\/\/www.audacieuse-galerie.ch\/de\/produit\/ginko-blatt-ohrringe-umrahmt-von-zwei-goldenen-creolen-copie\/","title":{"rendered":"Ginko-Blatt-Ohrringe, eingerahmt von zwei silbernen Ringen."},"content":{"rendered":"<blockquote><p>Diese eleganten Ohrringe haben ein gef\u00fcttertes Ginko-Blatt, eingerahmt von zwei silberfarbenen Creolen.<\/p>\n<p>Die Sch\u00f6pfer von Tochu De modellieren ihren Schmuck virtuell, der dann durch Laserfusion in Nylonpulver aus der Rizinus\u00f6lverarbeitung gedruckt wird.<\/p><\/blockquote>\n<p>Das resultierende Objekt ist sehr leicht und langlebig und wird dann sorgf\u00e4ltig von Hand bemalt.<\/p>\n<blockquote><p>Materialien: silberne Messingringe, Edelstahlhaken, nicht allergen.<\/p><\/blockquote>\n<p>Abmessungen: zwei Ringe zu je 45 und 35 mm.<\/p>\n","protected":false},"excerpt":{"rendered":"<p>Ohrring mit sch\u00f6nen Ginko-Bl\u00e4ttern, die durch 3D-Druck modelliert wurden, aus widerstandsf\u00e4higem und leichtem Material. Zwei silberne Creolen rahmen das Ginko-Blatt ein und sind in verschiedenen Farben erh\u00e4ltlich.<\/p>\n","protected":false},"featured_media":69973,"comment_status":"open","ping_status":"closed","template":"","meta":{"_glsr_average":0,"_glsr_ranking":0,"_glsr_reviews":0,"jetpack_publicize_message":"","jetpack_publicize_feature_enabled":true,"jetpack_social_post_already_shared":true,"jetpack_social_options":{"image_generator_settings":{"template":"highway","default_image_id":0,"font":"","enabled":false},"version":2}},"product_brand":[],"product_cat":[96,105,102,2593,168,2558],"product_tag":[],"class_list":{"0":"post-144025","1":"product","2":"type-product","3":"status-publish","4":"has-post-thumbnail","6":"product_cat-accessoires-von-schoepfern","7":"product_cat-geschenkideen-aus-pret-a-porter-und-accessoires-fuer-sie-fuer-ihn","8":"product_cat-im-schaufenster-in-carouge-gesehen","9":"product_cat-modedesigner","10":"product_cat-modische-schmuckstuecke","11":"product_cat-tochu-de-de","12":"pa_color-beige-de","13":"pa_color-feuerrot-de","14":"pa_color-schwarz-de","15":"pa_color-ultramarineblau-de","16":"pa_color-weiss-de","17":"pa_composition-nylon-de","18":"pa_composition-silber-de","19":"pa_composition-vergoldung-de","20":"pa_creation-handgemacht-de","21":"pa_genre-frau-de","22":"pa_lieudefabrication-europa-de","23":"pa_motif-geblumt-de","24":"pa_saison-fruhjahrsommer-de","25":"pa_saison-herbstwinter-de","26":"pa_style-glamour-de","27":"pa_style-original-de","28":"pa_style-zeitlos-de","30":"first","31":"instock","32":"taxable","33":"shipping-taxable","34":"purchasable","35":"product-type-variable","36":"has-default-attributes"},"yoast_head":"<!-- This site is optimized with the Yoast SEO plugin v27.4 - https:\/\/yoast.com\/product\/yoast-seo-wordpress\/ -->\n<title>Ginko-Blatt-Ohrringe, eingerahmt von zwei silbernen Ringen. - Audacieuse-Galerie<\/title>\n<meta name=\"description\" content=\"Heben Sie Ihren Stil mit diesen Ginkgo-Blatt-Creolen vom Designer Tochu-De auf. Ein elegantes und raffiniertes Schmuckst\u00fcck, inspiriert von der Natur, perfekt f\u00fcr eine originelle und zeitlose Note.\" \/>\n<meta name=\"robots\" content=\"index, follow, max-snippet:-1, max-image-preview:large, max-video-preview:-1\" \/>\n<link rel=\"canonical\" href=\"https:\/\/www.audacieuse-galerie.ch\/de\/produit\/ginko-blatt-ohrringe-umrahmt-von-zwei-goldenen-creolen-copie\/\" \/>\n<meta property=\"og:locale\" content=\"de_DE\" \/>\n<meta property=\"og:type\" content=\"article\" \/>\n<meta property=\"og:title\" content=\"Ginko-Blatt-Ohrringe, eingerahmt von zwei silbernen Ringen. - Audacieuse-Galerie\" \/>\n<meta property=\"og:description\" content=\"Heben Sie Ihren Stil mit diesen Ginkgo-Blatt-Creolen vom Designer Tochu-De auf. Ein elegantes und raffiniertes Schmuckst\u00fcck, inspiriert von der Natur, perfekt f\u00fcr eine originelle und zeitlose Note.\" \/>\n<meta property=\"og:url\" content=\"https:\/\/www.audacieuse-galerie.ch\/de\/produit\/ginko-blatt-ohrringe-umrahmt-von-zwei-goldenen-creolen-copie\/\" \/>\n<meta property=\"og:site_name\" content=\"Audacieuse-Galerie\" \/>\n<meta property=\"article:publisher\" content=\"https:\/\/www.facebook.com\/audacieuse.galerie\" \/>\n<meta property=\"article:modified_time\" content=\"2026-02-16T12:01:17+00:00\" \/>\n<meta property=\"og:image\" content=\"https:\/\/www.audacieuse-galerie.ch\/wp-content\/uploads\/2023\/07\/1449-Boucle-doreille-feuille-de-ginko-encadree-de-deux-creoles-doree.jpg\" \/>\n\t<meta property=\"og:image:width\" content=\"685\" \/>\n\t<meta property=\"og:image:height\" content=\"685\" \/>\n\t<meta property=\"og:image:type\" content=\"image\/jpeg\" \/>\n<meta name=\"twitter:card\" content=\"summary_large_image\" \/>\n<script type=\"application\/ld+json\" class=\"yoast-schema-graph\">{\"@context\":\"https:\\\/\\\/schema.org\",\"@graph\":[{\"@type\":\"ImageObject\",\"inLanguage\":\"de\",\"@id\":\"https:\\\/\\\/www.audacieuse-galerie.ch\\\/de\\\/produit\\\/ginko-blatt-ohrringe-umrahmt-von-zwei-goldenen-creolen-copie\\\/#primaryimage\",\"url\":\"https:\\\/\\\/www.audacieuse-galerie.ch\\\/wp-content\\\/uploads\\\/2023\\\/07\\\/1449-Boucle-doreille-feuille-de-ginko-encadree-de-deux-creoles-doree.jpg\",\"contentUrl\":\"https:\\\/\\\/www.audacieuse-galerie.ch\\\/wp-content\\\/uploads\\\/2023\\\/07\\\/1449-Boucle-doreille-feuille-de-ginko-encadree-de-deux-creoles-doree.jpg\",\"width\":685,\"height\":685,\"caption\":\"Ginko-Blatt-Ohrring, umrahmt von zwei goldenen Creolen\"}]}<\/script>\n<!-- \/ Yoast SEO plugin. -->","yoast_head_json":{"title":"Ginko-Blatt-Ohrringe, eingerahmt von zwei silbernen Ringen. - Audacieuse-Galerie","description":"Heben Sie Ihren Stil mit diesen Ginkgo-Blatt-Creolen vom Designer Tochu-De auf. Ein elegantes und raffiniertes Schmuckst\u00fcck, inspiriert von der Natur, perfekt f\u00fcr eine originelle und zeitlose Note.","robots":{"index":"index","follow":"follow","max-snippet":"max-snippet:-1","max-image-preview":"max-image-preview:large","max-video-preview":"max-video-preview:-1"},"canonical":"https:\/\/www.audacieuse-galerie.ch\/de\/produit\/ginko-blatt-ohrringe-umrahmt-von-zwei-goldenen-creolen-copie\/","og_locale":"de_DE","og_type":"article","og_title":"Ginko-Blatt-Ohrringe, eingerahmt von zwei silbernen Ringen. - Audacieuse-Galerie","og_description":"Heben Sie Ihren Stil mit diesen Ginkgo-Blatt-Creolen vom Designer Tochu-De auf. Ein elegantes und raffiniertes Schmuckst\u00fcck, inspiriert von der Natur, perfekt f\u00fcr eine originelle und zeitlose Note.","og_url":"https:\/\/www.audacieuse-galerie.ch\/de\/produit\/ginko-blatt-ohrringe-umrahmt-von-zwei-goldenen-creolen-copie\/","og_site_name":"Audacieuse-Galerie","article_publisher":"https:\/\/www.facebook.com\/audacieuse.galerie","article_modified_time":"2026-02-16T12:01:17+00:00","og_image":[{"width":685,"height":685,"url":"https:\/\/www.audacieuse-galerie.ch\/wp-content\/uploads\/2023\/07\/1449-Boucle-doreille-feuille-de-ginko-encadree-de-deux-creoles-doree.jpg","type":"image\/jpeg"}],"twitter_card":"summary_large_image","schema":{"@context":"https:\/\/schema.org","@graph":[{"@type":"ImageObject","inLanguage":"de","@id":"https:\/\/www.audacieuse-galerie.ch\/de\/produit\/ginko-blatt-ohrringe-umrahmt-von-zwei-goldenen-creolen-copie\/#primaryimage","url":"https:\/\/www.audacieuse-galerie.ch\/wp-content\/uploads\/2023\/07\/1449-Boucle-doreille-feuille-de-ginko-encadree-de-deux-creoles-doree.jpg","contentUrl":"https:\/\/www.audacieuse-galerie.ch\/wp-content\/uploads\/2023\/07\/1449-Boucle-doreille-feuille-de-ginko-encadree-de-deux-creoles-doree.jpg","width":685,"height":685,"caption":"Ginko-Blatt-Ohrring, umrahmt von zwei goldenen Creolen"}]}},"jetpack_publicize_connections":[],"_links":{"self":[{"href":"https:\/\/www.audacieuse-galerie.ch\/de\/wp-json\/wp\/v2\/product\/144025","targetHints":{"allow":["GET"]}}],"collection":[{"href":"https:\/\/www.audacieuse-galerie.ch\/de\/wp-json\/wp\/v2\/product"}],"about":[{"href":"https:\/\/www.audacieuse-galerie.ch\/de\/wp-json\/wp\/v2\/types\/product"}],"replies":[{"embeddable":true,"href":"https:\/\/www.audacieuse-galerie.ch\/de\/wp-json\/wp\/v2\/comments?post=144025"}],"version-history":[{"count":0,"href":"https:\/\/www.audacieuse-galerie.ch\/de\/wp-json\/wp\/v2\/product\/144025\/revisions"}],"wp:featuredmedia":[{"embeddable":true,"href":"https:\/\/www.audacieuse-galerie.ch\/de\/wp-json\/wp\/v2\/media\/69973"}],"wp:attachment":[{"href":"https:\/\/www.audacieuse-galerie.ch\/de\/wp-json\/wp\/v2\/media?parent=144025"}],"wp:term":[{"taxonomy":"product_brand","embeddable":true,"href":"https:\/\/www.audacieuse-galerie.ch\/de\/wp-json\/wp\/v2\/product_brand?post=144025"},{"taxonomy":"product_cat","embeddable":true,"href":"https:\/\/www.audacieuse-galerie.ch\/de\/wp-json\/wp\/v2\/product_cat?post=144025"},{"taxonomy":"product_tag","embeddable":true,"href":"https:\/\/www.audacieuse-galerie.ch\/de\/wp-json\/wp\/v2\/product_tag?post=144025"}],"curies":[{"name":"wp","href":"https:\/\/api.w.org\/{rel}","templated":true}]}}