{"id":144074,"date":"2025-10-26T20:09:29","date_gmt":"2025-10-26T19:09:29","guid":{"rendered":"https:\/\/www.audacieuse-galerie.ch\/?post_type=product&#038;p=144074"},"modified":"2026-01-05T21:40:02","modified_gmt":"2026-01-05T20:40:02","slug":"3d-vogel-ohrring-mini-golden-anhanger-copie","status":"publish","type":"product","link":"https:\/\/www.audacieuse-galerie.ch\/de\/produit\/3d-vogel-ohrring-mini-golden-anhanger-copie\/","title":{"rendered":"3D Vogel Ohrring Mini Silber Farbe Anh\u00e4nger"},"content":{"rendered":"<p><strong>&#8222;Origami-Vogel&#8220; baumelnde Ohrringe \u2013 Entstehung in kleinen Serien<\/strong><br \/>\nDiese baumelnden Ohrringe, in Form eines Origami-Vogels, sind im 3D-Druck gestaltet und an einer silbernen Kette mit Stahlhaken aufgeh\u00e4ngt. Ein zartes und originelles Schmuckst\u00fcck, handgefertigt in kleinen Serien. Das verleiht Ihrem Stil einen Hauch von Leichtigkeit und Modernit\u00e4t.  <\/p>\n<p>Diese Ohrringe sind inspiriert von der alten Kunst des Origami. Jeder Vogel wird im 3D-Druck gestaltet und anschlie\u00dfend von Hand bemalt. Diese Kreation f\u00e4ngt die Sch\u00f6nheit des Papierfaltens in einem modernen, luftigen Design ein.   Das Aufh\u00e4ngen des Vogels an einer silbernen Kette, kombiniert mit einem silberfarbenen Stahlhaken, verleiht dem Ganzen eine gewisse Raffinesse und Haltbarkeit.<\/p>\n<p>Diese Ohrringe, die in kleinen Serien von ein paar Schmuckdesignern gefertigt wurden, sind die perfekte Mischung aus Zartheit und Charakter. Ihr einzigartiges Design macht jedes Paar zu einem exklusiven Accessoire, ideal f\u00fcr alle, die ein Schmuckst\u00fcck suchen, das sowohl elegant als auch bedeutungsvoll ist \u2013 sei es f\u00fcr einen besonderen Anlass oder um dem Alltag eine subtile Note zu verleihen. Sie werden Aufmerksamkeit erregen.   <\/p>\n","protected":false},"excerpt":{"rendered":"<p>&#8222;Origami-Vogel&#8220; baumelnde Ohrringe \u2013 Entstehung in kleinen Serien Diese baumelnden Ohrringe, in Form eines Origami-Vogels, sind im 3D-Druck gestaltet und&#8230;<\/p>\n","protected":false},"featured_media":144133,"comment_status":"open","ping_status":"closed","template":"","meta":{"_glsr_average":0,"_glsr_ranking":0,"_glsr_reviews":0,"jetpack_publicize_message":"","jetpack_publicize_feature_enabled":true,"jetpack_social_post_already_shared":true,"jetpack_social_options":{"image_generator_settings":{"template":"highway","default_image_id":0,"font":"","enabled":false},"version":2}},"product_brand":[],"product_cat":[96,105,102,168,2558],"product_tag":[],"class_list":{"0":"post-144074","1":"product","2":"type-product","3":"status-publish","4":"has-post-thumbnail","6":"product_cat-accessoires-von-schoepfern","7":"product_cat-geschenkideen-aus-pret-a-porter-und-accessoires-fuer-sie-fuer-ihn","8":"product_cat-im-schaufenster-in-carouge-gesehen","9":"product_cat-modische-schmuckstuecke","10":"product_cat-tochu-de-de","11":"pa_color-denim-de","12":"pa_color-fuchsiefarb-de","13":"pa_color-gelb-de","14":"pa_color-grau-de","15":"pa_color-grun-de","16":"pa_color-hellbeige-de","17":"pa_color-orange-de","18":"pa_color-rot-de","19":"pa_color-schwarz-de","20":"pa_color-turkis-de","21":"pa_color-ultramarineblau-de","22":"pa_color-weiss-de","24":"first","25":"onbackorder","26":"taxable","27":"shipping-taxable","28":"purchasable","29":"product-type-variable","30":"has-default-attributes"},"yoast_head":"<!-- This site is optimized with the Yoast SEO plugin v27.4 - https:\/\/yoast.com\/product\/yoast-seo-wordpress\/ -->\n<title>3D Vogel Ohrring Mini Silber Farbe Anh\u00e4nger - Audacieuse-Galerie<\/title>\n<meta name=\"description\" content=\"3D Vogel Ohrring Mini Silber Farbe Anh\u00e4nger - Audacieuse-Galerie\" \/>\n<meta name=\"robots\" content=\"index, follow, max-snippet:-1, max-image-preview:large, max-video-preview:-1\" \/>\n<link rel=\"canonical\" href=\"https:\/\/www.audacieuse-galerie.ch\/de\/produit\/3d-vogel-ohrring-mini-golden-anhanger-copie\/\" \/>\n<meta property=\"og:locale\" content=\"de_DE\" \/>\n<meta property=\"og:type\" content=\"article\" \/>\n<meta property=\"og:title\" content=\"3D Vogel Ohrring Mini Silber Farbe Anh\u00e4nger - Audacieuse-Galerie\" \/>\n<meta property=\"og:description\" content=\"3D Vogel Ohrring Mini Silber Farbe Anh\u00e4nger - Audacieuse-Galerie\" \/>\n<meta property=\"og:url\" content=\"https:\/\/www.audacieuse-galerie.ch\/de\/produit\/3d-vogel-ohrring-mini-golden-anhanger-copie\/\" \/>\n<meta property=\"og:site_name\" content=\"Audacieuse-Galerie\" \/>\n<meta property=\"article:publisher\" content=\"https:\/\/www.facebook.com\/audacieuse.galerie\" \/>\n<meta property=\"article:modified_time\" content=\"2026-01-05T20:40:02+00:00\" \/>\n<meta property=\"og:image\" content=\"https:\/\/www.audacieuse-galerie.ch\/wp-content\/uploads\/2025\/10\/boucle-oreille-oiseau-mini-birdy-blanc-argente-bijou-createur-1-1.webp\" \/>\n\t<meta property=\"og:image:width\" content=\"720\" \/>\n\t<meta property=\"og:image:height\" content=\"720\" \/>\n\t<meta property=\"og:image:type\" content=\"image\/webp\" \/>\n<meta name=\"twitter:card\" content=\"summary_large_image\" \/>\n<meta name=\"twitter:label1\" content=\"Gesch\u00e4tzte Lesezeit\" \/>\n\t<meta name=\"twitter:data1\" content=\"1 Minute\" \/>\n<script type=\"application\/ld+json\" class=\"yoast-schema-graph\">{\"@context\":\"https:\\\/\\\/schema.org\",\"@graph\":[{\"@type\":\"ImageObject\",\"inLanguage\":\"de\",\"@id\":\"https:\\\/\\\/www.audacieuse-galerie.ch\\\/de\\\/produit\\\/3d-vogel-ohrring-mini-golden-anhanger-copie\\\/#primaryimage\",\"url\":\"https:\\\/\\\/www.audacieuse-galerie.ch\\\/wp-content\\\/uploads\\\/2025\\\/10\\\/boucle-oreille-oiseau-mini-birdy-blanc-argente-bijou-createur-1-1.webp\",\"contentUrl\":\"https:\\\/\\\/www.audacieuse-galerie.ch\\\/wp-content\\\/uploads\\\/2025\\\/10\\\/boucle-oreille-oiseau-mini-birdy-blanc-argente-bijou-createur-1-1.webp\",\"width\":720,\"height\":720}]}<\/script>\n<!-- \/ Yoast SEO plugin. -->","yoast_head_json":{"title":"3D Vogel Ohrring Mini Silber Farbe Anh\u00e4nger - Audacieuse-Galerie","description":"3D Vogel Ohrring Mini Silber Farbe Anh\u00e4nger - Audacieuse-Galerie","robots":{"index":"index","follow":"follow","max-snippet":"max-snippet:-1","max-image-preview":"max-image-preview:large","max-video-preview":"max-video-preview:-1"},"canonical":"https:\/\/www.audacieuse-galerie.ch\/de\/produit\/3d-vogel-ohrring-mini-golden-anhanger-copie\/","og_locale":"de_DE","og_type":"article","og_title":"3D Vogel Ohrring Mini Silber Farbe Anh\u00e4nger - Audacieuse-Galerie","og_description":"3D Vogel Ohrring Mini Silber Farbe Anh\u00e4nger - Audacieuse-Galerie","og_url":"https:\/\/www.audacieuse-galerie.ch\/de\/produit\/3d-vogel-ohrring-mini-golden-anhanger-copie\/","og_site_name":"Audacieuse-Galerie","article_publisher":"https:\/\/www.facebook.com\/audacieuse.galerie","article_modified_time":"2026-01-05T20:40:02+00:00","og_image":[{"width":720,"height":720,"url":"https:\/\/www.audacieuse-galerie.ch\/wp-content\/uploads\/2025\/10\/boucle-oreille-oiseau-mini-birdy-blanc-argente-bijou-createur-1-1.webp","type":"image\/webp"}],"twitter_card":"summary_large_image","twitter_misc":{"Gesch\u00e4tzte Lesezeit":"1 Minute"},"schema":{"@context":"https:\/\/schema.org","@graph":[{"@type":"ImageObject","inLanguage":"de","@id":"https:\/\/www.audacieuse-galerie.ch\/de\/produit\/3d-vogel-ohrring-mini-golden-anhanger-copie\/#primaryimage","url":"https:\/\/www.audacieuse-galerie.ch\/wp-content\/uploads\/2025\/10\/boucle-oreille-oiseau-mini-birdy-blanc-argente-bijou-createur-1-1.webp","contentUrl":"https:\/\/www.audacieuse-galerie.ch\/wp-content\/uploads\/2025\/10\/boucle-oreille-oiseau-mini-birdy-blanc-argente-bijou-createur-1-1.webp","width":720,"height":720}]}},"jetpack_publicize_connections":[],"_links":{"self":[{"href":"https:\/\/www.audacieuse-galerie.ch\/de\/wp-json\/wp\/v2\/product\/144074","targetHints":{"allow":["GET"]}}],"collection":[{"href":"https:\/\/www.audacieuse-galerie.ch\/de\/wp-json\/wp\/v2\/product"}],"about":[{"href":"https:\/\/www.audacieuse-galerie.ch\/de\/wp-json\/wp\/v2\/types\/product"}],"replies":[{"embeddable":true,"href":"https:\/\/www.audacieuse-galerie.ch\/de\/wp-json\/wp\/v2\/comments?post=144074"}],"version-history":[{"count":0,"href":"https:\/\/www.audacieuse-galerie.ch\/de\/wp-json\/wp\/v2\/product\/144074\/revisions"}],"wp:featuredmedia":[{"embeddable":true,"href":"https:\/\/www.audacieuse-galerie.ch\/de\/wp-json\/wp\/v2\/media\/144133"}],"wp:attachment":[{"href":"https:\/\/www.audacieuse-galerie.ch\/de\/wp-json\/wp\/v2\/media?parent=144074"}],"wp:term":[{"taxonomy":"product_brand","embeddable":true,"href":"https:\/\/www.audacieuse-galerie.ch\/de\/wp-json\/wp\/v2\/product_brand?post=144074"},{"taxonomy":"product_cat","embeddable":true,"href":"https:\/\/www.audacieuse-galerie.ch\/de\/wp-json\/wp\/v2\/product_cat?post=144074"},{"taxonomy":"product_tag","embeddable":true,"href":"https:\/\/www.audacieuse-galerie.ch\/de\/wp-json\/wp\/v2\/product_tag?post=144074"}],"curies":[{"name":"wp","href":"https:\/\/api.w.org\/{rel}","templated":true}]}}