{"id":145966,"date":"2025-11-19T19:20:35","date_gmt":"2025-11-19T18:20:35","guid":{"rendered":"https:\/\/www.audacieuse-galerie.ch\/produit\/das-kleid-mit-perlen-und-pailletten-bestickt-leicht-in-seiner-midi-laenge\/"},"modified":"2025-11-23T16:26:03","modified_gmt":"2025-11-23T15:26:03","slug":"das-kleid-mit-perlen-und-pailletten-bestickt-leicht-in-seiner-midi-laenge","status":"publish","type":"product","link":"https:\/\/www.audacieuse-galerie.ch\/de\/produit\/das-kleid-mit-perlen-und-pailletten-bestickt-leicht-in-seiner-midi-laenge\/","title":{"rendered":"Das Kleid mit Perlen und Pailletten bestickt, leicht in seiner Midi-L\u00e4nge"},"content":{"rendered":"<p><strong>Materialien und Oberfl\u00e4chen: Eine Reise durch Texturen und subtile Details<\/strong><\/p>\n<p>Das Kleid ist ein wahres Werk der Textilkunst, gefertigt aus T\u00fcll, bestickt mit Perlen und Pailletten. Elegante Bl\u00e4tter verweben sich mit dezenten vertikalen Linien und schaffen zugleich ein organisches und grafisches Muster. <\/p>\n<p>Unter dieser T\u00fcllschicht hebt ein feines und dehnbares Jersey-Futter das St\u00fcck hervor. Dieser weiche und weiche Stoff schmiegt sich perfekt an die Kurven des K\u00f6rpers und sorgt f\u00fcr ein angenehmes Gef\u00fchl w\u00e4hrend des Tages oder Abends. Das Stretch-Futter aus feinem Jersey bietet ebenfalls gro\u00dfe Bewegungsfreiheit.  <\/p>\n<p><strong>Material:<\/strong> feiner T\u00fcll und Jersey in Polyester, Perlen und Pailletten<\/p>\n<p><strong>Reinigung: Empfohlen<\/strong> vom Reinigungsprofi (Dry Cleaning)<\/p>\n<p>Die Kombination dieser Materialien, besticktes T\u00fcll, Perlen und Pailletten sowie Stretchfutter schafft eine perfekte Harmonie zwischen \u00c4sthetik und Komfort. Jedes Detail, jede Textur reagiert aufeinander, verleiht dem Kleid einen einzigartigen Charakter und ein Finish von gro\u00dfer Finesse \u2013 ein Ergebnis, das zugleich elegant, anspruchsvoll und voller Bewegung ist. <\/p>\n<p>R\u00fccken mit <strong>einem unsichtbaren Rei\u00dfverschluss und einem kleinen Haken<\/strong> verschlossen.<\/p>\n<p><strong>Verstellbare Riemen<\/strong> , um das Oberteil perfekt zu justieren.<\/p>\n","protected":false},"excerpt":{"rendered":"<p>&nbsp;<\/p>\n<p><strong>Kleidung mit Spaghettitr\u00e4gern, bestickt mit Perlen und Pailletten \u2013 Eleganz und Raffinesse<\/strong><\/p>\n<p>Dieses kurze Kleid mit Spaghettitr\u00e4gern ist ein wahres Meisterwerk an Raffinesse und Weiblichkeit. Gefertigt aus zartem durchscheinendem T\u00fcll, sticht es durch seine unglaubliche Stickarbeit hervor. Vollst\u00e4ndig mit Perlen und Pailletten bestickt, f\u00e4ngt sie bei jeder Bewegung das Licht ein und erzeugt ein Spiegelspiel, das dem Ganzen Tiefe und Glanz verleiht. Die sorgf\u00e4ltig handgen\u00e4hten Perlen verleihen eine luxuri\u00f6se Textur, w\u00e4hrend die Pailletten einen subtilen, aber dennoch dramatischen Glanz verleihen.   <\/p>\n<p>Der leichte T\u00fcllunterboden ist mit einem feinen Netz gef\u00fcttert, das Komfort und Fluss gew\u00e4hrleistet und gleichzeitig ein weiches, bequemes Finish bietet.<\/p>\n<p>Die Taille ist dank des leicht blousonartigen Effekts des Oberteils sch\u00f6n markiert.<\/p>\n<p>Ob f\u00fcr einen eleganten Abend, eine schicke Cocktailparty oder ein besonderes Ereignis \u2013 dieses Kleid ist der Inbegriff von hochwertiger Handwerkskunst und zeitlosem Stil. <strong>Sie wird mit Leichtigkeit und Charme getragen und verleiht dabei eine subtile<\/strong>, aber kraftvolle Glamour-Dosis \u2013 perfekt f\u00fcr alle, die gl\u00e4nzen wollen.<\/p>\n","protected":false},"featured_media":145967,"comment_status":"open","ping_status":"closed","template":"","meta":{"_glsr_average":0,"_glsr_ranking":0,"_glsr_reviews":0,"jetpack_publicize_message":"","jetpack_publicize_feature_enabled":true,"jetpack_social_post_already_shared":true,"jetpack_social_options":{"image_generator_settings":{"template":"highway","default_image_id":0,"font":"","enabled":false},"version":2}},"product_brand":[],"product_cat":[2627,42,105,102,198],"product_tag":[],"class_list":{"0":"post-145966","1":"product","2":"type-product","3":"status-publish","4":"has-post-thumbnail","6":"product_cat-ceylon-barcelona","7":"product_cat-frauen-konfektionskleidung-und-modeaccessoires","8":"product_cat-geschenkideen-aus-pret-a-porter-und-accessoires-fuer-sie-fuer-ihn","9":"product_cat-im-schaufenster-in-carouge-gesehen","10":"product_cat-kleider-kurz-oder-lang-von-kreatoren","11":"pa_color-grau-de","12":"pa_color-rosa-de","13":"pa_taille-42_l-de","14":"pa_taille-46_xl-de","16":"first","17":"instock","18":"taxable","19":"shipping-taxable","20":"purchasable","21":"product-type-variable"},"yoast_head":"<!-- This site is optimized with the Yoast SEO plugin v27.4 - https:\/\/yoast.com\/product\/yoast-seo-wordpress\/ -->\n<title>Das Kleid mit Perlen und Pailletten bestickt, leicht in seiner Midi-L\u00e4nge - Audacieuse-Galerie<\/title>\n<meta name=\"description\" content=\"Perfektes Kleid f\u00fcr einen eleganten und eleganten Abend, bestickt mit Perlen und Pailletten\" \/>\n<meta name=\"robots\" content=\"index, follow, max-snippet:-1, max-image-preview:large, max-video-preview:-1\" \/>\n<link rel=\"canonical\" href=\"https:\/\/www.audacieuse-galerie.ch\/de\/produit\/das-kleid-mit-perlen-und-pailletten-bestickt-leicht-in-seiner-midi-laenge\/\" \/>\n<meta property=\"og:locale\" content=\"de_DE\" \/>\n<meta property=\"og:type\" content=\"article\" \/>\n<meta property=\"og:title\" content=\"Das Kleid mit Perlen und Pailletten bestickt, leicht in seiner Midi-L\u00e4nge - Audacieuse-Galerie\" \/>\n<meta property=\"og:description\" content=\"Perfektes Kleid f\u00fcr einen eleganten und eleganten Abend, bestickt mit Perlen und Pailletten\" \/>\n<meta property=\"og:url\" content=\"https:\/\/www.audacieuse-galerie.ch\/de\/produit\/das-kleid-mit-perlen-und-pailletten-bestickt-leicht-in-seiner-midi-laenge\/\" \/>\n<meta property=\"og:site_name\" content=\"Audacieuse-Galerie\" \/>\n<meta property=\"article:publisher\" content=\"https:\/\/www.facebook.com\/audacieuse.galerie\" \/>\n<meta property=\"article:modified_time\" content=\"2025-11-23T15:26:03+00:00\" \/>\n<meta property=\"og:image\" content=\"https:\/\/www.audacieuse-galerie.ch\/wp-content\/uploads\/2025\/11\/robe-coktail-rose-pastel-perle-broderie-1.webp\" \/>\n\t<meta property=\"og:image:width\" content=\"582\" \/>\n\t<meta property=\"og:image:height\" content=\"879\" \/>\n\t<meta property=\"og:image:type\" content=\"image\/webp\" \/>\n<meta name=\"twitter:card\" content=\"summary_large_image\" \/>\n<meta name=\"twitter:label1\" content=\"Gesch\u00e4tzte Lesezeit\" \/>\n\t<meta name=\"twitter:data1\" content=\"1 Minute\" \/>\n<script type=\"application\/ld+json\" class=\"yoast-schema-graph\">{\"@context\":\"https:\\\/\\\/schema.org\",\"@graph\":[{\"@type\":\"ImageObject\",\"inLanguage\":\"de\",\"@id\":\"https:\\\/\\\/www.audacieuse-galerie.ch\\\/de\\\/produit\\\/das-kleid-mit-perlen-und-pailletten-bestickt-leicht-in-seiner-midi-laenge\\\/#primaryimage\",\"url\":\"https:\\\/\\\/www.audacieuse-galerie.ch\\\/wp-content\\\/uploads\\\/2025\\\/11\\\/robe-coktail-rose-pastel-perle-broderie-1.webp\",\"contentUrl\":\"https:\\\/\\\/www.audacieuse-galerie.ch\\\/wp-content\\\/uploads\\\/2025\\\/11\\\/robe-coktail-rose-pastel-perle-broderie-1.webp\",\"width\":582,\"height\":879}]}<\/script>\n<!-- \/ Yoast SEO plugin. -->","yoast_head_json":{"title":"Das Kleid mit Perlen und Pailletten bestickt, leicht in seiner Midi-L\u00e4nge - Audacieuse-Galerie","description":"Perfektes Kleid f\u00fcr einen eleganten und eleganten Abend, bestickt mit Perlen und Pailletten","robots":{"index":"index","follow":"follow","max-snippet":"max-snippet:-1","max-image-preview":"max-image-preview:large","max-video-preview":"max-video-preview:-1"},"canonical":"https:\/\/www.audacieuse-galerie.ch\/de\/produit\/das-kleid-mit-perlen-und-pailletten-bestickt-leicht-in-seiner-midi-laenge\/","og_locale":"de_DE","og_type":"article","og_title":"Das Kleid mit Perlen und Pailletten bestickt, leicht in seiner Midi-L\u00e4nge - Audacieuse-Galerie","og_description":"Perfektes Kleid f\u00fcr einen eleganten und eleganten Abend, bestickt mit Perlen und Pailletten","og_url":"https:\/\/www.audacieuse-galerie.ch\/de\/produit\/das-kleid-mit-perlen-und-pailletten-bestickt-leicht-in-seiner-midi-laenge\/","og_site_name":"Audacieuse-Galerie","article_publisher":"https:\/\/www.facebook.com\/audacieuse.galerie","article_modified_time":"2025-11-23T15:26:03+00:00","og_image":[{"width":582,"height":879,"url":"https:\/\/www.audacieuse-galerie.ch\/wp-content\/uploads\/2025\/11\/robe-coktail-rose-pastel-perle-broderie-1.webp","type":"image\/webp"}],"twitter_card":"summary_large_image","twitter_misc":{"Gesch\u00e4tzte Lesezeit":"1 Minute"},"schema":{"@context":"https:\/\/schema.org","@graph":[{"@type":"ImageObject","inLanguage":"de","@id":"https:\/\/www.audacieuse-galerie.ch\/de\/produit\/das-kleid-mit-perlen-und-pailletten-bestickt-leicht-in-seiner-midi-laenge\/#primaryimage","url":"https:\/\/www.audacieuse-galerie.ch\/wp-content\/uploads\/2025\/11\/robe-coktail-rose-pastel-perle-broderie-1.webp","contentUrl":"https:\/\/www.audacieuse-galerie.ch\/wp-content\/uploads\/2025\/11\/robe-coktail-rose-pastel-perle-broderie-1.webp","width":582,"height":879}]}},"jetpack_publicize_connections":[],"_links":{"self":[{"href":"https:\/\/www.audacieuse-galerie.ch\/de\/wp-json\/wp\/v2\/product\/145966","targetHints":{"allow":["GET"]}}],"collection":[{"href":"https:\/\/www.audacieuse-galerie.ch\/de\/wp-json\/wp\/v2\/product"}],"about":[{"href":"https:\/\/www.audacieuse-galerie.ch\/de\/wp-json\/wp\/v2\/types\/product"}],"replies":[{"embeddable":true,"href":"https:\/\/www.audacieuse-galerie.ch\/de\/wp-json\/wp\/v2\/comments?post=145966"}],"version-history":[{"count":0,"href":"https:\/\/www.audacieuse-galerie.ch\/de\/wp-json\/wp\/v2\/product\/145966\/revisions"}],"wp:featuredmedia":[{"embeddable":true,"href":"https:\/\/www.audacieuse-galerie.ch\/de\/wp-json\/wp\/v2\/media\/145967"}],"wp:attachment":[{"href":"https:\/\/www.audacieuse-galerie.ch\/de\/wp-json\/wp\/v2\/media?parent=145966"}],"wp:term":[{"taxonomy":"product_brand","embeddable":true,"href":"https:\/\/www.audacieuse-galerie.ch\/de\/wp-json\/wp\/v2\/product_brand?post=145966"},{"taxonomy":"product_cat","embeddable":true,"href":"https:\/\/www.audacieuse-galerie.ch\/de\/wp-json\/wp\/v2\/product_cat?post=145966"},{"taxonomy":"product_tag","embeddable":true,"href":"https:\/\/www.audacieuse-galerie.ch\/de\/wp-json\/wp\/v2\/product_tag?post=145966"}],"curies":[{"name":"wp","href":"https:\/\/api.w.org\/{rel}","templated":true}]}}