{"id":146154,"date":"2025-11-23T16:27:18","date_gmt":"2025-11-23T15:27:18","guid":{"rendered":"https:\/\/www.audacieuse-galerie.ch\/?post_type=product&#038;p=146154"},"modified":"2026-03-02T15:54:59","modified_gmt":"2026-03-02T14:54:59","slug":"das-kleid-mit-perlen-und-pailletten-bestickt-leicht-in-seiner-midi-lange-copie","status":"publish","type":"product","link":"https:\/\/www.audacieuse-galerie.ch\/de\/produit\/das-kleid-mit-perlen-und-pailletten-bestickt-leicht-in-seiner-midi-lange-copie\/","title":{"rendered":"Langes, marineblaues Kleid, mit Perlen und Laubmuster an den St\u00e4ngeln bestickt"},"content":{"rendered":"<p>Bereichern Sie Ihre Abende mit diesem <strong>marineblauen Maxikleid<\/strong> von seltener Eleganz. Aus <strong>T\u00fcll gefertigt, fein mit Perlen bestickt, die<\/strong> ein zartes Laubmuster bilden, bietet es bei jeder Bewegung einen leuchtenden und raffinierten Look.<br \/>\nDer <strong>eingeschnittene Schnitt an der Taille<\/strong> betont die Silhouette dezent, w\u00e4hrend das <strong>Stretchfutter mit Laubmuster<\/strong> den ganzen Abend \u00fcber f\u00fcr absoluten Komfort sorgt.<\/p>\n<p>Ideal f\u00fcr eine Gala, eine Hochzeit oder ein au\u00dfergew\u00f6hnliches Ereignis vereint dieses Kleid <strong>handwerkliche Finesse<\/strong>, modernen Komfort und zeitlose Ausstrahlung. Ein St\u00fcck, das die Aufmerksamkeit f\u00e4ngt, ohne es jemals zu \u00fcbertreiben. <\/p>\n<p><strong>Material:<\/strong> feiner T\u00fcll und Polyesterjersey, Perlen<\/p>\n<p><strong>Reinigung:<\/strong> Empfohlene professionelle Reinigung<\/p>\n<p><strong>Verschluss:<\/strong> R\u00fccken geschlossen mit <strong>einem unsichtbaren Rei\u00dfverschluss und einem kleinen Haken<\/strong>.<\/p>\n<p><strong>Verstellbare Riemen<\/strong> , um das Oberteil perfekt zu justieren.<\/p>\n","protected":false},"excerpt":{"rendered":"<p>Ein langes Abendkleid aus marineblauem T\u00fcll, mit Perlen bestickt, an der Taille eingezogen und mit einem Stretchstoff mit Laubmuster gef\u00fcttert. Eleganz, Komfort und Glanz garantiert zu all Ihren Anl\u00e4ssen.<br \/>\n<strong>Kleidung mit Spaghettitr\u00e4gern, bestickt mit Perlen und Pailletten \u2013 Eleganz und Raffinesse<\/strong><\/p>\n<p>Dieses kurze Kleid mit Spaghettitr\u00e4gern ist ein wahres Meisterwerk an Raffinesse und Weiblichkeit. Gefertigt aus zartem durchscheinendem T\u00fcll, sticht es durch seine unglaubliche Stickarbeit hervor. Vollst\u00e4ndig mit Perlen und Pailletten bestickt, f\u00e4ngt sie bei jeder Bewegung das Licht ein und erzeugt ein Spiegelspiel, das dem Ganzen Tiefe und Glanz verleiht. Die sorgf\u00e4ltig handgen\u00e4hten Perlen verleihen eine luxuri\u00f6se Textur, w\u00e4hrend die Pailletten einen subtilen, aber dennoch dramatischen Glanz verleihen.   <\/p>\n<p>Der leichte T\u00fcllunterboden ist mit einem feinen Netz gef\u00fcttert, das Komfort und Fluss gew\u00e4hrleistet und gleichzeitig ein weiches, bequemes Finish bietet.<\/p>\n<p>Die Taille ist dank des leicht blousonartigen Effekts des Oberteils sch\u00f6n markiert.<\/p>\n<p>Ob f\u00fcr einen eleganten Abend, eine schicke Cocktailparty oder ein besonderes Ereignis \u2013 dieses Kleid ist der Inbegriff von hochwertiger Handwerkskunst und zeitlosem Stil. <strong>Sie wird mit Leichtigkeit und Charme getragen und verleiht dabei eine subtile<\/strong>, aber kraftvolle Glamour-Dosis \u2013 perfekt f\u00fcr alle, die gl\u00e4nzen wollen.<\/p>\n","protected":false},"featured_media":150278,"comment_status":"open","ping_status":"closed","template":"","meta":{"_glsr_average":0,"_glsr_ranking":0,"_glsr_reviews":0,"jetpack_publicize_message":"","jetpack_publicize_feature_enabled":true,"jetpack_social_post_already_shared":true,"jetpack_social_options":{"image_generator_settings":{"template":"highway","default_image_id":0,"font":"","enabled":false},"version":2}},"product_brand":[],"product_cat":[2627,42,198,72],"product_tag":[],"class_list":{"0":"post-146154","1":"product","2":"type-product","3":"status-publish","4":"has-post-thumbnail","6":"product_cat-ceylon-barcelona","7":"product_cat-frauen-konfektionskleidung-und-modeaccessoires","8":"product_cat-kleider-kurz-oder-lang-von-kreatoren","9":"product_cat-pret-a-porter-frau","10":"pa_color-marineblau-de","11":"pa_taille-38_m-de","13":"first","14":"instock","15":"taxable","16":"shipping-taxable","17":"purchasable","18":"product-type-variable","19":"has-default-attributes"},"yoast_head":"<!-- This site is optimized with the Yoast SEO plugin v27.4 - https:\/\/yoast.com\/product\/yoast-seo-wordpress\/ -->\n<title>Langes T\u00fcllkleid, bestickt mit marineblauen Perlen.<\/title>\n<meta name=\"description\" content=\"Langes, marineblaues Kleid, perfekt f\u00fcr einen eleganten und eleganten Abend, mit Perlen bestickt. Dieses marineblaue Abendkleid besteht aus besticktem und gef\u00fcttertem T\u00fcll.\" \/>\n<meta name=\"robots\" content=\"index, follow, max-snippet:-1, max-image-preview:large, max-video-preview:-1\" \/>\n<link rel=\"canonical\" href=\"https:\/\/www.audacieuse-galerie.ch\/de\/produit\/das-kleid-mit-perlen-und-pailletten-bestickt-leicht-in-seiner-midi-lange-copie\/\" \/>\n<meta property=\"og:locale\" content=\"de_DE\" \/>\n<meta property=\"og:type\" content=\"article\" \/>\n<meta property=\"og:title\" content=\"Langes T\u00fcllkleid, bestickt mit marineblauen Perlen.\" \/>\n<meta property=\"og:description\" content=\"Langes, marineblaues Kleid, perfekt f\u00fcr einen eleganten und eleganten Abend, mit Perlen bestickt. Dieses marineblaue Abendkleid besteht aus besticktem und gef\u00fcttertem T\u00fcll.\" \/>\n<meta property=\"og:url\" content=\"https:\/\/www.audacieuse-galerie.ch\/de\/produit\/das-kleid-mit-perlen-und-pailletten-bestickt-leicht-in-seiner-midi-lange-copie\/\" \/>\n<meta property=\"og:site_name\" content=\"Audacieuse-Galerie\" \/>\n<meta property=\"article:publisher\" content=\"https:\/\/www.facebook.com\/audacieuse.galerie\" \/>\n<meta property=\"article:modified_time\" content=\"2026-03-02T14:54:59+00:00\" \/>\n<meta property=\"og:image\" content=\"https:\/\/www.audacieuse-galerie.ch\/wp-content\/uploads\/2025\/11\/robe-coktail-marine-perle-broderie-2.png\" \/>\n\t<meta property=\"og:image:width\" content=\"1000\" \/>\n\t<meta property=\"og:image:height\" content=\"1510\" \/>\n\t<meta property=\"og:image:type\" content=\"image\/png\" \/>\n<meta name=\"twitter:card\" content=\"summary_large_image\" \/>\n<meta name=\"twitter:label1\" content=\"Gesch\u00e4tzte Lesezeit\" \/>\n\t<meta name=\"twitter:data1\" content=\"1 Minute\" \/>\n<script type=\"application\/ld+json\" class=\"yoast-schema-graph\">{\"@context\":\"https:\\\/\\\/schema.org\",\"@graph\":[{\"@type\":\"ImageObject\",\"inLanguage\":\"de\",\"@id\":\"https:\\\/\\\/www.audacieuse-galerie.ch\\\/de\\\/produit\\\/das-kleid-mit-perlen-und-pailletten-bestickt-leicht-in-seiner-midi-lange-copie\\\/#primaryimage\",\"url\":\"https:\\\/\\\/www.audacieuse-galerie.ch\\\/wp-content\\\/uploads\\\/2025\\\/11\\\/robe-coktail-marine-perle-broderie-2.png\",\"contentUrl\":\"https:\\\/\\\/www.audacieuse-galerie.ch\\\/wp-content\\\/uploads\\\/2025\\\/11\\\/robe-coktail-marine-perle-broderie-2.png\",\"width\":1000,\"height\":1510}]}<\/script>\n<!-- \/ Yoast SEO plugin. -->","yoast_head_json":{"title":"Langes T\u00fcllkleid, bestickt mit marineblauen Perlen.","description":"Langes, marineblaues Kleid, perfekt f\u00fcr einen eleganten und eleganten Abend, mit Perlen bestickt. Dieses marineblaue Abendkleid besteht aus besticktem und gef\u00fcttertem T\u00fcll.","robots":{"index":"index","follow":"follow","max-snippet":"max-snippet:-1","max-image-preview":"max-image-preview:large","max-video-preview":"max-video-preview:-1"},"canonical":"https:\/\/www.audacieuse-galerie.ch\/de\/produit\/das-kleid-mit-perlen-und-pailletten-bestickt-leicht-in-seiner-midi-lange-copie\/","og_locale":"de_DE","og_type":"article","og_title":"Langes T\u00fcllkleid, bestickt mit marineblauen Perlen.","og_description":"Langes, marineblaues Kleid, perfekt f\u00fcr einen eleganten und eleganten Abend, mit Perlen bestickt. Dieses marineblaue Abendkleid besteht aus besticktem und gef\u00fcttertem T\u00fcll.","og_url":"https:\/\/www.audacieuse-galerie.ch\/de\/produit\/das-kleid-mit-perlen-und-pailletten-bestickt-leicht-in-seiner-midi-lange-copie\/","og_site_name":"Audacieuse-Galerie","article_publisher":"https:\/\/www.facebook.com\/audacieuse.galerie","article_modified_time":"2026-03-02T14:54:59+00:00","og_image":[{"width":1000,"height":1510,"url":"https:\/\/www.audacieuse-galerie.ch\/wp-content\/uploads\/2025\/11\/robe-coktail-marine-perle-broderie-2.png","type":"image\/png"}],"twitter_card":"summary_large_image","twitter_misc":{"Gesch\u00e4tzte Lesezeit":"1 Minute"},"schema":{"@context":"https:\/\/schema.org","@graph":[{"@type":"ImageObject","inLanguage":"de","@id":"https:\/\/www.audacieuse-galerie.ch\/de\/produit\/das-kleid-mit-perlen-und-pailletten-bestickt-leicht-in-seiner-midi-lange-copie\/#primaryimage","url":"https:\/\/www.audacieuse-galerie.ch\/wp-content\/uploads\/2025\/11\/robe-coktail-marine-perle-broderie-2.png","contentUrl":"https:\/\/www.audacieuse-galerie.ch\/wp-content\/uploads\/2025\/11\/robe-coktail-marine-perle-broderie-2.png","width":1000,"height":1510}]}},"jetpack_publicize_connections":[],"_links":{"self":[{"href":"https:\/\/www.audacieuse-galerie.ch\/de\/wp-json\/wp\/v2\/product\/146154","targetHints":{"allow":["GET"]}}],"collection":[{"href":"https:\/\/www.audacieuse-galerie.ch\/de\/wp-json\/wp\/v2\/product"}],"about":[{"href":"https:\/\/www.audacieuse-galerie.ch\/de\/wp-json\/wp\/v2\/types\/product"}],"replies":[{"embeddable":true,"href":"https:\/\/www.audacieuse-galerie.ch\/de\/wp-json\/wp\/v2\/comments?post=146154"}],"version-history":[{"count":0,"href":"https:\/\/www.audacieuse-galerie.ch\/de\/wp-json\/wp\/v2\/product\/146154\/revisions"}],"wp:featuredmedia":[{"embeddable":true,"href":"https:\/\/www.audacieuse-galerie.ch\/de\/wp-json\/wp\/v2\/media\/150278"}],"wp:attachment":[{"href":"https:\/\/www.audacieuse-galerie.ch\/de\/wp-json\/wp\/v2\/media?parent=146154"}],"wp:term":[{"taxonomy":"product_brand","embeddable":true,"href":"https:\/\/www.audacieuse-galerie.ch\/de\/wp-json\/wp\/v2\/product_brand?post=146154"},{"taxonomy":"product_cat","embeddable":true,"href":"https:\/\/www.audacieuse-galerie.ch\/de\/wp-json\/wp\/v2\/product_cat?post=146154"},{"taxonomy":"product_tag","embeddable":true,"href":"https:\/\/www.audacieuse-galerie.ch\/de\/wp-json\/wp\/v2\/product_tag?post=146154"}],"curies":[{"name":"wp","href":"https:\/\/api.w.org\/{rel}","templated":true}]}}