{"id":149071,"date":"2025-04-08T20:01:05","date_gmt":"2025-04-08T18:01:05","guid":{"rendered":"https:\/\/www.audacieuse-galerie.ch\/produit\/korallenroter-gewebter-organza-seidenschal\/"},"modified":"2025-04-08T20:01:05","modified_gmt":"2025-04-08T18:01:05","slug":"korallenroter-gewebter-organza-seidenschal","status":"publish","type":"product","link":"https:\/\/www.audacieuse-galerie.ch\/de\/produit\/korallenroter-gewebter-organza-seidenschal\/","title":{"rendered":"Korallenroter gewebter Organza-Seidenschal"},"content":{"rendered":"<p>Zart und leuchtend verk\u00f6rpert dieser rechteckige Schal aus gef\u00fctterter Seidenorganza zeitgen\u00f6ssische Eleganz und ist dabei leicht. Sein lebendiger korallorangefarbener Farbton verleiht W\u00e4rme und Charakter, w\u00e4hrend die subtile Transparenz der Organza ein feines, luftiges Lichtspiel erzeugt. <\/p>\n<p>Entworfen von einer Schweizer Designwerkstatt, ist dieser Schal Teil eines handwerklichen Ansatzes, der auf edle Materialien und feine Details achtet. Seine feine und flie\u00dfende Textur erm\u00f6glicht es, es auf verschiedene Arten zu tragen: um den Hals gebunden f\u00fcr eine elegante Note, auf den Schultern wie ein leichter Nebel oder in eine k\u00fcnstlerischere Silhouette integriert. <\/p>\n<p>Sein rechteckiges Format bietet gro\u00dfe Stilfreiheit und passt sowohl zu einem minimalistischen Outfit als auch zu einem ausdrucksst\u00e4rkeren Ensemble. Ein zeitloses und einzigartiges Werk, das eine freie und kreative Weiblichkeit offenbart, zwischen Sanftheit, Modernit\u00e4t und Charakter. <\/p>\n<p><strong>Details:<\/strong><\/p>\n<ul>\n<li>Material: gef\u00fctterte Seidenorganza<\/li>\n<li>Farbe: Korallenorange<\/li>\n<li>Format: Rechteck<\/li>\n<li>Schweizer Sch\u00f6pfung \u2013 Atelier Audacieuse Galerie<\/li>\n<li>Leicht, transparent und hell<\/li>\n<\/ul>\n","protected":false},"excerpt":{"rendered":"<p>Rechteckiger Schal aus gef\u00fctterter Seidenorganza, leuchtend korallenorangefarben. Schweizer Kreation Atelier Audacieuse Galerie, leicht, luftig und raffiniert, ideal, um eine Silhouette mit Zartheit und Modernit\u00e4t zu sublimieren. <\/p>\n","protected":false},"featured_media":149072,"comment_status":"open","ping_status":"closed","template":"","meta":{"_glsr_average":0,"_glsr_ranking":0,"_glsr_reviews":0,"jetpack_publicize_message":"","jetpack_publicize_feature_enabled":true,"jetpack_social_post_already_shared":true,"jetpack_social_options":{"image_generator_settings":{"template":"highway","default_image_id":0,"font":"","enabled":false},"version":2}},"product_brand":[],"product_cat":[42,105,102,2607,174],"product_tag":[],"class_list":{"0":"post-149071","1":"product","2":"type-product","3":"status-publish","4":"has-post-thumbnail","6":"product_cat-frauen-konfektionskleidung-und-modeaccessoires","7":"product_cat-geschenkideen-aus-pret-a-porter-und-accessoires-fuer-sie-fuer-ihn","8":"product_cat-im-schaufenster-in-carouge-gesehen","9":"product_cat-kuhne-mode-und-accessoires-galerie","10":"product_cat-seidentuecher-und-stolen","12":"first","13":"instock","14":"taxable","15":"shipping-taxable","16":"purchasable","17":"product-type-simple"},"yoast_head":"<!-- This site is optimized with the Yoast SEO plugin v27.4 - https:\/\/yoast.com\/product\/yoast-seo-wordpress\/ -->\n<title>Korallenroter gewebter Organza-Seidenschal - Audacieuse-Galerie<\/title>\n<meta name=\"description\" content=\"Schweizer Designer-Seidenschal gewebt Organza Rot Koralle Orange\" \/>\n<meta name=\"robots\" content=\"index, follow, max-snippet:-1, max-image-preview:large, max-video-preview:-1\" \/>\n<link rel=\"canonical\" href=\"https:\/\/www.audacieuse-galerie.ch\/de\/produit\/korallenroter-gewebter-organza-seidenschal\/\" \/>\n<meta property=\"og:locale\" content=\"de_DE\" \/>\n<meta property=\"og:type\" content=\"article\" \/>\n<meta property=\"og:title\" content=\"Korallenroter gewebter Organza-Seidenschal - Audacieuse-Galerie\" \/>\n<meta property=\"og:description\" content=\"Schweizer Designer-Seidenschal gewebt Organza Rot Koralle Orange\" \/>\n<meta property=\"og:url\" content=\"https:\/\/www.audacieuse-galerie.ch\/de\/produit\/korallenroter-gewebter-organza-seidenschal\/\" \/>\n<meta property=\"og:site_name\" content=\"Audacieuse-Galerie\" \/>\n<meta property=\"article:publisher\" content=\"https:\/\/www.facebook.com\/audacieuse.galerie\" \/>\n<meta property=\"og:image\" content=\"https:\/\/www.audacieuse-galerie.ch\/wp-content\/uploads\/2025\/04\/foulard-soie-tissage-organza-corail-rouge-orange-1-scaled.jpg\" \/>\n\t<meta property=\"og:image:width\" content=\"2560\" \/>\n\t<meta property=\"og:image:height\" content=\"1441\" \/>\n\t<meta property=\"og:image:type\" content=\"image\/jpeg\" \/>\n<meta name=\"twitter:card\" content=\"summary_large_image\" \/>\n<meta name=\"twitter:label1\" content=\"Gesch\u00e4tzte Lesezeit\" \/>\n\t<meta name=\"twitter:data1\" content=\"1 Minute\" \/>\n<script type=\"application\/ld+json\" class=\"yoast-schema-graph\">{\"@context\":\"https:\\\/\\\/schema.org\",\"@graph\":[{\"@type\":\"ImageObject\",\"inLanguage\":\"de\",\"@id\":\"https:\\\/\\\/www.audacieuse-galerie.ch\\\/de\\\/produit\\\/korallenroter-gewebter-organza-seidenschal\\\/#primaryimage\",\"url\":\"https:\\\/\\\/www.audacieuse-galerie.ch\\\/wp-content\\\/uploads\\\/2025\\\/04\\\/foulard-soie-tissage-organza-corail-rouge-orange-1-scaled.jpg\",\"contentUrl\":\"https:\\\/\\\/www.audacieuse-galerie.ch\\\/wp-content\\\/uploads\\\/2025\\\/04\\\/foulard-soie-tissage-organza-corail-rouge-orange-1-scaled.jpg\",\"width\":2560,\"height\":1441}]}<\/script>\n<!-- \/ Yoast SEO plugin. -->","yoast_head_json":{"title":"Korallenroter gewebter Organza-Seidenschal - Audacieuse-Galerie","description":"Schweizer Designer-Seidenschal gewebt Organza Rot Koralle Orange","robots":{"index":"index","follow":"follow","max-snippet":"max-snippet:-1","max-image-preview":"max-image-preview:large","max-video-preview":"max-video-preview:-1"},"canonical":"https:\/\/www.audacieuse-galerie.ch\/de\/produit\/korallenroter-gewebter-organza-seidenschal\/","og_locale":"de_DE","og_type":"article","og_title":"Korallenroter gewebter Organza-Seidenschal - Audacieuse-Galerie","og_description":"Schweizer Designer-Seidenschal gewebt Organza Rot Koralle Orange","og_url":"https:\/\/www.audacieuse-galerie.ch\/de\/produit\/korallenroter-gewebter-organza-seidenschal\/","og_site_name":"Audacieuse-Galerie","article_publisher":"https:\/\/www.facebook.com\/audacieuse.galerie","og_image":[{"width":2560,"height":1441,"url":"https:\/\/www.audacieuse-galerie.ch\/wp-content\/uploads\/2025\/04\/foulard-soie-tissage-organza-corail-rouge-orange-1-scaled.jpg","type":"image\/jpeg"}],"twitter_card":"summary_large_image","twitter_misc":{"Gesch\u00e4tzte Lesezeit":"1 Minute"},"schema":{"@context":"https:\/\/schema.org","@graph":[{"@type":"ImageObject","inLanguage":"de","@id":"https:\/\/www.audacieuse-galerie.ch\/de\/produit\/korallenroter-gewebter-organza-seidenschal\/#primaryimage","url":"https:\/\/www.audacieuse-galerie.ch\/wp-content\/uploads\/2025\/04\/foulard-soie-tissage-organza-corail-rouge-orange-1-scaled.jpg","contentUrl":"https:\/\/www.audacieuse-galerie.ch\/wp-content\/uploads\/2025\/04\/foulard-soie-tissage-organza-corail-rouge-orange-1-scaled.jpg","width":2560,"height":1441}]}},"jetpack_publicize_connections":[],"_links":{"self":[{"href":"https:\/\/www.audacieuse-galerie.ch\/de\/wp-json\/wp\/v2\/product\/149071","targetHints":{"allow":["GET"]}}],"collection":[{"href":"https:\/\/www.audacieuse-galerie.ch\/de\/wp-json\/wp\/v2\/product"}],"about":[{"href":"https:\/\/www.audacieuse-galerie.ch\/de\/wp-json\/wp\/v2\/types\/product"}],"replies":[{"embeddable":true,"href":"https:\/\/www.audacieuse-galerie.ch\/de\/wp-json\/wp\/v2\/comments?post=149071"}],"version-history":[{"count":0,"href":"https:\/\/www.audacieuse-galerie.ch\/de\/wp-json\/wp\/v2\/product\/149071\/revisions"}],"wp:featuredmedia":[{"embeddable":true,"href":"https:\/\/www.audacieuse-galerie.ch\/de\/wp-json\/wp\/v2\/media\/149072"}],"wp:attachment":[{"href":"https:\/\/www.audacieuse-galerie.ch\/de\/wp-json\/wp\/v2\/media?parent=149071"}],"wp:term":[{"taxonomy":"product_brand","embeddable":true,"href":"https:\/\/www.audacieuse-galerie.ch\/de\/wp-json\/wp\/v2\/product_brand?post=149071"},{"taxonomy":"product_cat","embeddable":true,"href":"https:\/\/www.audacieuse-galerie.ch\/de\/wp-json\/wp\/v2\/product_cat?post=149071"},{"taxonomy":"product_tag","embeddable":true,"href":"https:\/\/www.audacieuse-galerie.ch\/de\/wp-json\/wp\/v2\/product_tag?post=149071"}],"curies":[{"name":"wp","href":"https:\/\/api.w.org\/{rel}","templated":true}]}}