{"id":149111,"date":"2026-02-14T17:48:59","date_gmt":"2026-02-14T16:48:59","guid":{"rendered":"https:\/\/www.audacieuse-galerie.ch\/produit\/149111\/"},"modified":"2026-02-14T20:45:11","modified_gmt":"2026-02-14T19:45:11","slug":"149111","status":"publish","type":"product","link":"https:\/\/www.audacieuse-galerie.ch\/de\/produit\/149111\/","title":{"rendered":"Elegantes und raffiniertes cremewei\u00dfes Spitzenoberteil"},"content":{"rendered":"<h3>Off-white Spitzenoberteil \u2013 pure Eleganz und raffinierte Details<\/h3>\n<p>Bringen Sie mit diesem <strong>cremewei\u00dfen Spitzenoberteil<\/strong> mit femininem und zeitlosem Design einen Hauch von Zartheit in Ihre Garderobe. Entworfen aus transparenter Spitze mit einem regelm\u00e4\u00dfigen Blumenmuster, bietet er eine perfekte Balance zwischen Leichtigkeit, Raffinesse und Modernit\u00e4t. <\/p>\n<p>Die <strong>kurzen \u00c4rmel<\/strong> sorgen f\u00fcr Komfort und Beweglichkeit, w\u00e4hrend der runde Ausschnitt betont wird. Die Oberfl\u00e4chen der L\u00e4ngen mit gewelltem Rand der Spitze heben das Modell hervor. R\u00fccken sorgt ein sichtbarer Rei\u00dfverschluss in der Mitte f\u00fcr eine zeitgem\u00e4\u00dfe Note und macht das Anziehen einfach.  <\/p>\n<ul>\n<li>Transparentes Spitzenoberteil mit regelm\u00e4\u00dfigem Blumenmuster<\/li>\n<li>Farbe: cremefarben, weich und leicht zu kombinieren<\/li>\n<li>Elegante Kurz\u00e4rmel<\/li>\n<li>Hoher runder Ausschnitt<\/li>\n<li>Sichtbarer Rei\u00dfverschluss in der Mitte hinten<\/li>\n<li>Weiblicher und eleganter Schnitt<\/li>\n<\/ul>\n<p>Dieses Spitzenoberteil kann mit Anzughosen f\u00fcr ein elegantes Outfit oder mit Jeans oder einem Rock f\u00fcr einen <strong>l\u00e4ssigeren und romantischeren<\/strong> Look getragen werden. Ideal als Schicht \u00fcber einem Oberteil oder feine Dessous, je nach gew\u00fcnschtem Effekt. <\/p>\n<h3><\/h3>\n","protected":false},"excerpt":{"rendered":"<p>Off-white Spitzenoberteil, kurze \u00c4rmel und elegantes Transparent mit einem regelm\u00e4\u00dfigen Blumenmuster, das am Saum gewellt ist. Runder Ausschnitt und sichtbarer Rei\u00dfverschluss in der Mitte des R\u00fcckens f\u00fcr einen modernen Akzent. Ein feminines und raffiniertes St\u00fcck, ideal f\u00fcr schicke Schichtungen oder zarte Alltagsoutfits.  <\/p>\n","protected":false},"featured_media":149112,"comment_status":"open","ping_status":"closed","template":"","meta":{"jetpack_publicize_message":"","jetpack_publicize_feature_enabled":true,"jetpack_social_post_already_shared":true,"jetpack_social_options":{"image_generator_settings":{"template":"highway","default_image_id":0,"font":"","enabled":false},"version":2}},"product_brand":[],"product_cat":[102,123,72],"product_tag":[],"class_list":{"0":"post-149111","1":"product","2":"type-product","3":"status-publish","4":"has-post-thumbnail","6":"product_cat-im-schaufenster-in-carouge-gesehen","7":"product_cat-oberteile-hemdblusen-und-blusen","8":"product_cat-pret-a-porter-frau","9":"pa_color-weiss-de","10":"pa_taille-36_s-de","11":"pa_taille-38_m-de","12":"pa_taille-42_l-de","14":"first","15":"instock","16":"taxable","17":"shipping-taxable","18":"purchasable","19":"product-type-variable"},"yoast_head":"<!-- This site is optimized with the Yoast SEO plugin v27.3 - https:\/\/yoast.com\/product\/yoast-seo-wordpress\/ -->\n<title>Spitzenoberteil f\u00fcr Damen \u2013 cremefarbenes transparentes Blume<\/title>\n<meta name=\"description\" content=\"Spitzenoberteil f\u00fcr Damen \u2013 cremefarbenes transparentes Blume\" \/>\n<meta name=\"robots\" content=\"index, follow, max-snippet:-1, max-image-preview:large, max-video-preview:-1\" \/>\n<link rel=\"canonical\" href=\"https:\/\/www.audacieuse-galerie.ch\/de\/produit\/149111\/\" \/>\n<meta property=\"og:locale\" content=\"de_DE\" \/>\n<meta property=\"og:type\" content=\"article\" \/>\n<meta property=\"og:title\" content=\"Spitzenoberteil f\u00fcr Damen \u2013 cremefarbenes transparentes Blume\" \/>\n<meta property=\"og:description\" content=\"Spitzenoberteil f\u00fcr Damen \u2013 cremefarbenes transparentes Blume\" \/>\n<meta property=\"og:url\" content=\"https:\/\/www.audacieuse-galerie.ch\/de\/produit\/149111\/\" \/>\n<meta property=\"og:site_name\" content=\"Audacieuse-Galerie\" \/>\n<meta property=\"article:publisher\" content=\"https:\/\/www.facebook.com\/audacieuse.galerie\" \/>\n<meta property=\"article:modified_time\" content=\"2026-02-14T19:45:11+00:00\" \/>\n<meta property=\"og:image\" content=\"https:\/\/www.audacieuse-galerie.ch\/wp-content\/uploads\/2026\/02\/29696_ECRU4.webp\" \/>\n\t<meta property=\"og:image:width\" content=\"800\" \/>\n\t<meta property=\"og:image:height\" content=\"1200\" \/>\n\t<meta property=\"og:image:type\" content=\"image\/webp\" \/>\n<meta name=\"twitter:card\" content=\"summary_large_image\" \/>\n<meta name=\"twitter:label1\" content=\"Gesch\u00e4tzte Lesezeit\" \/>\n\t<meta name=\"twitter:data1\" content=\"1 Minute\" \/>\n<script type=\"application\/ld+json\" class=\"yoast-schema-graph\">{\"@context\":\"https:\\\/\\\/schema.org\",\"@graph\":[{\"@type\":\"WebPage\",\"@id\":\"https:\\\/\\\/www.audacieuse-galerie.ch\\\/de\\\/produit\\\/149111\\\/\",\"url\":\"https:\\\/\\\/www.audacieuse-galerie.ch\\\/de\\\/produit\\\/149111\\\/\",\"name\":\"Spitzenoberteil f\u00fcr Damen \u2013 cremefarbenes transparentes Blume\",\"isPartOf\":{\"@id\":\"https:\\\/\\\/www.audacieuse-galerie.ch\\\/de\\\/#website\"},\"primaryImageOfPage\":{\"@id\":\"https:\\\/\\\/www.audacieuse-galerie.ch\\\/de\\\/produit\\\/149111\\\/#primaryimage\"},\"image\":{\"@id\":\"https:\\\/\\\/www.audacieuse-galerie.ch\\\/de\\\/produit\\\/149111\\\/#primaryimage\"},\"thumbnailUrl\":\"https:\\\/\\\/www.audacieuse-galerie.ch\\\/wp-content\\\/uploads\\\/2026\\\/02\\\/29696_ECRU4.webp\",\"datePublished\":\"2026-02-14T16:48:59+00:00\",\"dateModified\":\"2026-02-14T19:45:11+00:00\",\"description\":\"Spitzenoberteil f\u00fcr Damen \u2013 cremefarbenes transparentes Blume\",\"breadcrumb\":{\"@id\":\"https:\\\/\\\/www.audacieuse-galerie.ch\\\/de\\\/produit\\\/149111\\\/#breadcrumb\"},\"inLanguage\":\"de\",\"potentialAction\":[{\"@type\":\"ReadAction\",\"target\":[\"https:\\\/\\\/www.audacieuse-galerie.ch\\\/de\\\/produit\\\/149111\\\/\"]}]},{\"@type\":\"ImageObject\",\"inLanguage\":\"de\",\"@id\":\"https:\\\/\\\/www.audacieuse-galerie.ch\\\/de\\\/produit\\\/149111\\\/#primaryimage\",\"url\":\"https:\\\/\\\/www.audacieuse-galerie.ch\\\/wp-content\\\/uploads\\\/2026\\\/02\\\/29696_ECRU4.webp\",\"contentUrl\":\"https:\\\/\\\/www.audacieuse-galerie.ch\\\/wp-content\\\/uploads\\\/2026\\\/02\\\/29696_ECRU4.webp\",\"width\":800,\"height\":1200,\"caption\":\"Transparentes Spitzenoberteil, cremefarbener gewellter Rand\"},{\"@type\":\"BreadcrumbList\",\"@id\":\"https:\\\/\\\/www.audacieuse-galerie.ch\\\/de\\\/produit\\\/149111\\\/#breadcrumb\",\"itemListElement\":[{\"@type\":\"ListItem\",\"position\":1,\"name\":\"Heim\",\"item\":\"https:\\\/\\\/www.audacieuse-galerie.ch\\\/de\\\/\"},{\"@type\":\"ListItem\",\"position\":2,\"name\":\"Alle unsere Produkte\",\"item\":\"https:\\\/\\\/www.audacieuse-galerie.ch\\\/tous-nos-produits\\\/\"},{\"@type\":\"ListItem\",\"position\":3,\"name\":\"Elegantes und raffiniertes cremewei\u00dfes Spitzenoberteil\"}]},{\"@type\":\"WebSite\",\"@id\":\"https:\\\/\\\/www.audacieuse-galerie.ch\\\/de\\\/#website\",\"url\":\"https:\\\/\\\/www.audacieuse-galerie.ch\\\/de\\\/\",\"name\":\"Audacieuse-Galerie\",\"description\":\"Mode et Images\",\"potentialAction\":[{\"@type\":\"SearchAction\",\"target\":{\"@type\":\"EntryPoint\",\"urlTemplate\":\"https:\\\/\\\/www.audacieuse-galerie.ch\\\/de\\\/?s={search_term_string}\"},\"query-input\":{\"@type\":\"PropertyValueSpecification\",\"valueRequired\":true,\"valueName\":\"search_term_string\"}}],\"inLanguage\":\"de\"}]}<\/script>\n<!-- \/ Yoast SEO plugin. -->","yoast_head_json":{"title":"Spitzenoberteil f\u00fcr Damen \u2013 cremefarbenes transparentes Blume","description":"Spitzenoberteil f\u00fcr Damen \u2013 cremefarbenes transparentes Blume","robots":{"index":"index","follow":"follow","max-snippet":"max-snippet:-1","max-image-preview":"max-image-preview:large","max-video-preview":"max-video-preview:-1"},"canonical":"https:\/\/www.audacieuse-galerie.ch\/de\/produit\/149111\/","og_locale":"de_DE","og_type":"article","og_title":"Spitzenoberteil f\u00fcr Damen \u2013 cremefarbenes transparentes Blume","og_description":"Spitzenoberteil f\u00fcr Damen \u2013 cremefarbenes transparentes Blume","og_url":"https:\/\/www.audacieuse-galerie.ch\/de\/produit\/149111\/","og_site_name":"Audacieuse-Galerie","article_publisher":"https:\/\/www.facebook.com\/audacieuse.galerie","article_modified_time":"2026-02-14T19:45:11+00:00","og_image":[{"width":800,"height":1200,"url":"https:\/\/www.audacieuse-galerie.ch\/wp-content\/uploads\/2026\/02\/29696_ECRU4.webp","type":"image\/webp"}],"twitter_card":"summary_large_image","twitter_misc":{"Gesch\u00e4tzte Lesezeit":"1 Minute"},"schema":{"@context":"https:\/\/schema.org","@graph":[{"@type":"WebPage","@id":"https:\/\/www.audacieuse-galerie.ch\/de\/produit\/149111\/","url":"https:\/\/www.audacieuse-galerie.ch\/de\/produit\/149111\/","name":"Spitzenoberteil f\u00fcr Damen \u2013 cremefarbenes transparentes Blume","isPartOf":{"@id":"https:\/\/www.audacieuse-galerie.ch\/de\/#website"},"primaryImageOfPage":{"@id":"https:\/\/www.audacieuse-galerie.ch\/de\/produit\/149111\/#primaryimage"},"image":{"@id":"https:\/\/www.audacieuse-galerie.ch\/de\/produit\/149111\/#primaryimage"},"thumbnailUrl":"https:\/\/www.audacieuse-galerie.ch\/wp-content\/uploads\/2026\/02\/29696_ECRU4.webp","datePublished":"2026-02-14T16:48:59+00:00","dateModified":"2026-02-14T19:45:11+00:00","description":"Spitzenoberteil f\u00fcr Damen \u2013 cremefarbenes transparentes Blume","breadcrumb":{"@id":"https:\/\/www.audacieuse-galerie.ch\/de\/produit\/149111\/#breadcrumb"},"inLanguage":"de","potentialAction":[{"@type":"ReadAction","target":["https:\/\/www.audacieuse-galerie.ch\/de\/produit\/149111\/"]}]},{"@type":"ImageObject","inLanguage":"de","@id":"https:\/\/www.audacieuse-galerie.ch\/de\/produit\/149111\/#primaryimage","url":"https:\/\/www.audacieuse-galerie.ch\/wp-content\/uploads\/2026\/02\/29696_ECRU4.webp","contentUrl":"https:\/\/www.audacieuse-galerie.ch\/wp-content\/uploads\/2026\/02\/29696_ECRU4.webp","width":800,"height":1200,"caption":"Transparentes Spitzenoberteil, cremefarbener gewellter Rand"},{"@type":"BreadcrumbList","@id":"https:\/\/www.audacieuse-galerie.ch\/de\/produit\/149111\/#breadcrumb","itemListElement":[{"@type":"ListItem","position":1,"name":"Heim","item":"https:\/\/www.audacieuse-galerie.ch\/de\/"},{"@type":"ListItem","position":2,"name":"Alle unsere Produkte","item":"https:\/\/www.audacieuse-galerie.ch\/tous-nos-produits\/"},{"@type":"ListItem","position":3,"name":"Elegantes und raffiniertes cremewei\u00dfes Spitzenoberteil"}]},{"@type":"WebSite","@id":"https:\/\/www.audacieuse-galerie.ch\/de\/#website","url":"https:\/\/www.audacieuse-galerie.ch\/de\/","name":"Audacieuse-Galerie","description":"Mode et Images","potentialAction":[{"@type":"SearchAction","target":{"@type":"EntryPoint","urlTemplate":"https:\/\/www.audacieuse-galerie.ch\/de\/?s={search_term_string}"},"query-input":{"@type":"PropertyValueSpecification","valueRequired":true,"valueName":"search_term_string"}}],"inLanguage":"de"}]}},"jetpack_publicize_connections":[],"_links":{"self":[{"href":"https:\/\/www.audacieuse-galerie.ch\/de\/wp-json\/wp\/v2\/product\/149111","targetHints":{"allow":["GET"]}}],"collection":[{"href":"https:\/\/www.audacieuse-galerie.ch\/de\/wp-json\/wp\/v2\/product"}],"about":[{"href":"https:\/\/www.audacieuse-galerie.ch\/de\/wp-json\/wp\/v2\/types\/product"}],"replies":[{"embeddable":true,"href":"https:\/\/www.audacieuse-galerie.ch\/de\/wp-json\/wp\/v2\/comments?post=149111"}],"version-history":[{"count":0,"href":"https:\/\/www.audacieuse-galerie.ch\/de\/wp-json\/wp\/v2\/product\/149111\/revisions"}],"wp:featuredmedia":[{"embeddable":true,"href":"https:\/\/www.audacieuse-galerie.ch\/de\/wp-json\/wp\/v2\/media\/149112"}],"wp:attachment":[{"href":"https:\/\/www.audacieuse-galerie.ch\/de\/wp-json\/wp\/v2\/media?parent=149111"}],"wp:term":[{"taxonomy":"product_brand","embeddable":true,"href":"https:\/\/www.audacieuse-galerie.ch\/de\/wp-json\/wp\/v2\/product_brand?post=149111"},{"taxonomy":"product_cat","embeddable":true,"href":"https:\/\/www.audacieuse-galerie.ch\/de\/wp-json\/wp\/v2\/product_cat?post=149111"},{"taxonomy":"product_tag","embeddable":true,"href":"https:\/\/www.audacieuse-galerie.ch\/de\/wp-json\/wp\/v2\/product_tag?post=149111"}],"curies":[{"name":"wp","href":"https:\/\/api.w.org\/{rel}","templated":true}]}}