{"id":149187,"date":"2026-02-14T18:50:36","date_gmt":"2026-02-14T17:50:36","guid":{"rendered":"https:\/\/www.audacieuse-galerie.ch\/produit\/marineblaues-baumwoll-maxikleid-mit-blumenmuster-und-ausgestellter-silhouette-und-lockerem-rueschen\/"},"modified":"2026-03-02T14:34:29","modified_gmt":"2026-03-02T13:34:29","slug":"marineblaues-baumwoll-maxikleid-mit-blumenmuster-und-ausgestellter-silhouette-und-lockerem-rueschen","status":"publish","type":"product","link":"https:\/\/www.audacieuse-galerie.ch\/de\/produit\/marineblaues-baumwoll-maxikleid-mit-blumenmuster-und-ausgestellter-silhouette-und-lockerem-rueschen\/","title":{"rendered":"Marineblaues Baumwoll-Maxikleid mit Blumenmuster und ausgestellter Silhouette und lockerem R\u00fcschen"},"content":{"rendered":"<h3>Florales Baumwoll-Maxikleid \u2013 nat\u00fcrliche Eleganz und romantischer Geist<\/h3>\n<p>Dieses <strong>marineblaue Baumwoll-Maxikleid<\/strong> mit Blumenmuster auf wei\u00dfem Hintergrund verf\u00fchrt mit seinem weichen und femininen Look. Aus einem leichten und bequemen <strong>Baumwollstoff<\/strong> gefertigt, bietet es dank seines fliegenden Schnitts, der sich nat\u00fcrlich mitbewegt, eine flie\u00dfende Silhouette. <\/p>\n<p>Der kleine Mandarinenkragen verleiht einen eleganten, modernen Akzent, w\u00e4hrend das gekn\u00f6pfte mittlere Oberteil vorne die Brustlinie zart betont. Die langen \u00c4rmel, die mit geschlossenen Manschetten abgeschlossen sind, unterstreichen ihre Eleganz und erm\u00f6glichen es, sie in jeder Jahreszeit zu tragen. <\/p>\n<h3>Schl\u00fcsselmerkmale<\/h3>\n<ul>\n<li>Langes Kleid aus bequemem Baumwollstoff<\/li>\n<li><strong>Marineblauer Blumendruck auf wei\u00dfem Hintergrund<\/strong><\/li>\n<li>Lange, sitzende und flie\u00dfende, ger\u00fcschte Silhouette<\/li>\n<li>Elegantes kleines Mandarinhalsband<\/li>\n<li>Mittlere Vorderseite mit Kn\u00f6pfen<\/li>\n<li><strong>Lange \u00c4rmel<\/strong> mit geschlossenen Manschetten<\/li>\n<li>Romantischer und zeitloser Stil<\/li>\n<\/ul>\n<h3>Stil und Verwendung<\/h3>\n<p>Ideal f\u00fcr den Alltag sowie f\u00fcr besondere Anl\u00e4sse, kann dieses Maxi-Baumwollkleid problemlos mit Sandalen f\u00fcr einen Sommerlook oder mit Stiefeletten und einer Jacke f\u00fcr einen eleganteren Look getragen werden. Ein feminines, leichtes und vielseitiges St\u00fcck, das die Jahreszeiten mit Eleganz durchzieht. <\/p>\n","protected":false},"excerpt":{"rendered":"<p>Ein langes marineblaues Baumwollkleid mit Blumenmuster auf wei\u00dfem Hintergrund und einer flie\u00dfenden und ger\u00fcschenden Silhouette. Lange \u00c4rmel mit geschlossenen Manschetten, ein kleiner, eleganter Mandarinkragen und Kn\u00f6pfe oben auf der mittleren Vorderseite f\u00fcr einen femininen, leichten und zeitlosen Look. <\/p>\n<p>&nbsp;<\/p>\n","protected":false},"featured_media":149191,"comment_status":"open","ping_status":"closed","template":"","meta":{"jetpack_publicize_message":"","jetpack_publicize_feature_enabled":true,"jetpack_social_post_already_shared":true,"jetpack_social_options":{"image_generator_settings":{"template":"highway","default_image_id":0,"font":"","enabled":false},"version":2}},"product_brand":[],"product_cat":[102,198,72],"product_tag":[],"class_list":{"0":"post-149187","1":"product","2":"type-product","3":"status-publish","4":"has-post-thumbnail","6":"product_cat-im-schaufenster-in-carouge-gesehen","7":"product_cat-kleider-kurz-oder-lang-von-kreatoren","8":"product_cat-pret-a-porter-frau","9":"pa_taille-36_s-de","10":"pa_taille-38_m-de","11":"pa_taille-42_l-de","12":"pa_taille-46_xl-de","14":"first","15":"instock","16":"taxable","17":"shipping-taxable","18":"purchasable","19":"product-type-variable"},"yoast_head":"<!-- This site is optimized with the Yoast SEO plugin v27.3 - https:\/\/yoast.com\/product\/yoast-seo-wordpress\/ -->\n<title>Lockeres marineblaues Baumwoll-Maxikleid mit Blumenmuster<\/title>\n<meta name=\"description\" content=\"Marineblaues Baumwoll-Maxikleid mit Blumenmuster und einem lockeren, ausgestellten Schnitt\" \/>\n<meta name=\"robots\" content=\"index, follow, max-snippet:-1, max-image-preview:large, max-video-preview:-1\" \/>\n<link rel=\"canonical\" href=\"https:\/\/www.audacieuse-galerie.ch\/de\/produit\/marineblaues-baumwoll-maxikleid-mit-blumenmuster-und-ausgestellter-silhouette-und-lockerem-rueschen\/\" \/>\n<meta property=\"og:locale\" content=\"de_DE\" \/>\n<meta property=\"og:type\" content=\"article\" \/>\n<meta property=\"og:title\" content=\"Lockeres marineblaues Baumwoll-Maxikleid mit Blumenmuster\" \/>\n<meta property=\"og:description\" content=\"Marineblaues Baumwoll-Maxikleid mit Blumenmuster und einem lockeren, ausgestellten Schnitt\" \/>\n<meta property=\"og:url\" content=\"https:\/\/www.audacieuse-galerie.ch\/de\/produit\/marineblaues-baumwoll-maxikleid-mit-blumenmuster-und-ausgestellter-silhouette-und-lockerem-rueschen\/\" \/>\n<meta property=\"og:site_name\" content=\"Audacieuse-Galerie\" \/>\n<meta property=\"article:publisher\" content=\"https:\/\/www.facebook.com\/audacieuse.galerie\" \/>\n<meta property=\"article:modified_time\" content=\"2026-03-02T13:34:29+00:00\" \/>\n<meta property=\"og:image\" content=\"https:\/\/www.audacieuse-galerie.ch\/wp-content\/uploads\/2026\/02\/robe-longue-coton-imprime-bleu-marine-blanc-ample-1-e1771095934507.webp\" \/>\n\t<meta property=\"og:image:width\" content=\"800\" \/>\n\t<meta property=\"og:image:height\" content=\"1200\" \/>\n\t<meta property=\"og:image:type\" content=\"image\/webp\" \/>\n<meta name=\"twitter:card\" content=\"summary_large_image\" \/>\n<meta name=\"twitter:label1\" content=\"Gesch\u00e4tzte Lesezeit\" \/>\n\t<meta name=\"twitter:data1\" content=\"1 Minute\" \/>\n<script type=\"application\/ld+json\" class=\"yoast-schema-graph\">{\"@context\":\"https:\\\/\\\/schema.org\",\"@graph\":[{\"@type\":\"WebPage\",\"@id\":\"https:\\\/\\\/www.audacieuse-galerie.ch\\\/de\\\/produit\\\/marineblaues-baumwoll-maxikleid-mit-blumenmuster-und-ausgestellter-silhouette-und-lockerem-rueschen\\\/\",\"url\":\"https:\\\/\\\/www.audacieuse-galerie.ch\\\/de\\\/produit\\\/marineblaues-baumwoll-maxikleid-mit-blumenmuster-und-ausgestellter-silhouette-und-lockerem-rueschen\\\/\",\"name\":\"Lockeres marineblaues Baumwoll-Maxikleid mit Blumenmuster\",\"isPartOf\":{\"@id\":\"https:\\\/\\\/www.audacieuse-galerie.ch\\\/de\\\/#website\"},\"primaryImageOfPage\":{\"@id\":\"https:\\\/\\\/www.audacieuse-galerie.ch\\\/de\\\/produit\\\/marineblaues-baumwoll-maxikleid-mit-blumenmuster-und-ausgestellter-silhouette-und-lockerem-rueschen\\\/#primaryimage\"},\"image\":{\"@id\":\"https:\\\/\\\/www.audacieuse-galerie.ch\\\/de\\\/produit\\\/marineblaues-baumwoll-maxikleid-mit-blumenmuster-und-ausgestellter-silhouette-und-lockerem-rueschen\\\/#primaryimage\"},\"thumbnailUrl\":\"https:\\\/\\\/www.audacieuse-galerie.ch\\\/wp-content\\\/uploads\\\/2026\\\/02\\\/robe-longue-coton-imprime-bleu-marine-blanc-ample-1-e1771095934507.webp\",\"datePublished\":\"2026-02-14T17:50:36+00:00\",\"dateModified\":\"2026-03-02T13:34:29+00:00\",\"description\":\"Marineblaues Baumwoll-Maxikleid mit Blumenmuster und einem lockeren, ausgestellten Schnitt\",\"breadcrumb\":{\"@id\":\"https:\\\/\\\/www.audacieuse-galerie.ch\\\/de\\\/produit\\\/marineblaues-baumwoll-maxikleid-mit-blumenmuster-und-ausgestellter-silhouette-und-lockerem-rueschen\\\/#breadcrumb\"},\"inLanguage\":\"de\",\"potentialAction\":[{\"@type\":\"ReadAction\",\"target\":[\"https:\\\/\\\/www.audacieuse-galerie.ch\\\/de\\\/produit\\\/marineblaues-baumwoll-maxikleid-mit-blumenmuster-und-ausgestellter-silhouette-und-lockerem-rueschen\\\/\"]}]},{\"@type\":\"ImageObject\",\"inLanguage\":\"de\",\"@id\":\"https:\\\/\\\/www.audacieuse-galerie.ch\\\/de\\\/produit\\\/marineblaues-baumwoll-maxikleid-mit-blumenmuster-und-ausgestellter-silhouette-und-lockerem-rueschen\\\/#primaryimage\",\"url\":\"https:\\\/\\\/www.audacieuse-galerie.ch\\\/wp-content\\\/uploads\\\/2026\\\/02\\\/robe-longue-coton-imprime-bleu-marine-blanc-ample-1-e1771095934507.webp\",\"contentUrl\":\"https:\\\/\\\/www.audacieuse-galerie.ch\\\/wp-content\\\/uploads\\\/2026\\\/02\\\/robe-longue-coton-imprime-bleu-marine-blanc-ample-1-e1771095934507.webp\",\"width\":800,\"height\":1200,\"caption\":\"Kurze oder lange Kleider von Schweizer oder europ\u00e4ischen Designern\"},{\"@type\":\"BreadcrumbList\",\"@id\":\"https:\\\/\\\/www.audacieuse-galerie.ch\\\/de\\\/produit\\\/marineblaues-baumwoll-maxikleid-mit-blumenmuster-und-ausgestellter-silhouette-und-lockerem-rueschen\\\/#breadcrumb\",\"itemListElement\":[{\"@type\":\"ListItem\",\"position\":1,\"name\":\"Heim\",\"item\":\"https:\\\/\\\/www.audacieuse-galerie.ch\\\/de\\\/\"},{\"@type\":\"ListItem\",\"position\":2,\"name\":\"Alle unsere Produkte\",\"item\":\"https:\\\/\\\/www.audacieuse-galerie.ch\\\/tous-nos-produits\\\/\"},{\"@type\":\"ListItem\",\"position\":3,\"name\":\"Marineblaues Baumwoll-Maxikleid mit Blumenmuster und ausgestellter Silhouette und lockerem R\u00fcschen\"}]},{\"@type\":\"WebSite\",\"@id\":\"https:\\\/\\\/www.audacieuse-galerie.ch\\\/de\\\/#website\",\"url\":\"https:\\\/\\\/www.audacieuse-galerie.ch\\\/de\\\/\",\"name\":\"Audacieuse-Galerie\",\"description\":\"Mode et Images\",\"potentialAction\":[{\"@type\":\"SearchAction\",\"target\":{\"@type\":\"EntryPoint\",\"urlTemplate\":\"https:\\\/\\\/www.audacieuse-galerie.ch\\\/de\\\/?s={search_term_string}\"},\"query-input\":{\"@type\":\"PropertyValueSpecification\",\"valueRequired\":true,\"valueName\":\"search_term_string\"}}],\"inLanguage\":\"de\"}]}<\/script>\n<!-- \/ Yoast SEO plugin. -->","yoast_head_json":{"title":"Lockeres marineblaues Baumwoll-Maxikleid mit Blumenmuster","description":"Marineblaues Baumwoll-Maxikleid mit Blumenmuster und einem lockeren, ausgestellten Schnitt","robots":{"index":"index","follow":"follow","max-snippet":"max-snippet:-1","max-image-preview":"max-image-preview:large","max-video-preview":"max-video-preview:-1"},"canonical":"https:\/\/www.audacieuse-galerie.ch\/de\/produit\/marineblaues-baumwoll-maxikleid-mit-blumenmuster-und-ausgestellter-silhouette-und-lockerem-rueschen\/","og_locale":"de_DE","og_type":"article","og_title":"Lockeres marineblaues Baumwoll-Maxikleid mit Blumenmuster","og_description":"Marineblaues Baumwoll-Maxikleid mit Blumenmuster und einem lockeren, ausgestellten Schnitt","og_url":"https:\/\/www.audacieuse-galerie.ch\/de\/produit\/marineblaues-baumwoll-maxikleid-mit-blumenmuster-und-ausgestellter-silhouette-und-lockerem-rueschen\/","og_site_name":"Audacieuse-Galerie","article_publisher":"https:\/\/www.facebook.com\/audacieuse.galerie","article_modified_time":"2026-03-02T13:34:29+00:00","og_image":[{"width":800,"height":1200,"url":"https:\/\/www.audacieuse-galerie.ch\/wp-content\/uploads\/2026\/02\/robe-longue-coton-imprime-bleu-marine-blanc-ample-1-e1771095934507.webp","type":"image\/webp"}],"twitter_card":"summary_large_image","twitter_misc":{"Gesch\u00e4tzte Lesezeit":"1 Minute"},"schema":{"@context":"https:\/\/schema.org","@graph":[{"@type":"WebPage","@id":"https:\/\/www.audacieuse-galerie.ch\/de\/produit\/marineblaues-baumwoll-maxikleid-mit-blumenmuster-und-ausgestellter-silhouette-und-lockerem-rueschen\/","url":"https:\/\/www.audacieuse-galerie.ch\/de\/produit\/marineblaues-baumwoll-maxikleid-mit-blumenmuster-und-ausgestellter-silhouette-und-lockerem-rueschen\/","name":"Lockeres marineblaues Baumwoll-Maxikleid mit Blumenmuster","isPartOf":{"@id":"https:\/\/www.audacieuse-galerie.ch\/de\/#website"},"primaryImageOfPage":{"@id":"https:\/\/www.audacieuse-galerie.ch\/de\/produit\/marineblaues-baumwoll-maxikleid-mit-blumenmuster-und-ausgestellter-silhouette-und-lockerem-rueschen\/#primaryimage"},"image":{"@id":"https:\/\/www.audacieuse-galerie.ch\/de\/produit\/marineblaues-baumwoll-maxikleid-mit-blumenmuster-und-ausgestellter-silhouette-und-lockerem-rueschen\/#primaryimage"},"thumbnailUrl":"https:\/\/www.audacieuse-galerie.ch\/wp-content\/uploads\/2026\/02\/robe-longue-coton-imprime-bleu-marine-blanc-ample-1-e1771095934507.webp","datePublished":"2026-02-14T17:50:36+00:00","dateModified":"2026-03-02T13:34:29+00:00","description":"Marineblaues Baumwoll-Maxikleid mit Blumenmuster und einem lockeren, ausgestellten Schnitt","breadcrumb":{"@id":"https:\/\/www.audacieuse-galerie.ch\/de\/produit\/marineblaues-baumwoll-maxikleid-mit-blumenmuster-und-ausgestellter-silhouette-und-lockerem-rueschen\/#breadcrumb"},"inLanguage":"de","potentialAction":[{"@type":"ReadAction","target":["https:\/\/www.audacieuse-galerie.ch\/de\/produit\/marineblaues-baumwoll-maxikleid-mit-blumenmuster-und-ausgestellter-silhouette-und-lockerem-rueschen\/"]}]},{"@type":"ImageObject","inLanguage":"de","@id":"https:\/\/www.audacieuse-galerie.ch\/de\/produit\/marineblaues-baumwoll-maxikleid-mit-blumenmuster-und-ausgestellter-silhouette-und-lockerem-rueschen\/#primaryimage","url":"https:\/\/www.audacieuse-galerie.ch\/wp-content\/uploads\/2026\/02\/robe-longue-coton-imprime-bleu-marine-blanc-ample-1-e1771095934507.webp","contentUrl":"https:\/\/www.audacieuse-galerie.ch\/wp-content\/uploads\/2026\/02\/robe-longue-coton-imprime-bleu-marine-blanc-ample-1-e1771095934507.webp","width":800,"height":1200,"caption":"Kurze oder lange Kleider von Schweizer oder europ\u00e4ischen Designern"},{"@type":"BreadcrumbList","@id":"https:\/\/www.audacieuse-galerie.ch\/de\/produit\/marineblaues-baumwoll-maxikleid-mit-blumenmuster-und-ausgestellter-silhouette-und-lockerem-rueschen\/#breadcrumb","itemListElement":[{"@type":"ListItem","position":1,"name":"Heim","item":"https:\/\/www.audacieuse-galerie.ch\/de\/"},{"@type":"ListItem","position":2,"name":"Alle unsere Produkte","item":"https:\/\/www.audacieuse-galerie.ch\/tous-nos-produits\/"},{"@type":"ListItem","position":3,"name":"Marineblaues Baumwoll-Maxikleid mit Blumenmuster und ausgestellter Silhouette und lockerem R\u00fcschen"}]},{"@type":"WebSite","@id":"https:\/\/www.audacieuse-galerie.ch\/de\/#website","url":"https:\/\/www.audacieuse-galerie.ch\/de\/","name":"Audacieuse-Galerie","description":"Mode et Images","potentialAction":[{"@type":"SearchAction","target":{"@type":"EntryPoint","urlTemplate":"https:\/\/www.audacieuse-galerie.ch\/de\/?s={search_term_string}"},"query-input":{"@type":"PropertyValueSpecification","valueRequired":true,"valueName":"search_term_string"}}],"inLanguage":"de"}]}},"jetpack_publicize_connections":[],"_links":{"self":[{"href":"https:\/\/www.audacieuse-galerie.ch\/de\/wp-json\/wp\/v2\/product\/149187","targetHints":{"allow":["GET"]}}],"collection":[{"href":"https:\/\/www.audacieuse-galerie.ch\/de\/wp-json\/wp\/v2\/product"}],"about":[{"href":"https:\/\/www.audacieuse-galerie.ch\/de\/wp-json\/wp\/v2\/types\/product"}],"replies":[{"embeddable":true,"href":"https:\/\/www.audacieuse-galerie.ch\/de\/wp-json\/wp\/v2\/comments?post=149187"}],"version-history":[{"count":0,"href":"https:\/\/www.audacieuse-galerie.ch\/de\/wp-json\/wp\/v2\/product\/149187\/revisions"}],"wp:featuredmedia":[{"embeddable":true,"href":"https:\/\/www.audacieuse-galerie.ch\/de\/wp-json\/wp\/v2\/media\/149191"}],"wp:attachment":[{"href":"https:\/\/www.audacieuse-galerie.ch\/de\/wp-json\/wp\/v2\/media?parent=149187"}],"wp:term":[{"taxonomy":"product_brand","embeddable":true,"href":"https:\/\/www.audacieuse-galerie.ch\/de\/wp-json\/wp\/v2\/product_brand?post=149187"},{"taxonomy":"product_cat","embeddable":true,"href":"https:\/\/www.audacieuse-galerie.ch\/de\/wp-json\/wp\/v2\/product_cat?post=149187"},{"taxonomy":"product_tag","embeddable":true,"href":"https:\/\/www.audacieuse-galerie.ch\/de\/wp-json\/wp\/v2\/product_tag?post=149187"}],"curies":[{"name":"wp","href":"https:\/\/api.w.org\/{rel}","templated":true}]}}