{"id":149763,"date":"2026-02-21T11:37:19","date_gmt":"2026-02-21T10:37:19","guid":{"rendered":"https:\/\/www.audacieuse-galerie.ch\/produit\/originale-3d-sand-pink-ohrringe\/"},"modified":"2026-03-19T19:14:10","modified_gmt":"2026-03-19T18:14:10","slug":"originale-3d-sand-pink-ohrringe","status":"publish","type":"product","link":"https:\/\/www.audacieuse-galerie.ch\/de\/produit\/originale-3d-sand-pink-ohrringe\/","title":{"rendered":"Originale 3D-Sand-Pink-Ohrringe"},"content":{"rendered":"<p>ROSE DES SABLES Ohrringe<\/p>\n<p>Eine leuchtende Kreation, inspiriert von warmen und farbenfrohen T\u00f6nen.<\/p>\n<p>Jedes Paar wird <strong>in Biomaterial 3D gedruckt<\/strong> und anschlie\u00dfend von Hand bemalt, wodurch jedes Schmuckst\u00fcck einzigartig wird. Die dezenten Farbvariationen verleihen Ihrem Stil Charakter und Authentizit\u00e4t. <\/p>\n<p>An einem goldfarbenen Stahlhaken in Form einer Spindel montiert, sind sie t\u00e4glich bequem zu tragen.<\/p>\n<ul>\n<li><span style=\"color: #99cc00\"><strong>Ethisches Handwerk<\/strong><\/span><\/li>\n<li><strong>Handgemalter<\/strong> Schmuck<\/li>\n<li>3D-Druck in biobezogenem Material (Rizinus\u00f6l)<\/li>\n<li>Ultraleicht und <strong> bequem zu tragen<\/strong><\/li>\n<li>Robust und langlebig<\/li>\n<li>Goldener Stahlhaken (spindelf\u00f6rmig), nicht allergen<\/li>\n<li>von Tochu-Designern aus , Frankreich<\/li>\n<\/ul>\n<p>Ein verantwortungsbewusstes und modernes Juwel<\/p>\n<p>Die 3D-Drucktechnologie erm\u00f6glicht pr\u00e4zise und zeitgen\u00f6ssische Erstellung bei Verwendung eines biobezogenen Materials, was einen respektvolleren Ansatz erm\u00f6glicht.<\/p>\n<p>Die<strong> sandrosa<\/strong>Ohrringe sind ideal, um ein schlichtes Outfit aufzuhellen oder einen mutigen Look mit k\u00fcnstlerischem und farbenfrohes Detail zu vervollst\u00e4ndigen.<\/p>\n","protected":false},"excerpt":{"rendered":"<p>Elegant und farbenfroh sind die <strong>sandrosa<\/strong> Ohrringe 3D-gedruckt aus einem bio-basierten Material und anschlie\u00dfend handbemalt.<br \/>\nLeicht, widerstandsf\u00e4hig und an einem goldenen Stahlspindelhaken montiert, verbinden sie Modernit\u00e4t, hergestellt in Frankreich.<\/p>\n","protected":false},"featured_media":149769,"comment_status":"open","ping_status":"closed","template":"","meta":{"_glsr_average":0,"_glsr_ranking":0,"_glsr_reviews":0,"jetpack_publicize_message":"","jetpack_publicize_feature_enabled":true,"jetpack_social_post_already_shared":true,"jetpack_social_options":{"image_generator_settings":{"template":"highway","default_image_id":0,"font":"","enabled":false},"version":2}},"product_brand":[],"product_cat":[96,168,2558],"product_tag":[],"class_list":{"0":"post-149763","1":"product","2":"type-product","3":"status-publish","4":"has-post-thumbnail","6":"product_cat-accessoires-von-schoepfern","7":"product_cat-modische-schmuckstuecke","8":"product_cat-tochu-de-de","9":"pa_color-fuchsiefarb-de","10":"pa_color-grun-de","11":"pa_color-orange-de","12":"pa_color-rot-de","13":"pa_color-schwarz-de","14":"pa_color-ultramarineblau-de","15":"pa_color-weiss-de","17":"first","18":"instock","19":"taxable","20":"shipping-taxable","21":"purchasable","22":"product-type-variable","23":"has-default-attributes"},"yoast_head":"<!-- This site is optimized with the Yoast SEO plugin v27.4 - https:\/\/yoast.com\/product\/yoast-seo-wordpress\/ -->\n<title>Originale 3D-Sand-Pink-Ohrringe - Audacieuse-Galerie<\/title>\n<meta name=\"description\" content=\"Originaler 3D-handgemalter sandrosa Ohrring, sehr leicht zu tragen, perfekt, um ein zu klassisches Outfit zu unterstreichen.\" \/>\n<meta name=\"robots\" content=\"index, follow, max-snippet:-1, max-image-preview:large, max-video-preview:-1\" \/>\n<link rel=\"canonical\" href=\"https:\/\/www.audacieuse-galerie.ch\/de\/produit\/originale-3d-sand-pink-ohrringe\/\" \/>\n<meta property=\"og:locale\" content=\"de_DE\" \/>\n<meta property=\"og:type\" content=\"article\" \/>\n<meta property=\"og:title\" content=\"Originale 3D-Sand-Pink-Ohrringe - Audacieuse-Galerie\" \/>\n<meta property=\"og:description\" content=\"Originaler 3D-handgemalter sandrosa Ohrring, sehr leicht zu tragen, perfekt, um ein zu klassisches Outfit zu unterstreichen.\" \/>\n<meta property=\"og:url\" content=\"https:\/\/www.audacieuse-galerie.ch\/de\/produit\/originale-3d-sand-pink-ohrringe\/\" \/>\n<meta property=\"og:site_name\" content=\"Audacieuse-Galerie\" \/>\n<meta property=\"article:publisher\" content=\"https:\/\/www.facebook.com\/audacieuse.galerie\" \/>\n<meta property=\"article:modified_time\" content=\"2026-03-19T18:14:10+00:00\" \/>\n<meta property=\"og:image\" content=\"https:\/\/www.audacieuse-galerie.ch\/wp-content\/uploads\/2026\/02\/boucle-oreille-rose-des-sables-3d-print-rouge-1.webp\" \/>\n\t<meta property=\"og:image:width\" content=\"900\" \/>\n\t<meta property=\"og:image:height\" content=\"900\" \/>\n\t<meta property=\"og:image:type\" content=\"image\/webp\" \/>\n<meta name=\"twitter:card\" content=\"summary_large_image\" \/>\n<meta name=\"twitter:label1\" content=\"Gesch\u00e4tzte Lesezeit\" \/>\n\t<meta name=\"twitter:data1\" content=\"1 Minute\" \/>\n<script type=\"application\/ld+json\" class=\"yoast-schema-graph\">{\"@context\":\"https:\\\/\\\/schema.org\",\"@graph\":[{\"@type\":\"ImageObject\",\"inLanguage\":\"de\",\"@id\":\"https:\\\/\\\/www.audacieuse-galerie.ch\\\/de\\\/produit\\\/originale-3d-sand-pink-ohrringe\\\/#primaryimage\",\"url\":\"https:\\\/\\\/www.audacieuse-galerie.ch\\\/wp-content\\\/uploads\\\/2026\\\/02\\\/boucle-oreille-rose-des-sables-3d-print-rouge-1.webp\",\"contentUrl\":\"https:\\\/\\\/www.audacieuse-galerie.ch\\\/wp-content\\\/uploads\\\/2026\\\/02\\\/boucle-oreille-rose-des-sables-3d-print-rouge-1.webp\",\"width\":900,\"height\":900,\"caption\":\"Designer Ohrring-Design 3D-Druck: Rote Sandrose\"}]}<\/script>\n<!-- \/ Yoast SEO plugin. -->","yoast_head_json":{"title":"Originale 3D-Sand-Pink-Ohrringe - Audacieuse-Galerie","description":"Originaler 3D-handgemalter sandrosa Ohrring, sehr leicht zu tragen, perfekt, um ein zu klassisches Outfit zu unterstreichen.","robots":{"index":"index","follow":"follow","max-snippet":"max-snippet:-1","max-image-preview":"max-image-preview:large","max-video-preview":"max-video-preview:-1"},"canonical":"https:\/\/www.audacieuse-galerie.ch\/de\/produit\/originale-3d-sand-pink-ohrringe\/","og_locale":"de_DE","og_type":"article","og_title":"Originale 3D-Sand-Pink-Ohrringe - Audacieuse-Galerie","og_description":"Originaler 3D-handgemalter sandrosa Ohrring, sehr leicht zu tragen, perfekt, um ein zu klassisches Outfit zu unterstreichen.","og_url":"https:\/\/www.audacieuse-galerie.ch\/de\/produit\/originale-3d-sand-pink-ohrringe\/","og_site_name":"Audacieuse-Galerie","article_publisher":"https:\/\/www.facebook.com\/audacieuse.galerie","article_modified_time":"2026-03-19T18:14:10+00:00","og_image":[{"width":900,"height":900,"url":"https:\/\/www.audacieuse-galerie.ch\/wp-content\/uploads\/2026\/02\/boucle-oreille-rose-des-sables-3d-print-rouge-1.webp","type":"image\/webp"}],"twitter_card":"summary_large_image","twitter_misc":{"Gesch\u00e4tzte Lesezeit":"1 Minute"},"schema":{"@context":"https:\/\/schema.org","@graph":[{"@type":"ImageObject","inLanguage":"de","@id":"https:\/\/www.audacieuse-galerie.ch\/de\/produit\/originale-3d-sand-pink-ohrringe\/#primaryimage","url":"https:\/\/www.audacieuse-galerie.ch\/wp-content\/uploads\/2026\/02\/boucle-oreille-rose-des-sables-3d-print-rouge-1.webp","contentUrl":"https:\/\/www.audacieuse-galerie.ch\/wp-content\/uploads\/2026\/02\/boucle-oreille-rose-des-sables-3d-print-rouge-1.webp","width":900,"height":900,"caption":"Designer Ohrring-Design 3D-Druck: Rote Sandrose"}]}},"jetpack_publicize_connections":[],"_links":{"self":[{"href":"https:\/\/www.audacieuse-galerie.ch\/de\/wp-json\/wp\/v2\/product\/149763","targetHints":{"allow":["GET"]}}],"collection":[{"href":"https:\/\/www.audacieuse-galerie.ch\/de\/wp-json\/wp\/v2\/product"}],"about":[{"href":"https:\/\/www.audacieuse-galerie.ch\/de\/wp-json\/wp\/v2\/types\/product"}],"replies":[{"embeddable":true,"href":"https:\/\/www.audacieuse-galerie.ch\/de\/wp-json\/wp\/v2\/comments?post=149763"}],"version-history":[{"count":0,"href":"https:\/\/www.audacieuse-galerie.ch\/de\/wp-json\/wp\/v2\/product\/149763\/revisions"}],"wp:featuredmedia":[{"embeddable":true,"href":"https:\/\/www.audacieuse-galerie.ch\/de\/wp-json\/wp\/v2\/media\/149769"}],"wp:attachment":[{"href":"https:\/\/www.audacieuse-galerie.ch\/de\/wp-json\/wp\/v2\/media?parent=149763"}],"wp:term":[{"taxonomy":"product_brand","embeddable":true,"href":"https:\/\/www.audacieuse-galerie.ch\/de\/wp-json\/wp\/v2\/product_brand?post=149763"},{"taxonomy":"product_cat","embeddable":true,"href":"https:\/\/www.audacieuse-galerie.ch\/de\/wp-json\/wp\/v2\/product_cat?post=149763"},{"taxonomy":"product_tag","embeddable":true,"href":"https:\/\/www.audacieuse-galerie.ch\/de\/wp-json\/wp\/v2\/product_tag?post=149763"}],"curies":[{"name":"wp","href":"https:\/\/api.w.org\/{rel}","templated":true}]}}