{"id":149968,"date":"2026-02-23T12:40:57","date_gmt":"2026-02-23T11:40:57","guid":{"rendered":"https:\/\/www.audacieuse-galerie.ch\/produit\/breiter-schwarzer-lederguertel-mit-spitzenmustern\/"},"modified":"2026-02-23T14:05:15","modified_gmt":"2026-02-23T13:05:15","slug":"breiter-schwarzer-lederguertel-mit-spitzenmustern","status":"publish","type":"product","link":"https:\/\/www.audacieuse-galerie.ch\/de\/produit\/breiter-schwarzer-lederguertel-mit-spitzenmustern\/","title":{"rendered":"Breiter schwarzer Lederg\u00fcrtel mit Spitzenmustern"},"content":{"rendered":"<p>Entdecken Sie unseren breiten schwarzen Lederg\u00fcrtel, ein Modeaccessoire, das Ihre Outfits augenblicklich verwandelt. Aus hochwertigem Leder gefertigt, sticht es durch seine perforierten Ausschnitte auf, was einen raffinierten und modernen Spitzeneffekt inspiriert. <\/p>\n<p>Vielseitig, passt es sich sowohl an ein Hemd als auch an ein Kleid an und verleiht Ihrer Silhouette Struktur und Charakter. Sein k\u00fchnes und elegantes Design garantiert einen einzigartigen Stil, ideal f\u00fcr alle, die Raffinesse und Originalit\u00e4t verbinden m\u00f6chten. <\/p>\n<p>&nbsp;<\/p>\n<p>Merkmale:<\/p>\n<ul>\n<li>Hochwertiges schwarzes Leder, weich und langlebig<\/li>\n<li>Gro\u00dfz\u00fcgige Breite f\u00fcr garantierten Modeeffekt 7 cm<\/li>\n<li>Perforierte Ausschnitte erzeugen ein elegantes Spitzenmuster<\/li>\n<li>Vielseitig: kann \u00fcber einem Hemd oder Kleid getragen werden<\/li>\n<li>Zeitgen\u00f6ssischer Stil und raffiniertes Design<\/li>\n<li>Gr\u00f6\u00dfe M, verstellbarer Bundumfang von 76 bis 91 cm<\/li>\n<\/ul>\n<p>&nbsp;<\/p>\n","protected":false},"excerpt":{"rendered":"<p>Elegant und mutig begeistert dieser breite schwarze Lederg\u00fcrtel mit seinen zarten perforierten Mustern und erzeugt einen einzigartigen Spitzeneffekt. Perfekt zu einem Hemd oder Kleid f\u00fcr ein Design und einen durchsetzungsf\u00e4higen Look. <\/p>\n","protected":false},"featured_media":149987,"comment_status":"open","ping_status":"closed","template":"","meta":{"jetpack_publicize_message":"","jetpack_publicize_feature_enabled":true,"jetpack_social_post_already_shared":true,"jetpack_social_options":{"image_generator_settings":{"template":"highway","default_image_id":0,"font":"","enabled":false},"version":2}},"product_brand":[],"product_cat":[105,201,102,72],"product_tag":[],"class_list":{"0":"post-149968","1":"product","2":"type-product","3":"status-publish","4":"has-post-thumbnail","6":"product_cat-geschenkideen-aus-pret-a-porter-und-accessoires-fuer-sie-fuer-ihn","7":"product_cat-guertel","8":"product_cat-im-schaufenster-in-carouge-gesehen","9":"product_cat-pret-a-porter-frau","10":"pa_color-schwarz-de","12":"first","13":"instock","14":"taxable","15":"shipping-taxable","16":"purchasable","17":"product-type-simple"},"yoast_head":"<!-- This site is optimized with the Yoast SEO plugin v27.3 - https:\/\/yoast.com\/product\/yoast-seo-wordpress\/ -->\n<title>Breiter schwarzer Lederg\u00fcrtel mit Spitzenmustern - Audacieuse-Galerie<\/title>\n<meta name=\"description\" content=\"Breiter schwarzer Lederg\u00fcrtel mit perforierten Spitzenmustern. Elegant und designiert, ideal \u00fcber Hemd oder Kleid f\u00fcr einen einzigartigen und kultivierten Look.\" \/>\n<meta name=\"robots\" content=\"index, follow, max-snippet:-1, max-image-preview:large, max-video-preview:-1\" \/>\n<link rel=\"canonical\" href=\"https:\/\/www.audacieuse-galerie.ch\/de\/produit\/breiter-schwarzer-lederguertel-mit-spitzenmustern\/\" \/>\n<meta property=\"og:locale\" content=\"de_DE\" \/>\n<meta property=\"og:type\" content=\"article\" \/>\n<meta property=\"og:title\" content=\"Breiter schwarzer Lederg\u00fcrtel mit Spitzenmustern - Audacieuse-Galerie\" \/>\n<meta property=\"og:description\" content=\"Breiter schwarzer Lederg\u00fcrtel mit perforierten Spitzenmustern. Elegant und designiert, ideal \u00fcber Hemd oder Kleid f\u00fcr einen einzigartigen und kultivierten Look.\" \/>\n<meta property=\"og:url\" content=\"https:\/\/www.audacieuse-galerie.ch\/de\/produit\/breiter-schwarzer-lederguertel-mit-spitzenmustern\/\" \/>\n<meta property=\"og:site_name\" content=\"Audacieuse-Galerie\" \/>\n<meta property=\"article:publisher\" content=\"https:\/\/www.facebook.com\/audacieuse.galerie\" \/>\n<meta property=\"article:modified_time\" content=\"2026-02-23T13:05:15+00:00\" \/>\n<meta property=\"og:image\" content=\"https:\/\/www.audacieuse-galerie.ch\/wp-content\/uploads\/2026\/02\/ceinture-cuir-large-noir-perfore-dentelle-1.webp\" \/>\n\t<meta property=\"og:image:width\" content=\"1000\" \/>\n\t<meta property=\"og:image:height\" content=\"1000\" \/>\n\t<meta property=\"og:image:type\" content=\"image\/webp\" \/>\n<meta name=\"twitter:card\" content=\"summary_large_image\" \/>\n<meta name=\"twitter:label1\" content=\"Gesch\u00e4tzte Lesezeit\" \/>\n\t<meta name=\"twitter:data1\" content=\"1 Minute\" \/>\n<script type=\"application\/ld+json\" class=\"yoast-schema-graph\">{\"@context\":\"https:\\\/\\\/schema.org\",\"@graph\":[{\"@type\":\"WebPage\",\"@id\":\"https:\\\/\\\/www.audacieuse-galerie.ch\\\/de\\\/produit\\\/breiter-schwarzer-lederguertel-mit-spitzenmustern\\\/\",\"url\":\"https:\\\/\\\/www.audacieuse-galerie.ch\\\/de\\\/produit\\\/breiter-schwarzer-lederguertel-mit-spitzenmustern\\\/\",\"name\":\"Breiter schwarzer Lederg\u00fcrtel mit Spitzenmustern - Audacieuse-Galerie\",\"isPartOf\":{\"@id\":\"https:\\\/\\\/www.audacieuse-galerie.ch\\\/de\\\/#website\"},\"primaryImageOfPage\":{\"@id\":\"https:\\\/\\\/www.audacieuse-galerie.ch\\\/de\\\/produit\\\/breiter-schwarzer-lederguertel-mit-spitzenmustern\\\/#primaryimage\"},\"image\":{\"@id\":\"https:\\\/\\\/www.audacieuse-galerie.ch\\\/de\\\/produit\\\/breiter-schwarzer-lederguertel-mit-spitzenmustern\\\/#primaryimage\"},\"thumbnailUrl\":\"https:\\\/\\\/www.audacieuse-galerie.ch\\\/wp-content\\\/uploads\\\/2026\\\/02\\\/ceinture-cuir-large-noir-perfore-dentelle-1.webp\",\"datePublished\":\"2026-02-23T11:40:57+00:00\",\"dateModified\":\"2026-02-23T13:05:15+00:00\",\"description\":\"Breiter schwarzer Lederg\u00fcrtel mit perforierten Spitzenmustern. Elegant und designiert, ideal \u00fcber Hemd oder Kleid f\u00fcr einen einzigartigen und kultivierten Look.\",\"breadcrumb\":{\"@id\":\"https:\\\/\\\/www.audacieuse-galerie.ch\\\/de\\\/produit\\\/breiter-schwarzer-lederguertel-mit-spitzenmustern\\\/#breadcrumb\"},\"inLanguage\":\"de\",\"potentialAction\":[{\"@type\":\"ReadAction\",\"target\":[\"https:\\\/\\\/www.audacieuse-galerie.ch\\\/de\\\/produit\\\/breiter-schwarzer-lederguertel-mit-spitzenmustern\\\/\"]}]},{\"@type\":\"ImageObject\",\"inLanguage\":\"de\",\"@id\":\"https:\\\/\\\/www.audacieuse-galerie.ch\\\/de\\\/produit\\\/breiter-schwarzer-lederguertel-mit-spitzenmustern\\\/#primaryimage\",\"url\":\"https:\\\/\\\/www.audacieuse-galerie.ch\\\/wp-content\\\/uploads\\\/2026\\\/02\\\/ceinture-cuir-large-noir-perfore-dentelle-1.webp\",\"contentUrl\":\"https:\\\/\\\/www.audacieuse-galerie.ch\\\/wp-content\\\/uploads\\\/2026\\\/02\\\/ceinture-cuir-large-noir-perfore-dentelle-1.webp\",\"width\":1000,\"height\":1000,\"caption\":\"Schwarzer Lederg\u00fcrtel, breit breit, mit perforierten Spitzenmustern\"},{\"@type\":\"BreadcrumbList\",\"@id\":\"https:\\\/\\\/www.audacieuse-galerie.ch\\\/de\\\/produit\\\/breiter-schwarzer-lederguertel-mit-spitzenmustern\\\/#breadcrumb\",\"itemListElement\":[{\"@type\":\"ListItem\",\"position\":1,\"name\":\"Heim\",\"item\":\"https:\\\/\\\/www.audacieuse-galerie.ch\\\/de\\\/\"},{\"@type\":\"ListItem\",\"position\":2,\"name\":\"Alle unsere Produkte\",\"item\":\"https:\\\/\\\/www.audacieuse-galerie.ch\\\/tous-nos-produits\\\/\"},{\"@type\":\"ListItem\",\"position\":3,\"name\":\"Breiter schwarzer Lederg\u00fcrtel mit Spitzenmustern\"}]},{\"@type\":\"WebSite\",\"@id\":\"https:\\\/\\\/www.audacieuse-galerie.ch\\\/de\\\/#website\",\"url\":\"https:\\\/\\\/www.audacieuse-galerie.ch\\\/de\\\/\",\"name\":\"Audacieuse-Galerie\",\"description\":\"Mode et Images\",\"potentialAction\":[{\"@type\":\"SearchAction\",\"target\":{\"@type\":\"EntryPoint\",\"urlTemplate\":\"https:\\\/\\\/www.audacieuse-galerie.ch\\\/de\\\/?s={search_term_string}\"},\"query-input\":{\"@type\":\"PropertyValueSpecification\",\"valueRequired\":true,\"valueName\":\"search_term_string\"}}],\"inLanguage\":\"de\"}]}<\/script>\n<!-- \/ Yoast SEO plugin. -->","yoast_head_json":{"title":"Breiter schwarzer Lederg\u00fcrtel mit Spitzenmustern - Audacieuse-Galerie","description":"Breiter schwarzer Lederg\u00fcrtel mit perforierten Spitzenmustern. Elegant und designiert, ideal \u00fcber Hemd oder Kleid f\u00fcr einen einzigartigen und kultivierten Look.","robots":{"index":"index","follow":"follow","max-snippet":"max-snippet:-1","max-image-preview":"max-image-preview:large","max-video-preview":"max-video-preview:-1"},"canonical":"https:\/\/www.audacieuse-galerie.ch\/de\/produit\/breiter-schwarzer-lederguertel-mit-spitzenmustern\/","og_locale":"de_DE","og_type":"article","og_title":"Breiter schwarzer Lederg\u00fcrtel mit Spitzenmustern - Audacieuse-Galerie","og_description":"Breiter schwarzer Lederg\u00fcrtel mit perforierten Spitzenmustern. Elegant und designiert, ideal \u00fcber Hemd oder Kleid f\u00fcr einen einzigartigen und kultivierten Look.","og_url":"https:\/\/www.audacieuse-galerie.ch\/de\/produit\/breiter-schwarzer-lederguertel-mit-spitzenmustern\/","og_site_name":"Audacieuse-Galerie","article_publisher":"https:\/\/www.facebook.com\/audacieuse.galerie","article_modified_time":"2026-02-23T13:05:15+00:00","og_image":[{"width":1000,"height":1000,"url":"https:\/\/www.audacieuse-galerie.ch\/wp-content\/uploads\/2026\/02\/ceinture-cuir-large-noir-perfore-dentelle-1.webp","type":"image\/webp"}],"twitter_card":"summary_large_image","twitter_misc":{"Gesch\u00e4tzte Lesezeit":"1 Minute"},"schema":{"@context":"https:\/\/schema.org","@graph":[{"@type":"WebPage","@id":"https:\/\/www.audacieuse-galerie.ch\/de\/produit\/breiter-schwarzer-lederguertel-mit-spitzenmustern\/","url":"https:\/\/www.audacieuse-galerie.ch\/de\/produit\/breiter-schwarzer-lederguertel-mit-spitzenmustern\/","name":"Breiter schwarzer Lederg\u00fcrtel mit Spitzenmustern - Audacieuse-Galerie","isPartOf":{"@id":"https:\/\/www.audacieuse-galerie.ch\/de\/#website"},"primaryImageOfPage":{"@id":"https:\/\/www.audacieuse-galerie.ch\/de\/produit\/breiter-schwarzer-lederguertel-mit-spitzenmustern\/#primaryimage"},"image":{"@id":"https:\/\/www.audacieuse-galerie.ch\/de\/produit\/breiter-schwarzer-lederguertel-mit-spitzenmustern\/#primaryimage"},"thumbnailUrl":"https:\/\/www.audacieuse-galerie.ch\/wp-content\/uploads\/2026\/02\/ceinture-cuir-large-noir-perfore-dentelle-1.webp","datePublished":"2026-02-23T11:40:57+00:00","dateModified":"2026-02-23T13:05:15+00:00","description":"Breiter schwarzer Lederg\u00fcrtel mit perforierten Spitzenmustern. Elegant und designiert, ideal \u00fcber Hemd oder Kleid f\u00fcr einen einzigartigen und kultivierten Look.","breadcrumb":{"@id":"https:\/\/www.audacieuse-galerie.ch\/de\/produit\/breiter-schwarzer-lederguertel-mit-spitzenmustern\/#breadcrumb"},"inLanguage":"de","potentialAction":[{"@type":"ReadAction","target":["https:\/\/www.audacieuse-galerie.ch\/de\/produit\/breiter-schwarzer-lederguertel-mit-spitzenmustern\/"]}]},{"@type":"ImageObject","inLanguage":"de","@id":"https:\/\/www.audacieuse-galerie.ch\/de\/produit\/breiter-schwarzer-lederguertel-mit-spitzenmustern\/#primaryimage","url":"https:\/\/www.audacieuse-galerie.ch\/wp-content\/uploads\/2026\/02\/ceinture-cuir-large-noir-perfore-dentelle-1.webp","contentUrl":"https:\/\/www.audacieuse-galerie.ch\/wp-content\/uploads\/2026\/02\/ceinture-cuir-large-noir-perfore-dentelle-1.webp","width":1000,"height":1000,"caption":"Schwarzer Lederg\u00fcrtel, breit breit, mit perforierten Spitzenmustern"},{"@type":"BreadcrumbList","@id":"https:\/\/www.audacieuse-galerie.ch\/de\/produit\/breiter-schwarzer-lederguertel-mit-spitzenmustern\/#breadcrumb","itemListElement":[{"@type":"ListItem","position":1,"name":"Heim","item":"https:\/\/www.audacieuse-galerie.ch\/de\/"},{"@type":"ListItem","position":2,"name":"Alle unsere Produkte","item":"https:\/\/www.audacieuse-galerie.ch\/tous-nos-produits\/"},{"@type":"ListItem","position":3,"name":"Breiter schwarzer Lederg\u00fcrtel mit Spitzenmustern"}]},{"@type":"WebSite","@id":"https:\/\/www.audacieuse-galerie.ch\/de\/#website","url":"https:\/\/www.audacieuse-galerie.ch\/de\/","name":"Audacieuse-Galerie","description":"Mode et Images","potentialAction":[{"@type":"SearchAction","target":{"@type":"EntryPoint","urlTemplate":"https:\/\/www.audacieuse-galerie.ch\/de\/?s={search_term_string}"},"query-input":{"@type":"PropertyValueSpecification","valueRequired":true,"valueName":"search_term_string"}}],"inLanguage":"de"}]}},"jetpack_publicize_connections":[],"_links":{"self":[{"href":"https:\/\/www.audacieuse-galerie.ch\/de\/wp-json\/wp\/v2\/product\/149968","targetHints":{"allow":["GET"]}}],"collection":[{"href":"https:\/\/www.audacieuse-galerie.ch\/de\/wp-json\/wp\/v2\/product"}],"about":[{"href":"https:\/\/www.audacieuse-galerie.ch\/de\/wp-json\/wp\/v2\/types\/product"}],"replies":[{"embeddable":true,"href":"https:\/\/www.audacieuse-galerie.ch\/de\/wp-json\/wp\/v2\/comments?post=149968"}],"version-history":[{"count":0,"href":"https:\/\/www.audacieuse-galerie.ch\/de\/wp-json\/wp\/v2\/product\/149968\/revisions"}],"wp:featuredmedia":[{"embeddable":true,"href":"https:\/\/www.audacieuse-galerie.ch\/de\/wp-json\/wp\/v2\/media\/149987"}],"wp:attachment":[{"href":"https:\/\/www.audacieuse-galerie.ch\/de\/wp-json\/wp\/v2\/media?parent=149968"}],"wp:term":[{"taxonomy":"product_brand","embeddable":true,"href":"https:\/\/www.audacieuse-galerie.ch\/de\/wp-json\/wp\/v2\/product_brand?post=149968"},{"taxonomy":"product_cat","embeddable":true,"href":"https:\/\/www.audacieuse-galerie.ch\/de\/wp-json\/wp\/v2\/product_cat?post=149968"},{"taxonomy":"product_tag","embeddable":true,"href":"https:\/\/www.audacieuse-galerie.ch\/de\/wp-json\/wp\/v2\/product_tag?post=149968"}],"curies":[{"name":"wp","href":"https:\/\/api.w.org\/{rel}","templated":true}]}}