{"id":150046,"date":"2026-02-23T13:09:56","date_gmt":"2026-02-23T12:09:56","guid":{"rendered":"https:\/\/www.audacieuse-galerie.ch\/produit\/cognacbraun-geflochtener-echtes-lederguertel-mit-messingfarbener-metallschnalle\/"},"modified":"2026-03-19T19:14:09","modified_gmt":"2026-03-19T18:14:09","slug":"cognacbraun-geflochtener-echtes-lederguertel-mit-messingfarbener-metallschnalle","status":"publish","type":"product","link":"https:\/\/www.audacieuse-galerie.ch\/de\/produit\/cognacbraun-geflochtener-echtes-lederguertel-mit-messingfarbener-metallschnalle\/","title":{"rendered":"Cognac, brauner oder brauner geflochtener echtes Lederg\u00fcrtel mit messingfarbener Metallschnalle"},"content":{"rendered":"<p>Gracie-Tailleng\u00fcrtel \u2013 Nat\u00fcrliche Eleganz und perfekte Passform<\/p>\n<p>Der Gracie-G\u00fcrtel besteht <strong>zu 100 % aus echtem Rinderleder,<\/strong> was Flexibilit\u00e4t, Widerstand und Haltbarkeit garantiert. Die vollst\u00e4ndige Flechtung erm\u00f6glicht eine pr\u00e4zise Passform ohne vordefinierte L\u00f6cher: Die Schnalle wird direkt in die Flechtung eingef\u00fchrt und sorgt f\u00fcr ma\u00dfgeschneiderten Komfort. <\/p>\n<p>Sein Cognac-Braunton bringt W\u00e4rme und Raffinesse, ideal als Komplement zu Jeans, Anzughosen oder einem strukturierten Kleid.<\/p>\n<p>Die ovale Messingschnalle mit Messingfinish unterstreicht ihren authentischen und zeitlosen Charakter.<\/p>\n<p><strong>Produktmerkmale<\/strong><\/p>\n<ul>\n<li>Material: 100 % echtes und langlebiges Rinderleder<\/li>\n<li>Farbe: Cognacbraun oder Dunkelbraun oder Schwarz<\/li>\n<li>Stil: Geflochten<\/li>\n<li>Schnalle: ovales Messing<strong> mit goldener Messingoberfl\u00e4che (Silber f\u00fcr die schwarze)<\/strong><\/li>\n<li>Schnallenabmessungen: 4,2 x 5,2 cm<\/li>\n<li>Breite: 3 cm<\/li>\n<li>Verf\u00fcgbare Gr\u00f6\u00dfe: <strong>M\/L \u2013 108 cm<\/strong> Gesamtl\u00e4nge offen<\/li>\n<li>Verstellbar: ohne voreingestellte L\u00f6cher<\/li>\n<li>Pr\u00e4zise und bequeme Passform<\/li>\n<li>Zeitloser und vielseitiger Stil<\/li>\n<\/ul>\n","protected":false},"excerpt":{"rendered":"<p>Cognac hellbrauner G\u00fcrtel mit echtem Leder, geflochtenem G\u00fcrtel und eleganter Metallschnalle mit Messingverschluss. Dank seiner vollst\u00e4ndigen Flechtung ist er leicht verstellbar und passt sich perfekt an deine Gr\u00f6\u00dfe an. Ein zeitloses Accessoire, das sowohl schick als auch l\u00e4ssig ist.  <\/p>\n","protected":false},"featured_media":150150,"comment_status":"open","ping_status":"closed","template":"","meta":{"jetpack_publicize_message":"","jetpack_publicize_feature_enabled":true,"jetpack_social_post_already_shared":true,"jetpack_social_options":{"image_generator_settings":{"template":"highway","default_image_id":0,"font":"","enabled":false},"version":2}},"product_brand":[],"product_cat":[105,201,102,72],"product_tag":[],"class_list":{"0":"post-150046","1":"product","2":"type-product","3":"status-publish","4":"has-post-thumbnail","6":"product_cat-geschenkideen-aus-pret-a-porter-und-accessoires-fuer-sie-fuer-ihn","7":"product_cat-guertel","8":"product_cat-im-schaufenster-in-carouge-gesehen","9":"product_cat-pret-a-porter-frau","10":"pa_color-hellbraun-de","11":"pa_color-kastanienbraun-de","12":"pa_color-schwarz-de","13":"pa_taille-42_l-de","15":"first","16":"instock","17":"taxable","18":"shipping-taxable","19":"purchasable","20":"product-type-variable"},"yoast_head":"<!-- This site is optimized with the Yoast SEO plugin v27.3 - https:\/\/yoast.com\/product\/yoast-seo-wordpress\/ -->\n<title>Cognacbrauner echtleder, geflochtener Lederg\u00fcrtel mit Metallschnalle<\/title>\n<meta name=\"description\" content=\"Der Gracie-G\u00fcrtel besteht aus echtem Rinderleder und garantiert Flexibilit\u00e4t, Widerstand und Haltbarkeit. Messingfarbene Metallschnalle\" \/>\n<meta name=\"robots\" content=\"index, follow, max-snippet:-1, max-image-preview:large, max-video-preview:-1\" \/>\n<link rel=\"canonical\" href=\"https:\/\/www.audacieuse-galerie.ch\/de\/produit\/cognacbraun-geflochtener-echtes-lederguertel-mit-messingfarbener-metallschnalle\/\" \/>\n<meta property=\"og:locale\" content=\"de_DE\" \/>\n<meta property=\"og:type\" content=\"article\" \/>\n<meta property=\"og:title\" content=\"Cognacbrauner echtleder, geflochtener Lederg\u00fcrtel mit Metallschnalle\" \/>\n<meta property=\"og:description\" content=\"Der Gracie-G\u00fcrtel besteht aus echtem Rinderleder und garantiert Flexibilit\u00e4t, Widerstand und Haltbarkeit. Messingfarbene Metallschnalle\" \/>\n<meta property=\"og:url\" content=\"https:\/\/www.audacieuse-galerie.ch\/de\/produit\/cognacbraun-geflochtener-echtes-lederguertel-mit-messingfarbener-metallschnalle\/\" \/>\n<meta property=\"og:site_name\" content=\"Audacieuse-Galerie\" \/>\n<meta property=\"article:publisher\" content=\"https:\/\/www.facebook.com\/audacieuse.galerie\" \/>\n<meta property=\"article:modified_time\" content=\"2026-03-19T18:14:09+00:00\" \/>\n<meta property=\"og:image\" content=\"https:\/\/www.audacieuse-galerie.ch\/wp-content\/uploads\/2026\/02\/ceinture-cuir-tresse-marron-fonce-ajustable-bloucle-laiton-2.webp\" \/>\n\t<meta property=\"og:image:width\" content=\"1000\" \/>\n\t<meta property=\"og:image:height\" content=\"1000\" \/>\n\t<meta property=\"og:image:type\" content=\"image\/webp\" \/>\n<meta name=\"twitter:card\" content=\"summary_large_image\" \/>\n<meta name=\"twitter:label1\" content=\"Gesch\u00e4tzte Lesezeit\" \/>\n\t<meta name=\"twitter:data1\" content=\"1 Minute\" \/>\n<script type=\"application\/ld+json\" class=\"yoast-schema-graph\">{\"@context\":\"https:\\\/\\\/schema.org\",\"@graph\":[{\"@type\":\"WebPage\",\"@id\":\"https:\\\/\\\/www.audacieuse-galerie.ch\\\/de\\\/produit\\\/cognacbraun-geflochtener-echtes-lederguertel-mit-messingfarbener-metallschnalle\\\/\",\"url\":\"https:\\\/\\\/www.audacieuse-galerie.ch\\\/de\\\/produit\\\/cognacbraun-geflochtener-echtes-lederguertel-mit-messingfarbener-metallschnalle\\\/\",\"name\":\"Cognacbrauner echtleder, geflochtener Lederg\u00fcrtel mit Metallschnalle\",\"isPartOf\":{\"@id\":\"https:\\\/\\\/www.audacieuse-galerie.ch\\\/de\\\/#website\"},\"primaryImageOfPage\":{\"@id\":\"https:\\\/\\\/www.audacieuse-galerie.ch\\\/de\\\/produit\\\/cognacbraun-geflochtener-echtes-lederguertel-mit-messingfarbener-metallschnalle\\\/#primaryimage\"},\"image\":{\"@id\":\"https:\\\/\\\/www.audacieuse-galerie.ch\\\/de\\\/produit\\\/cognacbraun-geflochtener-echtes-lederguertel-mit-messingfarbener-metallschnalle\\\/#primaryimage\"},\"thumbnailUrl\":\"https:\\\/\\\/www.audacieuse-galerie.ch\\\/wp-content\\\/uploads\\\/2026\\\/02\\\/ceinture-cuir-tresse-marron-fonce-ajustable-bloucle-laiton-2.webp\",\"datePublished\":\"2026-02-23T12:09:56+00:00\",\"dateModified\":\"2026-03-19T18:14:09+00:00\",\"description\":\"Der Gracie-G\u00fcrtel besteht aus echtem Rinderleder und garantiert Flexibilit\u00e4t, Widerstand und Haltbarkeit. Messingfarbene Metallschnalle\",\"breadcrumb\":{\"@id\":\"https:\\\/\\\/www.audacieuse-galerie.ch\\\/de\\\/produit\\\/cognacbraun-geflochtener-echtes-lederguertel-mit-messingfarbener-metallschnalle\\\/#breadcrumb\"},\"inLanguage\":\"de\",\"potentialAction\":[{\"@type\":\"ReadAction\",\"target\":[\"https:\\\/\\\/www.audacieuse-galerie.ch\\\/de\\\/produit\\\/cognacbraun-geflochtener-echtes-lederguertel-mit-messingfarbener-metallschnalle\\\/\"]}]},{\"@type\":\"ImageObject\",\"inLanguage\":\"de\",\"@id\":\"https:\\\/\\\/www.audacieuse-galerie.ch\\\/de\\\/produit\\\/cognacbraun-geflochtener-echtes-lederguertel-mit-messingfarbener-metallschnalle\\\/#primaryimage\",\"url\":\"https:\\\/\\\/www.audacieuse-galerie.ch\\\/wp-content\\\/uploads\\\/2026\\\/02\\\/ceinture-cuir-tresse-marron-fonce-ajustable-bloucle-laiton-2.webp\",\"contentUrl\":\"https:\\\/\\\/www.audacieuse-galerie.ch\\\/wp-content\\\/uploads\\\/2026\\\/02\\\/ceinture-cuir-tresse-marron-fonce-ajustable-bloucle-laiton-2.webp\",\"width\":1000,\"height\":1000,\"caption\":\"Dunkelbrauner geflochtener Lederg\u00fcrtel\"},{\"@type\":\"BreadcrumbList\",\"@id\":\"https:\\\/\\\/www.audacieuse-galerie.ch\\\/de\\\/produit\\\/cognacbraun-geflochtener-echtes-lederguertel-mit-messingfarbener-metallschnalle\\\/#breadcrumb\",\"itemListElement\":[{\"@type\":\"ListItem\",\"position\":1,\"name\":\"Heim\",\"item\":\"https:\\\/\\\/www.audacieuse-galerie.ch\\\/de\\\/\"},{\"@type\":\"ListItem\",\"position\":2,\"name\":\"Alle unsere Produkte\",\"item\":\"https:\\\/\\\/www.audacieuse-galerie.ch\\\/tous-nos-produits\\\/\"},{\"@type\":\"ListItem\",\"position\":3,\"name\":\"Cognac, brauner oder brauner geflochtener echtes Lederg\u00fcrtel mit messingfarbener Metallschnalle\"}]},{\"@type\":\"WebSite\",\"@id\":\"https:\\\/\\\/www.audacieuse-galerie.ch\\\/de\\\/#website\",\"url\":\"https:\\\/\\\/www.audacieuse-galerie.ch\\\/de\\\/\",\"name\":\"Audacieuse-Galerie\",\"description\":\"Mode et Images\",\"potentialAction\":[{\"@type\":\"SearchAction\",\"target\":{\"@type\":\"EntryPoint\",\"urlTemplate\":\"https:\\\/\\\/www.audacieuse-galerie.ch\\\/de\\\/?s={search_term_string}\"},\"query-input\":{\"@type\":\"PropertyValueSpecification\",\"valueRequired\":true,\"valueName\":\"search_term_string\"}}],\"inLanguage\":\"de\"}]}<\/script>\n<!-- \/ Yoast SEO plugin. -->","yoast_head_json":{"title":"Cognacbrauner echtleder, geflochtener Lederg\u00fcrtel mit Metallschnalle","description":"Der Gracie-G\u00fcrtel besteht aus echtem Rinderleder und garantiert Flexibilit\u00e4t, Widerstand und Haltbarkeit. Messingfarbene Metallschnalle","robots":{"index":"index","follow":"follow","max-snippet":"max-snippet:-1","max-image-preview":"max-image-preview:large","max-video-preview":"max-video-preview:-1"},"canonical":"https:\/\/www.audacieuse-galerie.ch\/de\/produit\/cognacbraun-geflochtener-echtes-lederguertel-mit-messingfarbener-metallschnalle\/","og_locale":"de_DE","og_type":"article","og_title":"Cognacbrauner echtleder, geflochtener Lederg\u00fcrtel mit Metallschnalle","og_description":"Der Gracie-G\u00fcrtel besteht aus echtem Rinderleder und garantiert Flexibilit\u00e4t, Widerstand und Haltbarkeit. Messingfarbene Metallschnalle","og_url":"https:\/\/www.audacieuse-galerie.ch\/de\/produit\/cognacbraun-geflochtener-echtes-lederguertel-mit-messingfarbener-metallschnalle\/","og_site_name":"Audacieuse-Galerie","article_publisher":"https:\/\/www.facebook.com\/audacieuse.galerie","article_modified_time":"2026-03-19T18:14:09+00:00","og_image":[{"width":1000,"height":1000,"url":"https:\/\/www.audacieuse-galerie.ch\/wp-content\/uploads\/2026\/02\/ceinture-cuir-tresse-marron-fonce-ajustable-bloucle-laiton-2.webp","type":"image\/webp"}],"twitter_card":"summary_large_image","twitter_misc":{"Gesch\u00e4tzte Lesezeit":"1 Minute"},"schema":{"@context":"https:\/\/schema.org","@graph":[{"@type":"WebPage","@id":"https:\/\/www.audacieuse-galerie.ch\/de\/produit\/cognacbraun-geflochtener-echtes-lederguertel-mit-messingfarbener-metallschnalle\/","url":"https:\/\/www.audacieuse-galerie.ch\/de\/produit\/cognacbraun-geflochtener-echtes-lederguertel-mit-messingfarbener-metallschnalle\/","name":"Cognacbrauner echtleder, geflochtener Lederg\u00fcrtel mit Metallschnalle","isPartOf":{"@id":"https:\/\/www.audacieuse-galerie.ch\/de\/#website"},"primaryImageOfPage":{"@id":"https:\/\/www.audacieuse-galerie.ch\/de\/produit\/cognacbraun-geflochtener-echtes-lederguertel-mit-messingfarbener-metallschnalle\/#primaryimage"},"image":{"@id":"https:\/\/www.audacieuse-galerie.ch\/de\/produit\/cognacbraun-geflochtener-echtes-lederguertel-mit-messingfarbener-metallschnalle\/#primaryimage"},"thumbnailUrl":"https:\/\/www.audacieuse-galerie.ch\/wp-content\/uploads\/2026\/02\/ceinture-cuir-tresse-marron-fonce-ajustable-bloucle-laiton-2.webp","datePublished":"2026-02-23T12:09:56+00:00","dateModified":"2026-03-19T18:14:09+00:00","description":"Der Gracie-G\u00fcrtel besteht aus echtem Rinderleder und garantiert Flexibilit\u00e4t, Widerstand und Haltbarkeit. Messingfarbene Metallschnalle","breadcrumb":{"@id":"https:\/\/www.audacieuse-galerie.ch\/de\/produit\/cognacbraun-geflochtener-echtes-lederguertel-mit-messingfarbener-metallschnalle\/#breadcrumb"},"inLanguage":"de","potentialAction":[{"@type":"ReadAction","target":["https:\/\/www.audacieuse-galerie.ch\/de\/produit\/cognacbraun-geflochtener-echtes-lederguertel-mit-messingfarbener-metallschnalle\/"]}]},{"@type":"ImageObject","inLanguage":"de","@id":"https:\/\/www.audacieuse-galerie.ch\/de\/produit\/cognacbraun-geflochtener-echtes-lederguertel-mit-messingfarbener-metallschnalle\/#primaryimage","url":"https:\/\/www.audacieuse-galerie.ch\/wp-content\/uploads\/2026\/02\/ceinture-cuir-tresse-marron-fonce-ajustable-bloucle-laiton-2.webp","contentUrl":"https:\/\/www.audacieuse-galerie.ch\/wp-content\/uploads\/2026\/02\/ceinture-cuir-tresse-marron-fonce-ajustable-bloucle-laiton-2.webp","width":1000,"height":1000,"caption":"Dunkelbrauner geflochtener Lederg\u00fcrtel"},{"@type":"BreadcrumbList","@id":"https:\/\/www.audacieuse-galerie.ch\/de\/produit\/cognacbraun-geflochtener-echtes-lederguertel-mit-messingfarbener-metallschnalle\/#breadcrumb","itemListElement":[{"@type":"ListItem","position":1,"name":"Heim","item":"https:\/\/www.audacieuse-galerie.ch\/de\/"},{"@type":"ListItem","position":2,"name":"Alle unsere Produkte","item":"https:\/\/www.audacieuse-galerie.ch\/tous-nos-produits\/"},{"@type":"ListItem","position":3,"name":"Cognac, brauner oder brauner geflochtener echtes Lederg\u00fcrtel mit messingfarbener Metallschnalle"}]},{"@type":"WebSite","@id":"https:\/\/www.audacieuse-galerie.ch\/de\/#website","url":"https:\/\/www.audacieuse-galerie.ch\/de\/","name":"Audacieuse-Galerie","description":"Mode et Images","potentialAction":[{"@type":"SearchAction","target":{"@type":"EntryPoint","urlTemplate":"https:\/\/www.audacieuse-galerie.ch\/de\/?s={search_term_string}"},"query-input":{"@type":"PropertyValueSpecification","valueRequired":true,"valueName":"search_term_string"}}],"inLanguage":"de"}]}},"jetpack_publicize_connections":[],"_links":{"self":[{"href":"https:\/\/www.audacieuse-galerie.ch\/de\/wp-json\/wp\/v2\/product\/150046","targetHints":{"allow":["GET"]}}],"collection":[{"href":"https:\/\/www.audacieuse-galerie.ch\/de\/wp-json\/wp\/v2\/product"}],"about":[{"href":"https:\/\/www.audacieuse-galerie.ch\/de\/wp-json\/wp\/v2\/types\/product"}],"replies":[{"embeddable":true,"href":"https:\/\/www.audacieuse-galerie.ch\/de\/wp-json\/wp\/v2\/comments?post=150046"}],"version-history":[{"count":0,"href":"https:\/\/www.audacieuse-galerie.ch\/de\/wp-json\/wp\/v2\/product\/150046\/revisions"}],"wp:featuredmedia":[{"embeddable":true,"href":"https:\/\/www.audacieuse-galerie.ch\/de\/wp-json\/wp\/v2\/media\/150150"}],"wp:attachment":[{"href":"https:\/\/www.audacieuse-galerie.ch\/de\/wp-json\/wp\/v2\/media?parent=150046"}],"wp:term":[{"taxonomy":"product_brand","embeddable":true,"href":"https:\/\/www.audacieuse-galerie.ch\/de\/wp-json\/wp\/v2\/product_brand?post=150046"},{"taxonomy":"product_cat","embeddable":true,"href":"https:\/\/www.audacieuse-galerie.ch\/de\/wp-json\/wp\/v2\/product_cat?post=150046"},{"taxonomy":"product_tag","embeddable":true,"href":"https:\/\/www.audacieuse-galerie.ch\/de\/wp-json\/wp\/v2\/product_tag?post=150046"}],"curies":[{"name":"wp","href":"https:\/\/api.w.org\/{rel}","templated":true}]}}