{"id":150178,"date":"2026-02-24T16:04:56","date_gmt":"2026-02-24T15:04:56","guid":{"rendered":"https:\/\/www.audacieuse-galerie.ch\/produit\/grosse-braune-braunmarige-echte-leder-messenger-tasche-mit-fransen-und-goldenem-karabinerverschluss\/"},"modified":"2026-02-24T16:04:56","modified_gmt":"2026-02-24T15:04:56","slug":"grosse-braune-braunmarige-echte-leder-messenger-tasche-mit-fransen-und-goldenem-karabinerverschluss","status":"publish","type":"product","link":"https:\/\/www.audacieuse-galerie.ch\/de\/produit\/grosse-braune-braunmarige-echte-leder-messenger-tasche-mit-fransen-und-goldenem-karabinerverschluss\/","title":{"rendered":"Gro\u00dfe braune, braunmarige, echte Leder-Messenger-Tasche mit Fransen und goldenem Karabinerverschluss"},"content":{"rendered":"<p>Gro\u00dfk\u00f6rnige Leder-Umh\u00e4ngetasche \u2013 Eleganz und Charakter<\/p>\n<p>Setzen Sie mit dieser gro\u00dfen braunen braunmarigen Leder-Umh\u00e4ngetasche ein Statement, ein St\u00fcck, das sowohl elegant als auch charaktervoll ist. Das strukturierte Leder bietet Widerstand und Halt, w\u00e4hrend es eine sch\u00f6ne Flexibilit\u00e4t bewahrt. <\/p>\n<ul>\n<li>Dekorative Fransen verleihen einen bohemienhaften und dynamischen Touch, ideal, um einen l\u00e4ssigen, schicken oder durchsetzungsf\u00e4higeren Look zu vervollst\u00e4ndigen.<\/li>\n<li>Verfeinerte Details<\/li>\n<li>Der goldene Karabinerverschluss verleiht ein leuchtendes und sicheres Finish, das einen eleganten Kontrast zum tiefen Braun des Leders bildet.<\/li>\n<li>Modulares Tragen: auf der Schulter getragen, quer \u00fcber den K\u00f6rper getragen, von Hand getragen<\/li>\n<\/ul>\n<p>Ein gro\u00dfz\u00fcgiges Format, das perfekt zu Ihren aktiven Tagen passt.<\/p>\n<p>Vom Vimoda-Label, Frankreich<\/p>\n<p>Hergestellt in Italien<\/p>\n","protected":false},"excerpt":{"rendered":"<p>Gro\u00dfe braune braune <strong>Leder-Umh\u00e4ngetasche<\/strong> , mit <strong>Fransen<\/strong> f\u00fcr einen bohemien-chicken Stil. Verschluss mit goldenem Karabiner. Ausgestattet mit einem abnehmbaren Schultergurt und Griff f\u00fcr modulares Tragen.  <\/p>\n","protected":false},"featured_media":150188,"comment_status":"open","ping_status":"closed","template":"","meta":{"jetpack_publicize_message":"","jetpack_publicize_feature_enabled":true,"jetpack_social_post_already_shared":true,"jetpack_social_options":{"image_generator_settings":{"template":"highway","default_image_id":0,"font":"","enabled":false},"version":2}},"product_brand":[],"product_cat":[102,126],"product_tag":[],"class_list":{"0":"post-150178","1":"product","2":"type-product","3":"status-publish","4":"has-post-thumbnail","6":"product_cat-im-schaufenster-in-carouge-gesehen","7":"product_cat-taschen-handtaeschchen-und-mappen","8":"pa_color-kastanienbraun-de","10":"first","11":"instock","12":"taxable","13":"shipping-taxable","14":"purchasable","15":"product-type-simple"},"yoast_head":"<!-- This site is optimized with the Yoast SEO plugin v27.4 - https:\/\/yoast.com\/product\/yoast-seo-wordpress\/ -->\n<title>Gro\u00dfe braune, braune Leder-Umh\u00e4ngetasche mit Fransen<\/title>\n<meta name=\"description\" content=\"Gro\u00dfe braune, braunmastige Leder-Umh\u00e4ngetasche mit Fransen und goldenem Karabinerverschluss. Abnehmbarer Schultergurt und Griff, bohemien-schicker Stil.\" \/>\n<meta name=\"robots\" content=\"index, follow, max-snippet:-1, max-image-preview:large, max-video-preview:-1\" \/>\n<link rel=\"canonical\" href=\"https:\/\/www.audacieuse-galerie.ch\/de\/produit\/grosse-braune-braunmarige-echte-leder-messenger-tasche-mit-fransen-und-goldenem-karabinerverschluss\/\" \/>\n<meta property=\"og:locale\" content=\"de_DE\" \/>\n<meta property=\"og:type\" content=\"article\" \/>\n<meta property=\"og:title\" content=\"Gro\u00dfe braune, braune Leder-Umh\u00e4ngetasche mit Fransen\" \/>\n<meta property=\"og:description\" content=\"Gro\u00dfe braune, braunmastige Leder-Umh\u00e4ngetasche mit Fransen und goldenem Karabinerverschluss. Abnehmbarer Schultergurt und Griff, bohemien-schicker Stil.\" \/>\n<meta property=\"og:url\" content=\"https:\/\/www.audacieuse-galerie.ch\/de\/produit\/grosse-braune-braunmarige-echte-leder-messenger-tasche-mit-fransen-und-goldenem-karabinerverschluss\/\" \/>\n<meta property=\"og:site_name\" content=\"Audacieuse-Galerie\" \/>\n<meta property=\"article:publisher\" content=\"https:\/\/www.facebook.com\/audacieuse.galerie\" \/>\n<meta property=\"og:image\" content=\"https:\/\/www.audacieuse-galerie.ch\/wp-content\/uploads\/2026\/02\/sac-cuir-nappa-marron-franges.webp\" \/>\n\t<meta property=\"og:image:width\" content=\"1000\" \/>\n\t<meta property=\"og:image:height\" content=\"1000\" \/>\n\t<meta property=\"og:image:type\" content=\"image\/webp\" \/>\n<meta name=\"twitter:card\" content=\"summary_large_image\" \/>\n<meta name=\"twitter:label1\" content=\"Gesch\u00e4tzte Lesezeit\" \/>\n\t<meta name=\"twitter:data1\" content=\"1 Minute\" \/>\n<script type=\"application\/ld+json\" class=\"yoast-schema-graph\">{\"@context\":\"https:\\\/\\\/schema.org\",\"@graph\":[{\"@type\":\"ImageObject\",\"inLanguage\":\"de\",\"@id\":\"https:\\\/\\\/www.audacieuse-galerie.ch\\\/de\\\/produit\\\/grosse-braune-braunmarige-echte-leder-messenger-tasche-mit-fransen-und-goldenem-karabinerverschluss\\\/#primaryimage\",\"url\":\"https:\\\/\\\/www.audacieuse-galerie.ch\\\/wp-content\\\/uploads\\\/2026\\\/02\\\/sac-cuir-nappa-marron-franges.webp\",\"contentUrl\":\"https:\\\/\\\/www.audacieuse-galerie.ch\\\/wp-content\\\/uploads\\\/2026\\\/02\\\/sac-cuir-nappa-marron-franges.webp\",\"width\":1000,\"height\":1000,\"caption\":\"Gro\u00dfe braune, braune Leder-Umh\u00e4ngetasche mit Fransen\"}]}<\/script>\n<!-- \/ Yoast SEO plugin. -->","yoast_head_json":{"title":"Gro\u00dfe braune, braune Leder-Umh\u00e4ngetasche mit Fransen","description":"Gro\u00dfe braune, braunmastige Leder-Umh\u00e4ngetasche mit Fransen und goldenem Karabinerverschluss. Abnehmbarer Schultergurt und Griff, bohemien-schicker Stil.","robots":{"index":"index","follow":"follow","max-snippet":"max-snippet:-1","max-image-preview":"max-image-preview:large","max-video-preview":"max-video-preview:-1"},"canonical":"https:\/\/www.audacieuse-galerie.ch\/de\/produit\/grosse-braune-braunmarige-echte-leder-messenger-tasche-mit-fransen-und-goldenem-karabinerverschluss\/","og_locale":"de_DE","og_type":"article","og_title":"Gro\u00dfe braune, braune Leder-Umh\u00e4ngetasche mit Fransen","og_description":"Gro\u00dfe braune, braunmastige Leder-Umh\u00e4ngetasche mit Fransen und goldenem Karabinerverschluss. Abnehmbarer Schultergurt und Griff, bohemien-schicker Stil.","og_url":"https:\/\/www.audacieuse-galerie.ch\/de\/produit\/grosse-braune-braunmarige-echte-leder-messenger-tasche-mit-fransen-und-goldenem-karabinerverschluss\/","og_site_name":"Audacieuse-Galerie","article_publisher":"https:\/\/www.facebook.com\/audacieuse.galerie","og_image":[{"width":1000,"height":1000,"url":"https:\/\/www.audacieuse-galerie.ch\/wp-content\/uploads\/2026\/02\/sac-cuir-nappa-marron-franges.webp","type":"image\/webp"}],"twitter_card":"summary_large_image","twitter_misc":{"Gesch\u00e4tzte Lesezeit":"1 Minute"},"schema":{"@context":"https:\/\/schema.org","@graph":[{"@type":"ImageObject","inLanguage":"de","@id":"https:\/\/www.audacieuse-galerie.ch\/de\/produit\/grosse-braune-braunmarige-echte-leder-messenger-tasche-mit-fransen-und-goldenem-karabinerverschluss\/#primaryimage","url":"https:\/\/www.audacieuse-galerie.ch\/wp-content\/uploads\/2026\/02\/sac-cuir-nappa-marron-franges.webp","contentUrl":"https:\/\/www.audacieuse-galerie.ch\/wp-content\/uploads\/2026\/02\/sac-cuir-nappa-marron-franges.webp","width":1000,"height":1000,"caption":"Gro\u00dfe braune, braune Leder-Umh\u00e4ngetasche mit Fransen"}]}},"jetpack_publicize_connections":[],"_links":{"self":[{"href":"https:\/\/www.audacieuse-galerie.ch\/de\/wp-json\/wp\/v2\/product\/150178","targetHints":{"allow":["GET"]}}],"collection":[{"href":"https:\/\/www.audacieuse-galerie.ch\/de\/wp-json\/wp\/v2\/product"}],"about":[{"href":"https:\/\/www.audacieuse-galerie.ch\/de\/wp-json\/wp\/v2\/types\/product"}],"replies":[{"embeddable":true,"href":"https:\/\/www.audacieuse-galerie.ch\/de\/wp-json\/wp\/v2\/comments?post=150178"}],"version-history":[{"count":0,"href":"https:\/\/www.audacieuse-galerie.ch\/de\/wp-json\/wp\/v2\/product\/150178\/revisions"}],"wp:featuredmedia":[{"embeddable":true,"href":"https:\/\/www.audacieuse-galerie.ch\/de\/wp-json\/wp\/v2\/media\/150188"}],"wp:attachment":[{"href":"https:\/\/www.audacieuse-galerie.ch\/de\/wp-json\/wp\/v2\/media?parent=150178"}],"wp:term":[{"taxonomy":"product_brand","embeddable":true,"href":"https:\/\/www.audacieuse-galerie.ch\/de\/wp-json\/wp\/v2\/product_brand?post=150178"},{"taxonomy":"product_cat","embeddable":true,"href":"https:\/\/www.audacieuse-galerie.ch\/de\/wp-json\/wp\/v2\/product_cat?post=150178"},{"taxonomy":"product_tag","embeddable":true,"href":"https:\/\/www.audacieuse-galerie.ch\/de\/wp-json\/wp\/v2\/product_tag?post=150178"}],"curies":[{"name":"wp","href":"https:\/\/api.w.org\/{rel}","templated":true}]}}