{"id":150209,"date":"2026-02-25T17:08:11","date_gmt":"2026-02-25T16:08:11","guid":{"rendered":"https:\/\/www.audacieuse-galerie.ch\/produit\/gesteppte-bauchtasche-rive-gauche-camel-brown\/"},"modified":"2026-03-04T16:09:16","modified_gmt":"2026-03-04T15:09:16","slug":"gesteppte-bauchtasche-rive-gauche-camel-brown","status":"publish","type":"product","link":"https:\/\/www.audacieuse-galerie.ch\/de\/produit\/gesteppte-bauchtasche-rive-gauche-camel-brown\/","title":{"rendered":"Gesteppte Bauchtasche &#8222;RIVE GAUCHE&#8220; Camel Brown"},"content":{"rendered":"<p>Sowohl trendy als auch funktional ist die gesteppte <strong>Bauchtasche<\/strong> von RIVE GAUCHE der ideale Alltagspartner. Das zeitgen\u00f6ssische Design, verst\u00e4rkt durch eine elegante, charakteristische Stickerei, verleiht all Ihren Outfits eine urbane und raffinierte Note. <\/p>\n<p>Kompakt und doch perfekt organisiert, erm\u00f6glicht es Ihnen, die wichtigsten Dinge stilvoll zu transportieren: Handy, Geldb\u00f6rse, Schl\u00fcssel und kleine Gegenst\u00e4nde finden dank der durchdachten Innenr\u00e4ume ganz nat\u00fcrlich ihren Platz.<\/p>\n<ul>\n<li>Ein praktisches und modulares Zubeh\u00f6r<\/li>\n<li>Kamelbraun l\u00e4sst sich leicht mit deinem Outfit kombinieren<\/li>\n<li>ein verstellbarer und abnehmbarer Schultergurt, der das Tragen an der Taille oder im Querk\u00f6rper erm\u00f6glicht<\/li>\n<li>Eine herausnehmbare, mit Rei\u00dfverschluss ausgestattete Handtasche, praktisch, um Kleingeld oder Kleinigkeiten griffbereit zu halten<\/li>\n<li>Ein sicherer Hauptrei\u00dfverschluss<\/li>\n<li>Eine Innentasche mit Rei\u00dfverschluss f\u00fcr Wertgegenst\u00e4nde<\/li>\n<li>Eine innengeordnete Patch-Tasche f\u00fcr optimale Organisation<\/li>\n<li>Das leichte Design (0,4 kg) sorgt f\u00fcr ganzt\u00e4gigen Komfort.<\/li>\n<\/ul>\n<p><strong>Materialien und Oberfl\u00e4chen<\/strong><\/p>\n<p>Die Au\u00dfenfassade besteht aus Polyester- (90 %) und PU-Stoff (10 %) und bietet Widerstandsf\u00e4higkeit und Haltbarkeit und bewahrt dabei ein modernes und strukturiertes Aussehen.<br \/>\nDas Polyester-Innenfutter sorgt f\u00fcr Haltbarkeit und einfache Pflege.<\/p>\n<p>Die &#8222;RIVE GAUCHE&#8220;-Stickerei verleiht eine starke und elegante visuelle Signatur.<\/p>\n<p><strong>Abmessungen<\/strong><\/p>\n<ul>\n<li>H\u00f6he: 15,5 cm<\/li>\n<li>Breite: 26 cm<\/li>\n<li>Tiefe: 6 cm<\/li>\n<li>Nettogewicht: 0,4 kg<\/li>\n<\/ul>\n<p>Seine kompakte Gr\u00f6\u00dfe macht es ideal f\u00fcr den t\u00e4glichen Gebrauch, Ausfl\u00fcge, Ausfl\u00fcge oder Spazierg\u00e4nge in der Stadt.<\/p>\n","protected":false},"excerpt":{"rendered":"<p>Elegant und funktional vereint die gesteppte &gt;Bauchttasche von RIVE GAUCHE<\/strong> urbanen Stil und Praktikabilit\u00e4t. Sein modernes Design, verst\u00e4rkt durch charakteristische Stickereien, macht es zum idealen Alltagsaccessoire. <\/p>\n<p>Er ist daf\u00fcr konzipiert, an der Taille oder \u00fcber den K\u00f6rper getragen zu werden, und passt sich dank seines verstellbaren und abnehmbaren Gurts an all Ihre W\u00fcnsche an.<\/p>\n","protected":false},"featured_media":150191,"comment_status":"open","ping_status":"closed","template":"","meta":{"jetpack_publicize_message":"","jetpack_publicize_feature_enabled":true,"jetpack_social_post_already_shared":true,"jetpack_social_options":{"image_generator_settings":{"template":"highway","default_image_id":0,"font":"","enabled":false},"version":2}},"product_brand":[],"product_cat":[207,126],"product_tag":[],"class_list":{"0":"post-150209","1":"product","2":"type-product","3":"status-publish","4":"has-post-thumbnail","6":"product_cat-accessoires-de","7":"product_cat-taschen-handtaeschchen-und-mappen","8":"pa_color-hellbraun-de","10":"first","11":"instock","12":"taxable","13":"shipping-taxable","14":"purchasable","15":"product-type-simple"},"yoast_head":"<!-- This site is optimized with the Yoast SEO plugin v27.4 - https:\/\/yoast.com\/product\/yoast-seo-wordpress\/ -->\n<title>Gesteppte Bauchtasche &quot;RIVE GAUCHE&quot; Camel Brown - Audacieuse-Galerie<\/title>\n<meta name=\"description\" content=\"RIVE GAUCHE gesteppte Bauchttasche mit verstellbarem Schultergurt, abnehmbarer Handtasche und Innentaschen. Leicht, praktisch und trendy.\" \/>\n<meta name=\"robots\" content=\"index, follow, max-snippet:-1, max-image-preview:large, max-video-preview:-1\" \/>\n<link rel=\"canonical\" href=\"https:\/\/www.audacieuse-galerie.ch\/de\/produit\/gesteppte-bauchtasche-rive-gauche-camel-brown\/\" \/>\n<meta property=\"og:locale\" content=\"de_DE\" \/>\n<meta property=\"og:type\" content=\"article\" \/>\n<meta property=\"og:title\" content=\"Gesteppte Bauchtasche &quot;RIVE GAUCHE&quot; Camel Brown - Audacieuse-Galerie\" \/>\n<meta property=\"og:description\" content=\"RIVE GAUCHE gesteppte Bauchttasche mit verstellbarem Schultergurt, abnehmbarer Handtasche und Innentaschen. Leicht, praktisch und trendy.\" \/>\n<meta property=\"og:url\" content=\"https:\/\/www.audacieuse-galerie.ch\/de\/produit\/gesteppte-bauchtasche-rive-gauche-camel-brown\/\" \/>\n<meta property=\"og:site_name\" content=\"Audacieuse-Galerie\" \/>\n<meta property=\"article:publisher\" content=\"https:\/\/www.facebook.com\/audacieuse.galerie\" \/>\n<meta property=\"article:modified_time\" content=\"2026-03-04T15:09:16+00:00\" \/>\n<meta property=\"og:image\" content=\"https:\/\/www.audacieuse-galerie.ch\/wp-content\/uploads\/2026\/02\/sac-tissu-rive-gauche-camel-brun.webp\" \/>\n\t<meta property=\"og:image:width\" content=\"1000\" \/>\n\t<meta property=\"og:image:height\" content=\"1000\" \/>\n\t<meta property=\"og:image:type\" content=\"image\/webp\" \/>\n<meta name=\"twitter:card\" content=\"summary_large_image\" \/>\n<meta name=\"twitter:label1\" content=\"Gesch\u00e4tzte Lesezeit\" \/>\n\t<meta name=\"twitter:data1\" content=\"1 Minute\" \/>\n<script type=\"application\/ld+json\" class=\"yoast-schema-graph\">{\"@context\":\"https:\\\/\\\/schema.org\",\"@graph\":[{\"@type\":\"WebPage\",\"@id\":\"https:\\\/\\\/www.audacieuse-galerie.ch\\\/de\\\/produit\\\/gesteppte-bauchtasche-rive-gauche-camel-brown\\\/\",\"url\":\"https:\\\/\\\/www.audacieuse-galerie.ch\\\/de\\\/produit\\\/gesteppte-bauchtasche-rive-gauche-camel-brown\\\/\",\"name\":\"Gesteppte Bauchtasche \\\"RIVE GAUCHE\\\" Camel Brown - Audacieuse-Galerie\",\"isPartOf\":{\"@id\":\"https:\\\/\\\/www.audacieuse-galerie.ch\\\/de\\\/#website\"},\"primaryImageOfPage\":{\"@id\":\"https:\\\/\\\/www.audacieuse-galerie.ch\\\/de\\\/produit\\\/gesteppte-bauchtasche-rive-gauche-camel-brown\\\/#primaryimage\"},\"image\":{\"@id\":\"https:\\\/\\\/www.audacieuse-galerie.ch\\\/de\\\/produit\\\/gesteppte-bauchtasche-rive-gauche-camel-brown\\\/#primaryimage\"},\"thumbnailUrl\":\"https:\\\/\\\/www.audacieuse-galerie.ch\\\/wp-content\\\/uploads\\\/2026\\\/02\\\/sac-tissu-rive-gauche-camel-brun.webp\",\"datePublished\":\"2026-02-25T16:08:11+00:00\",\"dateModified\":\"2026-03-04T15:09:16+00:00\",\"description\":\"RIVE GAUCHE gesteppte Bauchttasche mit verstellbarem Schultergurt, abnehmbarer Handtasche und Innentaschen. Leicht, praktisch und trendy.\",\"breadcrumb\":{\"@id\":\"https:\\\/\\\/www.audacieuse-galerie.ch\\\/de\\\/produit\\\/gesteppte-bauchtasche-rive-gauche-camel-brown\\\/#breadcrumb\"},\"inLanguage\":\"de\",\"potentialAction\":[{\"@type\":\"ReadAction\",\"target\":[\"https:\\\/\\\/www.audacieuse-galerie.ch\\\/de\\\/produit\\\/gesteppte-bauchtasche-rive-gauche-camel-brown\\\/\"]}]},{\"@type\":\"ImageObject\",\"inLanguage\":\"de\",\"@id\":\"https:\\\/\\\/www.audacieuse-galerie.ch\\\/de\\\/produit\\\/gesteppte-bauchtasche-rive-gauche-camel-brown\\\/#primaryimage\",\"url\":\"https:\\\/\\\/www.audacieuse-galerie.ch\\\/wp-content\\\/uploads\\\/2026\\\/02\\\/sac-tissu-rive-gauche-camel-brun.webp\",\"contentUrl\":\"https:\\\/\\\/www.audacieuse-galerie.ch\\\/wp-content\\\/uploads\\\/2026\\\/02\\\/sac-tissu-rive-gauche-camel-brun.webp\",\"width\":1000,\"height\":1000,\"caption\":\"Bauchtasche aus kamelbraunem gestepptem Stoff\"},{\"@type\":\"BreadcrumbList\",\"@id\":\"https:\\\/\\\/www.audacieuse-galerie.ch\\\/de\\\/produit\\\/gesteppte-bauchtasche-rive-gauche-camel-brown\\\/#breadcrumb\",\"itemListElement\":[{\"@type\":\"ListItem\",\"position\":1,\"name\":\"Heim\",\"item\":\"https:\\\/\\\/www.audacieuse-galerie.ch\\\/de\\\/\"},{\"@type\":\"ListItem\",\"position\":2,\"name\":\"Alle unsere Produkte\",\"item\":\"https:\\\/\\\/www.audacieuse-galerie.ch\\\/tous-nos-produits\\\/\"},{\"@type\":\"ListItem\",\"position\":3,\"name\":\"Gesteppte Bauchtasche &#8222;RIVE GAUCHE&#8220; Camel Brown\"}]},{\"@type\":\"WebSite\",\"@id\":\"https:\\\/\\\/www.audacieuse-galerie.ch\\\/de\\\/#website\",\"url\":\"https:\\\/\\\/www.audacieuse-galerie.ch\\\/de\\\/\",\"name\":\"Audacieuse-Galerie\",\"description\":\"Mode et Images\",\"potentialAction\":[{\"@type\":\"SearchAction\",\"target\":{\"@type\":\"EntryPoint\",\"urlTemplate\":\"https:\\\/\\\/www.audacieuse-galerie.ch\\\/de\\\/?s={search_term_string}\"},\"query-input\":{\"@type\":\"PropertyValueSpecification\",\"valueRequired\":true,\"valueName\":\"search_term_string\"}}],\"inLanguage\":\"de\"}]}<\/script>\n<!-- \/ Yoast SEO plugin. -->","yoast_head_json":{"title":"Gesteppte Bauchtasche \"RIVE GAUCHE\" Camel Brown - Audacieuse-Galerie","description":"RIVE GAUCHE gesteppte Bauchttasche mit verstellbarem Schultergurt, abnehmbarer Handtasche und Innentaschen. Leicht, praktisch und trendy.","robots":{"index":"index","follow":"follow","max-snippet":"max-snippet:-1","max-image-preview":"max-image-preview:large","max-video-preview":"max-video-preview:-1"},"canonical":"https:\/\/www.audacieuse-galerie.ch\/de\/produit\/gesteppte-bauchtasche-rive-gauche-camel-brown\/","og_locale":"de_DE","og_type":"article","og_title":"Gesteppte Bauchtasche \"RIVE GAUCHE\" Camel Brown - Audacieuse-Galerie","og_description":"RIVE GAUCHE gesteppte Bauchttasche mit verstellbarem Schultergurt, abnehmbarer Handtasche und Innentaschen. Leicht, praktisch und trendy.","og_url":"https:\/\/www.audacieuse-galerie.ch\/de\/produit\/gesteppte-bauchtasche-rive-gauche-camel-brown\/","og_site_name":"Audacieuse-Galerie","article_publisher":"https:\/\/www.facebook.com\/audacieuse.galerie","article_modified_time":"2026-03-04T15:09:16+00:00","og_image":[{"width":1000,"height":1000,"url":"https:\/\/www.audacieuse-galerie.ch\/wp-content\/uploads\/2026\/02\/sac-tissu-rive-gauche-camel-brun.webp","type":"image\/webp"}],"twitter_card":"summary_large_image","twitter_misc":{"Gesch\u00e4tzte Lesezeit":"1 Minute"},"schema":{"@context":"https:\/\/schema.org","@graph":[{"@type":"WebPage","@id":"https:\/\/www.audacieuse-galerie.ch\/de\/produit\/gesteppte-bauchtasche-rive-gauche-camel-brown\/","url":"https:\/\/www.audacieuse-galerie.ch\/de\/produit\/gesteppte-bauchtasche-rive-gauche-camel-brown\/","name":"Gesteppte Bauchtasche \"RIVE GAUCHE\" Camel Brown - Audacieuse-Galerie","isPartOf":{"@id":"https:\/\/www.audacieuse-galerie.ch\/de\/#website"},"primaryImageOfPage":{"@id":"https:\/\/www.audacieuse-galerie.ch\/de\/produit\/gesteppte-bauchtasche-rive-gauche-camel-brown\/#primaryimage"},"image":{"@id":"https:\/\/www.audacieuse-galerie.ch\/de\/produit\/gesteppte-bauchtasche-rive-gauche-camel-brown\/#primaryimage"},"thumbnailUrl":"https:\/\/www.audacieuse-galerie.ch\/wp-content\/uploads\/2026\/02\/sac-tissu-rive-gauche-camel-brun.webp","datePublished":"2026-02-25T16:08:11+00:00","dateModified":"2026-03-04T15:09:16+00:00","description":"RIVE GAUCHE gesteppte Bauchttasche mit verstellbarem Schultergurt, abnehmbarer Handtasche und Innentaschen. Leicht, praktisch und trendy.","breadcrumb":{"@id":"https:\/\/www.audacieuse-galerie.ch\/de\/produit\/gesteppte-bauchtasche-rive-gauche-camel-brown\/#breadcrumb"},"inLanguage":"de","potentialAction":[{"@type":"ReadAction","target":["https:\/\/www.audacieuse-galerie.ch\/de\/produit\/gesteppte-bauchtasche-rive-gauche-camel-brown\/"]}]},{"@type":"ImageObject","inLanguage":"de","@id":"https:\/\/www.audacieuse-galerie.ch\/de\/produit\/gesteppte-bauchtasche-rive-gauche-camel-brown\/#primaryimage","url":"https:\/\/www.audacieuse-galerie.ch\/wp-content\/uploads\/2026\/02\/sac-tissu-rive-gauche-camel-brun.webp","contentUrl":"https:\/\/www.audacieuse-galerie.ch\/wp-content\/uploads\/2026\/02\/sac-tissu-rive-gauche-camel-brun.webp","width":1000,"height":1000,"caption":"Bauchtasche aus kamelbraunem gestepptem Stoff"},{"@type":"BreadcrumbList","@id":"https:\/\/www.audacieuse-galerie.ch\/de\/produit\/gesteppte-bauchtasche-rive-gauche-camel-brown\/#breadcrumb","itemListElement":[{"@type":"ListItem","position":1,"name":"Heim","item":"https:\/\/www.audacieuse-galerie.ch\/de\/"},{"@type":"ListItem","position":2,"name":"Alle unsere Produkte","item":"https:\/\/www.audacieuse-galerie.ch\/tous-nos-produits\/"},{"@type":"ListItem","position":3,"name":"Gesteppte Bauchtasche &#8222;RIVE GAUCHE&#8220; Camel Brown"}]},{"@type":"WebSite","@id":"https:\/\/www.audacieuse-galerie.ch\/de\/#website","url":"https:\/\/www.audacieuse-galerie.ch\/de\/","name":"Audacieuse-Galerie","description":"Mode et Images","potentialAction":[{"@type":"SearchAction","target":{"@type":"EntryPoint","urlTemplate":"https:\/\/www.audacieuse-galerie.ch\/de\/?s={search_term_string}"},"query-input":{"@type":"PropertyValueSpecification","valueRequired":true,"valueName":"search_term_string"}}],"inLanguage":"de"}]}},"jetpack_publicize_connections":[],"_links":{"self":[{"href":"https:\/\/www.audacieuse-galerie.ch\/de\/wp-json\/wp\/v2\/product\/150209","targetHints":{"allow":["GET"]}}],"collection":[{"href":"https:\/\/www.audacieuse-galerie.ch\/de\/wp-json\/wp\/v2\/product"}],"about":[{"href":"https:\/\/www.audacieuse-galerie.ch\/de\/wp-json\/wp\/v2\/types\/product"}],"replies":[{"embeddable":true,"href":"https:\/\/www.audacieuse-galerie.ch\/de\/wp-json\/wp\/v2\/comments?post=150209"}],"version-history":[{"count":0,"href":"https:\/\/www.audacieuse-galerie.ch\/de\/wp-json\/wp\/v2\/product\/150209\/revisions"}],"wp:featuredmedia":[{"embeddable":true,"href":"https:\/\/www.audacieuse-galerie.ch\/de\/wp-json\/wp\/v2\/media\/150191"}],"wp:attachment":[{"href":"https:\/\/www.audacieuse-galerie.ch\/de\/wp-json\/wp\/v2\/media?parent=150209"}],"wp:term":[{"taxonomy":"product_brand","embeddable":true,"href":"https:\/\/www.audacieuse-galerie.ch\/de\/wp-json\/wp\/v2\/product_brand?post=150209"},{"taxonomy":"product_cat","embeddable":true,"href":"https:\/\/www.audacieuse-galerie.ch\/de\/wp-json\/wp\/v2\/product_cat?post=150209"},{"taxonomy":"product_tag","embeddable":true,"href":"https:\/\/www.audacieuse-galerie.ch\/de\/wp-json\/wp\/v2\/product_tag?post=150209"}],"curies":[{"name":"wp","href":"https:\/\/api.w.org\/{rel}","templated":true}]}}