{"id":150219,"date":"2026-02-25T17:36:32","date_gmt":"2026-02-25T16:36:32","guid":{"rendered":"https:\/\/www.audacieuse-galerie.ch\/produit\/langer-uebergrosser-mantel-mit-karomuster-und-prince-of-wales-muster\/"},"modified":"2026-02-25T17:36:32","modified_gmt":"2026-02-25T16:36:32","slug":"langer-uebergrosser-mantel-mit-karomuster-und-prince-of-wales-muster","status":"publish","type":"product","link":"https:\/\/www.audacieuse-galerie.ch\/de\/produit\/langer-uebergrosser-mantel-mit-karomuster-und-prince-of-wales-muster\/","title":{"rendered":"Langer, \u00fcbergro\u00dfer Mantel mit Karomuster und Prince of Wales-Muster"},"content":{"rendered":"<p>Ein moderner und bequemer, \u00fcbergro\u00dfer Schnitt, der Bewegungsfreiheit und thermischen Komfort bietet, dieser Mantel \u00fcbernimmt:<\/p>\n<ul>\n<li>Ein <strong>\u00fcbergro\u00dfer<\/strong>, langer Schnitt, ideal zum Schichten von Pullovern und Jacken, breit an den Schultern<\/li>\n<li>Ein strukturiertes und elegantes doppelreihiges Finish<\/li>\n<li>Eine breite Linie, die Charakter und Modernit\u00e4t verleiht<\/li>\n<li>Sein gro\u00dfz\u00fcgiges Volumen sorgt f\u00fcr einen fl\u00fcssigen und anspruchsvollen Fall, perfekt f\u00fcr eine aktuelle und durchsetzungsf\u00e4hige Silhouette.<\/li>\n<li>Ein zeitloses Motiv: die Fliese von Wales<\/li>\n<\/ul>\n<p>Das <strong>Prince of Wales-Muster<\/strong>, ein Klassiker der Schneidergarderobe, durchquert die Jahreszeiten, ohne jemals seine Modernit\u00e4t zu verlieren. Er verleiht eine schicke und grafische Note, die sich leicht mit Folgendem kombinieren l\u00e4sst: <\/p>\n<p>Jeans und Sneaker f\u00fcr einen l\u00e4ssigen, urbanen Look<\/p>\n<p>Ma\u00dfgeschneiderte Hosen f\u00fcr einen eleganteren Look<\/p>\n<p>Ein flie\u00dfendes Kleid f\u00fcr einen eleganten feminin-maskulinen Kontrast<\/p>\n<p><strong>Material und Bauweise<\/strong><\/p>\n<p>Aus Kunstwolle gefertigt, bietet dieser Mantel nat\u00fcrliche W\u00e4rme und Komfort w\u00e4hrend der kalten Jahreszeiten.<\/p>\n<p>Hauptmaterial: <strong>Imitat-Wolllaken aus 100 % Polyester<\/strong> (ungef\u00fcttert) mit internem Hundez\u00e4hnmuster<\/p>\n<p>Hergestellt in Italien<\/p>\n<p>Marke: Label Dioxide<\/p>\n<p>&nbsp;<\/p>\n","protected":false},"excerpt":{"rendered":"<p>Setzen Sie mit diesem \u00fcbergro\u00dfen langen Mantel aus Wolle mit Wales-Karos ein Stilstatement, ein zeitloses St\u00fcck mit britischem Charme. Sein ikonisches Muster und der lockere Schnitt machen ihn zu einem Muss in der Damengarderobe \u2013 perfekt, um eine Silhouette zu strukturieren und dabei einen l\u00e4ssigen und eleganten Look zu bewahren. <\/p>\n","protected":false},"featured_media":150225,"comment_status":"open","ping_status":"closed","template":"","meta":{"_glsr_average":0,"_glsr_ranking":0,"_glsr_reviews":0,"jetpack_publicize_message":"","jetpack_publicize_feature_enabled":true,"jetpack_social_post_already_shared":true,"jetpack_social_options":{"image_generator_settings":{"template":"highway","default_image_id":0,"font":"","enabled":false},"version":2}},"product_brand":[],"product_cat":[210,72],"product_tag":[],"class_list":{"0":"post-150219","1":"product","2":"type-product","3":"status-publish","4":"has-post-thumbnail","6":"product_cat-jacken-und-maentel","7":"product_cat-pret-a-porter-frau","8":"pa_color-grau-de","10":"first","11":"instock","12":"taxable","13":"shipping-taxable","14":"purchasable","15":"product-type-simple"},"yoast_head":"<!-- This site is optimized with the Yoast SEO plugin v27.4 - https:\/\/yoast.com\/product\/yoast-seo-wordpress\/ -->\n<title>Langer, \u00fcbergro\u00dfer Mantel mit Karomuster und Prince of Wales-Muster - Audacieuse-Galerie<\/title>\n<meta name=\"description\" content=\"Setzen Sie ein stilvolles Statement mit diesem \u00fcbergro\u00dfen Prince of Wales Woll-Kunstmantel, einem zeitlosen St\u00fcck mit britischem Charme.\" \/>\n<meta name=\"robots\" content=\"index, follow, max-snippet:-1, max-image-preview:large, max-video-preview:-1\" \/>\n<link rel=\"canonical\" href=\"https:\/\/www.audacieuse-galerie.ch\/de\/produit\/langer-uebergrosser-mantel-mit-karomuster-und-prince-of-wales-muster\/\" \/>\n<meta property=\"og:locale\" content=\"de_DE\" \/>\n<meta property=\"og:type\" content=\"article\" \/>\n<meta property=\"og:title\" content=\"Langer, \u00fcbergro\u00dfer Mantel mit Karomuster und Prince of Wales-Muster - Audacieuse-Galerie\" \/>\n<meta property=\"og:description\" content=\"Setzen Sie ein stilvolles Statement mit diesem \u00fcbergro\u00dfen Prince of Wales Woll-Kunstmantel, einem zeitlosen St\u00fcck mit britischem Charme.\" \/>\n<meta property=\"og:url\" content=\"https:\/\/www.audacieuse-galerie.ch\/de\/produit\/langer-uebergrosser-mantel-mit-karomuster-und-prince-of-wales-muster\/\" \/>\n<meta property=\"og:site_name\" content=\"Audacieuse-Galerie\" \/>\n<meta property=\"article:publisher\" content=\"https:\/\/www.facebook.com\/audacieuse.galerie\" \/>\n<meta property=\"og:image\" content=\"https:\/\/www.audacieuse-galerie.ch\/wp-content\/uploads\/2026\/02\/5438650-47e9326c8f1096.webp\" \/>\n\t<meta property=\"og:image:width\" content=\"575\" \/>\n\t<meta property=\"og:image:height\" content=\"863\" \/>\n\t<meta property=\"og:image:type\" content=\"image\/webp\" \/>\n<meta name=\"twitter:card\" content=\"summary_large_image\" \/>\n<meta name=\"twitter:label1\" content=\"Gesch\u00e4tzte Lesezeit\" \/>\n\t<meta name=\"twitter:data1\" content=\"1 Minute\" \/>\n<script type=\"application\/ld+json\" class=\"yoast-schema-graph\">{\"@context\":\"https:\\\/\\\/schema.org\",\"@graph\":[{\"@type\":\"ImageObject\",\"inLanguage\":\"de\",\"@id\":\"https:\\\/\\\/www.audacieuse-galerie.ch\\\/de\\\/produit\\\/langer-uebergrosser-mantel-mit-karomuster-und-prince-of-wales-muster\\\/#primaryimage\",\"url\":\"https:\\\/\\\/www.audacieuse-galerie.ch\\\/wp-content\\\/uploads\\\/2026\\\/02\\\/5438650-47e9326c8f1096.webp\",\"contentUrl\":\"https:\\\/\\\/www.audacieuse-galerie.ch\\\/wp-content\\\/uploads\\\/2026\\\/02\\\/5438650-47e9326c8f1096.webp\",\"width\":575,\"height\":863,\"caption\":\"Prince of Wales \u00fcbergro\u00dfer langer Mantel\"}]}<\/script>\n<!-- \/ Yoast SEO plugin. -->","yoast_head_json":{"title":"Langer, \u00fcbergro\u00dfer Mantel mit Karomuster und Prince of Wales-Muster - Audacieuse-Galerie","description":"Setzen Sie ein stilvolles Statement mit diesem \u00fcbergro\u00dfen Prince of Wales Woll-Kunstmantel, einem zeitlosen St\u00fcck mit britischem Charme.","robots":{"index":"index","follow":"follow","max-snippet":"max-snippet:-1","max-image-preview":"max-image-preview:large","max-video-preview":"max-video-preview:-1"},"canonical":"https:\/\/www.audacieuse-galerie.ch\/de\/produit\/langer-uebergrosser-mantel-mit-karomuster-und-prince-of-wales-muster\/","og_locale":"de_DE","og_type":"article","og_title":"Langer, \u00fcbergro\u00dfer Mantel mit Karomuster und Prince of Wales-Muster - Audacieuse-Galerie","og_description":"Setzen Sie ein stilvolles Statement mit diesem \u00fcbergro\u00dfen Prince of Wales Woll-Kunstmantel, einem zeitlosen St\u00fcck mit britischem Charme.","og_url":"https:\/\/www.audacieuse-galerie.ch\/de\/produit\/langer-uebergrosser-mantel-mit-karomuster-und-prince-of-wales-muster\/","og_site_name":"Audacieuse-Galerie","article_publisher":"https:\/\/www.facebook.com\/audacieuse.galerie","og_image":[{"width":575,"height":863,"url":"https:\/\/www.audacieuse-galerie.ch\/wp-content\/uploads\/2026\/02\/5438650-47e9326c8f1096.webp","type":"image\/webp"}],"twitter_card":"summary_large_image","twitter_misc":{"Gesch\u00e4tzte Lesezeit":"1 Minute"},"schema":{"@context":"https:\/\/schema.org","@graph":[{"@type":"ImageObject","inLanguage":"de","@id":"https:\/\/www.audacieuse-galerie.ch\/de\/produit\/langer-uebergrosser-mantel-mit-karomuster-und-prince-of-wales-muster\/#primaryimage","url":"https:\/\/www.audacieuse-galerie.ch\/wp-content\/uploads\/2026\/02\/5438650-47e9326c8f1096.webp","contentUrl":"https:\/\/www.audacieuse-galerie.ch\/wp-content\/uploads\/2026\/02\/5438650-47e9326c8f1096.webp","width":575,"height":863,"caption":"Prince of Wales \u00fcbergro\u00dfer langer Mantel"}]}},"jetpack_publicize_connections":[],"_links":{"self":[{"href":"https:\/\/www.audacieuse-galerie.ch\/de\/wp-json\/wp\/v2\/product\/150219","targetHints":{"allow":["GET"]}}],"collection":[{"href":"https:\/\/www.audacieuse-galerie.ch\/de\/wp-json\/wp\/v2\/product"}],"about":[{"href":"https:\/\/www.audacieuse-galerie.ch\/de\/wp-json\/wp\/v2\/types\/product"}],"replies":[{"embeddable":true,"href":"https:\/\/www.audacieuse-galerie.ch\/de\/wp-json\/wp\/v2\/comments?post=150219"}],"version-history":[{"count":0,"href":"https:\/\/www.audacieuse-galerie.ch\/de\/wp-json\/wp\/v2\/product\/150219\/revisions"}],"wp:featuredmedia":[{"embeddable":true,"href":"https:\/\/www.audacieuse-galerie.ch\/de\/wp-json\/wp\/v2\/media\/150225"}],"wp:attachment":[{"href":"https:\/\/www.audacieuse-galerie.ch\/de\/wp-json\/wp\/v2\/media?parent=150219"}],"wp:term":[{"taxonomy":"product_brand","embeddable":true,"href":"https:\/\/www.audacieuse-galerie.ch\/de\/wp-json\/wp\/v2\/product_brand?post=150219"},{"taxonomy":"product_cat","embeddable":true,"href":"https:\/\/www.audacieuse-galerie.ch\/de\/wp-json\/wp\/v2\/product_cat?post=150219"},{"taxonomy":"product_tag","embeddable":true,"href":"https:\/\/www.audacieuse-galerie.ch\/de\/wp-json\/wp\/v2\/product_tag?post=150219"}],"curies":[{"name":"wp","href":"https:\/\/api.w.org\/{rel}","templated":true}]}}