{"id":150234,"date":"2026-02-25T17:57:27","date_gmt":"2026-02-25T16:57:27","guid":{"rendered":"https:\/\/www.audacieuse-galerie.ch\/produit\/englische-handgefertigte-marsala-rote-leder-tragetasche\/"},"modified":"2026-04-16T13:18:54","modified_gmt":"2026-04-16T11:18:54","slug":"englische-handgefertigte-marsala-rote-leder-tragetasche","status":"publish","type":"product","link":"https:\/\/www.audacieuse-galerie.ch\/de\/produit\/englische-handgefertigte-marsala-rote-leder-tragetasche\/","title":{"rendered":"Englische handgefertigte Marsala-rote Leder-Tragetasche"},"content":{"rendered":"<p>Au\u00dfergew\u00f6hnliches Leder und Handwerk auf Bestellung gefertigt.<\/p>\n<p>Jede Tasche wird mit gr\u00f6\u00dfter Sorgfalt aus hochwertigem Leder gefertigt, das wegen Haltbarkeit und Langlebigkeit ausgew\u00e4hlt wird.<\/p>\n<ul>\n<li>Handgen\u00e4ht<\/li>\n<li>Akribische Finishes<\/li>\n<li>Handgefertigt in England von der Marke Zatchels<\/li>\n<li>Das Leder entwickelt im Laufe der Zeit eine Patina, die Ihre Tasche einzigartig und im Laufe der Jahre noch sch\u00f6ner macht.<\/li>\n<li>Ein ger\u00e4umiges und praktisches Format<\/li>\n<\/ul>\n<p>Diese Tragetasche ist f\u00fcr Ihren Alltag konzipiert und enth\u00e4lt:<\/p>\n<ul>\n<li>Ein ger\u00e4umiges Interieur, um Ihre wichtigsten Dinge (Geldb\u00f6rse, Tagebuch, Tablet, Federm\u00e4ppchen usw.) unterzubringen.<\/li>\n<li>Bequeme Doppelgriffe f\u00fcr ein stilvolles Schultertragen<\/li>\n<li>Diskreter magnetischer Verschluss<\/li>\n<li>Eine sichere Innentasche, um Ihre Wertsachen griffbereit zu halten<\/li>\n<\/ul>\n<p>Vielseitig und strukturiert ist er ideal f\u00fcr die Arbeit, Ausfl\u00fcge in der Stadt oder unterwegs.<\/p>\n","protected":false},"excerpt":{"rendered":"<p>Zeitlos, elegant und konsequent funktional ist die Marsala-rote Tragetasche ein starkes St\u00fcck der Damengarderobe. Sein tiefer und warmer Farbton verleiht all Ihren Outfits Charakter und Raffinesse, vom Alltag bis zu eleganteren Anl\u00e4ssen. <\/p>\n","protected":false},"featured_media":150235,"comment_status":"open","ping_status":"closed","template":"","meta":{"jetpack_publicize_message":"","jetpack_publicize_feature_enabled":true,"jetpack_social_post_already_shared":true,"jetpack_social_options":{"image_generator_settings":{"template":"highway","default_image_id":0,"font":"","enabled":false},"version":2}},"product_brand":[],"product_cat":[207,96,2593,126,2851],"product_tag":[],"class_list":{"0":"post-150234","1":"product","2":"type-product","3":"status-publish","4":"has-post-thumbnail","6":"product_cat-accessoires-de","7":"product_cat-accessoires-von-schoepfern","8":"product_cat-modedesigner","9":"product_cat-taschen-handtaeschchen-und-mappen","10":"product_cat-zatchels","11":"pa_color-bordeauxrot-de","13":"first","14":"instock","15":"sold-individually","16":"taxable","17":"shipping-taxable","18":"purchasable","19":"product-type-simple"},"yoast_head":"<!-- This site is optimized with the Yoast SEO plugin v27.4 - https:\/\/yoast.com\/product\/yoast-seo-wordpress\/ -->\n<title>Englische handgefertigte Marsala-rote Leder-Tragetasche - Audacieuse-Galerie<\/title>\n<meta name=\"description\" content=\"Marsala rote Leder-Tragetasche, handgefertigt in England. Stilvoll, ger\u00e4umig und praktisch mit Doppelgriffen und sicherer Innentasche.\" \/>\n<meta name=\"robots\" content=\"index, follow, max-snippet:-1, max-image-preview:large, max-video-preview:-1\" \/>\n<link rel=\"canonical\" href=\"https:\/\/www.audacieuse-galerie.ch\/de\/produit\/englische-handgefertigte-marsala-rote-leder-tragetasche\/\" \/>\n<meta property=\"og:locale\" content=\"de_DE\" \/>\n<meta property=\"og:type\" content=\"article\" \/>\n<meta property=\"og:title\" content=\"Englische handgefertigte Marsala-rote Leder-Tragetasche - Audacieuse-Galerie\" \/>\n<meta property=\"og:description\" content=\"Marsala rote Leder-Tragetasche, handgefertigt in England. Stilvoll, ger\u00e4umig und praktisch mit Doppelgriffen und sicherer Innentasche.\" \/>\n<meta property=\"og:url\" content=\"https:\/\/www.audacieuse-galerie.ch\/de\/produit\/englische-handgefertigte-marsala-rote-leder-tragetasche\/\" \/>\n<meta property=\"og:site_name\" content=\"Audacieuse-Galerie\" \/>\n<meta property=\"article:publisher\" content=\"https:\/\/www.facebook.com\/audacieuse.galerie\" \/>\n<meta property=\"article:modified_time\" content=\"2026-04-16T11:18:54+00:00\" \/>\n<meta property=\"og:image\" content=\"https:\/\/www.audacieuse-galerie.ch\/wp-content\/uploads\/2026\/02\/grand-sac-course-cuir-rouge-marsala-1.webp\" \/>\n\t<meta property=\"og:image:width\" content=\"800\" \/>\n\t<meta property=\"og:image:height\" content=\"800\" \/>\n\t<meta property=\"og:image:type\" content=\"image\/webp\" \/>\n<meta name=\"twitter:card\" content=\"summary_large_image\" \/>\n<meta name=\"twitter:label1\" content=\"Gesch\u00e4tzte Lesezeit\" \/>\n\t<meta name=\"twitter:data1\" content=\"1 Minute\" \/>\n<script type=\"application\/ld+json\" class=\"yoast-schema-graph\">{\"@context\":\"https:\\\/\\\/schema.org\",\"@graph\":[{\"@type\":\"WebPage\",\"@id\":\"https:\\\/\\\/www.audacieuse-galerie.ch\\\/de\\\/produit\\\/englische-handgefertigte-marsala-rote-leder-tragetasche\\\/\",\"url\":\"https:\\\/\\\/www.audacieuse-galerie.ch\\\/de\\\/produit\\\/englische-handgefertigte-marsala-rote-leder-tragetasche\\\/\",\"name\":\"Englische handgefertigte Marsala-rote Leder-Tragetasche - Audacieuse-Galerie\",\"isPartOf\":{\"@id\":\"https:\\\/\\\/www.audacieuse-galerie.ch\\\/de\\\/#website\"},\"primaryImageOfPage\":{\"@id\":\"https:\\\/\\\/www.audacieuse-galerie.ch\\\/de\\\/produit\\\/englische-handgefertigte-marsala-rote-leder-tragetasche\\\/#primaryimage\"},\"image\":{\"@id\":\"https:\\\/\\\/www.audacieuse-galerie.ch\\\/de\\\/produit\\\/englische-handgefertigte-marsala-rote-leder-tragetasche\\\/#primaryimage\"},\"thumbnailUrl\":\"https:\\\/\\\/www.audacieuse-galerie.ch\\\/wp-content\\\/uploads\\\/2026\\\/02\\\/grand-sac-course-cuir-rouge-marsala-1.webp\",\"datePublished\":\"2026-02-25T16:57:27+00:00\",\"dateModified\":\"2026-04-16T11:18:54+00:00\",\"description\":\"Marsala rote Leder-Tragetasche, handgefertigt in England. Stilvoll, ger\u00e4umig und praktisch mit Doppelgriffen und sicherer Innentasche.\",\"breadcrumb\":{\"@id\":\"https:\\\/\\\/www.audacieuse-galerie.ch\\\/de\\\/produit\\\/englische-handgefertigte-marsala-rote-leder-tragetasche\\\/#breadcrumb\"},\"inLanguage\":\"de\",\"potentialAction\":[{\"@type\":\"ReadAction\",\"target\":[\"https:\\\/\\\/www.audacieuse-galerie.ch\\\/de\\\/produit\\\/englische-handgefertigte-marsala-rote-leder-tragetasche\\\/\"]}]},{\"@type\":\"ImageObject\",\"inLanguage\":\"de\",\"@id\":\"https:\\\/\\\/www.audacieuse-galerie.ch\\\/de\\\/produit\\\/englische-handgefertigte-marsala-rote-leder-tragetasche\\\/#primaryimage\",\"url\":\"https:\\\/\\\/www.audacieuse-galerie.ch\\\/wp-content\\\/uploads\\\/2026\\\/02\\\/grand-sac-course-cuir-rouge-marsala-1.webp\",\"contentUrl\":\"https:\\\/\\\/www.audacieuse-galerie.ch\\\/wp-content\\\/uploads\\\/2026\\\/02\\\/grand-sac-course-cuir-rouge-marsala-1.webp\",\"width\":800,\"height\":800,\"caption\":\"Gro\u00dfe Leder-Einkaufstasche\"},{\"@type\":\"BreadcrumbList\",\"@id\":\"https:\\\/\\\/www.audacieuse-galerie.ch\\\/de\\\/produit\\\/englische-handgefertigte-marsala-rote-leder-tragetasche\\\/#breadcrumb\",\"itemListElement\":[{\"@type\":\"ListItem\",\"position\":1,\"name\":\"Heim\",\"item\":\"https:\\\/\\\/www.audacieuse-galerie.ch\\\/de\\\/\"},{\"@type\":\"ListItem\",\"position\":2,\"name\":\"Alle unsere Produkte\",\"item\":\"https:\\\/\\\/www.audacieuse-galerie.ch\\\/tous-nos-produits\\\/\"},{\"@type\":\"ListItem\",\"position\":3,\"name\":\"Englische handgefertigte Marsala-rote Leder-Tragetasche\"}]},{\"@type\":\"WebSite\",\"@id\":\"https:\\\/\\\/www.audacieuse-galerie.ch\\\/de\\\/#website\",\"url\":\"https:\\\/\\\/www.audacieuse-galerie.ch\\\/de\\\/\",\"name\":\"Audacieuse-Galerie\",\"description\":\"Mode et Images\",\"potentialAction\":[{\"@type\":\"SearchAction\",\"target\":{\"@type\":\"EntryPoint\",\"urlTemplate\":\"https:\\\/\\\/www.audacieuse-galerie.ch\\\/de\\\/?s={search_term_string}\"},\"query-input\":{\"@type\":\"PropertyValueSpecification\",\"valueRequired\":true,\"valueName\":\"search_term_string\"}}],\"inLanguage\":\"de\"}]}<\/script>\n<!-- \/ Yoast SEO plugin. -->","yoast_head_json":{"title":"Englische handgefertigte Marsala-rote Leder-Tragetasche - Audacieuse-Galerie","description":"Marsala rote Leder-Tragetasche, handgefertigt in England. Stilvoll, ger\u00e4umig und praktisch mit Doppelgriffen und sicherer Innentasche.","robots":{"index":"index","follow":"follow","max-snippet":"max-snippet:-1","max-image-preview":"max-image-preview:large","max-video-preview":"max-video-preview:-1"},"canonical":"https:\/\/www.audacieuse-galerie.ch\/de\/produit\/englische-handgefertigte-marsala-rote-leder-tragetasche\/","og_locale":"de_DE","og_type":"article","og_title":"Englische handgefertigte Marsala-rote Leder-Tragetasche - Audacieuse-Galerie","og_description":"Marsala rote Leder-Tragetasche, handgefertigt in England. Stilvoll, ger\u00e4umig und praktisch mit Doppelgriffen und sicherer Innentasche.","og_url":"https:\/\/www.audacieuse-galerie.ch\/de\/produit\/englische-handgefertigte-marsala-rote-leder-tragetasche\/","og_site_name":"Audacieuse-Galerie","article_publisher":"https:\/\/www.facebook.com\/audacieuse.galerie","article_modified_time":"2026-04-16T11:18:54+00:00","og_image":[{"width":800,"height":800,"url":"https:\/\/www.audacieuse-galerie.ch\/wp-content\/uploads\/2026\/02\/grand-sac-course-cuir-rouge-marsala-1.webp","type":"image\/webp"}],"twitter_card":"summary_large_image","twitter_misc":{"Gesch\u00e4tzte Lesezeit":"1 Minute"},"schema":{"@context":"https:\/\/schema.org","@graph":[{"@type":"WebPage","@id":"https:\/\/www.audacieuse-galerie.ch\/de\/produit\/englische-handgefertigte-marsala-rote-leder-tragetasche\/","url":"https:\/\/www.audacieuse-galerie.ch\/de\/produit\/englische-handgefertigte-marsala-rote-leder-tragetasche\/","name":"Englische handgefertigte Marsala-rote Leder-Tragetasche - Audacieuse-Galerie","isPartOf":{"@id":"https:\/\/www.audacieuse-galerie.ch\/de\/#website"},"primaryImageOfPage":{"@id":"https:\/\/www.audacieuse-galerie.ch\/de\/produit\/englische-handgefertigte-marsala-rote-leder-tragetasche\/#primaryimage"},"image":{"@id":"https:\/\/www.audacieuse-galerie.ch\/de\/produit\/englische-handgefertigte-marsala-rote-leder-tragetasche\/#primaryimage"},"thumbnailUrl":"https:\/\/www.audacieuse-galerie.ch\/wp-content\/uploads\/2026\/02\/grand-sac-course-cuir-rouge-marsala-1.webp","datePublished":"2026-02-25T16:57:27+00:00","dateModified":"2026-04-16T11:18:54+00:00","description":"Marsala rote Leder-Tragetasche, handgefertigt in England. Stilvoll, ger\u00e4umig und praktisch mit Doppelgriffen und sicherer Innentasche.","breadcrumb":{"@id":"https:\/\/www.audacieuse-galerie.ch\/de\/produit\/englische-handgefertigte-marsala-rote-leder-tragetasche\/#breadcrumb"},"inLanguage":"de","potentialAction":[{"@type":"ReadAction","target":["https:\/\/www.audacieuse-galerie.ch\/de\/produit\/englische-handgefertigte-marsala-rote-leder-tragetasche\/"]}]},{"@type":"ImageObject","inLanguage":"de","@id":"https:\/\/www.audacieuse-galerie.ch\/de\/produit\/englische-handgefertigte-marsala-rote-leder-tragetasche\/#primaryimage","url":"https:\/\/www.audacieuse-galerie.ch\/wp-content\/uploads\/2026\/02\/grand-sac-course-cuir-rouge-marsala-1.webp","contentUrl":"https:\/\/www.audacieuse-galerie.ch\/wp-content\/uploads\/2026\/02\/grand-sac-course-cuir-rouge-marsala-1.webp","width":800,"height":800,"caption":"Gro\u00dfe Leder-Einkaufstasche"},{"@type":"BreadcrumbList","@id":"https:\/\/www.audacieuse-galerie.ch\/de\/produit\/englische-handgefertigte-marsala-rote-leder-tragetasche\/#breadcrumb","itemListElement":[{"@type":"ListItem","position":1,"name":"Heim","item":"https:\/\/www.audacieuse-galerie.ch\/de\/"},{"@type":"ListItem","position":2,"name":"Alle unsere Produkte","item":"https:\/\/www.audacieuse-galerie.ch\/tous-nos-produits\/"},{"@type":"ListItem","position":3,"name":"Englische handgefertigte Marsala-rote Leder-Tragetasche"}]},{"@type":"WebSite","@id":"https:\/\/www.audacieuse-galerie.ch\/de\/#website","url":"https:\/\/www.audacieuse-galerie.ch\/de\/","name":"Audacieuse-Galerie","description":"Mode et Images","potentialAction":[{"@type":"SearchAction","target":{"@type":"EntryPoint","urlTemplate":"https:\/\/www.audacieuse-galerie.ch\/de\/?s={search_term_string}"},"query-input":{"@type":"PropertyValueSpecification","valueRequired":true,"valueName":"search_term_string"}}],"inLanguage":"de"}]}},"jetpack_publicize_connections":[],"_links":{"self":[{"href":"https:\/\/www.audacieuse-galerie.ch\/de\/wp-json\/wp\/v2\/product\/150234","targetHints":{"allow":["GET"]}}],"collection":[{"href":"https:\/\/www.audacieuse-galerie.ch\/de\/wp-json\/wp\/v2\/product"}],"about":[{"href":"https:\/\/www.audacieuse-galerie.ch\/de\/wp-json\/wp\/v2\/types\/product"}],"replies":[{"embeddable":true,"href":"https:\/\/www.audacieuse-galerie.ch\/de\/wp-json\/wp\/v2\/comments?post=150234"}],"version-history":[{"count":1,"href":"https:\/\/www.audacieuse-galerie.ch\/de\/wp-json\/wp\/v2\/product\/150234\/revisions"}],"predecessor-version":[{"id":154500,"href":"https:\/\/www.audacieuse-galerie.ch\/de\/wp-json\/wp\/v2\/product\/150234\/revisions\/154500"}],"wp:featuredmedia":[{"embeddable":true,"href":"https:\/\/www.audacieuse-galerie.ch\/de\/wp-json\/wp\/v2\/media\/150235"}],"wp:attachment":[{"href":"https:\/\/www.audacieuse-galerie.ch\/de\/wp-json\/wp\/v2\/media?parent=150234"}],"wp:term":[{"taxonomy":"product_brand","embeddable":true,"href":"https:\/\/www.audacieuse-galerie.ch\/de\/wp-json\/wp\/v2\/product_brand?post=150234"},{"taxonomy":"product_cat","embeddable":true,"href":"https:\/\/www.audacieuse-galerie.ch\/de\/wp-json\/wp\/v2\/product_cat?post=150234"},{"taxonomy":"product_tag","embeddable":true,"href":"https:\/\/www.audacieuse-galerie.ch\/de\/wp-json\/wp\/v2\/product_tag?post=150234"}],"curies":[{"name":"wp","href":"https:\/\/api.w.org\/{rel}","templated":true}]}}