{"id":150261,"date":"2026-02-26T11:19:44","date_gmt":"2026-02-26T10:19:44","guid":{"rendered":"https:\/\/www.audacieuse-galerie.ch\/produit\/silberne-filigrane-stern-ohrringe-mit-weissen-strasssteinen\/"},"modified":"2026-02-26T11:19:44","modified_gmt":"2026-02-26T10:19:44","slug":"silberne-filigrane-stern-ohrringe-mit-weissen-strasssteinen","status":"publish","type":"product","link":"https:\/\/www.audacieuse-galerie.ch\/de\/produit\/silberne-filigrane-stern-ohrringe-mit-weissen-strasssteinen\/","title":{"rendered":"Silberne filigrane Stern-Ohrringe mit wei\u00dfen Strasssteinen"},"content":{"rendered":"<p>Wundersch\u00f6n und voller Finesse zeichnen diese silbernen filigranartigen Ohrringe einen kleinen offenen Stern, ein Symbol f\u00fcr Licht und diskrete Eleganz.<br \/>\nIm Zentrum jedes Sterns f\u00e4ngt ein zart gesetzter wei\u00dfer Strassstein das Licht ein und verleiht einen dezenten Hauch von Funkeln.<\/p>\n<p>Aus sehr feinen Silberf\u00e4den gefertigt, bieten sie gro\u00dfe Leichtigkeit und Komfort, ideal f\u00fcr den Alltag. Ihre Herstellung respektiert die Prinzipien des fairen Handels, f\u00fcr einen Juwel, der sowohl sch\u00f6n als auch verantwortungsvoll ist. <\/p>\n<p>Die Ohrringe wurden mit einem Antioxidationsmittel behandelt, um den Glanz des Silbers lange Zeit zu erhalten.<\/p>\n<p><strong>Technische Eigenschaften<\/strong><\/p>\n<ul>\n<li>Material: Teilweise recycelt, 950 Silber &amp; 999 Silber<\/li>\n<li>Stein: wei\u00dfer Strassstein-Satz<\/li>\n<li>Nickelfrei<\/li>\n<li>Anti-Oxidationsbehandlung<\/li>\n<li>Durchmesser: etwa 1,0 cm<\/li>\n<li>Handgefertigt: Fair Trade<\/li>\n<li>Filigranschmuck-Kreation, Deutschland.<\/li>\n<\/ul>\n","protected":false},"excerpt":{"rendered":"<p>Zarte silberne filigrane Ohrringe, die einen kleinen Stern bilden, der durch einen zentralen wei\u00dfen Strassstein betont wird. Ethisches Juwel, hell und leicht. <\/p>\n","protected":false},"featured_media":150265,"comment_status":"open","ping_status":"closed","template":"","meta":{"_glsr_average":0,"_glsr_ranking":0,"_glsr_reviews":0,"jetpack_publicize_message":"","jetpack_publicize_feature_enabled":true,"jetpack_social_post_already_shared":true,"jetpack_social_options":{"image_generator_settings":{"template":"highway","default_image_id":0,"font":"","enabled":false},"version":2}},"product_brand":[],"product_cat":[96,2603,105,168],"product_tag":[],"class_list":{"0":"post-150261","1":"product","2":"type-product","3":"status-publish","4":"has-post-thumbnail","6":"product_cat-accessoires-von-schoepfern","7":"product_cat-filgran-schmuck","8":"product_cat-geschenkideen-aus-pret-a-porter-und-accessoires-fuer-sie-fuer-ihn","9":"product_cat-modische-schmuckstuecke","10":"pa_materials-silber","11":"pa_materials-strasssteine","13":"first","14":"instock","15":"taxable","16":"shipping-taxable","17":"purchasable","18":"product-type-simple"},"yoast_head":"<!-- This site is optimized with the Yoast SEO plugin v27.4 - https:\/\/yoast.com\/product\/yoast-seo-wordpress\/ -->\n<title>Silberne filigrane Stern-Ohrringe mit wei\u00dfen Strasssteinen - Audacieuse-Galerie<\/title>\n<meta name=\"description\" content=\"950 und 999 silberne filigrane Stern-Ohrringe, wei\u00dfes Strass-Set. Fair-Trade-Juwel, nickelfrei, antioxidationsbehandelt.\" \/>\n<meta name=\"robots\" content=\"index, follow, max-snippet:-1, max-image-preview:large, max-video-preview:-1\" \/>\n<link rel=\"canonical\" href=\"https:\/\/www.audacieuse-galerie.ch\/de\/produit\/silberne-filigrane-stern-ohrringe-mit-weissen-strasssteinen\/\" \/>\n<meta property=\"og:locale\" content=\"de_DE\" \/>\n<meta property=\"og:type\" content=\"article\" \/>\n<meta property=\"og:title\" content=\"Silberne filigrane Stern-Ohrringe mit wei\u00dfen Strasssteinen - Audacieuse-Galerie\" \/>\n<meta property=\"og:description\" content=\"950 und 999 silberne filigrane Stern-Ohrringe, wei\u00dfes Strass-Set. Fair-Trade-Juwel, nickelfrei, antioxidationsbehandelt.\" \/>\n<meta property=\"og:url\" content=\"https:\/\/www.audacieuse-galerie.ch\/de\/produit\/silberne-filigrane-stern-ohrringe-mit-weissen-strasssteinen\/\" \/>\n<meta property=\"og:site_name\" content=\"Audacieuse-Galerie\" \/>\n<meta property=\"article:publisher\" content=\"https:\/\/www.facebook.com\/audacieuse.galerie\" \/>\n<meta property=\"og:image\" content=\"https:\/\/www.audacieuse-galerie.ch\/wp-content\/uploads\/2026\/02\/boucle-oreille-clou-etoile-strass-argent.jpg\" \/>\n\t<meta property=\"og:image:width\" content=\"755\" \/>\n\t<meta property=\"og:image:height\" content=\"566\" \/>\n\t<meta property=\"og:image:type\" content=\"image\/jpeg\" \/>\n<meta name=\"twitter:card\" content=\"summary_large_image\" \/>\n<meta name=\"twitter:label1\" content=\"Gesch\u00e4tzte Lesezeit\" \/>\n\t<meta name=\"twitter:data1\" content=\"1 Minute\" \/>\n<script type=\"application\/ld+json\" class=\"yoast-schema-graph\">{\"@context\":\"https:\\\/\\\/schema.org\",\"@graph\":[{\"@type\":\"ImageObject\",\"inLanguage\":\"de\",\"@id\":\"https:\\\/\\\/www.audacieuse-galerie.ch\\\/de\\\/produit\\\/silberne-filigrane-stern-ohrringe-mit-weissen-strasssteinen\\\/#primaryimage\",\"url\":\"https:\\\/\\\/www.audacieuse-galerie.ch\\\/wp-content\\\/uploads\\\/2026\\\/02\\\/boucle-oreille-clou-etoile-strass-argent.jpg\",\"contentUrl\":\"https:\\\/\\\/www.audacieuse-galerie.ch\\\/wp-content\\\/uploads\\\/2026\\\/02\\\/boucle-oreille-clou-etoile-strass-argent.jpg\",\"width\":755,\"height\":566}]}<\/script>\n<!-- \/ Yoast SEO plugin. -->","yoast_head_json":{"title":"Silberne filigrane Stern-Ohrringe mit wei\u00dfen Strasssteinen - Audacieuse-Galerie","description":"950 und 999 silberne filigrane Stern-Ohrringe, wei\u00dfes Strass-Set. Fair-Trade-Juwel, nickelfrei, antioxidationsbehandelt.","robots":{"index":"index","follow":"follow","max-snippet":"max-snippet:-1","max-image-preview":"max-image-preview:large","max-video-preview":"max-video-preview:-1"},"canonical":"https:\/\/www.audacieuse-galerie.ch\/de\/produit\/silberne-filigrane-stern-ohrringe-mit-weissen-strasssteinen\/","og_locale":"de_DE","og_type":"article","og_title":"Silberne filigrane Stern-Ohrringe mit wei\u00dfen Strasssteinen - Audacieuse-Galerie","og_description":"950 und 999 silberne filigrane Stern-Ohrringe, wei\u00dfes Strass-Set. Fair-Trade-Juwel, nickelfrei, antioxidationsbehandelt.","og_url":"https:\/\/www.audacieuse-galerie.ch\/de\/produit\/silberne-filigrane-stern-ohrringe-mit-weissen-strasssteinen\/","og_site_name":"Audacieuse-Galerie","article_publisher":"https:\/\/www.facebook.com\/audacieuse.galerie","og_image":[{"width":755,"height":566,"url":"https:\/\/www.audacieuse-galerie.ch\/wp-content\/uploads\/2026\/02\/boucle-oreille-clou-etoile-strass-argent.jpg","type":"image\/jpeg"}],"twitter_card":"summary_large_image","twitter_misc":{"Gesch\u00e4tzte Lesezeit":"1 Minute"},"schema":{"@context":"https:\/\/schema.org","@graph":[{"@type":"ImageObject","inLanguage":"de","@id":"https:\/\/www.audacieuse-galerie.ch\/de\/produit\/silberne-filigrane-stern-ohrringe-mit-weissen-strasssteinen\/#primaryimage","url":"https:\/\/www.audacieuse-galerie.ch\/wp-content\/uploads\/2026\/02\/boucle-oreille-clou-etoile-strass-argent.jpg","contentUrl":"https:\/\/www.audacieuse-galerie.ch\/wp-content\/uploads\/2026\/02\/boucle-oreille-clou-etoile-strass-argent.jpg","width":755,"height":566}]}},"jetpack_publicize_connections":[],"_links":{"self":[{"href":"https:\/\/www.audacieuse-galerie.ch\/de\/wp-json\/wp\/v2\/product\/150261","targetHints":{"allow":["GET"]}}],"collection":[{"href":"https:\/\/www.audacieuse-galerie.ch\/de\/wp-json\/wp\/v2\/product"}],"about":[{"href":"https:\/\/www.audacieuse-galerie.ch\/de\/wp-json\/wp\/v2\/types\/product"}],"replies":[{"embeddable":true,"href":"https:\/\/www.audacieuse-galerie.ch\/de\/wp-json\/wp\/v2\/comments?post=150261"}],"version-history":[{"count":0,"href":"https:\/\/www.audacieuse-galerie.ch\/de\/wp-json\/wp\/v2\/product\/150261\/revisions"}],"wp:featuredmedia":[{"embeddable":true,"href":"https:\/\/www.audacieuse-galerie.ch\/de\/wp-json\/wp\/v2\/media\/150265"}],"wp:attachment":[{"href":"https:\/\/www.audacieuse-galerie.ch\/de\/wp-json\/wp\/v2\/media?parent=150261"}],"wp:term":[{"taxonomy":"product_brand","embeddable":true,"href":"https:\/\/www.audacieuse-galerie.ch\/de\/wp-json\/wp\/v2\/product_brand?post=150261"},{"taxonomy":"product_cat","embeddable":true,"href":"https:\/\/www.audacieuse-galerie.ch\/de\/wp-json\/wp\/v2\/product_cat?post=150261"},{"taxonomy":"product_tag","embeddable":true,"href":"https:\/\/www.audacieuse-galerie.ch\/de\/wp-json\/wp\/v2\/product_tag?post=150261"}],"curies":[{"name":"wp","href":"https:\/\/api.w.org\/{rel}","templated":true}]}}