{"id":150531,"date":"2026-03-04T11:23:35","date_gmt":"2026-03-04T10:23:35","guid":{"rendered":"https:\/\/www.audacieuse-galerie.ch\/produit\/langes-abendkleid-aus-marineblauer-spitze-und-tiefem-rueckenausschnitt\/"},"modified":"2026-03-04T11:23:35","modified_gmt":"2026-03-04T10:23:35","slug":"langes-abendkleid-aus-marineblauer-spitze-und-tiefem-rueckenausschnitt","status":"publish","type":"product","link":"https:\/\/www.audacieuse-galerie.ch\/de\/produit\/langes-abendkleid-aus-marineblauer-spitze-und-tiefem-rueckenausschnitt\/","title":{"rendered":"Langes Abendkleid aus marineblauer Spitze und tiefem R\u00fcckenausschnitt"},"content":{"rendered":"<p>Dieses <strong>extralange Abendkleid<\/strong> aus marineblauer Spitze unterstreicht die Silhouette mit Eflenz.<\/p>\n<p>Der hohe, runde Ausschnitt vorne verleiht Struktur und Eleganz, w\u00e4hrend der untere R\u00fccken die Haut dezent freilegt und eine sinnliche und moderne Note verleiht.<\/p>\n<p>Die zarte Spitze ist mit einem Jersey-Sockel des Kleides gef\u00fcttert, was Komfort, Geschmeidigkeit und Deckkraft bietet und gleichzeitig die Leichtigkeit des Kleidungsst\u00fccks beibeh\u00e4lt.<\/p>\n<p>Die geraden \u00c4rmel balancieren die Gesamtlinie aus und unterstreichen die n\u00fcchterne Eleganz des Modells.<\/p>\n<p><strong>Details &amp; Oberfl\u00e4chen<\/strong><\/p>\n<ul>\n<li>\u00c4rmelsaum, der mit maschinellem Naht fertiggestellt wurde<\/li>\n<li>Sauber geschnittener Boden f\u00fcr eine lange, flie\u00dfende Linie<\/li>\n<li>Extra lange L\u00e4nge f\u00fcr eine schlanke Silhouette<\/li>\n<li>Verfeinerte marineblaue Spitze<\/li>\n<li>Integriertes Trikotfutter<\/li>\n<li>Vom <strong>Ceylon Barcelona-Label<\/strong><\/li>\n<li>Hergestellt in<strong> Spanien<\/strong><\/li>\n<\/ul>\n<p>Ideal f\u00fcr einen formellen Abend, eine Hochzeit, eine Gala oder eine Zeremonie.<\/p>\n<p><strong>  Technische Eigenschaften<\/strong><\/p>\n<ul>\n<li>Farbe: Marineblau<\/li>\n<li>Hauptmaterial: 95 % Polyester und 5 % Elastan-Spitze<\/li>\n<li>Futter: Trikot<\/li>\n<li>L\u00e4nge: Extra lang<\/li>\n<li>\u00c4rmel: Gerade<\/li>\n<li>Vorderer Ausschnitt: Hoch rund<\/li>\n<li>Hinterer Halsausschnitt: Ausschnitt<\/li>\n<li>Oberfl\u00e4chen: Maschinell gerollt an den \u00c4rmeln, sauber geschnittener Boden<\/li>\n<li>Handreinigung empfohlen<\/li>\n<\/ul>\n","protected":false},"excerpt":{"rendered":"<p>Extra langes Abendkleid aus marineblauer Spitze, elegant und flie\u00dfend. Runder Ausschnitt, hoch vorne und eher tief ausgeschnittener R\u00fccken f\u00fcr einen anspruchsvollen Look. Bequemer Jersey-Unterteil, gerade \u00c4rmel und zarte Oberfl\u00e4chen.  <\/p>\n","protected":false},"featured_media":150532,"comment_status":"open","ping_status":"closed","template":"","meta":{"_glsr_average":0,"_glsr_ranking":0,"_glsr_reviews":0,"jetpack_publicize_message":"","jetpack_publicize_feature_enabled":true,"jetpack_social_post_already_shared":true,"jetpack_social_options":{"image_generator_settings":{"template":"highway","default_image_id":0,"font":"","enabled":false},"version":2}},"product_brand":[],"product_cat":[2627,198,2593],"product_tag":[],"class_list":{"0":"post-150531","1":"product","2":"type-product","3":"status-publish","4":"has-post-thumbnail","6":"product_cat-ceylon-barcelona","7":"product_cat-kleider-kurz-oder-lang-von-kreatoren","8":"product_cat-modedesigner","9":"pa_color-marineblau-de","10":"pa_taille-46_xl-de","12":"first","13":"instock","14":"taxable","15":"shipping-taxable","16":"purchasable","17":"product-type-simple"},"yoast_head":"<!-- This site is optimized with the Yoast SEO plugin v27.5 - https:\/\/yoast.com\/product\/yoast-seo-wordpress\/ -->\n<title>Langes Abendkleid aus marineblauer Spitze und tiefem R\u00fcckenausschnitt - Audacieuse-Galerie<\/title>\n<meta name=\"description\" content=\"Extra langes Abendkleid aus marineblauer Spitze, eleganter R\u00fcckenausschnitt, bequemer Jersey-Unterteil und ordentliche Details. Ideal f\u00fcr Zeremonien und Veranstaltungen.\" \/>\n<meta name=\"robots\" content=\"index, follow, max-snippet:-1, max-image-preview:large, max-video-preview:-1\" \/>\n<link rel=\"canonical\" href=\"https:\/\/www.audacieuse-galerie.ch\/de\/produit\/langes-abendkleid-aus-marineblauer-spitze-und-tiefem-rueckenausschnitt\/\" \/>\n<meta property=\"og:locale\" content=\"de_DE\" \/>\n<meta property=\"og:type\" content=\"article\" \/>\n<meta property=\"og:title\" content=\"Langes Abendkleid aus marineblauer Spitze und tiefem R\u00fcckenausschnitt - Audacieuse-Galerie\" \/>\n<meta property=\"og:description\" content=\"Extra langes Abendkleid aus marineblauer Spitze, eleganter R\u00fcckenausschnitt, bequemer Jersey-Unterteil und ordentliche Details. Ideal f\u00fcr Zeremonien und Veranstaltungen.\" \/>\n<meta property=\"og:url\" content=\"https:\/\/www.audacieuse-galerie.ch\/de\/produit\/langes-abendkleid-aus-marineblauer-spitze-und-tiefem-rueckenausschnitt\/\" \/>\n<meta property=\"og:site_name\" content=\"Audacieuse-Galerie\" \/>\n<meta property=\"article:publisher\" content=\"https:\/\/www.facebook.com\/audacieuse.galerie\" \/>\n<meta property=\"og:image\" content=\"https:\/\/www.audacieuse-galerie.ch\/wp-content\/uploads\/2026\/03\/robe-longue-dentelle-marine-manche-soir.webp\" \/>\n\t<meta property=\"og:image:width\" content=\"800\" \/>\n\t<meta property=\"og:image:height\" content=\"1200\" \/>\n\t<meta property=\"og:image:type\" content=\"image\/webp\" \/>\n<meta name=\"twitter:card\" content=\"summary_large_image\" \/>\n<meta name=\"twitter:label1\" content=\"Gesch\u00e4tzte Lesezeit\" \/>\n\t<meta name=\"twitter:data1\" content=\"1 Minute\" \/>\n<script type=\"application\/ld+json\" class=\"yoast-schema-graph\">{\"@context\":\"https:\\\/\\\/schema.org\",\"@graph\":[{\"@type\":\"WebPage\",\"@id\":\"https:\\\/\\\/www.audacieuse-galerie.ch\\\/de\\\/produit\\\/langes-abendkleid-aus-marineblauer-spitze-und-tiefem-rueckenausschnitt\\\/\",\"url\":\"https:\\\/\\\/www.audacieuse-galerie.ch\\\/de\\\/produit\\\/langes-abendkleid-aus-marineblauer-spitze-und-tiefem-rueckenausschnitt\\\/\",\"name\":\"Langes Abendkleid aus marineblauer Spitze und tiefem R\u00fcckenausschnitt - Audacieuse-Galerie\",\"isPartOf\":{\"@id\":\"https:\\\/\\\/www.audacieuse-galerie.ch\\\/de\\\/#website\"},\"primaryImageOfPage\":{\"@id\":\"https:\\\/\\\/www.audacieuse-galerie.ch\\\/de\\\/produit\\\/langes-abendkleid-aus-marineblauer-spitze-und-tiefem-rueckenausschnitt\\\/#primaryimage\"},\"image\":{\"@id\":\"https:\\\/\\\/www.audacieuse-galerie.ch\\\/de\\\/produit\\\/langes-abendkleid-aus-marineblauer-spitze-und-tiefem-rueckenausschnitt\\\/#primaryimage\"},\"thumbnailUrl\":\"https:\\\/\\\/www.audacieuse-galerie.ch\\\/wp-content\\\/uploads\\\/2026\\\/03\\\/robe-longue-dentelle-marine-manche-soir.webp\",\"datePublished\":\"2026-03-04T10:23:35+00:00\",\"description\":\"Extra langes Abendkleid aus marineblauer Spitze, eleganter R\u00fcckenausschnitt, bequemer Jersey-Unterteil und ordentliche Details. Ideal f\u00fcr Zeremonien und Veranstaltungen.\",\"breadcrumb\":{\"@id\":\"https:\\\/\\\/www.audacieuse-galerie.ch\\\/de\\\/produit\\\/langes-abendkleid-aus-marineblauer-spitze-und-tiefem-rueckenausschnitt\\\/#breadcrumb\"},\"inLanguage\":\"de\",\"potentialAction\":[{\"@type\":\"ReadAction\",\"target\":[\"https:\\\/\\\/www.audacieuse-galerie.ch\\\/de\\\/produit\\\/langes-abendkleid-aus-marineblauer-spitze-und-tiefem-rueckenausschnitt\\\/\"]}]},{\"@type\":\"ImageObject\",\"inLanguage\":\"de\",\"@id\":\"https:\\\/\\\/www.audacieuse-galerie.ch\\\/de\\\/produit\\\/langes-abendkleid-aus-marineblauer-spitze-und-tiefem-rueckenausschnitt\\\/#primaryimage\",\"url\":\"https:\\\/\\\/www.audacieuse-galerie.ch\\\/wp-content\\\/uploads\\\/2026\\\/03\\\/robe-longue-dentelle-marine-manche-soir.webp\",\"contentUrl\":\"https:\\\/\\\/www.audacieuse-galerie.ch\\\/wp-content\\\/uploads\\\/2026\\\/03\\\/robe-longue-dentelle-marine-manche-soir.webp\",\"width\":800,\"height\":1200,\"caption\":\"Marineblaues Spitzen-Maxikleid\"},{\"@type\":\"BreadcrumbList\",\"@id\":\"https:\\\/\\\/www.audacieuse-galerie.ch\\\/de\\\/produit\\\/langes-abendkleid-aus-marineblauer-spitze-und-tiefem-rueckenausschnitt\\\/#breadcrumb\",\"itemListElement\":[{\"@type\":\"ListItem\",\"position\":1,\"name\":\"Heim\",\"item\":\"https:\\\/\\\/www.audacieuse-galerie.ch\\\/de\\\/\"},{\"@type\":\"ListItem\",\"position\":2,\"name\":\"Laden\",\"item\":\"https:\\\/\\\/www.audacieuse-galerie.ch\\\/de\\\/laden\\\/\"},{\"@type\":\"ListItem\",\"position\":3,\"name\":\"Langes Abendkleid aus marineblauer Spitze und tiefem R\u00fcckenausschnitt\"}]},{\"@type\":\"WebSite\",\"@id\":\"https:\\\/\\\/www.audacieuse-galerie.ch\\\/de\\\/#website\",\"url\":\"https:\\\/\\\/www.audacieuse-galerie.ch\\\/de\\\/\",\"name\":\"Audacieuse-Galerie\",\"description\":\"Mode et Images\",\"potentialAction\":[{\"@type\":\"SearchAction\",\"target\":{\"@type\":\"EntryPoint\",\"urlTemplate\":\"https:\\\/\\\/www.audacieuse-galerie.ch\\\/de\\\/?s={search_term_string}\"},\"query-input\":{\"@type\":\"PropertyValueSpecification\",\"valueRequired\":true,\"valueName\":\"search_term_string\"}}],\"inLanguage\":\"de\"}]}<\/script>\n<!-- \/ Yoast SEO plugin. -->","yoast_head_json":{"title":"Langes Abendkleid aus marineblauer Spitze und tiefem R\u00fcckenausschnitt - Audacieuse-Galerie","description":"Extra langes Abendkleid aus marineblauer Spitze, eleganter R\u00fcckenausschnitt, bequemer Jersey-Unterteil und ordentliche Details. Ideal f\u00fcr Zeremonien und Veranstaltungen.","robots":{"index":"index","follow":"follow","max-snippet":"max-snippet:-1","max-image-preview":"max-image-preview:large","max-video-preview":"max-video-preview:-1"},"canonical":"https:\/\/www.audacieuse-galerie.ch\/de\/produit\/langes-abendkleid-aus-marineblauer-spitze-und-tiefem-rueckenausschnitt\/","og_locale":"de_DE","og_type":"article","og_title":"Langes Abendkleid aus marineblauer Spitze und tiefem R\u00fcckenausschnitt - Audacieuse-Galerie","og_description":"Extra langes Abendkleid aus marineblauer Spitze, eleganter R\u00fcckenausschnitt, bequemer Jersey-Unterteil und ordentliche Details. Ideal f\u00fcr Zeremonien und Veranstaltungen.","og_url":"https:\/\/www.audacieuse-galerie.ch\/de\/produit\/langes-abendkleid-aus-marineblauer-spitze-und-tiefem-rueckenausschnitt\/","og_site_name":"Audacieuse-Galerie","article_publisher":"https:\/\/www.facebook.com\/audacieuse.galerie","og_image":[{"width":800,"height":1200,"url":"https:\/\/www.audacieuse-galerie.ch\/wp-content\/uploads\/2026\/03\/robe-longue-dentelle-marine-manche-soir.webp","type":"image\/webp"}],"twitter_card":"summary_large_image","twitter_misc":{"Gesch\u00e4tzte Lesezeit":"1 Minute"},"schema":{"@context":"https:\/\/schema.org","@graph":[{"@type":"WebPage","@id":"https:\/\/www.audacieuse-galerie.ch\/de\/produit\/langes-abendkleid-aus-marineblauer-spitze-und-tiefem-rueckenausschnitt\/","url":"https:\/\/www.audacieuse-galerie.ch\/de\/produit\/langes-abendkleid-aus-marineblauer-spitze-und-tiefem-rueckenausschnitt\/","name":"Langes Abendkleid aus marineblauer Spitze und tiefem R\u00fcckenausschnitt - Audacieuse-Galerie","isPartOf":{"@id":"https:\/\/www.audacieuse-galerie.ch\/de\/#website"},"primaryImageOfPage":{"@id":"https:\/\/www.audacieuse-galerie.ch\/de\/produit\/langes-abendkleid-aus-marineblauer-spitze-und-tiefem-rueckenausschnitt\/#primaryimage"},"image":{"@id":"https:\/\/www.audacieuse-galerie.ch\/de\/produit\/langes-abendkleid-aus-marineblauer-spitze-und-tiefem-rueckenausschnitt\/#primaryimage"},"thumbnailUrl":"https:\/\/www.audacieuse-galerie.ch\/wp-content\/uploads\/2026\/03\/robe-longue-dentelle-marine-manche-soir.webp","datePublished":"2026-03-04T10:23:35+00:00","description":"Extra langes Abendkleid aus marineblauer Spitze, eleganter R\u00fcckenausschnitt, bequemer Jersey-Unterteil und ordentliche Details. Ideal f\u00fcr Zeremonien und Veranstaltungen.","breadcrumb":{"@id":"https:\/\/www.audacieuse-galerie.ch\/de\/produit\/langes-abendkleid-aus-marineblauer-spitze-und-tiefem-rueckenausschnitt\/#breadcrumb"},"inLanguage":"de","potentialAction":[{"@type":"ReadAction","target":["https:\/\/www.audacieuse-galerie.ch\/de\/produit\/langes-abendkleid-aus-marineblauer-spitze-und-tiefem-rueckenausschnitt\/"]}]},{"@type":"ImageObject","inLanguage":"de","@id":"https:\/\/www.audacieuse-galerie.ch\/de\/produit\/langes-abendkleid-aus-marineblauer-spitze-und-tiefem-rueckenausschnitt\/#primaryimage","url":"https:\/\/www.audacieuse-galerie.ch\/wp-content\/uploads\/2026\/03\/robe-longue-dentelle-marine-manche-soir.webp","contentUrl":"https:\/\/www.audacieuse-galerie.ch\/wp-content\/uploads\/2026\/03\/robe-longue-dentelle-marine-manche-soir.webp","width":800,"height":1200,"caption":"Marineblaues Spitzen-Maxikleid"},{"@type":"BreadcrumbList","@id":"https:\/\/www.audacieuse-galerie.ch\/de\/produit\/langes-abendkleid-aus-marineblauer-spitze-und-tiefem-rueckenausschnitt\/#breadcrumb","itemListElement":[{"@type":"ListItem","position":1,"name":"Heim","item":"https:\/\/www.audacieuse-galerie.ch\/de\/"},{"@type":"ListItem","position":2,"name":"Laden","item":"https:\/\/www.audacieuse-galerie.ch\/de\/laden\/"},{"@type":"ListItem","position":3,"name":"Langes Abendkleid aus marineblauer Spitze und tiefem R\u00fcckenausschnitt"}]},{"@type":"WebSite","@id":"https:\/\/www.audacieuse-galerie.ch\/de\/#website","url":"https:\/\/www.audacieuse-galerie.ch\/de\/","name":"Audacieuse-Galerie","description":"Mode et Images","potentialAction":[{"@type":"SearchAction","target":{"@type":"EntryPoint","urlTemplate":"https:\/\/www.audacieuse-galerie.ch\/de\/?s={search_term_string}"},"query-input":{"@type":"PropertyValueSpecification","valueRequired":true,"valueName":"search_term_string"}}],"inLanguage":"de"}]}},"jetpack_publicize_connections":[],"_links":{"self":[{"href":"https:\/\/www.audacieuse-galerie.ch\/de\/wp-json\/wp\/v2\/product\/150531","targetHints":{"allow":["GET"]}}],"collection":[{"href":"https:\/\/www.audacieuse-galerie.ch\/de\/wp-json\/wp\/v2\/product"}],"about":[{"href":"https:\/\/www.audacieuse-galerie.ch\/de\/wp-json\/wp\/v2\/types\/product"}],"replies":[{"embeddable":true,"href":"https:\/\/www.audacieuse-galerie.ch\/de\/wp-json\/wp\/v2\/comments?post=150531"}],"version-history":[{"count":0,"href":"https:\/\/www.audacieuse-galerie.ch\/de\/wp-json\/wp\/v2\/product\/150531\/revisions"}],"wp:featuredmedia":[{"embeddable":true,"href":"https:\/\/www.audacieuse-galerie.ch\/de\/wp-json\/wp\/v2\/media\/150532"}],"wp:attachment":[{"href":"https:\/\/www.audacieuse-galerie.ch\/de\/wp-json\/wp\/v2\/media?parent=150531"}],"wp:term":[{"taxonomy":"product_brand","embeddable":true,"href":"https:\/\/www.audacieuse-galerie.ch\/de\/wp-json\/wp\/v2\/product_brand?post=150531"},{"taxonomy":"product_cat","embeddable":true,"href":"https:\/\/www.audacieuse-galerie.ch\/de\/wp-json\/wp\/v2\/product_cat?post=150531"},{"taxonomy":"product_tag","embeddable":true,"href":"https:\/\/www.audacieuse-galerie.ch\/de\/wp-json\/wp\/v2\/product_tag?post=150531"}],"curies":[{"name":"wp","href":"https:\/\/api.w.org\/{rel}","templated":true}]}}