{"id":151472,"date":"2026-03-19T10:17:31","date_gmt":"2026-03-19T09:17:31","guid":{"rendered":"https:\/\/www.audacieuse-galerie.ch\/produit\/damen-bauchtasche-mit-bunten-schmetterlingsmuster-auf-beigem-hintergrund\/"},"modified":"2026-03-19T10:30:40","modified_gmt":"2026-03-19T09:30:40","slug":"damen-bauchtasche-mit-bunten-schmetterlingsmuster-auf-beigem-hintergrund","status":"publish","type":"product","link":"https:\/\/www.audacieuse-galerie.ch\/de\/produit\/damen-bauchtasche-mit-bunten-schmetterlingsmuster-auf-beigem-hintergrund\/","title":{"rendered":"Damen-Bauchtasche mit bunten Schmetterlingsmuster auf beigem Hintergrund"},"content":{"rendered":"<p>Nehmen Sie einen Stil, der sowohl schick als auch praktisch ist, mit dieser <strong>Bauchtasche aus<\/strong> bunten Schmetterlingsmuster-Stoff auf beigefarbenem Hintergrund. Sein raffiniertes Design wird durch einen dekorativen Streifen mit der Inschrift &#8222;Rive Gauche&#8220; verst\u00e4rkt, der einen trendigen Pariser Touch verleiht. <\/p>\n<p>F\u00fcr den Alltag konzipiert, verf\u00fcgt diese Bauchtasche \u00fcber einen sicheren Rei\u00dfverschluss und einen bequemen Schultergurt, ideal zum Crossbody-Tragen oder an der Taille. Im Inneren finden Sie zwei praktische Taschen, von denen eine mit Rei\u00dfverschluss verschlossen ist \u2013 perfekt, um Ihre wichtigsten Dinge zu organisieren. <\/p>\n<p>Es ist ein kleines Extra: eine passende runde Handtasche, um dein Wechselgeld elegant griffbereit zu haben.<\/p>\n<p><strong>Merkmale<\/strong><\/p>\n<ul>\n<li>Muster: Bunte Schmetterlinge auf beigefarbenem Hintergrund<\/li>\n<li>Schlie\u00dfung: Zip<\/li>\n<li>Schultergurt: verstellbar und austauschbar, mit goldenem Karabinerhaken<\/li>\n<li>Innenraum: Fertiggestellt mit Stofffutter, 2 Taschen, von denen eine verschlossen ist<\/li>\n<li>Zubeh\u00f6r: <strong>Passende runde Handtasche<\/strong>, abnehmbar<\/li>\n<li>Oberfl\u00e4chen: <strong>Stoff und Kunstleder<\/strong><\/li>\n<li>Marke: Vimoda<strong>, <\/strong>Frankreich<\/li>\n<li>Taschengr\u00f6\u00dfe: ca. 35 cm breit (mit Schnallen) und 15 cm hoch<\/li>\n<li>M\u00fcnzbeutelgr\u00f6\u00dfe: 10,5 x 2,5 cm \/ Riemen 5 cm breit<\/li>\n<\/ul>\n","protected":false},"excerpt":{"rendered":"<p>Elegante Bauchtasche aus bunten Schmetterlingsmuster-Stoff auf beigem Hintergrund, mit &#8222;Rive Gauche&#8220;-Streifen, verstellbarem Schultergurt und passender Handtasche. Praktisch und trendy, signierte Vimoda. <\/p>\n","protected":false},"featured_media":151473,"comment_status":"open","ping_status":"closed","template":"","meta":{"_glsr_average":0,"_glsr_ranking":0,"_glsr_reviews":0,"jetpack_publicize_message":"","jetpack_publicize_feature_enabled":true,"jetpack_social_post_already_shared":false,"jetpack_social_options":{"image_generator_settings":{"template":"highway","default_image_id":0,"font":"","enabled":false},"version":2}},"product_brand":[],"product_cat":[105,126],"product_tag":[],"class_list":{"0":"post-151472","1":"product","2":"type-product","3":"status-publish","4":"has-post-thumbnail","6":"product_cat-geschenkideen-aus-pret-a-porter-und-accessoires-fuer-sie-fuer-ihn","7":"product_cat-taschen-handtaeschchen-und-mappen","8":"pa_color-hellbeige-de","9":"pa_motif-imprimeanimal","11":"first","12":"instock","13":"taxable","14":"shipping-taxable","15":"purchasable","16":"product-type-simple"},"yoast_head":"<!-- This site is optimized with the Yoast SEO plugin v27.5 - https:\/\/yoast.com\/product\/yoast-seo-wordpress\/ -->\n<title>Damen-Bauchtasche mit bunten Schmetterlingsmuster auf beigem Hintergrund<\/title>\n<meta name=\"description\" content=\"Entdecke die Vimoda Bauchtasche mit Schmetterlingsmuster: praktisch, elegant mit Schultergurt und passender Handtasche. Ideal f\u00fcr einen trendigen Look.\" \/>\n<meta name=\"robots\" content=\"index, follow, max-snippet:-1, max-image-preview:large, max-video-preview:-1\" \/>\n<link rel=\"canonical\" href=\"https:\/\/www.audacieuse-galerie.ch\/de\/produit\/damen-bauchtasche-mit-bunten-schmetterlingsmuster-auf-beigem-hintergrund\/\" \/>\n<meta property=\"og:locale\" content=\"de_DE\" \/>\n<meta property=\"og:type\" content=\"article\" \/>\n<meta property=\"og:title\" content=\"Damen-Bauchtasche mit bunten Schmetterlingsmuster auf beigem Hintergrund\" \/>\n<meta property=\"og:description\" content=\"Entdecke die Vimoda Bauchtasche mit Schmetterlingsmuster: praktisch, elegant mit Schultergurt und passender Handtasche. Ideal f\u00fcr einen trendigen Look.\" \/>\n<meta property=\"og:url\" content=\"https:\/\/www.audacieuse-galerie.ch\/de\/produit\/damen-bauchtasche-mit-bunten-schmetterlingsmuster-auf-beigem-hintergrund\/\" \/>\n<meta property=\"og:site_name\" content=\"Audacieuse-Galerie\" \/>\n<meta property=\"article:publisher\" content=\"https:\/\/www.facebook.com\/audacieuse.galerie\" \/>\n<meta property=\"article:modified_time\" content=\"2026-03-19T09:30:40+00:00\" \/>\n<meta property=\"og:image\" content=\"https:\/\/www.audacieuse-galerie.ch\/wp-content\/uploads\/2026\/03\/sac-pochette-banane-tissu-papillon-beige.webp\" \/>\n\t<meta property=\"og:image:width\" content=\"416\" \/>\n\t<meta property=\"og:image:height\" content=\"416\" \/>\n\t<meta property=\"og:image:type\" content=\"image\/webp\" \/>\n<meta name=\"twitter:card\" content=\"summary_large_image\" \/>\n<meta name=\"twitter:label1\" content=\"Gesch\u00e4tzte Lesezeit\" \/>\n\t<meta name=\"twitter:data1\" content=\"1 Minute\" \/>\n<script type=\"application\/ld+json\" class=\"yoast-schema-graph\">{\"@context\":\"https:\\\/\\\/schema.org\",\"@graph\":[{\"@type\":\"WebPage\",\"@id\":\"https:\\\/\\\/www.audacieuse-galerie.ch\\\/de\\\/produit\\\/damen-bauchtasche-mit-bunten-schmetterlingsmuster-auf-beigem-hintergrund\\\/\",\"url\":\"https:\\\/\\\/www.audacieuse-galerie.ch\\\/de\\\/produit\\\/damen-bauchtasche-mit-bunten-schmetterlingsmuster-auf-beigem-hintergrund\\\/\",\"name\":\"Damen-Bauchtasche mit bunten Schmetterlingsmuster auf beigem Hintergrund\",\"isPartOf\":{\"@id\":\"https:\\\/\\\/www.audacieuse-galerie.ch\\\/de\\\/#website\"},\"primaryImageOfPage\":{\"@id\":\"https:\\\/\\\/www.audacieuse-galerie.ch\\\/de\\\/produit\\\/damen-bauchtasche-mit-bunten-schmetterlingsmuster-auf-beigem-hintergrund\\\/#primaryimage\"},\"image\":{\"@id\":\"https:\\\/\\\/www.audacieuse-galerie.ch\\\/de\\\/produit\\\/damen-bauchtasche-mit-bunten-schmetterlingsmuster-auf-beigem-hintergrund\\\/#primaryimage\"},\"thumbnailUrl\":\"https:\\\/\\\/www.audacieuse-galerie.ch\\\/wp-content\\\/uploads\\\/2026\\\/03\\\/sac-pochette-banane-tissu-papillon-beige.webp\",\"datePublished\":\"2026-03-19T09:17:31+00:00\",\"dateModified\":\"2026-03-19T09:30:40+00:00\",\"description\":\"Entdecke die Vimoda Bauchtasche mit Schmetterlingsmuster: praktisch, elegant mit Schultergurt und passender Handtasche. Ideal f\u00fcr einen trendigen Look.\",\"breadcrumb\":{\"@id\":\"https:\\\/\\\/www.audacieuse-galerie.ch\\\/de\\\/produit\\\/damen-bauchtasche-mit-bunten-schmetterlingsmuster-auf-beigem-hintergrund\\\/#breadcrumb\"},\"inLanguage\":\"de\",\"potentialAction\":[{\"@type\":\"ReadAction\",\"target\":[\"https:\\\/\\\/www.audacieuse-galerie.ch\\\/de\\\/produit\\\/damen-bauchtasche-mit-bunten-schmetterlingsmuster-auf-beigem-hintergrund\\\/\"]}]},{\"@type\":\"ImageObject\",\"inLanguage\":\"de\",\"@id\":\"https:\\\/\\\/www.audacieuse-galerie.ch\\\/de\\\/produit\\\/damen-bauchtasche-mit-bunten-schmetterlingsmuster-auf-beigem-hintergrund\\\/#primaryimage\",\"url\":\"https:\\\/\\\/www.audacieuse-galerie.ch\\\/wp-content\\\/uploads\\\/2026\\\/03\\\/sac-pochette-banane-tissu-papillon-beige.webp\",\"contentUrl\":\"https:\\\/\\\/www.audacieuse-galerie.ch\\\/wp-content\\\/uploads\\\/2026\\\/03\\\/sac-pochette-banane-tissu-papillon-beige.webp\",\"width\":416,\"height\":416,\"caption\":\"Clutch mit bunten Schmetterlingen auf beigefarbenem Hintergrund mit Inschrift am linken Ufer\"},{\"@type\":\"BreadcrumbList\",\"@id\":\"https:\\\/\\\/www.audacieuse-galerie.ch\\\/de\\\/produit\\\/damen-bauchtasche-mit-bunten-schmetterlingsmuster-auf-beigem-hintergrund\\\/#breadcrumb\",\"itemListElement\":[{\"@type\":\"ListItem\",\"position\":1,\"name\":\"Heim\",\"item\":\"https:\\\/\\\/www.audacieuse-galerie.ch\\\/de\\\/startseite-demo\\\/\"},{\"@type\":\"ListItem\",\"position\":2,\"name\":\"Laden\",\"item\":\"https:\\\/\\\/www.audacieuse-galerie.ch\\\/de\\\/laden\\\/\"},{\"@type\":\"ListItem\",\"position\":3,\"name\":\"Damen-Bauchtasche mit bunten Schmetterlingsmuster auf beigem Hintergrund\"}]},{\"@type\":\"WebSite\",\"@id\":\"https:\\\/\\\/www.audacieuse-galerie.ch\\\/de\\\/#website\",\"url\":\"https:\\\/\\\/www.audacieuse-galerie.ch\\\/de\\\/\",\"name\":\"Audacieuse-Galerie\",\"description\":\"Mode et Images\",\"potentialAction\":[{\"@type\":\"SearchAction\",\"target\":{\"@type\":\"EntryPoint\",\"urlTemplate\":\"https:\\\/\\\/www.audacieuse-galerie.ch\\\/de\\\/?s={search_term_string}\"},\"query-input\":{\"@type\":\"PropertyValueSpecification\",\"valueRequired\":true,\"valueName\":\"search_term_string\"}}],\"inLanguage\":\"de\"}]}<\/script>\n<!-- \/ Yoast SEO plugin. -->","yoast_head_json":{"title":"Damen-Bauchtasche mit bunten Schmetterlingsmuster auf beigem Hintergrund","description":"Entdecke die Vimoda Bauchtasche mit Schmetterlingsmuster: praktisch, elegant mit Schultergurt und passender Handtasche. Ideal f\u00fcr einen trendigen Look.","robots":{"index":"index","follow":"follow","max-snippet":"max-snippet:-1","max-image-preview":"max-image-preview:large","max-video-preview":"max-video-preview:-1"},"canonical":"https:\/\/www.audacieuse-galerie.ch\/de\/produit\/damen-bauchtasche-mit-bunten-schmetterlingsmuster-auf-beigem-hintergrund\/","og_locale":"de_DE","og_type":"article","og_title":"Damen-Bauchtasche mit bunten Schmetterlingsmuster auf beigem Hintergrund","og_description":"Entdecke die Vimoda Bauchtasche mit Schmetterlingsmuster: praktisch, elegant mit Schultergurt und passender Handtasche. Ideal f\u00fcr einen trendigen Look.","og_url":"https:\/\/www.audacieuse-galerie.ch\/de\/produit\/damen-bauchtasche-mit-bunten-schmetterlingsmuster-auf-beigem-hintergrund\/","og_site_name":"Audacieuse-Galerie","article_publisher":"https:\/\/www.facebook.com\/audacieuse.galerie","article_modified_time":"2026-03-19T09:30:40+00:00","og_image":[{"width":416,"height":416,"url":"https:\/\/www.audacieuse-galerie.ch\/wp-content\/uploads\/2026\/03\/sac-pochette-banane-tissu-papillon-beige.webp","type":"image\/webp"}],"twitter_card":"summary_large_image","twitter_misc":{"Gesch\u00e4tzte Lesezeit":"1 Minute"},"schema":{"@context":"https:\/\/schema.org","@graph":[{"@type":"WebPage","@id":"https:\/\/www.audacieuse-galerie.ch\/de\/produit\/damen-bauchtasche-mit-bunten-schmetterlingsmuster-auf-beigem-hintergrund\/","url":"https:\/\/www.audacieuse-galerie.ch\/de\/produit\/damen-bauchtasche-mit-bunten-schmetterlingsmuster-auf-beigem-hintergrund\/","name":"Damen-Bauchtasche mit bunten Schmetterlingsmuster auf beigem Hintergrund","isPartOf":{"@id":"https:\/\/www.audacieuse-galerie.ch\/de\/#website"},"primaryImageOfPage":{"@id":"https:\/\/www.audacieuse-galerie.ch\/de\/produit\/damen-bauchtasche-mit-bunten-schmetterlingsmuster-auf-beigem-hintergrund\/#primaryimage"},"image":{"@id":"https:\/\/www.audacieuse-galerie.ch\/de\/produit\/damen-bauchtasche-mit-bunten-schmetterlingsmuster-auf-beigem-hintergrund\/#primaryimage"},"thumbnailUrl":"https:\/\/www.audacieuse-galerie.ch\/wp-content\/uploads\/2026\/03\/sac-pochette-banane-tissu-papillon-beige.webp","datePublished":"2026-03-19T09:17:31+00:00","dateModified":"2026-03-19T09:30:40+00:00","description":"Entdecke die Vimoda Bauchtasche mit Schmetterlingsmuster: praktisch, elegant mit Schultergurt und passender Handtasche. Ideal f\u00fcr einen trendigen Look.","breadcrumb":{"@id":"https:\/\/www.audacieuse-galerie.ch\/de\/produit\/damen-bauchtasche-mit-bunten-schmetterlingsmuster-auf-beigem-hintergrund\/#breadcrumb"},"inLanguage":"de","potentialAction":[{"@type":"ReadAction","target":["https:\/\/www.audacieuse-galerie.ch\/de\/produit\/damen-bauchtasche-mit-bunten-schmetterlingsmuster-auf-beigem-hintergrund\/"]}]},{"@type":"ImageObject","inLanguage":"de","@id":"https:\/\/www.audacieuse-galerie.ch\/de\/produit\/damen-bauchtasche-mit-bunten-schmetterlingsmuster-auf-beigem-hintergrund\/#primaryimage","url":"https:\/\/www.audacieuse-galerie.ch\/wp-content\/uploads\/2026\/03\/sac-pochette-banane-tissu-papillon-beige.webp","contentUrl":"https:\/\/www.audacieuse-galerie.ch\/wp-content\/uploads\/2026\/03\/sac-pochette-banane-tissu-papillon-beige.webp","width":416,"height":416,"caption":"Clutch mit bunten Schmetterlingen auf beigefarbenem Hintergrund mit Inschrift am linken Ufer"},{"@type":"BreadcrumbList","@id":"https:\/\/www.audacieuse-galerie.ch\/de\/produit\/damen-bauchtasche-mit-bunten-schmetterlingsmuster-auf-beigem-hintergrund\/#breadcrumb","itemListElement":[{"@type":"ListItem","position":1,"name":"Heim","item":"https:\/\/www.audacieuse-galerie.ch\/de\/startseite-demo\/"},{"@type":"ListItem","position":2,"name":"Laden","item":"https:\/\/www.audacieuse-galerie.ch\/de\/laden\/"},{"@type":"ListItem","position":3,"name":"Damen-Bauchtasche mit bunten Schmetterlingsmuster auf beigem Hintergrund"}]},{"@type":"WebSite","@id":"https:\/\/www.audacieuse-galerie.ch\/de\/#website","url":"https:\/\/www.audacieuse-galerie.ch\/de\/","name":"Audacieuse-Galerie","description":"Mode et Images","potentialAction":[{"@type":"SearchAction","target":{"@type":"EntryPoint","urlTemplate":"https:\/\/www.audacieuse-galerie.ch\/de\/?s={search_term_string}"},"query-input":{"@type":"PropertyValueSpecification","valueRequired":true,"valueName":"search_term_string"}}],"inLanguage":"de"}]}},"jetpack_publicize_connections":[],"_links":{"self":[{"href":"https:\/\/www.audacieuse-galerie.ch\/de\/wp-json\/wp\/v2\/product\/151472","targetHints":{"allow":["GET"]}}],"collection":[{"href":"https:\/\/www.audacieuse-galerie.ch\/de\/wp-json\/wp\/v2\/product"}],"about":[{"href":"https:\/\/www.audacieuse-galerie.ch\/de\/wp-json\/wp\/v2\/types\/product"}],"replies":[{"embeddable":true,"href":"https:\/\/www.audacieuse-galerie.ch\/de\/wp-json\/wp\/v2\/comments?post=151472"}],"version-history":[{"count":0,"href":"https:\/\/www.audacieuse-galerie.ch\/de\/wp-json\/wp\/v2\/product\/151472\/revisions"}],"wp:featuredmedia":[{"embeddable":true,"href":"https:\/\/www.audacieuse-galerie.ch\/de\/wp-json\/wp\/v2\/media\/151473"}],"wp:attachment":[{"href":"https:\/\/www.audacieuse-galerie.ch\/de\/wp-json\/wp\/v2\/media?parent=151472"}],"wp:term":[{"taxonomy":"product_brand","embeddable":true,"href":"https:\/\/www.audacieuse-galerie.ch\/de\/wp-json\/wp\/v2\/product_brand?post=151472"},{"taxonomy":"product_cat","embeddable":true,"href":"https:\/\/www.audacieuse-galerie.ch\/de\/wp-json\/wp\/v2\/product_cat?post=151472"},{"taxonomy":"product_tag","embeddable":true,"href":"https:\/\/www.audacieuse-galerie.ch\/de\/wp-json\/wp\/v2\/product_tag?post=151472"}],"curies":[{"name":"wp","href":"https:\/\/api.w.org\/{rel}","templated":true}]}}