{"id":151557,"date":"2026-03-19T10:56:25","date_gmt":"2026-03-19T09:56:25","guid":{"rendered":"https:\/\/www.audacieuse-galerie.ch\/produit\/damenschal-mit-blau-gelbem-beigefarbenem-schmetterlingsmuster-mit-fransen-aus-viskosewolle\/"},"modified":"2026-03-19T10:56:25","modified_gmt":"2026-03-19T09:56:25","slug":"damenschal-mit-blau-gelbem-beigefarbenem-schmetterlingsmuster-mit-fransen-aus-viskosewolle","status":"publish","type":"product","link":"https:\/\/www.audacieuse-galerie.ch\/de\/produit\/damenschal-mit-blau-gelbem-beigefarbenem-schmetterlingsmuster-mit-fransen-aus-viskosewolle\/","title":{"rendered":"Damenschal mit blau-gelbem beigefarbenem Schmetterlingsmuster mit Fransen aus Viskosewolle"},"content":{"rendered":"<p>Bringen Sie mit diesem <strong>fransenf\u00f6rmigen Schal, der mit blauen und gelben Schmetterlingen<\/strong> auf beige Hintergrund bedruckt ist, einen Hauch von Leichtigkeit und Poesie in Ihre Outfits. Sein zartes und leuchtendes Muster macht es zu einem perfekten Accessoire, um Ihre Looks in jeder Jahreszeit zu betonen. <\/p>\n<p>Hergestellt aus einem weichen, ber\u00fchrbaren Material aus 70 % Viskose und 30 % Wolle, bietet es eine ideale Balance zwischen Komfort, W\u00e4rme und Fl\u00fcssigkeit. Seine gro\u00dfe Gr\u00f6\u00dfe erm\u00f6glicht es, es auf viele Arten zu tragen: um den Hals, als Stola oder einfach \u00fcber die Schultern gelegt. <\/p>\n<p>Die gefransten Oberfl\u00e4chen verleihen eine bohemische und elegante Note, w\u00e4hrend die Qualit\u00e4t des ByOc\u00e9ane-Labels ein trendiges Accessoire garantiert, das sich leicht kombinieren l\u00e4sst.<\/p>\n<p><strong>Merkmale<\/strong><\/p>\n<ul>\n<li>Typ: Damen-Fransenschal<\/li>\n<li>Muster: Blaue und gelbe Schmetterlinge<\/li>\n<li>Farbe: Beigefarbener Hintergrund<\/li>\n<li>Material: 70 % Viskose, 30 % Wolle<\/li>\n<li>Ma\u00dfe: 180 x 70 cm (ohne Fransen)<\/li>\n<li>Ber\u00fchrung: Weich und angenehm<\/li>\n<li>Pflege: Sanftes B\u00fcgeln, chemische Reinigung empfohlen<\/li>\n<li>Marke: ByOc\u00e9ane, Frankreich<\/li>\n<li>Herstellung: Hergestellt in der VR China<\/li>\n<\/ul>\n","protected":false},"excerpt":{"rendered":"<p>Weicher und eleganter Schal mit Fransen, blau-gelber Schmetterlingsprint auf beigefarbenem Hintergrund. Aus Viskose und Wolle gefertigt, ideal f\u00fcr einen schicken und bequemen Stil. <\/p>\n","protected":false},"featured_media":151559,"comment_status":"open","ping_status":"closed","template":"","meta":{"_glsr_average":0,"_glsr_ranking":0,"_glsr_reviews":0,"jetpack_publicize_message":"","jetpack_publicize_feature_enabled":true,"jetpack_social_post_already_shared":false,"jetpack_social_options":{"image_generator_settings":{"template":"highway","default_image_id":0,"font":"","enabled":false},"version":2}},"product_brand":[],"product_cat":[174],"product_tag":[],"class_list":{"0":"post-151557","1":"product","2":"type-product","3":"status-publish","4":"has-post-thumbnail","6":"product_cat-seidentuecher-und-stolen","7":"pa_color-hellbeige-de","8":"pa_motif-imprimeanimal","10":"first","11":"instock","12":"sale","13":"taxable","14":"shipping-taxable","15":"purchasable","16":"product-type-simple"},"yoast_head":"<!-- This site is optimized with the Yoast SEO plugin v27.5 - https:\/\/yoast.com\/product\/yoast-seo-wordpress\/ -->\n<title>Schmetterlingsmuster-Schal mit beigefarbenem Fransen aus einer Mischung aus Viskosewolle<\/title>\n<meta name=\"description\" content=\"Damenschal mit blauem und gelbem Schmetterlingsmuster, weich aus Viskose und Wolle. Gro\u00dfformat mit Fransen, ideal f\u00fcr einen eleganten und trendigen Look.\" \/>\n<meta name=\"robots\" content=\"index, follow, max-snippet:-1, max-image-preview:large, max-video-preview:-1\" \/>\n<link rel=\"canonical\" href=\"https:\/\/www.audacieuse-galerie.ch\/de\/produit\/damenschal-mit-blau-gelbem-beigefarbenem-schmetterlingsmuster-mit-fransen-aus-viskosewolle\/\" \/>\n<meta property=\"og:locale\" content=\"de_DE\" \/>\n<meta property=\"og:type\" content=\"article\" \/>\n<meta property=\"og:title\" content=\"Schmetterlingsmuster-Schal mit beigefarbenem Fransen aus einer Mischung aus Viskosewolle\" \/>\n<meta property=\"og:description\" content=\"Damenschal mit blauem und gelbem Schmetterlingsmuster, weich aus Viskose und Wolle. Gro\u00dfformat mit Fransen, ideal f\u00fcr einen eleganten und trendigen Look.\" \/>\n<meta property=\"og:url\" content=\"https:\/\/www.audacieuse-galerie.ch\/de\/produit\/damenschal-mit-blau-gelbem-beigefarbenem-schmetterlingsmuster-mit-fransen-aus-viskosewolle\/\" \/>\n<meta property=\"og:site_name\" content=\"Audacieuse-Galerie\" \/>\n<meta property=\"article:publisher\" content=\"https:\/\/www.facebook.com\/audacieuse.galerie\" \/>\n<meta property=\"og:image\" content=\"https:\/\/www.audacieuse-galerie.ch\/wp-content\/uploads\/2026\/03\/ECQ130-1-IMPRIME-P.jpeg\" \/>\n\t<meta property=\"og:image:width\" content=\"1536\" \/>\n\t<meta property=\"og:image:height\" content=\"2048\" \/>\n\t<meta property=\"og:image:type\" content=\"image\/jpeg\" \/>\n<meta name=\"twitter:card\" content=\"summary_large_image\" \/>\n<meta name=\"twitter:label1\" content=\"Gesch\u00e4tzte Lesezeit\" \/>\n\t<meta name=\"twitter:data1\" content=\"1 Minute\" \/>\n<script type=\"application\/ld+json\" class=\"yoast-schema-graph\">{\"@context\":\"https:\\\/\\\/schema.org\",\"@graph\":[{\"@type\":\"WebPage\",\"@id\":\"https:\\\/\\\/www.audacieuse-galerie.ch\\\/de\\\/produit\\\/damenschal-mit-blau-gelbem-beigefarbenem-schmetterlingsmuster-mit-fransen-aus-viskosewolle\\\/\",\"url\":\"https:\\\/\\\/www.audacieuse-galerie.ch\\\/de\\\/produit\\\/damenschal-mit-blau-gelbem-beigefarbenem-schmetterlingsmuster-mit-fransen-aus-viskosewolle\\\/\",\"name\":\"Schmetterlingsmuster-Schal mit beigefarbenem Fransen aus einer Mischung aus Viskosewolle\",\"isPartOf\":{\"@id\":\"https:\\\/\\\/www.audacieuse-galerie.ch\\\/de\\\/#website\"},\"primaryImageOfPage\":{\"@id\":\"https:\\\/\\\/www.audacieuse-galerie.ch\\\/de\\\/produit\\\/damenschal-mit-blau-gelbem-beigefarbenem-schmetterlingsmuster-mit-fransen-aus-viskosewolle\\\/#primaryimage\"},\"image\":{\"@id\":\"https:\\\/\\\/www.audacieuse-galerie.ch\\\/de\\\/produit\\\/damenschal-mit-blau-gelbem-beigefarbenem-schmetterlingsmuster-mit-fransen-aus-viskosewolle\\\/#primaryimage\"},\"thumbnailUrl\":\"https:\\\/\\\/www.audacieuse-galerie.ch\\\/wp-content\\\/uploads\\\/2026\\\/03\\\/ECQ130-1-IMPRIME-P.jpeg\",\"datePublished\":\"2026-03-19T09:56:25+00:00\",\"description\":\"Damenschal mit blauem und gelbem Schmetterlingsmuster, weich aus Viskose und Wolle. Gro\u00dfformat mit Fransen, ideal f\u00fcr einen eleganten und trendigen Look.\",\"breadcrumb\":{\"@id\":\"https:\\\/\\\/www.audacieuse-galerie.ch\\\/de\\\/produit\\\/damenschal-mit-blau-gelbem-beigefarbenem-schmetterlingsmuster-mit-fransen-aus-viskosewolle\\\/#breadcrumb\"},\"inLanguage\":\"de\",\"potentialAction\":[{\"@type\":\"ReadAction\",\"target\":[\"https:\\\/\\\/www.audacieuse-galerie.ch\\\/de\\\/produit\\\/damenschal-mit-blau-gelbem-beigefarbenem-schmetterlingsmuster-mit-fransen-aus-viskosewolle\\\/\"]}]},{\"@type\":\"ImageObject\",\"inLanguage\":\"de\",\"@id\":\"https:\\\/\\\/www.audacieuse-galerie.ch\\\/de\\\/produit\\\/damenschal-mit-blau-gelbem-beigefarbenem-schmetterlingsmuster-mit-fransen-aus-viskosewolle\\\/#primaryimage\",\"url\":\"https:\\\/\\\/www.audacieuse-galerie.ch\\\/wp-content\\\/uploads\\\/2026\\\/03\\\/ECQ130-1-IMPRIME-P.jpeg\",\"contentUrl\":\"https:\\\/\\\/www.audacieuse-galerie.ch\\\/wp-content\\\/uploads\\\/2026\\\/03\\\/ECQ130-1-IMPRIME-P.jpeg\",\"width\":1536,\"height\":2048},{\"@type\":\"BreadcrumbList\",\"@id\":\"https:\\\/\\\/www.audacieuse-galerie.ch\\\/de\\\/produit\\\/damenschal-mit-blau-gelbem-beigefarbenem-schmetterlingsmuster-mit-fransen-aus-viskosewolle\\\/#breadcrumb\",\"itemListElement\":[{\"@type\":\"ListItem\",\"position\":1,\"name\":\"Heim\",\"item\":\"https:\\\/\\\/www.audacieuse-galerie.ch\\\/de\\\/startseite-demo\\\/\"},{\"@type\":\"ListItem\",\"position\":2,\"name\":\"Laden\",\"item\":\"https:\\\/\\\/www.audacieuse-galerie.ch\\\/de\\\/laden\\\/\"},{\"@type\":\"ListItem\",\"position\":3,\"name\":\"Damenschal mit blau-gelbem beigefarbenem Schmetterlingsmuster mit Fransen aus Viskosewolle\"}]},{\"@type\":\"WebSite\",\"@id\":\"https:\\\/\\\/www.audacieuse-galerie.ch\\\/de\\\/#website\",\"url\":\"https:\\\/\\\/www.audacieuse-galerie.ch\\\/de\\\/\",\"name\":\"Audacieuse-Galerie\",\"description\":\"Mode et Images\",\"potentialAction\":[{\"@type\":\"SearchAction\",\"target\":{\"@type\":\"EntryPoint\",\"urlTemplate\":\"https:\\\/\\\/www.audacieuse-galerie.ch\\\/de\\\/?s={search_term_string}\"},\"query-input\":{\"@type\":\"PropertyValueSpecification\",\"valueRequired\":true,\"valueName\":\"search_term_string\"}}],\"inLanguage\":\"de\"}]}<\/script>\n<!-- \/ Yoast SEO plugin. -->","yoast_head_json":{"title":"Schmetterlingsmuster-Schal mit beigefarbenem Fransen aus einer Mischung aus Viskosewolle","description":"Damenschal mit blauem und gelbem Schmetterlingsmuster, weich aus Viskose und Wolle. Gro\u00dfformat mit Fransen, ideal f\u00fcr einen eleganten und trendigen Look.","robots":{"index":"index","follow":"follow","max-snippet":"max-snippet:-1","max-image-preview":"max-image-preview:large","max-video-preview":"max-video-preview:-1"},"canonical":"https:\/\/www.audacieuse-galerie.ch\/de\/produit\/damenschal-mit-blau-gelbem-beigefarbenem-schmetterlingsmuster-mit-fransen-aus-viskosewolle\/","og_locale":"de_DE","og_type":"article","og_title":"Schmetterlingsmuster-Schal mit beigefarbenem Fransen aus einer Mischung aus Viskosewolle","og_description":"Damenschal mit blauem und gelbem Schmetterlingsmuster, weich aus Viskose und Wolle. Gro\u00dfformat mit Fransen, ideal f\u00fcr einen eleganten und trendigen Look.","og_url":"https:\/\/www.audacieuse-galerie.ch\/de\/produit\/damenschal-mit-blau-gelbem-beigefarbenem-schmetterlingsmuster-mit-fransen-aus-viskosewolle\/","og_site_name":"Audacieuse-Galerie","article_publisher":"https:\/\/www.facebook.com\/audacieuse.galerie","og_image":[{"width":1536,"height":2048,"url":"https:\/\/www.audacieuse-galerie.ch\/wp-content\/uploads\/2026\/03\/ECQ130-1-IMPRIME-P.jpeg","type":"image\/jpeg"}],"twitter_card":"summary_large_image","twitter_misc":{"Gesch\u00e4tzte Lesezeit":"1 Minute"},"schema":{"@context":"https:\/\/schema.org","@graph":[{"@type":"WebPage","@id":"https:\/\/www.audacieuse-galerie.ch\/de\/produit\/damenschal-mit-blau-gelbem-beigefarbenem-schmetterlingsmuster-mit-fransen-aus-viskosewolle\/","url":"https:\/\/www.audacieuse-galerie.ch\/de\/produit\/damenschal-mit-blau-gelbem-beigefarbenem-schmetterlingsmuster-mit-fransen-aus-viskosewolle\/","name":"Schmetterlingsmuster-Schal mit beigefarbenem Fransen aus einer Mischung aus Viskosewolle","isPartOf":{"@id":"https:\/\/www.audacieuse-galerie.ch\/de\/#website"},"primaryImageOfPage":{"@id":"https:\/\/www.audacieuse-galerie.ch\/de\/produit\/damenschal-mit-blau-gelbem-beigefarbenem-schmetterlingsmuster-mit-fransen-aus-viskosewolle\/#primaryimage"},"image":{"@id":"https:\/\/www.audacieuse-galerie.ch\/de\/produit\/damenschal-mit-blau-gelbem-beigefarbenem-schmetterlingsmuster-mit-fransen-aus-viskosewolle\/#primaryimage"},"thumbnailUrl":"https:\/\/www.audacieuse-galerie.ch\/wp-content\/uploads\/2026\/03\/ECQ130-1-IMPRIME-P.jpeg","datePublished":"2026-03-19T09:56:25+00:00","description":"Damenschal mit blauem und gelbem Schmetterlingsmuster, weich aus Viskose und Wolle. Gro\u00dfformat mit Fransen, ideal f\u00fcr einen eleganten und trendigen Look.","breadcrumb":{"@id":"https:\/\/www.audacieuse-galerie.ch\/de\/produit\/damenschal-mit-blau-gelbem-beigefarbenem-schmetterlingsmuster-mit-fransen-aus-viskosewolle\/#breadcrumb"},"inLanguage":"de","potentialAction":[{"@type":"ReadAction","target":["https:\/\/www.audacieuse-galerie.ch\/de\/produit\/damenschal-mit-blau-gelbem-beigefarbenem-schmetterlingsmuster-mit-fransen-aus-viskosewolle\/"]}]},{"@type":"ImageObject","inLanguage":"de","@id":"https:\/\/www.audacieuse-galerie.ch\/de\/produit\/damenschal-mit-blau-gelbem-beigefarbenem-schmetterlingsmuster-mit-fransen-aus-viskosewolle\/#primaryimage","url":"https:\/\/www.audacieuse-galerie.ch\/wp-content\/uploads\/2026\/03\/ECQ130-1-IMPRIME-P.jpeg","contentUrl":"https:\/\/www.audacieuse-galerie.ch\/wp-content\/uploads\/2026\/03\/ECQ130-1-IMPRIME-P.jpeg","width":1536,"height":2048},{"@type":"BreadcrumbList","@id":"https:\/\/www.audacieuse-galerie.ch\/de\/produit\/damenschal-mit-blau-gelbem-beigefarbenem-schmetterlingsmuster-mit-fransen-aus-viskosewolle\/#breadcrumb","itemListElement":[{"@type":"ListItem","position":1,"name":"Heim","item":"https:\/\/www.audacieuse-galerie.ch\/de\/startseite-demo\/"},{"@type":"ListItem","position":2,"name":"Laden","item":"https:\/\/www.audacieuse-galerie.ch\/de\/laden\/"},{"@type":"ListItem","position":3,"name":"Damenschal mit blau-gelbem beigefarbenem Schmetterlingsmuster mit Fransen aus Viskosewolle"}]},{"@type":"WebSite","@id":"https:\/\/www.audacieuse-galerie.ch\/de\/#website","url":"https:\/\/www.audacieuse-galerie.ch\/de\/","name":"Audacieuse-Galerie","description":"Mode et Images","potentialAction":[{"@type":"SearchAction","target":{"@type":"EntryPoint","urlTemplate":"https:\/\/www.audacieuse-galerie.ch\/de\/?s={search_term_string}"},"query-input":{"@type":"PropertyValueSpecification","valueRequired":true,"valueName":"search_term_string"}}],"inLanguage":"de"}]}},"jetpack_publicize_connections":[],"_links":{"self":[{"href":"https:\/\/www.audacieuse-galerie.ch\/de\/wp-json\/wp\/v2\/product\/151557","targetHints":{"allow":["GET"]}}],"collection":[{"href":"https:\/\/www.audacieuse-galerie.ch\/de\/wp-json\/wp\/v2\/product"}],"about":[{"href":"https:\/\/www.audacieuse-galerie.ch\/de\/wp-json\/wp\/v2\/types\/product"}],"replies":[{"embeddable":true,"href":"https:\/\/www.audacieuse-galerie.ch\/de\/wp-json\/wp\/v2\/comments?post=151557"}],"version-history":[{"count":0,"href":"https:\/\/www.audacieuse-galerie.ch\/de\/wp-json\/wp\/v2\/product\/151557\/revisions"}],"wp:featuredmedia":[{"embeddable":true,"href":"https:\/\/www.audacieuse-galerie.ch\/de\/wp-json\/wp\/v2\/media\/151559"}],"wp:attachment":[{"href":"https:\/\/www.audacieuse-galerie.ch\/de\/wp-json\/wp\/v2\/media?parent=151557"}],"wp:term":[{"taxonomy":"product_brand","embeddable":true,"href":"https:\/\/www.audacieuse-galerie.ch\/de\/wp-json\/wp\/v2\/product_brand?post=151557"},{"taxonomy":"product_cat","embeddable":true,"href":"https:\/\/www.audacieuse-galerie.ch\/de\/wp-json\/wp\/v2\/product_cat?post=151557"},{"taxonomy":"product_tag","embeddable":true,"href":"https:\/\/www.audacieuse-galerie.ch\/de\/wp-json\/wp\/v2\/product_tag?post=151557"}],"curies":[{"name":"wp","href":"https:\/\/api.w.org\/{rel}","templated":true}]}}