{"id":151565,"date":"2026-03-19T11:18:25","date_gmt":"2026-03-19T10:18:25","guid":{"rendered":"https:\/\/www.audacieuse-galerie.ch\/produit\/geflochtener-goldener-raffia-sommerhut-mit-schwarzem-band\/"},"modified":"2026-04-21T11:14:45","modified_gmt":"2026-04-21T09:14:45","slug":"geflochtener-goldener-raffia-sommerhut-mit-schwarzem-band","status":"publish","type":"product","link":"https:\/\/www.audacieuse-galerie.ch\/de\/produit\/geflochtener-goldener-raffia-sommerhut-mit-schwarzem-band\/","title":{"rendered":"Geflochtener goldener Raffia-Sommerhut mit schwarzem Band"},"content":{"rendered":"<p>Lange Beschreibung<\/p>\n<p>Heben Sie Ihre Sommeroutfits mit diesem goldenen <strong>Raffia-Sommerhut<\/strong> auf, der <strong>leicht<\/strong>, elegant und <strong>zeitlos<\/strong> ist. Sein geflochtenes und gen\u00e4htes Stroh bietet einen sch\u00f6nen Halt und garantiert an sonnigen Tagen optimalen Komfort. <\/p>\n<p>Sein 10 cm breiter Rand bietet einen effektiven Sonnenschutz, w\u00e4hrend der 10 cm lange strukturierte Krone eine sch\u00f6ne Passform bietet. Das 2,5 cm lange schwarze Band in den Wiederholungen, verziert mit einer eleganten flachen Schleife, verleiht eine schicke und anspruchsvolle Note, die perfekt zu all Ihren Sommeroutfits passt. <\/p>\n<p>Mit seinem hellen und nat\u00fcrlichen Design ist dieser Hut das perfekte Accessoire f\u00fcr Ihre Ausfl\u00fcge in der Stadt, am Strand oder im Urlaub.<\/p>\n<p><strong>Merkmale<\/strong><\/p>\n<ul>\n<li>Material: geflochtenes und gen\u00e4htes goldenes Raffia-Stroh<\/li>\n<li>Schnitt: 2,5 cm Wiederholungen Band mit flacher Schleife<\/li>\n<li>Kopfumfang: 59 cm, so klein wie m\u00f6glich mit Klebeband und kleinem Klettverschluss verstellbar<\/li>\n<li>Krone: 10 cm<\/li>\n<li>Krempebreite: 10 cm<\/li>\n<li>Kappendurchmesser: 38,5 cm<\/li>\n<li>Stil: Elegant, sommerlich<\/li>\n<li>Label: ByOc\u00e9ane<\/li>\n<\/ul>\n","protected":false},"excerpt":{"rendered":"<p>Leichter Sommerhut aus goldenem Raffiastroh, mit schwarzem Band und flacher Schleife. Schlank und sch\u00fctzend, ideal f\u00fcr schicke Stile in der Sonne. <\/p>\n","protected":false},"featured_media":151569,"comment_status":"open","ping_status":"closed","template":"","meta":{"_glsr_average":0,"_glsr_ranking":0,"_glsr_reviews":0,"jetpack_publicize_message":"","jetpack_publicize_feature_enabled":true,"jetpack_social_post_already_shared":false,"jetpack_social_options":{"image_generator_settings":{"template":"highway","default_image_id":0,"font":"","enabled":false},"version":2}},"product_brand":[],"product_cat":[42,186,72],"product_tag":[],"class_list":{"0":"post-151565","1":"product","2":"type-product","3":"status-publish","4":"has-post-thumbnail","6":"product_cat-frauen-konfektionskleidung-und-modeaccessoires","7":"product_cat-huette","8":"product_cat-pret-a-porter-frau","9":"pa_color-golden-de","10":"pa_color-hellbeige-de","11":"pa_color-schwarz-de","12":"pa_materials-raffia","14":"first","15":"instock","16":"taxable","17":"shipping-taxable","18":"purchasable","19":"product-type-simple"},"yoast_head":"<!-- This site is optimized with the Yoast SEO plugin v27.5 - https:\/\/yoast.com\/product\/yoast-seo-wordpress\/ -->\n<title>Geflochtener Raffia-Sommerhut mit breitkrempigem schwarzem Band<\/title>\n<meta name=\"description\" content=\"Goldene Raffiahut mit breitem Rand und elegantem schwarzen Band. Leicht, schick und ideal, um sich stilvoll vor der Sonne zu sch\u00fctzen.\" \/>\n<meta name=\"robots\" content=\"index, follow, max-snippet:-1, max-image-preview:large, max-video-preview:-1\" \/>\n<link rel=\"canonical\" href=\"https:\/\/www.audacieuse-galerie.ch\/de\/produit\/geflochtener-goldener-raffia-sommerhut-mit-schwarzem-band\/\" \/>\n<meta property=\"og:locale\" content=\"de_DE\" \/>\n<meta property=\"og:type\" content=\"article\" \/>\n<meta property=\"og:title\" content=\"Geflochtener Raffia-Sommerhut mit breitkrempigem schwarzem Band\" \/>\n<meta property=\"og:description\" content=\"Goldene Raffiahut mit breitem Rand und elegantem schwarzen Band. Leicht, schick und ideal, um sich stilvoll vor der Sonne zu sch\u00fctzen.\" \/>\n<meta property=\"og:url\" content=\"https:\/\/www.audacieuse-galerie.ch\/de\/produit\/geflochtener-goldener-raffia-sommerhut-mit-schwarzem-band\/\" \/>\n<meta property=\"og:site_name\" content=\"Audacieuse-Galerie\" \/>\n<meta property=\"article:publisher\" content=\"https:\/\/www.facebook.com\/audacieuse.galerie\" \/>\n<meta property=\"article:modified_time\" content=\"2026-04-21T09:14:45+00:00\" \/>\n<meta property=\"og:image\" content=\"https:\/\/www.audacieuse-galerie.ch\/wp-content\/uploads\/2026\/03\/CX65-BEIGE.jpg\" \/>\n\t<meta property=\"og:image:width\" content=\"768\" \/>\n\t<meta property=\"og:image:height\" content=\"1024\" \/>\n\t<meta property=\"og:image:type\" content=\"image\/jpeg\" \/>\n<meta name=\"twitter:card\" content=\"summary_large_image\" \/>\n<meta name=\"twitter:label1\" content=\"Gesch\u00e4tzte Lesezeit\" \/>\n\t<meta name=\"twitter:data1\" content=\"1 Minute\" \/>\n<script type=\"application\/ld+json\" class=\"yoast-schema-graph\">{\"@context\":\"https:\\\/\\\/schema.org\",\"@graph\":[{\"@type\":\"WebPage\",\"@id\":\"https:\\\/\\\/www.audacieuse-galerie.ch\\\/de\\\/produit\\\/geflochtener-goldener-raffia-sommerhut-mit-schwarzem-band\\\/\",\"url\":\"https:\\\/\\\/www.audacieuse-galerie.ch\\\/de\\\/produit\\\/geflochtener-goldener-raffia-sommerhut-mit-schwarzem-band\\\/\",\"name\":\"Geflochtener Raffia-Sommerhut mit breitkrempigem schwarzem Band\",\"isPartOf\":{\"@id\":\"https:\\\/\\\/www.audacieuse-galerie.ch\\\/de\\\/#website\"},\"primaryImageOfPage\":{\"@id\":\"https:\\\/\\\/www.audacieuse-galerie.ch\\\/de\\\/produit\\\/geflochtener-goldener-raffia-sommerhut-mit-schwarzem-band\\\/#primaryimage\"},\"image\":{\"@id\":\"https:\\\/\\\/www.audacieuse-galerie.ch\\\/de\\\/produit\\\/geflochtener-goldener-raffia-sommerhut-mit-schwarzem-band\\\/#primaryimage\"},\"thumbnailUrl\":\"https:\\\/\\\/www.audacieuse-galerie.ch\\\/wp-content\\\/uploads\\\/2026\\\/03\\\/CX65-BEIGE.jpg\",\"datePublished\":\"2026-03-19T10:18:25+00:00\",\"dateModified\":\"2026-04-21T09:14:45+00:00\",\"description\":\"Goldene Raffiahut mit breitem Rand und elegantem schwarzen Band. Leicht, schick und ideal, um sich stilvoll vor der Sonne zu sch\u00fctzen.\",\"breadcrumb\":{\"@id\":\"https:\\\/\\\/www.audacieuse-galerie.ch\\\/de\\\/produit\\\/geflochtener-goldener-raffia-sommerhut-mit-schwarzem-band\\\/#breadcrumb\"},\"inLanguage\":\"de\",\"potentialAction\":[{\"@type\":\"ReadAction\",\"target\":[\"https:\\\/\\\/www.audacieuse-galerie.ch\\\/de\\\/produit\\\/geflochtener-goldener-raffia-sommerhut-mit-schwarzem-band\\\/\"]}]},{\"@type\":\"ImageObject\",\"inLanguage\":\"de\",\"@id\":\"https:\\\/\\\/www.audacieuse-galerie.ch\\\/de\\\/produit\\\/geflochtener-goldener-raffia-sommerhut-mit-schwarzem-band\\\/#primaryimage\",\"url\":\"https:\\\/\\\/www.audacieuse-galerie.ch\\\/wp-content\\\/uploads\\\/2026\\\/03\\\/CX65-BEIGE.jpg\",\"contentUrl\":\"https:\\\/\\\/www.audacieuse-galerie.ch\\\/wp-content\\\/uploads\\\/2026\\\/03\\\/CX65-BEIGE.jpg\",\"width\":768,\"height\":1024},{\"@type\":\"BreadcrumbList\",\"@id\":\"https:\\\/\\\/www.audacieuse-galerie.ch\\\/de\\\/produit\\\/geflochtener-goldener-raffia-sommerhut-mit-schwarzem-band\\\/#breadcrumb\",\"itemListElement\":[{\"@type\":\"ListItem\",\"position\":1,\"name\":\"Heim\",\"item\":\"https:\\\/\\\/www.audacieuse-galerie.ch\\\/de\\\/startseite-demo\\\/\"},{\"@type\":\"ListItem\",\"position\":2,\"name\":\"Laden\",\"item\":\"https:\\\/\\\/www.audacieuse-galerie.ch\\\/de\\\/laden\\\/\"},{\"@type\":\"ListItem\",\"position\":3,\"name\":\"Geflochtener goldener Raffia-Sommerhut mit schwarzem Band\"}]},{\"@type\":\"WebSite\",\"@id\":\"https:\\\/\\\/www.audacieuse-galerie.ch\\\/de\\\/#website\",\"url\":\"https:\\\/\\\/www.audacieuse-galerie.ch\\\/de\\\/\",\"name\":\"Audacieuse-Galerie\",\"description\":\"Mode et Images\",\"potentialAction\":[{\"@type\":\"SearchAction\",\"target\":{\"@type\":\"EntryPoint\",\"urlTemplate\":\"https:\\\/\\\/www.audacieuse-galerie.ch\\\/de\\\/?s={search_term_string}\"},\"query-input\":{\"@type\":\"PropertyValueSpecification\",\"valueRequired\":true,\"valueName\":\"search_term_string\"}}],\"inLanguage\":\"de\"}]}<\/script>\n<!-- \/ Yoast SEO plugin. -->","yoast_head_json":{"title":"Geflochtener Raffia-Sommerhut mit breitkrempigem schwarzem Band","description":"Goldene Raffiahut mit breitem Rand und elegantem schwarzen Band. Leicht, schick und ideal, um sich stilvoll vor der Sonne zu sch\u00fctzen.","robots":{"index":"index","follow":"follow","max-snippet":"max-snippet:-1","max-image-preview":"max-image-preview:large","max-video-preview":"max-video-preview:-1"},"canonical":"https:\/\/www.audacieuse-galerie.ch\/de\/produit\/geflochtener-goldener-raffia-sommerhut-mit-schwarzem-band\/","og_locale":"de_DE","og_type":"article","og_title":"Geflochtener Raffia-Sommerhut mit breitkrempigem schwarzem Band","og_description":"Goldene Raffiahut mit breitem Rand und elegantem schwarzen Band. Leicht, schick und ideal, um sich stilvoll vor der Sonne zu sch\u00fctzen.","og_url":"https:\/\/www.audacieuse-galerie.ch\/de\/produit\/geflochtener-goldener-raffia-sommerhut-mit-schwarzem-band\/","og_site_name":"Audacieuse-Galerie","article_publisher":"https:\/\/www.facebook.com\/audacieuse.galerie","article_modified_time":"2026-04-21T09:14:45+00:00","og_image":[{"width":768,"height":1024,"url":"https:\/\/www.audacieuse-galerie.ch\/wp-content\/uploads\/2026\/03\/CX65-BEIGE.jpg","type":"image\/jpeg"}],"twitter_card":"summary_large_image","twitter_misc":{"Gesch\u00e4tzte Lesezeit":"1 Minute"},"schema":{"@context":"https:\/\/schema.org","@graph":[{"@type":"WebPage","@id":"https:\/\/www.audacieuse-galerie.ch\/de\/produit\/geflochtener-goldener-raffia-sommerhut-mit-schwarzem-band\/","url":"https:\/\/www.audacieuse-galerie.ch\/de\/produit\/geflochtener-goldener-raffia-sommerhut-mit-schwarzem-band\/","name":"Geflochtener Raffia-Sommerhut mit breitkrempigem schwarzem Band","isPartOf":{"@id":"https:\/\/www.audacieuse-galerie.ch\/de\/#website"},"primaryImageOfPage":{"@id":"https:\/\/www.audacieuse-galerie.ch\/de\/produit\/geflochtener-goldener-raffia-sommerhut-mit-schwarzem-band\/#primaryimage"},"image":{"@id":"https:\/\/www.audacieuse-galerie.ch\/de\/produit\/geflochtener-goldener-raffia-sommerhut-mit-schwarzem-band\/#primaryimage"},"thumbnailUrl":"https:\/\/www.audacieuse-galerie.ch\/wp-content\/uploads\/2026\/03\/CX65-BEIGE.jpg","datePublished":"2026-03-19T10:18:25+00:00","dateModified":"2026-04-21T09:14:45+00:00","description":"Goldene Raffiahut mit breitem Rand und elegantem schwarzen Band. Leicht, schick und ideal, um sich stilvoll vor der Sonne zu sch\u00fctzen.","breadcrumb":{"@id":"https:\/\/www.audacieuse-galerie.ch\/de\/produit\/geflochtener-goldener-raffia-sommerhut-mit-schwarzem-band\/#breadcrumb"},"inLanguage":"de","potentialAction":[{"@type":"ReadAction","target":["https:\/\/www.audacieuse-galerie.ch\/de\/produit\/geflochtener-goldener-raffia-sommerhut-mit-schwarzem-band\/"]}]},{"@type":"ImageObject","inLanguage":"de","@id":"https:\/\/www.audacieuse-galerie.ch\/de\/produit\/geflochtener-goldener-raffia-sommerhut-mit-schwarzem-band\/#primaryimage","url":"https:\/\/www.audacieuse-galerie.ch\/wp-content\/uploads\/2026\/03\/CX65-BEIGE.jpg","contentUrl":"https:\/\/www.audacieuse-galerie.ch\/wp-content\/uploads\/2026\/03\/CX65-BEIGE.jpg","width":768,"height":1024},{"@type":"BreadcrumbList","@id":"https:\/\/www.audacieuse-galerie.ch\/de\/produit\/geflochtener-goldener-raffia-sommerhut-mit-schwarzem-band\/#breadcrumb","itemListElement":[{"@type":"ListItem","position":1,"name":"Heim","item":"https:\/\/www.audacieuse-galerie.ch\/de\/startseite-demo\/"},{"@type":"ListItem","position":2,"name":"Laden","item":"https:\/\/www.audacieuse-galerie.ch\/de\/laden\/"},{"@type":"ListItem","position":3,"name":"Geflochtener goldener Raffia-Sommerhut mit schwarzem Band"}]},{"@type":"WebSite","@id":"https:\/\/www.audacieuse-galerie.ch\/de\/#website","url":"https:\/\/www.audacieuse-galerie.ch\/de\/","name":"Audacieuse-Galerie","description":"Mode et Images","potentialAction":[{"@type":"SearchAction","target":{"@type":"EntryPoint","urlTemplate":"https:\/\/www.audacieuse-galerie.ch\/de\/?s={search_term_string}"},"query-input":{"@type":"PropertyValueSpecification","valueRequired":true,"valueName":"search_term_string"}}],"inLanguage":"de"}]}},"jetpack_publicize_connections":[],"_links":{"self":[{"href":"https:\/\/www.audacieuse-galerie.ch\/de\/wp-json\/wp\/v2\/product\/151565","targetHints":{"allow":["GET"]}}],"collection":[{"href":"https:\/\/www.audacieuse-galerie.ch\/de\/wp-json\/wp\/v2\/product"}],"about":[{"href":"https:\/\/www.audacieuse-galerie.ch\/de\/wp-json\/wp\/v2\/types\/product"}],"replies":[{"embeddable":true,"href":"https:\/\/www.audacieuse-galerie.ch\/de\/wp-json\/wp\/v2\/comments?post=151565"}],"version-history":[{"count":0,"href":"https:\/\/www.audacieuse-galerie.ch\/de\/wp-json\/wp\/v2\/product\/151565\/revisions"}],"wp:featuredmedia":[{"embeddable":true,"href":"https:\/\/www.audacieuse-galerie.ch\/de\/wp-json\/wp\/v2\/media\/151569"}],"wp:attachment":[{"href":"https:\/\/www.audacieuse-galerie.ch\/de\/wp-json\/wp\/v2\/media?parent=151565"}],"wp:term":[{"taxonomy":"product_brand","embeddable":true,"href":"https:\/\/www.audacieuse-galerie.ch\/de\/wp-json\/wp\/v2\/product_brand?post=151565"},{"taxonomy":"product_cat","embeddable":true,"href":"https:\/\/www.audacieuse-galerie.ch\/de\/wp-json\/wp\/v2\/product_cat?post=151565"},{"taxonomy":"product_tag","embeddable":true,"href":"https:\/\/www.audacieuse-galerie.ch\/de\/wp-json\/wp\/v2\/product_tag?post=151565"}],"curies":[{"name":"wp","href":"https:\/\/api.w.org\/{rel}","templated":true}]}}