{"id":151572,"date":"2026-03-19T13:11:59","date_gmt":"2026-03-19T12:11:59","guid":{"rendered":"https:\/\/www.audacieuse-galerie.ch\/produit\/damen-sommerhut-in-glaenzendem-lurex-grau-mit-perlen\/"},"modified":"2026-03-19T13:11:59","modified_gmt":"2026-03-19T12:11:59","slug":"damen-sommerhut-in-glaenzendem-lurex-grau-mit-perlen","status":"publish","type":"product","link":"https:\/\/www.audacieuse-galerie.ch\/de\/produit\/damen-sommerhut-in-glaenzendem-lurex-grau-mit-perlen\/","title":{"rendered":"Damen-Sommerhut in gl\u00e4nzendem Lurex-Grau mit Perlen"},"content":{"rendered":"<p>Verleihen Sie Ihren Sommeroutfits mit diesem grauen Sommerhut in gl\u00e4nzendem Lurex einen Hauch strahlender Eleganz. Sein genadeltes und gen\u00e4htes Material f\u00e4ngt dezent das Licht ein \u2013 f\u00fcr einen schicken und anspruchsvollen Effekt in aller Schlichtheit. <\/p>\n<p>Dieses Modell zeichnet sich durch seinen feinen Verzierungen aus, der aus drei Reihen von Perlen in Wei\u00df-, Grau-, Gold- und Schwarzt\u00f6nen besteht, die zart von einer Schleife aus feinen Imitatlederb\u00e4ndern gehalten werden. Ein elegantes Detail, das den entscheidenden Unterschied macht. <\/p>\n<p>F\u00fcr Komfort konzipiert, ist dieser Hut dank eines Innenbands mit Klettverschluss verstellbar, was eine perfekte Passform erm\u00f6glicht. Sein breiter 11,5 cm gro\u00dfer Rand bietet einen effektiven Sonnenschutz, w\u00e4hrend der tiefe Kronkopf einen bequemen Sitz gew\u00e4hrleistet. <\/p>\n<p>Entworfen von ByOc\u00e9ane ist dieser Hut das ideale Accessoire f\u00fcr einen schicken, femininen und modernen Look \u2013 in der Stadt oder im Urlaub.<\/p>\n<p><strong>Merkmale<\/strong><\/p>\n<ul>\n<li>Material: 100% Polyester (gl\u00e4nzender Lurex)<\/li>\n<li>Farbe: Grau<\/li>\n<li>Finish: Nat\u00e9 gen\u00e4ht<\/li>\n<li>Verzierung: 3 Reihen Perlen (wei\u00df, grau, gold, schwarz)<\/li>\n<li>Detail: Schleife aus feinen Imitatlederb\u00e4ndern<\/li>\n<li>Passform: Innenband mit Klettverschluss<\/li>\n<li>Kopfumfang: <strong>58 \u2013 59 cm (verstellbar)<\/strong><\/li>\n<li>Krone: 11 cm<\/li>\n<li>Krempeweite: 11,5 cm<\/li>\n<li>Durchmesser: 42 cm<\/li>\n<li>Stil: Schick, elegant, hell<\/li>\n<li>Marke: ByOc\u00e9ane, Frankreich<\/li>\n<\/ul>\n","protected":false},"excerpt":{"rendered":"<p>Eleganter Sommerhut aus gl\u00e4nzendem grauem Lurex, mit Perlen verziert und mit Klettverschluss verstellbar. Schick und leuchtend, perfekt f\u00fcr einen raffinierten Look. <\/p>\n","protected":false},"featured_media":151576,"comment_status":"open","ping_status":"closed","template":"","meta":{"_glsr_average":0,"_glsr_ranking":0,"_glsr_reviews":0,"jetpack_publicize_message":"","jetpack_publicize_feature_enabled":true,"jetpack_social_post_already_shared":false,"jetpack_social_options":{"image_generator_settings":{"template":"highway","default_image_id":0,"font":"","enabled":false},"version":2}},"product_brand":[],"product_cat":[42,186,72],"product_tag":[],"class_list":{"0":"post-151572","1":"product","2":"type-product","3":"status-publish","4":"has-post-thumbnail","6":"product_cat-frauen-konfektionskleidung-und-modeaccessoires","7":"product_cat-huette","8":"product_cat-pret-a-porter-frau","9":"pa_color-grau-de","11":"first","12":"instock","13":"taxable","14":"shipping-taxable","15":"purchasable","16":"product-type-simple"},"yoast_head":"<!-- This site is optimized with the Yoast SEO plugin v27.5 - https:\/\/yoast.com\/product\/yoast-seo-wordpress\/ -->\n<title>Damen-Lurex-grauer Sommerhut mit Perlenband<\/title>\n<meta name=\"description\" content=\"Gl\u00e4nzender grauer Sommerhut mit Perlen, breiter Krempe und verstellbarer Taille. Elegant und schick, ideal f\u00fcr einen kultivierten Stil in der Sonne.\" \/>\n<meta name=\"robots\" content=\"index, follow, max-snippet:-1, max-image-preview:large, max-video-preview:-1\" \/>\n<link rel=\"canonical\" href=\"https:\/\/www.audacieuse-galerie.ch\/de\/produit\/damen-sommerhut-in-glaenzendem-lurex-grau-mit-perlen\/\" \/>\n<meta property=\"og:locale\" content=\"de_DE\" \/>\n<meta property=\"og:type\" content=\"article\" \/>\n<meta property=\"og:title\" content=\"Damen-Lurex-grauer Sommerhut mit Perlenband\" \/>\n<meta property=\"og:description\" content=\"Gl\u00e4nzender grauer Sommerhut mit Perlen, breiter Krempe und verstellbarer Taille. Elegant und schick, ideal f\u00fcr einen kultivierten Stil in der Sonne.\" \/>\n<meta property=\"og:url\" content=\"https:\/\/www.audacieuse-galerie.ch\/de\/produit\/damen-sommerhut-in-glaenzendem-lurex-grau-mit-perlen\/\" \/>\n<meta property=\"og:site_name\" content=\"Audacieuse-Galerie\" \/>\n<meta property=\"article:publisher\" content=\"https:\/\/www.facebook.com\/audacieuse.galerie\" \/>\n<meta property=\"og:image\" content=\"https:\/\/www.audacieuse-galerie.ch\/wp-content\/uploads\/2026\/03\/CX2215-2-ARGENT.jpg\" \/>\n\t<meta property=\"og:image:width\" content=\"750\" \/>\n\t<meta property=\"og:image:height\" content=\"1000\" \/>\n\t<meta property=\"og:image:type\" content=\"image\/jpeg\" \/>\n<meta name=\"twitter:card\" content=\"summary_large_image\" \/>\n<meta name=\"twitter:label1\" content=\"Gesch\u00e4tzte Lesezeit\" \/>\n\t<meta name=\"twitter:data1\" content=\"1 Minute\" \/>\n<script type=\"application\/ld+json\" class=\"yoast-schema-graph\">{\"@context\":\"https:\\\/\\\/schema.org\",\"@graph\":[{\"@type\":\"WebPage\",\"@id\":\"https:\\\/\\\/www.audacieuse-galerie.ch\\\/de\\\/produit\\\/damen-sommerhut-in-glaenzendem-lurex-grau-mit-perlen\\\/\",\"url\":\"https:\\\/\\\/www.audacieuse-galerie.ch\\\/de\\\/produit\\\/damen-sommerhut-in-glaenzendem-lurex-grau-mit-perlen\\\/\",\"name\":\"Damen-Lurex-grauer Sommerhut mit Perlenband\",\"isPartOf\":{\"@id\":\"https:\\\/\\\/www.audacieuse-galerie.ch\\\/de\\\/#website\"},\"primaryImageOfPage\":{\"@id\":\"https:\\\/\\\/www.audacieuse-galerie.ch\\\/de\\\/produit\\\/damen-sommerhut-in-glaenzendem-lurex-grau-mit-perlen\\\/#primaryimage\"},\"image\":{\"@id\":\"https:\\\/\\\/www.audacieuse-galerie.ch\\\/de\\\/produit\\\/damen-sommerhut-in-glaenzendem-lurex-grau-mit-perlen\\\/#primaryimage\"},\"thumbnailUrl\":\"https:\\\/\\\/www.audacieuse-galerie.ch\\\/wp-content\\\/uploads\\\/2026\\\/03\\\/CX2215-2-ARGENT.jpg\",\"datePublished\":\"2026-03-19T12:11:59+00:00\",\"description\":\"Gl\u00e4nzender grauer Sommerhut mit Perlen, breiter Krempe und verstellbarer Taille. Elegant und schick, ideal f\u00fcr einen kultivierten Stil in der Sonne.\",\"breadcrumb\":{\"@id\":\"https:\\\/\\\/www.audacieuse-galerie.ch\\\/de\\\/produit\\\/damen-sommerhut-in-glaenzendem-lurex-grau-mit-perlen\\\/#breadcrumb\"},\"inLanguage\":\"de\",\"potentialAction\":[{\"@type\":\"ReadAction\",\"target\":[\"https:\\\/\\\/www.audacieuse-galerie.ch\\\/de\\\/produit\\\/damen-sommerhut-in-glaenzendem-lurex-grau-mit-perlen\\\/\"]}]},{\"@type\":\"ImageObject\",\"inLanguage\":\"de\",\"@id\":\"https:\\\/\\\/www.audacieuse-galerie.ch\\\/de\\\/produit\\\/damen-sommerhut-in-glaenzendem-lurex-grau-mit-perlen\\\/#primaryimage\",\"url\":\"https:\\\/\\\/www.audacieuse-galerie.ch\\\/wp-content\\\/uploads\\\/2026\\\/03\\\/CX2215-2-ARGENT.jpg\",\"contentUrl\":\"https:\\\/\\\/www.audacieuse-galerie.ch\\\/wp-content\\\/uploads\\\/2026\\\/03\\\/CX2215-2-ARGENT.jpg\",\"width\":750,\"height\":1000},{\"@type\":\"BreadcrumbList\",\"@id\":\"https:\\\/\\\/www.audacieuse-galerie.ch\\\/de\\\/produit\\\/damen-sommerhut-in-glaenzendem-lurex-grau-mit-perlen\\\/#breadcrumb\",\"itemListElement\":[{\"@type\":\"ListItem\",\"position\":1,\"name\":\"Heim\",\"item\":\"https:\\\/\\\/www.audacieuse-galerie.ch\\\/de\\\/startseite-demo\\\/\"},{\"@type\":\"ListItem\",\"position\":2,\"name\":\"Laden\",\"item\":\"https:\\\/\\\/www.audacieuse-galerie.ch\\\/de\\\/laden\\\/\"},{\"@type\":\"ListItem\",\"position\":3,\"name\":\"Damen-Sommerhut in gl\u00e4nzendem Lurex-Grau mit Perlen\"}]},{\"@type\":\"WebSite\",\"@id\":\"https:\\\/\\\/www.audacieuse-galerie.ch\\\/de\\\/#website\",\"url\":\"https:\\\/\\\/www.audacieuse-galerie.ch\\\/de\\\/\",\"name\":\"Audacieuse-Galerie\",\"description\":\"Mode et Images\",\"potentialAction\":[{\"@type\":\"SearchAction\",\"target\":{\"@type\":\"EntryPoint\",\"urlTemplate\":\"https:\\\/\\\/www.audacieuse-galerie.ch\\\/de\\\/?s={search_term_string}\"},\"query-input\":{\"@type\":\"PropertyValueSpecification\",\"valueRequired\":true,\"valueName\":\"search_term_string\"}}],\"inLanguage\":\"de\"}]}<\/script>\n<!-- \/ Yoast SEO plugin. -->","yoast_head_json":{"title":"Damen-Lurex-grauer Sommerhut mit Perlenband","description":"Gl\u00e4nzender grauer Sommerhut mit Perlen, breiter Krempe und verstellbarer Taille. Elegant und schick, ideal f\u00fcr einen kultivierten Stil in der Sonne.","robots":{"index":"index","follow":"follow","max-snippet":"max-snippet:-1","max-image-preview":"max-image-preview:large","max-video-preview":"max-video-preview:-1"},"canonical":"https:\/\/www.audacieuse-galerie.ch\/de\/produit\/damen-sommerhut-in-glaenzendem-lurex-grau-mit-perlen\/","og_locale":"de_DE","og_type":"article","og_title":"Damen-Lurex-grauer Sommerhut mit Perlenband","og_description":"Gl\u00e4nzender grauer Sommerhut mit Perlen, breiter Krempe und verstellbarer Taille. Elegant und schick, ideal f\u00fcr einen kultivierten Stil in der Sonne.","og_url":"https:\/\/www.audacieuse-galerie.ch\/de\/produit\/damen-sommerhut-in-glaenzendem-lurex-grau-mit-perlen\/","og_site_name":"Audacieuse-Galerie","article_publisher":"https:\/\/www.facebook.com\/audacieuse.galerie","og_image":[{"width":750,"height":1000,"url":"https:\/\/www.audacieuse-galerie.ch\/wp-content\/uploads\/2026\/03\/CX2215-2-ARGENT.jpg","type":"image\/jpeg"}],"twitter_card":"summary_large_image","twitter_misc":{"Gesch\u00e4tzte Lesezeit":"1 Minute"},"schema":{"@context":"https:\/\/schema.org","@graph":[{"@type":"WebPage","@id":"https:\/\/www.audacieuse-galerie.ch\/de\/produit\/damen-sommerhut-in-glaenzendem-lurex-grau-mit-perlen\/","url":"https:\/\/www.audacieuse-galerie.ch\/de\/produit\/damen-sommerhut-in-glaenzendem-lurex-grau-mit-perlen\/","name":"Damen-Lurex-grauer Sommerhut mit Perlenband","isPartOf":{"@id":"https:\/\/www.audacieuse-galerie.ch\/de\/#website"},"primaryImageOfPage":{"@id":"https:\/\/www.audacieuse-galerie.ch\/de\/produit\/damen-sommerhut-in-glaenzendem-lurex-grau-mit-perlen\/#primaryimage"},"image":{"@id":"https:\/\/www.audacieuse-galerie.ch\/de\/produit\/damen-sommerhut-in-glaenzendem-lurex-grau-mit-perlen\/#primaryimage"},"thumbnailUrl":"https:\/\/www.audacieuse-galerie.ch\/wp-content\/uploads\/2026\/03\/CX2215-2-ARGENT.jpg","datePublished":"2026-03-19T12:11:59+00:00","description":"Gl\u00e4nzender grauer Sommerhut mit Perlen, breiter Krempe und verstellbarer Taille. Elegant und schick, ideal f\u00fcr einen kultivierten Stil in der Sonne.","breadcrumb":{"@id":"https:\/\/www.audacieuse-galerie.ch\/de\/produit\/damen-sommerhut-in-glaenzendem-lurex-grau-mit-perlen\/#breadcrumb"},"inLanguage":"de","potentialAction":[{"@type":"ReadAction","target":["https:\/\/www.audacieuse-galerie.ch\/de\/produit\/damen-sommerhut-in-glaenzendem-lurex-grau-mit-perlen\/"]}]},{"@type":"ImageObject","inLanguage":"de","@id":"https:\/\/www.audacieuse-galerie.ch\/de\/produit\/damen-sommerhut-in-glaenzendem-lurex-grau-mit-perlen\/#primaryimage","url":"https:\/\/www.audacieuse-galerie.ch\/wp-content\/uploads\/2026\/03\/CX2215-2-ARGENT.jpg","contentUrl":"https:\/\/www.audacieuse-galerie.ch\/wp-content\/uploads\/2026\/03\/CX2215-2-ARGENT.jpg","width":750,"height":1000},{"@type":"BreadcrumbList","@id":"https:\/\/www.audacieuse-galerie.ch\/de\/produit\/damen-sommerhut-in-glaenzendem-lurex-grau-mit-perlen\/#breadcrumb","itemListElement":[{"@type":"ListItem","position":1,"name":"Heim","item":"https:\/\/www.audacieuse-galerie.ch\/de\/startseite-demo\/"},{"@type":"ListItem","position":2,"name":"Laden","item":"https:\/\/www.audacieuse-galerie.ch\/de\/laden\/"},{"@type":"ListItem","position":3,"name":"Damen-Sommerhut in gl\u00e4nzendem Lurex-Grau mit Perlen"}]},{"@type":"WebSite","@id":"https:\/\/www.audacieuse-galerie.ch\/de\/#website","url":"https:\/\/www.audacieuse-galerie.ch\/de\/","name":"Audacieuse-Galerie","description":"Mode et Images","potentialAction":[{"@type":"SearchAction","target":{"@type":"EntryPoint","urlTemplate":"https:\/\/www.audacieuse-galerie.ch\/de\/?s={search_term_string}"},"query-input":{"@type":"PropertyValueSpecification","valueRequired":true,"valueName":"search_term_string"}}],"inLanguage":"de"}]}},"jetpack_publicize_connections":[],"_links":{"self":[{"href":"https:\/\/www.audacieuse-galerie.ch\/de\/wp-json\/wp\/v2\/product\/151572","targetHints":{"allow":["GET"]}}],"collection":[{"href":"https:\/\/www.audacieuse-galerie.ch\/de\/wp-json\/wp\/v2\/product"}],"about":[{"href":"https:\/\/www.audacieuse-galerie.ch\/de\/wp-json\/wp\/v2\/types\/product"}],"replies":[{"embeddable":true,"href":"https:\/\/www.audacieuse-galerie.ch\/de\/wp-json\/wp\/v2\/comments?post=151572"}],"version-history":[{"count":0,"href":"https:\/\/www.audacieuse-galerie.ch\/de\/wp-json\/wp\/v2\/product\/151572\/revisions"}],"wp:featuredmedia":[{"embeddable":true,"href":"https:\/\/www.audacieuse-galerie.ch\/de\/wp-json\/wp\/v2\/media\/151576"}],"wp:attachment":[{"href":"https:\/\/www.audacieuse-galerie.ch\/de\/wp-json\/wp\/v2\/media?parent=151572"}],"wp:term":[{"taxonomy":"product_brand","embeddable":true,"href":"https:\/\/www.audacieuse-galerie.ch\/de\/wp-json\/wp\/v2\/product_brand?post=151572"},{"taxonomy":"product_cat","embeddable":true,"href":"https:\/\/www.audacieuse-galerie.ch\/de\/wp-json\/wp\/v2\/product_cat?post=151572"},{"taxonomy":"product_tag","embeddable":true,"href":"https:\/\/www.audacieuse-galerie.ch\/de\/wp-json\/wp\/v2\/product_tag?post=151572"}],"curies":[{"name":"wp","href":"https:\/\/api.w.org\/{rel}","templated":true}]}}