{"id":151587,"date":"2026-03-19T14:53:26","date_gmt":"2026-03-19T13:53:26","guid":{"rendered":"https:\/\/www.audacieuse-galerie.ch\/produit\/damenhandtasche-echtes-leder-mit-elegantem-design\/"},"modified":"2026-03-19T14:53:26","modified_gmt":"2026-03-19T13:53:26","slug":"damenhandtasche-echtes-leder-mit-elegantem-design","status":"publish","type":"product","link":"https:\/\/www.audacieuse-galerie.ch\/de\/produit\/damenhandtasche-echtes-leder-mit-elegantem-design\/","title":{"rendered":"Damenhandtasche Echtes Leder mit elegantem Design"},"content":{"rendered":"<p>Entdecken Sie die strukturierte<strong> Nappa-Leder-Handtasche<\/strong> von Vimoda, ein Modell, das <strong>zeitgen\u00f6ssisches Design<\/strong>, Eleganz und Funktionalit\u00e4t vereint.<\/p>\n<p>Gefertigt aus 3 mm dickem echtem Nappaleder, bietet es eine weiche und langlebige Textur. Sein strukturiertes Design mit scharfen Klappen und klaren Linien schafft eine elegante und moderne Silhouette, ideal f\u00fcr Ihre Alltagsoutfits sowie f\u00fcr Ihre Abendlooks. <\/p>\n<p>Der abnehmbare Schultergurt erm\u00f6glicht es, ihn nach Belieben auf der Schulter oder quer \u00fcber den K\u00f6rper zu tragen \u2013 f\u00fcr optimalen Komfort und vielseitigen Stil. Im Inneren sorgt eine praktische Aufbewahrungstasche daf\u00fcr, dass Ihre wichtigsten Sachen organisiert sind. <\/p>\n<p>Diese in Italien hergestellte Tasche verk\u00f6rpert die Handwerkskunst und den zur\u00fcckhaltenden Luxus der Vimoda-Marke. Seine kompakten, aber ausreichenden Abmessungen (H13 x W38 x D6 cm) machen ihn zu einem praktischen und schicken Accessoire f\u00fcr alle Anl\u00e4sse. <\/p>\n<p><strong>Merkmale<\/strong><\/p>\n<ul>\n<li>Typ: Damenhandtasche, strukturierte Baguettetasche<\/li>\n<li>Material: 3 mm<strong>echtes<\/strong> Material, langlebiges Material<\/li>\n<li>Farbe: je nach Modell (z. B. Schwarz, Kamel, Rot usw.)<\/li>\n<li>Verschluss: goldener magnetischer Verschluss<\/li>\n<li>Schultergurt: Abnehmbar, an der Schulter oder quer \u00fcber den K\u00f6rper getragen, mit Handgelenkgurt<\/li>\n<li>Innenausstattung: 1 Aufbewahrungstasche<\/li>\n<li>Stil: elegant, zeitgen\u00f6ssisch, strukturiert<\/li>\n<li>Herstellung: Hergestellt in Italien<\/li>\n<li>Marke: Vimoda<\/li>\n<li>Ma\u00dfe: H13 x W38 x D6 cm<\/li>\n<li>Silhouette: Saubere Klappen, saubere Linien<\/li>\n<\/ul>\n","protected":false},"excerpt":{"rendered":"<p>Entdecken Sie die strukturierte Nappa-Leder-Handtasche von Vimoda, ein Modell, das zeitgen\u00f6ssisches Design, Eleganz und Funktionalit\u00e4t vereint. Gefertigt aus 3 mm&#8230;<\/p>\n","protected":false},"featured_media":151588,"comment_status":"open","ping_status":"closed","template":"","meta":{"_glsr_average":0,"_glsr_ranking":0,"_glsr_reviews":0,"jetpack_publicize_message":"","jetpack_publicize_feature_enabled":true,"jetpack_social_post_already_shared":false,"jetpack_social_options":{"image_generator_settings":{"template":"highway","default_image_id":0,"font":"","enabled":false},"version":2}},"product_brand":[],"product_cat":[42,72,126],"product_tag":[],"class_list":{"0":"post-151587","1":"product","2":"type-product","3":"status-publish","4":"has-post-thumbnail","6":"product_cat-frauen-konfektionskleidung-und-modeaccessoires","7":"product_cat-pret-a-porter-frau","8":"product_cat-taschen-handtaeschchen-und-mappen","9":"pa_color-olivengrun-de","10":"pa_color-schwarz-de","11":"pa_materials-leder","13":"first","14":"instock","15":"taxable","16":"shipping-taxable","17":"purchasable","18":"product-type-variable"},"yoast_head":"<!-- This site is optimized with the Yoast SEO plugin v27.5 - https:\/\/yoast.com\/product\/yoast-seo-wordpress\/ -->\n<title>Damenhandtasche aus strukturiertem Nappa-Leder<\/title>\n<meta name=\"description\" content=\"Strukturierte Nappa-Lederhandtasche mit abnehmbarem Schulterriemen. Elegant und zeitgen\u00f6ssisch, signiert Vimoda, perfekt f\u00fcr Tag oder Abend.\" \/>\n<meta name=\"robots\" content=\"index, follow, max-snippet:-1, max-image-preview:large, max-video-preview:-1\" \/>\n<link rel=\"canonical\" href=\"https:\/\/www.audacieuse-galerie.ch\/de\/produit\/damenhandtasche-echtes-leder-mit-elegantem-design\/\" \/>\n<meta property=\"og:locale\" content=\"de_DE\" \/>\n<meta property=\"og:type\" content=\"article\" \/>\n<meta property=\"og:title\" content=\"Damenhandtasche aus strukturiertem Nappa-Leder\" \/>\n<meta property=\"og:description\" content=\"Strukturierte Nappa-Lederhandtasche mit abnehmbarem Schulterriemen. Elegant und zeitgen\u00f6ssisch, signiert Vimoda, perfekt f\u00fcr Tag oder Abend.\" \/>\n<meta property=\"og:url\" content=\"https:\/\/www.audacieuse-galerie.ch\/de\/produit\/damenhandtasche-echtes-leder-mit-elegantem-design\/\" \/>\n<meta property=\"og:site_name\" content=\"Audacieuse-Galerie\" \/>\n<meta property=\"article:publisher\" content=\"https:\/\/www.facebook.com\/audacieuse.galerie\" \/>\n<meta property=\"og:image\" content=\"https:\/\/www.audacieuse-galerie.ch\/wp-content\/uploads\/2026\/03\/sac-cuir-veritable-noir-bandouliere-design-rectangle.webp\" \/>\n\t<meta property=\"og:image:width\" content=\"416\" \/>\n\t<meta property=\"og:image:height\" content=\"416\" \/>\n\t<meta property=\"og:image:type\" content=\"image\/webp\" \/>\n<meta name=\"twitter:card\" content=\"summary_large_image\" \/>\n<meta name=\"twitter:label1\" content=\"Gesch\u00e4tzte Lesezeit\" \/>\n\t<meta name=\"twitter:data1\" content=\"1 Minute\" \/>\n<script type=\"application\/ld+json\" class=\"yoast-schema-graph\">{\"@context\":\"https:\\\/\\\/schema.org\",\"@graph\":[{\"@type\":\"WebPage\",\"@id\":\"https:\\\/\\\/www.audacieuse-galerie.ch\\\/de\\\/produit\\\/damenhandtasche-echtes-leder-mit-elegantem-design\\\/\",\"url\":\"https:\\\/\\\/www.audacieuse-galerie.ch\\\/de\\\/produit\\\/damenhandtasche-echtes-leder-mit-elegantem-design\\\/\",\"name\":\"Damenhandtasche aus strukturiertem Nappa-Leder\",\"isPartOf\":{\"@id\":\"https:\\\/\\\/www.audacieuse-galerie.ch\\\/de\\\/#website\"},\"primaryImageOfPage\":{\"@id\":\"https:\\\/\\\/www.audacieuse-galerie.ch\\\/de\\\/produit\\\/damenhandtasche-echtes-leder-mit-elegantem-design\\\/#primaryimage\"},\"image\":{\"@id\":\"https:\\\/\\\/www.audacieuse-galerie.ch\\\/de\\\/produit\\\/damenhandtasche-echtes-leder-mit-elegantem-design\\\/#primaryimage\"},\"thumbnailUrl\":\"https:\\\/\\\/www.audacieuse-galerie.ch\\\/wp-content\\\/uploads\\\/2026\\\/03\\\/sac-cuir-veritable-noir-bandouliere-design-rectangle.webp\",\"datePublished\":\"2026-03-19T13:53:26+00:00\",\"description\":\"Strukturierte Nappa-Lederhandtasche mit abnehmbarem Schulterriemen. Elegant und zeitgen\u00f6ssisch, signiert Vimoda, perfekt f\u00fcr Tag oder Abend.\",\"breadcrumb\":{\"@id\":\"https:\\\/\\\/www.audacieuse-galerie.ch\\\/de\\\/produit\\\/damenhandtasche-echtes-leder-mit-elegantem-design\\\/#breadcrumb\"},\"inLanguage\":\"de\",\"potentialAction\":[{\"@type\":\"ReadAction\",\"target\":[\"https:\\\/\\\/www.audacieuse-galerie.ch\\\/de\\\/produit\\\/damenhandtasche-echtes-leder-mit-elegantem-design\\\/\"]}]},{\"@type\":\"ImageObject\",\"inLanguage\":\"de\",\"@id\":\"https:\\\/\\\/www.audacieuse-galerie.ch\\\/de\\\/produit\\\/damenhandtasche-echtes-leder-mit-elegantem-design\\\/#primaryimage\",\"url\":\"https:\\\/\\\/www.audacieuse-galerie.ch\\\/wp-content\\\/uploads\\\/2026\\\/03\\\/sac-cuir-veritable-noir-bandouliere-design-rectangle.webp\",\"contentUrl\":\"https:\\\/\\\/www.audacieuse-galerie.ch\\\/wp-content\\\/uploads\\\/2026\\\/03\\\/sac-cuir-veritable-noir-bandouliere-design-rectangle.webp\",\"width\":416,\"height\":416},{\"@type\":\"BreadcrumbList\",\"@id\":\"https:\\\/\\\/www.audacieuse-galerie.ch\\\/de\\\/produit\\\/damenhandtasche-echtes-leder-mit-elegantem-design\\\/#breadcrumb\",\"itemListElement\":[{\"@type\":\"ListItem\",\"position\":1,\"name\":\"Heim\",\"item\":\"https:\\\/\\\/www.audacieuse-galerie.ch\\\/de\\\/startseite-demo\\\/\"},{\"@type\":\"ListItem\",\"position\":2,\"name\":\"Laden\",\"item\":\"https:\\\/\\\/www.audacieuse-galerie.ch\\\/de\\\/laden\\\/\"},{\"@type\":\"ListItem\",\"position\":3,\"name\":\"Damenhandtasche Echtes Leder mit elegantem Design\"}]},{\"@type\":\"WebSite\",\"@id\":\"https:\\\/\\\/www.audacieuse-galerie.ch\\\/de\\\/#website\",\"url\":\"https:\\\/\\\/www.audacieuse-galerie.ch\\\/de\\\/\",\"name\":\"Audacieuse-Galerie\",\"description\":\"Mode et Images\",\"potentialAction\":[{\"@type\":\"SearchAction\",\"target\":{\"@type\":\"EntryPoint\",\"urlTemplate\":\"https:\\\/\\\/www.audacieuse-galerie.ch\\\/de\\\/?s={search_term_string}\"},\"query-input\":{\"@type\":\"PropertyValueSpecification\",\"valueRequired\":true,\"valueName\":\"search_term_string\"}}],\"inLanguage\":\"de\"}]}<\/script>\n<!-- \/ Yoast SEO plugin. -->","yoast_head_json":{"title":"Damenhandtasche aus strukturiertem Nappa-Leder","description":"Strukturierte Nappa-Lederhandtasche mit abnehmbarem Schulterriemen. Elegant und zeitgen\u00f6ssisch, signiert Vimoda, perfekt f\u00fcr Tag oder Abend.","robots":{"index":"index","follow":"follow","max-snippet":"max-snippet:-1","max-image-preview":"max-image-preview:large","max-video-preview":"max-video-preview:-1"},"canonical":"https:\/\/www.audacieuse-galerie.ch\/de\/produit\/damenhandtasche-echtes-leder-mit-elegantem-design\/","og_locale":"de_DE","og_type":"article","og_title":"Damenhandtasche aus strukturiertem Nappa-Leder","og_description":"Strukturierte Nappa-Lederhandtasche mit abnehmbarem Schulterriemen. Elegant und zeitgen\u00f6ssisch, signiert Vimoda, perfekt f\u00fcr Tag oder Abend.","og_url":"https:\/\/www.audacieuse-galerie.ch\/de\/produit\/damenhandtasche-echtes-leder-mit-elegantem-design\/","og_site_name":"Audacieuse-Galerie","article_publisher":"https:\/\/www.facebook.com\/audacieuse.galerie","og_image":[{"width":416,"height":416,"url":"https:\/\/www.audacieuse-galerie.ch\/wp-content\/uploads\/2026\/03\/sac-cuir-veritable-noir-bandouliere-design-rectangle.webp","type":"image\/webp"}],"twitter_card":"summary_large_image","twitter_misc":{"Gesch\u00e4tzte Lesezeit":"1 Minute"},"schema":{"@context":"https:\/\/schema.org","@graph":[{"@type":"WebPage","@id":"https:\/\/www.audacieuse-galerie.ch\/de\/produit\/damenhandtasche-echtes-leder-mit-elegantem-design\/","url":"https:\/\/www.audacieuse-galerie.ch\/de\/produit\/damenhandtasche-echtes-leder-mit-elegantem-design\/","name":"Damenhandtasche aus strukturiertem Nappa-Leder","isPartOf":{"@id":"https:\/\/www.audacieuse-galerie.ch\/de\/#website"},"primaryImageOfPage":{"@id":"https:\/\/www.audacieuse-galerie.ch\/de\/produit\/damenhandtasche-echtes-leder-mit-elegantem-design\/#primaryimage"},"image":{"@id":"https:\/\/www.audacieuse-galerie.ch\/de\/produit\/damenhandtasche-echtes-leder-mit-elegantem-design\/#primaryimage"},"thumbnailUrl":"https:\/\/www.audacieuse-galerie.ch\/wp-content\/uploads\/2026\/03\/sac-cuir-veritable-noir-bandouliere-design-rectangle.webp","datePublished":"2026-03-19T13:53:26+00:00","description":"Strukturierte Nappa-Lederhandtasche mit abnehmbarem Schulterriemen. Elegant und zeitgen\u00f6ssisch, signiert Vimoda, perfekt f\u00fcr Tag oder Abend.","breadcrumb":{"@id":"https:\/\/www.audacieuse-galerie.ch\/de\/produit\/damenhandtasche-echtes-leder-mit-elegantem-design\/#breadcrumb"},"inLanguage":"de","potentialAction":[{"@type":"ReadAction","target":["https:\/\/www.audacieuse-galerie.ch\/de\/produit\/damenhandtasche-echtes-leder-mit-elegantem-design\/"]}]},{"@type":"ImageObject","inLanguage":"de","@id":"https:\/\/www.audacieuse-galerie.ch\/de\/produit\/damenhandtasche-echtes-leder-mit-elegantem-design\/#primaryimage","url":"https:\/\/www.audacieuse-galerie.ch\/wp-content\/uploads\/2026\/03\/sac-cuir-veritable-noir-bandouliere-design-rectangle.webp","contentUrl":"https:\/\/www.audacieuse-galerie.ch\/wp-content\/uploads\/2026\/03\/sac-cuir-veritable-noir-bandouliere-design-rectangle.webp","width":416,"height":416},{"@type":"BreadcrumbList","@id":"https:\/\/www.audacieuse-galerie.ch\/de\/produit\/damenhandtasche-echtes-leder-mit-elegantem-design\/#breadcrumb","itemListElement":[{"@type":"ListItem","position":1,"name":"Heim","item":"https:\/\/www.audacieuse-galerie.ch\/de\/startseite-demo\/"},{"@type":"ListItem","position":2,"name":"Laden","item":"https:\/\/www.audacieuse-galerie.ch\/de\/laden\/"},{"@type":"ListItem","position":3,"name":"Damenhandtasche Echtes Leder mit elegantem Design"}]},{"@type":"WebSite","@id":"https:\/\/www.audacieuse-galerie.ch\/de\/#website","url":"https:\/\/www.audacieuse-galerie.ch\/de\/","name":"Audacieuse-Galerie","description":"Mode et Images","potentialAction":[{"@type":"SearchAction","target":{"@type":"EntryPoint","urlTemplate":"https:\/\/www.audacieuse-galerie.ch\/de\/?s={search_term_string}"},"query-input":{"@type":"PropertyValueSpecification","valueRequired":true,"valueName":"search_term_string"}}],"inLanguage":"de"}]}},"jetpack_publicize_connections":[],"_links":{"self":[{"href":"https:\/\/www.audacieuse-galerie.ch\/de\/wp-json\/wp\/v2\/product\/151587","targetHints":{"allow":["GET"]}}],"collection":[{"href":"https:\/\/www.audacieuse-galerie.ch\/de\/wp-json\/wp\/v2\/product"}],"about":[{"href":"https:\/\/www.audacieuse-galerie.ch\/de\/wp-json\/wp\/v2\/types\/product"}],"replies":[{"embeddable":true,"href":"https:\/\/www.audacieuse-galerie.ch\/de\/wp-json\/wp\/v2\/comments?post=151587"}],"version-history":[{"count":0,"href":"https:\/\/www.audacieuse-galerie.ch\/de\/wp-json\/wp\/v2\/product\/151587\/revisions"}],"wp:featuredmedia":[{"embeddable":true,"href":"https:\/\/www.audacieuse-galerie.ch\/de\/wp-json\/wp\/v2\/media\/151588"}],"wp:attachment":[{"href":"https:\/\/www.audacieuse-galerie.ch\/de\/wp-json\/wp\/v2\/media?parent=151587"}],"wp:term":[{"taxonomy":"product_brand","embeddable":true,"href":"https:\/\/www.audacieuse-galerie.ch\/de\/wp-json\/wp\/v2\/product_brand?post=151587"},{"taxonomy":"product_cat","embeddable":true,"href":"https:\/\/www.audacieuse-galerie.ch\/de\/wp-json\/wp\/v2\/product_cat?post=151587"},{"taxonomy":"product_tag","embeddable":true,"href":"https:\/\/www.audacieuse-galerie.ch\/de\/wp-json\/wp\/v2\/product_tag?post=151587"}],"curies":[{"name":"wp","href":"https:\/\/api.w.org\/{rel}","templated":true}]}}