{"id":151612,"date":"2026-03-19T15:27:30","date_gmt":"2026-03-19T14:27:30","guid":{"rendered":"https:\/\/www.audacieuse-galerie.ch\/produit\/gruenes-seiden-quadrat-schal-herz-mit-blumenmuster-im-kleeherz\/"},"modified":"2026-03-19T15:27:30","modified_gmt":"2026-03-19T14:27:30","slug":"gruenes-seiden-quadrat-schal-herz-mit-blumenmuster-im-kleeherz","status":"publish","type":"product","link":"https:\/\/www.audacieuse-galerie.ch\/de\/produit\/gruenes-seiden-quadrat-schal-herz-mit-blumenmuster-im-kleeherz\/","title":{"rendered":"Gr\u00fcnes Seiden-Quadrat-Schal-Herz mit Blumenmuster im Kleeherz"},"content":{"rendered":"<p>Bringen Sie mit diesem gr\u00fcnen <strong>Seidenschal <\/strong>mit floralem Muster einen Hauch von Raffinesse in Ihren Stil. Sein zartes Druck, das herzf\u00f6rmige Kleebl\u00e4tter mit harmonischen Gr\u00fcn-, Wei\u00df- und Oranget\u00f6nen kombiniert, macht es zu einem originellen und eleganten Accessoire. <\/p>\n<p>Aus <strong>100 % echter Seide<\/strong> gefertigt, bietet dieser quadratische Schal eine weiche, fl\u00fcssige und leicht satinartige Textur, angenehm f\u00fcr jeden Tag oder zu besonderen Anl\u00e4ssen. Das <strong>52 x 52 cm<\/strong> gro\u00dfe Format erlaubt mehrere Stile: um den Hals, im Haar, am Handgelenk oder an einer Tasche gebunden. <\/p>\n<p>Dieser elegante Damenseidenschal ist perfekt, um ein n\u00fcchternes Outfit zu verst\u00e4rken oder einen eleganten Look mit einer farbenfrohen, leuchtenden Note zu vervollst\u00e4ndigen.<\/p>\n<p><strong>Merkmale<\/strong><\/p>\n<ul>\n<li>Typ: Damen-Quadratschal<\/li>\n<li>Material: <span style=\"color: #99cc00\">100 % echte Seide,<\/span> <span style=\"color: #99cc00\">langlebig und nat\u00fcrlich<\/span><\/li>\n<li>Muster: Blumen mit herzf\u00f6rmigen Kleebl\u00e4ttern<\/li>\n<li>Farben: Gr\u00fcn, Wei\u00df, Orange Akzente<\/li>\n<li>Abmessungen: 52 x 52 cm<\/li>\n<li>Ber\u00fchrung: Sanft, flie\u00dfend, leicht<\/li>\n<li>Pflege: Reinigung empfohlen oder Handwaschen ohne Schleudern, vermeiden Sie Reiben bei N\u00e4sse<\/li>\n<li>B\u00fcgeln: Zart m\u00f6glich<\/li>\n<li>des Labels: Maison Fanli, Frankreich<\/li>\n<\/ul>\n","protected":false},"excerpt":{"rendered":"<p>Gr\u00fcner echter Seidenschal mit Kleeherz-Blumenmuster. Elegant und elegant, ideal, um all Ihre Outfits zu verfeinern. <\/p>\n","protected":false},"featured_media":151613,"comment_status":"open","ping_status":"closed","template":"","meta":{"_glsr_average":0,"_glsr_ranking":0,"_glsr_reviews":0,"jetpack_publicize_message":"","jetpack_publicize_feature_enabled":true,"jetpack_social_post_already_shared":false,"jetpack_social_options":{"image_generator_settings":{"template":"highway","default_image_id":0,"font":"","enabled":false},"version":2}},"product_brand":[],"product_cat":[213,105,102,72,174],"product_tag":[],"class_list":{"0":"post-151612","1":"product","2":"type-product","3":"status-publish","4":"has-post-thumbnail","6":"product_cat-friseurzubehoerteile","7":"product_cat-geschenkideen-aus-pret-a-porter-und-accessoires-fuer-sie-fuer-ihn","8":"product_cat-im-schaufenster-in-carouge-gesehen","9":"product_cat-pret-a-porter-frau","10":"product_cat-seidentuecher-und-stolen","11":"pa_color-grun-de","12":"pa_color-weiss-de","13":"pa_materials-seide","15":"first","16":"instock","17":"taxable","18":"shipping-taxable","19":"purchasable","20":"product-type-simple"},"yoast_head":"<!-- This site is optimized with the Yoast SEO plugin v27.5 - https:\/\/yoast.com\/product\/yoast-seo-wordpress\/ -->\n<title>Gr\u00fcnes Seiden-Quadrat-Schal-Herz mit Blumenmuster im Kleeherz<\/title>\n<meta name=\"description\" content=\"Gr\u00fcner quadratischer Seidenschal mit Kleeherz-Blumenmuster. Elegant und raffiniert, perfekt, um Ihre Outfits mit Leichtigkeit aufzuwerten.\" \/>\n<meta name=\"robots\" content=\"index, follow, max-snippet:-1, max-image-preview:large, max-video-preview:-1\" \/>\n<link rel=\"canonical\" href=\"https:\/\/www.audacieuse-galerie.ch\/de\/produit\/gruenes-seiden-quadrat-schal-herz-mit-blumenmuster-im-kleeherz\/\" \/>\n<meta property=\"og:locale\" content=\"de_DE\" \/>\n<meta property=\"og:type\" content=\"article\" \/>\n<meta property=\"og:title\" content=\"Gr\u00fcnes Seiden-Quadrat-Schal-Herz mit Blumenmuster im Kleeherz\" \/>\n<meta property=\"og:description\" content=\"Gr\u00fcner quadratischer Seidenschal mit Kleeherz-Blumenmuster. Elegant und raffiniert, perfekt, um Ihre Outfits mit Leichtigkeit aufzuwerten.\" \/>\n<meta property=\"og:url\" content=\"https:\/\/www.audacieuse-galerie.ch\/de\/produit\/gruenes-seiden-quadrat-schal-herz-mit-blumenmuster-im-kleeherz\/\" \/>\n<meta property=\"og:site_name\" content=\"Audacieuse-Galerie\" \/>\n<meta property=\"article:publisher\" content=\"https:\/\/www.facebook.com\/audacieuse.galerie\" \/>\n<meta property=\"og:image\" content=\"https:\/\/www.audacieuse-galerie.ch\/wp-content\/uploads\/2026\/03\/PCS-48-VERT-P.jpg\" \/>\n\t<meta property=\"og:image:width\" content=\"1512\" \/>\n\t<meta property=\"og:image:height\" content=\"1862\" \/>\n\t<meta property=\"og:image:type\" content=\"image\/jpeg\" \/>\n<meta name=\"twitter:card\" content=\"summary_large_image\" \/>\n<meta name=\"twitter:label1\" content=\"Gesch\u00e4tzte Lesezeit\" \/>\n\t<meta name=\"twitter:data1\" content=\"1 Minute\" \/>\n<script type=\"application\/ld+json\" class=\"yoast-schema-graph\">{\"@context\":\"https:\\\/\\\/schema.org\",\"@graph\":[{\"@type\":\"WebPage\",\"@id\":\"https:\\\/\\\/www.audacieuse-galerie.ch\\\/de\\\/produit\\\/gruenes-seiden-quadrat-schal-herz-mit-blumenmuster-im-kleeherz\\\/\",\"url\":\"https:\\\/\\\/www.audacieuse-galerie.ch\\\/de\\\/produit\\\/gruenes-seiden-quadrat-schal-herz-mit-blumenmuster-im-kleeherz\\\/\",\"name\":\"Gr\u00fcnes Seiden-Quadrat-Schal-Herz mit Blumenmuster im Kleeherz\",\"isPartOf\":{\"@id\":\"https:\\\/\\\/www.audacieuse-galerie.ch\\\/de\\\/#website\"},\"primaryImageOfPage\":{\"@id\":\"https:\\\/\\\/www.audacieuse-galerie.ch\\\/de\\\/produit\\\/gruenes-seiden-quadrat-schal-herz-mit-blumenmuster-im-kleeherz\\\/#primaryimage\"},\"image\":{\"@id\":\"https:\\\/\\\/www.audacieuse-galerie.ch\\\/de\\\/produit\\\/gruenes-seiden-quadrat-schal-herz-mit-blumenmuster-im-kleeherz\\\/#primaryimage\"},\"thumbnailUrl\":\"https:\\\/\\\/www.audacieuse-galerie.ch\\\/wp-content\\\/uploads\\\/2026\\\/03\\\/PCS-48-VERT-P.jpg\",\"datePublished\":\"2026-03-19T14:27:30+00:00\",\"description\":\"Gr\u00fcner quadratischer Seidenschal mit Kleeherz-Blumenmuster. Elegant und raffiniert, perfekt, um Ihre Outfits mit Leichtigkeit aufzuwerten.\",\"breadcrumb\":{\"@id\":\"https:\\\/\\\/www.audacieuse-galerie.ch\\\/de\\\/produit\\\/gruenes-seiden-quadrat-schal-herz-mit-blumenmuster-im-kleeherz\\\/#breadcrumb\"},\"inLanguage\":\"de\",\"potentialAction\":[{\"@type\":\"ReadAction\",\"target\":[\"https:\\\/\\\/www.audacieuse-galerie.ch\\\/de\\\/produit\\\/gruenes-seiden-quadrat-schal-herz-mit-blumenmuster-im-kleeherz\\\/\"]}]},{\"@type\":\"ImageObject\",\"inLanguage\":\"de\",\"@id\":\"https:\\\/\\\/www.audacieuse-galerie.ch\\\/de\\\/produit\\\/gruenes-seiden-quadrat-schal-herz-mit-blumenmuster-im-kleeherz\\\/#primaryimage\",\"url\":\"https:\\\/\\\/www.audacieuse-galerie.ch\\\/wp-content\\\/uploads\\\/2026\\\/03\\\/PCS-48-VERT-P.jpg\",\"contentUrl\":\"https:\\\/\\\/www.audacieuse-galerie.ch\\\/wp-content\\\/uploads\\\/2026\\\/03\\\/PCS-48-VERT-P.jpg\",\"width\":1512,\"height\":1862},{\"@type\":\"BreadcrumbList\",\"@id\":\"https:\\\/\\\/www.audacieuse-galerie.ch\\\/de\\\/produit\\\/gruenes-seiden-quadrat-schal-herz-mit-blumenmuster-im-kleeherz\\\/#breadcrumb\",\"itemListElement\":[{\"@type\":\"ListItem\",\"position\":1,\"name\":\"Heim\",\"item\":\"https:\\\/\\\/www.audacieuse-galerie.ch\\\/de\\\/startseite-demo\\\/\"},{\"@type\":\"ListItem\",\"position\":2,\"name\":\"Laden\",\"item\":\"https:\\\/\\\/www.audacieuse-galerie.ch\\\/de\\\/laden\\\/\"},{\"@type\":\"ListItem\",\"position\":3,\"name\":\"Gr\u00fcnes Seiden-Quadrat-Schal-Herz mit Blumenmuster im Kleeherz\"}]},{\"@type\":\"WebSite\",\"@id\":\"https:\\\/\\\/www.audacieuse-galerie.ch\\\/de\\\/#website\",\"url\":\"https:\\\/\\\/www.audacieuse-galerie.ch\\\/de\\\/\",\"name\":\"Audacieuse-Galerie\",\"description\":\"Mode et Images\",\"potentialAction\":[{\"@type\":\"SearchAction\",\"target\":{\"@type\":\"EntryPoint\",\"urlTemplate\":\"https:\\\/\\\/www.audacieuse-galerie.ch\\\/de\\\/?s={search_term_string}\"},\"query-input\":{\"@type\":\"PropertyValueSpecification\",\"valueRequired\":true,\"valueName\":\"search_term_string\"}}],\"inLanguage\":\"de\"}]}<\/script>\n<!-- \/ Yoast SEO plugin. -->","yoast_head_json":{"title":"Gr\u00fcnes Seiden-Quadrat-Schal-Herz mit Blumenmuster im Kleeherz","description":"Gr\u00fcner quadratischer Seidenschal mit Kleeherz-Blumenmuster. Elegant und raffiniert, perfekt, um Ihre Outfits mit Leichtigkeit aufzuwerten.","robots":{"index":"index","follow":"follow","max-snippet":"max-snippet:-1","max-image-preview":"max-image-preview:large","max-video-preview":"max-video-preview:-1"},"canonical":"https:\/\/www.audacieuse-galerie.ch\/de\/produit\/gruenes-seiden-quadrat-schal-herz-mit-blumenmuster-im-kleeherz\/","og_locale":"de_DE","og_type":"article","og_title":"Gr\u00fcnes Seiden-Quadrat-Schal-Herz mit Blumenmuster im Kleeherz","og_description":"Gr\u00fcner quadratischer Seidenschal mit Kleeherz-Blumenmuster. Elegant und raffiniert, perfekt, um Ihre Outfits mit Leichtigkeit aufzuwerten.","og_url":"https:\/\/www.audacieuse-galerie.ch\/de\/produit\/gruenes-seiden-quadrat-schal-herz-mit-blumenmuster-im-kleeherz\/","og_site_name":"Audacieuse-Galerie","article_publisher":"https:\/\/www.facebook.com\/audacieuse.galerie","og_image":[{"width":1512,"height":1862,"url":"https:\/\/www.audacieuse-galerie.ch\/wp-content\/uploads\/2026\/03\/PCS-48-VERT-P.jpg","type":"image\/jpeg"}],"twitter_card":"summary_large_image","twitter_misc":{"Gesch\u00e4tzte Lesezeit":"1 Minute"},"schema":{"@context":"https:\/\/schema.org","@graph":[{"@type":"WebPage","@id":"https:\/\/www.audacieuse-galerie.ch\/de\/produit\/gruenes-seiden-quadrat-schal-herz-mit-blumenmuster-im-kleeherz\/","url":"https:\/\/www.audacieuse-galerie.ch\/de\/produit\/gruenes-seiden-quadrat-schal-herz-mit-blumenmuster-im-kleeherz\/","name":"Gr\u00fcnes Seiden-Quadrat-Schal-Herz mit Blumenmuster im Kleeherz","isPartOf":{"@id":"https:\/\/www.audacieuse-galerie.ch\/de\/#website"},"primaryImageOfPage":{"@id":"https:\/\/www.audacieuse-galerie.ch\/de\/produit\/gruenes-seiden-quadrat-schal-herz-mit-blumenmuster-im-kleeherz\/#primaryimage"},"image":{"@id":"https:\/\/www.audacieuse-galerie.ch\/de\/produit\/gruenes-seiden-quadrat-schal-herz-mit-blumenmuster-im-kleeherz\/#primaryimage"},"thumbnailUrl":"https:\/\/www.audacieuse-galerie.ch\/wp-content\/uploads\/2026\/03\/PCS-48-VERT-P.jpg","datePublished":"2026-03-19T14:27:30+00:00","description":"Gr\u00fcner quadratischer Seidenschal mit Kleeherz-Blumenmuster. Elegant und raffiniert, perfekt, um Ihre Outfits mit Leichtigkeit aufzuwerten.","breadcrumb":{"@id":"https:\/\/www.audacieuse-galerie.ch\/de\/produit\/gruenes-seiden-quadrat-schal-herz-mit-blumenmuster-im-kleeherz\/#breadcrumb"},"inLanguage":"de","potentialAction":[{"@type":"ReadAction","target":["https:\/\/www.audacieuse-galerie.ch\/de\/produit\/gruenes-seiden-quadrat-schal-herz-mit-blumenmuster-im-kleeherz\/"]}]},{"@type":"ImageObject","inLanguage":"de","@id":"https:\/\/www.audacieuse-galerie.ch\/de\/produit\/gruenes-seiden-quadrat-schal-herz-mit-blumenmuster-im-kleeherz\/#primaryimage","url":"https:\/\/www.audacieuse-galerie.ch\/wp-content\/uploads\/2026\/03\/PCS-48-VERT-P.jpg","contentUrl":"https:\/\/www.audacieuse-galerie.ch\/wp-content\/uploads\/2026\/03\/PCS-48-VERT-P.jpg","width":1512,"height":1862},{"@type":"BreadcrumbList","@id":"https:\/\/www.audacieuse-galerie.ch\/de\/produit\/gruenes-seiden-quadrat-schal-herz-mit-blumenmuster-im-kleeherz\/#breadcrumb","itemListElement":[{"@type":"ListItem","position":1,"name":"Heim","item":"https:\/\/www.audacieuse-galerie.ch\/de\/startseite-demo\/"},{"@type":"ListItem","position":2,"name":"Laden","item":"https:\/\/www.audacieuse-galerie.ch\/de\/laden\/"},{"@type":"ListItem","position":3,"name":"Gr\u00fcnes Seiden-Quadrat-Schal-Herz mit Blumenmuster im Kleeherz"}]},{"@type":"WebSite","@id":"https:\/\/www.audacieuse-galerie.ch\/de\/#website","url":"https:\/\/www.audacieuse-galerie.ch\/de\/","name":"Audacieuse-Galerie","description":"Mode et Images","potentialAction":[{"@type":"SearchAction","target":{"@type":"EntryPoint","urlTemplate":"https:\/\/www.audacieuse-galerie.ch\/de\/?s={search_term_string}"},"query-input":{"@type":"PropertyValueSpecification","valueRequired":true,"valueName":"search_term_string"}}],"inLanguage":"de"}]}},"jetpack_publicize_connections":[],"_links":{"self":[{"href":"https:\/\/www.audacieuse-galerie.ch\/de\/wp-json\/wp\/v2\/product\/151612","targetHints":{"allow":["GET"]}}],"collection":[{"href":"https:\/\/www.audacieuse-galerie.ch\/de\/wp-json\/wp\/v2\/product"}],"about":[{"href":"https:\/\/www.audacieuse-galerie.ch\/de\/wp-json\/wp\/v2\/types\/product"}],"replies":[{"embeddable":true,"href":"https:\/\/www.audacieuse-galerie.ch\/de\/wp-json\/wp\/v2\/comments?post=151612"}],"version-history":[{"count":0,"href":"https:\/\/www.audacieuse-galerie.ch\/de\/wp-json\/wp\/v2\/product\/151612\/revisions"}],"wp:featuredmedia":[{"embeddable":true,"href":"https:\/\/www.audacieuse-galerie.ch\/de\/wp-json\/wp\/v2\/media\/151613"}],"wp:attachment":[{"href":"https:\/\/www.audacieuse-galerie.ch\/de\/wp-json\/wp\/v2\/media?parent=151612"}],"wp:term":[{"taxonomy":"product_brand","embeddable":true,"href":"https:\/\/www.audacieuse-galerie.ch\/de\/wp-json\/wp\/v2\/product_brand?post=151612"},{"taxonomy":"product_cat","embeddable":true,"href":"https:\/\/www.audacieuse-galerie.ch\/de\/wp-json\/wp\/v2\/product_cat?post=151612"},{"taxonomy":"product_tag","embeddable":true,"href":"https:\/\/www.audacieuse-galerie.ch\/de\/wp-json\/wp\/v2\/product_tag?post=151612"}],"curies":[{"name":"wp","href":"https:\/\/api.w.org\/{rel}","templated":true}]}}