{"id":151619,"date":"2026-03-19T16:25:55","date_gmt":"2026-03-19T15:25:55","guid":{"rendered":"https:\/\/www.audacieuse-galerie.ch\/produit\/sommerbeige-karierte-baumwollshorts\/"},"modified":"2026-03-19T16:25:55","modified_gmt":"2026-03-19T15:25:55","slug":"sommerbeige-karierte-baumwollshorts","status":"publish","type":"product","link":"https:\/\/www.audacieuse-galerie.ch\/de\/produit\/sommerbeige-karierte-baumwollshorts\/","title":{"rendered":"Sommerbeige karierte Baumwollshorts"},"content":{"rendered":"<p>Genie\u00dfen Sie einen <strong>schicken und nat\u00fcrlichen<\/strong> Sommerstil mit diesen beige-wei\u00df karierten <strong>Baumwoll-Damenshorts<\/strong> . Sein zeitloses Muster und die ordentlichen Oberfl\u00e4chen machen es zu einem eleganten St\u00fcck, das sich t\u00e4glich leicht tragen l\u00e4sst. <\/p>\n<p>Mit einer strukturierten Falten bietet er eine raffinierte Silhouette und bleibt dabei bequem. Der passende G\u00fcrtel aus Bindstoff betont die Taille mit Weiblichkeit und erm\u00f6glicht eine perfekte Passform. <\/p>\n<p>Aus 100 % Baumwolle gefertigt, sind diese Shorts leicht, atmungsaktiv und an hei\u00dfen Tagen bequem zu tragen. Der vordere Rei\u00dfverschluss mit Haken sorgt f\u00fcr eine diskrete und sichere Passform. <\/p>\n<p>Entworfen von Rosa Fashion sind diese <strong>eleganten<\/strong> Damen-Sommershorts ideal, um sowohl legere als auch anspruchsvolle Outfits zusammenzustellen.<\/p>\n<p>Merkmale<\/p>\n<ul>\n<li>Material: 100 % Baumwolle<\/li>\n<li>Muster: Beige und wei\u00dfe Karo-Muster<\/li>\n<li>Verschluss: Rei\u00dfverschluss + Haken vorne<\/li>\n<li>L\u00e4nge: 41\u201344 cm (je nach Gr\u00f6\u00dfe S \u2013 XL)<\/li>\n<li>Gr\u00f6\u00dfe: Passender Bindeg\u00fcrtel<\/li>\n<li>Detail: Elegante Faltung<\/li>\n<li>Pflege: Waschen bei 30\u00b0C<\/li>\n<li>B\u00fcgeln: Mittel<\/li>\n<li>Marke: Rosa Fashion (Frankreich)<\/li>\n<li>Herstellung: Hergestellt in der VR China<\/li>\n<\/ul>\n","protected":false},"excerpt":{"rendered":"<p>Sommershorts aus beige und wei\u00df karierter Baumwolle mit elegantem Falten- und Bindeg\u00fcrtel. Leicht, schick und f\u00fcr die Saison bequem. <\/p>\n","protected":false},"featured_media":151621,"comment_status":"open","ping_status":"closed","template":"","meta":{"_glsr_average":0,"_glsr_ranking":0,"_glsr_reviews":0,"jetpack_publicize_message":"","jetpack_publicize_feature_enabled":true,"jetpack_social_post_already_shared":false,"jetpack_social_options":{"image_generator_settings":{"template":"highway","default_image_id":0,"font":"","enabled":false},"version":2}},"product_brand":[],"product_cat":[165,72],"product_tag":[],"class_list":{"0":"post-151619","1":"product","2":"type-product","3":"status-publish","4":"has-post-thumbnail","6":"product_cat-hosen-und-jeans","7":"product_cat-pret-a-porter-frau","8":"pa_color-beige-de","9":"pa_materials-baumwolle","10":"pa_taille-36_s-de","11":"pa_taille-40_m-de","12":"pa_taille-42_l-de","13":"pa_taille-46_xl-de","15":"first","16":"instock","17":"taxable","18":"shipping-taxable","19":"purchasable","20":"product-type-variable"},"yoast_head":"<!-- This site is optimized with the Yoast SEO plugin v27.5 - https:\/\/yoast.com\/product\/yoast-seo-wordpress\/ -->\n<title>Sommerbeige karierte Baumwollshorts - Audacieuse-Galerie<\/title>\n<meta name=\"description\" content=\"Damenshorts aus beige und wei\u00df karierter Baumwolle mit Krawatteng\u00fcrtel. Leicht, stilvoll und bequem f\u00fcr einen schicken Sommerlook.\" \/>\n<meta name=\"robots\" content=\"index, follow, max-snippet:-1, max-image-preview:large, max-video-preview:-1\" \/>\n<link rel=\"canonical\" href=\"https:\/\/www.audacieuse-galerie.ch\/de\/produit\/sommerbeige-karierte-baumwollshorts\/\" \/>\n<meta property=\"og:locale\" content=\"de_DE\" \/>\n<meta property=\"og:type\" content=\"article\" \/>\n<meta property=\"og:title\" content=\"Sommerbeige karierte Baumwollshorts - Audacieuse-Galerie\" \/>\n<meta property=\"og:description\" content=\"Damenshorts aus beige und wei\u00df karierter Baumwolle mit Krawatteng\u00fcrtel. Leicht, stilvoll und bequem f\u00fcr einen schicken Sommerlook.\" \/>\n<meta property=\"og:url\" content=\"https:\/\/www.audacieuse-galerie.ch\/de\/produit\/sommerbeige-karierte-baumwollshorts\/\" \/>\n<meta property=\"og:site_name\" content=\"Audacieuse-Galerie\" \/>\n<meta property=\"article:publisher\" content=\"https:\/\/www.facebook.com\/audacieuse.galerie\" \/>\n<meta property=\"og:image\" content=\"https:\/\/www.audacieuse-galerie.ch\/wp-content\/uploads\/2026\/03\/237-BEIGE-2.jpg\" \/>\n\t<meta property=\"og:image:width\" content=\"919\" \/>\n\t<meta property=\"og:image:height\" content=\"1378\" \/>\n\t<meta property=\"og:image:type\" content=\"image\/jpeg\" \/>\n<meta name=\"twitter:card\" content=\"summary_large_image\" \/>\n<meta name=\"twitter:label1\" content=\"Gesch\u00e4tzte Lesezeit\" \/>\n\t<meta name=\"twitter:data1\" content=\"1 Minute\" \/>\n<script type=\"application\/ld+json\" class=\"yoast-schema-graph\">{\"@context\":\"https:\\\/\\\/schema.org\",\"@graph\":[{\"@type\":\"WebPage\",\"@id\":\"https:\\\/\\\/www.audacieuse-galerie.ch\\\/de\\\/produit\\\/sommerbeige-karierte-baumwollshorts\\\/\",\"url\":\"https:\\\/\\\/www.audacieuse-galerie.ch\\\/de\\\/produit\\\/sommerbeige-karierte-baumwollshorts\\\/\",\"name\":\"Sommerbeige karierte Baumwollshorts - Audacieuse-Galerie\",\"isPartOf\":{\"@id\":\"https:\\\/\\\/www.audacieuse-galerie.ch\\\/de\\\/#website\"},\"primaryImageOfPage\":{\"@id\":\"https:\\\/\\\/www.audacieuse-galerie.ch\\\/de\\\/produit\\\/sommerbeige-karierte-baumwollshorts\\\/#primaryimage\"},\"image\":{\"@id\":\"https:\\\/\\\/www.audacieuse-galerie.ch\\\/de\\\/produit\\\/sommerbeige-karierte-baumwollshorts\\\/#primaryimage\"},\"thumbnailUrl\":\"https:\\\/\\\/www.audacieuse-galerie.ch\\\/wp-content\\\/uploads\\\/2026\\\/03\\\/237-BEIGE-2.jpg\",\"datePublished\":\"2026-03-19T15:25:55+00:00\",\"description\":\"Damenshorts aus beige und wei\u00df karierter Baumwolle mit Krawatteng\u00fcrtel. Leicht, stilvoll und bequem f\u00fcr einen schicken Sommerlook.\",\"breadcrumb\":{\"@id\":\"https:\\\/\\\/www.audacieuse-galerie.ch\\\/de\\\/produit\\\/sommerbeige-karierte-baumwollshorts\\\/#breadcrumb\"},\"inLanguage\":\"de\",\"potentialAction\":[{\"@type\":\"ReadAction\",\"target\":[\"https:\\\/\\\/www.audacieuse-galerie.ch\\\/de\\\/produit\\\/sommerbeige-karierte-baumwollshorts\\\/\"]}]},{\"@type\":\"ImageObject\",\"inLanguage\":\"de\",\"@id\":\"https:\\\/\\\/www.audacieuse-galerie.ch\\\/de\\\/produit\\\/sommerbeige-karierte-baumwollshorts\\\/#primaryimage\",\"url\":\"https:\\\/\\\/www.audacieuse-galerie.ch\\\/wp-content\\\/uploads\\\/2026\\\/03\\\/237-BEIGE-2.jpg\",\"contentUrl\":\"https:\\\/\\\/www.audacieuse-galerie.ch\\\/wp-content\\\/uploads\\\/2026\\\/03\\\/237-BEIGE-2.jpg\",\"width\":919,\"height\":1378},{\"@type\":\"BreadcrumbList\",\"@id\":\"https:\\\/\\\/www.audacieuse-galerie.ch\\\/de\\\/produit\\\/sommerbeige-karierte-baumwollshorts\\\/#breadcrumb\",\"itemListElement\":[{\"@type\":\"ListItem\",\"position\":1,\"name\":\"Heim\",\"item\":\"https:\\\/\\\/www.audacieuse-galerie.ch\\\/de\\\/startseite-demo\\\/\"},{\"@type\":\"ListItem\",\"position\":2,\"name\":\"Laden\",\"item\":\"https:\\\/\\\/www.audacieuse-galerie.ch\\\/de\\\/laden\\\/\"},{\"@type\":\"ListItem\",\"position\":3,\"name\":\"Sommerbeige karierte Baumwollshorts\"}]},{\"@type\":\"WebSite\",\"@id\":\"https:\\\/\\\/www.audacieuse-galerie.ch\\\/de\\\/#website\",\"url\":\"https:\\\/\\\/www.audacieuse-galerie.ch\\\/de\\\/\",\"name\":\"Audacieuse-Galerie\",\"description\":\"Mode et Images\",\"potentialAction\":[{\"@type\":\"SearchAction\",\"target\":{\"@type\":\"EntryPoint\",\"urlTemplate\":\"https:\\\/\\\/www.audacieuse-galerie.ch\\\/de\\\/?s={search_term_string}\"},\"query-input\":{\"@type\":\"PropertyValueSpecification\",\"valueRequired\":true,\"valueName\":\"search_term_string\"}}],\"inLanguage\":\"de\"}]}<\/script>\n<!-- \/ Yoast SEO plugin. -->","yoast_head_json":{"title":"Sommerbeige karierte Baumwollshorts - Audacieuse-Galerie","description":"Damenshorts aus beige und wei\u00df karierter Baumwolle mit Krawatteng\u00fcrtel. Leicht, stilvoll und bequem f\u00fcr einen schicken Sommerlook.","robots":{"index":"index","follow":"follow","max-snippet":"max-snippet:-1","max-image-preview":"max-image-preview:large","max-video-preview":"max-video-preview:-1"},"canonical":"https:\/\/www.audacieuse-galerie.ch\/de\/produit\/sommerbeige-karierte-baumwollshorts\/","og_locale":"de_DE","og_type":"article","og_title":"Sommerbeige karierte Baumwollshorts - Audacieuse-Galerie","og_description":"Damenshorts aus beige und wei\u00df karierter Baumwolle mit Krawatteng\u00fcrtel. Leicht, stilvoll und bequem f\u00fcr einen schicken Sommerlook.","og_url":"https:\/\/www.audacieuse-galerie.ch\/de\/produit\/sommerbeige-karierte-baumwollshorts\/","og_site_name":"Audacieuse-Galerie","article_publisher":"https:\/\/www.facebook.com\/audacieuse.galerie","og_image":[{"width":919,"height":1378,"url":"https:\/\/www.audacieuse-galerie.ch\/wp-content\/uploads\/2026\/03\/237-BEIGE-2.jpg","type":"image\/jpeg"}],"twitter_card":"summary_large_image","twitter_misc":{"Gesch\u00e4tzte Lesezeit":"1 Minute"},"schema":{"@context":"https:\/\/schema.org","@graph":[{"@type":"WebPage","@id":"https:\/\/www.audacieuse-galerie.ch\/de\/produit\/sommerbeige-karierte-baumwollshorts\/","url":"https:\/\/www.audacieuse-galerie.ch\/de\/produit\/sommerbeige-karierte-baumwollshorts\/","name":"Sommerbeige karierte Baumwollshorts - Audacieuse-Galerie","isPartOf":{"@id":"https:\/\/www.audacieuse-galerie.ch\/de\/#website"},"primaryImageOfPage":{"@id":"https:\/\/www.audacieuse-galerie.ch\/de\/produit\/sommerbeige-karierte-baumwollshorts\/#primaryimage"},"image":{"@id":"https:\/\/www.audacieuse-galerie.ch\/de\/produit\/sommerbeige-karierte-baumwollshorts\/#primaryimage"},"thumbnailUrl":"https:\/\/www.audacieuse-galerie.ch\/wp-content\/uploads\/2026\/03\/237-BEIGE-2.jpg","datePublished":"2026-03-19T15:25:55+00:00","description":"Damenshorts aus beige und wei\u00df karierter Baumwolle mit Krawatteng\u00fcrtel. Leicht, stilvoll und bequem f\u00fcr einen schicken Sommerlook.","breadcrumb":{"@id":"https:\/\/www.audacieuse-galerie.ch\/de\/produit\/sommerbeige-karierte-baumwollshorts\/#breadcrumb"},"inLanguage":"de","potentialAction":[{"@type":"ReadAction","target":["https:\/\/www.audacieuse-galerie.ch\/de\/produit\/sommerbeige-karierte-baumwollshorts\/"]}]},{"@type":"ImageObject","inLanguage":"de","@id":"https:\/\/www.audacieuse-galerie.ch\/de\/produit\/sommerbeige-karierte-baumwollshorts\/#primaryimage","url":"https:\/\/www.audacieuse-galerie.ch\/wp-content\/uploads\/2026\/03\/237-BEIGE-2.jpg","contentUrl":"https:\/\/www.audacieuse-galerie.ch\/wp-content\/uploads\/2026\/03\/237-BEIGE-2.jpg","width":919,"height":1378},{"@type":"BreadcrumbList","@id":"https:\/\/www.audacieuse-galerie.ch\/de\/produit\/sommerbeige-karierte-baumwollshorts\/#breadcrumb","itemListElement":[{"@type":"ListItem","position":1,"name":"Heim","item":"https:\/\/www.audacieuse-galerie.ch\/de\/startseite-demo\/"},{"@type":"ListItem","position":2,"name":"Laden","item":"https:\/\/www.audacieuse-galerie.ch\/de\/laden\/"},{"@type":"ListItem","position":3,"name":"Sommerbeige karierte Baumwollshorts"}]},{"@type":"WebSite","@id":"https:\/\/www.audacieuse-galerie.ch\/de\/#website","url":"https:\/\/www.audacieuse-galerie.ch\/de\/","name":"Audacieuse-Galerie","description":"Mode et Images","potentialAction":[{"@type":"SearchAction","target":{"@type":"EntryPoint","urlTemplate":"https:\/\/www.audacieuse-galerie.ch\/de\/?s={search_term_string}"},"query-input":{"@type":"PropertyValueSpecification","valueRequired":true,"valueName":"search_term_string"}}],"inLanguage":"de"}]}},"jetpack_publicize_connections":[],"_links":{"self":[{"href":"https:\/\/www.audacieuse-galerie.ch\/de\/wp-json\/wp\/v2\/product\/151619","targetHints":{"allow":["GET"]}}],"collection":[{"href":"https:\/\/www.audacieuse-galerie.ch\/de\/wp-json\/wp\/v2\/product"}],"about":[{"href":"https:\/\/www.audacieuse-galerie.ch\/de\/wp-json\/wp\/v2\/types\/product"}],"replies":[{"embeddable":true,"href":"https:\/\/www.audacieuse-galerie.ch\/de\/wp-json\/wp\/v2\/comments?post=151619"}],"version-history":[{"count":0,"href":"https:\/\/www.audacieuse-galerie.ch\/de\/wp-json\/wp\/v2\/product\/151619\/revisions"}],"wp:featuredmedia":[{"embeddable":true,"href":"https:\/\/www.audacieuse-galerie.ch\/de\/wp-json\/wp\/v2\/media\/151621"}],"wp:attachment":[{"href":"https:\/\/www.audacieuse-galerie.ch\/de\/wp-json\/wp\/v2\/media?parent=151619"}],"wp:term":[{"taxonomy":"product_brand","embeddable":true,"href":"https:\/\/www.audacieuse-galerie.ch\/de\/wp-json\/wp\/v2\/product_brand?post=151619"},{"taxonomy":"product_cat","embeddable":true,"href":"https:\/\/www.audacieuse-galerie.ch\/de\/wp-json\/wp\/v2\/product_cat?post=151619"},{"taxonomy":"product_tag","embeddable":true,"href":"https:\/\/www.audacieuse-galerie.ch\/de\/wp-json\/wp\/v2\/product_tag?post=151619"}],"curies":[{"name":"wp","href":"https:\/\/api.w.org\/{rel}","templated":true}]}}