{"id":156654,"date":"2026-05-08T18:23:21","date_gmt":"2026-05-08T16:23:21","guid":{"rendered":"https:\/\/www.audacieuse-galerie.ch\/produit\/keep-inout-da-clockworkorange-stephane-stribick-art-photography\/"},"modified":"2026-05-09T16:49:52","modified_gmt":"2026-05-09T14:49:52","slug":"keep-inout-da-clockworkorange-stephane-stribick-art-photography","status":"publish","type":"product","link":"https:\/\/www.audacieuse-galerie.ch\/de\/produit\/keep-inout-da-clockworkorange-stephane-stribick-art-photography\/","title":{"rendered":"KEEP INOUT A Clockwork Orange of Time Stephane Stribick Art Photography"},"content":{"rendered":"<p>Es bleibt ein Farbton, anhaltend, fast \u00fcbertrieben, als h\u00e4tte das Orange sich geweigert, das Material zu verlassen. Der Ort erscheint nicht mehr wirklich als Schauplatz, sondern als Best\u00e4ndigkeit. Eine Remanenz. Die B\u00e4nde scheinen ihre Bewegung fortzusetzen, selbst wenn sie nicht mehr da sind. Die T\u00fcren \u00f6ffnen sich nicht, sie z\u00f6gern. Sie driften leicht aus ihrer Funktion ab. Zwischen zwei Momenten zirkuliert etwas, ohne stabile Form, ohne lesbare Absicht. Der Blick versucht zu folgen, aber der Raum gleitet diskret davon. An einer Wand formt sich langsam eine Schrift, als wolle sie nicht zu fr\u00fch verstanden werden. Sie k\u00fcndigt nicht an, sie setzt aus. Es verz\u00f6gert. Sie h\u00e4lt einen Zustand des Wartens aufrecht. Dieses Kunstfoto in einem nummerierten und signierten Kunstdruck versucht nicht, eine Szene festzulegen, sondern einen fragile Realit\u00e4tszustand zwischen Erscheinung und Ausl\u00f6schung zu bewahren.            <\/p>\n","protected":false},"excerpt":{"rendered":"<p>Eine visuelle Drift in einem von Farben durchdrungenen Raum, in dem Architektur auch nach ihrem eigenen Verschwinden weiterhin existiert.<\/p>\n","protected":false},"featured_media":156655,"comment_status":"open","ping_status":"closed","template":"","meta":{"_glsr_average":0,"_glsr_ranking":0,"_glsr_reviews":0,"jetpack_publicize_message":"","jetpack_publicize_feature_enabled":true,"jetpack_social_post_already_shared":false,"jetpack_social_options":{"image_generator_settings":{"template":"highway","default_image_id":0,"font":"","enabled":false},"version":2}},"product_brand":[],"product_cat":[2236,153,234],"product_tag":[],"class_list":{"0":"post-156654","1":"product","2":"type-product","3":"status-publish","4":"has-post-thumbnail","6":"product_cat-fotograf-stephane-stribick","7":"product_cat-grafik","8":"product_cat-staedtisch","9":"pa_dimensions-40x40cm-de","10":"pa_dimensions-50x50cm-de","11":"pa_dimensions-60x60cm-de","12":"pa_encadrements-dunklesholz-de","13":"pa_encadrements-farben-de","14":"pa_encadrements-grau-de","15":"pa_encadrements-hellesholz-de","16":"pa_encadrements-keinen-de","17":"pa_encadrements-schwarz-de","18":"pa_encadrements-weiss-de","19":"pa_oeuvresnumerotees_limitees-5exemplaren-de","20":"pa_protectionfinitionsupport-druckunterglasacrylglass-de","21":"pa_protectionfinitionsupport-e4-kunstpapieraufholzplatteu-de","22":"pa_protectionfinitionsupport-20-kunstpapieraufdibondr_alu-de","24":"first","25":"instock","26":"taxable","27":"shipping-taxable","28":"purchasable","29":"product-type-variable"},"yoast_head":"<!-- This site is optimized with the Yoast SEO plugin v27.6 - https:\/\/yoast.com\/product\/yoast-seo-wordpress\/ -->\n<title>Eine Uhrwerk-Orange der Zeit \u2013 Kunstfotografie<\/title>\n<meta name=\"description\" content=\"Begrenzte Kunstfotografie. Nummerierte und signierte Werke, die einen instabilen surrealistischen Raum erforschen.\" \/>\n<meta name=\"robots\" content=\"index, follow, max-snippet:-1, max-image-preview:large, max-video-preview:-1\" \/>\n<link rel=\"canonical\" href=\"https:\/\/www.audacieuse-galerie.ch\/de\/produit\/keep-inout-da-clockworkorange-stephane-stribick-art-photography\/\" \/>\n<meta property=\"og:locale\" content=\"de_DE\" \/>\n<meta property=\"og:type\" content=\"article\" \/>\n<meta property=\"og:title\" content=\"Eine Uhrwerk-Orange der Zeit \u2013 Kunstfotografie\" \/>\n<meta property=\"og:description\" content=\"Begrenzte Kunstfotografie. Nummerierte und signierte Werke, die einen instabilen surrealistischen Raum erforschen.\" \/>\n<meta property=\"og:url\" content=\"https:\/\/www.audacieuse-galerie.ch\/de\/produit\/keep-inout-da-clockworkorange-stephane-stribick-art-photography\/\" \/>\n<meta property=\"og:site_name\" content=\"Audacieuse-Galerie\" \/>\n<meta property=\"article:publisher\" content=\"https:\/\/www.facebook.com\/audacieuse.galerie\" \/>\n<meta property=\"article:modified_time\" content=\"2026-05-09T14:49:52+00:00\" \/>\n<meta property=\"og:image\" content=\"https:\/\/www.audacieuse-galerie.ch\/wp-content\/uploads\/2026\/05\/KEEP-INOUT-Da-ClockworkOrange-stephane-stribick-photographie-d-art-1.webp\" \/>\n\t<meta property=\"og:image:width\" content=\"1000\" \/>\n\t<meta property=\"og:image:height\" content=\"1000\" \/>\n\t<meta property=\"og:image:type\" content=\"image\/webp\" \/>\n<meta name=\"twitter:card\" content=\"summary_large_image\" \/>\n<meta name=\"twitter:label1\" content=\"Gesch\u00e4tzte Lesezeit\" \/>\n\t<meta name=\"twitter:data1\" content=\"1 Minute\" \/>\n<script type=\"application\/ld+json\" class=\"yoast-schema-graph\">{\"@context\":\"https:\\\/\\\/schema.org\",\"@graph\":[{\"@type\":\"WebPage\",\"@id\":\"https:\\\/\\\/www.audacieuse-galerie.ch\\\/de\\\/produit\\\/keep-inout-da-clockworkorange-stephane-stribick-art-photography\\\/\",\"url\":\"https:\\\/\\\/www.audacieuse-galerie.ch\\\/de\\\/produit\\\/keep-inout-da-clockworkorange-stephane-stribick-art-photography\\\/\",\"name\":\"Eine Uhrwerk-Orange der Zeit \u2013 Kunstfotografie\",\"isPartOf\":{\"@id\":\"https:\\\/\\\/www.audacieuse-galerie.ch\\\/de\\\/#website\"},\"primaryImageOfPage\":{\"@id\":\"https:\\\/\\\/www.audacieuse-galerie.ch\\\/de\\\/produit\\\/keep-inout-da-clockworkorange-stephane-stribick-art-photography\\\/#primaryimage\"},\"image\":{\"@id\":\"https:\\\/\\\/www.audacieuse-galerie.ch\\\/de\\\/produit\\\/keep-inout-da-clockworkorange-stephane-stribick-art-photography\\\/#primaryimage\"},\"thumbnailUrl\":\"https:\\\/\\\/www.audacieuse-galerie.ch\\\/wp-content\\\/uploads\\\/2026\\\/05\\\/KEEP-INOUT-Da-ClockworkOrange-stephane-stribick-photographie-d-art-1.webp\",\"datePublished\":\"2026-05-08T16:23:21+00:00\",\"dateModified\":\"2026-05-09T14:49:52+00:00\",\"description\":\"Begrenzte Kunstfotografie. Nummerierte und signierte Werke, die einen instabilen surrealistischen Raum erforschen.\",\"breadcrumb\":{\"@id\":\"https:\\\/\\\/www.audacieuse-galerie.ch\\\/de\\\/produit\\\/keep-inout-da-clockworkorange-stephane-stribick-art-photography\\\/#breadcrumb\"},\"inLanguage\":\"de\",\"potentialAction\":[{\"@type\":\"ReadAction\",\"target\":[\"https:\\\/\\\/www.audacieuse-galerie.ch\\\/de\\\/produit\\\/keep-inout-da-clockworkorange-stephane-stribick-art-photography\\\/\"]}]},{\"@type\":\"ImageObject\",\"inLanguage\":\"de\",\"@id\":\"https:\\\/\\\/www.audacieuse-galerie.ch\\\/de\\\/produit\\\/keep-inout-da-clockworkorange-stephane-stribick-art-photography\\\/#primaryimage\",\"url\":\"https:\\\/\\\/www.audacieuse-galerie.ch\\\/wp-content\\\/uploads\\\/2026\\\/05\\\/KEEP-INOUT-Da-ClockworkOrange-stephane-stribick-photographie-d-art-1.webp\",\"contentUrl\":\"https:\\\/\\\/www.audacieuse-galerie.ch\\\/wp-content\\\/uploads\\\/2026\\\/05\\\/KEEP-INOUT-Da-ClockworkOrange-stephane-stribick-photographie-d-art-1.webp\",\"width\":1000,\"height\":1000},{\"@type\":\"BreadcrumbList\",\"@id\":\"https:\\\/\\\/www.audacieuse-galerie.ch\\\/de\\\/produit\\\/keep-inout-da-clockworkorange-stephane-stribick-art-photography\\\/#breadcrumb\",\"itemListElement\":[{\"@type\":\"ListItem\",\"position\":1,\"name\":\"Heim\",\"item\":\"https:\\\/\\\/www.audacieuse-galerie.ch\\\/de\\\/startseite-demo\\\/\"},{\"@type\":\"ListItem\",\"position\":2,\"name\":\"Laden\",\"item\":\"https:\\\/\\\/www.audacieuse-galerie.ch\\\/de\\\/laden\\\/\"},{\"@type\":\"ListItem\",\"position\":3,\"name\":\"KEEP INOUT A Clockwork Orange of Time Stephane Stribick Art Photography\"}]},{\"@type\":\"WebSite\",\"@id\":\"https:\\\/\\\/www.audacieuse-galerie.ch\\\/de\\\/#website\",\"url\":\"https:\\\/\\\/www.audacieuse-galerie.ch\\\/de\\\/\",\"name\":\"Audacieuse-Galerie\",\"description\":\"Mode et Images\",\"potentialAction\":[{\"@type\":\"SearchAction\",\"target\":{\"@type\":\"EntryPoint\",\"urlTemplate\":\"https:\\\/\\\/www.audacieuse-galerie.ch\\\/de\\\/?s={search_term_string}\"},\"query-input\":{\"@type\":\"PropertyValueSpecification\",\"valueRequired\":true,\"valueName\":\"search_term_string\"}}],\"inLanguage\":\"de\"}]}<\/script>\n<!-- \/ Yoast SEO plugin. -->","yoast_head_json":{"title":"Eine Uhrwerk-Orange der Zeit \u2013 Kunstfotografie","description":"Begrenzte Kunstfotografie. Nummerierte und signierte Werke, die einen instabilen surrealistischen Raum erforschen.","robots":{"index":"index","follow":"follow","max-snippet":"max-snippet:-1","max-image-preview":"max-image-preview:large","max-video-preview":"max-video-preview:-1"},"canonical":"https:\/\/www.audacieuse-galerie.ch\/de\/produit\/keep-inout-da-clockworkorange-stephane-stribick-art-photography\/","og_locale":"de_DE","og_type":"article","og_title":"Eine Uhrwerk-Orange der Zeit \u2013 Kunstfotografie","og_description":"Begrenzte Kunstfotografie. Nummerierte und signierte Werke, die einen instabilen surrealistischen Raum erforschen.","og_url":"https:\/\/www.audacieuse-galerie.ch\/de\/produit\/keep-inout-da-clockworkorange-stephane-stribick-art-photography\/","og_site_name":"Audacieuse-Galerie","article_publisher":"https:\/\/www.facebook.com\/audacieuse.galerie","article_modified_time":"2026-05-09T14:49:52+00:00","og_image":[{"width":1000,"height":1000,"url":"https:\/\/www.audacieuse-galerie.ch\/wp-content\/uploads\/2026\/05\/KEEP-INOUT-Da-ClockworkOrange-stephane-stribick-photographie-d-art-1.webp","type":"image\/webp"}],"twitter_card":"summary_large_image","twitter_misc":{"Gesch\u00e4tzte Lesezeit":"1 Minute"},"schema":{"@context":"https:\/\/schema.org","@graph":[{"@type":"WebPage","@id":"https:\/\/www.audacieuse-galerie.ch\/de\/produit\/keep-inout-da-clockworkorange-stephane-stribick-art-photography\/","url":"https:\/\/www.audacieuse-galerie.ch\/de\/produit\/keep-inout-da-clockworkorange-stephane-stribick-art-photography\/","name":"Eine Uhrwerk-Orange der Zeit \u2013 Kunstfotografie","isPartOf":{"@id":"https:\/\/www.audacieuse-galerie.ch\/de\/#website"},"primaryImageOfPage":{"@id":"https:\/\/www.audacieuse-galerie.ch\/de\/produit\/keep-inout-da-clockworkorange-stephane-stribick-art-photography\/#primaryimage"},"image":{"@id":"https:\/\/www.audacieuse-galerie.ch\/de\/produit\/keep-inout-da-clockworkorange-stephane-stribick-art-photography\/#primaryimage"},"thumbnailUrl":"https:\/\/www.audacieuse-galerie.ch\/wp-content\/uploads\/2026\/05\/KEEP-INOUT-Da-ClockworkOrange-stephane-stribick-photographie-d-art-1.webp","datePublished":"2026-05-08T16:23:21+00:00","dateModified":"2026-05-09T14:49:52+00:00","description":"Begrenzte Kunstfotografie. Nummerierte und signierte Werke, die einen instabilen surrealistischen Raum erforschen.","breadcrumb":{"@id":"https:\/\/www.audacieuse-galerie.ch\/de\/produit\/keep-inout-da-clockworkorange-stephane-stribick-art-photography\/#breadcrumb"},"inLanguage":"de","potentialAction":[{"@type":"ReadAction","target":["https:\/\/www.audacieuse-galerie.ch\/de\/produit\/keep-inout-da-clockworkorange-stephane-stribick-art-photography\/"]}]},{"@type":"ImageObject","inLanguage":"de","@id":"https:\/\/www.audacieuse-galerie.ch\/de\/produit\/keep-inout-da-clockworkorange-stephane-stribick-art-photography\/#primaryimage","url":"https:\/\/www.audacieuse-galerie.ch\/wp-content\/uploads\/2026\/05\/KEEP-INOUT-Da-ClockworkOrange-stephane-stribick-photographie-d-art-1.webp","contentUrl":"https:\/\/www.audacieuse-galerie.ch\/wp-content\/uploads\/2026\/05\/KEEP-INOUT-Da-ClockworkOrange-stephane-stribick-photographie-d-art-1.webp","width":1000,"height":1000},{"@type":"BreadcrumbList","@id":"https:\/\/www.audacieuse-galerie.ch\/de\/produit\/keep-inout-da-clockworkorange-stephane-stribick-art-photography\/#breadcrumb","itemListElement":[{"@type":"ListItem","position":1,"name":"Heim","item":"https:\/\/www.audacieuse-galerie.ch\/de\/startseite-demo\/"},{"@type":"ListItem","position":2,"name":"Laden","item":"https:\/\/www.audacieuse-galerie.ch\/de\/laden\/"},{"@type":"ListItem","position":3,"name":"KEEP INOUT A Clockwork Orange of Time Stephane Stribick Art Photography"}]},{"@type":"WebSite","@id":"https:\/\/www.audacieuse-galerie.ch\/de\/#website","url":"https:\/\/www.audacieuse-galerie.ch\/de\/","name":"Audacieuse-Galerie","description":"Mode et Images","potentialAction":[{"@type":"SearchAction","target":{"@type":"EntryPoint","urlTemplate":"https:\/\/www.audacieuse-galerie.ch\/de\/?s={search_term_string}"},"query-input":{"@type":"PropertyValueSpecification","valueRequired":true,"valueName":"search_term_string"}}],"inLanguage":"de"}]}},"jetpack_publicize_connections":[],"_links":{"self":[{"href":"https:\/\/www.audacieuse-galerie.ch\/de\/wp-json\/wp\/v2\/product\/156654","targetHints":{"allow":["GET"]}}],"collection":[{"href":"https:\/\/www.audacieuse-galerie.ch\/de\/wp-json\/wp\/v2\/product"}],"about":[{"href":"https:\/\/www.audacieuse-galerie.ch\/de\/wp-json\/wp\/v2\/types\/product"}],"replies":[{"embeddable":true,"href":"https:\/\/www.audacieuse-galerie.ch\/de\/wp-json\/wp\/v2\/comments?post=156654"}],"version-history":[{"count":1,"href":"https:\/\/www.audacieuse-galerie.ch\/de\/wp-json\/wp\/v2\/product\/156654\/revisions"}],"predecessor-version":[{"id":158042,"href":"https:\/\/www.audacieuse-galerie.ch\/de\/wp-json\/wp\/v2\/product\/156654\/revisions\/158042"}],"wp:featuredmedia":[{"embeddable":true,"href":"https:\/\/www.audacieuse-galerie.ch\/de\/wp-json\/wp\/v2\/media\/156655"}],"wp:attachment":[{"href":"https:\/\/www.audacieuse-galerie.ch\/de\/wp-json\/wp\/v2\/media?parent=156654"}],"wp:term":[{"taxonomy":"product_brand","embeddable":true,"href":"https:\/\/www.audacieuse-galerie.ch\/de\/wp-json\/wp\/v2\/product_brand?post=156654"},{"taxonomy":"product_cat","embeddable":true,"href":"https:\/\/www.audacieuse-galerie.ch\/de\/wp-json\/wp\/v2\/product_cat?post=156654"},{"taxonomy":"product_tag","embeddable":true,"href":"https:\/\/www.audacieuse-galerie.ch\/de\/wp-json\/wp\/v2\/product_tag?post=156654"}],"curies":[{"name":"wp","href":"https:\/\/api.w.org\/{rel}","templated":true}]}}