{"id":157050,"date":"2026-05-08T18:17:56","date_gmt":"2026-05-08T16:17:56","guid":{"rendered":"https:\/\/www.audacieuse-galerie.ch\/produit\/keep-out-da-divine-light-stephane-stribick-kunstfotografie\/"},"modified":"2026-05-09T16:55:52","modified_gmt":"2026-05-09T14:55:52","slug":"keep-out-da-divine-light-stephane-stribick-kunstfotografie","status":"publish","type":"product","link":"https:\/\/www.audacieuse-galerie.ch\/de\/produit\/keep-out-da-divine-light-stephane-stribick-kunstfotografie\/","title":{"rendered":"KEEP INOUT Divine Light Inner Stephane Stribick Art Photography"},"content":{"rendered":"<p>Das Licht f\u00e4llt nicht, es tritt hervor. Sie kommt nicht von au\u00dfen, sondern scheint in der Struktur der Szene selbst geboren zu sein. Alles wird zu einer Passage. Alles wird zu einer Schwelle. Das Sichtbare h\u00f6rt auf, eine Fl\u00e4che zu sein, und wird zu einem \u00dcbergangszustand. Etwas bewegt sich in der Wahrnehmung selbst, wie eine langsame Klarheit des Blicks. Dieses feine Kunstdruckfoto, nummeriert und signiert, stellt kein Licht dar. Sie l\u00e4sst es geschehen.       <\/p>\n","protected":false},"excerpt":{"rendered":"<p>Ein langsames, fast inneres Licht durchdringt das Bild wie eine stille Verwandlung des Blicks.<\/p>\n","protected":false},"featured_media":157051,"comment_status":"open","ping_status":"closed","template":"","meta":{"_glsr_average":0,"_glsr_ranking":0,"_glsr_reviews":0,"jetpack_publicize_message":"","jetpack_publicize_feature_enabled":true,"jetpack_social_post_already_shared":false,"jetpack_social_options":{"image_generator_settings":{"template":"highway","default_image_id":0,"font":"","enabled":false},"version":2}},"product_brand":[],"product_cat":[2236,153,234],"product_tag":[],"class_list":{"0":"post-157050","1":"product","2":"type-product","3":"status-publish","4":"has-post-thumbnail","6":"product_cat-fotograf-stephane-stribick","7":"product_cat-grafik","8":"product_cat-staedtisch","9":"pa_dimensions-40x40cm-de","10":"pa_dimensions-50x50cm-de","11":"pa_dimensions-60x60cm-de","12":"pa_encadrements-dunklesholz-de","13":"pa_encadrements-farben-de","14":"pa_encadrements-grau-de","15":"pa_encadrements-hellesholz-de","16":"pa_encadrements-keinen-de","17":"pa_encadrements-schwarz-de","18":"pa_encadrements-weiss-de","19":"pa_oeuvresnumerotees_limitees-5exemplaren-de","20":"pa_protectionfinitionsupport-druckunterglasacrylglass-de","21":"pa_protectionfinitionsupport-e4-kunstpapieraufholzplatteu-de","22":"pa_protectionfinitionsupport-20-kunstpapieraufdibondr_alu-de","24":"first","25":"instock","26":"taxable","27":"shipping-taxable","28":"purchasable","29":"product-type-variable"},"yoast_head":"<!-- This site is optimized with the Yoast SEO plugin v27.6 - https:\/\/yoast.com\/product\/yoast-seo-wordpress\/ -->\n<title>KEEP INOUT Divine Light Inner Stephane Stribick Art Photography - Audacieuse-Galerie<\/title>\n<meta name=\"description\" content=\"Begrenzte Kunstfotografie. Signiertes Werk, das Licht und innere Wahrnehmung erforscht.\" \/>\n<meta name=\"robots\" content=\"index, follow, max-snippet:-1, max-image-preview:large, max-video-preview:-1\" \/>\n<link rel=\"canonical\" href=\"https:\/\/www.audacieuse-galerie.ch\/de\/produit\/keep-out-da-divine-light-stephane-stribick-kunstfotografie\/\" \/>\n<meta property=\"og:locale\" content=\"de_DE\" \/>\n<meta property=\"og:type\" content=\"article\" \/>\n<meta property=\"og:title\" content=\"KEEP INOUT Divine Light Inner Stephane Stribick Art Photography - Audacieuse-Galerie\" \/>\n<meta property=\"og:description\" content=\"Begrenzte Kunstfotografie. Signiertes Werk, das Licht und innere Wahrnehmung erforscht.\" \/>\n<meta property=\"og:url\" content=\"https:\/\/www.audacieuse-galerie.ch\/de\/produit\/keep-out-da-divine-light-stephane-stribick-kunstfotografie\/\" \/>\n<meta property=\"og:site_name\" content=\"Audacieuse-Galerie\" \/>\n<meta property=\"article:publisher\" content=\"https:\/\/www.facebook.com\/audacieuse.galerie\" \/>\n<meta property=\"article:modified_time\" content=\"2026-05-09T14:55:52+00:00\" \/>\n<meta property=\"og:image\" content=\"https:\/\/www.audacieuse-galerie.ch\/wp-content\/uploads\/2026\/05\/KEEP-INOUT-Da-Divine-light-stephane-stribick-photographie-d-art.webp\" \/>\n\t<meta property=\"og:image:width\" content=\"1000\" \/>\n\t<meta property=\"og:image:height\" content=\"1000\" \/>\n\t<meta property=\"og:image:type\" content=\"image\/webp\" \/>\n<meta name=\"twitter:card\" content=\"summary_large_image\" \/>\n<script type=\"application\/ld+json\" class=\"yoast-schema-graph\">{\"@context\":\"https:\\\/\\\/schema.org\",\"@graph\":[{\"@type\":\"WebPage\",\"@id\":\"https:\\\/\\\/www.audacieuse-galerie.ch\\\/de\\\/produit\\\/keep-out-da-divine-light-stephane-stribick-kunstfotografie\\\/\",\"url\":\"https:\\\/\\\/www.audacieuse-galerie.ch\\\/de\\\/produit\\\/keep-out-da-divine-light-stephane-stribick-kunstfotografie\\\/\",\"name\":\"KEEP INOUT Divine Light Inner Stephane Stribick Art Photography - Audacieuse-Galerie\",\"isPartOf\":{\"@id\":\"https:\\\/\\\/www.audacieuse-galerie.ch\\\/de\\\/#website\"},\"primaryImageOfPage\":{\"@id\":\"https:\\\/\\\/www.audacieuse-galerie.ch\\\/de\\\/produit\\\/keep-out-da-divine-light-stephane-stribick-kunstfotografie\\\/#primaryimage\"},\"image\":{\"@id\":\"https:\\\/\\\/www.audacieuse-galerie.ch\\\/de\\\/produit\\\/keep-out-da-divine-light-stephane-stribick-kunstfotografie\\\/#primaryimage\"},\"thumbnailUrl\":\"https:\\\/\\\/www.audacieuse-galerie.ch\\\/wp-content\\\/uploads\\\/2026\\\/05\\\/KEEP-INOUT-Da-Divine-light-stephane-stribick-photographie-d-art.webp\",\"datePublished\":\"2026-05-08T16:17:56+00:00\",\"dateModified\":\"2026-05-09T14:55:52+00:00\",\"description\":\"Begrenzte Kunstfotografie. Signiertes Werk, das Licht und innere Wahrnehmung erforscht.\",\"breadcrumb\":{\"@id\":\"https:\\\/\\\/www.audacieuse-galerie.ch\\\/de\\\/produit\\\/keep-out-da-divine-light-stephane-stribick-kunstfotografie\\\/#breadcrumb\"},\"inLanguage\":\"de\",\"potentialAction\":[{\"@type\":\"ReadAction\",\"target\":[\"https:\\\/\\\/www.audacieuse-galerie.ch\\\/de\\\/produit\\\/keep-out-da-divine-light-stephane-stribick-kunstfotografie\\\/\"]}]},{\"@type\":\"ImageObject\",\"inLanguage\":\"de\",\"@id\":\"https:\\\/\\\/www.audacieuse-galerie.ch\\\/de\\\/produit\\\/keep-out-da-divine-light-stephane-stribick-kunstfotografie\\\/#primaryimage\",\"url\":\"https:\\\/\\\/www.audacieuse-galerie.ch\\\/wp-content\\\/uploads\\\/2026\\\/05\\\/KEEP-INOUT-Da-Divine-light-stephane-stribick-photographie-d-art.webp\",\"contentUrl\":\"https:\\\/\\\/www.audacieuse-galerie.ch\\\/wp-content\\\/uploads\\\/2026\\\/05\\\/KEEP-INOUT-Da-Divine-light-stephane-stribick-photographie-d-art.webp\",\"width\":1000,\"height\":1000},{\"@type\":\"BreadcrumbList\",\"@id\":\"https:\\\/\\\/www.audacieuse-galerie.ch\\\/de\\\/produit\\\/keep-out-da-divine-light-stephane-stribick-kunstfotografie\\\/#breadcrumb\",\"itemListElement\":[{\"@type\":\"ListItem\",\"position\":1,\"name\":\"Heim\",\"item\":\"https:\\\/\\\/www.audacieuse-galerie.ch\\\/de\\\/startseite-demo\\\/\"},{\"@type\":\"ListItem\",\"position\":2,\"name\":\"Laden\",\"item\":\"https:\\\/\\\/www.audacieuse-galerie.ch\\\/de\\\/laden\\\/\"},{\"@type\":\"ListItem\",\"position\":3,\"name\":\"KEEP INOUT Divine Light Inner Stephane Stribick Art Photography\"}]},{\"@type\":\"WebSite\",\"@id\":\"https:\\\/\\\/www.audacieuse-galerie.ch\\\/de\\\/#website\",\"url\":\"https:\\\/\\\/www.audacieuse-galerie.ch\\\/de\\\/\",\"name\":\"Audacieuse-Galerie\",\"description\":\"Mode et Images\",\"potentialAction\":[{\"@type\":\"SearchAction\",\"target\":{\"@type\":\"EntryPoint\",\"urlTemplate\":\"https:\\\/\\\/www.audacieuse-galerie.ch\\\/de\\\/?s={search_term_string}\"},\"query-input\":{\"@type\":\"PropertyValueSpecification\",\"valueRequired\":true,\"valueName\":\"search_term_string\"}}],\"inLanguage\":\"de\"}]}<\/script>\n<!-- \/ Yoast SEO plugin. -->","yoast_head_json":{"title":"KEEP INOUT Divine Light Inner Stephane Stribick Art Photography - Audacieuse-Galerie","description":"Begrenzte Kunstfotografie. Signiertes Werk, das Licht und innere Wahrnehmung erforscht.","robots":{"index":"index","follow":"follow","max-snippet":"max-snippet:-1","max-image-preview":"max-image-preview:large","max-video-preview":"max-video-preview:-1"},"canonical":"https:\/\/www.audacieuse-galerie.ch\/de\/produit\/keep-out-da-divine-light-stephane-stribick-kunstfotografie\/","og_locale":"de_DE","og_type":"article","og_title":"KEEP INOUT Divine Light Inner Stephane Stribick Art Photography - Audacieuse-Galerie","og_description":"Begrenzte Kunstfotografie. Signiertes Werk, das Licht und innere Wahrnehmung erforscht.","og_url":"https:\/\/www.audacieuse-galerie.ch\/de\/produit\/keep-out-da-divine-light-stephane-stribick-kunstfotografie\/","og_site_name":"Audacieuse-Galerie","article_publisher":"https:\/\/www.facebook.com\/audacieuse.galerie","article_modified_time":"2026-05-09T14:55:52+00:00","og_image":[{"width":1000,"height":1000,"url":"https:\/\/www.audacieuse-galerie.ch\/wp-content\/uploads\/2026\/05\/KEEP-INOUT-Da-Divine-light-stephane-stribick-photographie-d-art.webp","type":"image\/webp"}],"twitter_card":"summary_large_image","schema":{"@context":"https:\/\/schema.org","@graph":[{"@type":"WebPage","@id":"https:\/\/www.audacieuse-galerie.ch\/de\/produit\/keep-out-da-divine-light-stephane-stribick-kunstfotografie\/","url":"https:\/\/www.audacieuse-galerie.ch\/de\/produit\/keep-out-da-divine-light-stephane-stribick-kunstfotografie\/","name":"KEEP INOUT Divine Light Inner Stephane Stribick Art Photography - Audacieuse-Galerie","isPartOf":{"@id":"https:\/\/www.audacieuse-galerie.ch\/de\/#website"},"primaryImageOfPage":{"@id":"https:\/\/www.audacieuse-galerie.ch\/de\/produit\/keep-out-da-divine-light-stephane-stribick-kunstfotografie\/#primaryimage"},"image":{"@id":"https:\/\/www.audacieuse-galerie.ch\/de\/produit\/keep-out-da-divine-light-stephane-stribick-kunstfotografie\/#primaryimage"},"thumbnailUrl":"https:\/\/www.audacieuse-galerie.ch\/wp-content\/uploads\/2026\/05\/KEEP-INOUT-Da-Divine-light-stephane-stribick-photographie-d-art.webp","datePublished":"2026-05-08T16:17:56+00:00","dateModified":"2026-05-09T14:55:52+00:00","description":"Begrenzte Kunstfotografie. Signiertes Werk, das Licht und innere Wahrnehmung erforscht.","breadcrumb":{"@id":"https:\/\/www.audacieuse-galerie.ch\/de\/produit\/keep-out-da-divine-light-stephane-stribick-kunstfotografie\/#breadcrumb"},"inLanguage":"de","potentialAction":[{"@type":"ReadAction","target":["https:\/\/www.audacieuse-galerie.ch\/de\/produit\/keep-out-da-divine-light-stephane-stribick-kunstfotografie\/"]}]},{"@type":"ImageObject","inLanguage":"de","@id":"https:\/\/www.audacieuse-galerie.ch\/de\/produit\/keep-out-da-divine-light-stephane-stribick-kunstfotografie\/#primaryimage","url":"https:\/\/www.audacieuse-galerie.ch\/wp-content\/uploads\/2026\/05\/KEEP-INOUT-Da-Divine-light-stephane-stribick-photographie-d-art.webp","contentUrl":"https:\/\/www.audacieuse-galerie.ch\/wp-content\/uploads\/2026\/05\/KEEP-INOUT-Da-Divine-light-stephane-stribick-photographie-d-art.webp","width":1000,"height":1000},{"@type":"BreadcrumbList","@id":"https:\/\/www.audacieuse-galerie.ch\/de\/produit\/keep-out-da-divine-light-stephane-stribick-kunstfotografie\/#breadcrumb","itemListElement":[{"@type":"ListItem","position":1,"name":"Heim","item":"https:\/\/www.audacieuse-galerie.ch\/de\/startseite-demo\/"},{"@type":"ListItem","position":2,"name":"Laden","item":"https:\/\/www.audacieuse-galerie.ch\/de\/laden\/"},{"@type":"ListItem","position":3,"name":"KEEP INOUT Divine Light Inner Stephane Stribick Art Photography"}]},{"@type":"WebSite","@id":"https:\/\/www.audacieuse-galerie.ch\/de\/#website","url":"https:\/\/www.audacieuse-galerie.ch\/de\/","name":"Audacieuse-Galerie","description":"Mode et Images","potentialAction":[{"@type":"SearchAction","target":{"@type":"EntryPoint","urlTemplate":"https:\/\/www.audacieuse-galerie.ch\/de\/?s={search_term_string}"},"query-input":{"@type":"PropertyValueSpecification","valueRequired":true,"valueName":"search_term_string"}}],"inLanguage":"de"}]}},"jetpack_publicize_connections":[],"_links":{"self":[{"href":"https:\/\/www.audacieuse-galerie.ch\/de\/wp-json\/wp\/v2\/product\/157050","targetHints":{"allow":["GET"]}}],"collection":[{"href":"https:\/\/www.audacieuse-galerie.ch\/de\/wp-json\/wp\/v2\/product"}],"about":[{"href":"https:\/\/www.audacieuse-galerie.ch\/de\/wp-json\/wp\/v2\/types\/product"}],"replies":[{"embeddable":true,"href":"https:\/\/www.audacieuse-galerie.ch\/de\/wp-json\/wp\/v2\/comments?post=157050"}],"version-history":[{"count":2,"href":"https:\/\/www.audacieuse-galerie.ch\/de\/wp-json\/wp\/v2\/product\/157050\/revisions"}],"predecessor-version":[{"id":158051,"href":"https:\/\/www.audacieuse-galerie.ch\/de\/wp-json\/wp\/v2\/product\/157050\/revisions\/158051"}],"wp:featuredmedia":[{"embeddable":true,"href":"https:\/\/www.audacieuse-galerie.ch\/de\/wp-json\/wp\/v2\/media\/157051"}],"wp:attachment":[{"href":"https:\/\/www.audacieuse-galerie.ch\/de\/wp-json\/wp\/v2\/media?parent=157050"}],"wp:term":[{"taxonomy":"product_brand","embeddable":true,"href":"https:\/\/www.audacieuse-galerie.ch\/de\/wp-json\/wp\/v2\/product_brand?post=157050"},{"taxonomy":"product_cat","embeddable":true,"href":"https:\/\/www.audacieuse-galerie.ch\/de\/wp-json\/wp\/v2\/product_cat?post=157050"},{"taxonomy":"product_tag","embeddable":true,"href":"https:\/\/www.audacieuse-galerie.ch\/de\/wp-json\/wp\/v2\/product_tag?post=157050"}],"curies":[{"name":"wp","href":"https:\/\/api.w.org\/{rel}","templated":true}]}}