{"id":1728,"date":"2017-06-11T10:00:06","date_gmt":"2017-06-11T08:00:06","guid":{"rendered":"https:\/\/woo.audacieuse-galerie.ch\/produit\/ein-fotograf-fur-ihre-verlobung-oder-ihren-geluebde\/"},"modified":"2026-03-01T19:33:21","modified_gmt":"2026-03-01T18:33:21","slug":"ein-fotograf-fur-ihre-verlobung-oder-ihren-geluebde","status":"publish","type":"product","link":"https:\/\/www.audacieuse-galerie.ch\/de\/produit\/ein-fotograf-fur-ihre-verlobung-oder-ihren-geluebde\/","title":{"rendered":"Einen Fotografen f\u00fcr Ihr Engagement, Ihr Engagement."},"content":{"rendered":"<h2>Vor der Sitzung: ma\u00dfgeschneiderte Vorbereitung<\/h2>\n<p>Alles beginnt mit einem personalisierten Austausch. Gemeinsam definieren wir den Ort, die Atmosph\u00e4re und den Stil Ihres Verlobungsfotoshootings. So spiegelt jedes Detail deine Welt wider.  <\/p>\n<p>Anschlie\u00dfend beraten wir Sie zu den Outfits und Farbharmonien. Das Ziel bleibt einfach: eine stimmige und verfeinerte \u00c4sthetik zu schaffen. Bist du dir nicht sicher, wie es mit der Einrichtung ist? Wir f\u00fchren Sie zu einer nat\u00fcrlichen, urbanen oder symbolischen Umgebung, entsprechend Ihrer Geschichte.   <\/p>\n<p>Dank dieser Vorbereitung kommen Sie gelassen an. Du wei\u00dft, was dich erwartet, und das ver\u00e4ndert alles. <\/p>\n<h2>W\u00e4hrend der Sitzung: Spontaneit\u00e4t und Eleganz<\/h2>\n<p>Am gro\u00dfen Tag bevorzugen wir einen flexiblen Ansatz. Zun\u00e4chst beruhigen wir Sie mit einfachen Austauschen. Anschlie\u00dfend f\u00fchren wir Sie mit Pr\u00e4zision, um Ihre Gesten und Ihre Haltung zu verbessern.  <\/p>\n<p>Du gehst, tauschst einen Blick, lachst. Wir fangen diese echten Momente ein, w\u00e4hrend wir das Licht und die Bildgestaltung meistern. Das Ergebnis bleibt nat\u00fcrlich, aber strukturiert.  <\/p>\n<p>Diese Sitzung wird dann zu einem Moment f\u00fcr zwei. Gleichzeitig gewinnst du an Selbstvertrauen vor der Linse. Dadurch f\u00fchlst du dich an deinem Hochzeitstag entspannter und vollkommen wohl.  <\/p>\n<h2>Nach der Sitzung: schnelle Lieferung und \u00e0-la-carte-Optionen<\/h2>\n<p>Nach dem Shooting w\u00e4hlen wir die besten Bilder aus. Wir liefern Ihnen dann innerhalb weniger Tage Ihre hochaufl\u00f6senden Fotos per USB-Stick oder sicherem Cloud-Speicher. <\/p>\n<p>Professionelle Nachbesserungen sind eine Option. Wenn Sie m\u00f6chten, optimieren wir Ihre Bilder mit pr\u00e4ziser Arbeit an Kolorimetrie, Belichtung und Details. <\/p>\n<p>Dar\u00fcber hinaus bieten wir hochwertige Medien an: elegante Fotob\u00fccher, Kunstdrucke, Vergr\u00f6\u00dferungen, Diashows f\u00fcr Ihre Hochzeit. Sie k\u00f6nnen die Oberfl\u00e4chen w\u00e4hlen, die zu Ihrem Projekt passen. <\/p>\n<p>So kontrollieren Sie Ihr Budget und haben gleichzeitig Zugang zu Premium-Diensten.<\/p>\n<h2>Ein Erlebnis, das Ihre Hochzeit vorbereitet<\/h2>\n<p>Ihr Verlobungsfotoshooting beschr\u00e4nkt sich nicht nur auf sch\u00f6ne Bilder. Es erm\u00f6glicht Ihnen, unsere Arbeitsweise kennenzulernen und eine echte Vertrauensbeziehung aufzubauen. <\/p>\n<p>Im Gegenzug verstehen wir Ihre Dynamik und Sensibilit\u00e4t besser. An deinem Hochzeitstag wird alles fl\u00fcssig, nat\u00fcrlich und perfekt inszeniert. <\/p>\n<p>Wir arbeiten in Genf und in der gesamten franz\u00f6sischsprachigen Schweiz mit denselben hohen Standards: starke, aufrichtige und zeitlose Bilder zu schaffen.<\/p>\n","protected":false},"excerpt":{"rendered":"<p>Buchen Sie Ihren Verlobungsfotografen in Genf. Ma\u00dfgeschneiderte Paarsitzungen, schnelle Lieferung, professionelle Nachbesserungen und Reisen sind im Kanton Genf enthalten. Ideal f\u00fcr Save-the-Date- und Hochzeitseinladungen.  <\/p>\n","protected":false},"featured_media":1712,"comment_status":"open","ping_status":"closed","template":"","meta":{"_glsr_average":0,"_glsr_ranking":0,"_glsr_reviews":0,"jetpack_publicize_message":"","jetpack_publicize_feature_enabled":true,"jetpack_social_post_already_shared":true,"jetpack_social_options":{"image_generator_settings":{"template":"highway","default_image_id":0,"font":"","enabled":false},"version":2}},"product_brand":[],"product_cat":[51,114],"product_tag":[2614,2129,2243,2149,2609,2608,2275,2150,2613,2611,2610,2612],"class_list":{"0":"post-1728","1":"product","2":"type-product","3":"status-publish","4":"has-post-thumbnail","6":"product_cat-familienfotos","7":"product_cat-ihr-fotograf-fuer-ihre-verlobung-und-hochzeit","8":"product_tag-feierliches-versprechen","9":"product_tag-fotobuch","10":"product_tag-fotografien","11":"product_tag-genf","12":"product_tag-heirat","13":"product_tag-kunstdrucke","14":"product_tag-photograph","15":"product_tag-professioneller-fotograf","16":"product_tag-save-the-date","17":"product_tag-verlobung","18":"product_tag-verpflichtung","19":"product_tag-versprechen","20":"pa_horaires-1std-de","21":"pa_qualitedesphotos-42mopixelsvollbild-de","22":"pa_qualitedesphotos-qualitatsoptik-de","23":"bookacti-activity","25":"first","26":"instock","27":"sale","28":"virtual","29":"taxable","30":"purchasable","31":"product-type-simple"},"yoast_head":"<!-- This site is optimized with the Yoast SEO plugin v27.4 - https:\/\/yoast.com\/product\/yoast-seo-wordpress\/ -->\n<title>Professioneller Verlobungsfotograf in Carouge Genf<\/title>\n<meta name=\"description\" content=\"G\u00f6nnen Sie sich ein raffiniertes Verlobungsfotoshooting in Genf. Leuchtende, nat\u00fcrliche und zeitlose Bilder, um Ihr Engagement zu verst\u00e4rken.\" \/>\n<meta name=\"robots\" content=\"index, follow, max-snippet:-1, max-image-preview:large, max-video-preview:-1\" \/>\n<link rel=\"canonical\" href=\"https:\/\/www.audacieuse-galerie.ch\/de\/produit\/ein-fotograf-fur-ihre-verlobung-oder-ihren-geluebde\/\" \/>\n<meta property=\"og:locale\" content=\"de_DE\" \/>\n<meta property=\"og:type\" content=\"article\" \/>\n<meta property=\"og:title\" content=\"Professioneller Verlobungsfotograf in Carouge Genf\" \/>\n<meta property=\"og:description\" content=\"G\u00f6nnen Sie sich ein raffiniertes Verlobungsfotoshooting in Genf. Leuchtende, nat\u00fcrliche und zeitlose Bilder, um Ihr Engagement zu verst\u00e4rken.\" \/>\n<meta property=\"og:url\" content=\"https:\/\/www.audacieuse-galerie.ch\/de\/produit\/ein-fotograf-fur-ihre-verlobung-oder-ihren-geluebde\/\" \/>\n<meta property=\"og:site_name\" content=\"Audacieuse-Galerie\" \/>\n<meta property=\"article:publisher\" content=\"https:\/\/www.facebook.com\/audacieuse.galerie\" \/>\n<meta property=\"article:modified_time\" content=\"2026-03-01T18:33:21+00:00\" \/>\n<meta property=\"og:image\" content=\"https:\/\/www.audacieuse-galerie.ch\/wp-content\/uploads\/2017\/06\/146-Un-photographe-pour-votre-engagement-vos-fiancailles.jpg\" \/>\n\t<meta property=\"og:image:width\" content=\"1000\" \/>\n\t<meta property=\"og:image:height\" content=\"900\" \/>\n\t<meta property=\"og:image:type\" content=\"image\/jpeg\" \/>\n<meta name=\"twitter:card\" content=\"summary_large_image\" \/>\n<meta name=\"twitter:label1\" content=\"Gesch\u00e4tzte Lesezeit\" \/>\n\t<meta name=\"twitter:data1\" content=\"2 Minuten\" \/>\n<script type=\"application\/ld+json\" class=\"yoast-schema-graph\">{\"@context\":\"https:\\\/\\\/schema.org\",\"@graph\":[{\"@type\":\"ImageObject\",\"inLanguage\":\"de\",\"@id\":\"https:\\\/\\\/www.audacieuse-galerie.ch\\\/de\\\/produit\\\/ein-fotograf-fur-ihre-verlobung-oder-ihren-geluebde\\\/#primaryimage\",\"url\":\"https:\\\/\\\/www.audacieuse-galerie.ch\\\/wp-content\\\/uploads\\\/2017\\\/06\\\/146-Un-photographe-pour-votre-engagement-vos-fiancailles.jpg\",\"contentUrl\":\"https:\\\/\\\/www.audacieuse-galerie.ch\\\/wp-content\\\/uploads\\\/2017\\\/06\\\/146-Un-photographe-pour-votre-engagement-vos-fiancailles.jpg\",\"width\":1000,\"height\":900,\"caption\":\"Ein Fotograf f\u00fcr Ihr Engagement, Ihr Engagement.\"}]}<\/script>\n<!-- \/ Yoast SEO plugin. -->","yoast_head_json":{"title":"Professioneller Verlobungsfotograf in Carouge Genf","description":"G\u00f6nnen Sie sich ein raffiniertes Verlobungsfotoshooting in Genf. Leuchtende, nat\u00fcrliche und zeitlose Bilder, um Ihr Engagement zu verst\u00e4rken.","robots":{"index":"index","follow":"follow","max-snippet":"max-snippet:-1","max-image-preview":"max-image-preview:large","max-video-preview":"max-video-preview:-1"},"canonical":"https:\/\/www.audacieuse-galerie.ch\/de\/produit\/ein-fotograf-fur-ihre-verlobung-oder-ihren-geluebde\/","og_locale":"de_DE","og_type":"article","og_title":"Professioneller Verlobungsfotograf in Carouge Genf","og_description":"G\u00f6nnen Sie sich ein raffiniertes Verlobungsfotoshooting in Genf. Leuchtende, nat\u00fcrliche und zeitlose Bilder, um Ihr Engagement zu verst\u00e4rken.","og_url":"https:\/\/www.audacieuse-galerie.ch\/de\/produit\/ein-fotograf-fur-ihre-verlobung-oder-ihren-geluebde\/","og_site_name":"Audacieuse-Galerie","article_publisher":"https:\/\/www.facebook.com\/audacieuse.galerie","article_modified_time":"2026-03-01T18:33:21+00:00","og_image":[{"width":1000,"height":900,"url":"https:\/\/www.audacieuse-galerie.ch\/wp-content\/uploads\/2017\/06\/146-Un-photographe-pour-votre-engagement-vos-fiancailles.jpg","type":"image\/jpeg"}],"twitter_card":"summary_large_image","twitter_misc":{"Gesch\u00e4tzte Lesezeit":"2 Minuten"},"schema":{"@context":"https:\/\/schema.org","@graph":[{"@type":"ImageObject","inLanguage":"de","@id":"https:\/\/www.audacieuse-galerie.ch\/de\/produit\/ein-fotograf-fur-ihre-verlobung-oder-ihren-geluebde\/#primaryimage","url":"https:\/\/www.audacieuse-galerie.ch\/wp-content\/uploads\/2017\/06\/146-Un-photographe-pour-votre-engagement-vos-fiancailles.jpg","contentUrl":"https:\/\/www.audacieuse-galerie.ch\/wp-content\/uploads\/2017\/06\/146-Un-photographe-pour-votre-engagement-vos-fiancailles.jpg","width":1000,"height":900,"caption":"Ein Fotograf f\u00fcr Ihr Engagement, Ihr Engagement."}]}},"jetpack_publicize_connections":[],"_links":{"self":[{"href":"https:\/\/www.audacieuse-galerie.ch\/de\/wp-json\/wp\/v2\/product\/1728","targetHints":{"allow":["GET"]}}],"collection":[{"href":"https:\/\/www.audacieuse-galerie.ch\/de\/wp-json\/wp\/v2\/product"}],"about":[{"href":"https:\/\/www.audacieuse-galerie.ch\/de\/wp-json\/wp\/v2\/types\/product"}],"replies":[{"embeddable":true,"href":"https:\/\/www.audacieuse-galerie.ch\/de\/wp-json\/wp\/v2\/comments?post=1728"}],"version-history":[{"count":0,"href":"https:\/\/www.audacieuse-galerie.ch\/de\/wp-json\/wp\/v2\/product\/1728\/revisions"}],"wp:featuredmedia":[{"embeddable":true,"href":"https:\/\/www.audacieuse-galerie.ch\/de\/wp-json\/wp\/v2\/media\/1712"}],"wp:attachment":[{"href":"https:\/\/www.audacieuse-galerie.ch\/de\/wp-json\/wp\/v2\/media?parent=1728"}],"wp:term":[{"taxonomy":"product_brand","embeddable":true,"href":"https:\/\/www.audacieuse-galerie.ch\/de\/wp-json\/wp\/v2\/product_brand?post=1728"},{"taxonomy":"product_cat","embeddable":true,"href":"https:\/\/www.audacieuse-galerie.ch\/de\/wp-json\/wp\/v2\/product_cat?post=1728"},{"taxonomy":"product_tag","embeddable":true,"href":"https:\/\/www.audacieuse-galerie.ch\/de\/wp-json\/wp\/v2\/product_tag?post=1728"}],"curies":[{"name":"wp","href":"https:\/\/api.w.org\/{rel}","templated":true}]}}