{"id":1755,"date":"2017-01-02T11:14:43","date_gmt":"2017-01-02T10:14:43","guid":{"rendered":"https:\/\/woo.audacieuse-galerie.ch\/produit\/ein-fotograf-fuer-ihren-junggesellen-junggesellinnenabschied\/"},"modified":"2026-03-07T14:56:07","modified_gmt":"2026-03-07T13:56:07","slug":"ein-fotograf-fuer-ihren-junggesellen-junggesellinnenabschied","status":"publish","type":"product","link":"https:\/\/www.audacieuse-galerie.ch\/de\/produit\/ein-fotograf-fuer-ihren-junggesellen-junggesellinnenabschied\/","title":{"rendered":"Ein Fotograf f\u00fcr Ihren Junggesellinnenabschied oder Ihren Junggesellinnenabschied."},"content":{"rendered":"<h2>Ein professioneller Fotograf f\u00fcr Ihren Junggesellen- oder Junggesellinnenabschied.<\/h2>\n<p>F\u00fcr Ihren Junggesellen- oder Junggesellinnenabschied teilen Sie diesen einzigartigen Moment mit Ihren Freunden, bevor Sie Ihre Ringe austauschen. Verewigen Sie Ihren Ausflug oder Abend mit einem professionellen Fotografen, der die besten Momente einf\u00e4ngt und die Atmosph\u00e4re perfekt festh\u00e4lt. <\/p>\n<h2>Lieferung von Fotografien<\/h2>\n<p>Erhalten Sie Ihre Fotos auf einem USB- oder Cloud-Stick: Sie haben die M\u00f6glichkeit, an Ihrem Hochzeitstag eine Diashow zu erstellen. Warum warten? Wir liefern Ihnen nach einigen Tagen die Zeit, in der wir Ihre Fotos ausw\u00e4hlen und retuschieren k\u00f6nnen, um sie zu perfektionieren. (Leichte Retusche, Zuschneiden, Entwicklung: Kolorierung, Belichtung.)   <\/p>\n<h2>Einfach buchen<\/h2>\n<p>F\u00fcr diese besonderen Anl\u00e4sse buchen Sie einfach den gew\u00fcnschten Termin online in der Agenda oder indem Sie darum bitten, erneut kontaktiert zu werden.<\/p>\n<p>In unserem Angebot ist eine Reise in den Kanton Genf inbegriffen. Dar\u00fcber hinaus werden Sie aufgefordert, eine zus\u00e4tzliche Entsch\u00e4digung von CHF 1 pro gefahrenem km f\u00fcr die zur\u00fcckgelegten Fahrten zu bezahlen. Wir sind in der gesamten Westschweiz t\u00e4tig.<\/p>\n<p style=\"margin-bottom: 0cm; line-height: 100%;\">\n","protected":false},"excerpt":{"rendered":"<p style=\"margin-bottom: 0cm; line-height: 100%;\">Verewigen Sie Ihren Junggesellenabschied oder Ihren Abend mit einem Fotografen, der die besten Momente festh\u00e4lt. Entdecken Sie unseren Fotografen in Carouge, Genf und der franz\u00f6sischsprachigen Schweiz. <\/p>\n","protected":false},"featured_media":1748,"comment_status":"open","ping_status":"closed","template":"","meta":{"_glsr_average":0,"_glsr_ranking":0,"_glsr_reviews":0,"jetpack_publicize_message":"","jetpack_publicize_feature_enabled":true,"jetpack_social_post_already_shared":true,"jetpack_social_options":{"image_generator_settings":{"template":"highway","default_image_id":0,"font":"","enabled":false},"version":2}},"product_brand":[],"product_cat":[51,114],"product_tag":[2243,2149,2608,2500,2150,2151],"class_list":{"0":"post-1755","1":"product","2":"type-product","3":"status-publish","4":"has-post-thumbnail","6":"product_cat-familienfotos","7":"product_cat-ihr-fotograf-fuer-ihre-verlobung-und-hochzeit","8":"product_tag-fotografien","9":"product_tag-genf","10":"product_tag-kunstdrucke","11":"product_tag-lieferung","12":"product_tag-professioneller-fotograf","13":"product_tag-reservierung","14":"bookacti-activity","16":"first","17":"instock","18":"sale","19":"virtual","20":"taxable","21":"purchasable","22":"product-type-simple"},"yoast_head":"<!-- This site is optimized with the Yoast SEO plugin v27.4 - https:\/\/yoast.com\/product\/yoast-seo-wordpress\/ -->\n<title>Professioneller Fotograf in Carouge Genf f\u00fcr einen unvergesslichen Junggesellinnenabschied\/Junggesellinnenabschied<\/title>\n<meta name=\"description\" content=\"Ihr Junggesellinnenabschied oder Junggesellinnenabschied mit einem professionellen Fotografen in Carouge, Genf: Emotionen, Atmosph\u00e4re und Fotos werden schnell f\u00fcr Ihre Hochzeit geliefert.\" \/>\n<meta name=\"robots\" content=\"index, follow, max-snippet:-1, max-image-preview:large, max-video-preview:-1\" \/>\n<link rel=\"canonical\" href=\"https:\/\/www.audacieuse-galerie.ch\/de\/produit\/ein-fotograf-fuer-ihren-junggesellen-junggesellinnenabschied\/\" \/>\n<meta property=\"og:locale\" content=\"de_DE\" \/>\n<meta property=\"og:type\" content=\"article\" \/>\n<meta property=\"og:title\" content=\"Professioneller Fotograf in Carouge Genf f\u00fcr einen unvergesslichen Junggesellinnenabschied\/Junggesellinnenabschied\" \/>\n<meta property=\"og:description\" content=\"Ihr Junggesellinnenabschied oder Junggesellinnenabschied mit einem professionellen Fotografen in Carouge, Genf: Emotionen, Atmosph\u00e4re und Fotos werden schnell f\u00fcr Ihre Hochzeit geliefert.\" \/>\n<meta property=\"og:url\" content=\"https:\/\/www.audacieuse-galerie.ch\/de\/produit\/ein-fotograf-fuer-ihren-junggesellen-junggesellinnenabschied\/\" \/>\n<meta property=\"og:site_name\" content=\"Audacieuse-Galerie\" \/>\n<meta property=\"article:publisher\" content=\"https:\/\/www.facebook.com\/audacieuse.galerie\" \/>\n<meta property=\"article:modified_time\" content=\"2026-03-07T13:56:07+00:00\" \/>\n<meta property=\"og:image\" content=\"https:\/\/www.audacieuse-galerie.ch\/wp-content\/uploads\/2017\/01\/138-Un-photographe-pour-votre-enterrement-de-vie-de-jeune-fille-ou-de-garcon.jpg\" \/>\n\t<meta property=\"og:image:width\" content=\"1000\" \/>\n\t<meta property=\"og:image:height\" content=\"666\" \/>\n\t<meta property=\"og:image:type\" content=\"image\/jpeg\" \/>\n<meta name=\"twitter:card\" content=\"summary_large_image\" \/>\n<meta name=\"twitter:label1\" content=\"Gesch\u00e4tzte Lesezeit\" \/>\n\t<meta name=\"twitter:data1\" content=\"1 Minute\" \/>\n<script type=\"application\/ld+json\" class=\"yoast-schema-graph\">{\"@context\":\"https:\\\/\\\/schema.org\",\"@graph\":[{\"@type\":\"ImageObject\",\"inLanguage\":\"de\",\"@id\":\"https:\\\/\\\/www.audacieuse-galerie.ch\\\/de\\\/produit\\\/ein-fotograf-fuer-ihren-junggesellen-junggesellinnenabschied\\\/#primaryimage\",\"url\":\"https:\\\/\\\/www.audacieuse-galerie.ch\\\/wp-content\\\/uploads\\\/2017\\\/01\\\/138-Un-photographe-pour-votre-enterrement-de-vie-de-jeune-fille-ou-de-garcon.jpg\",\"contentUrl\":\"https:\\\/\\\/www.audacieuse-galerie.ch\\\/wp-content\\\/uploads\\\/2017\\\/01\\\/138-Un-photographe-pour-votre-enterrement-de-vie-de-jeune-fille-ou-de-garcon.jpg\",\"width\":1000,\"height\":666,\"caption\":\"Ein Fotograf f\u00fcr Ihren Junggesellinnenabschied oder Ihren Junggesellinnenabschied.\"}]}<\/script>\n<!-- \/ Yoast SEO plugin. -->","yoast_head_json":{"title":"Professioneller Fotograf in Carouge Genf f\u00fcr einen unvergesslichen Junggesellinnenabschied\/Junggesellinnenabschied","description":"Ihr Junggesellinnenabschied oder Junggesellinnenabschied mit einem professionellen Fotografen in Carouge, Genf: Emotionen, Atmosph\u00e4re und Fotos werden schnell f\u00fcr Ihre Hochzeit geliefert.","robots":{"index":"index","follow":"follow","max-snippet":"max-snippet:-1","max-image-preview":"max-image-preview:large","max-video-preview":"max-video-preview:-1"},"canonical":"https:\/\/www.audacieuse-galerie.ch\/de\/produit\/ein-fotograf-fuer-ihren-junggesellen-junggesellinnenabschied\/","og_locale":"de_DE","og_type":"article","og_title":"Professioneller Fotograf in Carouge Genf f\u00fcr einen unvergesslichen Junggesellinnenabschied\/Junggesellinnenabschied","og_description":"Ihr Junggesellinnenabschied oder Junggesellinnenabschied mit einem professionellen Fotografen in Carouge, Genf: Emotionen, Atmosph\u00e4re und Fotos werden schnell f\u00fcr Ihre Hochzeit geliefert.","og_url":"https:\/\/www.audacieuse-galerie.ch\/de\/produit\/ein-fotograf-fuer-ihren-junggesellen-junggesellinnenabschied\/","og_site_name":"Audacieuse-Galerie","article_publisher":"https:\/\/www.facebook.com\/audacieuse.galerie","article_modified_time":"2026-03-07T13:56:07+00:00","og_image":[{"width":1000,"height":666,"url":"https:\/\/www.audacieuse-galerie.ch\/wp-content\/uploads\/2017\/01\/138-Un-photographe-pour-votre-enterrement-de-vie-de-jeune-fille-ou-de-garcon.jpg","type":"image\/jpeg"}],"twitter_card":"summary_large_image","twitter_misc":{"Gesch\u00e4tzte Lesezeit":"1 Minute"},"schema":{"@context":"https:\/\/schema.org","@graph":[{"@type":"ImageObject","inLanguage":"de","@id":"https:\/\/www.audacieuse-galerie.ch\/de\/produit\/ein-fotograf-fuer-ihren-junggesellen-junggesellinnenabschied\/#primaryimage","url":"https:\/\/www.audacieuse-galerie.ch\/wp-content\/uploads\/2017\/01\/138-Un-photographe-pour-votre-enterrement-de-vie-de-jeune-fille-ou-de-garcon.jpg","contentUrl":"https:\/\/www.audacieuse-galerie.ch\/wp-content\/uploads\/2017\/01\/138-Un-photographe-pour-votre-enterrement-de-vie-de-jeune-fille-ou-de-garcon.jpg","width":1000,"height":666,"caption":"Ein Fotograf f\u00fcr Ihren Junggesellinnenabschied oder Ihren Junggesellinnenabschied."}]}},"jetpack_publicize_connections":[],"_links":{"self":[{"href":"https:\/\/www.audacieuse-galerie.ch\/de\/wp-json\/wp\/v2\/product\/1755","targetHints":{"allow":["GET"]}}],"collection":[{"href":"https:\/\/www.audacieuse-galerie.ch\/de\/wp-json\/wp\/v2\/product"}],"about":[{"href":"https:\/\/www.audacieuse-galerie.ch\/de\/wp-json\/wp\/v2\/types\/product"}],"replies":[{"embeddable":true,"href":"https:\/\/www.audacieuse-galerie.ch\/de\/wp-json\/wp\/v2\/comments?post=1755"}],"version-history":[{"count":0,"href":"https:\/\/www.audacieuse-galerie.ch\/de\/wp-json\/wp\/v2\/product\/1755\/revisions"}],"wp:featuredmedia":[{"embeddable":true,"href":"https:\/\/www.audacieuse-galerie.ch\/de\/wp-json\/wp\/v2\/media\/1748"}],"wp:attachment":[{"href":"https:\/\/www.audacieuse-galerie.ch\/de\/wp-json\/wp\/v2\/media?parent=1755"}],"wp:term":[{"taxonomy":"product_brand","embeddable":true,"href":"https:\/\/www.audacieuse-galerie.ch\/de\/wp-json\/wp\/v2\/product_brand?post=1755"},{"taxonomy":"product_cat","embeddable":true,"href":"https:\/\/www.audacieuse-galerie.ch\/de\/wp-json\/wp\/v2\/product_cat?post=1755"},{"taxonomy":"product_tag","embeddable":true,"href":"https:\/\/www.audacieuse-galerie.ch\/de\/wp-json\/wp\/v2\/product_tag?post=1755"}],"curies":[{"name":"wp","href":"https:\/\/api.w.org\/{rel}","templated":true}]}}