{"id":17650,"date":"2017-06-19T10:26:26","date_gmt":"2017-06-19T08:26:26","guid":{"rendered":"https:\/\/woo.audacieuse-galerie.ch\/produit\/solve-et-coagula-2\/"},"modified":"2025-06-05T14:03:21","modified_gmt":"2025-06-05T12:03:21","slug":"solve-et-coagula-2","status":"publish","type":"product","link":"https:\/\/www.audacieuse-galerie.ch\/de\/produit\/solve-et-coagula-2\/","title":{"rendered":"Solve und Coagula"},"content":{"rendered":"<p style=\"margin-bottom:0cm;\">In Anlehnung an das XV. Arkanum des Tarot de Marseille enth\u00e4lt der Teufel (derjenige, der trennt) in sich allein und nach seinem Motto das ganze &#8222;Gro\u00dfe Werk&#8220; der traditionellen Alchemie. Symbolisch mit Yin Yang verbunden, ist es der Lebens-Tod-Zyklus, der in dieser Aufl\u00f6sung und Gerinnung symbolisiert wird. Der (al)chemische Niederschlag des Lebens in der feinstofflichen L\u00f6sung der Leere, bis er zum gel\u00f6sten Stoff zur\u00fcckkehrt. Eine Hand wird angeboten, eine Hand nimmt sie zur\u00fcck, die Wahrheit und das Geheimnis. Die prek\u00e4re Gleichgewichtsposition, in der die Bewegung des K\u00f6rpers seine volle Kontrolle und Kraft \u00fcbernimmt, um ein H\u00f6chstma\u00df an potenzieller Energie freizusetzen. Auf den Knien, durch seinen Zustand, aber die verg\u00e4nglichen Universen beherrschend.    <\/p>\n","protected":false},"excerpt":{"rendered":"<p>In Anlehnung an das XV. Arkanum des Tarot de Marseille enth\u00e4lt der Teufel (derjenige, der trennt) in sich allein und nach seinem Motto das ganze &#8222;Gro\u00dfe Werk&#8220; der traditionellen Alchemie.<\/p>\n","protected":false},"featured_media":17627,"comment_status":"open","ping_status":"closed","template":"","meta":{"_glsr_average":0,"_glsr_ranking":0,"_glsr_reviews":0,"jetpack_publicize_message":"","jetpack_publicize_feature_enabled":true,"jetpack_social_post_already_shared":true,"jetpack_social_options":{"image_generator_settings":{"template":"highway","default_image_id":0,"font":"","enabled":false},"version":2}},"product_brand":[],"product_cat":[177,111,2233,153,33,171],"product_tag":[],"class_list":{"0":"post-17650","1":"product","2":"type-product","3":"status-publish","4":"has-post-thumbnail","6":"product_cat-experimentelle-methoden","7":"product_cat-farben","8":"product_cat-fotograf-maximilien-minsk","9":"product_cat-grafik","10":"product_cat-kunst-und-fotogalerie-in-carouge-gleich-neben-genf-schweiz","11":"product_cat-kunstlerischen-aktfotografien","12":"pa_dimensions-123x140cm-de","13":"pa_encadrements-dunklesholz-de","14":"pa_encadrements-farben-de","15":"pa_encadrements-grau-de","16":"pa_encadrements-hellesholz-de","17":"pa_encadrements-keinen-de","18":"pa_encadrements-schwarz-de","19":"pa_encadrements-weiss-de","20":"pa_oeuvresnumerotees_limitees-10exemplaren-de","21":"pa_protectionfinitionsupport-druckunterglasacrylglass-de","22":"pa_protectionfinitionsupport-20-kunstpapieraufdibondr_alu-de","23":"pa_protectionfinitionsupport-e4-kunstpapieraufholzplatteu-de","24":"pa_techniquesphotographiques-alternativeprozesse-de","25":"pa_techniquesphotographiques-argentique-de","26":"pa_techniquesphotographiques-farbe-de","27":"pa_themesphotographiques-grafik-de","28":"pa_themesphotographiques-mensch-de","29":"pa_themesphotographiques-nackt-de","31":"first","32":"instock","33":"taxable","34":"shipping-taxable","35":"purchasable","36":"product-type-variable","37":"has-default-attributes"},"yoast_head":"<!-- This site is optimized with the Yoast SEO plugin v27.4 - https:\/\/yoast.com\/product\/yoast-seo-wordpress\/ -->\n<title>Solve und Coagula - Audacieuse-Galerie<\/title>\n<meta name=\"description\" content=\"Solve und Coagula - Audacieuse-Galerie\" \/>\n<meta name=\"robots\" content=\"index, follow, max-snippet:-1, max-image-preview:large, max-video-preview:-1\" \/>\n<link rel=\"canonical\" href=\"https:\/\/www.audacieuse-galerie.ch\/de\/produit\/solve-et-coagula-2\/\" \/>\n<meta property=\"og:locale\" content=\"de_DE\" \/>\n<meta property=\"og:type\" content=\"article\" \/>\n<meta property=\"og:title\" content=\"Solve und Coagula - Audacieuse-Galerie\" \/>\n<meta property=\"og:description\" content=\"Solve und Coagula - Audacieuse-Galerie\" \/>\n<meta property=\"og:url\" content=\"https:\/\/www.audacieuse-galerie.ch\/de\/produit\/solve-et-coagula-2\/\" \/>\n<meta property=\"og:site_name\" content=\"Audacieuse-Galerie\" \/>\n<meta property=\"article:publisher\" content=\"https:\/\/www.facebook.com\/audacieuse.galerie\" \/>\n<meta property=\"article:modified_time\" content=\"2025-06-05T12:03:21+00:00\" \/>\n<meta property=\"og:image\" content=\"https:\/\/www.audacieuse-galerie.ch\/wp-content\/uploads\/2017\/06\/270-Solve-et-Coagula.jpg\" \/>\n\t<meta property=\"og:image:width\" content=\"875\" \/>\n\t<meta property=\"og:image:height\" content=\"1000\" \/>\n\t<meta property=\"og:image:type\" content=\"image\/jpeg\" \/>\n<meta name=\"twitter:card\" content=\"summary_large_image\" \/>\n<meta name=\"twitter:label1\" content=\"Gesch\u00e4tzte Lesezeit\" \/>\n\t<meta name=\"twitter:data1\" content=\"1 Minute\" \/>\n<script type=\"application\/ld+json\" class=\"yoast-schema-graph\">{\"@context\":\"https:\\\/\\\/schema.org\",\"@graph\":[{\"@type\":\"ImageObject\",\"inLanguage\":\"de\",\"@id\":\"https:\\\/\\\/www.audacieuse-galerie.ch\\\/de\\\/produit\\\/solve-et-coagula-2\\\/#primaryimage\",\"url\":\"https:\\\/\\\/www.audacieuse-galerie.ch\\\/wp-content\\\/uploads\\\/2017\\\/06\\\/270-Solve-et-Coagula.jpg\",\"contentUrl\":\"https:\\\/\\\/www.audacieuse-galerie.ch\\\/wp-content\\\/uploads\\\/2017\\\/06\\\/270-Solve-et-Coagula.jpg\",\"width\":875,\"height\":1000,\"caption\":\"Solve und Coagula\"}]}<\/script>\n<!-- \/ Yoast SEO plugin. -->","yoast_head_json":{"title":"Solve und Coagula - Audacieuse-Galerie","description":"Solve und Coagula - Audacieuse-Galerie","robots":{"index":"index","follow":"follow","max-snippet":"max-snippet:-1","max-image-preview":"max-image-preview:large","max-video-preview":"max-video-preview:-1"},"canonical":"https:\/\/www.audacieuse-galerie.ch\/de\/produit\/solve-et-coagula-2\/","og_locale":"de_DE","og_type":"article","og_title":"Solve und Coagula - Audacieuse-Galerie","og_description":"Solve und Coagula - Audacieuse-Galerie","og_url":"https:\/\/www.audacieuse-galerie.ch\/de\/produit\/solve-et-coagula-2\/","og_site_name":"Audacieuse-Galerie","article_publisher":"https:\/\/www.facebook.com\/audacieuse.galerie","article_modified_time":"2025-06-05T12:03:21+00:00","og_image":[{"width":875,"height":1000,"url":"https:\/\/www.audacieuse-galerie.ch\/wp-content\/uploads\/2017\/06\/270-Solve-et-Coagula.jpg","type":"image\/jpeg"}],"twitter_card":"summary_large_image","twitter_misc":{"Gesch\u00e4tzte Lesezeit":"1 Minute"},"schema":{"@context":"https:\/\/schema.org","@graph":[{"@type":"ImageObject","inLanguage":"de","@id":"https:\/\/www.audacieuse-galerie.ch\/de\/produit\/solve-et-coagula-2\/#primaryimage","url":"https:\/\/www.audacieuse-galerie.ch\/wp-content\/uploads\/2017\/06\/270-Solve-et-Coagula.jpg","contentUrl":"https:\/\/www.audacieuse-galerie.ch\/wp-content\/uploads\/2017\/06\/270-Solve-et-Coagula.jpg","width":875,"height":1000,"caption":"Solve und Coagula"}]}},"jetpack_publicize_connections":[],"_links":{"self":[{"href":"https:\/\/www.audacieuse-galerie.ch\/de\/wp-json\/wp\/v2\/product\/17650","targetHints":{"allow":["GET"]}}],"collection":[{"href":"https:\/\/www.audacieuse-galerie.ch\/de\/wp-json\/wp\/v2\/product"}],"about":[{"href":"https:\/\/www.audacieuse-galerie.ch\/de\/wp-json\/wp\/v2\/types\/product"}],"replies":[{"embeddable":true,"href":"https:\/\/www.audacieuse-galerie.ch\/de\/wp-json\/wp\/v2\/comments?post=17650"}],"version-history":[{"count":0,"href":"https:\/\/www.audacieuse-galerie.ch\/de\/wp-json\/wp\/v2\/product\/17650\/revisions"}],"wp:featuredmedia":[{"embeddable":true,"href":"https:\/\/www.audacieuse-galerie.ch\/de\/wp-json\/wp\/v2\/media\/17627"}],"wp:attachment":[{"href":"https:\/\/www.audacieuse-galerie.ch\/de\/wp-json\/wp\/v2\/media?parent=17650"}],"wp:term":[{"taxonomy":"product_brand","embeddable":true,"href":"https:\/\/www.audacieuse-galerie.ch\/de\/wp-json\/wp\/v2\/product_brand?post=17650"},{"taxonomy":"product_cat","embeddable":true,"href":"https:\/\/www.audacieuse-galerie.ch\/de\/wp-json\/wp\/v2\/product_cat?post=17650"},{"taxonomy":"product_tag","embeddable":true,"href":"https:\/\/www.audacieuse-galerie.ch\/de\/wp-json\/wp\/v2\/product_tag?post=17650"}],"curies":[{"name":"wp","href":"https:\/\/api.w.org\/{rel}","templated":true}]}}