{"id":1774,"date":"2026-03-16T18:42:07","date_gmt":"2026-03-16T17:42:07","guid":{"rendered":"https:\/\/woo.audacieuse-galerie.ch\/?post_type=product&#038;p=1774"},"modified":"2026-04-30T13:33:34","modified_gmt":"2026-04-30T11:33:34","slug":"lange-fotoschulung-und-lesung-portfolios-in-genf","status":"publish","type":"product","link":"https:\/\/www.audacieuse-galerie.ch\/de\/produit\/lange-fotoschulung-und-lesung-portfolios-in-genf\/","title":{"rendered":"Langzeit-Einzelfoto-Ausbildung in Genf"},"content":{"rendered":"<h2>Lerne Fotografie und setze ein Stil-Statement<\/h2>\n<p><strong>Entwickle dein Auge<\/strong> und <strong>beherrsche die Fotografie<\/strong> mit umfassender Ausbildung, die darauf ausgelegt ist, schnell und effizient voranzukommen. Jede Sitzung kombiniert <strong>Praxispraxis<\/strong> und <strong>individuelle Bildanalyse, um<\/strong> Ihre Fotosession nach der anderen zu bereichern. <\/p>\n<h2>Umfassendes vierfaches Programm mit Zusatzleistungen<\/h2>\n<p>Buchen Sie alle <strong>vier Kurse<\/strong> und nutzen Sie einen <strong>bevorzugten Preis<\/strong> mit <strong>drei kostenlosen Portfolio-Lesungen<\/strong>. Dieses Angebot kann <strong>mit unseren Sondertarifen kombiniert werden<\/strong>. Das Programm umfasst:  <\/p>\n<ul>\n<li>1:00 Stunden <strong>Fotografieunterricht f\u00fcr Anf\u00e4nger;<\/strong><\/li>\n<li>1:00 Uhr <strong>Kurs zur Expertenverbesserung;<\/strong><\/li>\n<li>1:00 Uhr <strong>k\u00fcnstlerischer Projektkurs;<\/strong><\/li>\n<li>8:00 Stunden im <strong>Stadtfotografie-Kurs ODER 8:00 Uhr im Naturfotografie-Kurs Ihrer Wahl;<\/strong><\/li>\n<li>3&#215;30 Minuten <strong>Portfolio-Lesungen werden angeboten.<\/strong><\/li>\n<\/ul>\n<p>Jeder Kurs entwickelt eine Schl\u00fcsself\u00e4higkeit: Technik, Komposition, Blickrichtung und die Schaffung eindrucksvoller Bilder. <strong>Buche deinen Stundenplan f\u00fcr jeden Kurs<\/strong> entsprechend deiner Verf\u00fcgbarkeit.<\/p>\n<h2>Nutzen Sie die angebotenen Portfolio-Lesungen<\/h2>\n<p><strong>Portfolio-Lesungen<\/strong> erm\u00f6glichen es Ihnen, schnell voranzukommen. Jede 30-min\u00fctige Sitzung ist der Analyse Ihrer Bilder gewidmet. Wir identifizieren Ihre St\u00e4rken und Verbesserungsm\u00f6glichkeiten, um <strong>Ihnen praktische Ratschl\u00e4ge<\/strong> zu geben und die Koh\u00e4renz Ihrer Projekte zu st\u00e4rken.  <\/p>\n<h2>Buchen Sie jetzt Ihre Ausbildung<\/h2>\n<p><strong>Jeder Kurs wird einzeln gebucht<\/strong>. W\u00e4hlen Sie Ihre Zeitfenster und profitieren Sie von einer pers\u00f6nlichen Nachverfolgung. Diese lange Ausbildung wird ausschlie\u00dflich auf Franz\u00f6sisch unterrichtet und bietet Ihnen alle Werkzeuge, um <strong>Ihre fotografische Praxis weiterzuentwickeln<\/strong>. <strong>Verpassen Sie nicht die Gelegenheit, Lernen, Weiterentwicklung und pers\u00f6nliche Unterst\u00fctzung zu einem vorteilhaften Preis zu kombinieren!<\/strong>  <\/p>\n","protected":false},"excerpt":{"rendered":"<p>Wir bieten lange Schulungen in Ihrem eigenen Tempo an. Praktische Kurse und Portfolio-Lekt\u00fcren wechseln sich zur Verbesserung ab. Wir richten unser Fachwissen auf die fotografische F\u00e4higkeit, die Sie erwerben m\u00f6chten.  <\/p>\n","protected":false},"featured_media":1769,"comment_status":"open","ping_status":"closed","template":"","meta":{"_glsr_average":0,"_glsr_ranking":0,"_glsr_reviews":0,"jetpack_publicize_message":"","jetpack_publicize_feature_enabled":true,"jetpack_social_post_already_shared":false,"jetpack_social_options":{"image_generator_settings":{"template":"highway","default_image_id":0,"font":"","enabled":false},"version":2}},"product_brand":[],"product_cat":[180],"product_tag":[],"class_list":{"0":"post-1774","1":"product","2":"type-product","3":"status-publish","4":"has-post-thumbnail","6":"product_cat-ihr-fotokurs-in-carouge-ge","7":"pa_nombredestagiaires-1auszubildende-de","8":"pa_nombredheuresdeformation-12stunden-de","10":"first","11":"instock","12":"sale","13":"virtual","14":"taxable","15":"purchasable","16":"product-type-simple"},"yoast_head":"<!-- This site is optimized with the Yoast SEO plugin v27.5 - https:\/\/yoast.com\/product\/yoast-seo-wordpress\/ -->\n<title>Lange Ausbildung in der Fotografie bei einem Fotoprofi<\/title>\n<meta name=\"description\" content=\"Foto-Training mit 4 Einzelkursen und 3 Portfolio-Lesungen. Mach dank pers\u00f6nlicher Unterst\u00fctzung Fortschritte in deinem eigenen Tempo.\" \/>\n<meta name=\"robots\" content=\"index, follow, max-snippet:-1, max-image-preview:large, max-video-preview:-1\" \/>\n<link rel=\"canonical\" href=\"https:\/\/www.audacieuse-galerie.ch\/de\/produit\/lange-fotoschulung-und-lesung-portfolios-in-genf\/\" \/>\n<meta property=\"og:locale\" content=\"de_DE\" \/>\n<meta property=\"og:type\" content=\"article\" \/>\n<meta property=\"og:title\" content=\"Lange Ausbildung in der Fotografie bei einem Fotoprofi\" \/>\n<meta property=\"og:description\" content=\"Foto-Training mit 4 Einzelkursen und 3 Portfolio-Lesungen. Mach dank pers\u00f6nlicher Unterst\u00fctzung Fortschritte in deinem eigenen Tempo.\" \/>\n<meta property=\"og:url\" content=\"https:\/\/www.audacieuse-galerie.ch\/de\/produit\/lange-fotoschulung-und-lesung-portfolios-in-genf\/\" \/>\n<meta property=\"og:site_name\" content=\"Audacieuse-Galerie\" \/>\n<meta property=\"article:publisher\" content=\"https:\/\/www.facebook.com\/audacieuse.galerie\" \/>\n<meta property=\"article:modified_time\" content=\"2026-04-30T11:33:34+00:00\" \/>\n<meta property=\"og:image\" content=\"https:\/\/www.audacieuse-galerie.ch\/wp-content\/uploads\/2017\/03\/181-Formation-photo-longue-avec-lecture-de-portfolio.jpg\" \/>\n\t<meta property=\"og:image:width\" content=\"1000\" \/>\n\t<meta property=\"og:image:height\" content=\"694\" \/>\n\t<meta property=\"og:image:type\" content=\"image\/jpeg\" \/>\n<meta name=\"twitter:card\" content=\"summary_large_image\" \/>\n<meta name=\"twitter:label1\" content=\"Gesch\u00e4tzte Lesezeit\" \/>\n\t<meta name=\"twitter:data1\" content=\"1 Minute\" \/>\n<script type=\"application\/ld+json\" class=\"yoast-schema-graph\">{\"@context\":\"https:\\\/\\\/schema.org\",\"@graph\":[{\"@type\":\"WebPage\",\"@id\":\"https:\\\/\\\/www.audacieuse-galerie.ch\\\/de\\\/produit\\\/lange-fotoschulung-und-lesung-portfolios-in-genf\\\/\",\"url\":\"https:\\\/\\\/www.audacieuse-galerie.ch\\\/de\\\/produit\\\/lange-fotoschulung-und-lesung-portfolios-in-genf\\\/\",\"name\":\"Lange Ausbildung in der Fotografie bei einem Fotoprofi\",\"isPartOf\":{\"@id\":\"https:\\\/\\\/www.audacieuse-galerie.ch\\\/de\\\/#website\"},\"primaryImageOfPage\":{\"@id\":\"https:\\\/\\\/www.audacieuse-galerie.ch\\\/de\\\/produit\\\/lange-fotoschulung-und-lesung-portfolios-in-genf\\\/#primaryimage\"},\"image\":{\"@id\":\"https:\\\/\\\/www.audacieuse-galerie.ch\\\/de\\\/produit\\\/lange-fotoschulung-und-lesung-portfolios-in-genf\\\/#primaryimage\"},\"thumbnailUrl\":\"https:\\\/\\\/www.audacieuse-galerie.ch\\\/wp-content\\\/uploads\\\/2017\\\/03\\\/181-Formation-photo-longue-avec-lecture-de-portfolio.jpg\",\"datePublished\":\"2026-03-16T17:42:07+00:00\",\"dateModified\":\"2026-04-30T11:33:34+00:00\",\"description\":\"Foto-Training mit 4 Einzelkursen und 3 Portfolio-Lesungen. Mach dank pers\u00f6nlicher Unterst\u00fctzung Fortschritte in deinem eigenen Tempo.\",\"breadcrumb\":{\"@id\":\"https:\\\/\\\/www.audacieuse-galerie.ch\\\/de\\\/produit\\\/lange-fotoschulung-und-lesung-portfolios-in-genf\\\/#breadcrumb\"},\"inLanguage\":\"de\",\"potentialAction\":[{\"@type\":\"ReadAction\",\"target\":[\"https:\\\/\\\/www.audacieuse-galerie.ch\\\/de\\\/produit\\\/lange-fotoschulung-und-lesung-portfolios-in-genf\\\/\"]}]},{\"@type\":\"ImageObject\",\"inLanguage\":\"de\",\"@id\":\"https:\\\/\\\/www.audacieuse-galerie.ch\\\/de\\\/produit\\\/lange-fotoschulung-und-lesung-portfolios-in-genf\\\/#primaryimage\",\"url\":\"https:\\\/\\\/www.audacieuse-galerie.ch\\\/wp-content\\\/uploads\\\/2017\\\/03\\\/181-Formation-photo-longue-avec-lecture-de-portfolio.jpg\",\"contentUrl\":\"https:\\\/\\\/www.audacieuse-galerie.ch\\\/wp-content\\\/uploads\\\/2017\\\/03\\\/181-Formation-photo-longue-avec-lecture-de-portfolio.jpg\",\"width\":1000,\"height\":694,\"caption\":\"Langes Fototraining mit Portfolio-Lesen\"},{\"@type\":\"BreadcrumbList\",\"@id\":\"https:\\\/\\\/www.audacieuse-galerie.ch\\\/de\\\/produit\\\/lange-fotoschulung-und-lesung-portfolios-in-genf\\\/#breadcrumb\",\"itemListElement\":[{\"@type\":\"ListItem\",\"position\":1,\"name\":\"Heim\",\"item\":\"https:\\\/\\\/www.audacieuse-galerie.ch\\\/de\\\/startseite-demo\\\/\"},{\"@type\":\"ListItem\",\"position\":2,\"name\":\"Laden\",\"item\":\"https:\\\/\\\/www.audacieuse-galerie.ch\\\/de\\\/laden\\\/\"},{\"@type\":\"ListItem\",\"position\":3,\"name\":\"Langzeit-Einzelfoto-Ausbildung in Genf\"}]},{\"@type\":\"WebSite\",\"@id\":\"https:\\\/\\\/www.audacieuse-galerie.ch\\\/de\\\/#website\",\"url\":\"https:\\\/\\\/www.audacieuse-galerie.ch\\\/de\\\/\",\"name\":\"Audacieuse-Galerie\",\"description\":\"Mode et Images\",\"potentialAction\":[{\"@type\":\"SearchAction\",\"target\":{\"@type\":\"EntryPoint\",\"urlTemplate\":\"https:\\\/\\\/www.audacieuse-galerie.ch\\\/de\\\/?s={search_term_string}\"},\"query-input\":{\"@type\":\"PropertyValueSpecification\",\"valueRequired\":true,\"valueName\":\"search_term_string\"}}],\"inLanguage\":\"de\"}]}<\/script>\n<!-- \/ Yoast SEO plugin. -->","yoast_head_json":{"title":"Lange Ausbildung in der Fotografie bei einem Fotoprofi","description":"Foto-Training mit 4 Einzelkursen und 3 Portfolio-Lesungen. Mach dank pers\u00f6nlicher Unterst\u00fctzung Fortschritte in deinem eigenen Tempo.","robots":{"index":"index","follow":"follow","max-snippet":"max-snippet:-1","max-image-preview":"max-image-preview:large","max-video-preview":"max-video-preview:-1"},"canonical":"https:\/\/www.audacieuse-galerie.ch\/de\/produit\/lange-fotoschulung-und-lesung-portfolios-in-genf\/","og_locale":"de_DE","og_type":"article","og_title":"Lange Ausbildung in der Fotografie bei einem Fotoprofi","og_description":"Foto-Training mit 4 Einzelkursen und 3 Portfolio-Lesungen. Mach dank pers\u00f6nlicher Unterst\u00fctzung Fortschritte in deinem eigenen Tempo.","og_url":"https:\/\/www.audacieuse-galerie.ch\/de\/produit\/lange-fotoschulung-und-lesung-portfolios-in-genf\/","og_site_name":"Audacieuse-Galerie","article_publisher":"https:\/\/www.facebook.com\/audacieuse.galerie","article_modified_time":"2026-04-30T11:33:34+00:00","og_image":[{"width":1000,"height":694,"url":"https:\/\/www.audacieuse-galerie.ch\/wp-content\/uploads\/2017\/03\/181-Formation-photo-longue-avec-lecture-de-portfolio.jpg","type":"image\/jpeg"}],"twitter_card":"summary_large_image","twitter_misc":{"Gesch\u00e4tzte Lesezeit":"1 Minute"},"schema":{"@context":"https:\/\/schema.org","@graph":[{"@type":"WebPage","@id":"https:\/\/www.audacieuse-galerie.ch\/de\/produit\/lange-fotoschulung-und-lesung-portfolios-in-genf\/","url":"https:\/\/www.audacieuse-galerie.ch\/de\/produit\/lange-fotoschulung-und-lesung-portfolios-in-genf\/","name":"Lange Ausbildung in der Fotografie bei einem Fotoprofi","isPartOf":{"@id":"https:\/\/www.audacieuse-galerie.ch\/de\/#website"},"primaryImageOfPage":{"@id":"https:\/\/www.audacieuse-galerie.ch\/de\/produit\/lange-fotoschulung-und-lesung-portfolios-in-genf\/#primaryimage"},"image":{"@id":"https:\/\/www.audacieuse-galerie.ch\/de\/produit\/lange-fotoschulung-und-lesung-portfolios-in-genf\/#primaryimage"},"thumbnailUrl":"https:\/\/www.audacieuse-galerie.ch\/wp-content\/uploads\/2017\/03\/181-Formation-photo-longue-avec-lecture-de-portfolio.jpg","datePublished":"2026-03-16T17:42:07+00:00","dateModified":"2026-04-30T11:33:34+00:00","description":"Foto-Training mit 4 Einzelkursen und 3 Portfolio-Lesungen. Mach dank pers\u00f6nlicher Unterst\u00fctzung Fortschritte in deinem eigenen Tempo.","breadcrumb":{"@id":"https:\/\/www.audacieuse-galerie.ch\/de\/produit\/lange-fotoschulung-und-lesung-portfolios-in-genf\/#breadcrumb"},"inLanguage":"de","potentialAction":[{"@type":"ReadAction","target":["https:\/\/www.audacieuse-galerie.ch\/de\/produit\/lange-fotoschulung-und-lesung-portfolios-in-genf\/"]}]},{"@type":"ImageObject","inLanguage":"de","@id":"https:\/\/www.audacieuse-galerie.ch\/de\/produit\/lange-fotoschulung-und-lesung-portfolios-in-genf\/#primaryimage","url":"https:\/\/www.audacieuse-galerie.ch\/wp-content\/uploads\/2017\/03\/181-Formation-photo-longue-avec-lecture-de-portfolio.jpg","contentUrl":"https:\/\/www.audacieuse-galerie.ch\/wp-content\/uploads\/2017\/03\/181-Formation-photo-longue-avec-lecture-de-portfolio.jpg","width":1000,"height":694,"caption":"Langes Fototraining mit Portfolio-Lesen"},{"@type":"BreadcrumbList","@id":"https:\/\/www.audacieuse-galerie.ch\/de\/produit\/lange-fotoschulung-und-lesung-portfolios-in-genf\/#breadcrumb","itemListElement":[{"@type":"ListItem","position":1,"name":"Heim","item":"https:\/\/www.audacieuse-galerie.ch\/de\/startseite-demo\/"},{"@type":"ListItem","position":2,"name":"Laden","item":"https:\/\/www.audacieuse-galerie.ch\/de\/laden\/"},{"@type":"ListItem","position":3,"name":"Langzeit-Einzelfoto-Ausbildung in Genf"}]},{"@type":"WebSite","@id":"https:\/\/www.audacieuse-galerie.ch\/de\/#website","url":"https:\/\/www.audacieuse-galerie.ch\/de\/","name":"Audacieuse-Galerie","description":"Mode et Images","potentialAction":[{"@type":"SearchAction","target":{"@type":"EntryPoint","urlTemplate":"https:\/\/www.audacieuse-galerie.ch\/de\/?s={search_term_string}"},"query-input":{"@type":"PropertyValueSpecification","valueRequired":true,"valueName":"search_term_string"}}],"inLanguage":"de"}]}},"jetpack_publicize_connections":[],"_links":{"self":[{"href":"https:\/\/www.audacieuse-galerie.ch\/de\/wp-json\/wp\/v2\/product\/1774","targetHints":{"allow":["GET"]}}],"collection":[{"href":"https:\/\/www.audacieuse-galerie.ch\/de\/wp-json\/wp\/v2\/product"}],"about":[{"href":"https:\/\/www.audacieuse-galerie.ch\/de\/wp-json\/wp\/v2\/types\/product"}],"replies":[{"embeddable":true,"href":"https:\/\/www.audacieuse-galerie.ch\/de\/wp-json\/wp\/v2\/comments?post=1774"}],"version-history":[{"count":1,"href":"https:\/\/www.audacieuse-galerie.ch\/de\/wp-json\/wp\/v2\/product\/1774\/revisions"}],"predecessor-version":[{"id":155472,"href":"https:\/\/www.audacieuse-galerie.ch\/de\/wp-json\/wp\/v2\/product\/1774\/revisions\/155472"}],"wp:featuredmedia":[{"embeddable":true,"href":"https:\/\/www.audacieuse-galerie.ch\/de\/wp-json\/wp\/v2\/media\/1769"}],"wp:attachment":[{"href":"https:\/\/www.audacieuse-galerie.ch\/de\/wp-json\/wp\/v2\/media?parent=1774"}],"wp:term":[{"taxonomy":"product_brand","embeddable":true,"href":"https:\/\/www.audacieuse-galerie.ch\/de\/wp-json\/wp\/v2\/product_brand?post=1774"},{"taxonomy":"product_cat","embeddable":true,"href":"https:\/\/www.audacieuse-galerie.ch\/de\/wp-json\/wp\/v2\/product_cat?post=1774"},{"taxonomy":"product_tag","embeddable":true,"href":"https:\/\/www.audacieuse-galerie.ch\/de\/wp-json\/wp\/v2\/product_tag?post=1774"}],"curies":[{"name":"wp","href":"https:\/\/api.w.org\/{rel}","templated":true}]}}