{"id":17857,"date":"2017-06-19T23:25:53","date_gmt":"2017-06-19T21:25:53","guid":{"rendered":"https:\/\/woo.audacieuse-galerie.ch\/produit\/larme-et-l-orchidee-2\/"},"modified":"2025-04-21T21:44:00","modified_gmt":"2025-04-21T19:44:00","slug":"larme-et-l-orchidee-2","status":"publish","type":"product","link":"https:\/\/www.audacieuse-galerie.ch\/de\/produit\/larme-et-l-orchidee-2\/","title":{"rendered":"Tr\u00e4ne und Die Orchidee"},"content":{"rendered":"<p>Als Teil der Serie &#8222;Das M\u00e4dchen und der Tod&#8220; hat sie keine Nummer, die sie in der Progression einordnet! Sie ist die Seele der Serie, in jeder der Tafeln, w\u00e4hrend sie sich au\u00dferhalb von ihnen befindet. Diaphane, mit Heiligenschein und Krone, steht sie ihm gegen\u00fcber, ohne sich zu scheuen, die Frucht ihres Schmerzes anzubieten: die Tr\u00e4ne als kostbares Duellgeschenk. Tr\u00e4ne der inneren Freude und F\u00fclle oder Tr\u00e4ne des versch\u00fctteten Leidens. Das Leben in Kurzform flie\u00dft auf der Wange des Schicksals.<\/p>\n","protected":false},"excerpt":{"rendered":"<p>Diaphane, mit Heiligenschein und Krone, stellt sie sich ihr entgegen, ohne sich zu scheuen, die Frucht ihres Schmerzes anzubieten: die Tr\u00e4ne als kostbares Duellgeschenk.<\/p>\n","protected":false},"featured_media":17834,"comment_status":"open","ping_status":"closed","template":"","meta":{"_glsr_average":0,"_glsr_ranking":0,"_glsr_reviews":0,"jetpack_publicize_message":"","jetpack_publicize_feature_enabled":true,"jetpack_social_post_already_shared":true,"jetpack_social_options":{"image_generator_settings":{"template":"highway","default_image_id":0,"font":"","enabled":false},"version":2}},"product_brand":[],"product_cat":[63,177,111,2233,153,33,132],"product_tag":[],"class_list":{"0":"post-17857","1":"product","2":"type-product","3":"status-publish","4":"has-post-thumbnail","6":"product_cat-auswahlkurator","7":"product_cat-experimentelle-methoden","8":"product_cat-farben","9":"product_cat-fotograf-maximilien-minsk","10":"product_cat-grafik","11":"product_cat-kunst-und-fotogalerie-in-carouge-gleich-neben-genf-schweiz","12":"product_cat-portraets","13":"pa_dimensions-100x100cm-de","14":"pa_encadrements-dunklesholz-de","15":"pa_encadrements-farben-de","16":"pa_encadrements-grau-de","17":"pa_encadrements-hellesholz-de","18":"pa_encadrements-keinen-de","19":"pa_encadrements-schwarz-de","20":"pa_encadrements-weiss-de","21":"pa_oeuvresnumerotees_limitees-10exemplaren-de","22":"pa_protectionfinitionsupport-druckunterglasacrylglass-de","23":"pa_protectionfinitionsupport-20-kunstpapieraufdibondr_alu-de","24":"pa_protectionfinitionsupport-e4-kunstpapieraufholzplatteu-de","25":"pa_techniquesphotographiques-alternativeprozesse-de","26":"pa_techniquesphotographiques-farbe-de","27":"pa_themesphotographiques-grafik-de","28":"pa_themesphotographiques-portrat-de","30":"first","31":"instock","32":"taxable","33":"shipping-taxable","34":"purchasable","35":"product-type-variable","36":"has-default-attributes"},"yoast_head":"<!-- This site is optimized with the Yoast SEO plugin v27.4 - https:\/\/yoast.com\/product\/yoast-seo-wordpress\/ -->\n<title>Tr\u00e4ne und Die Orchidee - Audacieuse-Galerie<\/title>\n<meta name=\"description\" content=\"Tr\u00e4ne und Die Orchidee - Audacieuse-Galerie\" \/>\n<meta name=\"robots\" content=\"index, follow, max-snippet:-1, max-image-preview:large, max-video-preview:-1\" \/>\n<link rel=\"canonical\" href=\"https:\/\/www.audacieuse-galerie.ch\/de\/produit\/larme-et-l-orchidee-2\/\" \/>\n<meta property=\"og:locale\" content=\"de_DE\" \/>\n<meta property=\"og:type\" content=\"article\" \/>\n<meta property=\"og:title\" content=\"Tr\u00e4ne und Die Orchidee - Audacieuse-Galerie\" \/>\n<meta property=\"og:description\" content=\"Tr\u00e4ne und Die Orchidee - Audacieuse-Galerie\" \/>\n<meta property=\"og:url\" content=\"https:\/\/www.audacieuse-galerie.ch\/de\/produit\/larme-et-l-orchidee-2\/\" \/>\n<meta property=\"og:site_name\" content=\"Audacieuse-Galerie\" \/>\n<meta property=\"article:publisher\" content=\"https:\/\/www.facebook.com\/audacieuse.galerie\" \/>\n<meta property=\"article:modified_time\" content=\"2025-04-21T19:44:00+00:00\" \/>\n<meta property=\"og:image\" content=\"https:\/\/www.audacieuse-galerie.ch\/wp-content\/uploads\/2017\/06\/273-Larme-et-Lorchidee.jpg\" \/>\n\t<meta property=\"og:image:width\" content=\"1000\" \/>\n\t<meta property=\"og:image:height\" content=\"1000\" \/>\n\t<meta property=\"og:image:type\" content=\"image\/jpeg\" \/>\n<meta name=\"twitter:card\" content=\"summary_large_image\" \/>\n<meta name=\"twitter:label1\" content=\"Gesch\u00e4tzte Lesezeit\" \/>\n\t<meta name=\"twitter:data1\" content=\"1 Minute\" \/>\n<script type=\"application\/ld+json\" class=\"yoast-schema-graph\">{\"@context\":\"https:\\\/\\\/schema.org\",\"@graph\":[{\"@type\":\"ImageObject\",\"inLanguage\":\"de\",\"@id\":\"https:\\\/\\\/www.audacieuse-galerie.ch\\\/de\\\/produit\\\/larme-et-l-orchidee-2\\\/#primaryimage\",\"url\":\"https:\\\/\\\/www.audacieuse-galerie.ch\\\/wp-content\\\/uploads\\\/2017\\\/06\\\/273-Larme-et-Lorchidee.jpg\",\"contentUrl\":\"https:\\\/\\\/www.audacieuse-galerie.ch\\\/wp-content\\\/uploads\\\/2017\\\/06\\\/273-Larme-et-Lorchidee.jpg\",\"width\":1000,\"height\":1000}]}<\/script>\n<!-- \/ Yoast SEO plugin. -->","yoast_head_json":{"title":"Tr\u00e4ne und Die Orchidee - Audacieuse-Galerie","description":"Tr\u00e4ne und Die Orchidee - Audacieuse-Galerie","robots":{"index":"index","follow":"follow","max-snippet":"max-snippet:-1","max-image-preview":"max-image-preview:large","max-video-preview":"max-video-preview:-1"},"canonical":"https:\/\/www.audacieuse-galerie.ch\/de\/produit\/larme-et-l-orchidee-2\/","og_locale":"de_DE","og_type":"article","og_title":"Tr\u00e4ne und Die Orchidee - Audacieuse-Galerie","og_description":"Tr\u00e4ne und Die Orchidee - Audacieuse-Galerie","og_url":"https:\/\/www.audacieuse-galerie.ch\/de\/produit\/larme-et-l-orchidee-2\/","og_site_name":"Audacieuse-Galerie","article_publisher":"https:\/\/www.facebook.com\/audacieuse.galerie","article_modified_time":"2025-04-21T19:44:00+00:00","og_image":[{"width":1000,"height":1000,"url":"https:\/\/www.audacieuse-galerie.ch\/wp-content\/uploads\/2017\/06\/273-Larme-et-Lorchidee.jpg","type":"image\/jpeg"}],"twitter_card":"summary_large_image","twitter_misc":{"Gesch\u00e4tzte Lesezeit":"1 Minute"},"schema":{"@context":"https:\/\/schema.org","@graph":[{"@type":"ImageObject","inLanguage":"de","@id":"https:\/\/www.audacieuse-galerie.ch\/de\/produit\/larme-et-l-orchidee-2\/#primaryimage","url":"https:\/\/www.audacieuse-galerie.ch\/wp-content\/uploads\/2017\/06\/273-Larme-et-Lorchidee.jpg","contentUrl":"https:\/\/www.audacieuse-galerie.ch\/wp-content\/uploads\/2017\/06\/273-Larme-et-Lorchidee.jpg","width":1000,"height":1000}]}},"jetpack_publicize_connections":[],"_links":{"self":[{"href":"https:\/\/www.audacieuse-galerie.ch\/de\/wp-json\/wp\/v2\/product\/17857","targetHints":{"allow":["GET"]}}],"collection":[{"href":"https:\/\/www.audacieuse-galerie.ch\/de\/wp-json\/wp\/v2\/product"}],"about":[{"href":"https:\/\/www.audacieuse-galerie.ch\/de\/wp-json\/wp\/v2\/types\/product"}],"replies":[{"embeddable":true,"href":"https:\/\/www.audacieuse-galerie.ch\/de\/wp-json\/wp\/v2\/comments?post=17857"}],"version-history":[{"count":0,"href":"https:\/\/www.audacieuse-galerie.ch\/de\/wp-json\/wp\/v2\/product\/17857\/revisions"}],"wp:featuredmedia":[{"embeddable":true,"href":"https:\/\/www.audacieuse-galerie.ch\/de\/wp-json\/wp\/v2\/media\/17834"}],"wp:attachment":[{"href":"https:\/\/www.audacieuse-galerie.ch\/de\/wp-json\/wp\/v2\/media?parent=17857"}],"wp:term":[{"taxonomy":"product_brand","embeddable":true,"href":"https:\/\/www.audacieuse-galerie.ch\/de\/wp-json\/wp\/v2\/product_brand?post=17857"},{"taxonomy":"product_cat","embeddable":true,"href":"https:\/\/www.audacieuse-galerie.ch\/de\/wp-json\/wp\/v2\/product_cat?post=17857"},{"taxonomy":"product_tag","embeddable":true,"href":"https:\/\/www.audacieuse-galerie.ch\/de\/wp-json\/wp\/v2\/product_tag?post=17857"}],"curies":[{"name":"wp","href":"https:\/\/api.w.org\/{rel}","templated":true}]}}