{"id":1786,"date":"2017-01-12T20:23:53","date_gmt":"2017-01-12T19:23:53","guid":{"rendered":"https:\/\/woo.audacieuse-galerie.ch\/produit\/kurs-fuer-fortgeschrittene\/"},"modified":"2026-03-24T16:25:40","modified_gmt":"2026-03-24T15:25:40","slug":"kurs-fuer-fortgeschrittene","status":"publish","type":"product","link":"https:\/\/www.audacieuse-galerie.ch\/de\/produit\/kurs-fuer-fortgeschrittene\/","title":{"rendered":"Fortgeschrittener individueller Fotografiekurs"},"content":{"rendered":"<h2>Fortgeschrittener Fotokurs \u2013 Einzelsitzung (1 Stunde)<\/h2>\n<p>Dieser fortgeschrittene Fotokurs richtet sich an Fotografen, die gelassen vorankommen, ihre Praxis strukturieren und in jeder Phase des fotografischen Prozesses Selbstvertrauen gewinnen m\u00f6chten.<br \/>\nDie Sitzung ist darauf ausgelegt, fortgeschrittene Ideen auf eine klare, konkrete und sofort anwendbare Weise zug\u00e4nglich zu machen.<\/p>\n<p>Diese Unterst\u00fctzung, die in Einzelunterricht angeboten wird, erm\u00f6glicht es Ihnen, sich in Ihrem eigenen Tempo zu entwickeln, entsprechend Ihrem Niveau, Ihrer Ausr\u00fcstung und Ihren pers\u00f6nlichen oder beruflichen Zielen.<br \/>\nDie Ausbildung kann nach einem Anf\u00e4ngerkurs oder direkt absolviert werden, wenn die Grundlagen bereits erworben sind. Der Kurs wird auf Franz\u00f6sisch im Fu\u00dfg\u00e4ngerzentrum von Carouge, nahe Genf, unterrichtet. <\/p>\n<h2>Einfaches, strukturiertes und personalisiertes Lernen<\/h2>\n<p>Jede Sitzung ist auf Ihre Bed\u00fcrfnisse zugeschnitten. Das Ziel ist es, technische Entscheidungen zu vereinfachen, Ihre Organisation zu verbessern und Ihnen mehr Komfort und Freiheit zu erm\u00f6glichen. <\/p>\n<h2>Schie\u00dfen und progressive Steuerung<\/h2>\n<ul>\n<li>Organisiere deine Aufnahmen besser<\/li>\n<li>Verst\u00e4ndnis und Verbesserung seiner Zusammensetzung<\/li>\n<li>Gewinnen Sie Komfort mit Ihrer Ausr\u00fcstung<\/li>\n<li>Erstelle ein koh\u00e4rentes und lesbares Bild<\/li>\n<li>Verwenden Sie einfaches Licht, nat\u00fcrliches oder k\u00fcnstliches Licht.<\/li>\n<li>Barrierefreie Nutzung von Diffusoren und Beleuchtung<\/li>\n<li>Ann\u00e4herungsberichterstattung und Schie\u00dfen in realen Situationen<\/li>\n<li>Praktische Arbeit an einer Fotoserie<\/li>\n<li>Bildanalyse zum effizienten Fortschritt<\/li>\n<\/ul>\n<h2>Klarer Arbeitsablauf und kontrolliertes Endbild<\/h2>\n<ul>\n<li>Verst\u00e4ndnis der Rolle der Bildschirmkalibrierung<\/li>\n<li>Verwenden Sie einen einfachen und zuverl\u00e4ssigen digitalen Kanal<\/li>\n<li>Digitale Entwicklung f\u00fcr ein nat\u00fcrliches Aussehen<\/li>\n<li>Vorbereitung Ihrer Bilder f\u00fcr den Tintenstrahldruck<\/li>\n<li>Web- und Druckformate<\/li>\n<li>Klassifizieren und archivieren Sie Ihre Fotos ganz einfach<\/li>\n<li>Baue eine koh\u00e4rente und organisierte Serie auf<\/li>\n<\/ul>\n<h2>Senden Sie Ihre Bilder mit Selbstvertrauen<\/h2>\n<ul>\n<li>Verst\u00e4ndnis der Grundlagen des Urheberrechts<\/li>\n<li>Bildrechte einfach erkl\u00e4rt<\/li>\n<li>Gute Praktiken zur Verbreitung Ihrer Fotos<\/li>\n<\/ul>\n<p>Ein fortgeschrittener Fotokurs, der darauf ausgelegt ist, effektiv zu lernen, Freude an der Fotografie zu haben und konkrete Ergebnisse zu erzielen, ohne unn\u00f6tige Komplexit\u00e4t.<\/p>\n","protected":false},"excerpt":{"rendered":"<p>Machen Sie schnell Fortschritte in der Fotografie mit diesem einst\u00fcndigen Einzelkurs in Carouge. Lerne fortgeschrittene Techniken auf einfache und praktische Weise, beherrsche deine Ausr\u00fcstung, organisiere deine Aufnahmen und bereite deine Bilder f\u00fcr den Druck oder die Ausstrahlung vor. Eine ma\u00dfgeschneiderte, zug\u00e4ngliche Sitzung, um konkrete Ergebnisse aus der ersten Klasse zu erzielen.  <\/p>\n","protected":false},"featured_media":1778,"comment_status":"open","ping_status":"closed","template":"","meta":{"_glsr_average":0,"_glsr_ranking":0,"_glsr_reviews":0,"jetpack_publicize_message":"","jetpack_publicize_feature_enabled":true,"jetpack_social_post_already_shared":true,"jetpack_social_options":{"image_generator_settings":{"template":"highway","default_image_id":0,"font":"","enabled":false},"version":2}},"product_brand":[],"product_cat":[51,180],"product_tag":[],"class_list":{"0":"post-1786","1":"product","2":"type-product","3":"status-publish","4":"has-post-thumbnail","6":"product_cat-familienfotos","7":"product_cat-ihr-fotokurs-in-carouge-ge","8":"pa_nombredestagiaires-1auszubildende-de","9":"pa_nombredheuresdeformation-1stunde-de","10":"bookacti-activity","12":"first","13":"instock","14":"sale","15":"downloadable","16":"virtual","17":"taxable","18":"purchasable","19":"product-type-simple"},"yoast_head":"<!-- This site is optimized with the Yoast SEO plugin v27.4 - https:\/\/yoast.com\/product\/yoast-seo-wordpress\/ -->\n<title>Fortgeschrittener Einzelfotokurs in Carouge. Expertentechniken.<\/title>\n<meta name=\"description\" content=\"Vertiefen Sie Ihre Praxis mit einem fortgeschrittenen, klaren und effektiven Fotokurs. Endg\u00fcltiges Bild gemastert. Eine ma\u00dfgeschneiderte und zug\u00e4ngliche Sitzung.\" \/>\n<meta name=\"robots\" content=\"index, follow, max-snippet:-1, max-image-preview:large, max-video-preview:-1\" \/>\n<link rel=\"canonical\" href=\"https:\/\/www.audacieuse-galerie.ch\/de\/produit\/kurs-fuer-fortgeschrittene\/\" \/>\n<meta property=\"og:locale\" content=\"de_DE\" \/>\n<meta property=\"og:type\" content=\"article\" \/>\n<meta property=\"og:title\" content=\"Fortgeschrittener Einzelfotokurs in Carouge. Expertentechniken.\" \/>\n<meta property=\"og:description\" content=\"Vertiefen Sie Ihre Praxis mit einem fortgeschrittenen, klaren und effektiven Fotokurs. Endg\u00fcltiges Bild gemastert. Eine ma\u00dfgeschneiderte und zug\u00e4ngliche Sitzung.\" \/>\n<meta property=\"og:url\" content=\"https:\/\/www.audacieuse-galerie.ch\/de\/produit\/kurs-fuer-fortgeschrittene\/\" \/>\n<meta property=\"og:site_name\" content=\"Audacieuse-Galerie\" \/>\n<meta property=\"article:publisher\" content=\"https:\/\/www.facebook.com\/audacieuse.galerie\" \/>\n<meta property=\"article:modified_time\" content=\"2026-03-24T15:25:40+00:00\" \/>\n<meta property=\"og:image\" content=\"https:\/\/www.audacieuse-galerie.ch\/wp-content\/uploads\/2017\/01\/185-Cours-avance-en-photographie.jpg\" \/>\n\t<meta property=\"og:image:width\" content=\"1000\" \/>\n\t<meta property=\"og:image:height\" content=\"788\" \/>\n\t<meta property=\"og:image:type\" content=\"image\/jpeg\" \/>\n<meta name=\"twitter:card\" content=\"summary_large_image\" \/>\n<meta name=\"twitter:label1\" content=\"Gesch\u00e4tzte Lesezeit\" \/>\n\t<meta name=\"twitter:data1\" content=\"2 Minuten\" \/>\n<script type=\"application\/ld+json\" class=\"yoast-schema-graph\">{\"@context\":\"https:\\\/\\\/schema.org\",\"@graph\":[{\"@type\":\"ImageObject\",\"inLanguage\":\"de\",\"@id\":\"https:\\\/\\\/www.audacieuse-galerie.ch\\\/de\\\/produit\\\/kurs-fuer-fortgeschrittene\\\/#primaryimage\",\"url\":\"https:\\\/\\\/www.audacieuse-galerie.ch\\\/wp-content\\\/uploads\\\/2017\\\/01\\\/185-Cours-avance-en-photographie.jpg\",\"contentUrl\":\"https:\\\/\\\/www.audacieuse-galerie.ch\\\/wp-content\\\/uploads\\\/2017\\\/01\\\/185-Cours-avance-en-photographie.jpg\",\"width\":1000,\"height\":788,\"caption\":\"Aufbaukurs Fotografie\"}]}<\/script>\n<!-- \/ Yoast SEO plugin. -->","yoast_head_json":{"title":"Fortgeschrittener Einzelfotokurs in Carouge. Expertentechniken.","description":"Vertiefen Sie Ihre Praxis mit einem fortgeschrittenen, klaren und effektiven Fotokurs. Endg\u00fcltiges Bild gemastert. Eine ma\u00dfgeschneiderte und zug\u00e4ngliche Sitzung.","robots":{"index":"index","follow":"follow","max-snippet":"max-snippet:-1","max-image-preview":"max-image-preview:large","max-video-preview":"max-video-preview:-1"},"canonical":"https:\/\/www.audacieuse-galerie.ch\/de\/produit\/kurs-fuer-fortgeschrittene\/","og_locale":"de_DE","og_type":"article","og_title":"Fortgeschrittener Einzelfotokurs in Carouge. Expertentechniken.","og_description":"Vertiefen Sie Ihre Praxis mit einem fortgeschrittenen, klaren und effektiven Fotokurs. Endg\u00fcltiges Bild gemastert. Eine ma\u00dfgeschneiderte und zug\u00e4ngliche Sitzung.","og_url":"https:\/\/www.audacieuse-galerie.ch\/de\/produit\/kurs-fuer-fortgeschrittene\/","og_site_name":"Audacieuse-Galerie","article_publisher":"https:\/\/www.facebook.com\/audacieuse.galerie","article_modified_time":"2026-03-24T15:25:40+00:00","og_image":[{"width":1000,"height":788,"url":"https:\/\/www.audacieuse-galerie.ch\/wp-content\/uploads\/2017\/01\/185-Cours-avance-en-photographie.jpg","type":"image\/jpeg"}],"twitter_card":"summary_large_image","twitter_misc":{"Gesch\u00e4tzte Lesezeit":"2 Minuten"},"schema":{"@context":"https:\/\/schema.org","@graph":[{"@type":"ImageObject","inLanguage":"de","@id":"https:\/\/www.audacieuse-galerie.ch\/de\/produit\/kurs-fuer-fortgeschrittene\/#primaryimage","url":"https:\/\/www.audacieuse-galerie.ch\/wp-content\/uploads\/2017\/01\/185-Cours-avance-en-photographie.jpg","contentUrl":"https:\/\/www.audacieuse-galerie.ch\/wp-content\/uploads\/2017\/01\/185-Cours-avance-en-photographie.jpg","width":1000,"height":788,"caption":"Aufbaukurs Fotografie"}]}},"jetpack_publicize_connections":[],"_links":{"self":[{"href":"https:\/\/www.audacieuse-galerie.ch\/de\/wp-json\/wp\/v2\/product\/1786","targetHints":{"allow":["GET"]}}],"collection":[{"href":"https:\/\/www.audacieuse-galerie.ch\/de\/wp-json\/wp\/v2\/product"}],"about":[{"href":"https:\/\/www.audacieuse-galerie.ch\/de\/wp-json\/wp\/v2\/types\/product"}],"replies":[{"embeddable":true,"href":"https:\/\/www.audacieuse-galerie.ch\/de\/wp-json\/wp\/v2\/comments?post=1786"}],"version-history":[{"count":0,"href":"https:\/\/www.audacieuse-galerie.ch\/de\/wp-json\/wp\/v2\/product\/1786\/revisions"}],"wp:featuredmedia":[{"embeddable":true,"href":"https:\/\/www.audacieuse-galerie.ch\/de\/wp-json\/wp\/v2\/media\/1778"}],"wp:attachment":[{"href":"https:\/\/www.audacieuse-galerie.ch\/de\/wp-json\/wp\/v2\/media?parent=1786"}],"wp:term":[{"taxonomy":"product_brand","embeddable":true,"href":"https:\/\/www.audacieuse-galerie.ch\/de\/wp-json\/wp\/v2\/product_brand?post=1786"},{"taxonomy":"product_cat","embeddable":true,"href":"https:\/\/www.audacieuse-galerie.ch\/de\/wp-json\/wp\/v2\/product_cat?post=1786"},{"taxonomy":"product_tag","embeddable":true,"href":"https:\/\/www.audacieuse-galerie.ch\/de\/wp-json\/wp\/v2\/product_tag?post=1786"}],"curies":[{"name":"wp","href":"https:\/\/api.w.org\/{rel}","templated":true}]}}